{"id":7626,"date":"2026-03-03T09:44:15","date_gmt":"2026-03-03T09:44:15","guid":{"rendered":"https:\/\/forotf.com\/?post_type=product&#038;p=7626"},"modified":"2026-03-03T10:50:21","modified_gmt":"2026-03-03T10:50:21","slug":"especializacion-en-cuidados-sin-sujeciones-medidas-alternativas-basadas-en-la-acp","status":"publish","type":"product","link":"https:\/\/forotf.com\/pt_pt\/curso\/especializacion-en-cuidados-sin-sujeciones-medidas-alternativas-basadas-en-la-acp\/","title":{"rendered":"Especializaci\u00f3n en cuidados sin sujeciones. Medidas alternativas basadas en la ACP"},"content":{"rendered":"<p data-start=\"90\" data-end=\"547\">El curso de <strong data-start=\"102\" data-end=\"129\">Cuidados Sin Sujeciones<\/strong> ofrece una formaci\u00f3n especializada para transformar el modelo asistencial hacia una atenci\u00f3n m\u00e1s humana, \u00e9tica y centrada en la persona. A trav\u00e9s del enfoque de Atenci\u00f3n Centrada en la Persona (ACP), el alumnado aprender\u00e1 a eliminar el uso de sujeciones f\u00edsicas y farmacol\u00f3gicas, aplicando alternativas basadas en evidencia cient\u00edfica que garantizan la dignidad, la autonom\u00eda y los derechos de las personas atendidas.<\/p>\n<p data-start=\"549\" data-end=\"991\">Durante la formaci\u00f3n, se abordar\u00e1n el marco \u00e9tico y legal, el an\u00e1lisis funcional de la conducta y el dise\u00f1o de planes individualizados, proporcionando herramientas pr\u00e1cticas para intervenir de forma segura ante conductas de riesgo sin recurrir a medidas restrictivas. Adem\u00e1s, se trabajar\u00e1 la gesti\u00f3n del cambio y la implantaci\u00f3n progresiva del modelo en centros y servicios, fomentando una cultura organizativa comprometida con el buen trato.<\/p>\n<p data-start=\"993\" data-end=\"1152\" data-is-last-node=\"\" data-is-only-node=\"\">Una formaci\u00f3n clave para equipos interdisciplinares que apuestan por la calidad asistencial, la innovaci\u00f3n y el respeto como pilares fundamentales del cuidado.<\/p>","protected":false},"excerpt":{"rendered":"<p>El curso de <strong data-start=\"102\" data-end=\"129\">Cuidados Sin Sujeciones<\/strong> ofrece una formaci\u00f3n especializada para transformar el modelo asistencial hacia una atenci\u00f3n m\u00e1s humana, \u00e9tica y centrada en la persona. A trav\u00e9s del enfoque de Atenci\u00f3n Centrada en la Persona (ACP), el alumnado aprender\u00e1 a eliminar el uso de sujeciones f\u00edsicas y farmacol\u00f3gicas, aplicando alternativas basadas en evidencia cient\u00edfica que garantizan la dignidad, la autonom\u00eda y los derechos de las personas atendidas.<\/p>","protected":false},"featured_media":7627,"comment_status":"closed","ping_status":"closed","template":"","meta":{"codigo-servicio":"2385-A","costo-gestion":"10.89"},"product_brand":[],"product_cat":[15],"product_tag":[],"class_list":{"0":"post-7626","1":"product","2":"type-product","3":"status-publish","4":"has-post-thumbnail","6":"product_cat-uncategorized","8":"first","9":"instock","10":"shipping-taxable","11":"purchasable","12":"product-type-simple"},"pp_statuses_selecting_workflow":false,"pp_workflow_action":"current","pp_status_selection":"publish","yoast_head":"<!-- This site is optimized with the Yoast SEO plugin v27.3 - https:\/\/yoast.com\/product\/yoast-seo-wordpress\/ -->\n<title>Curso de Especializaci\u00f3n en cuidados sin sujeciones. Medidas alternativas basadas en la ACP | Foro T\u00e9cnico de Formaci\u00f3n<\/title>\n<meta name=\"description\" content=\"Potencia tu conocimiento con nuestro curso Especializaci\u00f3n en cuidados sin sujeciones. Medidas alternativas basadas en la ACP. Descubre, aprende y crece con Foro T\u00e9cnico de Formaci\u00f3n.\" \/>\n<meta name=\"robots\" content=\"index, follow, max-snippet:-1, max-image-preview:large, max-video-preview:-1\" \/>\n<link rel=\"canonical\" href=\"https:\/\/forotf.com\/pt_pt\/curso\/especializacion-en-cuidados-sin-sujeciones-medidas-alternativas-basadas-en-la-acp\/\" \/>\n<meta property=\"og:locale\" content=\"pt_PT\" \/>\n<meta property=\"og:type\" content=\"article\" \/>\n<meta property=\"og:title\" content=\"Curso de Especializaci\u00f3n en cuidados sin sujeciones. Medidas alternativas basadas en la ACP | Foro T\u00e9cnico de Formaci\u00f3n\" \/>\n<meta property=\"og:description\" content=\"Potencia tu conocimiento con nuestro curso Especializaci\u00f3n en cuidados sin sujeciones. Medidas alternativas basadas en la ACP. Descubre, aprende y crece con Foro T\u00e9cnico de Formaci\u00f3n.\" \/>\n<meta property=\"og:url\" content=\"https:\/\/forotf.com\/pt_pt\/curso\/especializacion-en-cuidados-sin-sujeciones-medidas-alternativas-basadas-en-la-acp\/\" \/>\n<meta property=\"og:site_name\" content=\"Foro T\u00e9cnico de Formaci\u00f3n\" \/>\n<meta property=\"article:publisher\" content=\"https:\/\/es-es.facebook.com\/forotf\/\" \/>\n<meta property=\"article:modified_time\" content=\"2026-03-03T10:50:21+00:00\" \/>\n<meta property=\"og:image\" content=\"https:\/\/forotf.com\/wp-content\/uploads\/2026\/03\/cuidado-libre-de-sujeciones-1024x682-1.jpg\" \/>\n\t<meta property=\"og:image:width\" content=\"1024\" \/>\n\t<meta property=\"og:image:height\" content=\"682\" \/>\n\t<meta property=\"og:image:type\" content=\"image\/jpeg\" \/>\n<meta name=\"twitter:card\" content=\"summary_large_image\" \/>\n<script type=\"application\/ld+json\" class=\"yoast-schema-graph\">{\"@context\":\"https:\\\/\\\/schema.org\",\"@graph\":[{\"@type\":\"WebPage\",\"@id\":\"https:\\\/\\\/forotf.com\\\/curso\\\/especializacion-en-cuidados-sin-sujeciones-medidas-alternativas-basadas-en-la-acp\\\/\",\"url\":\"https:\\\/\\\/forotf.com\\\/curso\\\/especializacion-en-cuidados-sin-sujeciones-medidas-alternativas-basadas-en-la-acp\\\/\",\"name\":\"Curso de Especializaci\u00f3n en cuidados sin sujeciones. Medidas alternativas basadas en la ACP | Foro T\u00e9cnico de Formaci\u00f3n\",\"isPartOf\":{\"@id\":\"http:\\\/\\\/forotf.com\\\/pt\\\/#website\"},\"primaryImageOfPage\":{\"@id\":\"https:\\\/\\\/forotf.com\\\/curso\\\/especializacion-en-cuidados-sin-sujeciones-medidas-alternativas-basadas-en-la-acp\\\/#primaryimage\"},\"image\":{\"@id\":\"https:\\\/\\\/forotf.com\\\/curso\\\/especializacion-en-cuidados-sin-sujeciones-medidas-alternativas-basadas-en-la-acp\\\/#primaryimage\"},\"thumbnailUrl\":\"https:\\\/\\\/forotf.com\\\/wp-content\\\/uploads\\\/2026\\\/03\\\/cuidado-libre-de-sujeciones-1024x682-1.jpg\",\"datePublished\":\"2026-03-03T09:44:15+00:00\",\"dateModified\":\"2026-03-03T10:50:21+00:00\",\"description\":\"Potencia tu conocimiento con nuestro curso Especializaci\u00f3n en cuidados sin sujeciones. Medidas alternativas basadas en la ACP. Descubre, aprende y crece con Foro T\u00e9cnico de Formaci\u00f3n.\",\"breadcrumb\":{\"@id\":\"https:\\\/\\\/forotf.com\\\/curso\\\/especializacion-en-cuidados-sin-sujeciones-medidas-alternativas-basadas-en-la-acp\\\/#breadcrumb\"},\"inLanguage\":\"pt-PT\",\"potentialAction\":[{\"@type\":\"ReadAction\",\"target\":[\"https:\\\/\\\/forotf.com\\\/curso\\\/especializacion-en-cuidados-sin-sujeciones-medidas-alternativas-basadas-en-la-acp\\\/\"]}]},{\"@type\":\"ImageObject\",\"inLanguage\":\"pt-PT\",\"@id\":\"https:\\\/\\\/forotf.com\\\/curso\\\/especializacion-en-cuidados-sin-sujeciones-medidas-alternativas-basadas-en-la-acp\\\/#primaryimage\",\"url\":\"https:\\\/\\\/forotf.com\\\/wp-content\\\/uploads\\\/2026\\\/03\\\/cuidado-libre-de-sujeciones-1024x682-1.jpg\",\"contentUrl\":\"https:\\\/\\\/forotf.com\\\/wp-content\\\/uploads\\\/2026\\\/03\\\/cuidado-libre-de-sujeciones-1024x682-1.jpg\",\"width\":1024,\"height\":682},{\"@type\":\"BreadcrumbList\",\"@id\":\"https:\\\/\\\/forotf.com\\\/curso\\\/especializacion-en-cuidados-sin-sujeciones-medidas-alternativas-basadas-en-la-acp\\\/#breadcrumb\",\"itemListElement\":[{\"@type\":\"ListItem\",\"position\":1,\"name\":\"Inicio\",\"item\":\"https:\\\/\\\/forotf.com\\\/\"},{\"@type\":\"ListItem\",\"position\":2,\"name\":\"Cursos\",\"item\":\"https:\\\/\\\/forotf.com\\\/cursos\\\/\"},{\"@type\":\"ListItem\",\"position\":3,\"name\":\"Uncategorized\",\"item\":\"http:\\\/\\\/forotf.com\\\/pt\\\/product-category\\\/uncategorized\\\/\"},{\"@type\":\"ListItem\",\"position\":4,\"name\":\"Especializaci\u00f3n en cuidados sin sujeciones. Medidas alternativas basadas en la ACP\"}]},{\"@type\":\"WebSite\",\"@id\":\"http:\\\/\\\/forotf.com\\\/pt\\\/#website\",\"url\":\"http:\\\/\\\/forotf.com\\\/pt\\\/\",\"name\":\"Foro T\u00e9cnico de Formaci\u00f3n\",\"description\":\"Formaci\u00f3n para Empresas\",\"publisher\":{\"@id\":\"http:\\\/\\\/forotf.com\\\/pt\\\/#organization\"},\"alternateName\":\"FTF\",\"potentialAction\":[{\"@type\":\"SearchAction\",\"target\":{\"@type\":\"EntryPoint\",\"urlTemplate\":\"http:\\\/\\\/forotf.com\\\/pt\\\/?s={search_term_string}\"},\"query-input\":{\"@type\":\"PropertyValueSpecification\",\"valueRequired\":true,\"valueName\":\"search_term_string\"}}],\"inLanguage\":\"pt-PT\"},{\"@type\":\"Organization\",\"@id\":\"http:\\\/\\\/forotf.com\\\/pt\\\/#organization\",\"name\":\"Foro T\u00e9cnico de Formaci\u00f3n\",\"alternateName\":\"FTF\",\"url\":\"http:\\\/\\\/forotf.com\\\/pt\\\/\",\"logo\":{\"@type\":\"ImageObject\",\"inLanguage\":\"pt-PT\",\"@id\":\"http:\\\/\\\/forotf.com\\\/pt\\\/#\\\/schema\\\/logo\\\/image\\\/\",\"url\":\"https:\\\/\\\/forotf.com\\\/wp-content\\\/uploads\\\/2024\\\/02\\\/Oficial-Logo-FTF-Color.svg\",\"contentUrl\":\"https:\\\/\\\/forotf.com\\\/wp-content\\\/uploads\\\/2024\\\/02\\\/Oficial-Logo-FTF-Color.svg\",\"width\":794,\"height\":212,\"caption\":\"Foro T\u00e9cnico de Formaci\u00f3n\"},\"image\":{\"@id\":\"http:\\\/\\\/forotf.com\\\/pt\\\/#\\\/schema\\\/logo\\\/image\\\/\"},\"sameAs\":[\"https:\\\/\\\/es-es.facebook.com\\\/forotf\\\/\",\"https:\\\/\\\/www.instagram.com\\\/ftformacion\\\/?igshid=MWZjMTM2ODFkZg==\",\"https:\\\/\\\/www.linkedin.com\\\/company\\\/foro-tecnico-de-formacion\\\/?originalSubdomain=es\",\"https:\\\/\\\/www.youtube.com\\\/channel\\\/UCTzzsDUdLaZtfAGiP_ipLIg\"]}]}<\/script>\n<!-- \/ Yoast SEO plugin. -->","yoast_head_json":{"title":"Curso de Especializaci\u00f3n en cuidados sin sujeciones. Medidas alternativas basadas en la ACP | Foro T\u00e9cnico de Formaci\u00f3n","description":"Potencia tu conocimiento con nuestro curso Especializaci\u00f3n en cuidados sin sujeciones. Medidas alternativas basadas en la ACP. Descubre, aprende y crece con Foro T\u00e9cnico de Formaci\u00f3n.","robots":{"index":"index","follow":"follow","max-snippet":"max-snippet:-1","max-image-preview":"max-image-preview:large","max-video-preview":"max-video-preview:-1"},"canonical":"https:\/\/forotf.com\/pt_pt\/curso\/especializacion-en-cuidados-sin-sujeciones-medidas-alternativas-basadas-en-la-acp\/","og_locale":"pt_PT","og_type":"article","og_title":"Curso de Especializaci\u00f3n en cuidados sin sujeciones. Medidas alternativas basadas en la ACP | Foro T\u00e9cnico de Formaci\u00f3n","og_description":"Potencia tu conocimiento con nuestro curso Especializaci\u00f3n en cuidados sin sujeciones. Medidas alternativas basadas en la ACP. Descubre, aprende y crece con Foro T\u00e9cnico de Formaci\u00f3n.","og_url":"https:\/\/forotf.com\/pt_pt\/curso\/especializacion-en-cuidados-sin-sujeciones-medidas-alternativas-basadas-en-la-acp\/","og_site_name":"Foro T\u00e9cnico de Formaci\u00f3n","article_publisher":"https:\/\/es-es.facebook.com\/forotf\/","article_modified_time":"2026-03-03T10:50:21+00:00","og_image":[{"width":1024,"height":682,"url":"https:\/\/forotf.com\/wp-content\/uploads\/2026\/03\/cuidado-libre-de-sujeciones-1024x682-1.jpg","type":"image\/jpeg"}],"twitter_card":"summary_large_image","schema":{"@context":"https:\/\/schema.org","@graph":[{"@type":"WebPage","@id":"https:\/\/forotf.com\/curso\/especializacion-en-cuidados-sin-sujeciones-medidas-alternativas-basadas-en-la-acp\/","url":"https:\/\/forotf.com\/curso\/especializacion-en-cuidados-sin-sujeciones-medidas-alternativas-basadas-en-la-acp\/","name":"Curso de Especializaci\u00f3n en cuidados sin sujeciones. Medidas alternativas basadas en la ACP | Foro T\u00e9cnico de Formaci\u00f3n","isPartOf":{"@id":"http:\/\/forotf.com\/pt\/#website"},"primaryImageOfPage":{"@id":"https:\/\/forotf.com\/curso\/especializacion-en-cuidados-sin-sujeciones-medidas-alternativas-basadas-en-la-acp\/#primaryimage"},"image":{"@id":"https:\/\/forotf.com\/curso\/especializacion-en-cuidados-sin-sujeciones-medidas-alternativas-basadas-en-la-acp\/#primaryimage"},"thumbnailUrl":"https:\/\/forotf.com\/wp-content\/uploads\/2026\/03\/cuidado-libre-de-sujeciones-1024x682-1.jpg","datePublished":"2026-03-03T09:44:15+00:00","dateModified":"2026-03-03T10:50:21+00:00","description":"Potencia tu conocimiento con nuestro curso Especializaci\u00f3n en cuidados sin sujeciones. Medidas alternativas basadas en la ACP. Descubre, aprende y crece con Foro T\u00e9cnico de Formaci\u00f3n.","breadcrumb":{"@id":"https:\/\/forotf.com\/curso\/especializacion-en-cuidados-sin-sujeciones-medidas-alternativas-basadas-en-la-acp\/#breadcrumb"},"inLanguage":"pt-PT","potentialAction":[{"@type":"ReadAction","target":["https:\/\/forotf.com\/curso\/especializacion-en-cuidados-sin-sujeciones-medidas-alternativas-basadas-en-la-acp\/"]}]},{"@type":"ImageObject","inLanguage":"pt-PT","@id":"https:\/\/forotf.com\/curso\/especializacion-en-cuidados-sin-sujeciones-medidas-alternativas-basadas-en-la-acp\/#primaryimage","url":"https:\/\/forotf.com\/wp-content\/uploads\/2026\/03\/cuidado-libre-de-sujeciones-1024x682-1.jpg","contentUrl":"https:\/\/forotf.com\/wp-content\/uploads\/2026\/03\/cuidado-libre-de-sujeciones-1024x682-1.jpg","width":1024,"height":682},{"@type":"BreadcrumbList","@id":"https:\/\/forotf.com\/curso\/especializacion-en-cuidados-sin-sujeciones-medidas-alternativas-basadas-en-la-acp\/#breadcrumb","itemListElement":[{"@type":"ListItem","position":1,"name":"Inicio","item":"https:\/\/forotf.com\/"},{"@type":"ListItem","position":2,"name":"Cursos","item":"https:\/\/forotf.com\/cursos\/"},{"@type":"ListItem","position":3,"name":"Uncategorized","item":"http:\/\/forotf.com\/pt\/product-category\/uncategorized\/"},{"@type":"ListItem","position":4,"name":"Especializaci\u00f3n en cuidados sin sujeciones. Medidas alternativas basadas en la ACP"}]},{"@type":"WebSite","@id":"http:\/\/forotf.com\/pt\/#website","url":"http:\/\/forotf.com\/pt\/","name":"F\u00f3rum de Treinamento T\u00e9cnico","description":"Treinamento para Empresas","publisher":{"@id":"http:\/\/forotf.com\/pt\/#organization"},"alternateName":"FTF","potentialAction":[{"@type":"SearchAction","target":{"@type":"EntryPoint","urlTemplate":"http:\/\/forotf.com\/pt\/?s={search_term_string}"},"query-input":{"@type":"PropertyValueSpecification","valueRequired":true,"valueName":"search_term_string"}}],"inLanguage":"pt-PT"},{"@type":"Organization","@id":"http:\/\/forotf.com\/pt\/#organization","name":"F\u00f3rum de Treinamento T\u00e9cnico","alternateName":"FTF","url":"http:\/\/forotf.com\/pt\/","logo":{"@type":"ImageObject","inLanguage":"pt-PT","@id":"http:\/\/forotf.com\/pt\/#\/schema\/logo\/image\/","url":"https:\/\/forotf.com\/wp-content\/uploads\/2024\/02\/Oficial-Logo-FTF-Color.svg","contentUrl":"https:\/\/forotf.com\/wp-content\/uploads\/2024\/02\/Oficial-Logo-FTF-Color.svg","width":794,"height":212,"caption":"Foro T\u00e9cnico de Formaci\u00f3n"},"image":{"@id":"http:\/\/forotf.com\/pt\/#\/schema\/logo\/image\/"},"sameAs":["https:\/\/es-es.facebook.com\/forotf\/","https:\/\/www.instagram.com\/ftformacion\/?igshid=MWZjMTM2ODFkZg==","https:\/\/www.linkedin.com\/company\/foro-tecnico-de-formacion\/?originalSubdomain=es","https:\/\/www.youtube.com\/channel\/UCTzzsDUdLaZtfAGiP_ipLIg"]}]}},"publishpress_future_workflow_manual_trigger":{"enabledWorkflows":[]},"_links":{"self":[{"href":"https:\/\/forotf.com\/pt_pt\/wp-json\/wp\/v2\/product\/7626","targetHints":{"allow":["GET"]}}],"collection":[{"href":"https:\/\/forotf.com\/pt_pt\/wp-json\/wp\/v2\/product"}],"about":[{"href":"https:\/\/forotf.com\/pt_pt\/wp-json\/wp\/v2\/types\/product"}],"replies":[{"embeddable":true,"href":"https:\/\/forotf.com\/pt_pt\/wp-json\/wp\/v2\/comments?post=7626"}],"wp:featuredmedia":[{"embeddable":true,"href":"https:\/\/forotf.com\/pt_pt\/wp-json\/wp\/v2\/media\/7627"}],"wp:attachment":[{"href":"https:\/\/forotf.com\/pt_pt\/wp-json\/wp\/v2\/media?parent=7626"}],"wp:term":[{"taxonomy":"product_brand","embeddable":true,"href":"https:\/\/forotf.com\/pt_pt\/wp-json\/wp\/v2\/product_brand?post=7626"},{"taxonomy":"product_cat","embeddable":true,"href":"https:\/\/forotf.com\/pt_pt\/wp-json\/wp\/v2\/product_cat?post=7626"},{"taxonomy":"product_tag","embeddable":true,"href":"https:\/\/forotf.com\/pt_pt\/wp-json\/wp\/v2\/product_tag?post=7626"}],"curies":[{"name":"wp","href":"https:\/\/api.w.org\/{rel}","templated":true}]}}