{"id":7623,"date":"2026-03-03T09:15:23","date_gmt":"2026-03-03T09:15:23","guid":{"rendered":"https:\/\/forotf.com\/?post_type=product&#038;p=7623"},"modified":"2026-03-03T09:15:23","modified_gmt":"2026-03-03T09:15:23","slug":"primeros-auxilios-en-sad","status":"publish","type":"product","link":"https:\/\/forotf.com\/pt_pt\/curso\/primeros-auxilios-en-sad\/","title":{"rendered":"Primeros auxilios en SAD"},"content":{"rendered":"<p data-start=\"195\" data-end=\"577\">La formaci\u00f3n en <strong data-start=\"211\" data-end=\"236\">Primeros Auxilios SAD<\/strong> es una herramienta fundamental para actuar de manera r\u00e1pida, segura y eficaz ante situaciones de emergencia. Este curso proporciona los conocimientos y habilidades esenciales para identificar las t\u00e9cnicas m\u00e1s habituales de primeros auxilios y aplicarlas correctamente, minimizando riesgos y posibles complicaciones para la persona afectada.<\/p>\n<p data-start=\"579\" data-end=\"993\">A lo largo del programa, el alumnado aprender\u00e1 a intervenir ante heridas, quemaduras, traumatismos, asfixias, intoxicaciones y otras situaciones cr\u00edticas, as\u00ed como a reconocer los signos de una parada cardiorrespiratoria y aplicar correctamente la reanimaci\u00f3n cardiopulmonar (RCP) b\u00e1sica. Adem\u00e1s, se formar\u00e1 en el manejo del DESA y en la generaci\u00f3n de entornos seguros hasta la llegada de los servicios sanitarios.<\/p>\n<p data-start=\"995\" data-end=\"1283\" data-is-last-node=\"\" data-is-only-node=\"\">Esta formaci\u00f3n resulta especialmente relevante para profesionales del \u00e1mbito sociosanitario y cualquier persona interesada en adquirir competencias pr\u00e1cticas que pueden marcar la diferencia en una situaci\u00f3n de emergencia, aportando seguridad, confianza y capacidad de respuesta inmediata.<\/p>","protected":false},"excerpt":{"rendered":"<p>La formaci\u00f3n en <strong data-start=\"211\" data-end=\"236\">Primeros Auxilios SAD<\/strong> es una herramienta fundamental para actuar de manera r\u00e1pida, segura y eficaz ante situaciones de emergencia. Este curso proporciona los conocimientos y habilidades esenciales para identificar las t\u00e9cnicas m\u00e1s habituales de primeros auxilios y aplicarlas correctamente, minimizando riesgos y posibles complicaciones para la persona afectada.<\/p>","protected":false},"featured_media":7624,"comment_status":"closed","ping_status":"closed","template":"","meta":{"codigo-servicio":"2012- E","costo-gestion":"5.45"},"product_brand":[],"product_cat":[15],"product_tag":[],"class_list":{"0":"post-7623","1":"product","2":"type-product","3":"status-publish","4":"has-post-thumbnail","6":"product_cat-uncategorized","8":"first","9":"instock","10":"shipping-taxable","11":"purchasable","12":"product-type-simple"},"pp_statuses_selecting_workflow":false,"pp_workflow_action":"current","pp_status_selection":"publish","yoast_head":"<!-- This site is optimized with the Yoast SEO plugin v27.3 - https:\/\/yoast.com\/product\/yoast-seo-wordpress\/ -->\n<title>Curso de Primeros auxilios en SAD | Foro T\u00e9cnico de Formaci\u00f3n<\/title>\n<meta name=\"description\" content=\"Potencia tu conocimiento con nuestro curso Primeros auxilios en SAD. Descubre, aprende y crece con Foro T\u00e9cnico de Formaci\u00f3n.\" \/>\n<meta name=\"robots\" content=\"index, follow, max-snippet:-1, max-image-preview:large, max-video-preview:-1\" \/>\n<link rel=\"canonical\" href=\"https:\/\/forotf.com\/pt_pt\/curso\/primeros-auxilios-en-sad\/\" \/>\n<meta property=\"og:locale\" content=\"pt_PT\" \/>\n<meta property=\"og:type\" content=\"article\" \/>\n<meta property=\"og:title\" content=\"Curso de Primeros auxilios en SAD | Foro T\u00e9cnico de Formaci\u00f3n\" \/>\n<meta property=\"og:description\" content=\"Potencia tu conocimiento con nuestro curso Primeros auxilios en SAD. Descubre, aprende y crece con Foro T\u00e9cnico de Formaci\u00f3n.\" \/>\n<meta property=\"og:url\" content=\"https:\/\/forotf.com\/pt_pt\/curso\/primeros-auxilios-en-sad\/\" \/>\n<meta property=\"og:site_name\" content=\"Foro T\u00e9cnico de Formaci\u00f3n\" \/>\n<meta property=\"article:publisher\" content=\"https:\/\/es-es.facebook.com\/forotf\/\" \/>\n<meta property=\"og:image\" content=\"https:\/\/forotf.com\/wp-content\/uploads\/2026\/02\/FEB-tecnicas-primeros-auxilio.jpeg\" \/>\n\t<meta property=\"og:image:width\" content=\"1200\" \/>\n\t<meta property=\"og:image:height\" content=\"800\" \/>\n\t<meta property=\"og:image:type\" content=\"image\/jpeg\" \/>\n<meta name=\"twitter:card\" content=\"summary_large_image\" \/>\n<script type=\"application\/ld+json\" class=\"yoast-schema-graph\">{\"@context\":\"https:\\\/\\\/schema.org\",\"@graph\":[{\"@type\":\"WebPage\",\"@id\":\"https:\\\/\\\/forotf.com\\\/curso\\\/primeros-auxilios-en-sad\\\/\",\"url\":\"https:\\\/\\\/forotf.com\\\/curso\\\/primeros-auxilios-en-sad\\\/\",\"name\":\"Curso de Primeros auxilios en SAD | Foro T\u00e9cnico de Formaci\u00f3n\",\"isPartOf\":{\"@id\":\"http:\\\/\\\/forotf.com\\\/pt\\\/#website\"},\"primaryImageOfPage\":{\"@id\":\"https:\\\/\\\/forotf.com\\\/curso\\\/primeros-auxilios-en-sad\\\/#primaryimage\"},\"image\":{\"@id\":\"https:\\\/\\\/forotf.com\\\/curso\\\/primeros-auxilios-en-sad\\\/#primaryimage\"},\"thumbnailUrl\":\"https:\\\/\\\/forotf.com\\\/wp-content\\\/uploads\\\/2026\\\/02\\\/FEB-tecnicas-primeros-auxilio.jpeg\",\"datePublished\":\"2026-03-03T09:15:23+00:00\",\"description\":\"Potencia tu conocimiento con nuestro curso Primeros auxilios en SAD. Descubre, aprende y crece con Foro T\u00e9cnico de Formaci\u00f3n.\",\"breadcrumb\":{\"@id\":\"https:\\\/\\\/forotf.com\\\/curso\\\/primeros-auxilios-en-sad\\\/#breadcrumb\"},\"inLanguage\":\"pt-PT\",\"potentialAction\":[{\"@type\":\"ReadAction\",\"target\":[\"https:\\\/\\\/forotf.com\\\/curso\\\/primeros-auxilios-en-sad\\\/\"]}]},{\"@type\":\"ImageObject\",\"inLanguage\":\"pt-PT\",\"@id\":\"https:\\\/\\\/forotf.com\\\/curso\\\/primeros-auxilios-en-sad\\\/#primaryimage\",\"url\":\"https:\\\/\\\/forotf.com\\\/wp-content\\\/uploads\\\/2026\\\/02\\\/FEB-tecnicas-primeros-auxilio.jpeg\",\"contentUrl\":\"https:\\\/\\\/forotf.com\\\/wp-content\\\/uploads\\\/2026\\\/02\\\/FEB-tecnicas-primeros-auxilio.jpeg\",\"width\":1200,\"height\":800},{\"@type\":\"BreadcrumbList\",\"@id\":\"https:\\\/\\\/forotf.com\\\/curso\\\/primeros-auxilios-en-sad\\\/#breadcrumb\",\"itemListElement\":[{\"@type\":\"ListItem\",\"position\":1,\"name\":\"Inicio\",\"item\":\"https:\\\/\\\/forotf.com\\\/\"},{\"@type\":\"ListItem\",\"position\":2,\"name\":\"Cursos\",\"item\":\"https:\\\/\\\/forotf.com\\\/cursos\\\/\"},{\"@type\":\"ListItem\",\"position\":3,\"name\":\"Uncategorized\",\"item\":\"http:\\\/\\\/forotf.com\\\/pt\\\/product-category\\\/uncategorized\\\/\"},{\"@type\":\"ListItem\",\"position\":4,\"name\":\"Primeros auxilios en SAD\"}]},{\"@type\":\"WebSite\",\"@id\":\"http:\\\/\\\/forotf.com\\\/pt\\\/#website\",\"url\":\"http:\\\/\\\/forotf.com\\\/pt\\\/\",\"name\":\"Foro T\u00e9cnico de Formaci\u00f3n\",\"description\":\"Formaci\u00f3n para Empresas\",\"publisher\":{\"@id\":\"http:\\\/\\\/forotf.com\\\/pt\\\/#organization\"},\"alternateName\":\"FTF\",\"potentialAction\":[{\"@type\":\"SearchAction\",\"target\":{\"@type\":\"EntryPoint\",\"urlTemplate\":\"http:\\\/\\\/forotf.com\\\/pt\\\/?s={search_term_string}\"},\"query-input\":{\"@type\":\"PropertyValueSpecification\",\"valueRequired\":true,\"valueName\":\"search_term_string\"}}],\"inLanguage\":\"pt-PT\"},{\"@type\":\"Organization\",\"@id\":\"http:\\\/\\\/forotf.com\\\/pt\\\/#organization\",\"name\":\"Foro T\u00e9cnico de Formaci\u00f3n\",\"alternateName\":\"FTF\",\"url\":\"http:\\\/\\\/forotf.com\\\/pt\\\/\",\"logo\":{\"@type\":\"ImageObject\",\"inLanguage\":\"pt-PT\",\"@id\":\"http:\\\/\\\/forotf.com\\\/pt\\\/#\\\/schema\\\/logo\\\/image\\\/\",\"url\":\"https:\\\/\\\/forotf.com\\\/wp-content\\\/uploads\\\/2024\\\/02\\\/Oficial-Logo-FTF-Color.svg\",\"contentUrl\":\"https:\\\/\\\/forotf.com\\\/wp-content\\\/uploads\\\/2024\\\/02\\\/Oficial-Logo-FTF-Color.svg\",\"width\":794,\"height\":212,\"caption\":\"Foro T\u00e9cnico de Formaci\u00f3n\"},\"image\":{\"@id\":\"http:\\\/\\\/forotf.com\\\/pt\\\/#\\\/schema\\\/logo\\\/image\\\/\"},\"sameAs\":[\"https:\\\/\\\/es-es.facebook.com\\\/forotf\\\/\",\"https:\\\/\\\/www.instagram.com\\\/ftformacion\\\/?igshid=MWZjMTM2ODFkZg==\",\"https:\\\/\\\/www.linkedin.com\\\/company\\\/foro-tecnico-de-formacion\\\/?originalSubdomain=es\",\"https:\\\/\\\/www.youtube.com\\\/channel\\\/UCTzzsDUdLaZtfAGiP_ipLIg\"]}]}<\/script>\n<!-- \/ Yoast SEO plugin. -->","yoast_head_json":{"title":"Curso de Primeros auxilios en SAD | Foro T\u00e9cnico de Formaci\u00f3n","description":"Potencia tu conocimiento con nuestro curso Primeros auxilios en SAD. Descubre, aprende y crece con Foro T\u00e9cnico de Formaci\u00f3n.","robots":{"index":"index","follow":"follow","max-snippet":"max-snippet:-1","max-image-preview":"max-image-preview:large","max-video-preview":"max-video-preview:-1"},"canonical":"https:\/\/forotf.com\/pt_pt\/curso\/primeros-auxilios-en-sad\/","og_locale":"pt_PT","og_type":"article","og_title":"Curso de Primeros auxilios en SAD | Foro T\u00e9cnico de Formaci\u00f3n","og_description":"Potencia tu conocimiento con nuestro curso Primeros auxilios en SAD. Descubre, aprende y crece con Foro T\u00e9cnico de Formaci\u00f3n.","og_url":"https:\/\/forotf.com\/pt_pt\/curso\/primeros-auxilios-en-sad\/","og_site_name":"Foro T\u00e9cnico de Formaci\u00f3n","article_publisher":"https:\/\/es-es.facebook.com\/forotf\/","og_image":[{"width":1200,"height":800,"url":"https:\/\/forotf.com\/wp-content\/uploads\/2026\/02\/FEB-tecnicas-primeros-auxilio.jpeg","type":"image\/jpeg"}],"twitter_card":"summary_large_image","schema":{"@context":"https:\/\/schema.org","@graph":[{"@type":"WebPage","@id":"https:\/\/forotf.com\/curso\/primeros-auxilios-en-sad\/","url":"https:\/\/forotf.com\/curso\/primeros-auxilios-en-sad\/","name":"Curso de Primeros auxilios en SAD | Foro T\u00e9cnico de Formaci\u00f3n","isPartOf":{"@id":"http:\/\/forotf.com\/pt\/#website"},"primaryImageOfPage":{"@id":"https:\/\/forotf.com\/curso\/primeros-auxilios-en-sad\/#primaryimage"},"image":{"@id":"https:\/\/forotf.com\/curso\/primeros-auxilios-en-sad\/#primaryimage"},"thumbnailUrl":"https:\/\/forotf.com\/wp-content\/uploads\/2026\/02\/FEB-tecnicas-primeros-auxilio.jpeg","datePublished":"2026-03-03T09:15:23+00:00","description":"Potencia tu conocimiento con nuestro curso Primeros auxilios en SAD. Descubre, aprende y crece con Foro T\u00e9cnico de Formaci\u00f3n.","breadcrumb":{"@id":"https:\/\/forotf.com\/curso\/primeros-auxilios-en-sad\/#breadcrumb"},"inLanguage":"pt-PT","potentialAction":[{"@type":"ReadAction","target":["https:\/\/forotf.com\/curso\/primeros-auxilios-en-sad\/"]}]},{"@type":"ImageObject","inLanguage":"pt-PT","@id":"https:\/\/forotf.com\/curso\/primeros-auxilios-en-sad\/#primaryimage","url":"https:\/\/forotf.com\/wp-content\/uploads\/2026\/02\/FEB-tecnicas-primeros-auxilio.jpeg","contentUrl":"https:\/\/forotf.com\/wp-content\/uploads\/2026\/02\/FEB-tecnicas-primeros-auxilio.jpeg","width":1200,"height":800},{"@type":"BreadcrumbList","@id":"https:\/\/forotf.com\/curso\/primeros-auxilios-en-sad\/#breadcrumb","itemListElement":[{"@type":"ListItem","position":1,"name":"Inicio","item":"https:\/\/forotf.com\/"},{"@type":"ListItem","position":2,"name":"Cursos","item":"https:\/\/forotf.com\/cursos\/"},{"@type":"ListItem","position":3,"name":"Uncategorized","item":"http:\/\/forotf.com\/pt\/product-category\/uncategorized\/"},{"@type":"ListItem","position":4,"name":"Primeros auxilios en SAD"}]},{"@type":"WebSite","@id":"http:\/\/forotf.com\/pt\/#website","url":"http:\/\/forotf.com\/pt\/","name":"F\u00f3rum de Treinamento T\u00e9cnico","description":"Treinamento para Empresas","publisher":{"@id":"http:\/\/forotf.com\/pt\/#organization"},"alternateName":"FTF","potentialAction":[{"@type":"SearchAction","target":{"@type":"EntryPoint","urlTemplate":"http:\/\/forotf.com\/pt\/?s={search_term_string}"},"query-input":{"@type":"PropertyValueSpecification","valueRequired":true,"valueName":"search_term_string"}}],"inLanguage":"pt-PT"},{"@type":"Organization","@id":"http:\/\/forotf.com\/pt\/#organization","name":"F\u00f3rum de Treinamento T\u00e9cnico","alternateName":"FTF","url":"http:\/\/forotf.com\/pt\/","logo":{"@type":"ImageObject","inLanguage":"pt-PT","@id":"http:\/\/forotf.com\/pt\/#\/schema\/logo\/image\/","url":"https:\/\/forotf.com\/wp-content\/uploads\/2024\/02\/Oficial-Logo-FTF-Color.svg","contentUrl":"https:\/\/forotf.com\/wp-content\/uploads\/2024\/02\/Oficial-Logo-FTF-Color.svg","width":794,"height":212,"caption":"Foro T\u00e9cnico de Formaci\u00f3n"},"image":{"@id":"http:\/\/forotf.com\/pt\/#\/schema\/logo\/image\/"},"sameAs":["https:\/\/es-es.facebook.com\/forotf\/","https:\/\/www.instagram.com\/ftformacion\/?igshid=MWZjMTM2ODFkZg==","https:\/\/www.linkedin.com\/company\/foro-tecnico-de-formacion\/?originalSubdomain=es","https:\/\/www.youtube.com\/channel\/UCTzzsDUdLaZtfAGiP_ipLIg"]}]}},"publishpress_future_workflow_manual_trigger":{"enabledWorkflows":[]},"_links":{"self":[{"href":"https:\/\/forotf.com\/pt_pt\/wp-json\/wp\/v2\/product\/7623","targetHints":{"allow":["GET"]}}],"collection":[{"href":"https:\/\/forotf.com\/pt_pt\/wp-json\/wp\/v2\/product"}],"about":[{"href":"https:\/\/forotf.com\/pt_pt\/wp-json\/wp\/v2\/types\/product"}],"replies":[{"embeddable":true,"href":"https:\/\/forotf.com\/pt_pt\/wp-json\/wp\/v2\/comments?post=7623"}],"wp:featuredmedia":[{"embeddable":true,"href":"https:\/\/forotf.com\/pt_pt\/wp-json\/wp\/v2\/media\/7624"}],"wp:attachment":[{"href":"https:\/\/forotf.com\/pt_pt\/wp-json\/wp\/v2\/media?parent=7623"}],"wp:term":[{"taxonomy":"product_brand","embeddable":true,"href":"https:\/\/forotf.com\/pt_pt\/wp-json\/wp\/v2\/product_brand?post=7623"},{"taxonomy":"product_cat","embeddable":true,"href":"https:\/\/forotf.com\/pt_pt\/wp-json\/wp\/v2\/product_cat?post=7623"},{"taxonomy":"product_tag","embeddable":true,"href":"https:\/\/forotf.com\/pt_pt\/wp-json\/wp\/v2\/product_tag?post=7623"}],"curies":[{"name":"wp","href":"https:\/\/api.w.org\/{rel}","templated":true}]}}