{"id":7182,"date":"2025-06-24T07:45:37","date_gmt":"2025-06-24T07:45:37","guid":{"rendered":"https:\/\/forotf.com\/?post_type=product&#038;p=7182"},"modified":"2026-02-26T14:24:15","modified_gmt":"2026-02-26T14:24:15","slug":"programa-de-especializacion-en-supervision-de-residencias-de-mayores-gobernantia","status":"publish","type":"product","link":"https:\/\/forotf.com\/pt_pt\/curso\/programa-de-especializacion-en-supervision-de-residencias-de-mayores-gobernantia\/","title":{"rendered":"Programa de especializaci\u00f3n en supervisi\u00f3n de residencias de mayores (Gobernant\u00eda)"},"content":{"rendered":"<p>La Especializaci\u00f3n en Supervisi\u00f3n en Residencias de Mayores (Gobernant\u00eda) est\u00e1 dise\u00f1ada para profesionales con experiencia en servicios generales o atenci\u00f3n sociosanitaria que desean avanzar hacia funciones de mayor responsabilidad dentro del sector. Este programa te prepara para desempe\u00f1ar tareas clave de supervisi\u00f3n, coordinaci\u00f3n y apoyo t\u00e9cnico-funcional en centros residenciales, permiti\u00e9ndote liderar equipos, organizar servicios y garantizar el cumplimiento de los protocolos de calidad en el d\u00eda a d\u00eda. A trav\u00e9s de una formaci\u00f3n mixta y especializada, adquirir\u00e1s herramientas para optimizar recursos, planificar tareas, resolver incidencias y promover entornos de trabajo colaborativos y eficientes.<\/p>\n<p>Adem\u00e1s, el enfoque del programa se basa en el modelo de Atenci\u00f3n Centrada en la Persona (ACP), fomentando una gesti\u00f3n que respeta la dignidad, autonom\u00eda y preferencias de cada residente. Aprender\u00e1s a coordinar las distintas \u00e1reas de un centro (limpieza, lavander\u00eda, mantenimiento, cocina y atenci\u00f3n directa&#8230;) siempre con una visi\u00f3n humanizada de los cuidados. Al finalizar la formaci\u00f3n, estar\u00e1s capacitada\/o para asumir roles de gobernanta, supervisora o coordinadora de servicios, con un perfil profesional s\u00f3lido y adaptado a las necesidades actuales del sector sociosanitario.<\/p>","protected":false},"excerpt":{"rendered":"<p><strong>Impulsa tu carrera hacia puestos de coordinaci\u00f3n en el sector sociosanitario.<\/strong><br \/>\nAdquiere las competencias clave para liderar equipos, gestionar servicios y garantizar la excelencia en la atenci\u00f3n a personas mayores desde el \u00e1rea de supervisi\u00f3n.<\/p>\n<p>Este programa formativo est\u00e1 dise\u00f1ado para profesionales con experiencia en servicios generales o de atenci\u00f3n sociosanitaria que aspiran a desempe\u00f1ar funciones de supervisi\u00f3n, coordinaci\u00f3n y apoyo t\u00e9cnico-funcional en centros residenciales. A trav\u00e9s de una formaci\u00f3n mixta y especializada, aprender\u00e1s a coordinar equipos, optimizar recursos, asegurar la calidad del servicio y promover un modelo de cuidados basados en la Atenci\u00f3n Centrada en la Persona (ACP).<\/p>\n<p><strong>Calendario 12 sesiones presenciales<\/strong><br \/>\n<span data-teams=\"true\">Horario de 16:00 h a 18:00 horas<br \/>\nM\u00d3DULO I: D\u00eda 5 de Marzo<br \/>\nM\u00d3DULO II; D\u00edas\u00a0 11 y 16 de Marzo<br \/>\nM\u00d3DULO III: D\u00edas\u00a0 1 y\u00a0 8 de Abril<br \/>\nM\u00d3DULO IV: D\u00edas\u00a0 14, 15, 16, 20, 21 y 23 de Abril<br \/>\nM\u00d3DULO V: D\u00eda 6 de Mayo<\/span><\/p>","protected":false},"featured_media":7196,"comment_status":"closed","ping_status":"closed","template":"","meta":{"codigo-servicio":"2365-A","costo-gestion":"72.60"},"product_brand":[],"product_cat":[15],"product_tag":[],"class_list":{"0":"post-7182","1":"product","2":"type-product","3":"status-publish","4":"has-post-thumbnail","6":"product_cat-uncategorized","8":"first","9":"instock","10":"shipping-taxable","11":"purchasable","12":"product-type-simple"},"pp_statuses_selecting_workflow":false,"pp_workflow_action":"current","pp_status_selection":"publish","yoast_head":"<!-- This site is optimized with the Yoast SEO plugin v27.3 - https:\/\/yoast.com\/product\/yoast-seo-wordpress\/ -->\n<title>Curso de Programa de especializaci\u00f3n en supervisi\u00f3n de residencias de mayores (Gobernant\u00eda) | Foro T\u00e9cnico de Formaci\u00f3n<\/title>\n<meta name=\"description\" content=\"Potencia tu conocimiento con nuestro curso Programa de especializaci\u00f3n en supervisi\u00f3n de residencias de mayores (Gobernant\u00eda). Descubre, aprende y crece con Foro T\u00e9cnico de Formaci\u00f3n.\" \/>\n<meta name=\"robots\" content=\"index, follow, max-snippet:-1, max-image-preview:large, max-video-preview:-1\" \/>\n<link rel=\"canonical\" href=\"https:\/\/forotf.com\/pt_pt\/curso\/programa-de-especializacion-en-supervision-de-residencias-de-mayores-gobernantia\/\" \/>\n<meta property=\"og:locale\" content=\"pt_PT\" \/>\n<meta property=\"og:type\" content=\"article\" \/>\n<meta property=\"og:title\" content=\"Curso de Programa de especializaci\u00f3n en supervisi\u00f3n de residencias de mayores (Gobernant\u00eda) | Foro T\u00e9cnico de Formaci\u00f3n\" \/>\n<meta property=\"og:description\" content=\"Potencia tu conocimiento con nuestro curso Programa de especializaci\u00f3n en supervisi\u00f3n de residencias de mayores (Gobernant\u00eda). Descubre, aprende y crece con Foro T\u00e9cnico de Formaci\u00f3n.\" \/>\n<meta property=\"og:url\" content=\"https:\/\/forotf.com\/pt_pt\/curso\/programa-de-especializacion-en-supervision-de-residencias-de-mayores-gobernantia\/\" \/>\n<meta property=\"og:site_name\" content=\"Foro T\u00e9cnico de Formaci\u00f3n\" \/>\n<meta property=\"article:publisher\" content=\"https:\/\/es-es.facebook.com\/forotf\/\" \/>\n<meta property=\"article:modified_time\" content=\"2026-02-26T14:24:15+00:00\" \/>\n<meta property=\"og:image\" content=\"https:\/\/forotf.com\/wp-content\/uploads\/2025\/06\/cerca-del-equipo-de-trabajadores-de-la-salud1-1-scaled.jpg\" \/>\n\t<meta property=\"og:image:width\" content=\"2560\" \/>\n\t<meta property=\"og:image:height\" content=\"2501\" \/>\n\t<meta property=\"og:image:type\" content=\"image\/jpeg\" \/>\n<meta name=\"twitter:card\" content=\"summary_large_image\" \/>\n<script type=\"application\/ld+json\" class=\"yoast-schema-graph\">{\"@context\":\"https:\\\/\\\/schema.org\",\"@graph\":[{\"@type\":\"WebPage\",\"@id\":\"https:\\\/\\\/forotf.com\\\/curso\\\/programa-de-especializacion-en-supervision-de-residencias-de-mayores-gobernantia\\\/\",\"url\":\"https:\\\/\\\/forotf.com\\\/curso\\\/programa-de-especializacion-en-supervision-de-residencias-de-mayores-gobernantia\\\/\",\"name\":\"Curso de Programa de especializaci\u00f3n en supervisi\u00f3n de residencias de mayores (Gobernant\u00eda) | Foro T\u00e9cnico de Formaci\u00f3n\",\"isPartOf\":{\"@id\":\"http:\\\/\\\/forotf.com\\\/pt\\\/#website\"},\"primaryImageOfPage\":{\"@id\":\"https:\\\/\\\/forotf.com\\\/curso\\\/programa-de-especializacion-en-supervision-de-residencias-de-mayores-gobernantia\\\/#primaryimage\"},\"image\":{\"@id\":\"https:\\\/\\\/forotf.com\\\/curso\\\/programa-de-especializacion-en-supervision-de-residencias-de-mayores-gobernantia\\\/#primaryimage\"},\"thumbnailUrl\":\"https:\\\/\\\/forotf.com\\\/wp-content\\\/uploads\\\/2025\\\/06\\\/cerca-del-equipo-de-trabajadores-de-la-salud1-1-scaled.jpg\",\"datePublished\":\"2025-06-24T07:45:37+00:00\",\"dateModified\":\"2026-02-26T14:24:15+00:00\",\"description\":\"Potencia tu conocimiento con nuestro curso Programa de especializaci\u00f3n en supervisi\u00f3n de residencias de mayores (Gobernant\u00eda). Descubre, aprende y crece con Foro T\u00e9cnico de Formaci\u00f3n.\",\"breadcrumb\":{\"@id\":\"https:\\\/\\\/forotf.com\\\/curso\\\/programa-de-especializacion-en-supervision-de-residencias-de-mayores-gobernantia\\\/#breadcrumb\"},\"inLanguage\":\"pt-PT\",\"potentialAction\":[{\"@type\":\"ReadAction\",\"target\":[\"https:\\\/\\\/forotf.com\\\/curso\\\/programa-de-especializacion-en-supervision-de-residencias-de-mayores-gobernantia\\\/\"]}]},{\"@type\":\"ImageObject\",\"inLanguage\":\"pt-PT\",\"@id\":\"https:\\\/\\\/forotf.com\\\/curso\\\/programa-de-especializacion-en-supervision-de-residencias-de-mayores-gobernantia\\\/#primaryimage\",\"url\":\"https:\\\/\\\/forotf.com\\\/wp-content\\\/uploads\\\/2025\\\/06\\\/cerca-del-equipo-de-trabajadores-de-la-salud1-1-scaled.jpg\",\"contentUrl\":\"https:\\\/\\\/forotf.com\\\/wp-content\\\/uploads\\\/2025\\\/06\\\/cerca-del-equipo-de-trabajadores-de-la-salud1-1-scaled.jpg\",\"width\":2560,\"height\":2501},{\"@type\":\"BreadcrumbList\",\"@id\":\"https:\\\/\\\/forotf.com\\\/curso\\\/programa-de-especializacion-en-supervision-de-residencias-de-mayores-gobernantia\\\/#breadcrumb\",\"itemListElement\":[{\"@type\":\"ListItem\",\"position\":1,\"name\":\"Inicio\",\"item\":\"https:\\\/\\\/forotf.com\\\/\"},{\"@type\":\"ListItem\",\"position\":2,\"name\":\"Cursos\",\"item\":\"https:\\\/\\\/forotf.com\\\/cursos\\\/\"},{\"@type\":\"ListItem\",\"position\":3,\"name\":\"Uncategorized\",\"item\":\"http:\\\/\\\/forotf.com\\\/pt\\\/product-category\\\/uncategorized\\\/\"},{\"@type\":\"ListItem\",\"position\":4,\"name\":\"Programa de especializaci\u00f3n en supervisi\u00f3n de residencias de mayores (Gobernant\u00eda)\"}]},{\"@type\":\"WebSite\",\"@id\":\"http:\\\/\\\/forotf.com\\\/pt\\\/#website\",\"url\":\"http:\\\/\\\/forotf.com\\\/pt\\\/\",\"name\":\"Foro T\u00e9cnico de Formaci\u00f3n\",\"description\":\"Formaci\u00f3n para Empresas\",\"publisher\":{\"@id\":\"http:\\\/\\\/forotf.com\\\/pt\\\/#organization\"},\"alternateName\":\"FTF\",\"potentialAction\":[{\"@type\":\"SearchAction\",\"target\":{\"@type\":\"EntryPoint\",\"urlTemplate\":\"http:\\\/\\\/forotf.com\\\/pt\\\/?s={search_term_string}\"},\"query-input\":{\"@type\":\"PropertyValueSpecification\",\"valueRequired\":true,\"valueName\":\"search_term_string\"}}],\"inLanguage\":\"pt-PT\"},{\"@type\":\"Organization\",\"@id\":\"http:\\\/\\\/forotf.com\\\/pt\\\/#organization\",\"name\":\"Foro T\u00e9cnico de Formaci\u00f3n\",\"alternateName\":\"FTF\",\"url\":\"http:\\\/\\\/forotf.com\\\/pt\\\/\",\"logo\":{\"@type\":\"ImageObject\",\"inLanguage\":\"pt-PT\",\"@id\":\"http:\\\/\\\/forotf.com\\\/pt\\\/#\\\/schema\\\/logo\\\/image\\\/\",\"url\":\"https:\\\/\\\/forotf.com\\\/wp-content\\\/uploads\\\/2024\\\/02\\\/Oficial-Logo-FTF-Color.svg\",\"contentUrl\":\"https:\\\/\\\/forotf.com\\\/wp-content\\\/uploads\\\/2024\\\/02\\\/Oficial-Logo-FTF-Color.svg\",\"width\":794,\"height\":212,\"caption\":\"Foro T\u00e9cnico de Formaci\u00f3n\"},\"image\":{\"@id\":\"http:\\\/\\\/forotf.com\\\/pt\\\/#\\\/schema\\\/logo\\\/image\\\/\"},\"sameAs\":[\"https:\\\/\\\/es-es.facebook.com\\\/forotf\\\/\",\"https:\\\/\\\/www.instagram.com\\\/ftformacion\\\/?igshid=MWZjMTM2ODFkZg==\",\"https:\\\/\\\/www.linkedin.com\\\/company\\\/foro-tecnico-de-formacion\\\/?originalSubdomain=es\",\"https:\\\/\\\/www.youtube.com\\\/channel\\\/UCTzzsDUdLaZtfAGiP_ipLIg\"]}]}<\/script>\n<!-- \/ Yoast SEO plugin. -->","yoast_head_json":{"title":"Curso de Programa de especializaci\u00f3n en supervisi\u00f3n de residencias de mayores (Gobernant\u00eda) | Foro T\u00e9cnico de Formaci\u00f3n","description":"Potencia tu conocimiento con nuestro curso Programa de especializaci\u00f3n en supervisi\u00f3n de residencias de mayores (Gobernant\u00eda). Descubre, aprende y crece con Foro T\u00e9cnico de Formaci\u00f3n.","robots":{"index":"index","follow":"follow","max-snippet":"max-snippet:-1","max-image-preview":"max-image-preview:large","max-video-preview":"max-video-preview:-1"},"canonical":"https:\/\/forotf.com\/pt_pt\/curso\/programa-de-especializacion-en-supervision-de-residencias-de-mayores-gobernantia\/","og_locale":"pt_PT","og_type":"article","og_title":"Curso de Programa de especializaci\u00f3n en supervisi\u00f3n de residencias de mayores (Gobernant\u00eda) | Foro T\u00e9cnico de Formaci\u00f3n","og_description":"Potencia tu conocimiento con nuestro curso Programa de especializaci\u00f3n en supervisi\u00f3n de residencias de mayores (Gobernant\u00eda). Descubre, aprende y crece con Foro T\u00e9cnico de Formaci\u00f3n.","og_url":"https:\/\/forotf.com\/pt_pt\/curso\/programa-de-especializacion-en-supervision-de-residencias-de-mayores-gobernantia\/","og_site_name":"Foro T\u00e9cnico de Formaci\u00f3n","article_publisher":"https:\/\/es-es.facebook.com\/forotf\/","article_modified_time":"2026-02-26T14:24:15+00:00","og_image":[{"width":2560,"height":2501,"url":"https:\/\/forotf.com\/wp-content\/uploads\/2025\/06\/cerca-del-equipo-de-trabajadores-de-la-salud1-1-scaled.jpg","type":"image\/jpeg"}],"twitter_card":"summary_large_image","schema":{"@context":"https:\/\/schema.org","@graph":[{"@type":"WebPage","@id":"https:\/\/forotf.com\/curso\/programa-de-especializacion-en-supervision-de-residencias-de-mayores-gobernantia\/","url":"https:\/\/forotf.com\/curso\/programa-de-especializacion-en-supervision-de-residencias-de-mayores-gobernantia\/","name":"Curso de Programa de especializaci\u00f3n en supervisi\u00f3n de residencias de mayores (Gobernant\u00eda) | Foro T\u00e9cnico de Formaci\u00f3n","isPartOf":{"@id":"http:\/\/forotf.com\/pt\/#website"},"primaryImageOfPage":{"@id":"https:\/\/forotf.com\/curso\/programa-de-especializacion-en-supervision-de-residencias-de-mayores-gobernantia\/#primaryimage"},"image":{"@id":"https:\/\/forotf.com\/curso\/programa-de-especializacion-en-supervision-de-residencias-de-mayores-gobernantia\/#primaryimage"},"thumbnailUrl":"https:\/\/forotf.com\/wp-content\/uploads\/2025\/06\/cerca-del-equipo-de-trabajadores-de-la-salud1-1-scaled.jpg","datePublished":"2025-06-24T07:45:37+00:00","dateModified":"2026-02-26T14:24:15+00:00","description":"Potencia tu conocimiento con nuestro curso Programa de especializaci\u00f3n en supervisi\u00f3n de residencias de mayores (Gobernant\u00eda). Descubre, aprende y crece con Foro T\u00e9cnico de Formaci\u00f3n.","breadcrumb":{"@id":"https:\/\/forotf.com\/curso\/programa-de-especializacion-en-supervision-de-residencias-de-mayores-gobernantia\/#breadcrumb"},"inLanguage":"pt-PT","potentialAction":[{"@type":"ReadAction","target":["https:\/\/forotf.com\/curso\/programa-de-especializacion-en-supervision-de-residencias-de-mayores-gobernantia\/"]}]},{"@type":"ImageObject","inLanguage":"pt-PT","@id":"https:\/\/forotf.com\/curso\/programa-de-especializacion-en-supervision-de-residencias-de-mayores-gobernantia\/#primaryimage","url":"https:\/\/forotf.com\/wp-content\/uploads\/2025\/06\/cerca-del-equipo-de-trabajadores-de-la-salud1-1-scaled.jpg","contentUrl":"https:\/\/forotf.com\/wp-content\/uploads\/2025\/06\/cerca-del-equipo-de-trabajadores-de-la-salud1-1-scaled.jpg","width":2560,"height":2501},{"@type":"BreadcrumbList","@id":"https:\/\/forotf.com\/curso\/programa-de-especializacion-en-supervision-de-residencias-de-mayores-gobernantia\/#breadcrumb","itemListElement":[{"@type":"ListItem","position":1,"name":"Inicio","item":"https:\/\/forotf.com\/"},{"@type":"ListItem","position":2,"name":"Cursos","item":"https:\/\/forotf.com\/cursos\/"},{"@type":"ListItem","position":3,"name":"Uncategorized","item":"http:\/\/forotf.com\/pt\/product-category\/uncategorized\/"},{"@type":"ListItem","position":4,"name":"Programa de especializaci\u00f3n en supervisi\u00f3n de residencias de mayores (Gobernant\u00eda)"}]},{"@type":"WebSite","@id":"http:\/\/forotf.com\/pt\/#website","url":"http:\/\/forotf.com\/pt\/","name":"F\u00f3rum de Treinamento T\u00e9cnico","description":"Treinamento para Empresas","publisher":{"@id":"http:\/\/forotf.com\/pt\/#organization"},"alternateName":"FTF","potentialAction":[{"@type":"SearchAction","target":{"@type":"EntryPoint","urlTemplate":"http:\/\/forotf.com\/pt\/?s={search_term_string}"},"query-input":{"@type":"PropertyValueSpecification","valueRequired":true,"valueName":"search_term_string"}}],"inLanguage":"pt-PT"},{"@type":"Organization","@id":"http:\/\/forotf.com\/pt\/#organization","name":"F\u00f3rum de Treinamento T\u00e9cnico","alternateName":"FTF","url":"http:\/\/forotf.com\/pt\/","logo":{"@type":"ImageObject","inLanguage":"pt-PT","@id":"http:\/\/forotf.com\/pt\/#\/schema\/logo\/image\/","url":"https:\/\/forotf.com\/wp-content\/uploads\/2024\/02\/Oficial-Logo-FTF-Color.svg","contentUrl":"https:\/\/forotf.com\/wp-content\/uploads\/2024\/02\/Oficial-Logo-FTF-Color.svg","width":794,"height":212,"caption":"Foro T\u00e9cnico de Formaci\u00f3n"},"image":{"@id":"http:\/\/forotf.com\/pt\/#\/schema\/logo\/image\/"},"sameAs":["https:\/\/es-es.facebook.com\/forotf\/","https:\/\/www.instagram.com\/ftformacion\/?igshid=MWZjMTM2ODFkZg==","https:\/\/www.linkedin.com\/company\/foro-tecnico-de-formacion\/?originalSubdomain=es","https:\/\/www.youtube.com\/channel\/UCTzzsDUdLaZtfAGiP_ipLIg"]}]}},"publishpress_future_workflow_manual_trigger":{"enabledWorkflows":[]},"_links":{"self":[{"href":"https:\/\/forotf.com\/pt_pt\/wp-json\/wp\/v2\/product\/7182","targetHints":{"allow":["GET"]}}],"collection":[{"href":"https:\/\/forotf.com\/pt_pt\/wp-json\/wp\/v2\/product"}],"about":[{"href":"https:\/\/forotf.com\/pt_pt\/wp-json\/wp\/v2\/types\/product"}],"replies":[{"embeddable":true,"href":"https:\/\/forotf.com\/pt_pt\/wp-json\/wp\/v2\/comments?post=7182"}],"wp:featuredmedia":[{"embeddable":true,"href":"https:\/\/forotf.com\/pt_pt\/wp-json\/wp\/v2\/media\/7196"}],"wp:attachment":[{"href":"https:\/\/forotf.com\/pt_pt\/wp-json\/wp\/v2\/media?parent=7182"}],"wp:term":[{"taxonomy":"product_brand","embeddable":true,"href":"https:\/\/forotf.com\/pt_pt\/wp-json\/wp\/v2\/product_brand?post=7182"},{"taxonomy":"product_cat","embeddable":true,"href":"https:\/\/forotf.com\/pt_pt\/wp-json\/wp\/v2\/product_cat?post=7182"},{"taxonomy":"product_tag","embeddable":true,"href":"https:\/\/forotf.com\/pt_pt\/wp-json\/wp\/v2\/product_tag?post=7182"}],"curies":[{"name":"wp","href":"https:\/\/api.w.org\/{rel}","templated":true}]}}