{"id":7067,"date":"2025-05-27T09:15:32","date_gmt":"2025-05-27T09:15:32","guid":{"rendered":"https:\/\/forotf.com\/?post_type=product&#038;p=7067"},"modified":"2025-07-03T10:00:40","modified_gmt":"2025-07-03T10:00:40","slug":"habilidades-directivas-comunicacion-motivacion-liderazgo-y-negociacion","status":"publish","type":"product","link":"https:\/\/forotf.com\/pt_pt\/curso\/habilidades-directivas-comunicacion-motivacion-liderazgo-y-negociacion\/","title":{"rendered":"Habilidades directivas: Comunicaci\u00f3n, Motivaci\u00f3n, Liderazgo, y Negociaci\u00f3n"},"content":{"rendered":"<p>Este curso est\u00e1 dise\u00f1ado para potenciar las competencias clave que definen a un buen l\u00edder en el entorno laboral actual. A trav\u00e9s de un enfoque pr\u00e1ctico y actualizado, desarrollar\u00e1s las habilidades directivas necesarias para comunicar con eficacia, motivar equipos, ejercer un liderazgo transformador y negociar de forma estrat\u00e9gica.<\/p>\n<p>A lo largo de esta formaci\u00f3n, explorar\u00e1s las principales teor\u00edas y herramientas sobre motivaci\u00f3n, comunicaci\u00f3n interpersonal, estilos de liderazgo y din\u00e1micas organizacionales. Aprender\u00e1s a identificar barreras comunicativas, utilizar el feedback de forma constructiva, seleccionar el estilo de liderazgo m\u00e1s adecuado en funci\u00f3n del equipo y aplicar estrategias efectivas para el desarrollo de las personas.<\/p>\n<p>Las clases presenciales por aula virtual se imparten todos los mi\u00e9rcoles, desde el 10 de septiembre hasta el 29 de octubre de 2025, en los siguientes horarios:<\/p>\n<ul>\n<li>10, 17 y 24 de septiembre de 15:30 a 18:30 h<\/li>\n<li>1, 8 y 15 de octubre de 15:30 a 18:30 h<\/li>\n<li>22 de octubre de 16:00 a 19:00 h<\/li>\n<li>29 de octubre de 15:30 a 19:30 h<\/li>\n<\/ul>","protected":false},"excerpt":{"rendered":"<p>Este curso te prepara para aplicar con eficacia las habilidades directivas de comunicaci\u00f3n, motivaci\u00f3n, liderazgo y negociaci\u00f3n en el entorno laboral. A trav\u00e9s de un enfoque pr\u00e1ctico, aprender\u00e1s a comunicar con claridad, motivar a tu equipo, liderar con distintos estilos seg\u00fan el contexto y negociar de forma estrat\u00e9gica, contribuyendo al desarrollo y \u00e9xito de tu organizaci\u00f3n.<\/p>\n<p>Las clases presenciales por aula virtual se imparten todos los mi\u00e9rcoles, desde el 10 de septiembre hasta el 29 de octubre de 2025, en los siguientes horarios:<\/p>\n<ul>\n<li>10, 17 y 24 de septiembre de 15:30 a 18:30 h<\/li>\n<li>1, 8 y 15 de octubre de 15:30 a 18:30 h<\/li>\n<li>22 de octubre de 16:00 a 19:00 h<\/li>\n<li>29 de octubre de 15:30 a 19:30 h<\/li>\n<\/ul>","protected":false},"featured_media":7068,"comment_status":"closed","ping_status":"closed","template":"","meta":{"codigo-servicio":"137-A","costo-gestion":"39.33"},"product_brand":[],"product_cat":[15],"product_tag":[],"class_list":{"0":"post-7067","1":"product","2":"type-product","3":"status-publish","4":"has-post-thumbnail","6":"product_cat-uncategorized","8":"first","9":"instock","10":"shipping-taxable","11":"purchasable","12":"product-type-simple"},"pp_statuses_selecting_workflow":false,"pp_workflow_action":"current","pp_status_selection":"publish","yoast_head":"<!-- This site is optimized with the Yoast SEO plugin v27.3 - https:\/\/yoast.com\/product\/yoast-seo-wordpress\/ -->\n<title>Curso de Habilidades directivas: Comunicaci\u00f3n, Motivaci\u00f3n, Liderazgo, y Negociaci\u00f3n | Foro T\u00e9cnico de Formaci\u00f3n<\/title>\n<meta name=\"description\" content=\"Potencia tu conocimiento con nuestro curso Habilidades directivas: Comunicaci\u00f3n, Motivaci\u00f3n, Liderazgo, y Negociaci\u00f3n. Descubre, aprende y crece con Foro T\u00e9cnico de Formaci\u00f3n.\" \/>\n<meta name=\"robots\" content=\"index, follow, max-snippet:-1, max-image-preview:large, max-video-preview:-1\" \/>\n<link rel=\"canonical\" href=\"https:\/\/forotf.com\/pt_pt\/curso\/habilidades-directivas-comunicacion-motivacion-liderazgo-y-negociacion\/\" \/>\n<meta property=\"og:locale\" content=\"pt_PT\" \/>\n<meta property=\"og:type\" content=\"article\" \/>\n<meta property=\"og:title\" content=\"Curso de Habilidades directivas: Comunicaci\u00f3n, Motivaci\u00f3n, Liderazgo, y Negociaci\u00f3n | Foro T\u00e9cnico de Formaci\u00f3n\" \/>\n<meta property=\"og:description\" content=\"Potencia tu conocimiento con nuestro curso Habilidades directivas: Comunicaci\u00f3n, Motivaci\u00f3n, Liderazgo, y Negociaci\u00f3n. Descubre, aprende y crece con Foro T\u00e9cnico de Formaci\u00f3n.\" \/>\n<meta property=\"og:url\" content=\"https:\/\/forotf.com\/pt_pt\/curso\/habilidades-directivas-comunicacion-motivacion-liderazgo-y-negociacion\/\" \/>\n<meta property=\"og:site_name\" content=\"Foro T\u00e9cnico de Formaci\u00f3n\" \/>\n<meta property=\"article:publisher\" content=\"https:\/\/es-es.facebook.com\/forotf\/\" \/>\n<meta property=\"article:modified_time\" content=\"2025-07-03T10:00:40+00:00\" \/>\n<meta property=\"og:image\" content=\"https:\/\/forotf.com\/wp-content\/uploads\/2025\/05\/equipo-de-disenadores-trabajando-en-modelo-3d1-scaled.jpg\" \/>\n\t<meta property=\"og:image:width\" content=\"2560\" \/>\n\t<meta property=\"og:image:height\" content=\"1707\" \/>\n\t<meta property=\"og:image:type\" content=\"image\/jpeg\" \/>\n<meta name=\"twitter:card\" content=\"summary_large_image\" \/>\n<script type=\"application\/ld+json\" class=\"yoast-schema-graph\">{\"@context\":\"https:\\\/\\\/schema.org\",\"@graph\":[{\"@type\":\"WebPage\",\"@id\":\"https:\\\/\\\/forotf.com\\\/curso\\\/habilidades-directivas-comunicacion-motivacion-liderazgo-y-negociacion\\\/\",\"url\":\"https:\\\/\\\/forotf.com\\\/curso\\\/habilidades-directivas-comunicacion-motivacion-liderazgo-y-negociacion\\\/\",\"name\":\"Curso de Habilidades directivas: Comunicaci\u00f3n, Motivaci\u00f3n, Liderazgo, y Negociaci\u00f3n | Foro T\u00e9cnico de Formaci\u00f3n\",\"isPartOf\":{\"@id\":\"http:\\\/\\\/forotf.com\\\/pt\\\/#website\"},\"primaryImageOfPage\":{\"@id\":\"https:\\\/\\\/forotf.com\\\/curso\\\/habilidades-directivas-comunicacion-motivacion-liderazgo-y-negociacion\\\/#primaryimage\"},\"image\":{\"@id\":\"https:\\\/\\\/forotf.com\\\/curso\\\/habilidades-directivas-comunicacion-motivacion-liderazgo-y-negociacion\\\/#primaryimage\"},\"thumbnailUrl\":\"https:\\\/\\\/forotf.com\\\/wp-content\\\/uploads\\\/2025\\\/05\\\/equipo-de-disenadores-trabajando-en-modelo-3d1-scaled.jpg\",\"datePublished\":\"2025-05-27T09:15:32+00:00\",\"dateModified\":\"2025-07-03T10:00:40+00:00\",\"description\":\"Potencia tu conocimiento con nuestro curso Habilidades directivas: Comunicaci\u00f3n, Motivaci\u00f3n, Liderazgo, y Negociaci\u00f3n. Descubre, aprende y crece con Foro T\u00e9cnico de Formaci\u00f3n.\",\"breadcrumb\":{\"@id\":\"https:\\\/\\\/forotf.com\\\/curso\\\/habilidades-directivas-comunicacion-motivacion-liderazgo-y-negociacion\\\/#breadcrumb\"},\"inLanguage\":\"pt-PT\",\"potentialAction\":[{\"@type\":\"ReadAction\",\"target\":[\"https:\\\/\\\/forotf.com\\\/curso\\\/habilidades-directivas-comunicacion-motivacion-liderazgo-y-negociacion\\\/\"]}]},{\"@type\":\"ImageObject\",\"inLanguage\":\"pt-PT\",\"@id\":\"https:\\\/\\\/forotf.com\\\/curso\\\/habilidades-directivas-comunicacion-motivacion-liderazgo-y-negociacion\\\/#primaryimage\",\"url\":\"https:\\\/\\\/forotf.com\\\/wp-content\\\/uploads\\\/2025\\\/05\\\/equipo-de-disenadores-trabajando-en-modelo-3d1-scaled.jpg\",\"contentUrl\":\"https:\\\/\\\/forotf.com\\\/wp-content\\\/uploads\\\/2025\\\/05\\\/equipo-de-disenadores-trabajando-en-modelo-3d1-scaled.jpg\",\"width\":2560,\"height\":1707},{\"@type\":\"BreadcrumbList\",\"@id\":\"https:\\\/\\\/forotf.com\\\/curso\\\/habilidades-directivas-comunicacion-motivacion-liderazgo-y-negociacion\\\/#breadcrumb\",\"itemListElement\":[{\"@type\":\"ListItem\",\"position\":1,\"name\":\"Inicio\",\"item\":\"https:\\\/\\\/forotf.com\\\/\"},{\"@type\":\"ListItem\",\"position\":2,\"name\":\"Cursos\",\"item\":\"https:\\\/\\\/forotf.com\\\/cursos\\\/\"},{\"@type\":\"ListItem\",\"position\":3,\"name\":\"Uncategorized\",\"item\":\"http:\\\/\\\/forotf.com\\\/pt\\\/product-category\\\/uncategorized\\\/\"},{\"@type\":\"ListItem\",\"position\":4,\"name\":\"Habilidades directivas: Comunicaci\u00f3n, Motivaci\u00f3n, Liderazgo, y Negociaci\u00f3n\"}]},{\"@type\":\"WebSite\",\"@id\":\"http:\\\/\\\/forotf.com\\\/pt\\\/#website\",\"url\":\"http:\\\/\\\/forotf.com\\\/pt\\\/\",\"name\":\"Foro T\u00e9cnico de Formaci\u00f3n\",\"description\":\"Formaci\u00f3n para Empresas\",\"publisher\":{\"@id\":\"http:\\\/\\\/forotf.com\\\/pt\\\/#organization\"},\"alternateName\":\"FTF\",\"potentialAction\":[{\"@type\":\"SearchAction\",\"target\":{\"@type\":\"EntryPoint\",\"urlTemplate\":\"http:\\\/\\\/forotf.com\\\/pt\\\/?s={search_term_string}\"},\"query-input\":{\"@type\":\"PropertyValueSpecification\",\"valueRequired\":true,\"valueName\":\"search_term_string\"}}],\"inLanguage\":\"pt-PT\"},{\"@type\":\"Organization\",\"@id\":\"http:\\\/\\\/forotf.com\\\/pt\\\/#organization\",\"name\":\"Foro T\u00e9cnico de Formaci\u00f3n\",\"alternateName\":\"FTF\",\"url\":\"http:\\\/\\\/forotf.com\\\/pt\\\/\",\"logo\":{\"@type\":\"ImageObject\",\"inLanguage\":\"pt-PT\",\"@id\":\"http:\\\/\\\/forotf.com\\\/pt\\\/#\\\/schema\\\/logo\\\/image\\\/\",\"url\":\"https:\\\/\\\/forotf.com\\\/wp-content\\\/uploads\\\/2024\\\/02\\\/Oficial-Logo-FTF-Color.svg\",\"contentUrl\":\"https:\\\/\\\/forotf.com\\\/wp-content\\\/uploads\\\/2024\\\/02\\\/Oficial-Logo-FTF-Color.svg\",\"width\":794,\"height\":212,\"caption\":\"Foro T\u00e9cnico de Formaci\u00f3n\"},\"image\":{\"@id\":\"http:\\\/\\\/forotf.com\\\/pt\\\/#\\\/schema\\\/logo\\\/image\\\/\"},\"sameAs\":[\"https:\\\/\\\/es-es.facebook.com\\\/forotf\\\/\",\"https:\\\/\\\/www.instagram.com\\\/ftformacion\\\/?igshid=MWZjMTM2ODFkZg==\",\"https:\\\/\\\/www.linkedin.com\\\/company\\\/foro-tecnico-de-formacion\\\/?originalSubdomain=es\",\"https:\\\/\\\/www.youtube.com\\\/channel\\\/UCTzzsDUdLaZtfAGiP_ipLIg\"]}]}<\/script>\n<!-- \/ Yoast SEO plugin. -->","yoast_head_json":{"title":"Curso de Habilidades directivas: Comunicaci\u00f3n, Motivaci\u00f3n, Liderazgo, y Negociaci\u00f3n | Foro T\u00e9cnico de Formaci\u00f3n","description":"Potencia tu conocimiento con nuestro curso Habilidades directivas: Comunicaci\u00f3n, Motivaci\u00f3n, Liderazgo, y Negociaci\u00f3n. Descubre, aprende y crece con Foro T\u00e9cnico de Formaci\u00f3n.","robots":{"index":"index","follow":"follow","max-snippet":"max-snippet:-1","max-image-preview":"max-image-preview:large","max-video-preview":"max-video-preview:-1"},"canonical":"https:\/\/forotf.com\/pt_pt\/curso\/habilidades-directivas-comunicacion-motivacion-liderazgo-y-negociacion\/","og_locale":"pt_PT","og_type":"article","og_title":"Curso de Habilidades directivas: Comunicaci\u00f3n, Motivaci\u00f3n, Liderazgo, y Negociaci\u00f3n | Foro T\u00e9cnico de Formaci\u00f3n","og_description":"Potencia tu conocimiento con nuestro curso Habilidades directivas: Comunicaci\u00f3n, Motivaci\u00f3n, Liderazgo, y Negociaci\u00f3n. Descubre, aprende y crece con Foro T\u00e9cnico de Formaci\u00f3n.","og_url":"https:\/\/forotf.com\/pt_pt\/curso\/habilidades-directivas-comunicacion-motivacion-liderazgo-y-negociacion\/","og_site_name":"Foro T\u00e9cnico de Formaci\u00f3n","article_publisher":"https:\/\/es-es.facebook.com\/forotf\/","article_modified_time":"2025-07-03T10:00:40+00:00","og_image":[{"width":2560,"height":1707,"url":"https:\/\/forotf.com\/wp-content\/uploads\/2025\/05\/equipo-de-disenadores-trabajando-en-modelo-3d1-scaled.jpg","type":"image\/jpeg"}],"twitter_card":"summary_large_image","schema":{"@context":"https:\/\/schema.org","@graph":[{"@type":"WebPage","@id":"https:\/\/forotf.com\/curso\/habilidades-directivas-comunicacion-motivacion-liderazgo-y-negociacion\/","url":"https:\/\/forotf.com\/curso\/habilidades-directivas-comunicacion-motivacion-liderazgo-y-negociacion\/","name":"Curso de Habilidades directivas: Comunicaci\u00f3n, Motivaci\u00f3n, Liderazgo, y Negociaci\u00f3n | Foro T\u00e9cnico de Formaci\u00f3n","isPartOf":{"@id":"http:\/\/forotf.com\/pt\/#website"},"primaryImageOfPage":{"@id":"https:\/\/forotf.com\/curso\/habilidades-directivas-comunicacion-motivacion-liderazgo-y-negociacion\/#primaryimage"},"image":{"@id":"https:\/\/forotf.com\/curso\/habilidades-directivas-comunicacion-motivacion-liderazgo-y-negociacion\/#primaryimage"},"thumbnailUrl":"https:\/\/forotf.com\/wp-content\/uploads\/2025\/05\/equipo-de-disenadores-trabajando-en-modelo-3d1-scaled.jpg","datePublished":"2025-05-27T09:15:32+00:00","dateModified":"2025-07-03T10:00:40+00:00","description":"Potencia tu conocimiento con nuestro curso Habilidades directivas: Comunicaci\u00f3n, Motivaci\u00f3n, Liderazgo, y Negociaci\u00f3n. Descubre, aprende y crece con Foro T\u00e9cnico de Formaci\u00f3n.","breadcrumb":{"@id":"https:\/\/forotf.com\/curso\/habilidades-directivas-comunicacion-motivacion-liderazgo-y-negociacion\/#breadcrumb"},"inLanguage":"pt-PT","potentialAction":[{"@type":"ReadAction","target":["https:\/\/forotf.com\/curso\/habilidades-directivas-comunicacion-motivacion-liderazgo-y-negociacion\/"]}]},{"@type":"ImageObject","inLanguage":"pt-PT","@id":"https:\/\/forotf.com\/curso\/habilidades-directivas-comunicacion-motivacion-liderazgo-y-negociacion\/#primaryimage","url":"https:\/\/forotf.com\/wp-content\/uploads\/2025\/05\/equipo-de-disenadores-trabajando-en-modelo-3d1-scaled.jpg","contentUrl":"https:\/\/forotf.com\/wp-content\/uploads\/2025\/05\/equipo-de-disenadores-trabajando-en-modelo-3d1-scaled.jpg","width":2560,"height":1707},{"@type":"BreadcrumbList","@id":"https:\/\/forotf.com\/curso\/habilidades-directivas-comunicacion-motivacion-liderazgo-y-negociacion\/#breadcrumb","itemListElement":[{"@type":"ListItem","position":1,"name":"Inicio","item":"https:\/\/forotf.com\/"},{"@type":"ListItem","position":2,"name":"Cursos","item":"https:\/\/forotf.com\/cursos\/"},{"@type":"ListItem","position":3,"name":"Uncategorized","item":"http:\/\/forotf.com\/pt\/product-category\/uncategorized\/"},{"@type":"ListItem","position":4,"name":"Habilidades directivas: Comunicaci\u00f3n, Motivaci\u00f3n, Liderazgo, y Negociaci\u00f3n"}]},{"@type":"WebSite","@id":"http:\/\/forotf.com\/pt\/#website","url":"http:\/\/forotf.com\/pt\/","name":"F\u00f3rum de Treinamento T\u00e9cnico","description":"Treinamento para Empresas","publisher":{"@id":"http:\/\/forotf.com\/pt\/#organization"},"alternateName":"FTF","potentialAction":[{"@type":"SearchAction","target":{"@type":"EntryPoint","urlTemplate":"http:\/\/forotf.com\/pt\/?s={search_term_string}"},"query-input":{"@type":"PropertyValueSpecification","valueRequired":true,"valueName":"search_term_string"}}],"inLanguage":"pt-PT"},{"@type":"Organization","@id":"http:\/\/forotf.com\/pt\/#organization","name":"F\u00f3rum de Treinamento T\u00e9cnico","alternateName":"FTF","url":"http:\/\/forotf.com\/pt\/","logo":{"@type":"ImageObject","inLanguage":"pt-PT","@id":"http:\/\/forotf.com\/pt\/#\/schema\/logo\/image\/","url":"https:\/\/forotf.com\/wp-content\/uploads\/2024\/02\/Oficial-Logo-FTF-Color.svg","contentUrl":"https:\/\/forotf.com\/wp-content\/uploads\/2024\/02\/Oficial-Logo-FTF-Color.svg","width":794,"height":212,"caption":"Foro T\u00e9cnico de Formaci\u00f3n"},"image":{"@id":"http:\/\/forotf.com\/pt\/#\/schema\/logo\/image\/"},"sameAs":["https:\/\/es-es.facebook.com\/forotf\/","https:\/\/www.instagram.com\/ftformacion\/?igshid=MWZjMTM2ODFkZg==","https:\/\/www.linkedin.com\/company\/foro-tecnico-de-formacion\/?originalSubdomain=es","https:\/\/www.youtube.com\/channel\/UCTzzsDUdLaZtfAGiP_ipLIg"]}]}},"publishpress_future_workflow_manual_trigger":{"enabledWorkflows":[]},"_links":{"self":[{"href":"https:\/\/forotf.com\/pt_pt\/wp-json\/wp\/v2\/product\/7067","targetHints":{"allow":["GET"]}}],"collection":[{"href":"https:\/\/forotf.com\/pt_pt\/wp-json\/wp\/v2\/product"}],"about":[{"href":"https:\/\/forotf.com\/pt_pt\/wp-json\/wp\/v2\/types\/product"}],"replies":[{"embeddable":true,"href":"https:\/\/forotf.com\/pt_pt\/wp-json\/wp\/v2\/comments?post=7067"}],"wp:featuredmedia":[{"embeddable":true,"href":"https:\/\/forotf.com\/pt_pt\/wp-json\/wp\/v2\/media\/7068"}],"wp:attachment":[{"href":"https:\/\/forotf.com\/pt_pt\/wp-json\/wp\/v2\/media?parent=7067"}],"wp:term":[{"taxonomy":"product_brand","embeddable":true,"href":"https:\/\/forotf.com\/pt_pt\/wp-json\/wp\/v2\/product_brand?post=7067"},{"taxonomy":"product_cat","embeddable":true,"href":"https:\/\/forotf.com\/pt_pt\/wp-json\/wp\/v2\/product_cat?post=7067"},{"taxonomy":"product_tag","embeddable":true,"href":"https:\/\/forotf.com\/pt_pt\/wp-json\/wp\/v2\/product_tag?post=7067"}],"curies":[{"name":"wp","href":"https:\/\/api.w.org\/{rel}","templated":true}]}}