{"id":7065,"date":"2025-05-27T08:51:01","date_gmt":"2025-05-27T08:51:01","guid":{"rendered":"https:\/\/forotf.com\/?post_type=product&#038;p=7065"},"modified":"2025-07-02T07:19:11","modified_gmt":"2025-07-02T07:19:11","slug":"curas-auxiliares-de-enfermeria-en-geriatria","status":"publish","type":"product","link":"https:\/\/forotf.com\/pt_pt\/curso\/curas-auxiliares-de-enfermeria-en-geriatria\/","title":{"rendered":"Curas auxiliares de enfermer\u00eda en geriatr\u00eda"},"content":{"rendered":"<p>Este curso est\u00e1 dise\u00f1ado para formar a profesionales en el \u00e1mbito sociosanitario, dot\u00e1ndoles de los conocimientos y habilidades necesarios para proporcionar cuidados auxiliares de enfermer\u00eda especializados en personas mayores, con especial atenci\u00f3n al tratamiento de heridas y la preservaci\u00f3n de la integridad cut\u00e1nea.<\/p>\n<p>A lo largo del curso, el alumnado aprender\u00e1 a identificar los diferentes tipos de heridas, comprender\u00e1 el proceso de cicatrizaci\u00f3n y adquirir\u00e1 competencias pr\u00e1cticas en t\u00e9cnicas de desinfecci\u00f3n, curas y prevenci\u00f3n de complicaciones frecuentes en el entorno geri\u00e1trico. Tambi\u00e9n se abordar\u00e1n de forma espec\u00edfica las heridas m\u00e1s habituales en centros sociosanitarios, como las \u00falceras por presi\u00f3n, y su tratamiento adecuado.<\/p>","protected":false},"excerpt":{"rendered":"<p>Curso orientado a formar profesionales en el cuidado de personas mayores, con especial atenci\u00f3n al tratamiento de heridas, prevenci\u00f3n de \u00falceras y mantenimiento de la integridad cut\u00e1nea. Aprende a identificar, clasificar y tratar distintos tipos de heridas en el entorno sociosanitario.<\/p>","protected":false},"featured_media":7066,"comment_status":"closed","ping_status":"closed","template":"","meta":{"codigo-servicio":"2119-A","costo-gestion":"3.63"},"product_brand":[],"product_cat":[15],"product_tag":[],"class_list":{"0":"post-7065","1":"product","2":"type-product","3":"status-publish","4":"has-post-thumbnail","6":"product_cat-uncategorized","8":"first","9":"instock","10":"shipping-taxable","11":"purchasable","12":"product-type-simple"},"pp_statuses_selecting_workflow":false,"pp_workflow_action":"current","pp_status_selection":"publish","yoast_head":"<!-- This site is optimized with the Yoast SEO plugin v27.3 - https:\/\/yoast.com\/product\/yoast-seo-wordpress\/ -->\n<title>Curso de Curas auxiliares de enfermer\u00eda en geriatr\u00eda | Foro T\u00e9cnico de Formaci\u00f3n<\/title>\n<meta name=\"description\" content=\"Potencia tu conocimiento con nuestro curso Curas auxiliares de enfermer\u00eda en geriatr\u00eda. Descubre, aprende y crece con Foro T\u00e9cnico de Formaci\u00f3n.\" \/>\n<meta name=\"robots\" content=\"index, follow, max-snippet:-1, max-image-preview:large, max-video-preview:-1\" \/>\n<link rel=\"canonical\" href=\"https:\/\/forotf.com\/pt_pt\/curso\/curas-auxiliares-de-enfermeria-en-geriatria\/\" \/>\n<meta property=\"og:locale\" content=\"pt_PT\" \/>\n<meta property=\"og:type\" content=\"article\" \/>\n<meta property=\"og:title\" content=\"Curso de Curas auxiliares de enfermer\u00eda en geriatr\u00eda | Foro T\u00e9cnico de Formaci\u00f3n\" \/>\n<meta property=\"og:description\" content=\"Potencia tu conocimiento con nuestro curso Curas auxiliares de enfermer\u00eda en geriatr\u00eda. Descubre, aprende y crece con Foro T\u00e9cnico de Formaci\u00f3n.\" \/>\n<meta property=\"og:url\" content=\"https:\/\/forotf.com\/pt_pt\/curso\/curas-auxiliares-de-enfermeria-en-geriatria\/\" \/>\n<meta property=\"og:site_name\" content=\"Foro T\u00e9cnico de Formaci\u00f3n\" \/>\n<meta property=\"article:publisher\" content=\"https:\/\/es-es.facebook.com\/forotf\/\" \/>\n<meta property=\"article:modified_time\" content=\"2025-07-02T07:19:11+00:00\" \/>\n<meta property=\"og:image\" content=\"https:\/\/forotf.com\/wp-content\/uploads\/2025\/05\/anciano-sentado-en-silla-de-ruedas-mientras-habla-con-la-enfermera2-scaled.jpg\" \/>\n\t<meta property=\"og:image:width\" content=\"2560\" \/>\n\t<meta property=\"og:image:height\" content=\"1709\" \/>\n\t<meta property=\"og:image:type\" content=\"image\/jpeg\" \/>\n<meta name=\"twitter:card\" content=\"summary_large_image\" \/>\n<script type=\"application\/ld+json\" class=\"yoast-schema-graph\">{\"@context\":\"https:\\\/\\\/schema.org\",\"@graph\":[{\"@type\":\"WebPage\",\"@id\":\"https:\\\/\\\/forotf.com\\\/curso\\\/curas-auxiliares-de-enfermeria-en-geriatria\\\/\",\"url\":\"https:\\\/\\\/forotf.com\\\/curso\\\/curas-auxiliares-de-enfermeria-en-geriatria\\\/\",\"name\":\"Curso de Curas auxiliares de enfermer\u00eda en geriatr\u00eda | Foro T\u00e9cnico de Formaci\u00f3n\",\"isPartOf\":{\"@id\":\"http:\\\/\\\/forotf.com\\\/pt\\\/#website\"},\"primaryImageOfPage\":{\"@id\":\"https:\\\/\\\/forotf.com\\\/curso\\\/curas-auxiliares-de-enfermeria-en-geriatria\\\/#primaryimage\"},\"image\":{\"@id\":\"https:\\\/\\\/forotf.com\\\/curso\\\/curas-auxiliares-de-enfermeria-en-geriatria\\\/#primaryimage\"},\"thumbnailUrl\":\"https:\\\/\\\/forotf.com\\\/wp-content\\\/uploads\\\/2025\\\/05\\\/anciano-sentado-en-silla-de-ruedas-mientras-habla-con-la-enfermera2-scaled.jpg\",\"datePublished\":\"2025-05-27T08:51:01+00:00\",\"dateModified\":\"2025-07-02T07:19:11+00:00\",\"description\":\"Potencia tu conocimiento con nuestro curso Curas auxiliares de enfermer\u00eda en geriatr\u00eda. Descubre, aprende y crece con Foro T\u00e9cnico de Formaci\u00f3n.\",\"breadcrumb\":{\"@id\":\"https:\\\/\\\/forotf.com\\\/curso\\\/curas-auxiliares-de-enfermeria-en-geriatria\\\/#breadcrumb\"},\"inLanguage\":\"pt-PT\",\"potentialAction\":[{\"@type\":\"ReadAction\",\"target\":[\"https:\\\/\\\/forotf.com\\\/curso\\\/curas-auxiliares-de-enfermeria-en-geriatria\\\/\"]}]},{\"@type\":\"ImageObject\",\"inLanguage\":\"pt-PT\",\"@id\":\"https:\\\/\\\/forotf.com\\\/curso\\\/curas-auxiliares-de-enfermeria-en-geriatria\\\/#primaryimage\",\"url\":\"https:\\\/\\\/forotf.com\\\/wp-content\\\/uploads\\\/2025\\\/05\\\/anciano-sentado-en-silla-de-ruedas-mientras-habla-con-la-enfermera2-scaled.jpg\",\"contentUrl\":\"https:\\\/\\\/forotf.com\\\/wp-content\\\/uploads\\\/2025\\\/05\\\/anciano-sentado-en-silla-de-ruedas-mientras-habla-con-la-enfermera2-scaled.jpg\",\"width\":2560,\"height\":1709},{\"@type\":\"BreadcrumbList\",\"@id\":\"https:\\\/\\\/forotf.com\\\/curso\\\/curas-auxiliares-de-enfermeria-en-geriatria\\\/#breadcrumb\",\"itemListElement\":[{\"@type\":\"ListItem\",\"position\":1,\"name\":\"Inicio\",\"item\":\"https:\\\/\\\/forotf.com\\\/\"},{\"@type\":\"ListItem\",\"position\":2,\"name\":\"Cursos\",\"item\":\"https:\\\/\\\/forotf.com\\\/cursos\\\/\"},{\"@type\":\"ListItem\",\"position\":3,\"name\":\"Uncategorized\",\"item\":\"http:\\\/\\\/forotf.com\\\/pt\\\/product-category\\\/uncategorized\\\/\"},{\"@type\":\"ListItem\",\"position\":4,\"name\":\"Curas auxiliares de enfermer\u00eda en geriatr\u00eda\"}]},{\"@type\":\"WebSite\",\"@id\":\"http:\\\/\\\/forotf.com\\\/pt\\\/#website\",\"url\":\"http:\\\/\\\/forotf.com\\\/pt\\\/\",\"name\":\"Foro T\u00e9cnico de Formaci\u00f3n\",\"description\":\"Formaci\u00f3n para Empresas\",\"publisher\":{\"@id\":\"http:\\\/\\\/forotf.com\\\/pt\\\/#organization\"},\"alternateName\":\"FTF\",\"potentialAction\":[{\"@type\":\"SearchAction\",\"target\":{\"@type\":\"EntryPoint\",\"urlTemplate\":\"http:\\\/\\\/forotf.com\\\/pt\\\/?s={search_term_string}\"},\"query-input\":{\"@type\":\"PropertyValueSpecification\",\"valueRequired\":true,\"valueName\":\"search_term_string\"}}],\"inLanguage\":\"pt-PT\"},{\"@type\":\"Organization\",\"@id\":\"http:\\\/\\\/forotf.com\\\/pt\\\/#organization\",\"name\":\"Foro T\u00e9cnico de Formaci\u00f3n\",\"alternateName\":\"FTF\",\"url\":\"http:\\\/\\\/forotf.com\\\/pt\\\/\",\"logo\":{\"@type\":\"ImageObject\",\"inLanguage\":\"pt-PT\",\"@id\":\"http:\\\/\\\/forotf.com\\\/pt\\\/#\\\/schema\\\/logo\\\/image\\\/\",\"url\":\"https:\\\/\\\/forotf.com\\\/wp-content\\\/uploads\\\/2024\\\/02\\\/Oficial-Logo-FTF-Color.svg\",\"contentUrl\":\"https:\\\/\\\/forotf.com\\\/wp-content\\\/uploads\\\/2024\\\/02\\\/Oficial-Logo-FTF-Color.svg\",\"width\":794,\"height\":212,\"caption\":\"Foro T\u00e9cnico de Formaci\u00f3n\"},\"image\":{\"@id\":\"http:\\\/\\\/forotf.com\\\/pt\\\/#\\\/schema\\\/logo\\\/image\\\/\"},\"sameAs\":[\"https:\\\/\\\/es-es.facebook.com\\\/forotf\\\/\",\"https:\\\/\\\/www.instagram.com\\\/ftformacion\\\/?igshid=MWZjMTM2ODFkZg==\",\"https:\\\/\\\/www.linkedin.com\\\/company\\\/foro-tecnico-de-formacion\\\/?originalSubdomain=es\",\"https:\\\/\\\/www.youtube.com\\\/channel\\\/UCTzzsDUdLaZtfAGiP_ipLIg\"]}]}<\/script>\n<!-- \/ Yoast SEO plugin. -->","yoast_head_json":{"title":"Curso de Curas auxiliares de enfermer\u00eda en geriatr\u00eda | Foro T\u00e9cnico de Formaci\u00f3n","description":"Potencia tu conocimiento con nuestro curso Curas auxiliares de enfermer\u00eda en geriatr\u00eda. Descubre, aprende y crece con Foro T\u00e9cnico de Formaci\u00f3n.","robots":{"index":"index","follow":"follow","max-snippet":"max-snippet:-1","max-image-preview":"max-image-preview:large","max-video-preview":"max-video-preview:-1"},"canonical":"https:\/\/forotf.com\/pt_pt\/curso\/curas-auxiliares-de-enfermeria-en-geriatria\/","og_locale":"pt_PT","og_type":"article","og_title":"Curso de Curas auxiliares de enfermer\u00eda en geriatr\u00eda | Foro T\u00e9cnico de Formaci\u00f3n","og_description":"Potencia tu conocimiento con nuestro curso Curas auxiliares de enfermer\u00eda en geriatr\u00eda. Descubre, aprende y crece con Foro T\u00e9cnico de Formaci\u00f3n.","og_url":"https:\/\/forotf.com\/pt_pt\/curso\/curas-auxiliares-de-enfermeria-en-geriatria\/","og_site_name":"Foro T\u00e9cnico de Formaci\u00f3n","article_publisher":"https:\/\/es-es.facebook.com\/forotf\/","article_modified_time":"2025-07-02T07:19:11+00:00","og_image":[{"width":2560,"height":1709,"url":"https:\/\/forotf.com\/wp-content\/uploads\/2025\/05\/anciano-sentado-en-silla-de-ruedas-mientras-habla-con-la-enfermera2-scaled.jpg","type":"image\/jpeg"}],"twitter_card":"summary_large_image","schema":{"@context":"https:\/\/schema.org","@graph":[{"@type":"WebPage","@id":"https:\/\/forotf.com\/curso\/curas-auxiliares-de-enfermeria-en-geriatria\/","url":"https:\/\/forotf.com\/curso\/curas-auxiliares-de-enfermeria-en-geriatria\/","name":"Curso de Curas auxiliares de enfermer\u00eda en geriatr\u00eda | Foro T\u00e9cnico de Formaci\u00f3n","isPartOf":{"@id":"http:\/\/forotf.com\/pt\/#website"},"primaryImageOfPage":{"@id":"https:\/\/forotf.com\/curso\/curas-auxiliares-de-enfermeria-en-geriatria\/#primaryimage"},"image":{"@id":"https:\/\/forotf.com\/curso\/curas-auxiliares-de-enfermeria-en-geriatria\/#primaryimage"},"thumbnailUrl":"https:\/\/forotf.com\/wp-content\/uploads\/2025\/05\/anciano-sentado-en-silla-de-ruedas-mientras-habla-con-la-enfermera2-scaled.jpg","datePublished":"2025-05-27T08:51:01+00:00","dateModified":"2025-07-02T07:19:11+00:00","description":"Potencia tu conocimiento con nuestro curso Curas auxiliares de enfermer\u00eda en geriatr\u00eda. Descubre, aprende y crece con Foro T\u00e9cnico de Formaci\u00f3n.","breadcrumb":{"@id":"https:\/\/forotf.com\/curso\/curas-auxiliares-de-enfermeria-en-geriatria\/#breadcrumb"},"inLanguage":"pt-PT","potentialAction":[{"@type":"ReadAction","target":["https:\/\/forotf.com\/curso\/curas-auxiliares-de-enfermeria-en-geriatria\/"]}]},{"@type":"ImageObject","inLanguage":"pt-PT","@id":"https:\/\/forotf.com\/curso\/curas-auxiliares-de-enfermeria-en-geriatria\/#primaryimage","url":"https:\/\/forotf.com\/wp-content\/uploads\/2025\/05\/anciano-sentado-en-silla-de-ruedas-mientras-habla-con-la-enfermera2-scaled.jpg","contentUrl":"https:\/\/forotf.com\/wp-content\/uploads\/2025\/05\/anciano-sentado-en-silla-de-ruedas-mientras-habla-con-la-enfermera2-scaled.jpg","width":2560,"height":1709},{"@type":"BreadcrumbList","@id":"https:\/\/forotf.com\/curso\/curas-auxiliares-de-enfermeria-en-geriatria\/#breadcrumb","itemListElement":[{"@type":"ListItem","position":1,"name":"Inicio","item":"https:\/\/forotf.com\/"},{"@type":"ListItem","position":2,"name":"Cursos","item":"https:\/\/forotf.com\/cursos\/"},{"@type":"ListItem","position":3,"name":"Uncategorized","item":"http:\/\/forotf.com\/pt\/product-category\/uncategorized\/"},{"@type":"ListItem","position":4,"name":"Curas auxiliares de enfermer\u00eda en geriatr\u00eda"}]},{"@type":"WebSite","@id":"http:\/\/forotf.com\/pt\/#website","url":"http:\/\/forotf.com\/pt\/","name":"F\u00f3rum de Treinamento T\u00e9cnico","description":"Treinamento para Empresas","publisher":{"@id":"http:\/\/forotf.com\/pt\/#organization"},"alternateName":"FTF","potentialAction":[{"@type":"SearchAction","target":{"@type":"EntryPoint","urlTemplate":"http:\/\/forotf.com\/pt\/?s={search_term_string}"},"query-input":{"@type":"PropertyValueSpecification","valueRequired":true,"valueName":"search_term_string"}}],"inLanguage":"pt-PT"},{"@type":"Organization","@id":"http:\/\/forotf.com\/pt\/#organization","name":"F\u00f3rum de Treinamento T\u00e9cnico","alternateName":"FTF","url":"http:\/\/forotf.com\/pt\/","logo":{"@type":"ImageObject","inLanguage":"pt-PT","@id":"http:\/\/forotf.com\/pt\/#\/schema\/logo\/image\/","url":"https:\/\/forotf.com\/wp-content\/uploads\/2024\/02\/Oficial-Logo-FTF-Color.svg","contentUrl":"https:\/\/forotf.com\/wp-content\/uploads\/2024\/02\/Oficial-Logo-FTF-Color.svg","width":794,"height":212,"caption":"Foro T\u00e9cnico de Formaci\u00f3n"},"image":{"@id":"http:\/\/forotf.com\/pt\/#\/schema\/logo\/image\/"},"sameAs":["https:\/\/es-es.facebook.com\/forotf\/","https:\/\/www.instagram.com\/ftformacion\/?igshid=MWZjMTM2ODFkZg==","https:\/\/www.linkedin.com\/company\/foro-tecnico-de-formacion\/?originalSubdomain=es","https:\/\/www.youtube.com\/channel\/UCTzzsDUdLaZtfAGiP_ipLIg"]}]}},"publishpress_future_workflow_manual_trigger":{"enabledWorkflows":[]},"_links":{"self":[{"href":"https:\/\/forotf.com\/pt_pt\/wp-json\/wp\/v2\/product\/7065","targetHints":{"allow":["GET"]}}],"collection":[{"href":"https:\/\/forotf.com\/pt_pt\/wp-json\/wp\/v2\/product"}],"about":[{"href":"https:\/\/forotf.com\/pt_pt\/wp-json\/wp\/v2\/types\/product"}],"replies":[{"embeddable":true,"href":"https:\/\/forotf.com\/pt_pt\/wp-json\/wp\/v2\/comments?post=7065"}],"wp:featuredmedia":[{"embeddable":true,"href":"https:\/\/forotf.com\/pt_pt\/wp-json\/wp\/v2\/media\/7066"}],"wp:attachment":[{"href":"https:\/\/forotf.com\/pt_pt\/wp-json\/wp\/v2\/media?parent=7065"}],"wp:term":[{"taxonomy":"product_brand","embeddable":true,"href":"https:\/\/forotf.com\/pt_pt\/wp-json\/wp\/v2\/product_brand?post=7065"},{"taxonomy":"product_cat","embeddable":true,"href":"https:\/\/forotf.com\/pt_pt\/wp-json\/wp\/v2\/product_cat?post=7065"},{"taxonomy":"product_tag","embeddable":true,"href":"https:\/\/forotf.com\/pt_pt\/wp-json\/wp\/v2\/product_tag?post=7065"}],"curies":[{"name":"wp","href":"https:\/\/api.w.org\/{rel}","templated":true}]}}