{"id":7057,"date":"2025-05-23T12:05:05","date_gmt":"2025-05-23T12:05:05","guid":{"rendered":"https:\/\/forotf.com\/?post_type=product&#038;p=7057"},"modified":"2025-05-27T11:50:24","modified_gmt":"2025-05-27T11:50:24","slug":"sensibilzacion-en-acp-demencias-y-manejo-de-conducta-en-acp","status":"publish","type":"product","link":"https:\/\/forotf.com\/pt_pt\/curso\/sensibilzacion-en-acp-demencias-y-manejo-de-conducta-en-acp\/","title":{"rendered":"Sensibilizaci\u00f3n en ACP: Demencias y manejo de conductas"},"content":{"rendered":"<p>El curso \u00abSensibilizaci\u00f3n en ACP. Demencias y manejo de conducta en ACP\u00bb est\u00e1 orientado a profesionales que trabajan en el \u00e1mbito sociosanitario y desean profundizar en los principios \u00e9ticos que gu\u00edan la atenci\u00f3n centrada en la persona (ACP), especialmente en el cuidado de personas con demencia. Esta formaci\u00f3n aborda los fundamentos de la bio\u00e9tica aplicada, el respeto a la dignidad y los derechos de las personas dependientes, y los retos \u00e9ticos que surgen en el acompa\u00f1amiento diario.<\/p>\n<p>A lo largo del curso, los participantes reflexionar\u00e1n sobre las actitudes y comportamientos \u00e9ticos necesarios para garantizar un cuidado humanizado y de calidad, al tiempo que aprender\u00e1n a manejar las conductas asociadas a la demencia con respeto y eficacia. Se ense\u00f1an metodolog\u00edas para la deliberaci\u00f3n \u00e9tica y el funcionamiento de comit\u00e9s de \u00e9tica, que facilitan la toma de decisiones responsables y fundamentadas en valores.<\/p>\n<p>Esta capacitaci\u00f3n resulta esencial para quienes desean mejorar su pr\u00e1ctica profesional, promoviendo un entorno de respeto, autonom\u00eda y bienestar para las personas en situaci\u00f3n de dependencia.<\/p>","protected":false},"excerpt":{"rendered":"<p>El curso \u00abSensibilizaci\u00f3n en ACP. Demencias y manejo de conducta en ACP\u00bb ofrece a profesionales sociosanitarios las herramientas \u00e9ticas y pr\u00e1cticas necesarias para cuidar con respeto y dignidad a personas con dependencia y demencia. Se enfoca en la atenci\u00f3n centrada en la persona, el manejo de conductas complejas y la resoluci\u00f3n de dilemas \u00e9ticos mediante el debate y la reflexi\u00f3n.<\/p>","protected":false},"featured_media":7061,"comment_status":"closed","ping_status":"closed","template":"","meta":{"codigo-servicio":"2065-BD","costo-gestion":"9.08"},"product_brand":[],"product_cat":[15],"product_tag":[],"class_list":{"0":"post-7057","1":"product","2":"type-product","3":"status-publish","4":"has-post-thumbnail","6":"product_cat-uncategorized","8":"first","9":"instock","10":"shipping-taxable","11":"purchasable","12":"product-type-simple"},"pp_statuses_selecting_workflow":false,"pp_workflow_action":"current","pp_status_selection":"publish","yoast_head":"<!-- This site is optimized with the Yoast SEO plugin v27.4 - https:\/\/yoast.com\/product\/yoast-seo-wordpress\/ -->\n<title>Curso de Sensibilizaci\u00f3n en ACP: Demencias y manejo de conductas | Foro T\u00e9cnico de Formaci\u00f3n<\/title>\n<meta name=\"description\" content=\"Potencia tu conocimiento con nuestro curso Sensibilizaci\u00f3n en ACP: Demencias y manejo de conductas. Descubre, aprende y crece con Foro T\u00e9cnico de Formaci\u00f3n.\" \/>\n<meta name=\"robots\" content=\"index, follow, max-snippet:-1, max-image-preview:large, max-video-preview:-1\" \/>\n<link rel=\"canonical\" href=\"https:\/\/forotf.com\/pt_pt\/curso\/sensibilzacion-en-acp-demencias-y-manejo-de-conducta-en-acp\/\" \/>\n<meta property=\"og:locale\" content=\"pt_PT\" \/>\n<meta property=\"og:type\" content=\"article\" \/>\n<meta property=\"og:title\" content=\"Curso de Sensibilizaci\u00f3n en ACP: Demencias y manejo de conductas | Foro T\u00e9cnico de Formaci\u00f3n\" \/>\n<meta property=\"og:description\" content=\"Potencia tu conocimiento con nuestro curso Sensibilizaci\u00f3n en ACP: Demencias y manejo de conductas. Descubre, aprende y crece con Foro T\u00e9cnico de Formaci\u00f3n.\" \/>\n<meta property=\"og:url\" content=\"https:\/\/forotf.com\/pt_pt\/curso\/sensibilzacion-en-acp-demencias-y-manejo-de-conducta-en-acp\/\" \/>\n<meta property=\"og:site_name\" content=\"Foro T\u00e9cnico de Formaci\u00f3n\" \/>\n<meta property=\"article:publisher\" content=\"https:\/\/es-es.facebook.com\/forotf\/\" \/>\n<meta property=\"article:modified_time\" content=\"2025-05-27T11:50:24+00:00\" \/>\n<meta property=\"og:image\" content=\"http:\/\/forotf.com\/wp-content\/uploads\/2025\/05\/concepto-de-asilo-de-ancianos-con-gente-feliz2-scaled.jpg\" \/>\n\t<meta property=\"og:image:width\" content=\"2560\" \/>\n\t<meta property=\"og:image:height\" content=\"1707\" \/>\n\t<meta property=\"og:image:type\" content=\"image\/jpeg\" \/>\n<meta name=\"twitter:card\" content=\"summary_large_image\" \/>\n<script type=\"application\/ld+json\" class=\"yoast-schema-graph\">{\"@context\":\"https:\\\/\\\/schema.org\",\"@graph\":[{\"@type\":\"WebPage\",\"@id\":\"https:\\\/\\\/forotf.com\\\/curso\\\/sensibilzacion-en-acp-demencias-y-manejo-de-conducta-en-acp\\\/\",\"url\":\"https:\\\/\\\/forotf.com\\\/curso\\\/sensibilzacion-en-acp-demencias-y-manejo-de-conducta-en-acp\\\/\",\"name\":\"Curso de Sensibilizaci\u00f3n en ACP: Demencias y manejo de conductas | Foro T\u00e9cnico de Formaci\u00f3n\",\"isPartOf\":{\"@id\":\"http:\\\/\\\/forotf.com\\\/pt\\\/#website\"},\"primaryImageOfPage\":{\"@id\":\"https:\\\/\\\/forotf.com\\\/curso\\\/sensibilzacion-en-acp-demencias-y-manejo-de-conducta-en-acp\\\/#primaryimage\"},\"image\":{\"@id\":\"https:\\\/\\\/forotf.com\\\/curso\\\/sensibilzacion-en-acp-demencias-y-manejo-de-conducta-en-acp\\\/#primaryimage\"},\"thumbnailUrl\":\"https:\\\/\\\/forotf.com\\\/wp-content\\\/uploads\\\/2025\\\/05\\\/concepto-de-asilo-de-ancianos-con-gente-feliz2-scaled.jpg\",\"datePublished\":\"2025-05-23T12:05:05+00:00\",\"dateModified\":\"2025-05-27T11:50:24+00:00\",\"description\":\"Potencia tu conocimiento con nuestro curso Sensibilizaci\u00f3n en ACP: Demencias y manejo de conductas. Descubre, aprende y crece con Foro T\u00e9cnico de Formaci\u00f3n.\",\"breadcrumb\":{\"@id\":\"https:\\\/\\\/forotf.com\\\/curso\\\/sensibilzacion-en-acp-demencias-y-manejo-de-conducta-en-acp\\\/#breadcrumb\"},\"inLanguage\":\"pt-PT\",\"potentialAction\":[{\"@type\":\"ReadAction\",\"target\":[\"https:\\\/\\\/forotf.com\\\/curso\\\/sensibilzacion-en-acp-demencias-y-manejo-de-conducta-en-acp\\\/\"]}]},{\"@type\":\"ImageObject\",\"inLanguage\":\"pt-PT\",\"@id\":\"https:\\\/\\\/forotf.com\\\/curso\\\/sensibilzacion-en-acp-demencias-y-manejo-de-conducta-en-acp\\\/#primaryimage\",\"url\":\"https:\\\/\\\/forotf.com\\\/wp-content\\\/uploads\\\/2025\\\/05\\\/concepto-de-asilo-de-ancianos-con-gente-feliz2-scaled.jpg\",\"contentUrl\":\"https:\\\/\\\/forotf.com\\\/wp-content\\\/uploads\\\/2025\\\/05\\\/concepto-de-asilo-de-ancianos-con-gente-feliz2-scaled.jpg\",\"width\":2560,\"height\":1707},{\"@type\":\"BreadcrumbList\",\"@id\":\"https:\\\/\\\/forotf.com\\\/curso\\\/sensibilzacion-en-acp-demencias-y-manejo-de-conducta-en-acp\\\/#breadcrumb\",\"itemListElement\":[{\"@type\":\"ListItem\",\"position\":1,\"name\":\"Inicio\",\"item\":\"https:\\\/\\\/forotf.com\\\/\"},{\"@type\":\"ListItem\",\"position\":2,\"name\":\"Cursos\",\"item\":\"https:\\\/\\\/forotf.com\\\/cursos\\\/\"},{\"@type\":\"ListItem\",\"position\":3,\"name\":\"Uncategorized\",\"item\":\"http:\\\/\\\/forotf.com\\\/pt\\\/product-category\\\/uncategorized\\\/\"},{\"@type\":\"ListItem\",\"position\":4,\"name\":\"Sensibilizaci\u00f3n en ACP: Demencias y manejo de conductas\"}]},{\"@type\":\"WebSite\",\"@id\":\"http:\\\/\\\/forotf.com\\\/pt\\\/#website\",\"url\":\"http:\\\/\\\/forotf.com\\\/pt\\\/\",\"name\":\"Foro T\u00e9cnico de Formaci\u00f3n\",\"description\":\"Formaci\u00f3n para Empresas\",\"publisher\":{\"@id\":\"http:\\\/\\\/forotf.com\\\/pt\\\/#organization\"},\"alternateName\":\"FTF\",\"potentialAction\":[{\"@type\":\"SearchAction\",\"target\":{\"@type\":\"EntryPoint\",\"urlTemplate\":\"http:\\\/\\\/forotf.com\\\/pt\\\/?s={search_term_string}\"},\"query-input\":{\"@type\":\"PropertyValueSpecification\",\"valueRequired\":true,\"valueName\":\"search_term_string\"}}],\"inLanguage\":\"pt-PT\"},{\"@type\":\"Organization\",\"@id\":\"http:\\\/\\\/forotf.com\\\/pt\\\/#organization\",\"name\":\"Foro T\u00e9cnico de Formaci\u00f3n\",\"alternateName\":\"FTF\",\"url\":\"http:\\\/\\\/forotf.com\\\/pt\\\/\",\"logo\":{\"@type\":\"ImageObject\",\"inLanguage\":\"pt-PT\",\"@id\":\"http:\\\/\\\/forotf.com\\\/pt\\\/#\\\/schema\\\/logo\\\/image\\\/\",\"url\":\"https:\\\/\\\/forotf.com\\\/wp-content\\\/uploads\\\/2024\\\/02\\\/Oficial-Logo-FTF-Color.svg\",\"contentUrl\":\"https:\\\/\\\/forotf.com\\\/wp-content\\\/uploads\\\/2024\\\/02\\\/Oficial-Logo-FTF-Color.svg\",\"width\":794,\"height\":212,\"caption\":\"Foro T\u00e9cnico de Formaci\u00f3n\"},\"image\":{\"@id\":\"http:\\\/\\\/forotf.com\\\/pt\\\/#\\\/schema\\\/logo\\\/image\\\/\"},\"sameAs\":[\"https:\\\/\\\/es-es.facebook.com\\\/forotf\\\/\",\"https:\\\/\\\/www.instagram.com\\\/ftformacion\\\/?igshid=MWZjMTM2ODFkZg==\",\"https:\\\/\\\/www.linkedin.com\\\/company\\\/foro-tecnico-de-formacion\\\/?originalSubdomain=es\",\"https:\\\/\\\/www.youtube.com\\\/channel\\\/UCTzzsDUdLaZtfAGiP_ipLIg\"]}]}<\/script>\n<!-- \/ Yoast SEO plugin. -->","yoast_head_json":{"title":"Curso de Sensibilizaci\u00f3n en ACP: Demencias y manejo de conductas | Foro T\u00e9cnico de Formaci\u00f3n","description":"Potencia tu conocimiento con nuestro curso Sensibilizaci\u00f3n en ACP: Demencias y manejo de conductas. Descubre, aprende y crece con Foro T\u00e9cnico de Formaci\u00f3n.","robots":{"index":"index","follow":"follow","max-snippet":"max-snippet:-1","max-image-preview":"max-image-preview:large","max-video-preview":"max-video-preview:-1"},"canonical":"https:\/\/forotf.com\/pt_pt\/curso\/sensibilzacion-en-acp-demencias-y-manejo-de-conducta-en-acp\/","og_locale":"pt_PT","og_type":"article","og_title":"Curso de Sensibilizaci\u00f3n en ACP: Demencias y manejo de conductas | Foro T\u00e9cnico de Formaci\u00f3n","og_description":"Potencia tu conocimiento con nuestro curso Sensibilizaci\u00f3n en ACP: Demencias y manejo de conductas. Descubre, aprende y crece con Foro T\u00e9cnico de Formaci\u00f3n.","og_url":"https:\/\/forotf.com\/pt_pt\/curso\/sensibilzacion-en-acp-demencias-y-manejo-de-conducta-en-acp\/","og_site_name":"Foro T\u00e9cnico de Formaci\u00f3n","article_publisher":"https:\/\/es-es.facebook.com\/forotf\/","article_modified_time":"2025-05-27T11:50:24+00:00","og_image":[{"width":2560,"height":1707,"url":"http:\/\/forotf.com\/wp-content\/uploads\/2025\/05\/concepto-de-asilo-de-ancianos-con-gente-feliz2-scaled.jpg","type":"image\/jpeg"}],"twitter_card":"summary_large_image","schema":{"@context":"https:\/\/schema.org","@graph":[{"@type":"WebPage","@id":"https:\/\/forotf.com\/curso\/sensibilzacion-en-acp-demencias-y-manejo-de-conducta-en-acp\/","url":"https:\/\/forotf.com\/curso\/sensibilzacion-en-acp-demencias-y-manejo-de-conducta-en-acp\/","name":"Curso de Sensibilizaci\u00f3n en ACP: Demencias y manejo de conductas | Foro T\u00e9cnico de Formaci\u00f3n","isPartOf":{"@id":"http:\/\/forotf.com\/pt\/#website"},"primaryImageOfPage":{"@id":"https:\/\/forotf.com\/curso\/sensibilzacion-en-acp-demencias-y-manejo-de-conducta-en-acp\/#primaryimage"},"image":{"@id":"https:\/\/forotf.com\/curso\/sensibilzacion-en-acp-demencias-y-manejo-de-conducta-en-acp\/#primaryimage"},"thumbnailUrl":"https:\/\/forotf.com\/wp-content\/uploads\/2025\/05\/concepto-de-asilo-de-ancianos-con-gente-feliz2-scaled.jpg","datePublished":"2025-05-23T12:05:05+00:00","dateModified":"2025-05-27T11:50:24+00:00","description":"Potencia tu conocimiento con nuestro curso Sensibilizaci\u00f3n en ACP: Demencias y manejo de conductas. Descubre, aprende y crece con Foro T\u00e9cnico de Formaci\u00f3n.","breadcrumb":{"@id":"https:\/\/forotf.com\/curso\/sensibilzacion-en-acp-demencias-y-manejo-de-conducta-en-acp\/#breadcrumb"},"inLanguage":"pt-PT","potentialAction":[{"@type":"ReadAction","target":["https:\/\/forotf.com\/curso\/sensibilzacion-en-acp-demencias-y-manejo-de-conducta-en-acp\/"]}]},{"@type":"ImageObject","inLanguage":"pt-PT","@id":"https:\/\/forotf.com\/curso\/sensibilzacion-en-acp-demencias-y-manejo-de-conducta-en-acp\/#primaryimage","url":"https:\/\/forotf.com\/wp-content\/uploads\/2025\/05\/concepto-de-asilo-de-ancianos-con-gente-feliz2-scaled.jpg","contentUrl":"https:\/\/forotf.com\/wp-content\/uploads\/2025\/05\/concepto-de-asilo-de-ancianos-con-gente-feliz2-scaled.jpg","width":2560,"height":1707},{"@type":"BreadcrumbList","@id":"https:\/\/forotf.com\/curso\/sensibilzacion-en-acp-demencias-y-manejo-de-conducta-en-acp\/#breadcrumb","itemListElement":[{"@type":"ListItem","position":1,"name":"Inicio","item":"https:\/\/forotf.com\/"},{"@type":"ListItem","position":2,"name":"Cursos","item":"https:\/\/forotf.com\/cursos\/"},{"@type":"ListItem","position":3,"name":"Uncategorized","item":"http:\/\/forotf.com\/pt\/product-category\/uncategorized\/"},{"@type":"ListItem","position":4,"name":"Sensibilizaci\u00f3n en ACP: Demencias y manejo de conductas"}]},{"@type":"WebSite","@id":"http:\/\/forotf.com\/pt\/#website","url":"http:\/\/forotf.com\/pt\/","name":"F\u00f3rum de Treinamento T\u00e9cnico","description":"Treinamento para Empresas","publisher":{"@id":"http:\/\/forotf.com\/pt\/#organization"},"alternateName":"FTF","potentialAction":[{"@type":"SearchAction","target":{"@type":"EntryPoint","urlTemplate":"http:\/\/forotf.com\/pt\/?s={search_term_string}"},"query-input":{"@type":"PropertyValueSpecification","valueRequired":true,"valueName":"search_term_string"}}],"inLanguage":"pt-PT"},{"@type":"Organization","@id":"http:\/\/forotf.com\/pt\/#organization","name":"F\u00f3rum de Treinamento T\u00e9cnico","alternateName":"FTF","url":"http:\/\/forotf.com\/pt\/","logo":{"@type":"ImageObject","inLanguage":"pt-PT","@id":"http:\/\/forotf.com\/pt\/#\/schema\/logo\/image\/","url":"https:\/\/forotf.com\/wp-content\/uploads\/2024\/02\/Oficial-Logo-FTF-Color.svg","contentUrl":"https:\/\/forotf.com\/wp-content\/uploads\/2024\/02\/Oficial-Logo-FTF-Color.svg","width":794,"height":212,"caption":"Foro T\u00e9cnico de Formaci\u00f3n"},"image":{"@id":"http:\/\/forotf.com\/pt\/#\/schema\/logo\/image\/"},"sameAs":["https:\/\/es-es.facebook.com\/forotf\/","https:\/\/www.instagram.com\/ftformacion\/?igshid=MWZjMTM2ODFkZg==","https:\/\/www.linkedin.com\/company\/foro-tecnico-de-formacion\/?originalSubdomain=es","https:\/\/www.youtube.com\/channel\/UCTzzsDUdLaZtfAGiP_ipLIg"]}]}},"publishpress_future_workflow_manual_trigger":{"enabledWorkflows":[]},"_links":{"self":[{"href":"https:\/\/forotf.com\/pt_pt\/wp-json\/wp\/v2\/product\/7057","targetHints":{"allow":["GET"]}}],"collection":[{"href":"https:\/\/forotf.com\/pt_pt\/wp-json\/wp\/v2\/product"}],"about":[{"href":"https:\/\/forotf.com\/pt_pt\/wp-json\/wp\/v2\/types\/product"}],"replies":[{"embeddable":true,"href":"https:\/\/forotf.com\/pt_pt\/wp-json\/wp\/v2\/comments?post=7057"}],"wp:featuredmedia":[{"embeddable":true,"href":"https:\/\/forotf.com\/pt_pt\/wp-json\/wp\/v2\/media\/7061"}],"wp:attachment":[{"href":"https:\/\/forotf.com\/pt_pt\/wp-json\/wp\/v2\/media?parent=7057"}],"wp:term":[{"taxonomy":"product_brand","embeddable":true,"href":"https:\/\/forotf.com\/pt_pt\/wp-json\/wp\/v2\/product_brand?post=7057"},{"taxonomy":"product_cat","embeddable":true,"href":"https:\/\/forotf.com\/pt_pt\/wp-json\/wp\/v2\/product_cat?post=7057"},{"taxonomy":"product_tag","embeddable":true,"href":"https:\/\/forotf.com\/pt_pt\/wp-json\/wp\/v2\/product_tag?post=7057"}],"curies":[{"name":"wp","href":"https:\/\/api.w.org\/{rel}","templated":true}]}}