{"id":6989,"date":"2025-04-11T09:40:56","date_gmt":"2025-04-11T09:40:56","guid":{"rendered":"https:\/\/forotf.com\/?post_type=product&#038;p=6989"},"modified":"2025-06-16T10:34:18","modified_gmt":"2025-06-16T10:34:18","slug":"gestion-de-enfermedades-infecciosas","status":"publish","type":"product","link":"https:\/\/forotf.com\/pt_pt\/curso\/gestion-de-enfermedades-infecciosas\/","title":{"rendered":"Gesti\u00f3n de enfermedades infecciosas"},"content":{"rendered":"<p>Este curso est\u00e1 dise\u00f1ado para capacitar a profesionales del \u00e1mbito sanitario, sociosanitario y de la atenci\u00f3n domiciliaria en la prevenci\u00f3n, identificaci\u00f3n y actuaci\u00f3n frente a enfermedades infectocontagiosas, tanto comunes como emergentes.<\/p>\n<p>A lo largo de la formaci\u00f3n, se abordar\u00e1n los principales agentes causantes de infecciones (virus, bacterias, hongos y par\u00e1sitos&#8230;) , as\u00ed como las patolog\u00edas m\u00e1s frecuentes, sus mecanismos de propagaci\u00f3n y los grupos de riesgo. Tambi\u00e9n se profundizar\u00e1 en la correcta aplicaci\u00f3n de medidas preventivas, el uso de Equipos de Protecci\u00f3n Individual (EPIs), las t\u00e9cnicas de aislamiento, y los procedimientos de limpieza y desinfecci\u00f3n en centros y domicilios.<\/p>\n<p>Una formaci\u00f3n clave para garantizar la seguridad de los trabajadores y la protecci\u00f3n de las personas atendidas, especialmente en contextos de alta vulnerabilidad como residencias, centros de d\u00eda o entornos domiciliarios.<\/p>","protected":false},"excerpt":{"rendered":"<p>El curso Gesti\u00f3n de enfermedades infecciosas ofrece una formaci\u00f3n esencial para profesionales del \u00e1mbito sanitario y sociosanitario, enfocada en la prevenci\u00f3n y control de patolog\u00edas infectocontagiosas en centros y domicilios. A trav\u00e9s de cinco unidades did\u00e1cticas, se abordan los principales agentes infecciosos, las enfermedades m\u00e1s comunes, las medidas de prevenci\u00f3n, el uso correcto de los EPIs, los distintos tipos de aislamiento y las t\u00e9cnicas de limpieza y desinfecci\u00f3n. Una formaci\u00f3n pr\u00e1ctica y actualizada para garantizar entornos seguros y proteger tanto a los profesionales como a las personas atendidas.<\/p>","protected":false},"featured_media":6991,"comment_status":"closed","ping_status":"closed","template":"","meta":{"codigo-servicio":"2039-A","costo-gestion":"7.20"},"product_brand":[],"product_cat":[15],"product_tag":[],"class_list":{"0":"post-6989","1":"product","2":"type-product","3":"status-publish","4":"has-post-thumbnail","6":"product_cat-uncategorized","8":"first","9":"instock","10":"shipping-taxable","11":"purchasable","12":"product-type-simple"},"pp_statuses_selecting_workflow":false,"pp_workflow_action":"current","pp_status_selection":"publish","yoast_head":"<!-- This site is optimized with the Yoast SEO plugin v27.4 - https:\/\/yoast.com\/product\/yoast-seo-wordpress\/ -->\n<title>Curso de Gesti\u00f3n de enfermedades infecciosas | Foro T\u00e9cnico de Formaci\u00f3n<\/title>\n<meta name=\"description\" content=\"Potencia tu conocimiento con nuestro curso Gesti\u00f3n de enfermedades infecciosas. Descubre, aprende y crece con Foro T\u00e9cnico de Formaci\u00f3n.\" \/>\n<meta name=\"robots\" content=\"index, follow, max-snippet:-1, max-image-preview:large, max-video-preview:-1\" \/>\n<link rel=\"canonical\" href=\"https:\/\/forotf.com\/pt_pt\/curso\/gestion-de-enfermedades-infecciosas\/\" \/>\n<meta property=\"og:locale\" content=\"pt_PT\" \/>\n<meta property=\"og:type\" content=\"article\" \/>\n<meta property=\"og:title\" content=\"Curso de Gesti\u00f3n de enfermedades infecciosas | Foro T\u00e9cnico de Formaci\u00f3n\" \/>\n<meta property=\"og:description\" content=\"Potencia tu conocimiento con nuestro curso Gesti\u00f3n de enfermedades infecciosas. Descubre, aprende y crece con Foro T\u00e9cnico de Formaci\u00f3n.\" \/>\n<meta property=\"og:url\" content=\"https:\/\/forotf.com\/pt_pt\/curso\/gestion-de-enfermedades-infecciosas\/\" \/>\n<meta property=\"og:site_name\" content=\"Foro T\u00e9cnico de Formaci\u00f3n\" \/>\n<meta property=\"article:publisher\" content=\"https:\/\/es-es.facebook.com\/forotf\/\" \/>\n<meta property=\"article:modified_time\" content=\"2025-06-16T10:34:18+00:00\" \/>\n<meta property=\"og:image\" content=\"https:\/\/forotf.com\/wp-content\/uploads\/2025\/04\/close-up-blurry-scientist-holding-petri-dish1-scaled.jpg\" \/>\n\t<meta property=\"og:image:width\" content=\"2560\" \/>\n\t<meta property=\"og:image:height\" content=\"1440\" \/>\n\t<meta property=\"og:image:type\" content=\"image\/jpeg\" \/>\n<meta name=\"twitter:card\" content=\"summary_large_image\" \/>\n<script type=\"application\/ld+json\" class=\"yoast-schema-graph\">{\"@context\":\"https:\\\/\\\/schema.org\",\"@graph\":[{\"@type\":\"WebPage\",\"@id\":\"https:\\\/\\\/forotf.com\\\/curso\\\/gestion-de-enfermedades-infecciosas\\\/\",\"url\":\"https:\\\/\\\/forotf.com\\\/curso\\\/gestion-de-enfermedades-infecciosas\\\/\",\"name\":\"Curso de Gesti\u00f3n de enfermedades infecciosas | Foro T\u00e9cnico de Formaci\u00f3n\",\"isPartOf\":{\"@id\":\"http:\\\/\\\/forotf.com\\\/pt\\\/#website\"},\"primaryImageOfPage\":{\"@id\":\"https:\\\/\\\/forotf.com\\\/curso\\\/gestion-de-enfermedades-infecciosas\\\/#primaryimage\"},\"image\":{\"@id\":\"https:\\\/\\\/forotf.com\\\/curso\\\/gestion-de-enfermedades-infecciosas\\\/#primaryimage\"},\"thumbnailUrl\":\"https:\\\/\\\/forotf.com\\\/wp-content\\\/uploads\\\/2025\\\/04\\\/close-up-blurry-scientist-holding-petri-dish1-scaled.jpg\",\"datePublished\":\"2025-04-11T09:40:56+00:00\",\"dateModified\":\"2025-06-16T10:34:18+00:00\",\"description\":\"Potencia tu conocimiento con nuestro curso Gesti\u00f3n de enfermedades infecciosas. Descubre, aprende y crece con Foro T\u00e9cnico de Formaci\u00f3n.\",\"breadcrumb\":{\"@id\":\"https:\\\/\\\/forotf.com\\\/curso\\\/gestion-de-enfermedades-infecciosas\\\/#breadcrumb\"},\"inLanguage\":\"pt-PT\",\"potentialAction\":[{\"@type\":\"ReadAction\",\"target\":[\"https:\\\/\\\/forotf.com\\\/curso\\\/gestion-de-enfermedades-infecciosas\\\/\"]}]},{\"@type\":\"ImageObject\",\"inLanguage\":\"pt-PT\",\"@id\":\"https:\\\/\\\/forotf.com\\\/curso\\\/gestion-de-enfermedades-infecciosas\\\/#primaryimage\",\"url\":\"https:\\\/\\\/forotf.com\\\/wp-content\\\/uploads\\\/2025\\\/04\\\/close-up-blurry-scientist-holding-petri-dish1-scaled.jpg\",\"contentUrl\":\"https:\\\/\\\/forotf.com\\\/wp-content\\\/uploads\\\/2025\\\/04\\\/close-up-blurry-scientist-holding-petri-dish1-scaled.jpg\",\"width\":2560,\"height\":1440},{\"@type\":\"BreadcrumbList\",\"@id\":\"https:\\\/\\\/forotf.com\\\/curso\\\/gestion-de-enfermedades-infecciosas\\\/#breadcrumb\",\"itemListElement\":[{\"@type\":\"ListItem\",\"position\":1,\"name\":\"Inicio\",\"item\":\"https:\\\/\\\/forotf.com\\\/\"},{\"@type\":\"ListItem\",\"position\":2,\"name\":\"Cursos\",\"item\":\"https:\\\/\\\/forotf.com\\\/cursos\\\/\"},{\"@type\":\"ListItem\",\"position\":3,\"name\":\"Uncategorized\",\"item\":\"http:\\\/\\\/forotf.com\\\/pt\\\/product-category\\\/uncategorized\\\/\"},{\"@type\":\"ListItem\",\"position\":4,\"name\":\"Gesti\u00f3n de enfermedades infecciosas\"}]},{\"@type\":\"WebSite\",\"@id\":\"http:\\\/\\\/forotf.com\\\/pt\\\/#website\",\"url\":\"http:\\\/\\\/forotf.com\\\/pt\\\/\",\"name\":\"Foro T\u00e9cnico de Formaci\u00f3n\",\"description\":\"Formaci\u00f3n para Empresas\",\"publisher\":{\"@id\":\"http:\\\/\\\/forotf.com\\\/pt\\\/#organization\"},\"alternateName\":\"FTF\",\"potentialAction\":[{\"@type\":\"SearchAction\",\"target\":{\"@type\":\"EntryPoint\",\"urlTemplate\":\"http:\\\/\\\/forotf.com\\\/pt\\\/?s={search_term_string}\"},\"query-input\":{\"@type\":\"PropertyValueSpecification\",\"valueRequired\":true,\"valueName\":\"search_term_string\"}}],\"inLanguage\":\"pt-PT\"},{\"@type\":\"Organization\",\"@id\":\"http:\\\/\\\/forotf.com\\\/pt\\\/#organization\",\"name\":\"Foro T\u00e9cnico de Formaci\u00f3n\",\"alternateName\":\"FTF\",\"url\":\"http:\\\/\\\/forotf.com\\\/pt\\\/\",\"logo\":{\"@type\":\"ImageObject\",\"inLanguage\":\"pt-PT\",\"@id\":\"http:\\\/\\\/forotf.com\\\/pt\\\/#\\\/schema\\\/logo\\\/image\\\/\",\"url\":\"https:\\\/\\\/forotf.com\\\/wp-content\\\/uploads\\\/2024\\\/02\\\/Oficial-Logo-FTF-Color.svg\",\"contentUrl\":\"https:\\\/\\\/forotf.com\\\/wp-content\\\/uploads\\\/2024\\\/02\\\/Oficial-Logo-FTF-Color.svg\",\"width\":794,\"height\":212,\"caption\":\"Foro T\u00e9cnico de Formaci\u00f3n\"},\"image\":{\"@id\":\"http:\\\/\\\/forotf.com\\\/pt\\\/#\\\/schema\\\/logo\\\/image\\\/\"},\"sameAs\":[\"https:\\\/\\\/es-es.facebook.com\\\/forotf\\\/\",\"https:\\\/\\\/www.instagram.com\\\/ftformacion\\\/?igshid=MWZjMTM2ODFkZg==\",\"https:\\\/\\\/www.linkedin.com\\\/company\\\/foro-tecnico-de-formacion\\\/?originalSubdomain=es\",\"https:\\\/\\\/www.youtube.com\\\/channel\\\/UCTzzsDUdLaZtfAGiP_ipLIg\"]}]}<\/script>\n<!-- \/ Yoast SEO plugin. -->","yoast_head_json":{"title":"Curso de Gesti\u00f3n de enfermedades infecciosas | Foro T\u00e9cnico de Formaci\u00f3n","description":"Potencia tu conocimiento con nuestro curso Gesti\u00f3n de enfermedades infecciosas. Descubre, aprende y crece con Foro T\u00e9cnico de Formaci\u00f3n.","robots":{"index":"index","follow":"follow","max-snippet":"max-snippet:-1","max-image-preview":"max-image-preview:large","max-video-preview":"max-video-preview:-1"},"canonical":"https:\/\/forotf.com\/pt_pt\/curso\/gestion-de-enfermedades-infecciosas\/","og_locale":"pt_PT","og_type":"article","og_title":"Curso de Gesti\u00f3n de enfermedades infecciosas | Foro T\u00e9cnico de Formaci\u00f3n","og_description":"Potencia tu conocimiento con nuestro curso Gesti\u00f3n de enfermedades infecciosas. Descubre, aprende y crece con Foro T\u00e9cnico de Formaci\u00f3n.","og_url":"https:\/\/forotf.com\/pt_pt\/curso\/gestion-de-enfermedades-infecciosas\/","og_site_name":"Foro T\u00e9cnico de Formaci\u00f3n","article_publisher":"https:\/\/es-es.facebook.com\/forotf\/","article_modified_time":"2025-06-16T10:34:18+00:00","og_image":[{"width":2560,"height":1440,"url":"https:\/\/forotf.com\/wp-content\/uploads\/2025\/04\/close-up-blurry-scientist-holding-petri-dish1-scaled.jpg","type":"image\/jpeg"}],"twitter_card":"summary_large_image","schema":{"@context":"https:\/\/schema.org","@graph":[{"@type":"WebPage","@id":"https:\/\/forotf.com\/curso\/gestion-de-enfermedades-infecciosas\/","url":"https:\/\/forotf.com\/curso\/gestion-de-enfermedades-infecciosas\/","name":"Curso de Gesti\u00f3n de enfermedades infecciosas | Foro T\u00e9cnico de Formaci\u00f3n","isPartOf":{"@id":"http:\/\/forotf.com\/pt\/#website"},"primaryImageOfPage":{"@id":"https:\/\/forotf.com\/curso\/gestion-de-enfermedades-infecciosas\/#primaryimage"},"image":{"@id":"https:\/\/forotf.com\/curso\/gestion-de-enfermedades-infecciosas\/#primaryimage"},"thumbnailUrl":"https:\/\/forotf.com\/wp-content\/uploads\/2025\/04\/close-up-blurry-scientist-holding-petri-dish1-scaled.jpg","datePublished":"2025-04-11T09:40:56+00:00","dateModified":"2025-06-16T10:34:18+00:00","description":"Potencia tu conocimiento con nuestro curso Gesti\u00f3n de enfermedades infecciosas. Descubre, aprende y crece con Foro T\u00e9cnico de Formaci\u00f3n.","breadcrumb":{"@id":"https:\/\/forotf.com\/curso\/gestion-de-enfermedades-infecciosas\/#breadcrumb"},"inLanguage":"pt-PT","potentialAction":[{"@type":"ReadAction","target":["https:\/\/forotf.com\/curso\/gestion-de-enfermedades-infecciosas\/"]}]},{"@type":"ImageObject","inLanguage":"pt-PT","@id":"https:\/\/forotf.com\/curso\/gestion-de-enfermedades-infecciosas\/#primaryimage","url":"https:\/\/forotf.com\/wp-content\/uploads\/2025\/04\/close-up-blurry-scientist-holding-petri-dish1-scaled.jpg","contentUrl":"https:\/\/forotf.com\/wp-content\/uploads\/2025\/04\/close-up-blurry-scientist-holding-petri-dish1-scaled.jpg","width":2560,"height":1440},{"@type":"BreadcrumbList","@id":"https:\/\/forotf.com\/curso\/gestion-de-enfermedades-infecciosas\/#breadcrumb","itemListElement":[{"@type":"ListItem","position":1,"name":"Inicio","item":"https:\/\/forotf.com\/"},{"@type":"ListItem","position":2,"name":"Cursos","item":"https:\/\/forotf.com\/cursos\/"},{"@type":"ListItem","position":3,"name":"Uncategorized","item":"http:\/\/forotf.com\/pt\/product-category\/uncategorized\/"},{"@type":"ListItem","position":4,"name":"Gesti\u00f3n de enfermedades infecciosas"}]},{"@type":"WebSite","@id":"http:\/\/forotf.com\/pt\/#website","url":"http:\/\/forotf.com\/pt\/","name":"F\u00f3rum de Treinamento T\u00e9cnico","description":"Treinamento para Empresas","publisher":{"@id":"http:\/\/forotf.com\/pt\/#organization"},"alternateName":"FTF","potentialAction":[{"@type":"SearchAction","target":{"@type":"EntryPoint","urlTemplate":"http:\/\/forotf.com\/pt\/?s={search_term_string}"},"query-input":{"@type":"PropertyValueSpecification","valueRequired":true,"valueName":"search_term_string"}}],"inLanguage":"pt-PT"},{"@type":"Organization","@id":"http:\/\/forotf.com\/pt\/#organization","name":"F\u00f3rum de Treinamento T\u00e9cnico","alternateName":"FTF","url":"http:\/\/forotf.com\/pt\/","logo":{"@type":"ImageObject","inLanguage":"pt-PT","@id":"http:\/\/forotf.com\/pt\/#\/schema\/logo\/image\/","url":"https:\/\/forotf.com\/wp-content\/uploads\/2024\/02\/Oficial-Logo-FTF-Color.svg","contentUrl":"https:\/\/forotf.com\/wp-content\/uploads\/2024\/02\/Oficial-Logo-FTF-Color.svg","width":794,"height":212,"caption":"Foro T\u00e9cnico de Formaci\u00f3n"},"image":{"@id":"http:\/\/forotf.com\/pt\/#\/schema\/logo\/image\/"},"sameAs":["https:\/\/es-es.facebook.com\/forotf\/","https:\/\/www.instagram.com\/ftformacion\/?igshid=MWZjMTM2ODFkZg==","https:\/\/www.linkedin.com\/company\/foro-tecnico-de-formacion\/?originalSubdomain=es","https:\/\/www.youtube.com\/channel\/UCTzzsDUdLaZtfAGiP_ipLIg"]}]}},"publishpress_future_workflow_manual_trigger":{"enabledWorkflows":[]},"_links":{"self":[{"href":"https:\/\/forotf.com\/pt_pt\/wp-json\/wp\/v2\/product\/6989","targetHints":{"allow":["GET"]}}],"collection":[{"href":"https:\/\/forotf.com\/pt_pt\/wp-json\/wp\/v2\/product"}],"about":[{"href":"https:\/\/forotf.com\/pt_pt\/wp-json\/wp\/v2\/types\/product"}],"replies":[{"embeddable":true,"href":"https:\/\/forotf.com\/pt_pt\/wp-json\/wp\/v2\/comments?post=6989"}],"wp:featuredmedia":[{"embeddable":true,"href":"https:\/\/forotf.com\/pt_pt\/wp-json\/wp\/v2\/media\/6991"}],"wp:attachment":[{"href":"https:\/\/forotf.com\/pt_pt\/wp-json\/wp\/v2\/media?parent=6989"}],"wp:term":[{"taxonomy":"product_brand","embeddable":true,"href":"https:\/\/forotf.com\/pt_pt\/wp-json\/wp\/v2\/product_brand?post=6989"},{"taxonomy":"product_cat","embeddable":true,"href":"https:\/\/forotf.com\/pt_pt\/wp-json\/wp\/v2\/product_cat?post=6989"},{"taxonomy":"product_tag","embeddable":true,"href":"https:\/\/forotf.com\/pt_pt\/wp-json\/wp\/v2\/product_tag?post=6989"}],"curies":[{"name":"wp","href":"https:\/\/api.w.org\/{rel}","templated":true}]}}