{"id":5494,"date":"2024-07-02T07:21:40","date_gmt":"2024-07-02T07:21:40","guid":{"rendered":"https:\/\/forotf.com\/?post_type=product&#038;p=5494"},"modified":"2025-10-23T14:43:50","modified_gmt":"2025-10-23T14:43:50","slug":"sensibilizacion-en-atencion-centrada-en-la-persona-acp-2","status":"publish","type":"product","link":"https:\/\/forotf.com\/pt_pt\/curso\/sensibilizacion-en-atencion-centrada-en-la-persona-acp-2\/","title":{"rendered":"Aumento da Conscientiza\u00e7\u00e3o sobre o Cuidado Centrado na Pessoa (PCA)"},"content":{"rendered":"<p>Con este curso te introduces en el modelo de Atenci\u00f3n Centrada en la Persona, modelo de intervenci\u00f3n con el que se trabaja en los centros sociosanitarios y que pone en el centro de la atenci\u00f3n al usuario. Respetando la individualidad de cada uno, sus deseos, preferencias y proporcionando as\u00ed una atenci\u00f3n personalizada y de calidad. \u00a0La atenci\u00f3n centrada en la persona constituye el eje sobre el que gira la organizaci\u00f3n del centro y\/o servicio, as\u00ed como, las actuaciones de los equipos profesionales.<\/p>\n<p><span data-teams=\"true\">\u00a0<\/span><\/p>","protected":false},"excerpt":{"rendered":"<p>Conhe\u00e7a nosso curso \u201cConscientiza\u00e7\u00e3o sobre o cuidado centrado na pessoa\u201d, desenvolvido para revolucionar a forma como entendemos e prestamos cuidados.<\/p>\n<p>Equipe-se com as ferramentas e pr\u00e1ticas necess\u00e1rias para criar o dec\u00e1logo do seu pr\u00f3prio centro e adotar um modelo de entrevista com residentes que promova o Cuidado Centrado na Pessoa.<\/p>\n<p>Inscreva-se agora e fa\u00e7a parte da mudan\u00e7a em dire\u00e7\u00e3o a um atendimento mais respeitoso, personalizado e significativo!<\/p>","protected":false},"featured_media":3311,"comment_status":"closed","ping_status":"closed","template":"","meta":{"codigo-servicio":"2015-B","costo-gestion":"3.63"},"product_brand":[],"product_cat":[88],"product_tag":[89,93,90,91,92,94],"class_list":{"0":"post-5494","1":"product","2":"type-product","3":"status-publish","4":"has-post-thumbnail","6":"product_cat-programado","7":"product_tag-100-bonificable","8":"product_tag-certificado-de-finalizacion","9":"product_tag-multidispositivo","10":"product_tag-sin-horarios","11":"product_tag-test-de-evaluacion","12":"product_tag-tutor-acreditado","14":"first","15":"instock","16":"virtual","17":"purchasable","18":"product-type-simple"},"pp_statuses_selecting_workflow":false,"pp_workflow_action":"current","pp_status_selection":"publish","yoast_head":"<!-- This site is optimized with the Yoast SEO plugin v27.3 - https:\/\/yoast.com\/product\/yoast-seo-wordpress\/ -->\n<title>Curso de Sensibilizaci\u00f3n en Atenci\u00f3n Centrada en la Persona (ACP) | Foro T\u00e9cnico de Formaci\u00f3n<\/title>\n<meta name=\"description\" content=\"Descubre nuestro curso &quot;Sensibilizaci\u00f3n en Atenci\u00f3n Centrada en la Persona&quot;, dise\u00f1ado para revolucionar la forma en que proporcionamos atenci\u00f3n.\" \/>\n<meta name=\"robots\" content=\"index, follow, max-snippet:-1, max-image-preview:large, max-video-preview:-1\" \/>\n<link rel=\"canonical\" href=\"https:\/\/forotf.com\/pt_pt\/curso\/sensibilizacion-en-atencion-centrada-en-la-persona-acp-2\/\" \/>\n<meta property=\"og:locale\" content=\"pt_PT\" \/>\n<meta property=\"og:type\" content=\"article\" \/>\n<meta property=\"og:title\" content=\"Curso de Sensibilizaci\u00f3n en Atenci\u00f3n Centrada en la Persona (ACP) | Foro T\u00e9cnico de Formaci\u00f3n\" \/>\n<meta property=\"og:description\" content=\"Descubre nuestro curso &quot;Sensibilizaci\u00f3n en Atenci\u00f3n Centrada en la Persona&quot;, dise\u00f1ado para revolucionar la forma en que proporcionamos atenci\u00f3n.\" \/>\n<meta property=\"og:url\" content=\"https:\/\/forotf.com\/pt_pt\/curso\/sensibilizacion-en-atencion-centrada-en-la-persona-acp-2\/\" \/>\n<meta property=\"og:site_name\" content=\"Foro T\u00e9cnico de Formaci\u00f3n\" \/>\n<meta property=\"article:publisher\" content=\"https:\/\/es-es.facebook.com\/forotf\/\" \/>\n<meta property=\"article:modified_time\" content=\"2025-10-23T14:43:50+00:00\" \/>\n<meta property=\"og:image\" content=\"https:\/\/forotf.com\/wp-content\/uploads\/2024\/03\/Sensibilizacion-ACP.jpg\" \/>\n\t<meta property=\"og:image:width\" content=\"1000\" \/>\n\t<meta property=\"og:image:height\" content=\"667\" \/>\n\t<meta property=\"og:image:type\" content=\"image\/jpeg\" \/>\n<meta name=\"twitter:card\" content=\"summary_large_image\" \/>\n<script type=\"application\/ld+json\" class=\"yoast-schema-graph\">{\"@context\":\"https:\\\/\\\/schema.org\",\"@graph\":[{\"@type\":\"WebPage\",\"@id\":\"https:\\\/\\\/forotf.com\\\/curso\\\/sensibilizacion-en-atencion-centrada-en-la-persona-acp-2\\\/\",\"url\":\"https:\\\/\\\/forotf.com\\\/curso\\\/sensibilizacion-en-atencion-centrada-en-la-persona-acp-2\\\/\",\"name\":\"Curso de Sensibilizaci\u00f3n en Atenci\u00f3n Centrada en la Persona (ACP) | Foro T\u00e9cnico de Formaci\u00f3n\",\"isPartOf\":{\"@id\":\"http:\\\/\\\/forotf.com\\\/pt\\\/#website\"},\"primaryImageOfPage\":{\"@id\":\"https:\\\/\\\/forotf.com\\\/curso\\\/sensibilizacion-en-atencion-centrada-en-la-persona-acp-2\\\/#primaryimage\"},\"image\":{\"@id\":\"https:\\\/\\\/forotf.com\\\/curso\\\/sensibilizacion-en-atencion-centrada-en-la-persona-acp-2\\\/#primaryimage\"},\"thumbnailUrl\":\"https:\\\/\\\/forotf.com\\\/wp-content\\\/uploads\\\/2024\\\/03\\\/Sensibilizacion-ACP.jpg\",\"datePublished\":\"2024-07-02T07:21:40+00:00\",\"dateModified\":\"2025-10-23T14:43:50+00:00\",\"description\":\"Descubre nuestro curso \\\"Sensibilizaci\u00f3n en Atenci\u00f3n Centrada en la Persona\\\", dise\u00f1ado para revolucionar la forma en que proporcionamos atenci\u00f3n.\",\"breadcrumb\":{\"@id\":\"https:\\\/\\\/forotf.com\\\/curso\\\/sensibilizacion-en-atencion-centrada-en-la-persona-acp-2\\\/#breadcrumb\"},\"inLanguage\":\"pt-PT\",\"potentialAction\":[{\"@type\":\"ReadAction\",\"target\":[\"https:\\\/\\\/forotf.com\\\/curso\\\/sensibilizacion-en-atencion-centrada-en-la-persona-acp-2\\\/\"]}]},{\"@type\":\"ImageObject\",\"inLanguage\":\"pt-PT\",\"@id\":\"https:\\\/\\\/forotf.com\\\/curso\\\/sensibilizacion-en-atencion-centrada-en-la-persona-acp-2\\\/#primaryimage\",\"url\":\"https:\\\/\\\/forotf.com\\\/wp-content\\\/uploads\\\/2024\\\/03\\\/Sensibilizacion-ACP.jpg\",\"contentUrl\":\"https:\\\/\\\/forotf.com\\\/wp-content\\\/uploads\\\/2024\\\/03\\\/Sensibilizacion-ACP.jpg\",\"width\":1000,\"height\":667},{\"@type\":\"BreadcrumbList\",\"@id\":\"https:\\\/\\\/forotf.com\\\/curso\\\/sensibilizacion-en-atencion-centrada-en-la-persona-acp-2\\\/#breadcrumb\",\"itemListElement\":[{\"@type\":\"ListItem\",\"position\":1,\"name\":\"Inicio\",\"item\":\"https:\\\/\\\/forotf.com\\\/\"},{\"@type\":\"ListItem\",\"position\":2,\"name\":\"Cursos\",\"item\":\"https:\\\/\\\/forotf.com\\\/cursos\\\/\"},{\"@type\":\"ListItem\",\"position\":3,\"name\":\"Programado\",\"item\":\"http:\\\/\\\/forotf.com\\\/pt\\\/product-category\\\/programado\\\/\"},{\"@type\":\"ListItem\",\"position\":4,\"name\":\"Sensibilizaci\u00f3n en Atenci\u00f3n Centrada en la Persona (ACP)\"}]},{\"@type\":\"WebSite\",\"@id\":\"http:\\\/\\\/forotf.com\\\/pt\\\/#website\",\"url\":\"http:\\\/\\\/forotf.com\\\/pt\\\/\",\"name\":\"Foro T\u00e9cnico de Formaci\u00f3n\",\"description\":\"Formaci\u00f3n para Empresas\",\"publisher\":{\"@id\":\"http:\\\/\\\/forotf.com\\\/pt\\\/#organization\"},\"alternateName\":\"FTF\",\"potentialAction\":[{\"@type\":\"SearchAction\",\"target\":{\"@type\":\"EntryPoint\",\"urlTemplate\":\"http:\\\/\\\/forotf.com\\\/pt\\\/?s={search_term_string}\"},\"query-input\":{\"@type\":\"PropertyValueSpecification\",\"valueRequired\":true,\"valueName\":\"search_term_string\"}}],\"inLanguage\":\"pt-PT\"},{\"@type\":\"Organization\",\"@id\":\"http:\\\/\\\/forotf.com\\\/pt\\\/#organization\",\"name\":\"Foro T\u00e9cnico de Formaci\u00f3n\",\"alternateName\":\"FTF\",\"url\":\"http:\\\/\\\/forotf.com\\\/pt\\\/\",\"logo\":{\"@type\":\"ImageObject\",\"inLanguage\":\"pt-PT\",\"@id\":\"http:\\\/\\\/forotf.com\\\/pt\\\/#\\\/schema\\\/logo\\\/image\\\/\",\"url\":\"https:\\\/\\\/forotf.com\\\/wp-content\\\/uploads\\\/2024\\\/02\\\/Oficial-Logo-FTF-Color.svg\",\"contentUrl\":\"https:\\\/\\\/forotf.com\\\/wp-content\\\/uploads\\\/2024\\\/02\\\/Oficial-Logo-FTF-Color.svg\",\"width\":794,\"height\":212,\"caption\":\"Foro T\u00e9cnico de Formaci\u00f3n\"},\"image\":{\"@id\":\"http:\\\/\\\/forotf.com\\\/pt\\\/#\\\/schema\\\/logo\\\/image\\\/\"},\"sameAs\":[\"https:\\\/\\\/es-es.facebook.com\\\/forotf\\\/\",\"https:\\\/\\\/www.instagram.com\\\/ftformacion\\\/?igshid=MWZjMTM2ODFkZg==\",\"https:\\\/\\\/www.linkedin.com\\\/company\\\/foro-tecnico-de-formacion\\\/?originalSubdomain=es\",\"https:\\\/\\\/www.youtube.com\\\/channel\\\/UCTzzsDUdLaZtfAGiP_ipLIg\"]}]}<\/script>\n<!-- \/ Yoast SEO plugin. -->","yoast_head_json":{"title":"Curso de Sensibilizaci\u00f3n en Atenci\u00f3n Centrada en la Persona (ACP) | Foro T\u00e9cnico de Formaci\u00f3n","description":"Descubre nuestro curso \"Sensibilizaci\u00f3n en Atenci\u00f3n Centrada en la Persona\", dise\u00f1ado para revolucionar la forma en que proporcionamos atenci\u00f3n.","robots":{"index":"index","follow":"follow","max-snippet":"max-snippet:-1","max-image-preview":"max-image-preview:large","max-video-preview":"max-video-preview:-1"},"canonical":"https:\/\/forotf.com\/pt_pt\/curso\/sensibilizacion-en-atencion-centrada-en-la-persona-acp-2\/","og_locale":"pt_PT","og_type":"article","og_title":"Curso de Sensibilizaci\u00f3n en Atenci\u00f3n Centrada en la Persona (ACP) | Foro T\u00e9cnico de Formaci\u00f3n","og_description":"Descubre nuestro curso \"Sensibilizaci\u00f3n en Atenci\u00f3n Centrada en la Persona\", dise\u00f1ado para revolucionar la forma en que proporcionamos atenci\u00f3n.","og_url":"https:\/\/forotf.com\/pt_pt\/curso\/sensibilizacion-en-atencion-centrada-en-la-persona-acp-2\/","og_site_name":"Foro T\u00e9cnico de Formaci\u00f3n","article_publisher":"https:\/\/es-es.facebook.com\/forotf\/","article_modified_time":"2025-10-23T14:43:50+00:00","og_image":[{"width":1000,"height":667,"url":"https:\/\/forotf.com\/wp-content\/uploads\/2024\/03\/Sensibilizacion-ACP.jpg","type":"image\/jpeg"}],"twitter_card":"summary_large_image","schema":{"@context":"https:\/\/schema.org","@graph":[{"@type":"WebPage","@id":"https:\/\/forotf.com\/curso\/sensibilizacion-en-atencion-centrada-en-la-persona-acp-2\/","url":"https:\/\/forotf.com\/curso\/sensibilizacion-en-atencion-centrada-en-la-persona-acp-2\/","name":"Curso de Sensibilizaci\u00f3n en Atenci\u00f3n Centrada en la Persona (ACP) | Foro T\u00e9cnico de Formaci\u00f3n","isPartOf":{"@id":"http:\/\/forotf.com\/pt\/#website"},"primaryImageOfPage":{"@id":"https:\/\/forotf.com\/curso\/sensibilizacion-en-atencion-centrada-en-la-persona-acp-2\/#primaryimage"},"image":{"@id":"https:\/\/forotf.com\/curso\/sensibilizacion-en-atencion-centrada-en-la-persona-acp-2\/#primaryimage"},"thumbnailUrl":"https:\/\/forotf.com\/wp-content\/uploads\/2024\/03\/Sensibilizacion-ACP.jpg","datePublished":"2024-07-02T07:21:40+00:00","dateModified":"2025-10-23T14:43:50+00:00","description":"Descubre nuestro curso \"Sensibilizaci\u00f3n en Atenci\u00f3n Centrada en la Persona\", dise\u00f1ado para revolucionar la forma en que proporcionamos atenci\u00f3n.","breadcrumb":{"@id":"https:\/\/forotf.com\/curso\/sensibilizacion-en-atencion-centrada-en-la-persona-acp-2\/#breadcrumb"},"inLanguage":"pt-PT","potentialAction":[{"@type":"ReadAction","target":["https:\/\/forotf.com\/curso\/sensibilizacion-en-atencion-centrada-en-la-persona-acp-2\/"]}]},{"@type":"ImageObject","inLanguage":"pt-PT","@id":"https:\/\/forotf.com\/curso\/sensibilizacion-en-atencion-centrada-en-la-persona-acp-2\/#primaryimage","url":"https:\/\/forotf.com\/wp-content\/uploads\/2024\/03\/Sensibilizacion-ACP.jpg","contentUrl":"https:\/\/forotf.com\/wp-content\/uploads\/2024\/03\/Sensibilizacion-ACP.jpg","width":1000,"height":667},{"@type":"BreadcrumbList","@id":"https:\/\/forotf.com\/curso\/sensibilizacion-en-atencion-centrada-en-la-persona-acp-2\/#breadcrumb","itemListElement":[{"@type":"ListItem","position":1,"name":"Inicio","item":"https:\/\/forotf.com\/"},{"@type":"ListItem","position":2,"name":"Cursos","item":"https:\/\/forotf.com\/cursos\/"},{"@type":"ListItem","position":3,"name":"Programado","item":"http:\/\/forotf.com\/pt\/product-category\/programado\/"},{"@type":"ListItem","position":4,"name":"Sensibilizaci\u00f3n en Atenci\u00f3n Centrada en la Persona (ACP)"}]},{"@type":"WebSite","@id":"http:\/\/forotf.com\/pt\/#website","url":"http:\/\/forotf.com\/pt\/","name":"F\u00f3rum de Treinamento T\u00e9cnico","description":"Treinamento para Empresas","publisher":{"@id":"http:\/\/forotf.com\/pt\/#organization"},"alternateName":"FTF","potentialAction":[{"@type":"SearchAction","target":{"@type":"EntryPoint","urlTemplate":"http:\/\/forotf.com\/pt\/?s={search_term_string}"},"query-input":{"@type":"PropertyValueSpecification","valueRequired":true,"valueName":"search_term_string"}}],"inLanguage":"pt-PT"},{"@type":"Organization","@id":"http:\/\/forotf.com\/pt\/#organization","name":"F\u00f3rum de Treinamento T\u00e9cnico","alternateName":"FTF","url":"http:\/\/forotf.com\/pt\/","logo":{"@type":"ImageObject","inLanguage":"pt-PT","@id":"http:\/\/forotf.com\/pt\/#\/schema\/logo\/image\/","url":"https:\/\/forotf.com\/wp-content\/uploads\/2024\/02\/Oficial-Logo-FTF-Color.svg","contentUrl":"https:\/\/forotf.com\/wp-content\/uploads\/2024\/02\/Oficial-Logo-FTF-Color.svg","width":794,"height":212,"caption":"Foro T\u00e9cnico de Formaci\u00f3n"},"image":{"@id":"http:\/\/forotf.com\/pt\/#\/schema\/logo\/image\/"},"sameAs":["https:\/\/es-es.facebook.com\/forotf\/","https:\/\/www.instagram.com\/ftformacion\/?igshid=MWZjMTM2ODFkZg==","https:\/\/www.linkedin.com\/company\/foro-tecnico-de-formacion\/?originalSubdomain=es","https:\/\/www.youtube.com\/channel\/UCTzzsDUdLaZtfAGiP_ipLIg"]}]}},"publishpress_future_workflow_manual_trigger":{"enabledWorkflows":[]},"_links":{"self":[{"href":"https:\/\/forotf.com\/pt_pt\/wp-json\/wp\/v2\/product\/5494","targetHints":{"allow":["GET"]}}],"collection":[{"href":"https:\/\/forotf.com\/pt_pt\/wp-json\/wp\/v2\/product"}],"about":[{"href":"https:\/\/forotf.com\/pt_pt\/wp-json\/wp\/v2\/types\/product"}],"replies":[{"embeddable":true,"href":"https:\/\/forotf.com\/pt_pt\/wp-json\/wp\/v2\/comments?post=5494"}],"wp:featuredmedia":[{"embeddable":true,"href":"https:\/\/forotf.com\/pt_pt\/wp-json\/wp\/v2\/media\/3311"}],"wp:attachment":[{"href":"https:\/\/forotf.com\/pt_pt\/wp-json\/wp\/v2\/media?parent=5494"}],"wp:term":[{"taxonomy":"product_brand","embeddable":true,"href":"https:\/\/forotf.com\/pt_pt\/wp-json\/wp\/v2\/product_brand?post=5494"},{"taxonomy":"product_cat","embeddable":true,"href":"https:\/\/forotf.com\/pt_pt\/wp-json\/wp\/v2\/product_cat?post=5494"},{"taxonomy":"product_tag","embeddable":true,"href":"https:\/\/forotf.com\/pt_pt\/wp-json\/wp\/v2\/product_tag?post=5494"}],"curies":[{"name":"wp","href":"https:\/\/api.w.org\/{rel}","templated":true}]}}