{"id":5361,"date":"2024-06-11T10:30:00","date_gmt":"2024-06-11T10:30:00","guid":{"rendered":"https:\/\/forotf.com\/?post_type=product&#038;p=5361"},"modified":"2025-05-27T09:37:17","modified_gmt":"2025-05-27T09:37:17","slug":"demencias-y-manejo-de-conducta-en-acp-solo-espana","status":"publish","type":"product","link":"https:\/\/forotf.com\/pt_pt\/curso\/demencias-y-manejo-de-conducta-en-acp-solo-espana\/","title":{"rendered":"Demencias y manejo de conducta en SAD"},"content":{"rendered":"<p>Entre no mundo especializado da dem\u00eancia e do gerenciamento do comportamento na \u00e1rea de Cuidado Centrado na Pessoa (PCA) com nosso curso exclusivo! Mergulhamos nas defini\u00e7\u00f5es e conceitos essenciais das dem\u00eancias e voc\u00ea explorar\u00e1 o diagn\u00f3stico diferencial entre dem\u00eancias degenerativas, secund\u00e1rias e mistas, garantindo uma compreens\u00e3o abrangente dessas condi\u00e7\u00f5es.<br \/>\nAprender\u00e1 a identificar as necessidades espec\u00edficas das pessoas com dem\u00eancia em diferentes fases de desenvolvimento, bem como as dificuldades associadas \u00e0s atividades da vida di\u00e1ria e \u00e0 alimenta\u00e7\u00e3o. Iremos fornecer-lhe uma abordagem abrangente para abordar as complexidades das dem\u00eancias no contexto da ACP.<\/p>\n<p>Voc\u00ea aprender\u00e1 sobre interven\u00e7\u00e3o comportamental na dem\u00eancia, explorando as bases e estrat\u00e9gias para uma interven\u00e7\u00e3o eficaz. Voc\u00ea abordar\u00e1 a comunica\u00e7\u00e3o na dem\u00eancia, a preven\u00e7\u00e3o de riscos e as habilidades pr\u00e1ticas para promover o bem-estar das pessoas com dem\u00eancia no \u00e2mbito do ACP. Voc\u00ea analisar\u00e1 emo\u00e7\u00f5es, problemas comportamentais, dist\u00farbios sensoriais e realizar\u00e1 uma an\u00e1lise funcional do comportamento, culminando em uma an\u00e1lise de caso para aplicar os conhecimentos adquiridos de forma pr\u00e1tica.<\/p>\n<p>Este curso ir\u00e1 fornecer-lhe as ferramentas essenciais para se destacar na gest\u00e3o da dem\u00eancia e dos comportamentos associados, garantindo um cuidado centrado na pessoa. Inscreva-se agora e adquira habilidades especializadas para fazer uma diferen\u00e7a significativa no tratamento da dem\u00eancia!<\/p>","protected":false},"excerpt":{"rendered":"<p>Descubra nosso curso especializado em dem\u00eancia e gerenciamento de comportamento. Voc\u00ea aprender\u00e1 a diferenciar os diferentes tipos de dem\u00eancia, compreender suas necessidades espec\u00edficas e aplicar interven\u00e7\u00f5es pr\u00e1ticas para cuidados centrados na pessoa.<\/p>","protected":false},"featured_media":5365,"comment_status":"closed","ping_status":"closed","template":"","meta":{"codigo-servicio":"2116 A","costo-gestion":"5.45"},"product_brand":[],"product_cat":[15],"product_tag":[89,93,90,91,92,94],"class_list":{"0":"post-5361","1":"product","2":"type-product","3":"status-publish","4":"has-post-thumbnail","6":"product_cat-uncategorized","7":"product_tag-100-bonificable","8":"product_tag-certificado-de-finalizacion","9":"product_tag-multidispositivo","10":"product_tag-sin-horarios","11":"product_tag-test-de-evaluacion","12":"product_tag-tutor-acreditado","14":"first","15":"instock","16":"shipping-taxable","17":"purchasable","18":"product-type-simple"},"pp_statuses_selecting_workflow":false,"pp_workflow_action":"current","pp_status_selection":"publish","yoast_head":"<!-- This site is optimized with the Yoast SEO plugin v27.4 - https:\/\/yoast.com\/product\/yoast-seo-wordpress\/ -->\n<title>Curso de Demencias y manejo de conducta en SAD | Foro T\u00e9cnico de Formaci\u00f3n<\/title>\n<meta name=\"description\" content=\"Potencia tu conocimiento con nuestro curso Demencias y manejo de conducta en SAD. Descubre, aprende y crece con Foro T\u00e9cnico de Formaci\u00f3n.\" \/>\n<meta name=\"robots\" content=\"index, follow, max-snippet:-1, max-image-preview:large, max-video-preview:-1\" \/>\n<link rel=\"canonical\" href=\"http:\/\/forotf.com\/pt_pt\/curso\/demencias-y-manejo-de-conducta-en-acp-solo-espana\/\" \/>\n<meta property=\"og:locale\" content=\"pt_PT\" \/>\n<meta property=\"og:type\" content=\"article\" \/>\n<meta property=\"og:title\" content=\"Curso de Demencias y manejo de conducta en SAD | Foro T\u00e9cnico de Formaci\u00f3n\" \/>\n<meta property=\"og:description\" content=\"Potencia tu conocimiento con nuestro curso Demencias y manejo de conducta en SAD. Descubre, aprende y crece con Foro T\u00e9cnico de Formaci\u00f3n.\" \/>\n<meta property=\"og:url\" content=\"http:\/\/forotf.com\/pt_pt\/curso\/demencias-y-manejo-de-conducta-en-acp-solo-espana\/\" \/>\n<meta property=\"og:site_name\" content=\"Foro T\u00e9cnico de Formaci\u00f3n\" \/>\n<meta property=\"article:publisher\" content=\"https:\/\/es-es.facebook.com\/forotf\/\" \/>\n<meta property=\"article:modified_time\" content=\"2025-05-27T09:37:17+00:00\" \/>\n<meta property=\"og:image\" content=\"http:\/\/forotf.com\/wp-content\/uploads\/2024\/06\/shutterstock_208689148311-1-scaled.jpg\" \/>\n\t<meta property=\"og:image:width\" content=\"2560\" \/>\n\t<meta property=\"og:image:height\" content=\"1765\" \/>\n\t<meta property=\"og:image:type\" content=\"image\/jpeg\" \/>\n<meta name=\"twitter:card\" content=\"summary_large_image\" \/>\n<script type=\"application\/ld+json\" class=\"yoast-schema-graph\">{\"@context\":\"https:\\\/\\\/schema.org\",\"@graph\":[{\"@type\":\"WebPage\",\"@id\":\"http:\\\/\\\/forotf.com\\\/pt\\\/curso\\\/demencias-y-manejo-de-conducta-en-acp-solo-espana\\\/\",\"url\":\"http:\\\/\\\/forotf.com\\\/pt\\\/curso\\\/demencias-y-manejo-de-conducta-en-acp-solo-espana\\\/\",\"name\":\"Curso de Demencias y manejo de conducta en SAD | Foro T\u00e9cnico de Formaci\u00f3n\",\"isPartOf\":{\"@id\":\"http:\\\/\\\/forotf.com\\\/pt\\\/#website\"},\"primaryImageOfPage\":{\"@id\":\"http:\\\/\\\/forotf.com\\\/pt\\\/curso\\\/demencias-y-manejo-de-conducta-en-acp-solo-espana\\\/#primaryimage\"},\"image\":{\"@id\":\"http:\\\/\\\/forotf.com\\\/pt\\\/curso\\\/demencias-y-manejo-de-conducta-en-acp-solo-espana\\\/#primaryimage\"},\"thumbnailUrl\":\"https:\\\/\\\/forotf.com\\\/wp-content\\\/uploads\\\/2024\\\/06\\\/shutterstock_208689148311-1-scaled.jpg\",\"datePublished\":\"2024-06-11T10:30:00+00:00\",\"dateModified\":\"2025-05-27T09:37:17+00:00\",\"description\":\"Potencia tu conocimiento con nuestro curso Demencias y manejo de conducta en SAD. Descubre, aprende y crece con Foro T\u00e9cnico de Formaci\u00f3n.\",\"breadcrumb\":{\"@id\":\"http:\\\/\\\/forotf.com\\\/pt\\\/curso\\\/demencias-y-manejo-de-conducta-en-acp-solo-espana\\\/#breadcrumb\"},\"inLanguage\":\"pt-PT\",\"potentialAction\":[{\"@type\":\"ReadAction\",\"target\":[\"http:\\\/\\\/forotf.com\\\/pt\\\/curso\\\/demencias-y-manejo-de-conducta-en-acp-solo-espana\\\/\"]}]},{\"@type\":\"ImageObject\",\"inLanguage\":\"pt-PT\",\"@id\":\"http:\\\/\\\/forotf.com\\\/pt\\\/curso\\\/demencias-y-manejo-de-conducta-en-acp-solo-espana\\\/#primaryimage\",\"url\":\"https:\\\/\\\/forotf.com\\\/wp-content\\\/uploads\\\/2024\\\/06\\\/shutterstock_208689148311-1-scaled.jpg\",\"contentUrl\":\"https:\\\/\\\/forotf.com\\\/wp-content\\\/uploads\\\/2024\\\/06\\\/shutterstock_208689148311-1-scaled.jpg\",\"width\":2560,\"height\":1765},{\"@type\":\"BreadcrumbList\",\"@id\":\"http:\\\/\\\/forotf.com\\\/pt\\\/curso\\\/demencias-y-manejo-de-conducta-en-acp-solo-espana\\\/#breadcrumb\",\"itemListElement\":[{\"@type\":\"ListItem\",\"position\":1,\"name\":\"Inicio\",\"item\":\"https:\\\/\\\/forotf.com\\\/\"},{\"@type\":\"ListItem\",\"position\":2,\"name\":\"Cursos\",\"item\":\"https:\\\/\\\/forotf.com\\\/cursos\\\/\"},{\"@type\":\"ListItem\",\"position\":3,\"name\":\"Uncategorized\",\"item\":\"http:\\\/\\\/forotf.com\\\/pt\\\/product-category\\\/uncategorized\\\/\"},{\"@type\":\"ListItem\",\"position\":4,\"name\":\"Demencias y manejo de conducta en SAD\"}]},{\"@type\":\"WebSite\",\"@id\":\"http:\\\/\\\/forotf.com\\\/pt\\\/#website\",\"url\":\"http:\\\/\\\/forotf.com\\\/pt\\\/\",\"name\":\"Foro T\u00e9cnico de Formaci\u00f3n\",\"description\":\"Formaci\u00f3n para Empresas\",\"publisher\":{\"@id\":\"http:\\\/\\\/forotf.com\\\/pt\\\/#organization\"},\"alternateName\":\"FTF\",\"potentialAction\":[{\"@type\":\"SearchAction\",\"target\":{\"@type\":\"EntryPoint\",\"urlTemplate\":\"http:\\\/\\\/forotf.com\\\/pt\\\/?s={search_term_string}\"},\"query-input\":{\"@type\":\"PropertyValueSpecification\",\"valueRequired\":true,\"valueName\":\"search_term_string\"}}],\"inLanguage\":\"pt-PT\"},{\"@type\":\"Organization\",\"@id\":\"http:\\\/\\\/forotf.com\\\/pt\\\/#organization\",\"name\":\"Foro T\u00e9cnico de Formaci\u00f3n\",\"alternateName\":\"FTF\",\"url\":\"http:\\\/\\\/forotf.com\\\/pt\\\/\",\"logo\":{\"@type\":\"ImageObject\",\"inLanguage\":\"pt-PT\",\"@id\":\"http:\\\/\\\/forotf.com\\\/pt\\\/#\\\/schema\\\/logo\\\/image\\\/\",\"url\":\"https:\\\/\\\/forotf.com\\\/wp-content\\\/uploads\\\/2024\\\/02\\\/Oficial-Logo-FTF-Color.svg\",\"contentUrl\":\"https:\\\/\\\/forotf.com\\\/wp-content\\\/uploads\\\/2024\\\/02\\\/Oficial-Logo-FTF-Color.svg\",\"width\":794,\"height\":212,\"caption\":\"Foro T\u00e9cnico de Formaci\u00f3n\"},\"image\":{\"@id\":\"http:\\\/\\\/forotf.com\\\/pt\\\/#\\\/schema\\\/logo\\\/image\\\/\"},\"sameAs\":[\"https:\\\/\\\/es-es.facebook.com\\\/forotf\\\/\",\"https:\\\/\\\/www.instagram.com\\\/ftformacion\\\/?igshid=MWZjMTM2ODFkZg==\",\"https:\\\/\\\/www.linkedin.com\\\/company\\\/foro-tecnico-de-formacion\\\/?originalSubdomain=es\",\"https:\\\/\\\/www.youtube.com\\\/channel\\\/UCTzzsDUdLaZtfAGiP_ipLIg\"]}]}<\/script>\n<!-- \/ Yoast SEO plugin. -->","yoast_head_json":{"title":"Curso de Demencias y manejo de conducta en SAD | Foro T\u00e9cnico de Formaci\u00f3n","description":"Potencia tu conocimiento con nuestro curso Demencias y manejo de conducta en SAD. Descubre, aprende y crece con Foro T\u00e9cnico de Formaci\u00f3n.","robots":{"index":"index","follow":"follow","max-snippet":"max-snippet:-1","max-image-preview":"max-image-preview:large","max-video-preview":"max-video-preview:-1"},"canonical":"http:\/\/forotf.com\/pt_pt\/curso\/demencias-y-manejo-de-conducta-en-acp-solo-espana\/","og_locale":"pt_PT","og_type":"article","og_title":"Curso de Demencias y manejo de conducta en SAD | Foro T\u00e9cnico de Formaci\u00f3n","og_description":"Potencia tu conocimiento con nuestro curso Demencias y manejo de conducta en SAD. Descubre, aprende y crece con Foro T\u00e9cnico de Formaci\u00f3n.","og_url":"http:\/\/forotf.com\/pt_pt\/curso\/demencias-y-manejo-de-conducta-en-acp-solo-espana\/","og_site_name":"Foro T\u00e9cnico de Formaci\u00f3n","article_publisher":"https:\/\/es-es.facebook.com\/forotf\/","article_modified_time":"2025-05-27T09:37:17+00:00","og_image":[{"width":2560,"height":1765,"url":"http:\/\/forotf.com\/wp-content\/uploads\/2024\/06\/shutterstock_208689148311-1-scaled.jpg","type":"image\/jpeg"}],"twitter_card":"summary_large_image","schema":{"@context":"https:\/\/schema.org","@graph":[{"@type":"WebPage","@id":"http:\/\/forotf.com\/pt\/curso\/demencias-y-manejo-de-conducta-en-acp-solo-espana\/","url":"http:\/\/forotf.com\/pt\/curso\/demencias-y-manejo-de-conducta-en-acp-solo-espana\/","name":"Curso de Demencias y manejo de conducta en SAD | Foro T\u00e9cnico de Formaci\u00f3n","isPartOf":{"@id":"http:\/\/forotf.com\/pt\/#website"},"primaryImageOfPage":{"@id":"http:\/\/forotf.com\/pt\/curso\/demencias-y-manejo-de-conducta-en-acp-solo-espana\/#primaryimage"},"image":{"@id":"http:\/\/forotf.com\/pt\/curso\/demencias-y-manejo-de-conducta-en-acp-solo-espana\/#primaryimage"},"thumbnailUrl":"https:\/\/forotf.com\/wp-content\/uploads\/2024\/06\/shutterstock_208689148311-1-scaled.jpg","datePublished":"2024-06-11T10:30:00+00:00","dateModified":"2025-05-27T09:37:17+00:00","description":"Potencia tu conocimiento con nuestro curso Demencias y manejo de conducta en SAD. Descubre, aprende y crece con Foro T\u00e9cnico de Formaci\u00f3n.","breadcrumb":{"@id":"http:\/\/forotf.com\/pt\/curso\/demencias-y-manejo-de-conducta-en-acp-solo-espana\/#breadcrumb"},"inLanguage":"pt-PT","potentialAction":[{"@type":"ReadAction","target":["http:\/\/forotf.com\/pt\/curso\/demencias-y-manejo-de-conducta-en-acp-solo-espana\/"]}]},{"@type":"ImageObject","inLanguage":"pt-PT","@id":"http:\/\/forotf.com\/pt\/curso\/demencias-y-manejo-de-conducta-en-acp-solo-espana\/#primaryimage","url":"https:\/\/forotf.com\/wp-content\/uploads\/2024\/06\/shutterstock_208689148311-1-scaled.jpg","contentUrl":"https:\/\/forotf.com\/wp-content\/uploads\/2024\/06\/shutterstock_208689148311-1-scaled.jpg","width":2560,"height":1765},{"@type":"BreadcrumbList","@id":"http:\/\/forotf.com\/pt\/curso\/demencias-y-manejo-de-conducta-en-acp-solo-espana\/#breadcrumb","itemListElement":[{"@type":"ListItem","position":1,"name":"Inicio","item":"https:\/\/forotf.com\/"},{"@type":"ListItem","position":2,"name":"Cursos","item":"https:\/\/forotf.com\/cursos\/"},{"@type":"ListItem","position":3,"name":"Uncategorized","item":"http:\/\/forotf.com\/pt\/product-category\/uncategorized\/"},{"@type":"ListItem","position":4,"name":"Demencias y manejo de conducta en SAD"}]},{"@type":"WebSite","@id":"http:\/\/forotf.com\/pt\/#website","url":"http:\/\/forotf.com\/pt\/","name":"F\u00f3rum de Treinamento T\u00e9cnico","description":"Treinamento para Empresas","publisher":{"@id":"http:\/\/forotf.com\/pt\/#organization"},"alternateName":"FTF","potentialAction":[{"@type":"SearchAction","target":{"@type":"EntryPoint","urlTemplate":"http:\/\/forotf.com\/pt\/?s={search_term_string}"},"query-input":{"@type":"PropertyValueSpecification","valueRequired":true,"valueName":"search_term_string"}}],"inLanguage":"pt-PT"},{"@type":"Organization","@id":"http:\/\/forotf.com\/pt\/#organization","name":"F\u00f3rum de Treinamento T\u00e9cnico","alternateName":"FTF","url":"http:\/\/forotf.com\/pt\/","logo":{"@type":"ImageObject","inLanguage":"pt-PT","@id":"http:\/\/forotf.com\/pt\/#\/schema\/logo\/image\/","url":"https:\/\/forotf.com\/wp-content\/uploads\/2024\/02\/Oficial-Logo-FTF-Color.svg","contentUrl":"https:\/\/forotf.com\/wp-content\/uploads\/2024\/02\/Oficial-Logo-FTF-Color.svg","width":794,"height":212,"caption":"Foro T\u00e9cnico de Formaci\u00f3n"},"image":{"@id":"http:\/\/forotf.com\/pt\/#\/schema\/logo\/image\/"},"sameAs":["https:\/\/es-es.facebook.com\/forotf\/","https:\/\/www.instagram.com\/ftformacion\/?igshid=MWZjMTM2ODFkZg==","https:\/\/www.linkedin.com\/company\/foro-tecnico-de-formacion\/?originalSubdomain=es","https:\/\/www.youtube.com\/channel\/UCTzzsDUdLaZtfAGiP_ipLIg"]}]}},"publishpress_future_workflow_manual_trigger":{"enabledWorkflows":[]},"_links":{"self":[{"href":"https:\/\/forotf.com\/pt_pt\/wp-json\/wp\/v2\/product\/5361","targetHints":{"allow":["GET"]}}],"collection":[{"href":"https:\/\/forotf.com\/pt_pt\/wp-json\/wp\/v2\/product"}],"about":[{"href":"https:\/\/forotf.com\/pt_pt\/wp-json\/wp\/v2\/types\/product"}],"replies":[{"embeddable":true,"href":"https:\/\/forotf.com\/pt_pt\/wp-json\/wp\/v2\/comments?post=5361"}],"wp:featuredmedia":[{"embeddable":true,"href":"https:\/\/forotf.com\/pt_pt\/wp-json\/wp\/v2\/media\/5365"}],"wp:attachment":[{"href":"https:\/\/forotf.com\/pt_pt\/wp-json\/wp\/v2\/media?parent=5361"}],"wp:term":[{"taxonomy":"product_brand","embeddable":true,"href":"https:\/\/forotf.com\/pt_pt\/wp-json\/wp\/v2\/product_brand?post=5361"},{"taxonomy":"product_cat","embeddable":true,"href":"https:\/\/forotf.com\/pt_pt\/wp-json\/wp\/v2\/product_cat?post=5361"},{"taxonomy":"product_tag","embeddable":true,"href":"https:\/\/forotf.com\/pt_pt\/wp-json\/wp\/v2\/product_tag?post=5361"}],"curies":[{"name":"wp","href":"https:\/\/api.w.org\/{rel}","templated":true}]}}