{"id":2640,"date":"2024-03-01T02:26:16","date_gmt":"2024-03-01T02:26:16","guid":{"rendered":"https:\/\/forotf.com\/curso\/soporte-vital-basico-y-desfibrilacion-externa-automatizada-dea\/"},"modified":"2026-02-10T11:14:38","modified_gmt":"2026-02-10T11:14:38","slug":"soporte-vital-basico-y-desfibrilacion-externa-automatizada-dea","status":"publish","type":"product","link":"https:\/\/forotf.com\/pt_pt\/curso\/soporte-vital-basico-y-desfibrilacion-externa-automatizada-dea\/","title":{"rendered":"Suporte B\u00e1sico de Vida e Desfibrila\u00e7\u00e3o Externa Autom\u00e1tica (DEA)"},"content":{"rendered":"<p>Atrav\u00e9s deste curso voc\u00ea mergulhar\u00e1 nas diretrizes de a\u00e7\u00e3o essenciais para fornecer ajuda em situa\u00e7\u00f5es cr\u00edticas.<\/p>\n<p>Voc\u00ea entender\u00e1 como funciona o cora\u00e7\u00e3o e a import\u00e2ncia da RCP, explorando a sequ\u00eancia de a\u00e7\u00f5es necess\u00e1rias. Voc\u00ea aprender\u00e1 a posi\u00e7\u00e3o lateral de seguran\u00e7a, obstru\u00e7\u00e3o de vias a\u00e9reas por corpo estranho e como prevenir parada cardiorrespirat\u00f3ria.<\/p>\n<p>Prepare-se para ser um elemento fundamental na cadeia de sobreviv\u00eancia, adquirindo compet\u00eancias pr\u00e1ticas em RCP e utiliza\u00e7\u00e3o de DEAs.<\/p>\n<p>Cadastre-se agora e tenha capacita\u00e7\u00e3o para agir em momentos cr\u00edticos!<\/p>","protected":false},"excerpt":{"rendered":"<p>Neste curso de suporte de vida voc\u00ea aprender\u00e1 os conceitos fundamentais de situa\u00e7\u00f5es de emerg\u00eancia, bem como como reconhecer a parada cardiorrespirat\u00f3ria e a relev\u00e2ncia da reanima\u00e7\u00e3o cardiopulmonar (RCP). Al\u00e9m disso, voc\u00ea explorar\u00e1 os servi\u00e7os de emerg\u00eancia e como agir em casos de acidentes, utilizando efetivamente o n\u00famero de telefone 112.<\/p>","protected":false},"featured_media":1849,"comment_status":"closed","ping_status":"closed","template":"","meta":{"codigo-servicio":"2188-A","costo-gestion":"5.45"},"product_brand":[],"product_cat":[88],"product_tag":[89,93,90,91,92,94],"class_list":{"0":"post-2640","1":"product","2":"type-product","3":"status-publish","4":"has-post-thumbnail","6":"product_cat-programado","7":"product_tag-100-bonificable","8":"product_tag-certificado-de-finalizacion","9":"product_tag-multidispositivo","10":"product_tag-sin-horarios","11":"product_tag-test-de-evaluacion","12":"product_tag-tutor-acreditado","14":"first","15":"instock","16":"shipping-taxable","17":"purchasable","18":"product-type-simple"},"pp_statuses_selecting_workflow":false,"pp_workflow_action":"current","pp_status_selection":"publish","yoast_head":"<!-- This site is optimized with the Yoast SEO plugin v27.4 - https:\/\/yoast.com\/product\/yoast-seo-wordpress\/ -->\n<title>Soporte vital b\u00e1sico y Desfibrilaci\u00f3n Externa Automatizada (DEA)<\/title>\n<meta name=\"description\" content=\"Este curso de soporte vital contiene todos los conocimientos necesarios para actuar ante una situaci\u00f3n de emergencia y accidentes\" \/>\n<meta name=\"robots\" content=\"index, follow, max-snippet:-1, max-image-preview:large, max-video-preview:-1\" \/>\n<link rel=\"canonical\" href=\"https:\/\/forotf.com\/pt_pt\/curso\/soporte-vital-basico-y-desfibrilacion-externa-automatizada-dea\/\" \/>\n<meta property=\"og:locale\" content=\"pt_PT\" \/>\n<meta property=\"og:type\" content=\"article\" \/>\n<meta property=\"og:title\" content=\"Soporte vital b\u00e1sico y Desfibrilaci\u00f3n Externa Automatizada (DEA)\" \/>\n<meta property=\"og:description\" content=\"Este curso de soporte vital contiene todos los conocimientos necesarios para actuar ante una situaci\u00f3n de emergencia y accidentes\" \/>\n<meta property=\"og:url\" content=\"https:\/\/forotf.com\/pt_pt\/curso\/soporte-vital-basico-y-desfibrilacion-externa-automatizada-dea\/\" \/>\n<meta property=\"og:site_name\" content=\"Foro T\u00e9cnico de Formaci\u00f3n\" \/>\n<meta property=\"article:publisher\" content=\"https:\/\/es-es.facebook.com\/forotf\/\" \/>\n<meta property=\"article:modified_time\" content=\"2026-02-10T11:14:38+00:00\" \/>\n<meta property=\"og:image\" content=\"https:\/\/forotf.com\/wp-content\/uploads\/2024\/02\/Soporte-vital-basico.jpg\" \/>\n\t<meta property=\"og:image:width\" content=\"1000\" \/>\n\t<meta property=\"og:image:height\" content=\"667\" \/>\n\t<meta property=\"og:image:type\" content=\"image\/jpeg\" \/>\n<meta name=\"twitter:card\" content=\"summary_large_image\" \/>\n<script type=\"application\/ld+json\" class=\"yoast-schema-graph\">{\"@context\":\"https:\\\/\\\/schema.org\",\"@graph\":[{\"@type\":\"WebPage\",\"@id\":\"https:\\\/\\\/forotf.com\\\/curso\\\/soporte-vital-basico-y-desfibrilacion-externa-automatizada-dea\\\/\",\"url\":\"https:\\\/\\\/forotf.com\\\/curso\\\/soporte-vital-basico-y-desfibrilacion-externa-automatizada-dea\\\/\",\"name\":\"Soporte vital b\u00e1sico y Desfibrilaci\u00f3n Externa Automatizada (DEA)\",\"isPartOf\":{\"@id\":\"http:\\\/\\\/forotf.com\\\/pt\\\/#website\"},\"primaryImageOfPage\":{\"@id\":\"https:\\\/\\\/forotf.com\\\/curso\\\/soporte-vital-basico-y-desfibrilacion-externa-automatizada-dea\\\/#primaryimage\"},\"image\":{\"@id\":\"https:\\\/\\\/forotf.com\\\/curso\\\/soporte-vital-basico-y-desfibrilacion-externa-automatizada-dea\\\/#primaryimage\"},\"thumbnailUrl\":\"https:\\\/\\\/forotf.com\\\/wp-content\\\/uploads\\\/2024\\\/02\\\/Soporte-vital-basico.jpg\",\"datePublished\":\"2024-03-01T02:26:16+00:00\",\"dateModified\":\"2026-02-10T11:14:38+00:00\",\"description\":\"Este curso de soporte vital contiene todos los conocimientos necesarios para actuar ante una situaci\u00f3n de emergencia y accidentes\",\"breadcrumb\":{\"@id\":\"https:\\\/\\\/forotf.com\\\/curso\\\/soporte-vital-basico-y-desfibrilacion-externa-automatizada-dea\\\/#breadcrumb\"},\"inLanguage\":\"pt-PT\",\"potentialAction\":[{\"@type\":\"ReadAction\",\"target\":[\"https:\\\/\\\/forotf.com\\\/curso\\\/soporte-vital-basico-y-desfibrilacion-externa-automatizada-dea\\\/\"]}]},{\"@type\":\"ImageObject\",\"inLanguage\":\"pt-PT\",\"@id\":\"https:\\\/\\\/forotf.com\\\/curso\\\/soporte-vital-basico-y-desfibrilacion-externa-automatizada-dea\\\/#primaryimage\",\"url\":\"https:\\\/\\\/forotf.com\\\/wp-content\\\/uploads\\\/2024\\\/02\\\/Soporte-vital-basico.jpg\",\"contentUrl\":\"https:\\\/\\\/forotf.com\\\/wp-content\\\/uploads\\\/2024\\\/02\\\/Soporte-vital-basico.jpg\",\"width\":1000,\"height\":667},{\"@type\":\"BreadcrumbList\",\"@id\":\"https:\\\/\\\/forotf.com\\\/curso\\\/soporte-vital-basico-y-desfibrilacion-externa-automatizada-dea\\\/#breadcrumb\",\"itemListElement\":[{\"@type\":\"ListItem\",\"position\":1,\"name\":\"Inicio\",\"item\":\"https:\\\/\\\/forotf.com\\\/\"},{\"@type\":\"ListItem\",\"position\":2,\"name\":\"Cursos\",\"item\":\"https:\\\/\\\/forotf.com\\\/cursos\\\/\"},{\"@type\":\"ListItem\",\"position\":3,\"name\":\"Programado\",\"item\":\"http:\\\/\\\/forotf.com\\\/pt\\\/product-category\\\/programado\\\/\"},{\"@type\":\"ListItem\",\"position\":4,\"name\":\"Soporte vital b\u00e1sico y Desfibrilaci\u00f3n Externa Automatizada (DEA)\"}]},{\"@type\":\"WebSite\",\"@id\":\"http:\\\/\\\/forotf.com\\\/pt\\\/#website\",\"url\":\"http:\\\/\\\/forotf.com\\\/pt\\\/\",\"name\":\"Foro T\u00e9cnico de Formaci\u00f3n\",\"description\":\"Formaci\u00f3n para Empresas\",\"publisher\":{\"@id\":\"http:\\\/\\\/forotf.com\\\/pt\\\/#organization\"},\"alternateName\":\"FTF\",\"potentialAction\":[{\"@type\":\"SearchAction\",\"target\":{\"@type\":\"EntryPoint\",\"urlTemplate\":\"http:\\\/\\\/forotf.com\\\/pt\\\/?s={search_term_string}\"},\"query-input\":{\"@type\":\"PropertyValueSpecification\",\"valueRequired\":true,\"valueName\":\"search_term_string\"}}],\"inLanguage\":\"pt-PT\"},{\"@type\":\"Organization\",\"@id\":\"http:\\\/\\\/forotf.com\\\/pt\\\/#organization\",\"name\":\"Foro T\u00e9cnico de Formaci\u00f3n\",\"alternateName\":\"FTF\",\"url\":\"http:\\\/\\\/forotf.com\\\/pt\\\/\",\"logo\":{\"@type\":\"ImageObject\",\"inLanguage\":\"pt-PT\",\"@id\":\"http:\\\/\\\/forotf.com\\\/pt\\\/#\\\/schema\\\/logo\\\/image\\\/\",\"url\":\"https:\\\/\\\/forotf.com\\\/wp-content\\\/uploads\\\/2024\\\/02\\\/Oficial-Logo-FTF-Color.svg\",\"contentUrl\":\"https:\\\/\\\/forotf.com\\\/wp-content\\\/uploads\\\/2024\\\/02\\\/Oficial-Logo-FTF-Color.svg\",\"width\":794,\"height\":212,\"caption\":\"Foro T\u00e9cnico de Formaci\u00f3n\"},\"image\":{\"@id\":\"http:\\\/\\\/forotf.com\\\/pt\\\/#\\\/schema\\\/logo\\\/image\\\/\"},\"sameAs\":[\"https:\\\/\\\/es-es.facebook.com\\\/forotf\\\/\",\"https:\\\/\\\/www.instagram.com\\\/ftformacion\\\/?igshid=MWZjMTM2ODFkZg==\",\"https:\\\/\\\/www.linkedin.com\\\/company\\\/foro-tecnico-de-formacion\\\/?originalSubdomain=es\",\"https:\\\/\\\/www.youtube.com\\\/channel\\\/UCTzzsDUdLaZtfAGiP_ipLIg\"]}]}<\/script>\n<!-- \/ Yoast SEO plugin. -->","yoast_head_json":{"title":"Suporte B\u00e1sico de Vida e Desfibrila\u00e7\u00e3o Externa Autom\u00e1tica (DEA)","description":"Este curso de soporte vital contiene todos los conocimientos necesarios para actuar ante una situaci\u00f3n de emergencia y accidentes","robots":{"index":"index","follow":"follow","max-snippet":"max-snippet:-1","max-image-preview":"max-image-preview:large","max-video-preview":"max-video-preview:-1"},"canonical":"https:\/\/forotf.com\/pt_pt\/curso\/soporte-vital-basico-y-desfibrilacion-externa-automatizada-dea\/","og_locale":"pt_PT","og_type":"article","og_title":"Soporte vital b\u00e1sico y Desfibrilaci\u00f3n Externa Automatizada (DEA)","og_description":"Este curso de soporte vital contiene todos los conocimientos necesarios para actuar ante una situaci\u00f3n de emergencia y accidentes","og_url":"https:\/\/forotf.com\/pt_pt\/curso\/soporte-vital-basico-y-desfibrilacion-externa-automatizada-dea\/","og_site_name":"Foro T\u00e9cnico de Formaci\u00f3n","article_publisher":"https:\/\/es-es.facebook.com\/forotf\/","article_modified_time":"2026-02-10T11:14:38+00:00","og_image":[{"width":1000,"height":667,"url":"https:\/\/forotf.com\/wp-content\/uploads\/2024\/02\/Soporte-vital-basico.jpg","type":"image\/jpeg"}],"twitter_card":"summary_large_image","schema":{"@context":"https:\/\/schema.org","@graph":[{"@type":"WebPage","@id":"https:\/\/forotf.com\/curso\/soporte-vital-basico-y-desfibrilacion-externa-automatizada-dea\/","url":"https:\/\/forotf.com\/curso\/soporte-vital-basico-y-desfibrilacion-externa-automatizada-dea\/","name":"Suporte B\u00e1sico de Vida e Desfibrila\u00e7\u00e3o Externa Autom\u00e1tica (DEA)","isPartOf":{"@id":"http:\/\/forotf.com\/pt\/#website"},"primaryImageOfPage":{"@id":"https:\/\/forotf.com\/curso\/soporte-vital-basico-y-desfibrilacion-externa-automatizada-dea\/#primaryimage"},"image":{"@id":"https:\/\/forotf.com\/curso\/soporte-vital-basico-y-desfibrilacion-externa-automatizada-dea\/#primaryimage"},"thumbnailUrl":"https:\/\/forotf.com\/wp-content\/uploads\/2024\/02\/Soporte-vital-basico.jpg","datePublished":"2024-03-01T02:26:16+00:00","dateModified":"2026-02-10T11:14:38+00:00","description":"Este curso de soporte vital contiene todos los conocimientos necesarios para actuar ante una situaci\u00f3n de emergencia y accidentes","breadcrumb":{"@id":"https:\/\/forotf.com\/curso\/soporte-vital-basico-y-desfibrilacion-externa-automatizada-dea\/#breadcrumb"},"inLanguage":"pt-PT","potentialAction":[{"@type":"ReadAction","target":["https:\/\/forotf.com\/curso\/soporte-vital-basico-y-desfibrilacion-externa-automatizada-dea\/"]}]},{"@type":"ImageObject","inLanguage":"pt-PT","@id":"https:\/\/forotf.com\/curso\/soporte-vital-basico-y-desfibrilacion-externa-automatizada-dea\/#primaryimage","url":"https:\/\/forotf.com\/wp-content\/uploads\/2024\/02\/Soporte-vital-basico.jpg","contentUrl":"https:\/\/forotf.com\/wp-content\/uploads\/2024\/02\/Soporte-vital-basico.jpg","width":1000,"height":667},{"@type":"BreadcrumbList","@id":"https:\/\/forotf.com\/curso\/soporte-vital-basico-y-desfibrilacion-externa-automatizada-dea\/#breadcrumb","itemListElement":[{"@type":"ListItem","position":1,"name":"Inicio","item":"https:\/\/forotf.com\/"},{"@type":"ListItem","position":2,"name":"Cursos","item":"https:\/\/forotf.com\/cursos\/"},{"@type":"ListItem","position":3,"name":"Programado","item":"http:\/\/forotf.com\/pt\/product-category\/programado\/"},{"@type":"ListItem","position":4,"name":"Soporte vital b\u00e1sico y Desfibrilaci\u00f3n Externa Automatizada (DEA)"}]},{"@type":"WebSite","@id":"http:\/\/forotf.com\/pt\/#website","url":"http:\/\/forotf.com\/pt\/","name":"F\u00f3rum de Treinamento T\u00e9cnico","description":"Treinamento para Empresas","publisher":{"@id":"http:\/\/forotf.com\/pt\/#organization"},"alternateName":"FTF","potentialAction":[{"@type":"SearchAction","target":{"@type":"EntryPoint","urlTemplate":"http:\/\/forotf.com\/pt\/?s={search_term_string}"},"query-input":{"@type":"PropertyValueSpecification","valueRequired":true,"valueName":"search_term_string"}}],"inLanguage":"pt-PT"},{"@type":"Organization","@id":"http:\/\/forotf.com\/pt\/#organization","name":"F\u00f3rum de Treinamento T\u00e9cnico","alternateName":"FTF","url":"http:\/\/forotf.com\/pt\/","logo":{"@type":"ImageObject","inLanguage":"pt-PT","@id":"http:\/\/forotf.com\/pt\/#\/schema\/logo\/image\/","url":"https:\/\/forotf.com\/wp-content\/uploads\/2024\/02\/Oficial-Logo-FTF-Color.svg","contentUrl":"https:\/\/forotf.com\/wp-content\/uploads\/2024\/02\/Oficial-Logo-FTF-Color.svg","width":794,"height":212,"caption":"Foro T\u00e9cnico de Formaci\u00f3n"},"image":{"@id":"http:\/\/forotf.com\/pt\/#\/schema\/logo\/image\/"},"sameAs":["https:\/\/es-es.facebook.com\/forotf\/","https:\/\/www.instagram.com\/ftformacion\/?igshid=MWZjMTM2ODFkZg==","https:\/\/www.linkedin.com\/company\/foro-tecnico-de-formacion\/?originalSubdomain=es","https:\/\/www.youtube.com\/channel\/UCTzzsDUdLaZtfAGiP_ipLIg"]}]}},"publishpress_future_workflow_manual_trigger":{"enabledWorkflows":[]},"_links":{"self":[{"href":"https:\/\/forotf.com\/pt_pt\/wp-json\/wp\/v2\/product\/2640","targetHints":{"allow":["GET"]}}],"collection":[{"href":"https:\/\/forotf.com\/pt_pt\/wp-json\/wp\/v2\/product"}],"about":[{"href":"https:\/\/forotf.com\/pt_pt\/wp-json\/wp\/v2\/types\/product"}],"replies":[{"embeddable":true,"href":"https:\/\/forotf.com\/pt_pt\/wp-json\/wp\/v2\/comments?post=2640"}],"wp:featuredmedia":[{"embeddable":true,"href":"https:\/\/forotf.com\/pt_pt\/wp-json\/wp\/v2\/media\/1849"}],"wp:attachment":[{"href":"https:\/\/forotf.com\/pt_pt\/wp-json\/wp\/v2\/media?parent=2640"}],"wp:term":[{"taxonomy":"product_brand","embeddable":true,"href":"https:\/\/forotf.com\/pt_pt\/wp-json\/wp\/v2\/product_brand?post=2640"},{"taxonomy":"product_cat","embeddable":true,"href":"https:\/\/forotf.com\/pt_pt\/wp-json\/wp\/v2\/product_cat?post=2640"},{"taxonomy":"product_tag","embeddable":true,"href":"https:\/\/forotf.com\/pt_pt\/wp-json\/wp\/v2\/product_tag?post=2640"}],"curies":[{"name":"wp","href":"https:\/\/api.w.org\/{rel}","templated":true}]}}