{"id":5204,"date":"2024-05-29T13:41:24","date_gmt":"2024-05-29T13:41:24","guid":{"rendered":"https:\/\/forotf.com\/?page_id=5204"},"modified":"2024-05-29T15:35:23","modified_gmt":"2024-05-29T15:35:23","slug":"testform","status":"publish","type":"page","link":"https:\/\/forotf.com\/pt_pt\/testform\/","title":{"rendered":"testForm"},"content":{"rendered":"<div data-elementor-type=\"wp-page\" data-elementor-id=\"5204\" class=\"elementor elementor-5204\" data-elementor-post-type=\"page\">\n\t\t\t\t<div class=\"elementor-element elementor-element-4a1fd72 e-flex e-con-boxed e-con e-parent\" data-id=\"4a1fd72\" data-element_type=\"container\" data-e-type=\"container\">\n\t\t\t\t\t<div class=\"e-con-inner\">\n\t\t\t\t<div class=\"elementor-element elementor-element-ea4826c elementor-widget elementor-widget-jet-form-builder-form\" data-id=\"ea4826c\" data-element_type=\"widget\" data-e-type=\"widget\" data-widget_type=\"jet-form-builder-form.default\">\n\t\t\t\t<div class=\"elementor-widget-container\">\n\t\t\t\t\t<link rel='stylesheet' id='wp-block-library-css' href='https:\/\/forotf.com\/wp-includes\/css\/dist\/block-library\/style.min.css?ver=6.9.4' media='all' \/>\n<style id=\"jet-form-builder-2583-inline-css\"><\/style><form  class=\"jet-form-builder layout-column submit-type-reload\" action=\"https:\/\/forotf.com\/pt_pt\/wp-json\/wp\/v2\/pages\/5204\/?YKJlme=tHz59FEe81&#038;method=reload\" method=\"POST\" data-form-id=\"2583\" data-layout=\"column\" enctype=\"multipart\/form-data\" novalidate=\"null\" ssr_validation_method=\"rest\" data-trp-original-action=\"https:\/\/forotf.com\/pt_pt\/wp-json\/wp\/v2\/pages\/5204\/?YKJlme=tHz59FEe81&amp;method=reload\"><input type=\"hidden\" class=\"jet-form-builder__field hidden-field\" name=\"_jfb_csrf_token\" data-field-name=\"_jfb_csrf_token\" value=\"87c5dfdfbb70488ff12e99529679ef74\">\n\r\n<input type=\"hidden\" name=\"_jfb_current_render_states[]\" value=\"DEFAULT.STATE\" data-jfb-sync \/><input type=\"hidden\" class=\"jet-form-builder__field hidden-field\" name=\"_jet_engine_booking_form_id\" data-field-name=\"_jet_engine_booking_form_id\" value=\"2583\">\n<input type=\"hidden\" class=\"jet-form-builder__field hidden-field\" name=\"_jet_engine_refer\" data-field-name=\"_jet_engine_refer\" value=\"https:\/\/forotf.com\/pt_pt\/wp-json\/wp\/v2\/pages\/5204\/\">\n<input type=\"hidden\" class=\"jet-form-builder__field hidden-field\" name=\"__queried_post_id\" data-field-name=\"__queried_post_id\" value=\"5204\">\n<div  class=\"jet-form-builder-row field-type-text-field\" >\n<div class=\"jet-form-builder__label\">\r\n<div class=\"jet-form-builder__label-text\">Empresa <span class=\"jet-form-builder__required\">*<\/span><\/div><\/div><div class=\"jet-form-builder__field-wrap\">\n\t\t\t\t<input placeholder=\"Nome da empresa\" required=\"required\" name=\"empresa\" id=\"empresa\" type=\"text\" data-field-name=\"empresa\" class=\"jet-form-builder__field text-field\" data-jfb-sync=\"null\" autocomplete=\"off_US8Q7Fhg\">\n\t\t\t\t\t<\/div>\n<\/div>\n\n\n<div class=\"wp-block-columns is-layout-flex wp-container-core-columns-is-layout-28f84493 wp-block-columns-is-layout-flex\">\n<div class=\"wp-block-column is-layout-flow wp-block-column-is-layout-flow\"><div  class=\"jet-form-builder-row field-type-text-field\" >\n<div class=\"jet-form-builder__label\">\r\n<div class=\"jet-form-builder__label-text\">Nome <span class=\"jet-form-builder__required\">*<\/span><\/div><\/div><div class=\"jet-form-builder__field-wrap\">\n\t\t\t\t<input placeholder=\"Teu nome\" required=\"required\" name=\"Nombre\" id=\"Nombre\" type=\"text\" data-field-name=\"Nombre\" class=\"jet-form-builder__field text-field\" data-jfb-sync=\"null\" autocomplete=\"off_G9lr6TcI\">\n\t\t\t\t\t<\/div>\n<\/div><\/div>\n\n\n\n<div class=\"wp-block-column is-layout-flow wp-block-column-is-layout-flow\"><div  class=\"jet-form-builder-row field-type-text-field\" >\n<div class=\"jet-form-builder__label\">\r\n<div class=\"jet-form-builder__label-text\">Sobrenomes <span class=\"jet-form-builder__required\">*<\/span><\/div><\/div><div class=\"jet-form-builder__field-wrap\">\n\t\t\t\t<input placeholder=\"Seu \u00faltimo Nome\" required=\"required\" name=\"Apellido\" id=\"Apellido\" type=\"text\" data-field-name=\"Apellido\" class=\"jet-form-builder__field text-field\" data-jfb-sync=\"null\" autocomplete=\"off_u5YmdSLZ\">\n\t\t\t\t\t<\/div>\n<\/div><\/div>\n<\/div>\n\n\n\n<div class=\"wp-block-columns is-layout-flex wp-container-core-columns-is-layout-28f84493 wp-block-columns-is-layout-flex\">\n<div class=\"wp-block-column is-layout-flow wp-block-column-is-layout-flow\"><div  class=\"jet-form-builder-row field-type-text-field\" >\n<div class=\"jet-form-builder__label\">\r\n<div class=\"jet-form-builder__label-text\">E-mail <span class=\"jet-form-builder__required\">*<\/span><\/div><\/div><div class=\"jet-form-builder__field-wrap\">\n\t\t\t\t<input placeholder=\"exemplo@mail.com\" required=\"required\" name=\"Email\" id=\"Email\" type=\"email\" data-field-name=\"Email\" class=\"jet-form-builder__field text-field\" data-jfb-sync=\"null\" autocomplete=\"off_WS5TLxXD\">\n\t\t\t\t\t<\/div>\n<\/div><\/div>\n<\/div>\n\n\n\n<div class=\"wp-block-columns is-layout-flex wp-container-core-columns-is-layout-28f84493 wp-block-columns-is-layout-flex\">\n<div class=\"wp-block-column is-layout-flow wp-block-column-is-layout-flow\"><div  class=\"jet-form-builder-row field-type-select-field wp-block-jet-forms-select-field\">\n<div class=\"jet-form-builder__label\">\r\n<div class=\"jet-form-builder__label-text\">Prov\u00edncia <span class=\"jet-form-builder__required\">*<\/span><\/div><\/div><div class=\"jet-form-builder__field-wrap\">\n\t<select class=\"jet-form-builder__field select-field\" required=\"required\" name=\"provincia\" data-field-name=\"provincia\" id=\"provincia\" data-jfb-sync=\"null\">\n\t\t<option value=\"\"  selected>Escolha a prov\u00edncia<\/option><option value=\"alava_araba\" >\u00c1lava\/\u00c1rab\u00e1<\/option><option value=\"albacete\" >Albacete<\/option><option value=\"alicante\" >Alicante<\/option><option value=\"almeria\" >Almer\u00eda<\/option><option value=\"asturias\" >Ast\u00farias<\/option><option value=\"avila\" >\u00c1vila<\/option><option value=\"badajoz\" >Badajoz<\/option><option value=\"baleares\" >Baleares<\/option><option value=\"barcelona\" >Barcelona<\/option><option value=\"burgos\" >Burgos<\/option><option value=\"caceres\" >C\u00e1ceres<\/option><option value=\"cadiz\" >C\u00e1dis<\/option><option value=\"cantabria\" >Cant\u00e1bria<\/option><option value=\"castellon\" >Castell\u00f3n<\/option><option value=\"ceuta\" >Ceuta<\/option><option value=\"ciudad_real\" >Cidade real<\/option><option value=\"cordoba\" >C\u00f3rdoba<\/option><option value=\"cuenca\" >Bacia<\/option><option value=\"gerona_girona\" >Girona\/Girona<\/option><option value=\"granada\" >Granada<\/option><option value=\"guadalajara\" >Guadalajara<\/option><option value=\"guipuzcoa_gipuzkoa\" >Guip\u00fazcoa\/Gipuzkoa<\/option><option value=\"huelva\" >Huelva<\/option><option value=\"huesca\" >Huesca<\/option><option value=\"jaen\" >Ja\u00e9n<\/option><option value=\"la_coruna_a_coruna\" >La Coru\u00f1a\/A Coru\u00f1a<\/option><option value=\"la_rioja\" >A Rioja<\/option><option value=\"las_palmas\" >As palmas<\/option><option value=\"leon\" >Le\u00e3o<\/option><option value=\"lerida_lleida\" >L\u00e9rida\/L\u00e9rida<\/option><option value=\"lugo\" >Lugo<\/option><option value=\"madrid\" >Madri<\/option><option value=\"malaga\" >m\u00e1laga<\/option><option value=\"melilla\" >Melilha<\/option><option value=\"murcia\" >M\u00farcia<\/option><option value=\"navarra\" >Navarra<\/option><option value=\"orense_ourense\" >Ourense\/Ourense<\/option><option value=\"palencia\" >Pal\u00eancia<\/option><option value=\"pontevedra\" >Pontevedra<\/option><option value=\"salamanca\" >Salamanca<\/option><option value=\"segovia\" >Seg\u00f3via<\/option><option value=\"sevilla\" >Sevilha<\/option><option value=\"soria\" >S\u00f3ria<\/option><option value=\"tarragona\" >Tarragona<\/option><option value=\"tenerife\" >Tenerife<\/option><option value=\"teruel\" >Teruel<\/option><option value=\"toledo\" >Toledo<\/option><option value=\"valencia\" >Val\u00eancia<\/option><option value=\"valladolid\" >Valladolid<\/option><option value=\"vizcaya_bizkaia\" >Biscaia\/Bizcaia<\/option><option value=\"zamora\" >Zamora<\/option><option value=\"zaragoza\" >Sarago\u00e7a<\/option>\t<\/select>\n<\/div>\n<\/div><\/div>\n\n\n\n<div class=\"wp-block-column is-layout-flow wp-block-column-is-layout-flow\"><div  class=\"jet-form-builder-row field-type-text-field\" >\n<div class=\"jet-form-builder__label\">\r\n<div class=\"jet-form-builder__label-text\">Localiza\u00e7\u00e3o <span class=\"jet-form-builder__required\">*<\/span><\/div><\/div><div class=\"jet-form-builder__field-wrap\">\n\t\t\t\t<input placeholder=\"Localiza\u00e7\u00e3o\" required=\"required\" name=\"localidad\" id=\"localidad\" type=\"text\" data-field-name=\"localidad\" class=\"jet-form-builder__field text-field\" data-jfb-sync=\"null\" autocomplete=\"off_nKrm1EOB\">\n\t\t\t\t\t<\/div>\n<\/div><\/div>\n<\/div>\n\n\n\n<div class=\"wp-block-columns is-layout-flex wp-container-core-columns-is-layout-28f84493 wp-block-columns-is-layout-flex\">\n<div class=\"wp-block-column is-layout-flow wp-block-column-is-layout-flow\"><div  class=\"jet-form-builder-row field-type-text-field\" >\n<div class=\"jet-form-builder__label\">\r\n<div class=\"jet-form-builder__label-text\">Setor <span class=\"jet-form-builder__required\">*<\/span><\/div><\/div><div class=\"jet-form-builder__field-wrap\">\n\t\t\t\t<input placeholder=\"Setor\" required=\"required\" name=\"sector\" id=\"sector\" type=\"text\" data-field-name=\"sector\" class=\"jet-form-builder__field text-field\" data-jfb-sync=\"null\" autocomplete=\"off_b6Ql1hrA\">\n\t\t\t\t\t<\/div>\n<\/div><\/div>\n\n\n\n<div class=\"wp-block-column is-layout-flow wp-block-column-is-layout-flow\"><div  class=\"jet-form-builder-row field-type-select-field wp-block-jet-forms-select-field\">\n<div class=\"jet-form-builder__label\">\r\n<div class=\"jet-form-builder__label-text\">Categoria profissional <span class=\"jet-form-builder__required\">*<\/span><\/div><\/div><div class=\"jet-form-builder__field-wrap\">\n\t<select class=\"jet-form-builder__field select-field\" required=\"required\" name=\"categoria_profesional\" data-field-name=\"categoria_profesional\" id=\"categoria_profesional\" data-jfb-sync=\"null\">\n\t\t<option value=\"\"  selected>Escolha a categoria<\/option><option value=\"auxiliar_gerocultor\" >Gerocultor Assistente<\/option><option value=\"enfermeria\" >Enfermagem<\/option><option value=\"medicina\" >Medicamento<\/option><option value=\"fisioterapia\" >Fisioterapia<\/option><option value=\"terapia_ocupacional\" >Terapia ocupacional<\/option><option value=\"psicologia\" >Psicologia<\/option><option value=\"trabajo_social\" >Trabalho social<\/option><option value=\"educacion_social\" >Educa\u00e7\u00e3o social<\/option><option value=\"integracion_social\" >Integra\u00e7\u00e3o social<\/option><option value=\"animacion_sociocultural\" >Anima\u00e7\u00e3o sociocultural<\/option><option value=\"direccion\" >Endere\u00e7o<\/option><option value=\"coordinacion\" >Coordena\u00e7\u00e3o<\/option><option value=\"gobernantia\" >Governan\u00e7a<\/option><option value=\"transporte_sociosanitario\" >Transporte sociosanit\u00e1rio<\/option><option value=\"limpieza\" >Limpeza<\/option><option value=\"mantenimiento\" >Manuten\u00e7\u00e3o<\/option><option value=\"jardineria\" >Jardinagem<\/option><option value=\"cocina\" >Cozinha<\/option><option value=\"farmacia\" >Farmacia<\/option><option value=\"auxiliar_sad\" >Assistente SAD<\/option><option value=\"coordinacion_sad\" >Coordena\u00e7\u00e3o da SAD<\/option><option value=\"teleoperador_teleasistencia\" >Teleoperador de Teleatendimento<\/option><option value=\"coordinacion_tad\" >Coordena\u00e7\u00e3o TAD<\/option>\t<\/select>\n<\/div>\n<\/div><\/div>\n\n\n\n<div class=\"wp-block-column is-layout-flow wp-block-column-is-layout-flow\"><div  class=\"jet-form-builder-row field-type-text-field\" >\n<div class=\"jet-form-builder__label\">\r\n<div class=\"jet-form-builder__label-text\">Posto de trabalho <span class=\"jet-form-builder__required\">*<\/span><\/div><\/div><div class=\"jet-form-builder__field-wrap\">\n\t\t\t\t<input placeholder=\"Posto de trabalho\" required=\"required\" name=\"puesto_de_trabajo\" id=\"puesto_de_trabajo\" type=\"text\" data-field-name=\"puesto_de_trabajo\" class=\"jet-form-builder__field text-field\" data-jfb-sync=\"null\" autocomplete=\"off_pY6uKQXi\">\n\t\t\t\t\t<\/div>\n<\/div><\/div>\n<\/div>\n\n\n<div  class=\"jet-form-builder-row field-type-checkbox-field\" >\n<div class=\"jet-form-builder__fields-group checkradio-wrap\" data-jfb-sync><div class=\"jet-form-builder__field-wrap checkboxes-wrap checkradio-wrap\"><label class=\"jet-form-builder__field-label for-checkbox\">\n\t\t\t<input type=\"checkbox\" name=\"terminos_condiciones\" value=\"true\" data-field-name=\"terminos_condiciones\"  class=\"jet-form-builder__field checkboxes-field checkradio-field\" required=\"required\"><span>Eu li e aceito o <a href=\"\/pt_pt\/aviso-legal\/\" style=\"border-bottom: 1px solid;margin-bottom: -1px\" target=\"_blank\">Aviso Legal<\/a> deste site.<\/span><\/label><\/div><\/div>\n<\/div>\n\n<div class=\"jfb-visually-hidden\" tabindex=\"-1\"><div class=\"jet-form-builder__field-wrap\">\n\t\t\t\t<input name=\"email\" id=\"email\" type=\"email\" data-field-name=\"email\" class=\"jet-form-builder__field text-field\" data-jfb-sync=\"null\" autocomplete=\"off_YczECyqB\">\n\t\t\t\t\t<\/div><\/div><div  class=\"jet-form-builder-row field-type-submit-field\" >\n\t<div data-type=\"submit\" class=\"jet-form-builder__action-button-wrapper jet-form-builder__submit-wrap\">\n\t<button class=\"jet-form-builder__action-button jet-form-builder__submit submit-type-reload\" type=\"submit\">Enviar<\/button>\n\t<\/div>\n\t\n<\/div>\n\n\n<p><\/p>\n\t<div class=\"jet-form-builder-messages-wrap\" data-form-id=\"2583\"><\/div>\n<input type=\"hidden\" name=\"trp-form-language\" value=\"pt_pt\"\/><\/form>\n\t\t\t\t<\/div>\n\t\t\t\t<\/div>\n\t\t\t\t\t<\/div>\n\t\t\t\t<\/div>\n\t\t\t\t<\/div>","protected":false},"excerpt":{"rendered":"<p>Empresa * Nombre * Apellidos * Email * Provincia * Elije la provincia\u00c1lava\/ArabaAlbaceteAlicanteAlmer\u00edaAsturias\u00c1vilaBadajozBalearesBarcelonaBurgosC\u00e1ceresC\u00e1dizCantabriaCastell\u00f3nCeutaCiudad RealC\u00f3rdobaCuencaGerona\/GironaGranadaGuadalajaraGuip\u00fazcoa\/GipuzkoaHuelvaHuescaJa\u00e9nLa Coru\u00f1a\/A Coru\u00f1aLa RiojaLas PalmasLe\u00f3nL\u00e9rida\/LleidaLugoMadridM\u00e1lagaMelillaMurciaNavarraOrense\/OurensePalenciaPontevedraSalamancaSegoviaSevillaSoriaTarragonaTenerifeTeruelToledoValenciaValladolidVizcaya\/BizkaiaZamoraZaragoza Localidad * Sector * Categor\u00eda profesional * Elije la categor\u00edaAuxiliar-Gerocultor\/aEnfermer\u00edaMedicinaFisioterapiaTerapia OcupacionalPsicolog\u00edaTrabajo socialEducaci\u00f3n socialIntegraci\u00f3n socialAnimaci\u00f3n socioculturalDirecci\u00f3nCoordinaci\u00f3nGobernant\u00edaTransporte sociosanitarioLimpiezaMantenimientoJardiner\u00edaCocinaFarmaciaAuxiliar SADCoordinaci\u00f3n SADTeleoperador\/a TeleasistenciaCoordinaci\u00f3n TAD Puesto de trabajo * He leido y acepto el Aviso legal de este sitio web. Enviar<\/p>","protected":false},"author":2,"featured_media":0,"parent":0,"menu_order":0,"comment_status":"closed","ping_status":"closed","template":"","meta":{"footnotes":""},"class_list":["post-5204","page","type-page","status-publish","hentry"],"pp_statuses_selecting_workflow":false,"pp_workflow_action":"current","pp_status_selection":"publish","yoast_head":"<!-- This site is optimized with the Yoast SEO plugin v27.4 - https:\/\/yoast.com\/product\/yoast-seo-wordpress\/ -->\n<title>testForm | Foro T\u00e9cnico de Formaci\u00f3n<\/title>\n<meta name=\"robots\" content=\"index, follow, max-snippet:-1, max-image-preview:large, max-video-preview:-1\" \/>\n<link rel=\"canonical\" href=\"http:\/\/forotf.com\/pt_pt\/testform\/\" \/>\n<meta property=\"og:locale\" content=\"pt_PT\" \/>\n<meta property=\"og:type\" content=\"article\" \/>\n<meta property=\"og:title\" content=\"testForm | Foro T\u00e9cnico de Formaci\u00f3n\" \/>\n<meta property=\"og:description\" content=\"Empresa * Nombre * Apellidos * Email * Provincia * Elije la provincia\u00c1lava\/ArabaAlbaceteAlicanteAlmer\u00edaAsturias\u00c1vilaBadajozBalearesBarcelonaBurgosC\u00e1ceresC\u00e1dizCantabriaCastell\u00f3nCeutaCiudad RealC\u00f3rdobaCuencaGerona\/GironaGranadaGuadalajaraGuip\u00fazcoa\/GipuzkoaHuelvaHuescaJa\u00e9nLa Coru\u00f1a\/A Coru\u00f1aLa RiojaLas PalmasLe\u00f3nL\u00e9rida\/LleidaLugoMadridM\u00e1lagaMelillaMurciaNavarraOrense\/OurensePalenciaPontevedraSalamancaSegoviaSevillaSoriaTarragonaTenerifeTeruelToledoValenciaValladolidVizcaya\/BizkaiaZamoraZaragoza Localidad * Sector * Categor\u00eda profesional * Elije la categor\u00edaAuxiliar-Gerocultor\/aEnfermer\u00edaMedicinaFisioterapiaTerapia OcupacionalPsicolog\u00edaTrabajo socialEducaci\u00f3n socialIntegraci\u00f3n socialAnimaci\u00f3n socioculturalDirecci\u00f3nCoordinaci\u00f3nGobernant\u00edaTransporte sociosanitarioLimpiezaMantenimientoJardiner\u00edaCocinaFarmaciaAuxiliar SADCoordinaci\u00f3n SADTeleoperador\/a TeleasistenciaCoordinaci\u00f3n TAD Puesto de trabajo * He leido y acepto el Aviso legal de este sitio web. Enviar\" \/>\n<meta property=\"og:url\" content=\"http:\/\/forotf.com\/pt_pt\/testform\/\" \/>\n<meta property=\"og:site_name\" content=\"Foro T\u00e9cnico de Formaci\u00f3n\" \/>\n<meta property=\"article:publisher\" content=\"https:\/\/es-es.facebook.com\/forotf\/\" \/>\n<meta property=\"article:modified_time\" content=\"2024-05-29T15:35:23+00:00\" \/>\n<meta property=\"og:image\" content=\"https:\/\/forotf.com\/wp-content\/uploads\/2024\/02\/Site-Image.webp\" \/>\n\t<meta property=\"og:image:width\" content=\"1200\" \/>\n\t<meta property=\"og:image:height\" content=\"675\" \/>\n\t<meta property=\"og:image:type\" content=\"image\/webp\" \/>\n<meta name=\"twitter:card\" content=\"summary_large_image\" \/>\n<script type=\"application\/ld+json\" class=\"yoast-schema-graph\">{\"@context\":\"https:\\\/\\\/schema.org\",\"@graph\":[{\"@type\":\"WebPage\",\"@id\":\"http:\\\/\\\/forotf.com\\\/pt_pt\\\/testform\\\/\",\"url\":\"http:\\\/\\\/forotf.com\\\/pt_pt\\\/testform\\\/\",\"name\":\"testForm | Foro T\u00e9cnico de Formaci\u00f3n\",\"isPartOf\":{\"@id\":\"http:\\\/\\\/forotf.com\\\/pt\\\/#website\"},\"datePublished\":\"2024-05-29T13:41:24+00:00\",\"dateModified\":\"2024-05-29T15:35:23+00:00\",\"breadcrumb\":{\"@id\":\"http:\\\/\\\/forotf.com\\\/pt_pt\\\/testform\\\/#breadcrumb\"},\"inLanguage\":\"pt-PT\",\"potentialAction\":[{\"@type\":\"ReadAction\",\"target\":[\"http:\\\/\\\/forotf.com\\\/pt_pt\\\/testform\\\/\"]}]},{\"@type\":\"BreadcrumbList\",\"@id\":\"http:\\\/\\\/forotf.com\\\/pt_pt\\\/testform\\\/#breadcrumb\",\"itemListElement\":[{\"@type\":\"ListItem\",\"position\":1,\"name\":\"Inicio\",\"item\":\"https:\\\/\\\/forotf.com\\\/\"},{\"@type\":\"ListItem\",\"position\":2,\"name\":\"testForm\"}]},{\"@type\":\"WebSite\",\"@id\":\"http:\\\/\\\/forotf.com\\\/pt\\\/#website\",\"url\":\"http:\\\/\\\/forotf.com\\\/pt\\\/\",\"name\":\"Foro T\u00e9cnico de Formaci\u00f3n\",\"description\":\"Formaci\u00f3n para Empresas\",\"publisher\":{\"@id\":\"http:\\\/\\\/forotf.com\\\/pt\\\/#organization\"},\"alternateName\":\"FTF\",\"potentialAction\":[{\"@type\":\"SearchAction\",\"target\":{\"@type\":\"EntryPoint\",\"urlTemplate\":\"http:\\\/\\\/forotf.com\\\/pt\\\/?s={search_term_string}\"},\"query-input\":{\"@type\":\"PropertyValueSpecification\",\"valueRequired\":true,\"valueName\":\"search_term_string\"}}],\"inLanguage\":\"pt-PT\"},{\"@type\":\"Organization\",\"@id\":\"http:\\\/\\\/forotf.com\\\/pt\\\/#organization\",\"name\":\"Foro T\u00e9cnico de Formaci\u00f3n\",\"alternateName\":\"FTF\",\"url\":\"http:\\\/\\\/forotf.com\\\/pt\\\/\",\"logo\":{\"@type\":\"ImageObject\",\"inLanguage\":\"pt-PT\",\"@id\":\"http:\\\/\\\/forotf.com\\\/pt\\\/#\\\/schema\\\/logo\\\/image\\\/\",\"url\":\"https:\\\/\\\/forotf.com\\\/wp-content\\\/uploads\\\/2024\\\/02\\\/Oficial-Logo-FTF-Color.svg\",\"contentUrl\":\"https:\\\/\\\/forotf.com\\\/wp-content\\\/uploads\\\/2024\\\/02\\\/Oficial-Logo-FTF-Color.svg\",\"width\":794,\"height\":212,\"caption\":\"Foro T\u00e9cnico de Formaci\u00f3n\"},\"image\":{\"@id\":\"http:\\\/\\\/forotf.com\\\/pt\\\/#\\\/schema\\\/logo\\\/image\\\/\"},\"sameAs\":[\"https:\\\/\\\/es-es.facebook.com\\\/forotf\\\/\",\"https:\\\/\\\/www.instagram.com\\\/ftformacion\\\/?igshid=MWZjMTM2ODFkZg==\",\"https:\\\/\\\/www.linkedin.com\\\/company\\\/foro-tecnico-de-formacion\\\/?originalSubdomain=es\",\"https:\\\/\\\/www.youtube.com\\\/channel\\\/UCTzzsDUdLaZtfAGiP_ipLIg\"]}]}<\/script>\n<!-- \/ Yoast SEO plugin. -->","yoast_head_json":{"title":"testForm | Foro T\u00e9cnico de Formaci\u00f3n","robots":{"index":"index","follow":"follow","max-snippet":"max-snippet:-1","max-image-preview":"max-image-preview:large","max-video-preview":"max-video-preview:-1"},"canonical":"http:\/\/forotf.com\/pt_pt\/testform\/","og_locale":"pt_PT","og_type":"article","og_title":"testForm | Foro T\u00e9cnico de Formaci\u00f3n","og_description":"Empresa * Nombre * Apellidos * Email * Provincia * Elije la provincia\u00c1lava\/ArabaAlbaceteAlicanteAlmer\u00edaAsturias\u00c1vilaBadajozBalearesBarcelonaBurgosC\u00e1ceresC\u00e1dizCantabriaCastell\u00f3nCeutaCiudad RealC\u00f3rdobaCuencaGerona\/GironaGranadaGuadalajaraGuip\u00fazcoa\/GipuzkoaHuelvaHuescaJa\u00e9nLa Coru\u00f1a\/A Coru\u00f1aLa RiojaLas PalmasLe\u00f3nL\u00e9rida\/LleidaLugoMadridM\u00e1lagaMelillaMurciaNavarraOrense\/OurensePalenciaPontevedraSalamancaSegoviaSevillaSoriaTarragonaTenerifeTeruelToledoValenciaValladolidVizcaya\/BizkaiaZamoraZaragoza Localidad * Sector * Categor\u00eda profesional * Elije la categor\u00edaAuxiliar-Gerocultor\/aEnfermer\u00edaMedicinaFisioterapiaTerapia OcupacionalPsicolog\u00edaTrabajo socialEducaci\u00f3n socialIntegraci\u00f3n socialAnimaci\u00f3n socioculturalDirecci\u00f3nCoordinaci\u00f3nGobernant\u00edaTransporte sociosanitarioLimpiezaMantenimientoJardiner\u00edaCocinaFarmaciaAuxiliar SADCoordinaci\u00f3n SADTeleoperador\/a TeleasistenciaCoordinaci\u00f3n TAD Puesto de trabajo * He leido y acepto el Aviso legal de este sitio web. Enviar","og_url":"http:\/\/forotf.com\/pt_pt\/testform\/","og_site_name":"Foro T\u00e9cnico de Formaci\u00f3n","article_publisher":"https:\/\/es-es.facebook.com\/forotf\/","article_modified_time":"2024-05-29T15:35:23+00:00","og_image":[{"width":1200,"height":675,"url":"https:\/\/forotf.com\/wp-content\/uploads\/2024\/02\/Site-Image.webp","type":"image\/webp"}],"twitter_card":"summary_large_image","schema":{"@context":"https:\/\/schema.org","@graph":[{"@type":"WebPage","@id":"http:\/\/forotf.com\/pt_pt\/testform\/","url":"http:\/\/forotf.com\/pt_pt\/testform\/","name":"testForm | Foro T\u00e9cnico de Formaci\u00f3n","isPartOf":{"@id":"http:\/\/forotf.com\/pt\/#website"},"datePublished":"2024-05-29T13:41:24+00:00","dateModified":"2024-05-29T15:35:23+00:00","breadcrumb":{"@id":"http:\/\/forotf.com\/pt_pt\/testform\/#breadcrumb"},"inLanguage":"pt-PT","potentialAction":[{"@type":"ReadAction","target":["http:\/\/forotf.com\/pt_pt\/testform\/"]}]},{"@type":"BreadcrumbList","@id":"http:\/\/forotf.com\/pt_pt\/testform\/#breadcrumb","itemListElement":[{"@type":"ListItem","position":1,"name":"Inicio","item":"https:\/\/forotf.com\/"},{"@type":"ListItem","position":2,"name":"testForm"}]},{"@type":"WebSite","@id":"http:\/\/forotf.com\/pt\/#website","url":"http:\/\/forotf.com\/pt\/","name":"F\u00f3rum de Treinamento T\u00e9cnico","description":"Treinamento para Empresas","publisher":{"@id":"http:\/\/forotf.com\/pt\/#organization"},"alternateName":"FTF","potentialAction":[{"@type":"SearchAction","target":{"@type":"EntryPoint","urlTemplate":"http:\/\/forotf.com\/pt\/?s={search_term_string}"},"query-input":{"@type":"PropertyValueSpecification","valueRequired":true,"valueName":"search_term_string"}}],"inLanguage":"pt-PT"},{"@type":"Organization","@id":"http:\/\/forotf.com\/pt\/#organization","name":"F\u00f3rum de Treinamento T\u00e9cnico","alternateName":"FTF","url":"http:\/\/forotf.com\/pt\/","logo":{"@type":"ImageObject","inLanguage":"pt-PT","@id":"http:\/\/forotf.com\/pt\/#\/schema\/logo\/image\/","url":"https:\/\/forotf.com\/wp-content\/uploads\/2024\/02\/Oficial-Logo-FTF-Color.svg","contentUrl":"https:\/\/forotf.com\/wp-content\/uploads\/2024\/02\/Oficial-Logo-FTF-Color.svg","width":794,"height":212,"caption":"Foro T\u00e9cnico de Formaci\u00f3n"},"image":{"@id":"http:\/\/forotf.com\/pt\/#\/schema\/logo\/image\/"},"sameAs":["https:\/\/es-es.facebook.com\/forotf\/","https:\/\/www.instagram.com\/ftformacion\/?igshid=MWZjMTM2ODFkZg==","https:\/\/www.linkedin.com\/company\/foro-tecnico-de-formacion\/?originalSubdomain=es","https:\/\/www.youtube.com\/channel\/UCTzzsDUdLaZtfAGiP_ipLIg"]}]}},"publishpress_future_action":{"enabled":false,"date":"2026-04-23 02:46:17","action":"change-status","newStatus":"draft","terms":[],"taxonomy":"","extraData":[]},"publishpress_future_workflow_manual_trigger":{"enabledWorkflows":[]},"_links":{"self":[{"href":"https:\/\/forotf.com\/pt_pt\/wp-json\/wp\/v2\/pages\/5204","targetHints":{"allow":["GET"]}}],"collection":[{"href":"https:\/\/forotf.com\/pt_pt\/wp-json\/wp\/v2\/pages"}],"about":[{"href":"https:\/\/forotf.com\/pt_pt\/wp-json\/wp\/v2\/types\/page"}],"author":[{"embeddable":true,"href":"https:\/\/forotf.com\/pt_pt\/wp-json\/wp\/v2\/users\/2"}],"replies":[{"embeddable":true,"href":"https:\/\/forotf.com\/pt_pt\/wp-json\/wp\/v2\/comments?post=5204"}],"version-history":[{"count":7,"href":"https:\/\/forotf.com\/pt_pt\/wp-json\/wp\/v2\/pages\/5204\/revisions"}],"predecessor-version":[{"id":5237,"href":"https:\/\/forotf.com\/pt_pt\/wp-json\/wp\/v2\/pages\/5204\/revisions\/5237"}],"wp:attachment":[{"href":"https:\/\/forotf.com\/pt_pt\/wp-json\/wp\/v2\/media?parent=5204"}],"curies":[{"name":"wp","href":"https:\/\/api.w.org\/{rel}","templated":true}]}}