{"id":7677,"date":"2026-03-31T09:59:02","date_gmt":"2026-03-31T09:59:02","guid":{"rendered":"https:\/\/forotf.com\/?post_type=product&#038;p=7677"},"modified":"2026-03-31T13:48:43","modified_gmt":"2026-03-31T13:48:43","slug":"fundamentos-de-la-acp-etica-asistencial-y-buen-trato","status":"publish","type":"product","link":"https:\/\/forotf.com\/pt\/curso\/fundamentos-de-la-acp-etica-asistencial-y-buen-trato\/","title":{"rendered":"Fundamentos de la ACP. \u00c9tica asistencial y buen trato"},"content":{"rendered":"<p data-start=\"26\" data-end=\"495\">El curso de <strong data-start=\"38\" data-end=\"139\">Atenci\u00f3n Centrada en la Persona (ACP), \u00c9tica Asistencial y Buen Trato en el \u00c1mbito Sociosanitario<\/strong> ofrece una formaci\u00f3n integral orientada a transformar el modelo de cuidados hacia una atenci\u00f3n m\u00e1s humana, \u00e9tica y personalizada. A trav\u00e9s de este programa, los profesionales adquirir\u00e1n las competencias necesarias para situar a la persona en el centro de la intervenci\u00f3n, promoviendo su dignidad, autonom\u00eda y bienestar en todos los \u00e1mbitos de la atenci\u00f3n.<\/p>\n<p data-start=\"497\" data-end=\"1078\">La formaci\u00f3n combina los fundamentos de la ACP con herramientas pr\u00e1cticas para su implementaci\u00f3n en el d\u00eda a d\u00eda, abordando aspectos clave como la personalizaci\u00f3n de los cuidados, la comunicaci\u00f3n con familias y equipos, y la creaci\u00f3n de entornos que favorezcan la calidad de vida. Adem\u00e1s, profundiza en la \u00e9tica asistencial, proporcionando criterios y metodolog\u00edas para afrontar dilemas \u00e9ticos y tomar decisiones fundamentadas, as\u00ed como en el desarrollo de una cultura de buen trato basada en el respeto, la humanizaci\u00f3n y la prevenci\u00f3n de situaciones de vulnerabilidad o maltrato.<\/p>\n<p data-start=\"1080\" data-end=\"1247\">Una formaci\u00f3n clave para impulsar organizaciones m\u00e1s comprometidas con la calidad asistencial, el respeto a los derechos de las personas y la excelencia en el cuidado.<\/p>","protected":false},"excerpt":{"rendered":"<p>El curso de <strong data-start=\"38\" data-end=\"139\">Atenci\u00f3n Centrada en la Persona (ACP), \u00c9tica Asistencial y Buen Trato en el \u00c1mbito Sociosanitario<\/strong> ofrece una formaci\u00f3n integral orientada a transformar el modelo de cuidados hacia una atenci\u00f3n m\u00e1s humana, \u00e9tica y personalizada. A trav\u00e9s de este programa, los profesionales adquirir\u00e1n las competencias necesarias para situar a la persona en el centro de la intervenci\u00f3n, promoviendo su dignidad, autonom\u00eda y bienestar en todos los \u00e1mbitos de la atenci\u00f3n.<\/p>","protected":false},"featured_media":7678,"comment_status":"closed","ping_status":"closed","template":"","meta":{"codigo-servicio":"2065-DR","costo-gestion":"18.15"},"product_brand":[],"product_cat":[15],"product_tag":[],"class_list":{"0":"post-7677","1":"product","2":"type-product","3":"status-publish","4":"has-post-thumbnail","6":"product_cat-uncategorized","8":"first","9":"instock","10":"shipping-taxable","11":"purchasable","12":"product-type-simple"},"pp_statuses_selecting_workflow":false,"pp_workflow_action":"current","pp_status_selection":"publish","yoast_head":"<!-- This site is optimized with the Yoast SEO plugin v27.4 - https:\/\/yoast.com\/product\/yoast-seo-wordpress\/ -->\n<title>Curso de Fundamentos de la ACP. \u00c9tica asistencial y buen trato | Foro T\u00e9cnico de Formaci\u00f3n<\/title>\n<meta name=\"description\" content=\"Potencia tu conocimiento con nuestro curso Fundamentos de la ACP. \u00c9tica asistencial y buen trato. Descubre, aprende y crece con Foro T\u00e9cnico de Formaci\u00f3n.\" \/>\n<meta name=\"robots\" content=\"index, follow, max-snippet:-1, max-image-preview:large, max-video-preview:-1\" \/>\n<link rel=\"canonical\" href=\"https:\/\/forotf.com\/pt\/curso\/fundamentos-de-la-acp-etica-asistencial-y-buen-trato\/\" \/>\n<meta property=\"og:locale\" content=\"pt_BR\" \/>\n<meta property=\"og:type\" content=\"article\" \/>\n<meta property=\"og:title\" content=\"Curso de Fundamentos de la ACP. \u00c9tica asistencial y buen trato | Foro T\u00e9cnico de Formaci\u00f3n\" \/>\n<meta property=\"og:description\" content=\"Potencia tu conocimiento con nuestro curso Fundamentos de la ACP. \u00c9tica asistencial y buen trato. Descubre, aprende y crece con Foro T\u00e9cnico de Formaci\u00f3n.\" \/>\n<meta property=\"og:url\" content=\"https:\/\/forotf.com\/pt\/curso\/fundamentos-de-la-acp-etica-asistencial-y-buen-trato\/\" \/>\n<meta property=\"og:site_name\" content=\"Foro T\u00e9cnico de Formaci\u00f3n\" \/>\n<meta property=\"article:publisher\" content=\"https:\/\/es-es.facebook.com\/forotf\/\" \/>\n<meta property=\"article:modified_time\" content=\"2026-03-31T13:48:43+00:00\" \/>\n<meta property=\"og:image\" content=\"https:\/\/forotf.com\/wp-content\/uploads\/2026\/03\/6250d131-c143-13f9-913f-6cc3c1c58dc5.jpg\" \/>\n\t<meta property=\"og:image:width\" content=\"580\" \/>\n\t<meta property=\"og:image:height\" content=\"391\" \/>\n\t<meta property=\"og:image:type\" content=\"image\/jpeg\" \/>\n<meta name=\"twitter:card\" content=\"summary_large_image\" \/>\n<script type=\"application\/ld+json\" class=\"yoast-schema-graph\">{\"@context\":\"https:\\\/\\\/schema.org\",\"@graph\":[{\"@type\":\"WebPage\",\"@id\":\"https:\\\/\\\/forotf.com\\\/curso\\\/fundamentos-de-la-acp-etica-asistencial-y-buen-trato\\\/\",\"url\":\"https:\\\/\\\/forotf.com\\\/curso\\\/fundamentos-de-la-acp-etica-asistencial-y-buen-trato\\\/\",\"name\":\"Curso de Fundamentos de la ACP. \u00c9tica asistencial y buen trato | Foro T\u00e9cnico de Formaci\u00f3n\",\"isPartOf\":{\"@id\":\"http:\\\/\\\/forotf.com\\\/pt\\\/#website\"},\"primaryImageOfPage\":{\"@id\":\"https:\\\/\\\/forotf.com\\\/curso\\\/fundamentos-de-la-acp-etica-asistencial-y-buen-trato\\\/#primaryimage\"},\"image\":{\"@id\":\"https:\\\/\\\/forotf.com\\\/curso\\\/fundamentos-de-la-acp-etica-asistencial-y-buen-trato\\\/#primaryimage\"},\"thumbnailUrl\":\"https:\\\/\\\/forotf.com\\\/wp-content\\\/uploads\\\/2026\\\/03\\\/6250d131-c143-13f9-913f-6cc3c1c58dc5.jpg\",\"datePublished\":\"2026-03-31T09:59:02+00:00\",\"dateModified\":\"2026-03-31T13:48:43+00:00\",\"description\":\"Potencia tu conocimiento con nuestro curso Fundamentos de la ACP. \u00c9tica asistencial y buen trato. Descubre, aprende y crece con Foro T\u00e9cnico de Formaci\u00f3n.\",\"breadcrumb\":{\"@id\":\"https:\\\/\\\/forotf.com\\\/curso\\\/fundamentos-de-la-acp-etica-asistencial-y-buen-trato\\\/#breadcrumb\"},\"inLanguage\":\"pt-BR\",\"potentialAction\":[{\"@type\":\"ReadAction\",\"target\":[\"https:\\\/\\\/forotf.com\\\/curso\\\/fundamentos-de-la-acp-etica-asistencial-y-buen-trato\\\/\"]}]},{\"@type\":\"ImageObject\",\"inLanguage\":\"pt-BR\",\"@id\":\"https:\\\/\\\/forotf.com\\\/curso\\\/fundamentos-de-la-acp-etica-asistencial-y-buen-trato\\\/#primaryimage\",\"url\":\"https:\\\/\\\/forotf.com\\\/wp-content\\\/uploads\\\/2026\\\/03\\\/6250d131-c143-13f9-913f-6cc3c1c58dc5.jpg\",\"contentUrl\":\"https:\\\/\\\/forotf.com\\\/wp-content\\\/uploads\\\/2026\\\/03\\\/6250d131-c143-13f9-913f-6cc3c1c58dc5.jpg\",\"width\":580,\"height\":391},{\"@type\":\"BreadcrumbList\",\"@id\":\"https:\\\/\\\/forotf.com\\\/curso\\\/fundamentos-de-la-acp-etica-asistencial-y-buen-trato\\\/#breadcrumb\",\"itemListElement\":[{\"@type\":\"ListItem\",\"position\":1,\"name\":\"Inicio\",\"item\":\"https:\\\/\\\/forotf.com\\\/\"},{\"@type\":\"ListItem\",\"position\":2,\"name\":\"Cursos\",\"item\":\"https:\\\/\\\/forotf.com\\\/cursos\\\/\"},{\"@type\":\"ListItem\",\"position\":3,\"name\":\"Uncategorized\",\"item\":\"http:\\\/\\\/forotf.com\\\/pt\\\/product-category\\\/uncategorized\\\/\"},{\"@type\":\"ListItem\",\"position\":4,\"name\":\"Fundamentos de la ACP. \u00c9tica asistencial y buen trato\"}]},{\"@type\":\"WebSite\",\"@id\":\"http:\\\/\\\/forotf.com\\\/pt\\\/#website\",\"url\":\"http:\\\/\\\/forotf.com\\\/pt\\\/\",\"name\":\"Foro T\u00e9cnico de Formaci\u00f3n\",\"description\":\"Formaci\u00f3n para Empresas\",\"publisher\":{\"@id\":\"http:\\\/\\\/forotf.com\\\/pt\\\/#organization\"},\"alternateName\":\"FTF\",\"potentialAction\":[{\"@type\":\"SearchAction\",\"target\":{\"@type\":\"EntryPoint\",\"urlTemplate\":\"http:\\\/\\\/forotf.com\\\/pt\\\/?s={search_term_string}\"},\"query-input\":{\"@type\":\"PropertyValueSpecification\",\"valueRequired\":true,\"valueName\":\"search_term_string\"}}],\"inLanguage\":\"pt-BR\"},{\"@type\":\"Organization\",\"@id\":\"http:\\\/\\\/forotf.com\\\/pt\\\/#organization\",\"name\":\"Foro T\u00e9cnico de Formaci\u00f3n\",\"alternateName\":\"FTF\",\"url\":\"http:\\\/\\\/forotf.com\\\/pt\\\/\",\"logo\":{\"@type\":\"ImageObject\",\"inLanguage\":\"pt-BR\",\"@id\":\"http:\\\/\\\/forotf.com\\\/pt\\\/#\\\/schema\\\/logo\\\/image\\\/\",\"url\":\"https:\\\/\\\/forotf.com\\\/wp-content\\\/uploads\\\/2024\\\/02\\\/Oficial-Logo-FTF-Color.svg\",\"contentUrl\":\"https:\\\/\\\/forotf.com\\\/wp-content\\\/uploads\\\/2024\\\/02\\\/Oficial-Logo-FTF-Color.svg\",\"width\":794,\"height\":212,\"caption\":\"Foro T\u00e9cnico de Formaci\u00f3n\"},\"image\":{\"@id\":\"http:\\\/\\\/forotf.com\\\/pt\\\/#\\\/schema\\\/logo\\\/image\\\/\"},\"sameAs\":[\"https:\\\/\\\/es-es.facebook.com\\\/forotf\\\/\",\"https:\\\/\\\/www.instagram.com\\\/ftformacion\\\/?igshid=MWZjMTM2ODFkZg==\",\"https:\\\/\\\/www.linkedin.com\\\/company\\\/foro-tecnico-de-formacion\\\/?originalSubdomain=es\",\"https:\\\/\\\/www.youtube.com\\\/channel\\\/UCTzzsDUdLaZtfAGiP_ipLIg\"]}]}<\/script>\n<!-- \/ Yoast SEO plugin. -->","yoast_head_json":{"title":"Curso de Fundamentos de la ACP. \u00c9tica asistencial y buen trato | Foro T\u00e9cnico de Formaci\u00f3n","description":"Potencia tu conocimiento con nuestro curso Fundamentos de la ACP. \u00c9tica asistencial y buen trato. Descubre, aprende y crece con Foro T\u00e9cnico de Formaci\u00f3n.","robots":{"index":"index","follow":"follow","max-snippet":"max-snippet:-1","max-image-preview":"max-image-preview:large","max-video-preview":"max-video-preview:-1"},"canonical":"https:\/\/forotf.com\/pt\/curso\/fundamentos-de-la-acp-etica-asistencial-y-buen-trato\/","og_locale":"pt_BR","og_type":"article","og_title":"Curso de Fundamentos de la ACP. \u00c9tica asistencial y buen trato | Foro T\u00e9cnico de Formaci\u00f3n","og_description":"Potencia tu conocimiento con nuestro curso Fundamentos de la ACP. \u00c9tica asistencial y buen trato. Descubre, aprende y crece con Foro T\u00e9cnico de Formaci\u00f3n.","og_url":"https:\/\/forotf.com\/pt\/curso\/fundamentos-de-la-acp-etica-asistencial-y-buen-trato\/","og_site_name":"Foro T\u00e9cnico de Formaci\u00f3n","article_publisher":"https:\/\/es-es.facebook.com\/forotf\/","article_modified_time":"2026-03-31T13:48:43+00:00","og_image":[{"width":580,"height":391,"url":"https:\/\/forotf.com\/wp-content\/uploads\/2026\/03\/6250d131-c143-13f9-913f-6cc3c1c58dc5.jpg","type":"image\/jpeg"}],"twitter_card":"summary_large_image","schema":{"@context":"https:\/\/schema.org","@graph":[{"@type":"WebPage","@id":"https:\/\/forotf.com\/curso\/fundamentos-de-la-acp-etica-asistencial-y-buen-trato\/","url":"https:\/\/forotf.com\/curso\/fundamentos-de-la-acp-etica-asistencial-y-buen-trato\/","name":"Curso de Fundamentos de la ACP. \u00c9tica asistencial y buen trato | Foro T\u00e9cnico de Formaci\u00f3n","isPartOf":{"@id":"http:\/\/forotf.com\/pt\/#website"},"primaryImageOfPage":{"@id":"https:\/\/forotf.com\/curso\/fundamentos-de-la-acp-etica-asistencial-y-buen-trato\/#primaryimage"},"image":{"@id":"https:\/\/forotf.com\/curso\/fundamentos-de-la-acp-etica-asistencial-y-buen-trato\/#primaryimage"},"thumbnailUrl":"https:\/\/forotf.com\/wp-content\/uploads\/2026\/03\/6250d131-c143-13f9-913f-6cc3c1c58dc5.jpg","datePublished":"2026-03-31T09:59:02+00:00","dateModified":"2026-03-31T13:48:43+00:00","description":"Potencia tu conocimiento con nuestro curso Fundamentos de la ACP. \u00c9tica asistencial y buen trato. Descubre, aprende y crece con Foro T\u00e9cnico de Formaci\u00f3n.","breadcrumb":{"@id":"https:\/\/forotf.com\/curso\/fundamentos-de-la-acp-etica-asistencial-y-buen-trato\/#breadcrumb"},"inLanguage":"pt-BR","potentialAction":[{"@type":"ReadAction","target":["https:\/\/forotf.com\/curso\/fundamentos-de-la-acp-etica-asistencial-y-buen-trato\/"]}]},{"@type":"ImageObject","inLanguage":"pt-BR","@id":"https:\/\/forotf.com\/curso\/fundamentos-de-la-acp-etica-asistencial-y-buen-trato\/#primaryimage","url":"https:\/\/forotf.com\/wp-content\/uploads\/2026\/03\/6250d131-c143-13f9-913f-6cc3c1c58dc5.jpg","contentUrl":"https:\/\/forotf.com\/wp-content\/uploads\/2026\/03\/6250d131-c143-13f9-913f-6cc3c1c58dc5.jpg","width":580,"height":391},{"@type":"BreadcrumbList","@id":"https:\/\/forotf.com\/curso\/fundamentos-de-la-acp-etica-asistencial-y-buen-trato\/#breadcrumb","itemListElement":[{"@type":"ListItem","position":1,"name":"Inicio","item":"https:\/\/forotf.com\/"},{"@type":"ListItem","position":2,"name":"Cursos","item":"https:\/\/forotf.com\/cursos\/"},{"@type":"ListItem","position":3,"name":"Uncategorized","item":"http:\/\/forotf.com\/pt\/product-category\/uncategorized\/"},{"@type":"ListItem","position":4,"name":"Fundamentos de la ACP. \u00c9tica asistencial y buen trato"}]},{"@type":"WebSite","@id":"http:\/\/forotf.com\/pt\/#website","url":"http:\/\/forotf.com\/pt\/","name":"F\u00f3rum de Treinamento T\u00e9cnico","description":"Treinamento para Empresas","publisher":{"@id":"http:\/\/forotf.com\/pt\/#organization"},"alternateName":"FTF","potentialAction":[{"@type":"SearchAction","target":{"@type":"EntryPoint","urlTemplate":"http:\/\/forotf.com\/pt\/?s={search_term_string}"},"query-input":{"@type":"PropertyValueSpecification","valueRequired":true,"valueName":"search_term_string"}}],"inLanguage":"pt-BR"},{"@type":"Organization","@id":"http:\/\/forotf.com\/pt\/#organization","name":"F\u00f3rum de Treinamento T\u00e9cnico","alternateName":"FTF","url":"http:\/\/forotf.com\/pt\/","logo":{"@type":"ImageObject","inLanguage":"pt-BR","@id":"http:\/\/forotf.com\/pt\/#\/schema\/logo\/image\/","url":"https:\/\/forotf.com\/wp-content\/uploads\/2024\/02\/Oficial-Logo-FTF-Color.svg","contentUrl":"https:\/\/forotf.com\/wp-content\/uploads\/2024\/02\/Oficial-Logo-FTF-Color.svg","width":794,"height":212,"caption":"Foro T\u00e9cnico de Formaci\u00f3n"},"image":{"@id":"http:\/\/forotf.com\/pt\/#\/schema\/logo\/image\/"},"sameAs":["https:\/\/es-es.facebook.com\/forotf\/","https:\/\/www.instagram.com\/ftformacion\/?igshid=MWZjMTM2ODFkZg==","https:\/\/www.linkedin.com\/company\/foro-tecnico-de-formacion\/?originalSubdomain=es","https:\/\/www.youtube.com\/channel\/UCTzzsDUdLaZtfAGiP_ipLIg"]}]}},"publishpress_future_workflow_manual_trigger":{"enabledWorkflows":[]},"_links":{"self":[{"href":"https:\/\/forotf.com\/pt\/wp-json\/wp\/v2\/product\/7677","targetHints":{"allow":["GET"]}}],"collection":[{"href":"https:\/\/forotf.com\/pt\/wp-json\/wp\/v2\/product"}],"about":[{"href":"https:\/\/forotf.com\/pt\/wp-json\/wp\/v2\/types\/product"}],"replies":[{"embeddable":true,"href":"https:\/\/forotf.com\/pt\/wp-json\/wp\/v2\/comments?post=7677"}],"wp:featuredmedia":[{"embeddable":true,"href":"https:\/\/forotf.com\/pt\/wp-json\/wp\/v2\/media\/7678"}],"wp:attachment":[{"href":"https:\/\/forotf.com\/pt\/wp-json\/wp\/v2\/media?parent=7677"}],"wp:term":[{"taxonomy":"product_brand","embeddable":true,"href":"https:\/\/forotf.com\/pt\/wp-json\/wp\/v2\/product_brand?post=7677"},{"taxonomy":"product_cat","embeddable":true,"href":"https:\/\/forotf.com\/pt\/wp-json\/wp\/v2\/product_cat?post=7677"},{"taxonomy":"product_tag","embeddable":true,"href":"https:\/\/forotf.com\/pt\/wp-json\/wp\/v2\/product_tag?post=7677"}],"curies":[{"name":"wp","href":"https:\/\/api.w.org\/{rel}","templated":true}]}}