{"id":7643,"date":"2026-03-11T12:05:29","date_gmt":"2026-03-11T12:05:29","guid":{"rendered":"https:\/\/forotf.com\/?post_type=product&#038;p=7643"},"modified":"2026-03-11T12:07:12","modified_gmt":"2026-03-11T12:07:12","slug":"profesionales-de-referencia-en-acp","status":"publish","type":"product","link":"https:\/\/forotf.com\/pt\/curso\/profesionales-de-referencia-en-acp\/","title":{"rendered":"Profesionales de referencia en ACP"},"content":{"rendered":"<p data-start=\"26\" data-end=\"598\">El curso de <strong data-start=\"38\" data-end=\"108\">Profesional de Referencia en Atenci\u00f3n Centrada en la Persona (ACP)<\/strong> est\u00e1 dise\u00f1ado para capacitar al personal de atenci\u00f3n directa en un rol clave dentro del modelo de cuidados actuales: convertirse en el v\u00ednculo principal entre la persona atendida, su familia y el equipo profesional. A trav\u00e9s de esta formaci\u00f3n, se adquieren las competencias necesarias para coordinar el Plan Individualizado de Atenci\u00f3n Integral (PIAI) y garantizar una atenci\u00f3n verdaderamente personalizada, respetuosa y alineada con las preferencias y la historia de vida de cada persona.<\/p>\n<p data-start=\"600\" data-end=\"1011\">Durante el programa se trabajan habilidades esenciales como la creaci\u00f3n de v\u00ednculos de confianza, la comunicaci\u00f3n asertiva con familias y equipos, la gesti\u00f3n de situaciones complejas y la defensa de la voluntad de la persona atendida. Adem\u00e1s, se abordan herramientas pr\u00e1cticas para coordinar los cuidados, gestionar el impacto emocional del rol y promover la mejora continua dentro de los equipos profesionales.<\/p>\n<p data-start=\"1013\" data-end=\"1167\">Una formaci\u00f3n clave para fortalecer modelos de atenci\u00f3n m\u00e1s humanos, relacionales y centrados en la dignidad, la autonom\u00eda y el bienestar de las personas.<\/p>","protected":false},"excerpt":{"rendered":"<p>El curso de <strong data-start=\"38\" data-end=\"108\">Profesional de Referencia en Atenci\u00f3n Centrada en la Persona (ACP)<\/strong> est\u00e1 dise\u00f1ado para capacitar al personal de atenci\u00f3n directa en un rol clave dentro del modelo de cuidados actuales: convertirse en el v\u00ednculo principal entre la persona atendida, su familia y el equipo profesional. A trav\u00e9s de esta formaci\u00f3n, se adquieren las competencias necesarias para coordinar el Plan Individualizado de Atenci\u00f3n Integral (PIAI) y garantizar una atenci\u00f3n verdaderamente personalizada, respetuosa y alineada con las preferencias y la historia de vida de cada persona.<\/p>","protected":false},"featured_media":7644,"comment_status":"closed","ping_status":"closed","template":"","meta":{"codigo-servicio":"2390-A","costo-gestion":"7.26"},"product_brand":[],"product_cat":[15],"product_tag":[],"class_list":{"0":"post-7643","1":"product","2":"type-product","3":"status-publish","4":"has-post-thumbnail","6":"product_cat-uncategorized","8":"first","9":"instock","10":"shipping-taxable","11":"purchasable","12":"product-type-simple"},"pp_statuses_selecting_workflow":false,"pp_workflow_action":"current","pp_status_selection":"publish","yoast_head":"<!-- This site is optimized with the Yoast SEO plugin v27.3 - https:\/\/yoast.com\/product\/yoast-seo-wordpress\/ -->\n<title>Curso de Profesionales de referencia en ACP | Foro T\u00e9cnico de Formaci\u00f3n<\/title>\n<meta name=\"description\" content=\"Potencia tu conocimiento con nuestro curso Profesionales de referencia en ACP. Descubre, aprende y crece con Foro T\u00e9cnico de Formaci\u00f3n.\" \/>\n<meta name=\"robots\" content=\"index, follow, max-snippet:-1, max-image-preview:large, max-video-preview:-1\" \/>\n<link rel=\"canonical\" href=\"https:\/\/forotf.com\/pt\/curso\/profesionales-de-referencia-en-acp\/\" \/>\n<meta property=\"og:locale\" content=\"pt_BR\" \/>\n<meta property=\"og:type\" content=\"article\" \/>\n<meta property=\"og:title\" content=\"Curso de Profesionales de referencia en ACP | Foro T\u00e9cnico de Formaci\u00f3n\" \/>\n<meta property=\"og:description\" content=\"Potencia tu conocimiento con nuestro curso Profesionales de referencia en ACP. Descubre, aprende y crece con Foro T\u00e9cnico de Formaci\u00f3n.\" \/>\n<meta property=\"og:url\" content=\"https:\/\/forotf.com\/pt\/curso\/profesionales-de-referencia-en-acp\/\" \/>\n<meta property=\"og:site_name\" content=\"Foro T\u00e9cnico de Formaci\u00f3n\" \/>\n<meta property=\"article:publisher\" content=\"https:\/\/es-es.facebook.com\/forotf\/\" \/>\n<meta property=\"article:modified_time\" content=\"2026-03-11T12:07:12+00:00\" \/>\n<meta property=\"og:image\" content=\"https:\/\/forotf.com\/wp-content\/uploads\/2026\/03\/La-importancia-de-la-enfermera-en-cuidados-paliativos3.jpg\" \/>\n\t<meta property=\"og:image:width\" content=\"950\" \/>\n\t<meta property=\"og:image:height\" content=\"534\" \/>\n\t<meta property=\"og:image:type\" content=\"image\/jpeg\" \/>\n<meta name=\"twitter:card\" content=\"summary_large_image\" \/>\n<script type=\"application\/ld+json\" class=\"yoast-schema-graph\">{\"@context\":\"https:\\\/\\\/schema.org\",\"@graph\":[{\"@type\":\"WebPage\",\"@id\":\"https:\\\/\\\/forotf.com\\\/curso\\\/profesionales-de-referencia-en-acp\\\/\",\"url\":\"https:\\\/\\\/forotf.com\\\/curso\\\/profesionales-de-referencia-en-acp\\\/\",\"name\":\"Curso de Profesionales de referencia en ACP | Foro T\u00e9cnico de Formaci\u00f3n\",\"isPartOf\":{\"@id\":\"http:\\\/\\\/forotf.com\\\/pt\\\/#website\"},\"primaryImageOfPage\":{\"@id\":\"https:\\\/\\\/forotf.com\\\/curso\\\/profesionales-de-referencia-en-acp\\\/#primaryimage\"},\"image\":{\"@id\":\"https:\\\/\\\/forotf.com\\\/curso\\\/profesionales-de-referencia-en-acp\\\/#primaryimage\"},\"thumbnailUrl\":\"https:\\\/\\\/forotf.com\\\/wp-content\\\/uploads\\\/2026\\\/03\\\/La-importancia-de-la-enfermera-en-cuidados-paliativos3.jpg\",\"datePublished\":\"2026-03-11T12:05:29+00:00\",\"dateModified\":\"2026-03-11T12:07:12+00:00\",\"description\":\"Potencia tu conocimiento con nuestro curso Profesionales de referencia en ACP. Descubre, aprende y crece con Foro T\u00e9cnico de Formaci\u00f3n.\",\"breadcrumb\":{\"@id\":\"https:\\\/\\\/forotf.com\\\/curso\\\/profesionales-de-referencia-en-acp\\\/#breadcrumb\"},\"inLanguage\":\"pt-BR\",\"potentialAction\":[{\"@type\":\"ReadAction\",\"target\":[\"https:\\\/\\\/forotf.com\\\/curso\\\/profesionales-de-referencia-en-acp\\\/\"]}]},{\"@type\":\"ImageObject\",\"inLanguage\":\"pt-BR\",\"@id\":\"https:\\\/\\\/forotf.com\\\/curso\\\/profesionales-de-referencia-en-acp\\\/#primaryimage\",\"url\":\"https:\\\/\\\/forotf.com\\\/wp-content\\\/uploads\\\/2026\\\/03\\\/La-importancia-de-la-enfermera-en-cuidados-paliativos3.jpg\",\"contentUrl\":\"https:\\\/\\\/forotf.com\\\/wp-content\\\/uploads\\\/2026\\\/03\\\/La-importancia-de-la-enfermera-en-cuidados-paliativos3.jpg\",\"width\":950,\"height\":534},{\"@type\":\"BreadcrumbList\",\"@id\":\"https:\\\/\\\/forotf.com\\\/curso\\\/profesionales-de-referencia-en-acp\\\/#breadcrumb\",\"itemListElement\":[{\"@type\":\"ListItem\",\"position\":1,\"name\":\"Inicio\",\"item\":\"https:\\\/\\\/forotf.com\\\/\"},{\"@type\":\"ListItem\",\"position\":2,\"name\":\"Cursos\",\"item\":\"https:\\\/\\\/forotf.com\\\/cursos\\\/\"},{\"@type\":\"ListItem\",\"position\":3,\"name\":\"Uncategorized\",\"item\":\"http:\\\/\\\/forotf.com\\\/pt\\\/product-category\\\/uncategorized\\\/\"},{\"@type\":\"ListItem\",\"position\":4,\"name\":\"Profesionales de referencia en ACP\"}]},{\"@type\":\"WebSite\",\"@id\":\"http:\\\/\\\/forotf.com\\\/pt\\\/#website\",\"url\":\"http:\\\/\\\/forotf.com\\\/pt\\\/\",\"name\":\"Foro T\u00e9cnico de Formaci\u00f3n\",\"description\":\"Formaci\u00f3n para Empresas\",\"publisher\":{\"@id\":\"http:\\\/\\\/forotf.com\\\/pt\\\/#organization\"},\"alternateName\":\"FTF\",\"potentialAction\":[{\"@type\":\"SearchAction\",\"target\":{\"@type\":\"EntryPoint\",\"urlTemplate\":\"http:\\\/\\\/forotf.com\\\/pt\\\/?s={search_term_string}\"},\"query-input\":{\"@type\":\"PropertyValueSpecification\",\"valueRequired\":true,\"valueName\":\"search_term_string\"}}],\"inLanguage\":\"pt-BR\"},{\"@type\":\"Organization\",\"@id\":\"http:\\\/\\\/forotf.com\\\/pt\\\/#organization\",\"name\":\"Foro T\u00e9cnico de Formaci\u00f3n\",\"alternateName\":\"FTF\",\"url\":\"http:\\\/\\\/forotf.com\\\/pt\\\/\",\"logo\":{\"@type\":\"ImageObject\",\"inLanguage\":\"pt-BR\",\"@id\":\"http:\\\/\\\/forotf.com\\\/pt\\\/#\\\/schema\\\/logo\\\/image\\\/\",\"url\":\"https:\\\/\\\/forotf.com\\\/wp-content\\\/uploads\\\/2024\\\/02\\\/Oficial-Logo-FTF-Color.svg\",\"contentUrl\":\"https:\\\/\\\/forotf.com\\\/wp-content\\\/uploads\\\/2024\\\/02\\\/Oficial-Logo-FTF-Color.svg\",\"width\":794,\"height\":212,\"caption\":\"Foro T\u00e9cnico de Formaci\u00f3n\"},\"image\":{\"@id\":\"http:\\\/\\\/forotf.com\\\/pt\\\/#\\\/schema\\\/logo\\\/image\\\/\"},\"sameAs\":[\"https:\\\/\\\/es-es.facebook.com\\\/forotf\\\/\",\"https:\\\/\\\/www.instagram.com\\\/ftformacion\\\/?igshid=MWZjMTM2ODFkZg==\",\"https:\\\/\\\/www.linkedin.com\\\/company\\\/foro-tecnico-de-formacion\\\/?originalSubdomain=es\",\"https:\\\/\\\/www.youtube.com\\\/channel\\\/UCTzzsDUdLaZtfAGiP_ipLIg\"]}]}<\/script>\n<!-- \/ Yoast SEO plugin. -->","yoast_head_json":{"title":"Curso de Profesionales de referencia en ACP | Foro T\u00e9cnico de Formaci\u00f3n","description":"Potencia tu conocimiento con nuestro curso Profesionales de referencia en ACP. Descubre, aprende y crece con Foro T\u00e9cnico de Formaci\u00f3n.","robots":{"index":"index","follow":"follow","max-snippet":"max-snippet:-1","max-image-preview":"max-image-preview:large","max-video-preview":"max-video-preview:-1"},"canonical":"https:\/\/forotf.com\/pt\/curso\/profesionales-de-referencia-en-acp\/","og_locale":"pt_BR","og_type":"article","og_title":"Curso de Profesionales de referencia en ACP | Foro T\u00e9cnico de Formaci\u00f3n","og_description":"Potencia tu conocimiento con nuestro curso Profesionales de referencia en ACP. Descubre, aprende y crece con Foro T\u00e9cnico de Formaci\u00f3n.","og_url":"https:\/\/forotf.com\/pt\/curso\/profesionales-de-referencia-en-acp\/","og_site_name":"Foro T\u00e9cnico de Formaci\u00f3n","article_publisher":"https:\/\/es-es.facebook.com\/forotf\/","article_modified_time":"2026-03-11T12:07:12+00:00","og_image":[{"width":950,"height":534,"url":"https:\/\/forotf.com\/wp-content\/uploads\/2026\/03\/La-importancia-de-la-enfermera-en-cuidados-paliativos3.jpg","type":"image\/jpeg"}],"twitter_card":"summary_large_image","schema":{"@context":"https:\/\/schema.org","@graph":[{"@type":"WebPage","@id":"https:\/\/forotf.com\/curso\/profesionales-de-referencia-en-acp\/","url":"https:\/\/forotf.com\/curso\/profesionales-de-referencia-en-acp\/","name":"Curso de Profesionales de referencia en ACP | Foro T\u00e9cnico de Formaci\u00f3n","isPartOf":{"@id":"http:\/\/forotf.com\/pt\/#website"},"primaryImageOfPage":{"@id":"https:\/\/forotf.com\/curso\/profesionales-de-referencia-en-acp\/#primaryimage"},"image":{"@id":"https:\/\/forotf.com\/curso\/profesionales-de-referencia-en-acp\/#primaryimage"},"thumbnailUrl":"https:\/\/forotf.com\/wp-content\/uploads\/2026\/03\/La-importancia-de-la-enfermera-en-cuidados-paliativos3.jpg","datePublished":"2026-03-11T12:05:29+00:00","dateModified":"2026-03-11T12:07:12+00:00","description":"Potencia tu conocimiento con nuestro curso Profesionales de referencia en ACP. Descubre, aprende y crece con Foro T\u00e9cnico de Formaci\u00f3n.","breadcrumb":{"@id":"https:\/\/forotf.com\/curso\/profesionales-de-referencia-en-acp\/#breadcrumb"},"inLanguage":"pt-BR","potentialAction":[{"@type":"ReadAction","target":["https:\/\/forotf.com\/curso\/profesionales-de-referencia-en-acp\/"]}]},{"@type":"ImageObject","inLanguage":"pt-BR","@id":"https:\/\/forotf.com\/curso\/profesionales-de-referencia-en-acp\/#primaryimage","url":"https:\/\/forotf.com\/wp-content\/uploads\/2026\/03\/La-importancia-de-la-enfermera-en-cuidados-paliativos3.jpg","contentUrl":"https:\/\/forotf.com\/wp-content\/uploads\/2026\/03\/La-importancia-de-la-enfermera-en-cuidados-paliativos3.jpg","width":950,"height":534},{"@type":"BreadcrumbList","@id":"https:\/\/forotf.com\/curso\/profesionales-de-referencia-en-acp\/#breadcrumb","itemListElement":[{"@type":"ListItem","position":1,"name":"Inicio","item":"https:\/\/forotf.com\/"},{"@type":"ListItem","position":2,"name":"Cursos","item":"https:\/\/forotf.com\/cursos\/"},{"@type":"ListItem","position":3,"name":"Uncategorized","item":"http:\/\/forotf.com\/pt\/product-category\/uncategorized\/"},{"@type":"ListItem","position":4,"name":"Profesionales de referencia en ACP"}]},{"@type":"WebSite","@id":"http:\/\/forotf.com\/pt\/#website","url":"http:\/\/forotf.com\/pt\/","name":"F\u00f3rum de Treinamento T\u00e9cnico","description":"Treinamento para Empresas","publisher":{"@id":"http:\/\/forotf.com\/pt\/#organization"},"alternateName":"FTF","potentialAction":[{"@type":"SearchAction","target":{"@type":"EntryPoint","urlTemplate":"http:\/\/forotf.com\/pt\/?s={search_term_string}"},"query-input":{"@type":"PropertyValueSpecification","valueRequired":true,"valueName":"search_term_string"}}],"inLanguage":"pt-BR"},{"@type":"Organization","@id":"http:\/\/forotf.com\/pt\/#organization","name":"F\u00f3rum de Treinamento T\u00e9cnico","alternateName":"FTF","url":"http:\/\/forotf.com\/pt\/","logo":{"@type":"ImageObject","inLanguage":"pt-BR","@id":"http:\/\/forotf.com\/pt\/#\/schema\/logo\/image\/","url":"https:\/\/forotf.com\/wp-content\/uploads\/2024\/02\/Oficial-Logo-FTF-Color.svg","contentUrl":"https:\/\/forotf.com\/wp-content\/uploads\/2024\/02\/Oficial-Logo-FTF-Color.svg","width":794,"height":212,"caption":"Foro T\u00e9cnico de Formaci\u00f3n"},"image":{"@id":"http:\/\/forotf.com\/pt\/#\/schema\/logo\/image\/"},"sameAs":["https:\/\/es-es.facebook.com\/forotf\/","https:\/\/www.instagram.com\/ftformacion\/?igshid=MWZjMTM2ODFkZg==","https:\/\/www.linkedin.com\/company\/foro-tecnico-de-formacion\/?originalSubdomain=es","https:\/\/www.youtube.com\/channel\/UCTzzsDUdLaZtfAGiP_ipLIg"]}]}},"publishpress_future_workflow_manual_trigger":{"enabledWorkflows":[]},"_links":{"self":[{"href":"https:\/\/forotf.com\/pt\/wp-json\/wp\/v2\/product\/7643","targetHints":{"allow":["GET"]}}],"collection":[{"href":"https:\/\/forotf.com\/pt\/wp-json\/wp\/v2\/product"}],"about":[{"href":"https:\/\/forotf.com\/pt\/wp-json\/wp\/v2\/types\/product"}],"replies":[{"embeddable":true,"href":"https:\/\/forotf.com\/pt\/wp-json\/wp\/v2\/comments?post=7643"}],"wp:featuredmedia":[{"embeddable":true,"href":"https:\/\/forotf.com\/pt\/wp-json\/wp\/v2\/media\/7644"}],"wp:attachment":[{"href":"https:\/\/forotf.com\/pt\/wp-json\/wp\/v2\/media?parent=7643"}],"wp:term":[{"taxonomy":"product_brand","embeddable":true,"href":"https:\/\/forotf.com\/pt\/wp-json\/wp\/v2\/product_brand?post=7643"},{"taxonomy":"product_cat","embeddable":true,"href":"https:\/\/forotf.com\/pt\/wp-json\/wp\/v2\/product_cat?post=7643"},{"taxonomy":"product_tag","embeddable":true,"href":"https:\/\/forotf.com\/pt\/wp-json\/wp\/v2\/product_tag?post=7643"}],"curies":[{"name":"wp","href":"https:\/\/api.w.org\/{rel}","templated":true}]}}