{"id":7628,"date":"2026-03-03T11:09:02","date_gmt":"2026-03-03T11:09:02","guid":{"rendered":"https:\/\/forotf.com\/?post_type=product&#038;p=7628"},"modified":"2026-03-11T10:01:29","modified_gmt":"2026-03-11T10:01:29","slug":"liderazgo-compartido-y-cohesion-de-equipos","status":"publish","type":"product","link":"https:\/\/forotf.com\/pt\/curso\/liderazgo-compartido-y-cohesion-de-equipos\/","title":{"rendered":"Liderazgo compartido y cohesi\u00f3n de equipos"},"content":{"rendered":"<p data-start=\"98\" data-end=\"540\"><strong>Calendario: 28 de Mayo y 3, 10 y 17de Junio 2026<br \/>\nHorario: de 16:00 h. a 18:30 h<\/strong><\/p>\n<p>El curso de <strong data-start=\"110\" data-end=\"190\">Liderazgo Transformacional y Cohesi\u00f3n de Equipos en el \u00c1mbito Sociosanitario<\/strong> est\u00e1 dise\u00f1ado para impulsar equipos m\u00e1s comprometidos, coordinados y resilientes. A trav\u00e9s de metodolog\u00edas activas y participativas, esta formaci\u00f3n proporciona herramientas pr\u00e1cticas para fortalecer la colaboraci\u00f3n interdisciplinar, mejorar la comunicaci\u00f3n en contextos de alta exigencia y transformar los conflictos en oportunidades de crecimiento.<\/p>\n<p data-start=\"542\" data-end=\"945\">Durante el programa, el alumnado desarrollar\u00e1 competencias clave en<strong> inteligencia emocional,<\/strong> <strong>neurocomunicaci\u00f3n y gesti\u00f3n constructiva de equipos,<\/strong> alineando valores y cultura organizacional con un liderazgo inspirador y sostenible. Adem\u00e1s, se trabajar\u00e1 en la creaci\u00f3n de planes de mejora reales y aplicables que impacten directamente en la calidad asistencial, el clima laboral y la retenci\u00f3n del talento.<\/p>","protected":false},"excerpt":{"rendered":"<p>El curso de <strong data-start=\"110\" data-end=\"190\">Liderazgo Transformacional y Cohesi\u00f3n de Equipos en el \u00c1mbito Sociosanitario<\/strong> est\u00e1 dise\u00f1ado para impulsar equipos m\u00e1s comprometidos, coordinados y resilientes. A trav\u00e9s de metodolog\u00edas activas y participativas, esta formaci\u00f3n proporciona herramientas pr\u00e1cticas para fortalecer la colaboraci\u00f3n interdisciplinar, mejorar la comunicaci\u00f3n en contextos de alta exigencia y transformar los conflictos en oportunidades de crecimiento.<\/p>","protected":false},"featured_media":7629,"comment_status":"closed","ping_status":"closed","template":"","meta":{"codigo-servicio":"2102-A","costo-gestion":"15.73"},"product_brand":[],"product_cat":[15],"product_tag":[],"class_list":{"0":"post-7628","1":"product","2":"type-product","3":"status-publish","4":"has-post-thumbnail","6":"product_cat-uncategorized","8":"first","9":"instock","10":"shipping-taxable","11":"purchasable","12":"product-type-simple"},"pp_statuses_selecting_workflow":false,"pp_workflow_action":"current","pp_status_selection":"publish","yoast_head":"<!-- This site is optimized with the Yoast SEO plugin v27.3 - https:\/\/yoast.com\/product\/yoast-seo-wordpress\/ -->\n<title>Curso de Liderazgo compartido y cohesi\u00f3n de equipos | Foro T\u00e9cnico de Formaci\u00f3n<\/title>\n<meta name=\"description\" content=\"Potencia tu conocimiento con nuestro curso Liderazgo compartido y cohesi\u00f3n de equipos. Descubre, aprende y crece con Foro T\u00e9cnico de Formaci\u00f3n.\" \/>\n<meta name=\"robots\" content=\"index, follow, max-snippet:-1, max-image-preview:large, max-video-preview:-1\" \/>\n<link rel=\"canonical\" href=\"https:\/\/forotf.com\/pt\/curso\/liderazgo-compartido-y-cohesion-de-equipos\/\" \/>\n<meta property=\"og:locale\" content=\"pt_BR\" \/>\n<meta property=\"og:type\" content=\"article\" \/>\n<meta property=\"og:title\" content=\"Curso de Liderazgo compartido y cohesi\u00f3n de equipos | Foro T\u00e9cnico de Formaci\u00f3n\" \/>\n<meta property=\"og:description\" content=\"Potencia tu conocimiento con nuestro curso Liderazgo compartido y cohesi\u00f3n de equipos. Descubre, aprende y crece con Foro T\u00e9cnico de Formaci\u00f3n.\" \/>\n<meta property=\"og:url\" content=\"https:\/\/forotf.com\/pt\/curso\/liderazgo-compartido-y-cohesion-de-equipos\/\" \/>\n<meta property=\"og:site_name\" content=\"Foro T\u00e9cnico de Formaci\u00f3n\" \/>\n<meta property=\"article:publisher\" content=\"https:\/\/es-es.facebook.com\/forotf\/\" \/>\n<meta property=\"article:modified_time\" content=\"2026-03-11T10:01:29+00:00\" \/>\n<meta property=\"og:image\" content=\"https:\/\/forotf.com\/wp-content\/uploads\/2026\/03\/Que-es-el-liderazgo-empresarial-1024x576-1.png\" \/>\n\t<meta property=\"og:image:width\" content=\"1024\" \/>\n\t<meta property=\"og:image:height\" content=\"576\" \/>\n\t<meta property=\"og:image:type\" content=\"image\/png\" \/>\n<meta name=\"twitter:card\" content=\"summary_large_image\" \/>\n<script type=\"application\/ld+json\" class=\"yoast-schema-graph\">{\"@context\":\"https:\\\/\\\/schema.org\",\"@graph\":[{\"@type\":\"WebPage\",\"@id\":\"https:\\\/\\\/forotf.com\\\/curso\\\/liderazgo-compartido-y-cohesion-de-equipos\\\/\",\"url\":\"https:\\\/\\\/forotf.com\\\/curso\\\/liderazgo-compartido-y-cohesion-de-equipos\\\/\",\"name\":\"Curso de Liderazgo compartido y cohesi\u00f3n de equipos | Foro T\u00e9cnico de Formaci\u00f3n\",\"isPartOf\":{\"@id\":\"http:\\\/\\\/forotf.com\\\/pt\\\/#website\"},\"primaryImageOfPage\":{\"@id\":\"https:\\\/\\\/forotf.com\\\/curso\\\/liderazgo-compartido-y-cohesion-de-equipos\\\/#primaryimage\"},\"image\":{\"@id\":\"https:\\\/\\\/forotf.com\\\/curso\\\/liderazgo-compartido-y-cohesion-de-equipos\\\/#primaryimage\"},\"thumbnailUrl\":\"https:\\\/\\\/forotf.com\\\/wp-content\\\/uploads\\\/2026\\\/03\\\/Que-es-el-liderazgo-empresarial-1024x576-1.png\",\"datePublished\":\"2026-03-03T11:09:02+00:00\",\"dateModified\":\"2026-03-11T10:01:29+00:00\",\"description\":\"Potencia tu conocimiento con nuestro curso Liderazgo compartido y cohesi\u00f3n de equipos. Descubre, aprende y crece con Foro T\u00e9cnico de Formaci\u00f3n.\",\"breadcrumb\":{\"@id\":\"https:\\\/\\\/forotf.com\\\/curso\\\/liderazgo-compartido-y-cohesion-de-equipos\\\/#breadcrumb\"},\"inLanguage\":\"pt-BR\",\"potentialAction\":[{\"@type\":\"ReadAction\",\"target\":[\"https:\\\/\\\/forotf.com\\\/curso\\\/liderazgo-compartido-y-cohesion-de-equipos\\\/\"]}]},{\"@type\":\"ImageObject\",\"inLanguage\":\"pt-BR\",\"@id\":\"https:\\\/\\\/forotf.com\\\/curso\\\/liderazgo-compartido-y-cohesion-de-equipos\\\/#primaryimage\",\"url\":\"https:\\\/\\\/forotf.com\\\/wp-content\\\/uploads\\\/2026\\\/03\\\/Que-es-el-liderazgo-empresarial-1024x576-1.png\",\"contentUrl\":\"https:\\\/\\\/forotf.com\\\/wp-content\\\/uploads\\\/2026\\\/03\\\/Que-es-el-liderazgo-empresarial-1024x576-1.png\",\"width\":1024,\"height\":576},{\"@type\":\"BreadcrumbList\",\"@id\":\"https:\\\/\\\/forotf.com\\\/curso\\\/liderazgo-compartido-y-cohesion-de-equipos\\\/#breadcrumb\",\"itemListElement\":[{\"@type\":\"ListItem\",\"position\":1,\"name\":\"Inicio\",\"item\":\"https:\\\/\\\/forotf.com\\\/\"},{\"@type\":\"ListItem\",\"position\":2,\"name\":\"Cursos\",\"item\":\"https:\\\/\\\/forotf.com\\\/cursos\\\/\"},{\"@type\":\"ListItem\",\"position\":3,\"name\":\"Uncategorized\",\"item\":\"http:\\\/\\\/forotf.com\\\/pt\\\/product-category\\\/uncategorized\\\/\"},{\"@type\":\"ListItem\",\"position\":4,\"name\":\"Liderazgo compartido y cohesi\u00f3n de equipos\"}]},{\"@type\":\"WebSite\",\"@id\":\"http:\\\/\\\/forotf.com\\\/pt\\\/#website\",\"url\":\"http:\\\/\\\/forotf.com\\\/pt\\\/\",\"name\":\"Foro T\u00e9cnico de Formaci\u00f3n\",\"description\":\"Formaci\u00f3n para Empresas\",\"publisher\":{\"@id\":\"http:\\\/\\\/forotf.com\\\/pt\\\/#organization\"},\"alternateName\":\"FTF\",\"potentialAction\":[{\"@type\":\"SearchAction\",\"target\":{\"@type\":\"EntryPoint\",\"urlTemplate\":\"http:\\\/\\\/forotf.com\\\/pt\\\/?s={search_term_string}\"},\"query-input\":{\"@type\":\"PropertyValueSpecification\",\"valueRequired\":true,\"valueName\":\"search_term_string\"}}],\"inLanguage\":\"pt-BR\"},{\"@type\":\"Organization\",\"@id\":\"http:\\\/\\\/forotf.com\\\/pt\\\/#organization\",\"name\":\"Foro T\u00e9cnico de Formaci\u00f3n\",\"alternateName\":\"FTF\",\"url\":\"http:\\\/\\\/forotf.com\\\/pt\\\/\",\"logo\":{\"@type\":\"ImageObject\",\"inLanguage\":\"pt-BR\",\"@id\":\"http:\\\/\\\/forotf.com\\\/pt\\\/#\\\/schema\\\/logo\\\/image\\\/\",\"url\":\"https:\\\/\\\/forotf.com\\\/wp-content\\\/uploads\\\/2024\\\/02\\\/Oficial-Logo-FTF-Color.svg\",\"contentUrl\":\"https:\\\/\\\/forotf.com\\\/wp-content\\\/uploads\\\/2024\\\/02\\\/Oficial-Logo-FTF-Color.svg\",\"width\":794,\"height\":212,\"caption\":\"Foro T\u00e9cnico de Formaci\u00f3n\"},\"image\":{\"@id\":\"http:\\\/\\\/forotf.com\\\/pt\\\/#\\\/schema\\\/logo\\\/image\\\/\"},\"sameAs\":[\"https:\\\/\\\/es-es.facebook.com\\\/forotf\\\/\",\"https:\\\/\\\/www.instagram.com\\\/ftformacion\\\/?igshid=MWZjMTM2ODFkZg==\",\"https:\\\/\\\/www.linkedin.com\\\/company\\\/foro-tecnico-de-formacion\\\/?originalSubdomain=es\",\"https:\\\/\\\/www.youtube.com\\\/channel\\\/UCTzzsDUdLaZtfAGiP_ipLIg\"]}]}<\/script>\n<!-- \/ Yoast SEO plugin. -->","yoast_head_json":{"title":"Curso de Liderazgo compartido y cohesi\u00f3n de equipos | Foro T\u00e9cnico de Formaci\u00f3n","description":"Potencia tu conocimiento con nuestro curso Liderazgo compartido y cohesi\u00f3n de equipos. Descubre, aprende y crece con Foro T\u00e9cnico de Formaci\u00f3n.","robots":{"index":"index","follow":"follow","max-snippet":"max-snippet:-1","max-image-preview":"max-image-preview:large","max-video-preview":"max-video-preview:-1"},"canonical":"https:\/\/forotf.com\/pt\/curso\/liderazgo-compartido-y-cohesion-de-equipos\/","og_locale":"pt_BR","og_type":"article","og_title":"Curso de Liderazgo compartido y cohesi\u00f3n de equipos | Foro T\u00e9cnico de Formaci\u00f3n","og_description":"Potencia tu conocimiento con nuestro curso Liderazgo compartido y cohesi\u00f3n de equipos. Descubre, aprende y crece con Foro T\u00e9cnico de Formaci\u00f3n.","og_url":"https:\/\/forotf.com\/pt\/curso\/liderazgo-compartido-y-cohesion-de-equipos\/","og_site_name":"Foro T\u00e9cnico de Formaci\u00f3n","article_publisher":"https:\/\/es-es.facebook.com\/forotf\/","article_modified_time":"2026-03-11T10:01:29+00:00","og_image":[{"width":1024,"height":576,"url":"https:\/\/forotf.com\/wp-content\/uploads\/2026\/03\/Que-es-el-liderazgo-empresarial-1024x576-1.png","type":"image\/png"}],"twitter_card":"summary_large_image","schema":{"@context":"https:\/\/schema.org","@graph":[{"@type":"WebPage","@id":"https:\/\/forotf.com\/curso\/liderazgo-compartido-y-cohesion-de-equipos\/","url":"https:\/\/forotf.com\/curso\/liderazgo-compartido-y-cohesion-de-equipos\/","name":"Curso de Liderazgo compartido y cohesi\u00f3n de equipos | Foro T\u00e9cnico de Formaci\u00f3n","isPartOf":{"@id":"http:\/\/forotf.com\/pt\/#website"},"primaryImageOfPage":{"@id":"https:\/\/forotf.com\/curso\/liderazgo-compartido-y-cohesion-de-equipos\/#primaryimage"},"image":{"@id":"https:\/\/forotf.com\/curso\/liderazgo-compartido-y-cohesion-de-equipos\/#primaryimage"},"thumbnailUrl":"https:\/\/forotf.com\/wp-content\/uploads\/2026\/03\/Que-es-el-liderazgo-empresarial-1024x576-1.png","datePublished":"2026-03-03T11:09:02+00:00","dateModified":"2026-03-11T10:01:29+00:00","description":"Potencia tu conocimiento con nuestro curso Liderazgo compartido y cohesi\u00f3n de equipos. Descubre, aprende y crece con Foro T\u00e9cnico de Formaci\u00f3n.","breadcrumb":{"@id":"https:\/\/forotf.com\/curso\/liderazgo-compartido-y-cohesion-de-equipos\/#breadcrumb"},"inLanguage":"pt-BR","potentialAction":[{"@type":"ReadAction","target":["https:\/\/forotf.com\/curso\/liderazgo-compartido-y-cohesion-de-equipos\/"]}]},{"@type":"ImageObject","inLanguage":"pt-BR","@id":"https:\/\/forotf.com\/curso\/liderazgo-compartido-y-cohesion-de-equipos\/#primaryimage","url":"https:\/\/forotf.com\/wp-content\/uploads\/2026\/03\/Que-es-el-liderazgo-empresarial-1024x576-1.png","contentUrl":"https:\/\/forotf.com\/wp-content\/uploads\/2026\/03\/Que-es-el-liderazgo-empresarial-1024x576-1.png","width":1024,"height":576},{"@type":"BreadcrumbList","@id":"https:\/\/forotf.com\/curso\/liderazgo-compartido-y-cohesion-de-equipos\/#breadcrumb","itemListElement":[{"@type":"ListItem","position":1,"name":"Inicio","item":"https:\/\/forotf.com\/"},{"@type":"ListItem","position":2,"name":"Cursos","item":"https:\/\/forotf.com\/cursos\/"},{"@type":"ListItem","position":3,"name":"Uncategorized","item":"http:\/\/forotf.com\/pt\/product-category\/uncategorized\/"},{"@type":"ListItem","position":4,"name":"Liderazgo compartido y cohesi\u00f3n de equipos"}]},{"@type":"WebSite","@id":"http:\/\/forotf.com\/pt\/#website","url":"http:\/\/forotf.com\/pt\/","name":"F\u00f3rum de Treinamento T\u00e9cnico","description":"Treinamento para Empresas","publisher":{"@id":"http:\/\/forotf.com\/pt\/#organization"},"alternateName":"FTF","potentialAction":[{"@type":"SearchAction","target":{"@type":"EntryPoint","urlTemplate":"http:\/\/forotf.com\/pt\/?s={search_term_string}"},"query-input":{"@type":"PropertyValueSpecification","valueRequired":true,"valueName":"search_term_string"}}],"inLanguage":"pt-BR"},{"@type":"Organization","@id":"http:\/\/forotf.com\/pt\/#organization","name":"F\u00f3rum de Treinamento T\u00e9cnico","alternateName":"FTF","url":"http:\/\/forotf.com\/pt\/","logo":{"@type":"ImageObject","inLanguage":"pt-BR","@id":"http:\/\/forotf.com\/pt\/#\/schema\/logo\/image\/","url":"https:\/\/forotf.com\/wp-content\/uploads\/2024\/02\/Oficial-Logo-FTF-Color.svg","contentUrl":"https:\/\/forotf.com\/wp-content\/uploads\/2024\/02\/Oficial-Logo-FTF-Color.svg","width":794,"height":212,"caption":"Foro T\u00e9cnico de Formaci\u00f3n"},"image":{"@id":"http:\/\/forotf.com\/pt\/#\/schema\/logo\/image\/"},"sameAs":["https:\/\/es-es.facebook.com\/forotf\/","https:\/\/www.instagram.com\/ftformacion\/?igshid=MWZjMTM2ODFkZg==","https:\/\/www.linkedin.com\/company\/foro-tecnico-de-formacion\/?originalSubdomain=es","https:\/\/www.youtube.com\/channel\/UCTzzsDUdLaZtfAGiP_ipLIg"]}]}},"publishpress_future_workflow_manual_trigger":{"enabledWorkflows":[]},"_links":{"self":[{"href":"https:\/\/forotf.com\/pt\/wp-json\/wp\/v2\/product\/7628","targetHints":{"allow":["GET"]}}],"collection":[{"href":"https:\/\/forotf.com\/pt\/wp-json\/wp\/v2\/product"}],"about":[{"href":"https:\/\/forotf.com\/pt\/wp-json\/wp\/v2\/types\/product"}],"replies":[{"embeddable":true,"href":"https:\/\/forotf.com\/pt\/wp-json\/wp\/v2\/comments?post=7628"}],"wp:featuredmedia":[{"embeddable":true,"href":"https:\/\/forotf.com\/pt\/wp-json\/wp\/v2\/media\/7629"}],"wp:attachment":[{"href":"https:\/\/forotf.com\/pt\/wp-json\/wp\/v2\/media?parent=7628"}],"wp:term":[{"taxonomy":"product_brand","embeddable":true,"href":"https:\/\/forotf.com\/pt\/wp-json\/wp\/v2\/product_brand?post=7628"},{"taxonomy":"product_cat","embeddable":true,"href":"https:\/\/forotf.com\/pt\/wp-json\/wp\/v2\/product_cat?post=7628"},{"taxonomy":"product_tag","embeddable":true,"href":"https:\/\/forotf.com\/pt\/wp-json\/wp\/v2\/product_tag?post=7628"}],"curies":[{"name":"wp","href":"https:\/\/api.w.org\/{rel}","templated":true}]}}