{"id":7591,"date":"2026-02-19T11:51:00","date_gmt":"2026-02-19T11:51:00","guid":{"rendered":"https:\/\/forotf.com\/?post_type=product&#038;p=7591"},"modified":"2026-03-05T14:47:31","modified_gmt":"2026-03-05T14:47:31","slug":"buen-trato-en-salud-mental-%e2%93%98-abc-del-buen-trato-en-salud-mental","status":"publish","type":"product","link":"https:\/\/forotf.com\/pt\/curso\/buen-trato-en-salud-mental-%e2%93%98-abc-del-buen-trato-en-salud-mental\/","title":{"rendered":"Buen trato en salud mental \u24d8 &#8211; ABC del buen trato en salud mental"},"content":{"rendered":"<p><strong>Calendario: D\u00edas 15 y 22 de Abril<\/strong><br \/>\n<strong>Horario:\u00a0de 15:00 h. a 18:00 h.<br \/>\n<\/strong><br \/>\nLa calidad del acompa\u00f1amiento en salud mental depende, en gran medida, de c\u00f3mo<strong> nos comunicamos.<\/strong><br \/>\nEmpatizar no es solo <strong>\u201cponerse en el lugar del otro\u201d<\/strong>, es comprender, validar y acompa\u00f1ar desde el respeto, la conciencia profesional y la comunicaci\u00f3n no violenta.<br \/>\nEsta formaci\u00f3n profundiza en los aspectos pr\u00e1cticos de la <strong>empat\u00eda y la escucha activa<\/strong> como herramientas esenciales para mejorar la relaci\u00f3n profesional con personas con discapacidad y\/o enfermedad mental grave.<\/p>\n<p><strong>\u00bfQu\u00e9 aporta esta formaci\u00f3n al d\u00eda a d\u00eda del centro?<\/strong><br \/>\n\u2022 Desarrollo de habilidades reales de escucha activa y comunicaci\u00f3n emp\u00e1tica<br \/>\n\u2022 Identificaci\u00f3n y transformaci\u00f3n de prejuicios y estigmas en salud mental<br \/>\n\u2022 Mayor capacidad para reconocer emociones y necesidades en las personas usuarias<br \/>\n\u2022 Refuerzo de la autoempat\u00eda como base para una intervenci\u00f3n equilibrada y honesta<br \/>\n\u2022 Mejora del clima profesional y de la calidad del acompa\u00f1amiento<\/p>\n<p>A trav\u00e9s de ejercicios pr\u00e1cticos, an\u00e1lisis de situaciones reales y revisi\u00f3n de buenas y malas pr\u00e1cticas, el equipo aprender\u00e1 a observar con mayor conciencia, escuchar con intenci\u00f3n y comprender sin juicio.<\/p>\n<p><strong>Empat\u00eda que transforma la pr\u00e1ctica profesional. <\/strong><br \/>\n<strong>Relaciones m\u00e1s saludables, apoyos m\u00e1s eficaces.<\/strong><\/p>\n<p>&nbsp;<\/p>","protected":false},"excerpt":{"rendered":"<p><strong>Calendario: D\u00edas 15 y 22 de Abril<\/strong><br \/>\n<strong>Horario:\u00a0de 15:00 h. a 18:00 h.<\/strong><\/p>\n<p>La calidad del acompa\u00f1amiento en salud mental depende, en gran medida, de c\u00f3mo <strong>nos comunicamos.<\/strong><br \/>\nEmpatizar no es solo <strong>\u201cponerse en el lugar del otro\u201d<\/strong>, es comprender, validar y acompa\u00f1ar desde el respeto, la conciencia profesional y la comunicaci\u00f3n no violenta.<br \/>\nEsta formaci\u00f3n <strong>profundiza en los aspectos pr\u00e1cticos de la empat\u00eda y la escucha activa<\/strong> como herramientas esenciales para mejorar la relaci\u00f3n profesional con personas con discapacidad y\/o enfermedad mental grave.<\/p>","protected":false},"featured_media":7592,"comment_status":"closed","ping_status":"closed","template":"","meta":{"codigo-servicio":"2380-A","costo-gestion":"9.44"},"product_brand":[],"product_cat":[15],"product_tag":[],"class_list":{"0":"post-7591","1":"product","2":"type-product","3":"status-publish","4":"has-post-thumbnail","6":"product_cat-uncategorized","8":"first","9":"instock","10":"shipping-taxable","11":"purchasable","12":"product-type-simple"},"pp_statuses_selecting_workflow":false,"pp_workflow_action":"current","pp_status_selection":"publish","yoast_head":"<!-- This site is optimized with the Yoast SEO plugin v27.3 - https:\/\/yoast.com\/product\/yoast-seo-wordpress\/ -->\n<title>Curso de Buen trato en salud mental \u24d8 - ABC del buen trato en salud mental | Foro T\u00e9cnico de Formaci\u00f3n<\/title>\n<meta name=\"description\" content=\"Potencia tu conocimiento con nuestro curso Buen trato en salud mental \u24d8 - ABC del buen trato en salud mental. Descubre, aprende y crece con Foro T\u00e9cnico de Formaci\u00f3n.\" \/>\n<meta name=\"robots\" content=\"index, follow, max-snippet:-1, max-image-preview:large, max-video-preview:-1\" \/>\n<link rel=\"canonical\" href=\"https:\/\/forotf.com\/pt\/curso\/buen-trato-en-salud-mental-\u24d8-abc-del-buen-trato-en-salud-mental\/\" \/>\n<meta property=\"og:locale\" content=\"pt_BR\" \/>\n<meta property=\"og:type\" content=\"article\" \/>\n<meta property=\"og:title\" content=\"Curso de Buen trato en salud mental \u24d8 - ABC del buen trato en salud mental | Foro T\u00e9cnico de Formaci\u00f3n\" \/>\n<meta property=\"og:description\" content=\"Potencia tu conocimiento con nuestro curso Buen trato en salud mental \u24d8 - ABC del buen trato en salud mental. Descubre, aprende y crece con Foro T\u00e9cnico de Formaci\u00f3n.\" \/>\n<meta property=\"og:url\" content=\"https:\/\/forotf.com\/pt\/curso\/buen-trato-en-salud-mental-\u24d8-abc-del-buen-trato-en-salud-mental\/\" \/>\n<meta property=\"og:site_name\" content=\"Foro T\u00e9cnico de Formaci\u00f3n\" \/>\n<meta property=\"article:publisher\" content=\"https:\/\/es-es.facebook.com\/forotf\/\" \/>\n<meta property=\"article:modified_time\" content=\"2026-03-05T14:47:31+00:00\" \/>\n<meta property=\"og:image\" content=\"https:\/\/forotf.com\/wp-content\/uploads\/2026\/02\/ef5c3a01-4b2c-473d-9a40-cdb173b7d907.jpg\" \/>\n\t<meta property=\"og:image:width\" content=\"1024\" \/>\n\t<meta property=\"og:image:height\" content=\"576\" \/>\n\t<meta property=\"og:image:type\" content=\"image\/jpeg\" \/>\n<meta name=\"twitter:card\" content=\"summary_large_image\" \/>\n<script type=\"application\/ld+json\" class=\"yoast-schema-graph\">{\"@context\":\"https:\\\/\\\/schema.org\",\"@graph\":[{\"@type\":\"WebPage\",\"@id\":\"https:\\\/\\\/forotf.com\\\/curso\\\/buen-trato-en-salud-mental-%e2%93%98-abc-del-buen-trato-en-salud-mental\\\/\",\"url\":\"https:\\\/\\\/forotf.com\\\/curso\\\/buen-trato-en-salud-mental-%e2%93%98-abc-del-buen-trato-en-salud-mental\\\/\",\"name\":\"Curso de Buen trato en salud mental \u24d8 - ABC del buen trato en salud mental | Foro T\u00e9cnico de Formaci\u00f3n\",\"isPartOf\":{\"@id\":\"http:\\\/\\\/forotf.com\\\/pt\\\/#website\"},\"primaryImageOfPage\":{\"@id\":\"https:\\\/\\\/forotf.com\\\/curso\\\/buen-trato-en-salud-mental-%e2%93%98-abc-del-buen-trato-en-salud-mental\\\/#primaryimage\"},\"image\":{\"@id\":\"https:\\\/\\\/forotf.com\\\/curso\\\/buen-trato-en-salud-mental-%e2%93%98-abc-del-buen-trato-en-salud-mental\\\/#primaryimage\"},\"thumbnailUrl\":\"https:\\\/\\\/forotf.com\\\/wp-content\\\/uploads\\\/2026\\\/02\\\/ef5c3a01-4b2c-473d-9a40-cdb173b7d907.jpg\",\"datePublished\":\"2026-02-19T11:51:00+00:00\",\"dateModified\":\"2026-03-05T14:47:31+00:00\",\"description\":\"Potencia tu conocimiento con nuestro curso Buen trato en salud mental \u24d8 - ABC del buen trato en salud mental. Descubre, aprende y crece con Foro T\u00e9cnico de Formaci\u00f3n.\",\"breadcrumb\":{\"@id\":\"https:\\\/\\\/forotf.com\\\/curso\\\/buen-trato-en-salud-mental-%e2%93%98-abc-del-buen-trato-en-salud-mental\\\/#breadcrumb\"},\"inLanguage\":\"pt-BR\",\"potentialAction\":[{\"@type\":\"ReadAction\",\"target\":[\"https:\\\/\\\/forotf.com\\\/curso\\\/buen-trato-en-salud-mental-%e2%93%98-abc-del-buen-trato-en-salud-mental\\\/\"]}]},{\"@type\":\"ImageObject\",\"inLanguage\":\"pt-BR\",\"@id\":\"https:\\\/\\\/forotf.com\\\/curso\\\/buen-trato-en-salud-mental-%e2%93%98-abc-del-buen-trato-en-salud-mental\\\/#primaryimage\",\"url\":\"https:\\\/\\\/forotf.com\\\/wp-content\\\/uploads\\\/2026\\\/02\\\/ef5c3a01-4b2c-473d-9a40-cdb173b7d907.jpg\",\"contentUrl\":\"https:\\\/\\\/forotf.com\\\/wp-content\\\/uploads\\\/2026\\\/02\\\/ef5c3a01-4b2c-473d-9a40-cdb173b7d907.jpg\",\"width\":1024,\"height\":576},{\"@type\":\"BreadcrumbList\",\"@id\":\"https:\\\/\\\/forotf.com\\\/curso\\\/buen-trato-en-salud-mental-%e2%93%98-abc-del-buen-trato-en-salud-mental\\\/#breadcrumb\",\"itemListElement\":[{\"@type\":\"ListItem\",\"position\":1,\"name\":\"Inicio\",\"item\":\"https:\\\/\\\/forotf.com\\\/\"},{\"@type\":\"ListItem\",\"position\":2,\"name\":\"Cursos\",\"item\":\"https:\\\/\\\/forotf.com\\\/cursos\\\/\"},{\"@type\":\"ListItem\",\"position\":3,\"name\":\"Uncategorized\",\"item\":\"http:\\\/\\\/forotf.com\\\/pt\\\/product-category\\\/uncategorized\\\/\"},{\"@type\":\"ListItem\",\"position\":4,\"name\":\"Buen trato en salud mental \u24d8 &#8211; ABC del buen trato en salud mental\"}]},{\"@type\":\"WebSite\",\"@id\":\"http:\\\/\\\/forotf.com\\\/pt\\\/#website\",\"url\":\"http:\\\/\\\/forotf.com\\\/pt\\\/\",\"name\":\"Foro T\u00e9cnico de Formaci\u00f3n\",\"description\":\"Formaci\u00f3n para Empresas\",\"publisher\":{\"@id\":\"http:\\\/\\\/forotf.com\\\/pt\\\/#organization\"},\"alternateName\":\"FTF\",\"potentialAction\":[{\"@type\":\"SearchAction\",\"target\":{\"@type\":\"EntryPoint\",\"urlTemplate\":\"http:\\\/\\\/forotf.com\\\/pt\\\/?s={search_term_string}\"},\"query-input\":{\"@type\":\"PropertyValueSpecification\",\"valueRequired\":true,\"valueName\":\"search_term_string\"}}],\"inLanguage\":\"pt-BR\"},{\"@type\":\"Organization\",\"@id\":\"http:\\\/\\\/forotf.com\\\/pt\\\/#organization\",\"name\":\"Foro T\u00e9cnico de Formaci\u00f3n\",\"alternateName\":\"FTF\",\"url\":\"http:\\\/\\\/forotf.com\\\/pt\\\/\",\"logo\":{\"@type\":\"ImageObject\",\"inLanguage\":\"pt-BR\",\"@id\":\"http:\\\/\\\/forotf.com\\\/pt\\\/#\\\/schema\\\/logo\\\/image\\\/\",\"url\":\"https:\\\/\\\/forotf.com\\\/wp-content\\\/uploads\\\/2024\\\/02\\\/Oficial-Logo-FTF-Color.svg\",\"contentUrl\":\"https:\\\/\\\/forotf.com\\\/wp-content\\\/uploads\\\/2024\\\/02\\\/Oficial-Logo-FTF-Color.svg\",\"width\":794,\"height\":212,\"caption\":\"Foro T\u00e9cnico de Formaci\u00f3n\"},\"image\":{\"@id\":\"http:\\\/\\\/forotf.com\\\/pt\\\/#\\\/schema\\\/logo\\\/image\\\/\"},\"sameAs\":[\"https:\\\/\\\/es-es.facebook.com\\\/forotf\\\/\",\"https:\\\/\\\/www.instagram.com\\\/ftformacion\\\/?igshid=MWZjMTM2ODFkZg==\",\"https:\\\/\\\/www.linkedin.com\\\/company\\\/foro-tecnico-de-formacion\\\/?originalSubdomain=es\",\"https:\\\/\\\/www.youtube.com\\\/channel\\\/UCTzzsDUdLaZtfAGiP_ipLIg\"]}]}<\/script>\n<!-- \/ Yoast SEO plugin. -->","yoast_head_json":{"title":"Curso de Buen trato en salud mental \u24d8 - ABC del buen trato en salud mental | Foro T\u00e9cnico de Formaci\u00f3n","description":"Potencia tu conocimiento con nuestro curso Buen trato en salud mental \u24d8 - ABC del buen trato en salud mental. Descubre, aprende y crece con Foro T\u00e9cnico de Formaci\u00f3n.","robots":{"index":"index","follow":"follow","max-snippet":"max-snippet:-1","max-image-preview":"max-image-preview:large","max-video-preview":"max-video-preview:-1"},"canonical":"https:\/\/forotf.com\/pt\/curso\/buen-trato-en-salud-mental-\u24d8-abc-del-buen-trato-en-salud-mental\/","og_locale":"pt_BR","og_type":"article","og_title":"Curso de Buen trato en salud mental \u24d8 - ABC del buen trato en salud mental | Foro T\u00e9cnico de Formaci\u00f3n","og_description":"Potencia tu conocimiento con nuestro curso Buen trato en salud mental \u24d8 - ABC del buen trato en salud mental. Descubre, aprende y crece con Foro T\u00e9cnico de Formaci\u00f3n.","og_url":"https:\/\/forotf.com\/pt\/curso\/buen-trato-en-salud-mental-\u24d8-abc-del-buen-trato-en-salud-mental\/","og_site_name":"Foro T\u00e9cnico de Formaci\u00f3n","article_publisher":"https:\/\/es-es.facebook.com\/forotf\/","article_modified_time":"2026-03-05T14:47:31+00:00","og_image":[{"width":1024,"height":576,"url":"https:\/\/forotf.com\/wp-content\/uploads\/2026\/02\/ef5c3a01-4b2c-473d-9a40-cdb173b7d907.jpg","type":"image\/jpeg"}],"twitter_card":"summary_large_image","schema":{"@context":"https:\/\/schema.org","@graph":[{"@type":"WebPage","@id":"https:\/\/forotf.com\/curso\/buen-trato-en-salud-mental-%e2%93%98-abc-del-buen-trato-en-salud-mental\/","url":"https:\/\/forotf.com\/curso\/buen-trato-en-salud-mental-%e2%93%98-abc-del-buen-trato-en-salud-mental\/","name":"Curso de Buen trato en salud mental \u24d8 - ABC del buen trato en salud mental | Foro T\u00e9cnico de Formaci\u00f3n","isPartOf":{"@id":"http:\/\/forotf.com\/pt\/#website"},"primaryImageOfPage":{"@id":"https:\/\/forotf.com\/curso\/buen-trato-en-salud-mental-%e2%93%98-abc-del-buen-trato-en-salud-mental\/#primaryimage"},"image":{"@id":"https:\/\/forotf.com\/curso\/buen-trato-en-salud-mental-%e2%93%98-abc-del-buen-trato-en-salud-mental\/#primaryimage"},"thumbnailUrl":"https:\/\/forotf.com\/wp-content\/uploads\/2026\/02\/ef5c3a01-4b2c-473d-9a40-cdb173b7d907.jpg","datePublished":"2026-02-19T11:51:00+00:00","dateModified":"2026-03-05T14:47:31+00:00","description":"Potencia tu conocimiento con nuestro curso Buen trato en salud mental \u24d8 - ABC del buen trato en salud mental. Descubre, aprende y crece con Foro T\u00e9cnico de Formaci\u00f3n.","breadcrumb":{"@id":"https:\/\/forotf.com\/curso\/buen-trato-en-salud-mental-%e2%93%98-abc-del-buen-trato-en-salud-mental\/#breadcrumb"},"inLanguage":"pt-BR","potentialAction":[{"@type":"ReadAction","target":["https:\/\/forotf.com\/curso\/buen-trato-en-salud-mental-%e2%93%98-abc-del-buen-trato-en-salud-mental\/"]}]},{"@type":"ImageObject","inLanguage":"pt-BR","@id":"https:\/\/forotf.com\/curso\/buen-trato-en-salud-mental-%e2%93%98-abc-del-buen-trato-en-salud-mental\/#primaryimage","url":"https:\/\/forotf.com\/wp-content\/uploads\/2026\/02\/ef5c3a01-4b2c-473d-9a40-cdb173b7d907.jpg","contentUrl":"https:\/\/forotf.com\/wp-content\/uploads\/2026\/02\/ef5c3a01-4b2c-473d-9a40-cdb173b7d907.jpg","width":1024,"height":576},{"@type":"BreadcrumbList","@id":"https:\/\/forotf.com\/curso\/buen-trato-en-salud-mental-%e2%93%98-abc-del-buen-trato-en-salud-mental\/#breadcrumb","itemListElement":[{"@type":"ListItem","position":1,"name":"Inicio","item":"https:\/\/forotf.com\/"},{"@type":"ListItem","position":2,"name":"Cursos","item":"https:\/\/forotf.com\/cursos\/"},{"@type":"ListItem","position":3,"name":"Uncategorized","item":"http:\/\/forotf.com\/pt\/product-category\/uncategorized\/"},{"@type":"ListItem","position":4,"name":"Buen trato en salud mental \u24d8 &#8211; ABC del buen trato en salud mental"}]},{"@type":"WebSite","@id":"http:\/\/forotf.com\/pt\/#website","url":"http:\/\/forotf.com\/pt\/","name":"F\u00f3rum de Treinamento T\u00e9cnico","description":"Treinamento para Empresas","publisher":{"@id":"http:\/\/forotf.com\/pt\/#organization"},"alternateName":"FTF","potentialAction":[{"@type":"SearchAction","target":{"@type":"EntryPoint","urlTemplate":"http:\/\/forotf.com\/pt\/?s={search_term_string}"},"query-input":{"@type":"PropertyValueSpecification","valueRequired":true,"valueName":"search_term_string"}}],"inLanguage":"pt-BR"},{"@type":"Organization","@id":"http:\/\/forotf.com\/pt\/#organization","name":"F\u00f3rum de Treinamento T\u00e9cnico","alternateName":"FTF","url":"http:\/\/forotf.com\/pt\/","logo":{"@type":"ImageObject","inLanguage":"pt-BR","@id":"http:\/\/forotf.com\/pt\/#\/schema\/logo\/image\/","url":"https:\/\/forotf.com\/wp-content\/uploads\/2024\/02\/Oficial-Logo-FTF-Color.svg","contentUrl":"https:\/\/forotf.com\/wp-content\/uploads\/2024\/02\/Oficial-Logo-FTF-Color.svg","width":794,"height":212,"caption":"Foro T\u00e9cnico de Formaci\u00f3n"},"image":{"@id":"http:\/\/forotf.com\/pt\/#\/schema\/logo\/image\/"},"sameAs":["https:\/\/es-es.facebook.com\/forotf\/","https:\/\/www.instagram.com\/ftformacion\/?igshid=MWZjMTM2ODFkZg==","https:\/\/www.linkedin.com\/company\/foro-tecnico-de-formacion\/?originalSubdomain=es","https:\/\/www.youtube.com\/channel\/UCTzzsDUdLaZtfAGiP_ipLIg"]}]}},"publishpress_future_workflow_manual_trigger":{"enabledWorkflows":[]},"_links":{"self":[{"href":"https:\/\/forotf.com\/pt\/wp-json\/wp\/v2\/product\/7591","targetHints":{"allow":["GET"]}}],"collection":[{"href":"https:\/\/forotf.com\/pt\/wp-json\/wp\/v2\/product"}],"about":[{"href":"https:\/\/forotf.com\/pt\/wp-json\/wp\/v2\/types\/product"}],"replies":[{"embeddable":true,"href":"https:\/\/forotf.com\/pt\/wp-json\/wp\/v2\/comments?post=7591"}],"wp:featuredmedia":[{"embeddable":true,"href":"https:\/\/forotf.com\/pt\/wp-json\/wp\/v2\/media\/7592"}],"wp:attachment":[{"href":"https:\/\/forotf.com\/pt\/wp-json\/wp\/v2\/media?parent=7591"}],"wp:term":[{"taxonomy":"product_brand","embeddable":true,"href":"https:\/\/forotf.com\/pt\/wp-json\/wp\/v2\/product_brand?post=7591"},{"taxonomy":"product_cat","embeddable":true,"href":"https:\/\/forotf.com\/pt\/wp-json\/wp\/v2\/product_cat?post=7591"},{"taxonomy":"product_tag","embeddable":true,"href":"https:\/\/forotf.com\/pt\/wp-json\/wp\/v2\/product_tag?post=7591"}],"curies":[{"name":"wp","href":"https:\/\/api.w.org\/{rel}","templated":true}]}}