{"id":7589,"date":"2026-02-19T11:06:19","date_gmt":"2026-02-19T11:06:19","guid":{"rendered":"https:\/\/forotf.com\/?post_type=product&#038;p=7589"},"modified":"2026-04-06T12:13:04","modified_gmt":"2026-04-06T12:13:04","slug":"inteligencia-artificial-herramientas-practicas-en-contextos-sociosanitarios","status":"publish","type":"product","link":"https:\/\/forotf.com\/pt\/curso\/inteligencia-artificial-herramientas-practicas-en-contextos-sociosanitarios\/","title":{"rendered":"Inteligencia artificial. Herramientas pr\u00e1cticas en contextos sociosanitarios"},"content":{"rendered":"<p>O<strong> Inteligencia Artificial<\/strong> ya est\u00e1 transformando la gesti\u00f3n y la atenci\u00f3n en los centros sociosanitarios.<br \/>\nLa pregunta no es si incorporarla, sino c\u00f3mo hacerlo de forma pr\u00e1ctica, segura y eficiente.<\/p>\n<p>Este curso ofrece una <strong>treinamento<\/strong> eminentemente pr\u00e1ctica dise\u00f1ada para que los equipos interdisciplinares integren <strong>soluciones de IA<\/strong> en su d\u00eda a d\u00eda profesional, optimizando procesos, mejorando la atenci\u00f3n y reduciendo la carga administrativa.<\/p>\n<p><strong>\u00bfQu\u00e9 aporta esta formaci\u00f3n a tu d\u00eda a d\u00eda en el centro?<\/strong><br \/>\n\u2022 Automatizaci\u00f3n de tareas y optimizaci\u00f3n de tiempo en gesti\u00f3n administrativa y documental<br \/>\n\u2022 Mejora en la calidad y precisi\u00f3n de informes y registros t\u00e9cnicos<br \/>\n\u2022 Apoyo a la toma de decisiones en el seguimiento integral de las personas usuarias<br \/>\n\u2022 Comunicaci\u00f3n m\u00e1s eficiente, clara y accesible con familias<br \/>\n\u2022 Implementaci\u00f3n responsable y segura de soluciones de IA<\/p>\n<p><strong>Formaci\u00f3n 100% aplicada<\/strong>, en modalidad con pr\u00e1cticas guiadas y dise\u00f1o de soluciones adaptadas a la realidad del centro.<br \/>\nM\u00e1s eficiencia. M\u00e1s calidad asistencial. Menos carga administrativa.<\/p>\n<p><span data-teams=\"true\"><strong>\u00a0Fecha:<\/strong> d\u00edas 14, 21, 28 y 5 de Mayo<\/span><\/p>\n<p><strong>Agendar:<\/strong>\u00a0de 15:00 h. a 18:00 h.<\/p>","protected":false},"excerpt":{"rendered":"<p>La I<strong>nteligencia Artificial<\/strong> ya est\u00e1 transformando la gesti\u00f3n y la atenci\u00f3n en los <strong>centros sociosanitarios<\/strong>.<br \/>\nLa pregunta no es si incorporarla, sino c\u00f3mo hacerlo de <strong>forma pr\u00e1ctica<\/strong>, segura y eficiente.<\/p>","protected":false},"featured_media":7590,"comment_status":"closed","ping_status":"closed","template":"","meta":{"codigo-servicio":"2352-A","costo-gestion":"18.88"},"product_brand":[],"product_cat":[15],"product_tag":[],"class_list":{"0":"post-7589","1":"product","2":"type-product","3":"status-publish","4":"has-post-thumbnail","6":"product_cat-uncategorized","8":"first","9":"instock","10":"shipping-taxable","11":"purchasable","12":"product-type-simple"},"pp_statuses_selecting_workflow":false,"pp_workflow_action":"current","pp_status_selection":"publish","yoast_head":"<!-- This site is optimized with the Yoast SEO plugin v27.3 - https:\/\/yoast.com\/product\/yoast-seo-wordpress\/ -->\n<title>Curso de Inteligencia artificial. Herramientas pr\u00e1cticas en contextos sociosanitarios | Foro T\u00e9cnico de Formaci\u00f3n<\/title>\n<meta name=\"description\" content=\"Potencia tu conocimiento con nuestro curso Inteligencia artificial. Herramientas pr\u00e1cticas en contextos sociosanitarios. Descubre, aprende y crece con Foro T\u00e9cnico de Formaci\u00f3n.\" \/>\n<meta name=\"robots\" content=\"index, follow, max-snippet:-1, max-image-preview:large, max-video-preview:-1\" \/>\n<link rel=\"canonical\" href=\"https:\/\/forotf.com\/pt\/curso\/inteligencia-artificial-herramientas-practicas-en-contextos-sociosanitarios\/\" \/>\n<meta property=\"og:locale\" content=\"pt_BR\" \/>\n<meta property=\"og:type\" content=\"article\" \/>\n<meta property=\"og:title\" content=\"Curso de Inteligencia artificial. Herramientas pr\u00e1cticas en contextos sociosanitarios | Foro T\u00e9cnico de Formaci\u00f3n\" \/>\n<meta property=\"og:description\" content=\"Potencia tu conocimiento con nuestro curso Inteligencia artificial. Herramientas pr\u00e1cticas en contextos sociosanitarios. Descubre, aprende y crece con Foro T\u00e9cnico de Formaci\u00f3n.\" \/>\n<meta property=\"og:url\" content=\"https:\/\/forotf.com\/pt\/curso\/inteligencia-artificial-herramientas-practicas-en-contextos-sociosanitarios\/\" \/>\n<meta property=\"og:site_name\" content=\"Foro T\u00e9cnico de Formaci\u00f3n\" \/>\n<meta property=\"article:publisher\" content=\"https:\/\/es-es.facebook.com\/forotf\/\" \/>\n<meta property=\"article:modified_time\" content=\"2026-04-06T12:13:04+00:00\" \/>\n<meta property=\"og:image\" content=\"https:\/\/forotf.com\/wp-content\/uploads\/2026\/02\/728c1a8a-1f50-4d68-a51f-fa6cff163519.jpg\" \/>\n\t<meta property=\"og:image:width\" content=\"740\" \/>\n\t<meta property=\"og:image:height\" content=\"416\" \/>\n\t<meta property=\"og:image:type\" content=\"image\/jpeg\" \/>\n<meta name=\"twitter:card\" content=\"summary_large_image\" \/>\n<script type=\"application\/ld+json\" class=\"yoast-schema-graph\">{\"@context\":\"https:\\\/\\\/schema.org\",\"@graph\":[{\"@type\":\"WebPage\",\"@id\":\"https:\\\/\\\/forotf.com\\\/curso\\\/inteligencia-artificial-herramientas-practicas-en-contextos-sociosanitarios\\\/\",\"url\":\"https:\\\/\\\/forotf.com\\\/curso\\\/inteligencia-artificial-herramientas-practicas-en-contextos-sociosanitarios\\\/\",\"name\":\"Curso de Inteligencia artificial. Herramientas pr\u00e1cticas en contextos sociosanitarios | Foro T\u00e9cnico de Formaci\u00f3n\",\"isPartOf\":{\"@id\":\"http:\\\/\\\/forotf.com\\\/pt\\\/#website\"},\"primaryImageOfPage\":{\"@id\":\"https:\\\/\\\/forotf.com\\\/curso\\\/inteligencia-artificial-herramientas-practicas-en-contextos-sociosanitarios\\\/#primaryimage\"},\"image\":{\"@id\":\"https:\\\/\\\/forotf.com\\\/curso\\\/inteligencia-artificial-herramientas-practicas-en-contextos-sociosanitarios\\\/#primaryimage\"},\"thumbnailUrl\":\"https:\\\/\\\/forotf.com\\\/wp-content\\\/uploads\\\/2026\\\/02\\\/728c1a8a-1f50-4d68-a51f-fa6cff163519.jpg\",\"datePublished\":\"2026-02-19T11:06:19+00:00\",\"dateModified\":\"2026-04-06T12:13:04+00:00\",\"description\":\"Potencia tu conocimiento con nuestro curso Inteligencia artificial. Herramientas pr\u00e1cticas en contextos sociosanitarios. Descubre, aprende y crece con Foro T\u00e9cnico de Formaci\u00f3n.\",\"breadcrumb\":{\"@id\":\"https:\\\/\\\/forotf.com\\\/curso\\\/inteligencia-artificial-herramientas-practicas-en-contextos-sociosanitarios\\\/#breadcrumb\"},\"inLanguage\":\"pt-BR\",\"potentialAction\":[{\"@type\":\"ReadAction\",\"target\":[\"https:\\\/\\\/forotf.com\\\/curso\\\/inteligencia-artificial-herramientas-practicas-en-contextos-sociosanitarios\\\/\"]}]},{\"@type\":\"ImageObject\",\"inLanguage\":\"pt-BR\",\"@id\":\"https:\\\/\\\/forotf.com\\\/curso\\\/inteligencia-artificial-herramientas-practicas-en-contextos-sociosanitarios\\\/#primaryimage\",\"url\":\"https:\\\/\\\/forotf.com\\\/wp-content\\\/uploads\\\/2026\\\/02\\\/728c1a8a-1f50-4d68-a51f-fa6cff163519.jpg\",\"contentUrl\":\"https:\\\/\\\/forotf.com\\\/wp-content\\\/uploads\\\/2026\\\/02\\\/728c1a8a-1f50-4d68-a51f-fa6cff163519.jpg\",\"width\":740,\"height\":416},{\"@type\":\"BreadcrumbList\",\"@id\":\"https:\\\/\\\/forotf.com\\\/curso\\\/inteligencia-artificial-herramientas-practicas-en-contextos-sociosanitarios\\\/#breadcrumb\",\"itemListElement\":[{\"@type\":\"ListItem\",\"position\":1,\"name\":\"Inicio\",\"item\":\"https:\\\/\\\/forotf.com\\\/\"},{\"@type\":\"ListItem\",\"position\":2,\"name\":\"Cursos\",\"item\":\"https:\\\/\\\/forotf.com\\\/cursos\\\/\"},{\"@type\":\"ListItem\",\"position\":3,\"name\":\"Uncategorized\",\"item\":\"http:\\\/\\\/forotf.com\\\/pt\\\/product-category\\\/uncategorized\\\/\"},{\"@type\":\"ListItem\",\"position\":4,\"name\":\"Inteligencia artificial. Herramientas pr\u00e1cticas en contextos sociosanitarios\"}]},{\"@type\":\"WebSite\",\"@id\":\"http:\\\/\\\/forotf.com\\\/pt\\\/#website\",\"url\":\"http:\\\/\\\/forotf.com\\\/pt\\\/\",\"name\":\"Foro T\u00e9cnico de Formaci\u00f3n\",\"description\":\"Formaci\u00f3n para Empresas\",\"publisher\":{\"@id\":\"http:\\\/\\\/forotf.com\\\/pt\\\/#organization\"},\"alternateName\":\"FTF\",\"potentialAction\":[{\"@type\":\"SearchAction\",\"target\":{\"@type\":\"EntryPoint\",\"urlTemplate\":\"http:\\\/\\\/forotf.com\\\/pt\\\/?s={search_term_string}\"},\"query-input\":{\"@type\":\"PropertyValueSpecification\",\"valueRequired\":true,\"valueName\":\"search_term_string\"}}],\"inLanguage\":\"pt-BR\"},{\"@type\":\"Organization\",\"@id\":\"http:\\\/\\\/forotf.com\\\/pt\\\/#organization\",\"name\":\"Foro T\u00e9cnico de Formaci\u00f3n\",\"alternateName\":\"FTF\",\"url\":\"http:\\\/\\\/forotf.com\\\/pt\\\/\",\"logo\":{\"@type\":\"ImageObject\",\"inLanguage\":\"pt-BR\",\"@id\":\"http:\\\/\\\/forotf.com\\\/pt\\\/#\\\/schema\\\/logo\\\/image\\\/\",\"url\":\"https:\\\/\\\/forotf.com\\\/wp-content\\\/uploads\\\/2024\\\/02\\\/Oficial-Logo-FTF-Color.svg\",\"contentUrl\":\"https:\\\/\\\/forotf.com\\\/wp-content\\\/uploads\\\/2024\\\/02\\\/Oficial-Logo-FTF-Color.svg\",\"width\":794,\"height\":212,\"caption\":\"Foro T\u00e9cnico de Formaci\u00f3n\"},\"image\":{\"@id\":\"http:\\\/\\\/forotf.com\\\/pt\\\/#\\\/schema\\\/logo\\\/image\\\/\"},\"sameAs\":[\"https:\\\/\\\/es-es.facebook.com\\\/forotf\\\/\",\"https:\\\/\\\/www.instagram.com\\\/ftformacion\\\/?igshid=MWZjMTM2ODFkZg==\",\"https:\\\/\\\/www.linkedin.com\\\/company\\\/foro-tecnico-de-formacion\\\/?originalSubdomain=es\",\"https:\\\/\\\/www.youtube.com\\\/channel\\\/UCTzzsDUdLaZtfAGiP_ipLIg\"]}]}<\/script>\n<!-- \/ Yoast SEO plugin. -->","yoast_head_json":{"title":"Curso de Inteligencia artificial. Herramientas pr\u00e1cticas en contextos sociosanitarios | Foro T\u00e9cnico de Formaci\u00f3n","description":"Potencia tu conocimiento con nuestro curso Inteligencia artificial. Herramientas pr\u00e1cticas en contextos sociosanitarios. Descubre, aprende y crece con Foro T\u00e9cnico de Formaci\u00f3n.","robots":{"index":"index","follow":"follow","max-snippet":"max-snippet:-1","max-image-preview":"max-image-preview:large","max-video-preview":"max-video-preview:-1"},"canonical":"https:\/\/forotf.com\/pt\/curso\/inteligencia-artificial-herramientas-practicas-en-contextos-sociosanitarios\/","og_locale":"pt_BR","og_type":"article","og_title":"Curso de Inteligencia artificial. Herramientas pr\u00e1cticas en contextos sociosanitarios | Foro T\u00e9cnico de Formaci\u00f3n","og_description":"Potencia tu conocimiento con nuestro curso Inteligencia artificial. Herramientas pr\u00e1cticas en contextos sociosanitarios. Descubre, aprende y crece con Foro T\u00e9cnico de Formaci\u00f3n.","og_url":"https:\/\/forotf.com\/pt\/curso\/inteligencia-artificial-herramientas-practicas-en-contextos-sociosanitarios\/","og_site_name":"Foro T\u00e9cnico de Formaci\u00f3n","article_publisher":"https:\/\/es-es.facebook.com\/forotf\/","article_modified_time":"2026-04-06T12:13:04+00:00","og_image":[{"width":740,"height":416,"url":"https:\/\/forotf.com\/wp-content\/uploads\/2026\/02\/728c1a8a-1f50-4d68-a51f-fa6cff163519.jpg","type":"image\/jpeg"}],"twitter_card":"summary_large_image","schema":{"@context":"https:\/\/schema.org","@graph":[{"@type":"WebPage","@id":"https:\/\/forotf.com\/curso\/inteligencia-artificial-herramientas-practicas-en-contextos-sociosanitarios\/","url":"https:\/\/forotf.com\/curso\/inteligencia-artificial-herramientas-practicas-en-contextos-sociosanitarios\/","name":"Curso de Inteligencia artificial. Herramientas pr\u00e1cticas en contextos sociosanitarios | Foro T\u00e9cnico de Formaci\u00f3n","isPartOf":{"@id":"http:\/\/forotf.com\/pt\/#website"},"primaryImageOfPage":{"@id":"https:\/\/forotf.com\/curso\/inteligencia-artificial-herramientas-practicas-en-contextos-sociosanitarios\/#primaryimage"},"image":{"@id":"https:\/\/forotf.com\/curso\/inteligencia-artificial-herramientas-practicas-en-contextos-sociosanitarios\/#primaryimage"},"thumbnailUrl":"https:\/\/forotf.com\/wp-content\/uploads\/2026\/02\/728c1a8a-1f50-4d68-a51f-fa6cff163519.jpg","datePublished":"2026-02-19T11:06:19+00:00","dateModified":"2026-04-06T12:13:04+00:00","description":"Potencia tu conocimiento con nuestro curso Inteligencia artificial. Herramientas pr\u00e1cticas en contextos sociosanitarios. Descubre, aprende y crece con Foro T\u00e9cnico de Formaci\u00f3n.","breadcrumb":{"@id":"https:\/\/forotf.com\/curso\/inteligencia-artificial-herramientas-practicas-en-contextos-sociosanitarios\/#breadcrumb"},"inLanguage":"pt-BR","potentialAction":[{"@type":"ReadAction","target":["https:\/\/forotf.com\/curso\/inteligencia-artificial-herramientas-practicas-en-contextos-sociosanitarios\/"]}]},{"@type":"ImageObject","inLanguage":"pt-BR","@id":"https:\/\/forotf.com\/curso\/inteligencia-artificial-herramientas-practicas-en-contextos-sociosanitarios\/#primaryimage","url":"https:\/\/forotf.com\/wp-content\/uploads\/2026\/02\/728c1a8a-1f50-4d68-a51f-fa6cff163519.jpg","contentUrl":"https:\/\/forotf.com\/wp-content\/uploads\/2026\/02\/728c1a8a-1f50-4d68-a51f-fa6cff163519.jpg","width":740,"height":416},{"@type":"BreadcrumbList","@id":"https:\/\/forotf.com\/curso\/inteligencia-artificial-herramientas-practicas-en-contextos-sociosanitarios\/#breadcrumb","itemListElement":[{"@type":"ListItem","position":1,"name":"Inicio","item":"https:\/\/forotf.com\/"},{"@type":"ListItem","position":2,"name":"Cursos","item":"https:\/\/forotf.com\/cursos\/"},{"@type":"ListItem","position":3,"name":"Uncategorized","item":"http:\/\/forotf.com\/pt\/product-category\/uncategorized\/"},{"@type":"ListItem","position":4,"name":"Inteligencia artificial. Herramientas pr\u00e1cticas en contextos sociosanitarios"}]},{"@type":"WebSite","@id":"http:\/\/forotf.com\/pt\/#website","url":"http:\/\/forotf.com\/pt\/","name":"F\u00f3rum de Treinamento T\u00e9cnico","description":"Treinamento para Empresas","publisher":{"@id":"http:\/\/forotf.com\/pt\/#organization"},"alternateName":"FTF","potentialAction":[{"@type":"SearchAction","target":{"@type":"EntryPoint","urlTemplate":"http:\/\/forotf.com\/pt\/?s={search_term_string}"},"query-input":{"@type":"PropertyValueSpecification","valueRequired":true,"valueName":"search_term_string"}}],"inLanguage":"pt-BR"},{"@type":"Organization","@id":"http:\/\/forotf.com\/pt\/#organization","name":"F\u00f3rum de Treinamento T\u00e9cnico","alternateName":"FTF","url":"http:\/\/forotf.com\/pt\/","logo":{"@type":"ImageObject","inLanguage":"pt-BR","@id":"http:\/\/forotf.com\/pt\/#\/schema\/logo\/image\/","url":"https:\/\/forotf.com\/wp-content\/uploads\/2024\/02\/Oficial-Logo-FTF-Color.svg","contentUrl":"https:\/\/forotf.com\/wp-content\/uploads\/2024\/02\/Oficial-Logo-FTF-Color.svg","width":794,"height":212,"caption":"Foro T\u00e9cnico de Formaci\u00f3n"},"image":{"@id":"http:\/\/forotf.com\/pt\/#\/schema\/logo\/image\/"},"sameAs":["https:\/\/es-es.facebook.com\/forotf\/","https:\/\/www.instagram.com\/ftformacion\/?igshid=MWZjMTM2ODFkZg==","https:\/\/www.linkedin.com\/company\/foro-tecnico-de-formacion\/?originalSubdomain=es","https:\/\/www.youtube.com\/channel\/UCTzzsDUdLaZtfAGiP_ipLIg"]}]}},"publishpress_future_workflow_manual_trigger":{"enabledWorkflows":[]},"_links":{"self":[{"href":"https:\/\/forotf.com\/pt\/wp-json\/wp\/v2\/product\/7589","targetHints":{"allow":["GET"]}}],"collection":[{"href":"https:\/\/forotf.com\/pt\/wp-json\/wp\/v2\/product"}],"about":[{"href":"https:\/\/forotf.com\/pt\/wp-json\/wp\/v2\/types\/product"}],"replies":[{"embeddable":true,"href":"https:\/\/forotf.com\/pt\/wp-json\/wp\/v2\/comments?post=7589"}],"wp:featuredmedia":[{"embeddable":true,"href":"https:\/\/forotf.com\/pt\/wp-json\/wp\/v2\/media\/7590"}],"wp:attachment":[{"href":"https:\/\/forotf.com\/pt\/wp-json\/wp\/v2\/media?parent=7589"}],"wp:term":[{"taxonomy":"product_brand","embeddable":true,"href":"https:\/\/forotf.com\/pt\/wp-json\/wp\/v2\/product_brand?post=7589"},{"taxonomy":"product_cat","embeddable":true,"href":"https:\/\/forotf.com\/pt\/wp-json\/wp\/v2\/product_cat?post=7589"},{"taxonomy":"product_tag","embeddable":true,"href":"https:\/\/forotf.com\/pt\/wp-json\/wp\/v2\/product_tag?post=7589"}],"curies":[{"name":"wp","href":"https:\/\/api.w.org\/{rel}","templated":true}]}}