{"id":6986,"date":"2025-04-09T08:31:49","date_gmt":"2025-04-09T08:31:49","guid":{"rendered":"https:\/\/forotf.com\/?post_type=product&#038;p=6986"},"modified":"2026-03-31T08:05:31","modified_gmt":"2026-03-31T08:05:31","slug":"prevencion-de-riesgos-laborales-en-el-sector-sociosanitario-basico-prl-30h","status":"publish","type":"product","link":"https:\/\/forotf.com\/pt\/curso\/prevencion-de-riesgos-laborales-en-el-sector-sociosanitario-basico-prl-30h\/","title":{"rendered":"Preven\u00e7\u00e3o de riscos ocupacionais no setor social e sa\u00fade \u2013 B\u00e1sico (PRL 30h)"},"content":{"rendered":"<p>Voc\u00ea mergulhar\u00e1 nos \u201cConceitos B\u00e1sicos de Seguran\u00e7a e Sa\u00fade no Trabalho\u201d, explorando riscos profissionais, fatores de risco e compreendendo o marco regulat\u00f3rio essencial relativo \u00e0 preven\u00e7\u00e3o de riscos ocupacionais.<\/p>\n<p>Voc\u00ea abordar\u00e1 \u201cRiscos Gerais e Sua Preven\u00e7\u00e3o\u201d, adquirindo conhecimentos sobre condi\u00e7\u00f5es de seguran\u00e7a, ambiente de trabalho, carga de trabalho, sistemas de controle de riscos, planos de emerg\u00eancia e evacua\u00e7\u00e3o e controle da sa\u00fade dos trabalhadores.<\/p>\n<p>Voc\u00ea aprender\u00e1 sobre \u201cRiscos Espec\u00edficos e Sua Preven\u00e7\u00e3o no Setor Social e de Sa\u00fade\u201d, detalhando os riscos vinculados aos cargos neste setor e fornecendo medidas preventivas eficazes. Voc\u00ea aprender\u00e1 os \u201cElementos B\u00e1sicos da Gest\u00e3o de Preven\u00e7\u00e3o de Riscos\u201d entendendo a import\u00e2ncia da organiza\u00e7\u00e3o do trabalho preventivo e da documenta\u00e7\u00e3o necess\u00e1ria para garantir um ambiente de trabalho seguro.<\/p>\n<p>Voc\u00ea adquirir\u00e1 habilidades vitais em \u201cPrimeiros Socorros\u201d. Do tratamento de feridas \u00e0 ressuscita\u00e7\u00e3o cardiopulmonar (RCP), voc\u00ea estar\u00e1 preparado para responder com efic\u00e1cia em situa\u00e7\u00f5es de emerg\u00eancia.<\/p>\n<p>Este curso n\u00e3o apenas atende aos requisitos regulamentares, mas tamb\u00e9m fornecer\u00e1 as habilidades pr\u00e1ticas necess\u00e1rias para garantir a seguran\u00e7a e o bem-estar no ambiente social e de sa\u00fade. Junte-se a n\u00f3s e seja um agente ativo na cria\u00e7\u00e3o de ambientes de trabalho seguros e saud\u00e1veis.<\/p>\n<p>Convidamos voc\u00ea a iniciar esta jornada de treinamento conosco!<\/p>","protected":false},"excerpt":{"rendered":"<p>Conhe\u00e7a o nosso curso \u201cPreven\u00e7\u00e3o B\u00e1sica de Riscos Laborais no Setor Social e Sa\u00fade\u201d e transforme o seu ambiente de trabalho num espa\u00e7o seguro e saud\u00e1vel!<\/p>","protected":false},"featured_media":1843,"comment_status":"closed","ping_status":"closed","template":"","meta":{"codigo-servicio":"185-A","costo-gestion":"27.23"},"product_brand":[],"product_cat":[88],"product_tag":[89,93,90,91,92,94],"class_list":{"0":"post-6986","1":"product","2":"type-product","3":"status-publish","4":"has-post-thumbnail","6":"product_cat-programado","7":"product_tag-100-bonificable","8":"product_tag-certificado-de-finalizacion","9":"product_tag-multidispositivo","10":"product_tag-sin-horarios","11":"product_tag-test-de-evaluacion","12":"product_tag-tutor-acreditado","14":"first","15":"instock","16":"virtual","17":"purchasable","18":"product-type-simple"},"pp_statuses_selecting_workflow":false,"pp_workflow_action":"current","pp_status_selection":"publish","yoast_head":"<!-- This site is optimized with the Yoast SEO plugin v27.3 - https:\/\/yoast.com\/product\/yoast-seo-wordpress\/ -->\n<title>Prevenci\u00f3n de riesgos laborales en el sector sociosanitario - B\u00e1sico<\/title>\n<meta name=\"description\" content=\"Adquiere los conocimientos y habilidades para prevenir riesgos laborales, tanto generales como espec\u00edficos del sector sociosanitario\" \/>\n<meta name=\"robots\" content=\"index, follow, max-snippet:-1, max-image-preview:large, max-video-preview:-1\" \/>\n<link rel=\"canonical\" href=\"https:\/\/forotf.com\/pt\/curso\/prevencion-de-riesgos-laborales-en-el-sector-sociosanitario-basico-prl-30h\/\" \/>\n<meta property=\"og:locale\" content=\"pt_BR\" \/>\n<meta property=\"og:type\" content=\"article\" \/>\n<meta property=\"og:title\" content=\"Prevenci\u00f3n de riesgos laborales en el sector sociosanitario - B\u00e1sico\" \/>\n<meta property=\"og:description\" content=\"Adquiere los conocimientos y habilidades para prevenir riesgos laborales, tanto generales como espec\u00edficos del sector sociosanitario\" \/>\n<meta property=\"og:url\" content=\"https:\/\/forotf.com\/pt\/curso\/prevencion-de-riesgos-laborales-en-el-sector-sociosanitario-basico-prl-30h\/\" \/>\n<meta property=\"og:site_name\" content=\"Foro T\u00e9cnico de Formaci\u00f3n\" \/>\n<meta property=\"article:publisher\" content=\"https:\/\/es-es.facebook.com\/forotf\/\" \/>\n<meta property=\"article:modified_time\" content=\"2026-03-31T08:05:31+00:00\" \/>\n<meta property=\"og:image\" content=\"https:\/\/forotf.com\/wp-content\/uploads\/2024\/02\/Prevencion-riesgos-laborales-Sociosanitarios.jpg\" \/>\n\t<meta property=\"og:image:width\" content=\"1000\" \/>\n\t<meta property=\"og:image:height\" content=\"667\" \/>\n\t<meta property=\"og:image:type\" content=\"image\/jpeg\" \/>\n<meta name=\"twitter:card\" content=\"summary_large_image\" \/>\n<script type=\"application\/ld+json\" class=\"yoast-schema-graph\">{\"@context\":\"https:\\\/\\\/schema.org\",\"@graph\":[{\"@type\":\"WebPage\",\"@id\":\"https:\\\/\\\/forotf.com\\\/curso\\\/prevencion-de-riesgos-laborales-en-el-sector-sociosanitario-basico-prl-30h\\\/\",\"url\":\"https:\\\/\\\/forotf.com\\\/curso\\\/prevencion-de-riesgos-laborales-en-el-sector-sociosanitario-basico-prl-30h\\\/\",\"name\":\"Prevenci\u00f3n de riesgos laborales en el sector sociosanitario - B\u00e1sico\",\"isPartOf\":{\"@id\":\"http:\\\/\\\/forotf.com\\\/pt\\\/#website\"},\"primaryImageOfPage\":{\"@id\":\"https:\\\/\\\/forotf.com\\\/curso\\\/prevencion-de-riesgos-laborales-en-el-sector-sociosanitario-basico-prl-30h\\\/#primaryimage\"},\"image\":{\"@id\":\"https:\\\/\\\/forotf.com\\\/curso\\\/prevencion-de-riesgos-laborales-en-el-sector-sociosanitario-basico-prl-30h\\\/#primaryimage\"},\"thumbnailUrl\":\"https:\\\/\\\/forotf.com\\\/wp-content\\\/uploads\\\/2024\\\/02\\\/Prevencion-riesgos-laborales-Sociosanitarios.jpg\",\"datePublished\":\"2025-04-09T08:31:49+00:00\",\"dateModified\":\"2026-03-31T08:05:31+00:00\",\"description\":\"Adquiere los conocimientos y habilidades para prevenir riesgos laborales, tanto generales como espec\u00edficos del sector sociosanitario\",\"breadcrumb\":{\"@id\":\"https:\\\/\\\/forotf.com\\\/curso\\\/prevencion-de-riesgos-laborales-en-el-sector-sociosanitario-basico-prl-30h\\\/#breadcrumb\"},\"inLanguage\":\"pt-BR\",\"potentialAction\":[{\"@type\":\"ReadAction\",\"target\":[\"https:\\\/\\\/forotf.com\\\/curso\\\/prevencion-de-riesgos-laborales-en-el-sector-sociosanitario-basico-prl-30h\\\/\"]}]},{\"@type\":\"ImageObject\",\"inLanguage\":\"pt-BR\",\"@id\":\"https:\\\/\\\/forotf.com\\\/curso\\\/prevencion-de-riesgos-laborales-en-el-sector-sociosanitario-basico-prl-30h\\\/#primaryimage\",\"url\":\"https:\\\/\\\/forotf.com\\\/wp-content\\\/uploads\\\/2024\\\/02\\\/Prevencion-riesgos-laborales-Sociosanitarios.jpg\",\"contentUrl\":\"https:\\\/\\\/forotf.com\\\/wp-content\\\/uploads\\\/2024\\\/02\\\/Prevencion-riesgos-laborales-Sociosanitarios.jpg\",\"width\":1000,\"height\":667},{\"@type\":\"BreadcrumbList\",\"@id\":\"https:\\\/\\\/forotf.com\\\/curso\\\/prevencion-de-riesgos-laborales-en-el-sector-sociosanitario-basico-prl-30h\\\/#breadcrumb\",\"itemListElement\":[{\"@type\":\"ListItem\",\"position\":1,\"name\":\"Inicio\",\"item\":\"https:\\\/\\\/forotf.com\\\/\"},{\"@type\":\"ListItem\",\"position\":2,\"name\":\"Cursos\",\"item\":\"https:\\\/\\\/forotf.com\\\/cursos\\\/\"},{\"@type\":\"ListItem\",\"position\":3,\"name\":\"Programado\",\"item\":\"http:\\\/\\\/forotf.com\\\/pt\\\/product-category\\\/programado\\\/\"},{\"@type\":\"ListItem\",\"position\":4,\"name\":\"Prevenci\u00f3n de riesgos laborales en el sector sociosanitario &#8211; B\u00e1sico (PRL 30h)\"}]},{\"@type\":\"WebSite\",\"@id\":\"http:\\\/\\\/forotf.com\\\/pt\\\/#website\",\"url\":\"http:\\\/\\\/forotf.com\\\/pt\\\/\",\"name\":\"Foro T\u00e9cnico de Formaci\u00f3n\",\"description\":\"Formaci\u00f3n para Empresas\",\"publisher\":{\"@id\":\"http:\\\/\\\/forotf.com\\\/pt\\\/#organization\"},\"alternateName\":\"FTF\",\"potentialAction\":[{\"@type\":\"SearchAction\",\"target\":{\"@type\":\"EntryPoint\",\"urlTemplate\":\"http:\\\/\\\/forotf.com\\\/pt\\\/?s={search_term_string}\"},\"query-input\":{\"@type\":\"PropertyValueSpecification\",\"valueRequired\":true,\"valueName\":\"search_term_string\"}}],\"inLanguage\":\"pt-BR\"},{\"@type\":\"Organization\",\"@id\":\"http:\\\/\\\/forotf.com\\\/pt\\\/#organization\",\"name\":\"Foro T\u00e9cnico de Formaci\u00f3n\",\"alternateName\":\"FTF\",\"url\":\"http:\\\/\\\/forotf.com\\\/pt\\\/\",\"logo\":{\"@type\":\"ImageObject\",\"inLanguage\":\"pt-BR\",\"@id\":\"http:\\\/\\\/forotf.com\\\/pt\\\/#\\\/schema\\\/logo\\\/image\\\/\",\"url\":\"https:\\\/\\\/forotf.com\\\/wp-content\\\/uploads\\\/2024\\\/02\\\/Oficial-Logo-FTF-Color.svg\",\"contentUrl\":\"https:\\\/\\\/forotf.com\\\/wp-content\\\/uploads\\\/2024\\\/02\\\/Oficial-Logo-FTF-Color.svg\",\"width\":794,\"height\":212,\"caption\":\"Foro T\u00e9cnico de Formaci\u00f3n\"},\"image\":{\"@id\":\"http:\\\/\\\/forotf.com\\\/pt\\\/#\\\/schema\\\/logo\\\/image\\\/\"},\"sameAs\":[\"https:\\\/\\\/es-es.facebook.com\\\/forotf\\\/\",\"https:\\\/\\\/www.instagram.com\\\/ftformacion\\\/?igshid=MWZjMTM2ODFkZg==\",\"https:\\\/\\\/www.linkedin.com\\\/company\\\/foro-tecnico-de-formacion\\\/?originalSubdomain=es\",\"https:\\\/\\\/www.youtube.com\\\/channel\\\/UCTzzsDUdLaZtfAGiP_ipLIg\"]}]}<\/script>\n<!-- \/ Yoast SEO plugin. -->","yoast_head_json":{"title":"Prevenci\u00f3n de riesgos laborales en el sector sociosanitario - B\u00e1sico","description":"Adquiere los conocimientos y habilidades para prevenir riesgos laborales, tanto generales como espec\u00edficos del sector sociosanitario","robots":{"index":"index","follow":"follow","max-snippet":"max-snippet:-1","max-image-preview":"max-image-preview:large","max-video-preview":"max-video-preview:-1"},"canonical":"https:\/\/forotf.com\/pt\/curso\/prevencion-de-riesgos-laborales-en-el-sector-sociosanitario-basico-prl-30h\/","og_locale":"pt_BR","og_type":"article","og_title":"Prevenci\u00f3n de riesgos laborales en el sector sociosanitario - B\u00e1sico","og_description":"Adquiere los conocimientos y habilidades para prevenir riesgos laborales, tanto generales como espec\u00edficos del sector sociosanitario","og_url":"https:\/\/forotf.com\/pt\/curso\/prevencion-de-riesgos-laborales-en-el-sector-sociosanitario-basico-prl-30h\/","og_site_name":"Foro T\u00e9cnico de Formaci\u00f3n","article_publisher":"https:\/\/es-es.facebook.com\/forotf\/","article_modified_time":"2026-03-31T08:05:31+00:00","og_image":[{"width":1000,"height":667,"url":"https:\/\/forotf.com\/wp-content\/uploads\/2024\/02\/Prevencion-riesgos-laborales-Sociosanitarios.jpg","type":"image\/jpeg"}],"twitter_card":"summary_large_image","schema":{"@context":"https:\/\/schema.org","@graph":[{"@type":"WebPage","@id":"https:\/\/forotf.com\/curso\/prevencion-de-riesgos-laborales-en-el-sector-sociosanitario-basico-prl-30h\/","url":"https:\/\/forotf.com\/curso\/prevencion-de-riesgos-laborales-en-el-sector-sociosanitario-basico-prl-30h\/","name":"Prevenci\u00f3n de riesgos laborales en el sector sociosanitario - B\u00e1sico","isPartOf":{"@id":"http:\/\/forotf.com\/pt\/#website"},"primaryImageOfPage":{"@id":"https:\/\/forotf.com\/curso\/prevencion-de-riesgos-laborales-en-el-sector-sociosanitario-basico-prl-30h\/#primaryimage"},"image":{"@id":"https:\/\/forotf.com\/curso\/prevencion-de-riesgos-laborales-en-el-sector-sociosanitario-basico-prl-30h\/#primaryimage"},"thumbnailUrl":"https:\/\/forotf.com\/wp-content\/uploads\/2024\/02\/Prevencion-riesgos-laborales-Sociosanitarios.jpg","datePublished":"2025-04-09T08:31:49+00:00","dateModified":"2026-03-31T08:05:31+00:00","description":"Adquiere los conocimientos y habilidades para prevenir riesgos laborales, tanto generales como espec\u00edficos del sector sociosanitario","breadcrumb":{"@id":"https:\/\/forotf.com\/curso\/prevencion-de-riesgos-laborales-en-el-sector-sociosanitario-basico-prl-30h\/#breadcrumb"},"inLanguage":"pt-BR","potentialAction":[{"@type":"ReadAction","target":["https:\/\/forotf.com\/curso\/prevencion-de-riesgos-laborales-en-el-sector-sociosanitario-basico-prl-30h\/"]}]},{"@type":"ImageObject","inLanguage":"pt-BR","@id":"https:\/\/forotf.com\/curso\/prevencion-de-riesgos-laborales-en-el-sector-sociosanitario-basico-prl-30h\/#primaryimage","url":"https:\/\/forotf.com\/wp-content\/uploads\/2024\/02\/Prevencion-riesgos-laborales-Sociosanitarios.jpg","contentUrl":"https:\/\/forotf.com\/wp-content\/uploads\/2024\/02\/Prevencion-riesgos-laborales-Sociosanitarios.jpg","width":1000,"height":667},{"@type":"BreadcrumbList","@id":"https:\/\/forotf.com\/curso\/prevencion-de-riesgos-laborales-en-el-sector-sociosanitario-basico-prl-30h\/#breadcrumb","itemListElement":[{"@type":"ListItem","position":1,"name":"Inicio","item":"https:\/\/forotf.com\/"},{"@type":"ListItem","position":2,"name":"Cursos","item":"https:\/\/forotf.com\/cursos\/"},{"@type":"ListItem","position":3,"name":"Programado","item":"http:\/\/forotf.com\/pt\/product-category\/programado\/"},{"@type":"ListItem","position":4,"name":"Prevenci\u00f3n de riesgos laborales en el sector sociosanitario &#8211; B\u00e1sico (PRL 30h)"}]},{"@type":"WebSite","@id":"http:\/\/forotf.com\/pt\/#website","url":"http:\/\/forotf.com\/pt\/","name":"F\u00f3rum de Treinamento T\u00e9cnico","description":"Treinamento para Empresas","publisher":{"@id":"http:\/\/forotf.com\/pt\/#organization"},"alternateName":"FTF","potentialAction":[{"@type":"SearchAction","target":{"@type":"EntryPoint","urlTemplate":"http:\/\/forotf.com\/pt\/?s={search_term_string}"},"query-input":{"@type":"PropertyValueSpecification","valueRequired":true,"valueName":"search_term_string"}}],"inLanguage":"pt-BR"},{"@type":"Organization","@id":"http:\/\/forotf.com\/pt\/#organization","name":"F\u00f3rum de Treinamento T\u00e9cnico","alternateName":"FTF","url":"http:\/\/forotf.com\/pt\/","logo":{"@type":"ImageObject","inLanguage":"pt-BR","@id":"http:\/\/forotf.com\/pt\/#\/schema\/logo\/image\/","url":"https:\/\/forotf.com\/wp-content\/uploads\/2024\/02\/Oficial-Logo-FTF-Color.svg","contentUrl":"https:\/\/forotf.com\/wp-content\/uploads\/2024\/02\/Oficial-Logo-FTF-Color.svg","width":794,"height":212,"caption":"Foro T\u00e9cnico de Formaci\u00f3n"},"image":{"@id":"http:\/\/forotf.com\/pt\/#\/schema\/logo\/image\/"},"sameAs":["https:\/\/es-es.facebook.com\/forotf\/","https:\/\/www.instagram.com\/ftformacion\/?igshid=MWZjMTM2ODFkZg==","https:\/\/www.linkedin.com\/company\/foro-tecnico-de-formacion\/?originalSubdomain=es","https:\/\/www.youtube.com\/channel\/UCTzzsDUdLaZtfAGiP_ipLIg"]}]}},"publishpress_future_workflow_manual_trigger":{"enabledWorkflows":[]},"_links":{"self":[{"href":"https:\/\/forotf.com\/pt\/wp-json\/wp\/v2\/product\/6986","targetHints":{"allow":["GET"]}}],"collection":[{"href":"https:\/\/forotf.com\/pt\/wp-json\/wp\/v2\/product"}],"about":[{"href":"https:\/\/forotf.com\/pt\/wp-json\/wp\/v2\/types\/product"}],"replies":[{"embeddable":true,"href":"https:\/\/forotf.com\/pt\/wp-json\/wp\/v2\/comments?post=6986"}],"wp:featuredmedia":[{"embeddable":true,"href":"https:\/\/forotf.com\/pt\/wp-json\/wp\/v2\/media\/1843"}],"wp:attachment":[{"href":"https:\/\/forotf.com\/pt\/wp-json\/wp\/v2\/media?parent=6986"}],"wp:term":[{"taxonomy":"product_brand","embeddable":true,"href":"https:\/\/forotf.com\/pt\/wp-json\/wp\/v2\/product_brand?post=6986"},{"taxonomy":"product_cat","embeddable":true,"href":"https:\/\/forotf.com\/pt\/wp-json\/wp\/v2\/product_cat?post=6986"},{"taxonomy":"product_tag","embeddable":true,"href":"https:\/\/forotf.com\/pt\/wp-json\/wp\/v2\/product_tag?post=6986"}],"curies":[{"name":"wp","href":"https:\/\/api.w.org\/{rel}","templated":true}]}}