{"id":6909,"date":"2025-03-19T10:21:57","date_gmt":"2025-03-19T10:21:57","guid":{"rendered":"https:\/\/forotf.com\/?post_type=product&#038;p=6909"},"modified":"2025-05-27T09:21:43","modified_gmt":"2025-05-27T09:21:43","slug":"mantenimiento-de-vehiculos-de-transporte-de-usuarios-y-primeros-auxilios","status":"publish","type":"product","link":"https:\/\/forotf.com\/pt\/curso\/mantenimiento-de-vehiculos-de-transporte-de-usuarios-y-primeros-auxilios\/","title":{"rendered":"Mantenimiento de veh\u00edculos de transporte de usuarios y primeros auxilios"},"content":{"rendered":"<p>El curso \u00abMantenimiento de veh\u00edculos de transporte de usuarios y primeros auxilios\u00bb est\u00e1 dise\u00f1ado para capacitar a los profesionales del transporte sanitario en la prestaci\u00f3n de una atenci\u00f3n de calidad basada en el modelo de Atenci\u00f3n Centrada en la Persona (ACP). Se abordar\u00e1n estrategias para garantizar el bienestar de los usuarios durante el servicio, incluyendo la actuaci\u00f3n ante emergencias y primeros auxilios en ruta. Adem\u00e1s, se ofrecer\u00e1n conocimientos clave sobre mantenimiento b\u00e1sico del veh\u00edculo y resoluci\u00f3n de incidencias mec\u00e1nicas, asegurando un transporte seguro y eficiente.<\/p>\n<p><strong>Las sesiones presenciales son: 03, 10, 17 y 24 de Junio 2025 de 10:00h a 13:00h.<\/strong><\/p>","protected":false},"excerpt":{"rendered":"<p>Capacitaci\u00f3n en atenci\u00f3n sociosanitaria en ruta, primeros auxilios y mantenimiento b\u00e1sico de veh\u00edculos de transporte de usuarios, con enfoque en el modelo ACP y buenas pr\u00e1cticas.<\/p>\n<p><strong>Las sesiones presenciales son: 04, 11, 18 y 25 de Junio 2025 de 10:00h a 13:00h.<\/strong><\/p>","protected":false},"featured_media":6910,"comment_status":"closed","ping_status":"closed","template":"","meta":{"codigo-servicio":"203-A","costo-gestion":"18.88"},"product_brand":[],"product_cat":[15],"product_tag":[],"class_list":{"0":"post-6909","1":"product","2":"type-product","3":"status-publish","4":"has-post-thumbnail","6":"product_cat-uncategorized","8":"first","9":"instock","10":"shipping-taxable","11":"purchasable","12":"product-type-simple"},"pp_statuses_selecting_workflow":false,"pp_workflow_action":"current","pp_status_selection":"publish","yoast_head":"<!-- This site is optimized with the Yoast SEO plugin v27.4 - https:\/\/yoast.com\/product\/yoast-seo-wordpress\/ -->\n<title>Curso de Mantenimiento de veh\u00edculos de transporte de usuarios y primeros auxilios | Foro T\u00e9cnico de Formaci\u00f3n<\/title>\n<meta name=\"description\" content=\"Potencia tu conocimiento con nuestro curso Mantenimiento de veh\u00edculos de transporte de usuarios y primeros auxilios. Descubre, aprende y crece con Foro T\u00e9cnico de Formaci\u00f3n.\" \/>\n<meta name=\"robots\" content=\"index, follow, max-snippet:-1, max-image-preview:large, max-video-preview:-1\" \/>\n<link rel=\"canonical\" href=\"http:\/\/forotf.com\/pt\/curso\/mantenimiento-de-vehiculos-de-transporte-de-usuarios-y-primeros-auxilios\/\" \/>\n<meta property=\"og:locale\" content=\"pt_BR\" \/>\n<meta property=\"og:type\" content=\"article\" \/>\n<meta property=\"og:title\" content=\"Curso de Mantenimiento de veh\u00edculos de transporte de usuarios y primeros auxilios | Foro T\u00e9cnico de Formaci\u00f3n\" \/>\n<meta property=\"og:description\" content=\"Potencia tu conocimiento con nuestro curso Mantenimiento de veh\u00edculos de transporte de usuarios y primeros auxilios. Descubre, aprende y crece con Foro T\u00e9cnico de Formaci\u00f3n.\" \/>\n<meta property=\"og:url\" content=\"http:\/\/forotf.com\/pt\/curso\/mantenimiento-de-vehiculos-de-transporte-de-usuarios-y-primeros-auxilios\/\" \/>\n<meta property=\"og:site_name\" content=\"Foro T\u00e9cnico de Formaci\u00f3n\" \/>\n<meta property=\"article:publisher\" content=\"https:\/\/es-es.facebook.com\/forotf\/\" \/>\n<meta property=\"article:modified_time\" content=\"2025-05-27T09:21:43+00:00\" \/>\n<meta property=\"og:image\" content=\"http:\/\/forotf.com\/wp-content\/uploads\/2025\/03\/paramedics-work-with-ambulance1-scaled.jpg\" \/>\n\t<meta property=\"og:image:width\" content=\"2560\" \/>\n\t<meta property=\"og:image:height\" content=\"1707\" \/>\n\t<meta property=\"og:image:type\" content=\"image\/jpeg\" \/>\n<meta name=\"twitter:card\" content=\"summary_large_image\" \/>\n<script type=\"application\/ld+json\" class=\"yoast-schema-graph\">{\"@context\":\"https:\\\/\\\/schema.org\",\"@graph\":[{\"@type\":\"WebPage\",\"@id\":\"http:\\\/\\\/forotf.com\\\/curso\\\/mantenimiento-de-vehiculos-de-transporte-de-usuarios-y-primeros-auxilios\\\/\",\"url\":\"http:\\\/\\\/forotf.com\\\/curso\\\/mantenimiento-de-vehiculos-de-transporte-de-usuarios-y-primeros-auxilios\\\/\",\"name\":\"Curso de Mantenimiento de veh\u00edculos de transporte de usuarios y primeros auxilios | Foro T\u00e9cnico de Formaci\u00f3n\",\"isPartOf\":{\"@id\":\"http:\\\/\\\/forotf.com\\\/pt\\\/#website\"},\"primaryImageOfPage\":{\"@id\":\"http:\\\/\\\/forotf.com\\\/curso\\\/mantenimiento-de-vehiculos-de-transporte-de-usuarios-y-primeros-auxilios\\\/#primaryimage\"},\"image\":{\"@id\":\"http:\\\/\\\/forotf.com\\\/curso\\\/mantenimiento-de-vehiculos-de-transporte-de-usuarios-y-primeros-auxilios\\\/#primaryimage\"},\"thumbnailUrl\":\"https:\\\/\\\/forotf.com\\\/wp-content\\\/uploads\\\/2025\\\/03\\\/paramedics-work-with-ambulance1-scaled.jpg\",\"datePublished\":\"2025-03-19T10:21:57+00:00\",\"dateModified\":\"2025-05-27T09:21:43+00:00\",\"description\":\"Potencia tu conocimiento con nuestro curso Mantenimiento de veh\u00edculos de transporte de usuarios y primeros auxilios. Descubre, aprende y crece con Foro T\u00e9cnico de Formaci\u00f3n.\",\"breadcrumb\":{\"@id\":\"http:\\\/\\\/forotf.com\\\/curso\\\/mantenimiento-de-vehiculos-de-transporte-de-usuarios-y-primeros-auxilios\\\/#breadcrumb\"},\"inLanguage\":\"pt-BR\",\"potentialAction\":[{\"@type\":\"ReadAction\",\"target\":[\"http:\\\/\\\/forotf.com\\\/curso\\\/mantenimiento-de-vehiculos-de-transporte-de-usuarios-y-primeros-auxilios\\\/\"]}]},{\"@type\":\"ImageObject\",\"inLanguage\":\"pt-BR\",\"@id\":\"http:\\\/\\\/forotf.com\\\/curso\\\/mantenimiento-de-vehiculos-de-transporte-de-usuarios-y-primeros-auxilios\\\/#primaryimage\",\"url\":\"https:\\\/\\\/forotf.com\\\/wp-content\\\/uploads\\\/2025\\\/03\\\/paramedics-work-with-ambulance1-scaled.jpg\",\"contentUrl\":\"https:\\\/\\\/forotf.com\\\/wp-content\\\/uploads\\\/2025\\\/03\\\/paramedics-work-with-ambulance1-scaled.jpg\",\"width\":2560,\"height\":1707},{\"@type\":\"BreadcrumbList\",\"@id\":\"http:\\\/\\\/forotf.com\\\/curso\\\/mantenimiento-de-vehiculos-de-transporte-de-usuarios-y-primeros-auxilios\\\/#breadcrumb\",\"itemListElement\":[{\"@type\":\"ListItem\",\"position\":1,\"name\":\"Inicio\",\"item\":\"https:\\\/\\\/forotf.com\\\/\"},{\"@type\":\"ListItem\",\"position\":2,\"name\":\"Cursos\",\"item\":\"https:\\\/\\\/forotf.com\\\/cursos\\\/\"},{\"@type\":\"ListItem\",\"position\":3,\"name\":\"Uncategorized\",\"item\":\"http:\\\/\\\/forotf.com\\\/pt\\\/product-category\\\/uncategorized\\\/\"},{\"@type\":\"ListItem\",\"position\":4,\"name\":\"Mantenimiento de veh\u00edculos de transporte de usuarios y primeros auxilios\"}]},{\"@type\":\"WebSite\",\"@id\":\"http:\\\/\\\/forotf.com\\\/pt\\\/#website\",\"url\":\"http:\\\/\\\/forotf.com\\\/pt\\\/\",\"name\":\"Foro T\u00e9cnico de Formaci\u00f3n\",\"description\":\"Formaci\u00f3n para Empresas\",\"publisher\":{\"@id\":\"http:\\\/\\\/forotf.com\\\/pt\\\/#organization\"},\"alternateName\":\"FTF\",\"potentialAction\":[{\"@type\":\"SearchAction\",\"target\":{\"@type\":\"EntryPoint\",\"urlTemplate\":\"http:\\\/\\\/forotf.com\\\/pt\\\/?s={search_term_string}\"},\"query-input\":{\"@type\":\"PropertyValueSpecification\",\"valueRequired\":true,\"valueName\":\"search_term_string\"}}],\"inLanguage\":\"pt-BR\"},{\"@type\":\"Organization\",\"@id\":\"http:\\\/\\\/forotf.com\\\/pt\\\/#organization\",\"name\":\"Foro T\u00e9cnico de Formaci\u00f3n\",\"alternateName\":\"FTF\",\"url\":\"http:\\\/\\\/forotf.com\\\/pt\\\/\",\"logo\":{\"@type\":\"ImageObject\",\"inLanguage\":\"pt-BR\",\"@id\":\"http:\\\/\\\/forotf.com\\\/pt\\\/#\\\/schema\\\/logo\\\/image\\\/\",\"url\":\"https:\\\/\\\/forotf.com\\\/wp-content\\\/uploads\\\/2024\\\/02\\\/Oficial-Logo-FTF-Color.svg\",\"contentUrl\":\"https:\\\/\\\/forotf.com\\\/wp-content\\\/uploads\\\/2024\\\/02\\\/Oficial-Logo-FTF-Color.svg\",\"width\":794,\"height\":212,\"caption\":\"Foro T\u00e9cnico de Formaci\u00f3n\"},\"image\":{\"@id\":\"http:\\\/\\\/forotf.com\\\/pt\\\/#\\\/schema\\\/logo\\\/image\\\/\"},\"sameAs\":[\"https:\\\/\\\/es-es.facebook.com\\\/forotf\\\/\",\"https:\\\/\\\/www.instagram.com\\\/ftformacion\\\/?igshid=MWZjMTM2ODFkZg==\",\"https:\\\/\\\/www.linkedin.com\\\/company\\\/foro-tecnico-de-formacion\\\/?originalSubdomain=es\",\"https:\\\/\\\/www.youtube.com\\\/channel\\\/UCTzzsDUdLaZtfAGiP_ipLIg\"]}]}<\/script>\n<!-- \/ Yoast SEO plugin. -->","yoast_head_json":{"title":"Curso de Mantenimiento de veh\u00edculos de transporte de usuarios y primeros auxilios | Foro T\u00e9cnico de Formaci\u00f3n","description":"Potencia tu conocimiento con nuestro curso Mantenimiento de veh\u00edculos de transporte de usuarios y primeros auxilios. Descubre, aprende y crece con Foro T\u00e9cnico de Formaci\u00f3n.","robots":{"index":"index","follow":"follow","max-snippet":"max-snippet:-1","max-image-preview":"max-image-preview:large","max-video-preview":"max-video-preview:-1"},"canonical":"http:\/\/forotf.com\/pt\/curso\/mantenimiento-de-vehiculos-de-transporte-de-usuarios-y-primeros-auxilios\/","og_locale":"pt_BR","og_type":"article","og_title":"Curso de Mantenimiento de veh\u00edculos de transporte de usuarios y primeros auxilios | Foro T\u00e9cnico de Formaci\u00f3n","og_description":"Potencia tu conocimiento con nuestro curso Mantenimiento de veh\u00edculos de transporte de usuarios y primeros auxilios. Descubre, aprende y crece con Foro T\u00e9cnico de Formaci\u00f3n.","og_url":"http:\/\/forotf.com\/pt\/curso\/mantenimiento-de-vehiculos-de-transporte-de-usuarios-y-primeros-auxilios\/","og_site_name":"Foro T\u00e9cnico de Formaci\u00f3n","article_publisher":"https:\/\/es-es.facebook.com\/forotf\/","article_modified_time":"2025-05-27T09:21:43+00:00","og_image":[{"width":2560,"height":1707,"url":"http:\/\/forotf.com\/wp-content\/uploads\/2025\/03\/paramedics-work-with-ambulance1-scaled.jpg","type":"image\/jpeg"}],"twitter_card":"summary_large_image","schema":{"@context":"https:\/\/schema.org","@graph":[{"@type":"WebPage","@id":"http:\/\/forotf.com\/curso\/mantenimiento-de-vehiculos-de-transporte-de-usuarios-y-primeros-auxilios\/","url":"http:\/\/forotf.com\/curso\/mantenimiento-de-vehiculos-de-transporte-de-usuarios-y-primeros-auxilios\/","name":"Curso de Mantenimiento de veh\u00edculos de transporte de usuarios y primeros auxilios | Foro T\u00e9cnico de Formaci\u00f3n","isPartOf":{"@id":"http:\/\/forotf.com\/pt\/#website"},"primaryImageOfPage":{"@id":"http:\/\/forotf.com\/curso\/mantenimiento-de-vehiculos-de-transporte-de-usuarios-y-primeros-auxilios\/#primaryimage"},"image":{"@id":"http:\/\/forotf.com\/curso\/mantenimiento-de-vehiculos-de-transporte-de-usuarios-y-primeros-auxilios\/#primaryimage"},"thumbnailUrl":"https:\/\/forotf.com\/wp-content\/uploads\/2025\/03\/paramedics-work-with-ambulance1-scaled.jpg","datePublished":"2025-03-19T10:21:57+00:00","dateModified":"2025-05-27T09:21:43+00:00","description":"Potencia tu conocimiento con nuestro curso Mantenimiento de veh\u00edculos de transporte de usuarios y primeros auxilios. Descubre, aprende y crece con Foro T\u00e9cnico de Formaci\u00f3n.","breadcrumb":{"@id":"http:\/\/forotf.com\/curso\/mantenimiento-de-vehiculos-de-transporte-de-usuarios-y-primeros-auxilios\/#breadcrumb"},"inLanguage":"pt-BR","potentialAction":[{"@type":"ReadAction","target":["http:\/\/forotf.com\/curso\/mantenimiento-de-vehiculos-de-transporte-de-usuarios-y-primeros-auxilios\/"]}]},{"@type":"ImageObject","inLanguage":"pt-BR","@id":"http:\/\/forotf.com\/curso\/mantenimiento-de-vehiculos-de-transporte-de-usuarios-y-primeros-auxilios\/#primaryimage","url":"https:\/\/forotf.com\/wp-content\/uploads\/2025\/03\/paramedics-work-with-ambulance1-scaled.jpg","contentUrl":"https:\/\/forotf.com\/wp-content\/uploads\/2025\/03\/paramedics-work-with-ambulance1-scaled.jpg","width":2560,"height":1707},{"@type":"BreadcrumbList","@id":"http:\/\/forotf.com\/curso\/mantenimiento-de-vehiculos-de-transporte-de-usuarios-y-primeros-auxilios\/#breadcrumb","itemListElement":[{"@type":"ListItem","position":1,"name":"Inicio","item":"https:\/\/forotf.com\/"},{"@type":"ListItem","position":2,"name":"Cursos","item":"https:\/\/forotf.com\/cursos\/"},{"@type":"ListItem","position":3,"name":"Uncategorized","item":"http:\/\/forotf.com\/pt\/product-category\/uncategorized\/"},{"@type":"ListItem","position":4,"name":"Mantenimiento de veh\u00edculos de transporte de usuarios y primeros auxilios"}]},{"@type":"WebSite","@id":"http:\/\/forotf.com\/pt\/#website","url":"http:\/\/forotf.com\/pt\/","name":"F\u00f3rum de Treinamento T\u00e9cnico","description":"Treinamento para Empresas","publisher":{"@id":"http:\/\/forotf.com\/pt\/#organization"},"alternateName":"FTF","potentialAction":[{"@type":"SearchAction","target":{"@type":"EntryPoint","urlTemplate":"http:\/\/forotf.com\/pt\/?s={search_term_string}"},"query-input":{"@type":"PropertyValueSpecification","valueRequired":true,"valueName":"search_term_string"}}],"inLanguage":"pt-BR"},{"@type":"Organization","@id":"http:\/\/forotf.com\/pt\/#organization","name":"F\u00f3rum de Treinamento T\u00e9cnico","alternateName":"FTF","url":"http:\/\/forotf.com\/pt\/","logo":{"@type":"ImageObject","inLanguage":"pt-BR","@id":"http:\/\/forotf.com\/pt\/#\/schema\/logo\/image\/","url":"https:\/\/forotf.com\/wp-content\/uploads\/2024\/02\/Oficial-Logo-FTF-Color.svg","contentUrl":"https:\/\/forotf.com\/wp-content\/uploads\/2024\/02\/Oficial-Logo-FTF-Color.svg","width":794,"height":212,"caption":"Foro T\u00e9cnico de Formaci\u00f3n"},"image":{"@id":"http:\/\/forotf.com\/pt\/#\/schema\/logo\/image\/"},"sameAs":["https:\/\/es-es.facebook.com\/forotf\/","https:\/\/www.instagram.com\/ftformacion\/?igshid=MWZjMTM2ODFkZg==","https:\/\/www.linkedin.com\/company\/foro-tecnico-de-formacion\/?originalSubdomain=es","https:\/\/www.youtube.com\/channel\/UCTzzsDUdLaZtfAGiP_ipLIg"]}]}},"publishpress_future_workflow_manual_trigger":{"enabledWorkflows":[]},"_links":{"self":[{"href":"https:\/\/forotf.com\/pt\/wp-json\/wp\/v2\/product\/6909","targetHints":{"allow":["GET"]}}],"collection":[{"href":"https:\/\/forotf.com\/pt\/wp-json\/wp\/v2\/product"}],"about":[{"href":"https:\/\/forotf.com\/pt\/wp-json\/wp\/v2\/types\/product"}],"replies":[{"embeddable":true,"href":"https:\/\/forotf.com\/pt\/wp-json\/wp\/v2\/comments?post=6909"}],"wp:featuredmedia":[{"embeddable":true,"href":"https:\/\/forotf.com\/pt\/wp-json\/wp\/v2\/media\/6910"}],"wp:attachment":[{"href":"https:\/\/forotf.com\/pt\/wp-json\/wp\/v2\/media?parent=6909"}],"wp:term":[{"taxonomy":"product_brand","embeddable":true,"href":"https:\/\/forotf.com\/pt\/wp-json\/wp\/v2\/product_brand?post=6909"},{"taxonomy":"product_cat","embeddable":true,"href":"https:\/\/forotf.com\/pt\/wp-json\/wp\/v2\/product_cat?post=6909"},{"taxonomy":"product_tag","embeddable":true,"href":"https:\/\/forotf.com\/pt\/wp-json\/wp\/v2\/product_tag?post=6909"}],"curies":[{"name":"wp","href":"https:\/\/api.w.org\/{rel}","templated":true}]}}