{"id":6861,"date":"2025-03-05T15:08:20","date_gmt":"2025-03-05T15:08:20","guid":{"rendered":"https:\/\/forotf.com\/?post_type=product&#038;p=6861"},"modified":"2025-11-07T09:44:17","modified_gmt":"2025-11-07T09:44:17","slug":"habilidades-para-un-nuevo-liderazgo","status":"publish","type":"product","link":"https:\/\/forotf.com\/pt\/curso\/habilidades-para-un-nuevo-liderazgo\/","title":{"rendered":"Habilidades para un nuevo liderazgo"},"content":{"rendered":"<p><strong> Madrid: Foro T\u00e9cnico de Formaci\u00f3n (Calle de Iriarte, 1, Bajo, 28028) \u2013 19 y 20 de noviembre.<\/strong><\/p>\n<p><strong>De 9:00h a 14:00h y de 15:00h a 18:00h<\/strong><\/p>\n<p>Importe m\u00e1ximo de bonificaci\u00f3n 208\u20ac.<\/p>\n<p>&nbsp;<\/p>","protected":false},"excerpt":{"rendered":"<p>En el sector sociosanitario, el liderazgo ya no es solo una cuesti\u00f3n de gesti\u00f3n, sino de visi\u00f3n, inspiraci\u00f3n e innovaci\u00f3n.<\/p>\n<p>Foro T\u00e9cnico de Formaci\u00f3n y <strong><a href=\"https:\/\/granedad.com\/\" target=\"_blank\" rel=\"noopener\">Gran3Edad<\/a><\/strong> unen su amistad y su expertise para ofrecer el programa HABILIDADES PARA UN NUEVO LIDERAZGO como formaci\u00f3n definitiva para quienes buscan dejar atr\u00e1s los modelos tradicionales y adoptar un liderazgo transformador, basado en estrategia, conexi\u00f3n y creatividad.<\/p>\n<p>Nuestra propuesta metodol\u00f3gica garantiza el m\u00e1ximo impacto ya que se basa en pedagog\u00edas activas y participativas a partir de un enfoque de aprendizaje constructivo y significativo que sit\u00faa al alumnado en el centro del dise\u00f1o e impulsa la transferencia inmediata del conocimiento en la acci\u00f3n.<\/p>\n<p>Importe m\u00e1ximo de bonificaci\u00f3n 208\u20ac.<\/p>\n<p><img decoding=\"async\" class=\"alignnone size-medium wp-image-7013\" src=\"http:\/\/forotf.com\/wp-content\/uploads\/2025\/03\/Group-2-1-300x45.webp\" alt=\"\" width=\"300\" height=\"45\" srcset=\"https:\/\/forotf.com\/wp-content\/uploads\/2025\/03\/Group-2-1-300x45.webp 300w, https:\/\/forotf.com\/wp-content\/uploads\/2025\/03\/Group-2-1-18x3.webp 18w, https:\/\/forotf.com\/wp-content\/uploads\/2025\/03\/Group-2-1-600x89.webp 600w, https:\/\/forotf.com\/wp-content\/uploads\/2025\/03\/Group-2-1-64x10.webp 64w, https:\/\/forotf.com\/wp-content\/uploads\/2025\/03\/Group-2-1.webp 660w\" sizes=\"(max-width: 300px) 100vw, 300px\" \/><\/p>","protected":false},"featured_media":6953,"comment_status":"closed","ping_status":"closed","template":"","meta":{"codigo-servicio":"2331-C","costo-gestion":"25.17"},"product_brand":[],"product_cat":[15],"product_tag":[],"class_list":{"0":"post-6861","1":"product","2":"type-product","3":"status-publish","4":"has-post-thumbnail","6":"product_cat-uncategorized","8":"first","9":"instock","10":"shipping-taxable","11":"purchasable","12":"product-type-simple"},"pp_statuses_selecting_workflow":false,"pp_workflow_action":"current","pp_status_selection":"publish","yoast_head":"<!-- This site is optimized with the Yoast SEO plugin v27.3 - https:\/\/yoast.com\/product\/yoast-seo-wordpress\/ -->\n<title>Curso de Habilidades para un nuevo liderazgo | Foro T\u00e9cnico de Formaci\u00f3n<\/title>\n<meta name=\"description\" content=\"Potencia tu conocimiento con nuestro curso Habilidades para un nuevo liderazgo. Descubre, aprende y crece con Foro T\u00e9cnico de Formaci\u00f3n.\" \/>\n<meta name=\"robots\" content=\"index, follow, max-snippet:-1, max-image-preview:large, max-video-preview:-1\" \/>\n<link rel=\"canonical\" href=\"https:\/\/forotf.com\/pt\/curso\/habilidades-para-un-nuevo-liderazgo\/\" \/>\n<meta property=\"og:locale\" content=\"pt_BR\" \/>\n<meta property=\"og:type\" content=\"article\" \/>\n<meta property=\"og:title\" content=\"Curso de Habilidades para un nuevo liderazgo | Foro T\u00e9cnico de Formaci\u00f3n\" \/>\n<meta property=\"og:description\" content=\"Potencia tu conocimiento con nuestro curso Habilidades para un nuevo liderazgo. Descubre, aprende y crece con Foro T\u00e9cnico de Formaci\u00f3n.\" \/>\n<meta property=\"og:url\" content=\"https:\/\/forotf.com\/pt\/curso\/habilidades-para-un-nuevo-liderazgo\/\" \/>\n<meta property=\"og:site_name\" content=\"Foro T\u00e9cnico de Formaci\u00f3n\" \/>\n<meta property=\"article:publisher\" content=\"https:\/\/es-es.facebook.com\/forotf\/\" \/>\n<meta property=\"article:modified_time\" content=\"2025-11-07T09:44:17+00:00\" \/>\n<meta property=\"og:image\" content=\"https:\/\/forotf.com\/wp-content\/uploads\/2025\/03\/Diseno-sin-titulo10.png\" \/>\n\t<meta property=\"og:image:width\" content=\"1420\" \/>\n\t<meta property=\"og:image:height\" content=\"1181\" \/>\n\t<meta property=\"og:image:type\" content=\"image\/png\" \/>\n<meta name=\"twitter:card\" content=\"summary_large_image\" \/>\n<script type=\"application\/ld+json\" class=\"yoast-schema-graph\">{\"@context\":\"https:\\\/\\\/schema.org\",\"@graph\":[{\"@type\":\"WebPage\",\"@id\":\"https:\\\/\\\/forotf.com\\\/curso\\\/habilidades-para-un-nuevo-liderazgo\\\/\",\"url\":\"https:\\\/\\\/forotf.com\\\/curso\\\/habilidades-para-un-nuevo-liderazgo\\\/\",\"name\":\"Curso de Habilidades para un nuevo liderazgo | Foro T\u00e9cnico de Formaci\u00f3n\",\"isPartOf\":{\"@id\":\"http:\\\/\\\/forotf.com\\\/pt\\\/#website\"},\"primaryImageOfPage\":{\"@id\":\"https:\\\/\\\/forotf.com\\\/curso\\\/habilidades-para-un-nuevo-liderazgo\\\/#primaryimage\"},\"image\":{\"@id\":\"https:\\\/\\\/forotf.com\\\/curso\\\/habilidades-para-un-nuevo-liderazgo\\\/#primaryimage\"},\"thumbnailUrl\":\"https:\\\/\\\/forotf.com\\\/wp-content\\\/uploads\\\/2025\\\/03\\\/Diseno-sin-titulo10.png\",\"datePublished\":\"2025-03-05T15:08:20+00:00\",\"dateModified\":\"2025-11-07T09:44:17+00:00\",\"description\":\"Potencia tu conocimiento con nuestro curso Habilidades para un nuevo liderazgo. Descubre, aprende y crece con Foro T\u00e9cnico de Formaci\u00f3n.\",\"breadcrumb\":{\"@id\":\"https:\\\/\\\/forotf.com\\\/curso\\\/habilidades-para-un-nuevo-liderazgo\\\/#breadcrumb\"},\"inLanguage\":\"pt-BR\",\"potentialAction\":[{\"@type\":\"ReadAction\",\"target\":[\"https:\\\/\\\/forotf.com\\\/curso\\\/habilidades-para-un-nuevo-liderazgo\\\/\"]}]},{\"@type\":\"ImageObject\",\"inLanguage\":\"pt-BR\",\"@id\":\"https:\\\/\\\/forotf.com\\\/curso\\\/habilidades-para-un-nuevo-liderazgo\\\/#primaryimage\",\"url\":\"https:\\\/\\\/forotf.com\\\/wp-content\\\/uploads\\\/2025\\\/03\\\/Diseno-sin-titulo10.png\",\"contentUrl\":\"https:\\\/\\\/forotf.com\\\/wp-content\\\/uploads\\\/2025\\\/03\\\/Diseno-sin-titulo10.png\",\"width\":1420,\"height\":1181},{\"@type\":\"BreadcrumbList\",\"@id\":\"https:\\\/\\\/forotf.com\\\/curso\\\/habilidades-para-un-nuevo-liderazgo\\\/#breadcrumb\",\"itemListElement\":[{\"@type\":\"ListItem\",\"position\":1,\"name\":\"Inicio\",\"item\":\"https:\\\/\\\/forotf.com\\\/\"},{\"@type\":\"ListItem\",\"position\":2,\"name\":\"Cursos\",\"item\":\"https:\\\/\\\/forotf.com\\\/cursos\\\/\"},{\"@type\":\"ListItem\",\"position\":3,\"name\":\"Uncategorized\",\"item\":\"http:\\\/\\\/forotf.com\\\/pt\\\/product-category\\\/uncategorized\\\/\"},{\"@type\":\"ListItem\",\"position\":4,\"name\":\"Habilidades para un nuevo liderazgo\"}]},{\"@type\":\"WebSite\",\"@id\":\"http:\\\/\\\/forotf.com\\\/pt\\\/#website\",\"url\":\"http:\\\/\\\/forotf.com\\\/pt\\\/\",\"name\":\"Foro T\u00e9cnico de Formaci\u00f3n\",\"description\":\"Formaci\u00f3n para Empresas\",\"publisher\":{\"@id\":\"http:\\\/\\\/forotf.com\\\/pt\\\/#organization\"},\"alternateName\":\"FTF\",\"potentialAction\":[{\"@type\":\"SearchAction\",\"target\":{\"@type\":\"EntryPoint\",\"urlTemplate\":\"http:\\\/\\\/forotf.com\\\/pt\\\/?s={search_term_string}\"},\"query-input\":{\"@type\":\"PropertyValueSpecification\",\"valueRequired\":true,\"valueName\":\"search_term_string\"}}],\"inLanguage\":\"pt-BR\"},{\"@type\":\"Organization\",\"@id\":\"http:\\\/\\\/forotf.com\\\/pt\\\/#organization\",\"name\":\"Foro T\u00e9cnico de Formaci\u00f3n\",\"alternateName\":\"FTF\",\"url\":\"http:\\\/\\\/forotf.com\\\/pt\\\/\",\"logo\":{\"@type\":\"ImageObject\",\"inLanguage\":\"pt-BR\",\"@id\":\"http:\\\/\\\/forotf.com\\\/pt\\\/#\\\/schema\\\/logo\\\/image\\\/\",\"url\":\"https:\\\/\\\/forotf.com\\\/wp-content\\\/uploads\\\/2024\\\/02\\\/Oficial-Logo-FTF-Color.svg\",\"contentUrl\":\"https:\\\/\\\/forotf.com\\\/wp-content\\\/uploads\\\/2024\\\/02\\\/Oficial-Logo-FTF-Color.svg\",\"width\":794,\"height\":212,\"caption\":\"Foro T\u00e9cnico de Formaci\u00f3n\"},\"image\":{\"@id\":\"http:\\\/\\\/forotf.com\\\/pt\\\/#\\\/schema\\\/logo\\\/image\\\/\"},\"sameAs\":[\"https:\\\/\\\/es-es.facebook.com\\\/forotf\\\/\",\"https:\\\/\\\/www.instagram.com\\\/ftformacion\\\/?igshid=MWZjMTM2ODFkZg==\",\"https:\\\/\\\/www.linkedin.com\\\/company\\\/foro-tecnico-de-formacion\\\/?originalSubdomain=es\",\"https:\\\/\\\/www.youtube.com\\\/channel\\\/UCTzzsDUdLaZtfAGiP_ipLIg\"]}]}<\/script>\n<!-- \/ Yoast SEO plugin. -->","yoast_head_json":{"title":"Curso de Habilidades para un nuevo liderazgo | Foro T\u00e9cnico de Formaci\u00f3n","description":"Potencia tu conocimiento con nuestro curso Habilidades para un nuevo liderazgo. Descubre, aprende y crece con Foro T\u00e9cnico de Formaci\u00f3n.","robots":{"index":"index","follow":"follow","max-snippet":"max-snippet:-1","max-image-preview":"max-image-preview:large","max-video-preview":"max-video-preview:-1"},"canonical":"https:\/\/forotf.com\/pt\/curso\/habilidades-para-un-nuevo-liderazgo\/","og_locale":"pt_BR","og_type":"article","og_title":"Curso de Habilidades para un nuevo liderazgo | Foro T\u00e9cnico de Formaci\u00f3n","og_description":"Potencia tu conocimiento con nuestro curso Habilidades para un nuevo liderazgo. Descubre, aprende y crece con Foro T\u00e9cnico de Formaci\u00f3n.","og_url":"https:\/\/forotf.com\/pt\/curso\/habilidades-para-un-nuevo-liderazgo\/","og_site_name":"Foro T\u00e9cnico de Formaci\u00f3n","article_publisher":"https:\/\/es-es.facebook.com\/forotf\/","article_modified_time":"2025-11-07T09:44:17+00:00","og_image":[{"width":1420,"height":1181,"url":"https:\/\/forotf.com\/wp-content\/uploads\/2025\/03\/Diseno-sin-titulo10.png","type":"image\/png"}],"twitter_card":"summary_large_image","schema":{"@context":"https:\/\/schema.org","@graph":[{"@type":"WebPage","@id":"https:\/\/forotf.com\/curso\/habilidades-para-un-nuevo-liderazgo\/","url":"https:\/\/forotf.com\/curso\/habilidades-para-un-nuevo-liderazgo\/","name":"Curso de Habilidades para un nuevo liderazgo | Foro T\u00e9cnico de Formaci\u00f3n","isPartOf":{"@id":"http:\/\/forotf.com\/pt\/#website"},"primaryImageOfPage":{"@id":"https:\/\/forotf.com\/curso\/habilidades-para-un-nuevo-liderazgo\/#primaryimage"},"image":{"@id":"https:\/\/forotf.com\/curso\/habilidades-para-un-nuevo-liderazgo\/#primaryimage"},"thumbnailUrl":"https:\/\/forotf.com\/wp-content\/uploads\/2025\/03\/Diseno-sin-titulo10.png","datePublished":"2025-03-05T15:08:20+00:00","dateModified":"2025-11-07T09:44:17+00:00","description":"Potencia tu conocimiento con nuestro curso Habilidades para un nuevo liderazgo. Descubre, aprende y crece con Foro T\u00e9cnico de Formaci\u00f3n.","breadcrumb":{"@id":"https:\/\/forotf.com\/curso\/habilidades-para-un-nuevo-liderazgo\/#breadcrumb"},"inLanguage":"pt-BR","potentialAction":[{"@type":"ReadAction","target":["https:\/\/forotf.com\/curso\/habilidades-para-un-nuevo-liderazgo\/"]}]},{"@type":"ImageObject","inLanguage":"pt-BR","@id":"https:\/\/forotf.com\/curso\/habilidades-para-un-nuevo-liderazgo\/#primaryimage","url":"https:\/\/forotf.com\/wp-content\/uploads\/2025\/03\/Diseno-sin-titulo10.png","contentUrl":"https:\/\/forotf.com\/wp-content\/uploads\/2025\/03\/Diseno-sin-titulo10.png","width":1420,"height":1181},{"@type":"BreadcrumbList","@id":"https:\/\/forotf.com\/curso\/habilidades-para-un-nuevo-liderazgo\/#breadcrumb","itemListElement":[{"@type":"ListItem","position":1,"name":"Inicio","item":"https:\/\/forotf.com\/"},{"@type":"ListItem","position":2,"name":"Cursos","item":"https:\/\/forotf.com\/cursos\/"},{"@type":"ListItem","position":3,"name":"Uncategorized","item":"http:\/\/forotf.com\/pt\/product-category\/uncategorized\/"},{"@type":"ListItem","position":4,"name":"Habilidades para un nuevo liderazgo"}]},{"@type":"WebSite","@id":"http:\/\/forotf.com\/pt\/#website","url":"http:\/\/forotf.com\/pt\/","name":"F\u00f3rum de Treinamento T\u00e9cnico","description":"Treinamento para Empresas","publisher":{"@id":"http:\/\/forotf.com\/pt\/#organization"},"alternateName":"FTF","potentialAction":[{"@type":"SearchAction","target":{"@type":"EntryPoint","urlTemplate":"http:\/\/forotf.com\/pt\/?s={search_term_string}"},"query-input":{"@type":"PropertyValueSpecification","valueRequired":true,"valueName":"search_term_string"}}],"inLanguage":"pt-BR"},{"@type":"Organization","@id":"http:\/\/forotf.com\/pt\/#organization","name":"F\u00f3rum de Treinamento T\u00e9cnico","alternateName":"FTF","url":"http:\/\/forotf.com\/pt\/","logo":{"@type":"ImageObject","inLanguage":"pt-BR","@id":"http:\/\/forotf.com\/pt\/#\/schema\/logo\/image\/","url":"https:\/\/forotf.com\/wp-content\/uploads\/2024\/02\/Oficial-Logo-FTF-Color.svg","contentUrl":"https:\/\/forotf.com\/wp-content\/uploads\/2024\/02\/Oficial-Logo-FTF-Color.svg","width":794,"height":212,"caption":"Foro T\u00e9cnico de Formaci\u00f3n"},"image":{"@id":"http:\/\/forotf.com\/pt\/#\/schema\/logo\/image\/"},"sameAs":["https:\/\/es-es.facebook.com\/forotf\/","https:\/\/www.instagram.com\/ftformacion\/?igshid=MWZjMTM2ODFkZg==","https:\/\/www.linkedin.com\/company\/foro-tecnico-de-formacion\/?originalSubdomain=es","https:\/\/www.youtube.com\/channel\/UCTzzsDUdLaZtfAGiP_ipLIg"]}]}},"publishpress_future_workflow_manual_trigger":{"enabledWorkflows":[]},"_links":{"self":[{"href":"https:\/\/forotf.com\/pt\/wp-json\/wp\/v2\/product\/6861","targetHints":{"allow":["GET"]}}],"collection":[{"href":"https:\/\/forotf.com\/pt\/wp-json\/wp\/v2\/product"}],"about":[{"href":"https:\/\/forotf.com\/pt\/wp-json\/wp\/v2\/types\/product"}],"replies":[{"embeddable":true,"href":"https:\/\/forotf.com\/pt\/wp-json\/wp\/v2\/comments?post=6861"}],"wp:featuredmedia":[{"embeddable":true,"href":"https:\/\/forotf.com\/pt\/wp-json\/wp\/v2\/media\/6953"}],"wp:attachment":[{"href":"https:\/\/forotf.com\/pt\/wp-json\/wp\/v2\/media?parent=6861"}],"wp:term":[{"taxonomy":"product_brand","embeddable":true,"href":"https:\/\/forotf.com\/pt\/wp-json\/wp\/v2\/product_brand?post=6861"},{"taxonomy":"product_cat","embeddable":true,"href":"https:\/\/forotf.com\/pt\/wp-json\/wp\/v2\/product_cat?post=6861"},{"taxonomy":"product_tag","embeddable":true,"href":"https:\/\/forotf.com\/pt\/wp-json\/wp\/v2\/product_tag?post=6861"}],"curies":[{"name":"wp","href":"https:\/\/api.w.org\/{rel}","templated":true}]}}