{"id":6846,"date":"2025-02-26T14:42:47","date_gmt":"2025-02-26T14:42:47","guid":{"rendered":"https:\/\/forotf.com\/?post_type=product&#038;p=6846"},"modified":"2025-05-13T08:10:29","modified_gmt":"2025-05-13T08:10:29","slug":"programa-de-especializacion-en-gestion-de-rrhh-en-el-sector-sociosanitario","status":"publish","type":"product","link":"https:\/\/forotf.com\/pt\/curso\/programa-de-especializacion-en-gestion-de-rrhh-en-el-sector-sociosanitario\/","title":{"rendered":"Programa de Especializaci\u00f3n en Gesti\u00f3n de RRHH en el Sector Sociosanitario"},"content":{"rendered":"<p>Este curso te proporcionar\u00e1 las habilidades directivas y t\u00e9cnicas clave para gestionar de manera estrat\u00e9gica el talento humano en el \u00e1mbito sociosanitario. Aprender\u00e1s a liderar equipos de forma efectiva, implementar estrategias que mejoren el clima laboral y optimizar los recursos humanos para lograr una mayor eficiencia operativa. Adem\u00e1s, te capacitar\u00e1s para fomentar el bienestar de los profesionales, fortalecer su desarrollo y garantizar la sostenibilidad de la organizaci\u00f3n mediante una gesti\u00f3n innovadora y centrada en las personas.<\/p>\n<p><strong>Precio m\u00e1ximo de bonificaci\u00f3n: 390\u20ac<\/strong><\/p>\n<p><strong>El curso se imparte en modalidad presencial por videoconferencia los d\u00edas 6, 13, 20 y 27 de mayo; 2, 11, 17 y 24 de junio; y 1 y 8 de julio.<\/strong><\/p>\n<p><span data-teams=\"true\">\u00a0<\/span><\/p>","protected":false},"excerpt":{"rendered":"<p>Desarrollar\u00e1s las competencias directivas y t\u00e9cnicas necesarias para gestionar de manera estrat\u00e9gica el talento humano en el sector sociosanitario, promoviendo la excelencia operativa, el bienestar laboral y la sostenibilidad organizativa.<\/p>\n<p><strong>Precio m\u00e1ximo de bonificaci\u00f3n: 390\u20ac<\/strong><\/p>\n<p><strong>El curso se imparte en modalidad presencial por videoconferencia los d\u00edas 6, 13, 20 y 27 de mayo; 2, 11, 17 y 24 de junio; y 1 y 8 de julio.<\/strong><\/p>","protected":false},"featured_media":6848,"comment_status":"closed","ping_status":"closed","template":"","meta":{"codigo-servicio":"2331-B","costo-gestion":"47.19"},"product_brand":[],"product_cat":[15],"product_tag":[],"class_list":{"0":"post-6846","1":"product","2":"type-product","3":"status-publish","4":"has-post-thumbnail","6":"product_cat-uncategorized","8":"first","9":"instock","10":"shipping-taxable","11":"purchasable","12":"product-type-simple"},"pp_statuses_selecting_workflow":false,"pp_workflow_action":"current","pp_status_selection":"publish","yoast_head":"<!-- This site is optimized with the Yoast SEO plugin v27.3 - https:\/\/yoast.com\/product\/yoast-seo-wordpress\/ -->\n<title>Curso de Programa de Especializaci\u00f3n en Gesti\u00f3n de RRHH en el Sector Sociosanitario | Foro T\u00e9cnico de Formaci\u00f3n<\/title>\n<meta name=\"description\" content=\"Potencia tu conocimiento con nuestro curso Programa de Especializaci\u00f3n en Gesti\u00f3n de RRHH en el Sector Sociosanitario. Descubre, aprende y crece con Foro T\u00e9cnico de Formaci\u00f3n.\" \/>\n<meta name=\"robots\" content=\"index, follow, max-snippet:-1, max-image-preview:large, max-video-preview:-1\" \/>\n<link rel=\"canonical\" href=\"http:\/\/forotf.com\/pt\/curso\/programa-de-especializacion-en-gestion-de-rrhh-en-el-sector-sociosanitario\/\" \/>\n<meta property=\"og:locale\" content=\"pt_BR\" \/>\n<meta property=\"og:type\" content=\"article\" \/>\n<meta property=\"og:title\" content=\"Curso de Programa de Especializaci\u00f3n en Gesti\u00f3n de RRHH en el Sector Sociosanitario | Foro T\u00e9cnico de Formaci\u00f3n\" \/>\n<meta property=\"og:description\" content=\"Potencia tu conocimiento con nuestro curso Programa de Especializaci\u00f3n en Gesti\u00f3n de RRHH en el Sector Sociosanitario. Descubre, aprende y crece con Foro T\u00e9cnico de Formaci\u00f3n.\" \/>\n<meta property=\"og:url\" content=\"http:\/\/forotf.com\/pt\/curso\/programa-de-especializacion-en-gestion-de-rrhh-en-el-sector-sociosanitario\/\" \/>\n<meta property=\"og:site_name\" content=\"Foro T\u00e9cnico de Formaci\u00f3n\" \/>\n<meta property=\"article:publisher\" content=\"https:\/\/es-es.facebook.com\/forotf\/\" \/>\n<meta property=\"article:modified_time\" content=\"2025-05-13T08:10:29+00:00\" \/>\n<meta property=\"og:image\" content=\"http:\/\/forotf.com\/wp-content\/uploads\/2025\/02\/shutterstock_14102098162-scaled.jpg\" \/>\n\t<meta property=\"og:image:width\" content=\"2560\" \/>\n\t<meta property=\"og:image:height\" content=\"1707\" \/>\n\t<meta property=\"og:image:type\" content=\"image\/jpeg\" \/>\n<meta name=\"twitter:card\" content=\"summary_large_image\" \/>\n<script type=\"application\/ld+json\" class=\"yoast-schema-graph\">{\"@context\":\"https:\\\/\\\/schema.org\",\"@graph\":[{\"@type\":\"WebPage\",\"@id\":\"http:\\\/\\\/forotf.com\\\/pt_pt\\\/curso\\\/programa-de-especializacion-en-gestion-de-rrhh-en-el-sector-sociosanitario\\\/\",\"url\":\"http:\\\/\\\/forotf.com\\\/pt_pt\\\/curso\\\/programa-de-especializacion-en-gestion-de-rrhh-en-el-sector-sociosanitario\\\/\",\"name\":\"Curso de Programa de Especializaci\u00f3n en Gesti\u00f3n de RRHH en el Sector Sociosanitario | Foro T\u00e9cnico de Formaci\u00f3n\",\"isPartOf\":{\"@id\":\"http:\\\/\\\/forotf.com\\\/pt\\\/#website\"},\"primaryImageOfPage\":{\"@id\":\"http:\\\/\\\/forotf.com\\\/pt_pt\\\/curso\\\/programa-de-especializacion-en-gestion-de-rrhh-en-el-sector-sociosanitario\\\/#primaryimage\"},\"image\":{\"@id\":\"http:\\\/\\\/forotf.com\\\/pt_pt\\\/curso\\\/programa-de-especializacion-en-gestion-de-rrhh-en-el-sector-sociosanitario\\\/#primaryimage\"},\"thumbnailUrl\":\"https:\\\/\\\/forotf.com\\\/wp-content\\\/uploads\\\/2025\\\/02\\\/shutterstock_14102098162-scaled.jpg\",\"datePublished\":\"2025-02-26T14:42:47+00:00\",\"dateModified\":\"2025-05-13T08:10:29+00:00\",\"description\":\"Potencia tu conocimiento con nuestro curso Programa de Especializaci\u00f3n en Gesti\u00f3n de RRHH en el Sector Sociosanitario. Descubre, aprende y crece con Foro T\u00e9cnico de Formaci\u00f3n.\",\"breadcrumb\":{\"@id\":\"http:\\\/\\\/forotf.com\\\/pt_pt\\\/curso\\\/programa-de-especializacion-en-gestion-de-rrhh-en-el-sector-sociosanitario\\\/#breadcrumb\"},\"inLanguage\":\"pt-BR\",\"potentialAction\":[{\"@type\":\"ReadAction\",\"target\":[\"http:\\\/\\\/forotf.com\\\/pt_pt\\\/curso\\\/programa-de-especializacion-en-gestion-de-rrhh-en-el-sector-sociosanitario\\\/\"]}]},{\"@type\":\"ImageObject\",\"inLanguage\":\"pt-BR\",\"@id\":\"http:\\\/\\\/forotf.com\\\/pt_pt\\\/curso\\\/programa-de-especializacion-en-gestion-de-rrhh-en-el-sector-sociosanitario\\\/#primaryimage\",\"url\":\"https:\\\/\\\/forotf.com\\\/wp-content\\\/uploads\\\/2025\\\/02\\\/shutterstock_14102098162-scaled.jpg\",\"contentUrl\":\"https:\\\/\\\/forotf.com\\\/wp-content\\\/uploads\\\/2025\\\/02\\\/shutterstock_14102098162-scaled.jpg\",\"width\":2560,\"height\":1707},{\"@type\":\"BreadcrumbList\",\"@id\":\"http:\\\/\\\/forotf.com\\\/pt_pt\\\/curso\\\/programa-de-especializacion-en-gestion-de-rrhh-en-el-sector-sociosanitario\\\/#breadcrumb\",\"itemListElement\":[{\"@type\":\"ListItem\",\"position\":1,\"name\":\"Inicio\",\"item\":\"https:\\\/\\\/forotf.com\\\/\"},{\"@type\":\"ListItem\",\"position\":2,\"name\":\"Cursos\",\"item\":\"https:\\\/\\\/forotf.com\\\/cursos\\\/\"},{\"@type\":\"ListItem\",\"position\":3,\"name\":\"Uncategorized\",\"item\":\"http:\\\/\\\/forotf.com\\\/pt\\\/product-category\\\/uncategorized\\\/\"},{\"@type\":\"ListItem\",\"position\":4,\"name\":\"Programa de Especializaci\u00f3n en Gesti\u00f3n de RRHH en el Sector Sociosanitario\"}]},{\"@type\":\"WebSite\",\"@id\":\"http:\\\/\\\/forotf.com\\\/pt\\\/#website\",\"url\":\"http:\\\/\\\/forotf.com\\\/pt\\\/\",\"name\":\"Foro T\u00e9cnico de Formaci\u00f3n\",\"description\":\"Formaci\u00f3n para Empresas\",\"publisher\":{\"@id\":\"http:\\\/\\\/forotf.com\\\/pt\\\/#organization\"},\"alternateName\":\"FTF\",\"potentialAction\":[{\"@type\":\"SearchAction\",\"target\":{\"@type\":\"EntryPoint\",\"urlTemplate\":\"http:\\\/\\\/forotf.com\\\/pt\\\/?s={search_term_string}\"},\"query-input\":{\"@type\":\"PropertyValueSpecification\",\"valueRequired\":true,\"valueName\":\"search_term_string\"}}],\"inLanguage\":\"pt-BR\"},{\"@type\":\"Organization\",\"@id\":\"http:\\\/\\\/forotf.com\\\/pt\\\/#organization\",\"name\":\"Foro T\u00e9cnico de Formaci\u00f3n\",\"alternateName\":\"FTF\",\"url\":\"http:\\\/\\\/forotf.com\\\/pt\\\/\",\"logo\":{\"@type\":\"ImageObject\",\"inLanguage\":\"pt-BR\",\"@id\":\"http:\\\/\\\/forotf.com\\\/pt\\\/#\\\/schema\\\/logo\\\/image\\\/\",\"url\":\"https:\\\/\\\/forotf.com\\\/wp-content\\\/uploads\\\/2024\\\/02\\\/Oficial-Logo-FTF-Color.svg\",\"contentUrl\":\"https:\\\/\\\/forotf.com\\\/wp-content\\\/uploads\\\/2024\\\/02\\\/Oficial-Logo-FTF-Color.svg\",\"width\":794,\"height\":212,\"caption\":\"Foro T\u00e9cnico de Formaci\u00f3n\"},\"image\":{\"@id\":\"http:\\\/\\\/forotf.com\\\/pt\\\/#\\\/schema\\\/logo\\\/image\\\/\"},\"sameAs\":[\"https:\\\/\\\/es-es.facebook.com\\\/forotf\\\/\",\"https:\\\/\\\/www.instagram.com\\\/ftformacion\\\/?igshid=MWZjMTM2ODFkZg==\",\"https:\\\/\\\/www.linkedin.com\\\/company\\\/foro-tecnico-de-formacion\\\/?originalSubdomain=es\",\"https:\\\/\\\/www.youtube.com\\\/channel\\\/UCTzzsDUdLaZtfAGiP_ipLIg\"]}]}<\/script>\n<!-- \/ Yoast SEO plugin. -->","yoast_head_json":{"title":"Curso de Programa de Especializaci\u00f3n en Gesti\u00f3n de RRHH en el Sector Sociosanitario | Foro T\u00e9cnico de Formaci\u00f3n","description":"Potencia tu conocimiento con nuestro curso Programa de Especializaci\u00f3n en Gesti\u00f3n de RRHH en el Sector Sociosanitario. Descubre, aprende y crece con Foro T\u00e9cnico de Formaci\u00f3n.","robots":{"index":"index","follow":"follow","max-snippet":"max-snippet:-1","max-image-preview":"max-image-preview:large","max-video-preview":"max-video-preview:-1"},"canonical":"http:\/\/forotf.com\/pt\/curso\/programa-de-especializacion-en-gestion-de-rrhh-en-el-sector-sociosanitario\/","og_locale":"pt_BR","og_type":"article","og_title":"Curso de Programa de Especializaci\u00f3n en Gesti\u00f3n de RRHH en el Sector Sociosanitario | Foro T\u00e9cnico de Formaci\u00f3n","og_description":"Potencia tu conocimiento con nuestro curso Programa de Especializaci\u00f3n en Gesti\u00f3n de RRHH en el Sector Sociosanitario. Descubre, aprende y crece con Foro T\u00e9cnico de Formaci\u00f3n.","og_url":"http:\/\/forotf.com\/pt\/curso\/programa-de-especializacion-en-gestion-de-rrhh-en-el-sector-sociosanitario\/","og_site_name":"Foro T\u00e9cnico de Formaci\u00f3n","article_publisher":"https:\/\/es-es.facebook.com\/forotf\/","article_modified_time":"2025-05-13T08:10:29+00:00","og_image":[{"width":2560,"height":1707,"url":"http:\/\/forotf.com\/wp-content\/uploads\/2025\/02\/shutterstock_14102098162-scaled.jpg","type":"image\/jpeg"}],"twitter_card":"summary_large_image","schema":{"@context":"https:\/\/schema.org","@graph":[{"@type":"WebPage","@id":"http:\/\/forotf.com\/pt_pt\/curso\/programa-de-especializacion-en-gestion-de-rrhh-en-el-sector-sociosanitario\/","url":"http:\/\/forotf.com\/pt_pt\/curso\/programa-de-especializacion-en-gestion-de-rrhh-en-el-sector-sociosanitario\/","name":"Curso de Programa de Especializaci\u00f3n en Gesti\u00f3n de RRHH en el Sector Sociosanitario | Foro T\u00e9cnico de Formaci\u00f3n","isPartOf":{"@id":"http:\/\/forotf.com\/pt\/#website"},"primaryImageOfPage":{"@id":"http:\/\/forotf.com\/pt_pt\/curso\/programa-de-especializacion-en-gestion-de-rrhh-en-el-sector-sociosanitario\/#primaryimage"},"image":{"@id":"http:\/\/forotf.com\/pt_pt\/curso\/programa-de-especializacion-en-gestion-de-rrhh-en-el-sector-sociosanitario\/#primaryimage"},"thumbnailUrl":"https:\/\/forotf.com\/wp-content\/uploads\/2025\/02\/shutterstock_14102098162-scaled.jpg","datePublished":"2025-02-26T14:42:47+00:00","dateModified":"2025-05-13T08:10:29+00:00","description":"Potencia tu conocimiento con nuestro curso Programa de Especializaci\u00f3n en Gesti\u00f3n de RRHH en el Sector Sociosanitario. Descubre, aprende y crece con Foro T\u00e9cnico de Formaci\u00f3n.","breadcrumb":{"@id":"http:\/\/forotf.com\/pt_pt\/curso\/programa-de-especializacion-en-gestion-de-rrhh-en-el-sector-sociosanitario\/#breadcrumb"},"inLanguage":"pt-BR","potentialAction":[{"@type":"ReadAction","target":["http:\/\/forotf.com\/pt_pt\/curso\/programa-de-especializacion-en-gestion-de-rrhh-en-el-sector-sociosanitario\/"]}]},{"@type":"ImageObject","inLanguage":"pt-BR","@id":"http:\/\/forotf.com\/pt_pt\/curso\/programa-de-especializacion-en-gestion-de-rrhh-en-el-sector-sociosanitario\/#primaryimage","url":"https:\/\/forotf.com\/wp-content\/uploads\/2025\/02\/shutterstock_14102098162-scaled.jpg","contentUrl":"https:\/\/forotf.com\/wp-content\/uploads\/2025\/02\/shutterstock_14102098162-scaled.jpg","width":2560,"height":1707},{"@type":"BreadcrumbList","@id":"http:\/\/forotf.com\/pt_pt\/curso\/programa-de-especializacion-en-gestion-de-rrhh-en-el-sector-sociosanitario\/#breadcrumb","itemListElement":[{"@type":"ListItem","position":1,"name":"Inicio","item":"https:\/\/forotf.com\/"},{"@type":"ListItem","position":2,"name":"Cursos","item":"https:\/\/forotf.com\/cursos\/"},{"@type":"ListItem","position":3,"name":"Uncategorized","item":"http:\/\/forotf.com\/pt\/product-category\/uncategorized\/"},{"@type":"ListItem","position":4,"name":"Programa de Especializaci\u00f3n en Gesti\u00f3n de RRHH en el Sector Sociosanitario"}]},{"@type":"WebSite","@id":"http:\/\/forotf.com\/pt\/#website","url":"http:\/\/forotf.com\/pt\/","name":"F\u00f3rum de Treinamento T\u00e9cnico","description":"Treinamento para Empresas","publisher":{"@id":"http:\/\/forotf.com\/pt\/#organization"},"alternateName":"FTF","potentialAction":[{"@type":"SearchAction","target":{"@type":"EntryPoint","urlTemplate":"http:\/\/forotf.com\/pt\/?s={search_term_string}"},"query-input":{"@type":"PropertyValueSpecification","valueRequired":true,"valueName":"search_term_string"}}],"inLanguage":"pt-BR"},{"@type":"Organization","@id":"http:\/\/forotf.com\/pt\/#organization","name":"F\u00f3rum de Treinamento T\u00e9cnico","alternateName":"FTF","url":"http:\/\/forotf.com\/pt\/","logo":{"@type":"ImageObject","inLanguage":"pt-BR","@id":"http:\/\/forotf.com\/pt\/#\/schema\/logo\/image\/","url":"https:\/\/forotf.com\/wp-content\/uploads\/2024\/02\/Oficial-Logo-FTF-Color.svg","contentUrl":"https:\/\/forotf.com\/wp-content\/uploads\/2024\/02\/Oficial-Logo-FTF-Color.svg","width":794,"height":212,"caption":"Foro T\u00e9cnico de Formaci\u00f3n"},"image":{"@id":"http:\/\/forotf.com\/pt\/#\/schema\/logo\/image\/"},"sameAs":["https:\/\/es-es.facebook.com\/forotf\/","https:\/\/www.instagram.com\/ftformacion\/?igshid=MWZjMTM2ODFkZg==","https:\/\/www.linkedin.com\/company\/foro-tecnico-de-formacion\/?originalSubdomain=es","https:\/\/www.youtube.com\/channel\/UCTzzsDUdLaZtfAGiP_ipLIg"]}]}},"publishpress_future_workflow_manual_trigger":{"enabledWorkflows":[]},"_links":{"self":[{"href":"https:\/\/forotf.com\/pt\/wp-json\/wp\/v2\/product\/6846","targetHints":{"allow":["GET"]}}],"collection":[{"href":"https:\/\/forotf.com\/pt\/wp-json\/wp\/v2\/product"}],"about":[{"href":"https:\/\/forotf.com\/pt\/wp-json\/wp\/v2\/types\/product"}],"replies":[{"embeddable":true,"href":"https:\/\/forotf.com\/pt\/wp-json\/wp\/v2\/comments?post=6846"}],"wp:featuredmedia":[{"embeddable":true,"href":"https:\/\/forotf.com\/pt\/wp-json\/wp\/v2\/media\/6848"}],"wp:attachment":[{"href":"https:\/\/forotf.com\/pt\/wp-json\/wp\/v2\/media?parent=6846"}],"wp:term":[{"taxonomy":"product_brand","embeddable":true,"href":"https:\/\/forotf.com\/pt\/wp-json\/wp\/v2\/product_brand?post=6846"},{"taxonomy":"product_cat","embeddable":true,"href":"https:\/\/forotf.com\/pt\/wp-json\/wp\/v2\/product_cat?post=6846"},{"taxonomy":"product_tag","embeddable":true,"href":"https:\/\/forotf.com\/pt\/wp-json\/wp\/v2\/product_tag?post=6846"}],"curies":[{"name":"wp","href":"https:\/\/api.w.org\/{rel}","templated":true}]}}