{"id":6547,"date":"2024-12-31T09:46:52","date_gmt":"2024-12-31T09:46:52","guid":{"rendered":"https:\/\/forotf.com\/?post_type=product&#038;p=6547"},"modified":"2026-02-25T10:28:36","modified_gmt":"2026-02-25T10:28:36","slug":"deteccion-prevencion-y-tratamiento-de-ulceras-por-presion","status":"publish","type":"product","link":"https:\/\/forotf.com\/pt\/curso\/deteccion-prevencion-y-tratamiento-de-ulceras-por-presion\/","title":{"rendered":"Detecci\u00f3n, prevenci\u00f3n y tratamiento de \u00falceras por presi\u00f3n"},"content":{"rendered":"<p>\u00a1\u00danete a nuestro curso l\u00edder \u00abDetecci\u00f3n, Prevenci\u00f3n y Tratamiento de \u00dalceras por Presi\u00f3n\u00bb y convi\u00e9rtete en un experto en el cuidado de la piel! Nuestro programa integral aborda las necesidades esenciales para comprender, prevenir y tratar las \u00falceras por presi\u00f3n.<br \/>\nComenzar\u00e1s explorando la anatom\u00eda de la piel y sus funciones cruciales. Profundizaremos en la definici\u00f3n y etiopatogenia de las \u00falceras por presi\u00f3n, categoriz\u00e1ndolas y destacando sus ubicaciones m\u00e1s frecuentes. Adem\u00e1s, te proporcionaremos herramientas efectivas para la prevenci\u00f3n de \u00falceras, un pilar fundamental en nuestro enfoque integral.<\/p>\n<p>Te adentrar\u00e1s en el tratamiento de las \u00falceras por presi\u00f3n, brind\u00e1ndote un plan b\u00e1sico que abarca desde la elecci\u00f3n del ap\u00f3sito m\u00e1s adecuado seg\u00fan la categor\u00eda de la \u00falcera hasta la variedad de desbridamientos disponibles. Analizaremos situaciones espec\u00edficas, como \u00falceras tumorales y vasculares, para equiparte con las habilidades necesarias para abordar una amplia gama de casos cl\u00ednicos.<\/p>\n<p>\u00a1No te pierdas la oportunidad de convertirte en un profesional altamente capacitado en la detecci\u00f3n, prevenci\u00f3n y tratamiento de \u00falceras por presi\u00f3n! Inscr\u00edbete ahora y marca la diferencia en el cuidado de la piel y el bienestar de tus pacientes.<\/p>","protected":false},"excerpt":{"rendered":"<p>Convi\u00e9rtete en experto en el cuidado de la piel con un enfoque integral en la prevenci\u00f3n y tratamiento de \u00falceras por presi\u00f3n. Aprende desde la anatom\u00eda de la piel hasta estrategias avanzadas para abordar diversos casos cl\u00ednicos. \u00a1Inscr\u00edbete y transforma el bienestar de tus pacientes!<\/p>","protected":false},"featured_media":6551,"comment_status":"closed","ping_status":"closed","template":"","meta":{"codigo-servicio":"2120-A","costo-gestion":"5.45"},"product_brand":[],"product_cat":[15],"product_tag":[],"class_list":{"0":"post-6547","1":"product","2":"type-product","3":"status-publish","4":"has-post-thumbnail","6":"product_cat-uncategorized","8":"first","9":"instock","10":"shipping-taxable","11":"purchasable","12":"product-type-simple"},"pp_statuses_selecting_workflow":false,"pp_workflow_action":"current","pp_status_selection":"publish","yoast_head":"<!-- This site is optimized with the Yoast SEO plugin v27.3 - https:\/\/yoast.com\/product\/yoast-seo-wordpress\/ -->\n<title>Curso de Detecci\u00f3n, prevenci\u00f3n y tratamiento de \u00falceras por presi\u00f3n | Foro T\u00e9cnico de Formaci\u00f3n<\/title>\n<meta name=\"description\" content=\"Potencia tu conocimiento con nuestro curso Detecci\u00f3n, prevenci\u00f3n y tratamiento de \u00falceras por presi\u00f3n. Descubre, aprende y crece con Foro T\u00e9cnico de Formaci\u00f3n.\" \/>\n<meta name=\"robots\" content=\"index, follow, max-snippet:-1, max-image-preview:large, max-video-preview:-1\" \/>\n<link rel=\"canonical\" href=\"https:\/\/forotf.com\/pt\/curso\/deteccion-prevencion-y-tratamiento-de-ulceras-por-presion\/\" \/>\n<meta property=\"og:locale\" content=\"pt_BR\" \/>\n<meta property=\"og:type\" content=\"article\" \/>\n<meta property=\"og:title\" content=\"Curso de Detecci\u00f3n, prevenci\u00f3n y tratamiento de \u00falceras por presi\u00f3n | Foro T\u00e9cnico de Formaci\u00f3n\" \/>\n<meta property=\"og:description\" content=\"Potencia tu conocimiento con nuestro curso Detecci\u00f3n, prevenci\u00f3n y tratamiento de \u00falceras por presi\u00f3n. Descubre, aprende y crece con Foro T\u00e9cnico de Formaci\u00f3n.\" \/>\n<meta property=\"og:url\" content=\"https:\/\/forotf.com\/pt\/curso\/deteccion-prevencion-y-tratamiento-de-ulceras-por-presion\/\" \/>\n<meta property=\"og:site_name\" content=\"Foro T\u00e9cnico de Formaci\u00f3n\" \/>\n<meta property=\"article:publisher\" content=\"https:\/\/es-es.facebook.com\/forotf\/\" \/>\n<meta property=\"article:modified_time\" content=\"2026-02-25T10:28:36+00:00\" \/>\n<meta property=\"og:image\" content=\"https:\/\/forotf.com\/wp-content\/uploads\/2024\/12\/Curso-Deteccion-prevencion-y-tratamiento-de-ulceras-por-presion-2-scaled.jpg\" \/>\n\t<meta property=\"og:image:width\" content=\"2560\" \/>\n\t<meta property=\"og:image:height\" content=\"1707\" \/>\n\t<meta property=\"og:image:type\" content=\"image\/jpeg\" \/>\n<meta name=\"twitter:card\" content=\"summary_large_image\" \/>\n<script type=\"application\/ld+json\" class=\"yoast-schema-graph\">{\"@context\":\"https:\\\/\\\/schema.org\",\"@graph\":[{\"@type\":\"WebPage\",\"@id\":\"https:\\\/\\\/forotf.com\\\/curso\\\/deteccion-prevencion-y-tratamiento-de-ulceras-por-presion\\\/\",\"url\":\"https:\\\/\\\/forotf.com\\\/curso\\\/deteccion-prevencion-y-tratamiento-de-ulceras-por-presion\\\/\",\"name\":\"Curso de Detecci\u00f3n, prevenci\u00f3n y tratamiento de \u00falceras por presi\u00f3n | Foro T\u00e9cnico de Formaci\u00f3n\",\"isPartOf\":{\"@id\":\"http:\\\/\\\/forotf.com\\\/pt\\\/#website\"},\"primaryImageOfPage\":{\"@id\":\"https:\\\/\\\/forotf.com\\\/curso\\\/deteccion-prevencion-y-tratamiento-de-ulceras-por-presion\\\/#primaryimage\"},\"image\":{\"@id\":\"https:\\\/\\\/forotf.com\\\/curso\\\/deteccion-prevencion-y-tratamiento-de-ulceras-por-presion\\\/#primaryimage\"},\"thumbnailUrl\":\"https:\\\/\\\/forotf.com\\\/wp-content\\\/uploads\\\/2024\\\/12\\\/Curso-Deteccion-prevencion-y-tratamiento-de-ulceras-por-presion-2-scaled.jpg\",\"datePublished\":\"2024-12-31T09:46:52+00:00\",\"dateModified\":\"2026-02-25T10:28:36+00:00\",\"description\":\"Potencia tu conocimiento con nuestro curso Detecci\u00f3n, prevenci\u00f3n y tratamiento de \u00falceras por presi\u00f3n. Descubre, aprende y crece con Foro T\u00e9cnico de Formaci\u00f3n.\",\"breadcrumb\":{\"@id\":\"https:\\\/\\\/forotf.com\\\/curso\\\/deteccion-prevencion-y-tratamiento-de-ulceras-por-presion\\\/#breadcrumb\"},\"inLanguage\":\"pt-BR\",\"potentialAction\":[{\"@type\":\"ReadAction\",\"target\":[\"https:\\\/\\\/forotf.com\\\/curso\\\/deteccion-prevencion-y-tratamiento-de-ulceras-por-presion\\\/\"]}]},{\"@type\":\"ImageObject\",\"inLanguage\":\"pt-BR\",\"@id\":\"https:\\\/\\\/forotf.com\\\/curso\\\/deteccion-prevencion-y-tratamiento-de-ulceras-por-presion\\\/#primaryimage\",\"url\":\"https:\\\/\\\/forotf.com\\\/wp-content\\\/uploads\\\/2024\\\/12\\\/Curso-Deteccion-prevencion-y-tratamiento-de-ulceras-por-presion-2-scaled.jpg\",\"contentUrl\":\"https:\\\/\\\/forotf.com\\\/wp-content\\\/uploads\\\/2024\\\/12\\\/Curso-Deteccion-prevencion-y-tratamiento-de-ulceras-por-presion-2-scaled.jpg\",\"width\":2560,\"height\":1707},{\"@type\":\"BreadcrumbList\",\"@id\":\"https:\\\/\\\/forotf.com\\\/curso\\\/deteccion-prevencion-y-tratamiento-de-ulceras-por-presion\\\/#breadcrumb\",\"itemListElement\":[{\"@type\":\"ListItem\",\"position\":1,\"name\":\"Inicio\",\"item\":\"https:\\\/\\\/forotf.com\\\/\"},{\"@type\":\"ListItem\",\"position\":2,\"name\":\"Cursos\",\"item\":\"https:\\\/\\\/forotf.com\\\/cursos\\\/\"},{\"@type\":\"ListItem\",\"position\":3,\"name\":\"Uncategorized\",\"item\":\"http:\\\/\\\/forotf.com\\\/pt\\\/product-category\\\/uncategorized\\\/\"},{\"@type\":\"ListItem\",\"position\":4,\"name\":\"Detecci\u00f3n, prevenci\u00f3n y tratamiento de \u00falceras por presi\u00f3n\"}]},{\"@type\":\"WebSite\",\"@id\":\"http:\\\/\\\/forotf.com\\\/pt\\\/#website\",\"url\":\"http:\\\/\\\/forotf.com\\\/pt\\\/\",\"name\":\"Foro T\u00e9cnico de Formaci\u00f3n\",\"description\":\"Formaci\u00f3n para Empresas\",\"publisher\":{\"@id\":\"http:\\\/\\\/forotf.com\\\/pt\\\/#organization\"},\"alternateName\":\"FTF\",\"potentialAction\":[{\"@type\":\"SearchAction\",\"target\":{\"@type\":\"EntryPoint\",\"urlTemplate\":\"http:\\\/\\\/forotf.com\\\/pt\\\/?s={search_term_string}\"},\"query-input\":{\"@type\":\"PropertyValueSpecification\",\"valueRequired\":true,\"valueName\":\"search_term_string\"}}],\"inLanguage\":\"pt-BR\"},{\"@type\":\"Organization\",\"@id\":\"http:\\\/\\\/forotf.com\\\/pt\\\/#organization\",\"name\":\"Foro T\u00e9cnico de Formaci\u00f3n\",\"alternateName\":\"FTF\",\"url\":\"http:\\\/\\\/forotf.com\\\/pt\\\/\",\"logo\":{\"@type\":\"ImageObject\",\"inLanguage\":\"pt-BR\",\"@id\":\"http:\\\/\\\/forotf.com\\\/pt\\\/#\\\/schema\\\/logo\\\/image\\\/\",\"url\":\"https:\\\/\\\/forotf.com\\\/wp-content\\\/uploads\\\/2024\\\/02\\\/Oficial-Logo-FTF-Color.svg\",\"contentUrl\":\"https:\\\/\\\/forotf.com\\\/wp-content\\\/uploads\\\/2024\\\/02\\\/Oficial-Logo-FTF-Color.svg\",\"width\":794,\"height\":212,\"caption\":\"Foro T\u00e9cnico de Formaci\u00f3n\"},\"image\":{\"@id\":\"http:\\\/\\\/forotf.com\\\/pt\\\/#\\\/schema\\\/logo\\\/image\\\/\"},\"sameAs\":[\"https:\\\/\\\/es-es.facebook.com\\\/forotf\\\/\",\"https:\\\/\\\/www.instagram.com\\\/ftformacion\\\/?igshid=MWZjMTM2ODFkZg==\",\"https:\\\/\\\/www.linkedin.com\\\/company\\\/foro-tecnico-de-formacion\\\/?originalSubdomain=es\",\"https:\\\/\\\/www.youtube.com\\\/channel\\\/UCTzzsDUdLaZtfAGiP_ipLIg\"]}]}<\/script>\n<!-- \/ Yoast SEO plugin. -->","yoast_head_json":{"title":"Curso de Detecci\u00f3n, prevenci\u00f3n y tratamiento de \u00falceras por presi\u00f3n | Foro T\u00e9cnico de Formaci\u00f3n","description":"Potencia tu conocimiento con nuestro curso Detecci\u00f3n, prevenci\u00f3n y tratamiento de \u00falceras por presi\u00f3n. Descubre, aprende y crece con Foro T\u00e9cnico de Formaci\u00f3n.","robots":{"index":"index","follow":"follow","max-snippet":"max-snippet:-1","max-image-preview":"max-image-preview:large","max-video-preview":"max-video-preview:-1"},"canonical":"https:\/\/forotf.com\/pt\/curso\/deteccion-prevencion-y-tratamiento-de-ulceras-por-presion\/","og_locale":"pt_BR","og_type":"article","og_title":"Curso de Detecci\u00f3n, prevenci\u00f3n y tratamiento de \u00falceras por presi\u00f3n | Foro T\u00e9cnico de Formaci\u00f3n","og_description":"Potencia tu conocimiento con nuestro curso Detecci\u00f3n, prevenci\u00f3n y tratamiento de \u00falceras por presi\u00f3n. Descubre, aprende y crece con Foro T\u00e9cnico de Formaci\u00f3n.","og_url":"https:\/\/forotf.com\/pt\/curso\/deteccion-prevencion-y-tratamiento-de-ulceras-por-presion\/","og_site_name":"Foro T\u00e9cnico de Formaci\u00f3n","article_publisher":"https:\/\/es-es.facebook.com\/forotf\/","article_modified_time":"2026-02-25T10:28:36+00:00","og_image":[{"width":2560,"height":1707,"url":"https:\/\/forotf.com\/wp-content\/uploads\/2024\/12\/Curso-Deteccion-prevencion-y-tratamiento-de-ulceras-por-presion-2-scaled.jpg","type":"image\/jpeg"}],"twitter_card":"summary_large_image","schema":{"@context":"https:\/\/schema.org","@graph":[{"@type":"WebPage","@id":"https:\/\/forotf.com\/curso\/deteccion-prevencion-y-tratamiento-de-ulceras-por-presion\/","url":"https:\/\/forotf.com\/curso\/deteccion-prevencion-y-tratamiento-de-ulceras-por-presion\/","name":"Curso de Detecci\u00f3n, prevenci\u00f3n y tratamiento de \u00falceras por presi\u00f3n | Foro T\u00e9cnico de Formaci\u00f3n","isPartOf":{"@id":"http:\/\/forotf.com\/pt\/#website"},"primaryImageOfPage":{"@id":"https:\/\/forotf.com\/curso\/deteccion-prevencion-y-tratamiento-de-ulceras-por-presion\/#primaryimage"},"image":{"@id":"https:\/\/forotf.com\/curso\/deteccion-prevencion-y-tratamiento-de-ulceras-por-presion\/#primaryimage"},"thumbnailUrl":"https:\/\/forotf.com\/wp-content\/uploads\/2024\/12\/Curso-Deteccion-prevencion-y-tratamiento-de-ulceras-por-presion-2-scaled.jpg","datePublished":"2024-12-31T09:46:52+00:00","dateModified":"2026-02-25T10:28:36+00:00","description":"Potencia tu conocimiento con nuestro curso Detecci\u00f3n, prevenci\u00f3n y tratamiento de \u00falceras por presi\u00f3n. Descubre, aprende y crece con Foro T\u00e9cnico de Formaci\u00f3n.","breadcrumb":{"@id":"https:\/\/forotf.com\/curso\/deteccion-prevencion-y-tratamiento-de-ulceras-por-presion\/#breadcrumb"},"inLanguage":"pt-BR","potentialAction":[{"@type":"ReadAction","target":["https:\/\/forotf.com\/curso\/deteccion-prevencion-y-tratamiento-de-ulceras-por-presion\/"]}]},{"@type":"ImageObject","inLanguage":"pt-BR","@id":"https:\/\/forotf.com\/curso\/deteccion-prevencion-y-tratamiento-de-ulceras-por-presion\/#primaryimage","url":"https:\/\/forotf.com\/wp-content\/uploads\/2024\/12\/Curso-Deteccion-prevencion-y-tratamiento-de-ulceras-por-presion-2-scaled.jpg","contentUrl":"https:\/\/forotf.com\/wp-content\/uploads\/2024\/12\/Curso-Deteccion-prevencion-y-tratamiento-de-ulceras-por-presion-2-scaled.jpg","width":2560,"height":1707},{"@type":"BreadcrumbList","@id":"https:\/\/forotf.com\/curso\/deteccion-prevencion-y-tratamiento-de-ulceras-por-presion\/#breadcrumb","itemListElement":[{"@type":"ListItem","position":1,"name":"Inicio","item":"https:\/\/forotf.com\/"},{"@type":"ListItem","position":2,"name":"Cursos","item":"https:\/\/forotf.com\/cursos\/"},{"@type":"ListItem","position":3,"name":"Uncategorized","item":"http:\/\/forotf.com\/pt\/product-category\/uncategorized\/"},{"@type":"ListItem","position":4,"name":"Detecci\u00f3n, prevenci\u00f3n y tratamiento de \u00falceras por presi\u00f3n"}]},{"@type":"WebSite","@id":"http:\/\/forotf.com\/pt\/#website","url":"http:\/\/forotf.com\/pt\/","name":"F\u00f3rum de Treinamento T\u00e9cnico","description":"Treinamento para Empresas","publisher":{"@id":"http:\/\/forotf.com\/pt\/#organization"},"alternateName":"FTF","potentialAction":[{"@type":"SearchAction","target":{"@type":"EntryPoint","urlTemplate":"http:\/\/forotf.com\/pt\/?s={search_term_string}"},"query-input":{"@type":"PropertyValueSpecification","valueRequired":true,"valueName":"search_term_string"}}],"inLanguage":"pt-BR"},{"@type":"Organization","@id":"http:\/\/forotf.com\/pt\/#organization","name":"F\u00f3rum de Treinamento T\u00e9cnico","alternateName":"FTF","url":"http:\/\/forotf.com\/pt\/","logo":{"@type":"ImageObject","inLanguage":"pt-BR","@id":"http:\/\/forotf.com\/pt\/#\/schema\/logo\/image\/","url":"https:\/\/forotf.com\/wp-content\/uploads\/2024\/02\/Oficial-Logo-FTF-Color.svg","contentUrl":"https:\/\/forotf.com\/wp-content\/uploads\/2024\/02\/Oficial-Logo-FTF-Color.svg","width":794,"height":212,"caption":"Foro T\u00e9cnico de Formaci\u00f3n"},"image":{"@id":"http:\/\/forotf.com\/pt\/#\/schema\/logo\/image\/"},"sameAs":["https:\/\/es-es.facebook.com\/forotf\/","https:\/\/www.instagram.com\/ftformacion\/?igshid=MWZjMTM2ODFkZg==","https:\/\/www.linkedin.com\/company\/foro-tecnico-de-formacion\/?originalSubdomain=es","https:\/\/www.youtube.com\/channel\/UCTzzsDUdLaZtfAGiP_ipLIg"]}]}},"publishpress_future_workflow_manual_trigger":{"enabledWorkflows":[]},"_links":{"self":[{"href":"https:\/\/forotf.com\/pt\/wp-json\/wp\/v2\/product\/6547","targetHints":{"allow":["GET"]}}],"collection":[{"href":"https:\/\/forotf.com\/pt\/wp-json\/wp\/v2\/product"}],"about":[{"href":"https:\/\/forotf.com\/pt\/wp-json\/wp\/v2\/types\/product"}],"replies":[{"embeddable":true,"href":"https:\/\/forotf.com\/pt\/wp-json\/wp\/v2\/comments?post=6547"}],"wp:featuredmedia":[{"embeddable":true,"href":"https:\/\/forotf.com\/pt\/wp-json\/wp\/v2\/media\/6551"}],"wp:attachment":[{"href":"https:\/\/forotf.com\/pt\/wp-json\/wp\/v2\/media?parent=6547"}],"wp:term":[{"taxonomy":"product_brand","embeddable":true,"href":"https:\/\/forotf.com\/pt\/wp-json\/wp\/v2\/product_brand?post=6547"},{"taxonomy":"product_cat","embeddable":true,"href":"https:\/\/forotf.com\/pt\/wp-json\/wp\/v2\/product_cat?post=6547"},{"taxonomy":"product_tag","embeddable":true,"href":"https:\/\/forotf.com\/pt\/wp-json\/wp\/v2\/product_tag?post=6547"}],"curies":[{"name":"wp","href":"https:\/\/api.w.org\/{rel}","templated":true}]}}