{"id":5809,"date":"2024-09-18T14:06:17","date_gmt":"2024-09-18T14:06:17","guid":{"rendered":"https:\/\/forotf.com\/?post_type=product&#038;p=5809"},"modified":"2025-07-08T12:10:50","modified_gmt":"2025-07-08T12:10:50","slug":"introduccion-al-acompanamiento-a-la-persona-mayor-en-el-duelo","status":"publish","type":"product","link":"https:\/\/forotf.com\/pt\/curso\/introduccion-al-acompanamiento-a-la-persona-mayor-en-el-duelo\/","title":{"rendered":"Introducci\u00f3n al acompa\u00f1amiento a la persona mayor en el duelo"},"content":{"rendered":"<p>\u00a1Descubre el significativo curso \u00abIntroducci\u00f3n al Acompa\u00f1amiento a la Persona Mayor en el Duelo\u00bb y adquiere las habilidades necesarias para brindar apoyo compasivo durante momentos dif\u00edciles!<br \/>\nAbordar\u00e1s el tema del duelo desde sus fundamentos, explorando la p\u00e9rdida y definiendo el duelo, mientras comprendes las manifestaciones m\u00e1s comunes que experimentan las personas en duelo. Esta base te preparar\u00e1 para enfrentar situaciones desafiantes con empat\u00eda y comprensi\u00f3n.<br \/>\nTe sumergir\u00e1s en la experiencia espec\u00edfica de la persona mayor en duelo, explorando las emociones de incredulidad, rabia y tristeza. Adem\u00e1s, entender\u00e1s los diferentes tipos de duelos, lo que te permitir\u00e1 personalizar tu apoyo seg\u00fan las necesidades individuales.<br \/>\nTe guiaremos a trav\u00e9s de las tareas del duelo, proporcion\u00e1ndote conocimientos esenciales sobre c\u00f3mo las personas mayores pueden enfrentar y vivir sanamente la p\u00e9rdida. Este entendimiento profundo te permitir\u00e1 acompa\u00f1ar de manera m\u00e1s efectiva a quienes atraviesan el proceso de duelo.<br \/>\nCon este curso te equipar\u00e1s con actitudes y herramientas esenciales para el acompa\u00f1amiento, explorando qu\u00e9 ayuda y qu\u00e9 no a las personas mayores en duelo. Descubrir\u00e1s actitudes y herramientas espec\u00edficas que contribuyen a un acompa\u00f1amiento efectivo y compasivo, incluyendo temas delicados como la viudez. \u00a1Inscr\u00edbete ahora y s\u00e9 un apoyo fundamental para quienes enfrentan procesos de duelo en la etapa de la vida de la persona mayor!<\/p>","protected":false},"excerpt":{"rendered":"<p>Aprende a brindar apoyo emp\u00e1tico a personas mayores en duelo, comprendiendo las emociones, tipos de duelo y tareas esenciales para un acompa\u00f1amiento eficaz. Adquiere herramientas clave para ofrecer un apoyo personalizado y compasivo en momentos dif\u00edciles. \u00a1Inscr\u00edbete ahora!<\/p>\n<p><img decoding=\"async\" class=\"alignnone size-medium wp-image-6000\" src=\"http:\/\/forotf.com\/wp-content\/uploads\/2024\/09\/CAMILOS-300x163.jpg\" alt=\"\" width=\"300\" height=\"163\" srcset=\"https:\/\/forotf.com\/wp-content\/uploads\/2024\/09\/CAMILOS-300x163.jpg 300w, https:\/\/forotf.com\/wp-content\/uploads\/2024\/09\/CAMILOS-18x10.jpg 18w, https:\/\/forotf.com\/wp-content\/uploads\/2024\/09\/CAMILOS-600x326.jpg 600w, https:\/\/forotf.com\/wp-content\/uploads\/2024\/09\/CAMILOS-64x35.jpg 64w, https:\/\/forotf.com\/wp-content\/uploads\/2024\/09\/CAMILOS.jpg 720w\" sizes=\"(max-width: 300px) 100vw, 300px\" \/><\/p>","protected":false},"featured_media":5813,"comment_status":"closed","ping_status":"closed","template":"","meta":{"codigo-servicio":"2077-A","costo-gestion":"9.08"},"product_brand":[],"product_cat":[15],"product_tag":[],"class_list":{"0":"post-5809","1":"product","2":"type-product","3":"status-publish","4":"has-post-thumbnail","6":"product_cat-uncategorized","8":"first","9":"instock","10":"shipping-taxable","11":"purchasable","12":"product-type-simple"},"pp_statuses_selecting_workflow":false,"pp_workflow_action":"current","pp_status_selection":"publish","yoast_head":"<!-- This site is optimized with the Yoast SEO plugin v27.4 - https:\/\/yoast.com\/product\/yoast-seo-wordpress\/ -->\n<title>Curso de Introducci\u00f3n al acompa\u00f1amiento a la persona mayor en el duelo | Foro T\u00e9cnico de Formaci\u00f3n<\/title>\n<meta name=\"description\" content=\"Potencia tu conocimiento con nuestro curso Introducci\u00f3n al acompa\u00f1amiento a la persona mayor en el duelo. Descubre, aprende y crece con Foro T\u00e9cnico de Formaci\u00f3n.\" \/>\n<meta name=\"robots\" content=\"index, follow, max-snippet:-1, max-image-preview:large, max-video-preview:-1\" \/>\n<link rel=\"canonical\" href=\"https:\/\/forotf.com\/pt\/curso\/introduccion-al-acompanamiento-a-la-persona-mayor-en-el-duelo\/\" \/>\n<meta property=\"og:locale\" content=\"pt_BR\" \/>\n<meta property=\"og:type\" content=\"article\" \/>\n<meta property=\"og:title\" content=\"Curso de Introducci\u00f3n al acompa\u00f1amiento a la persona mayor en el duelo | Foro T\u00e9cnico de Formaci\u00f3n\" \/>\n<meta property=\"og:description\" content=\"Potencia tu conocimiento con nuestro curso Introducci\u00f3n al acompa\u00f1amiento a la persona mayor en el duelo. Descubre, aprende y crece con Foro T\u00e9cnico de Formaci\u00f3n.\" \/>\n<meta property=\"og:url\" content=\"https:\/\/forotf.com\/pt\/curso\/introduccion-al-acompanamiento-a-la-persona-mayor-en-el-duelo\/\" \/>\n<meta property=\"og:site_name\" content=\"Foro T\u00e9cnico de Formaci\u00f3n\" \/>\n<meta property=\"article:publisher\" content=\"https:\/\/es-es.facebook.com\/forotf\/\" \/>\n<meta property=\"article:modified_time\" content=\"2025-07-08T12:10:50+00:00\" \/>\n<meta property=\"og:image\" content=\"https:\/\/forotf.com\/wp-content\/uploads\/2024\/09\/shutterstock_1762346681-scaled.jpg\" \/>\n\t<meta property=\"og:image:width\" content=\"2560\" \/>\n\t<meta property=\"og:image:height\" content=\"1802\" \/>\n\t<meta property=\"og:image:type\" content=\"image\/jpeg\" \/>\n<meta name=\"twitter:card\" content=\"summary_large_image\" \/>\n<script type=\"application\/ld+json\" class=\"yoast-schema-graph\">{\"@context\":\"https:\\\/\\\/schema.org\",\"@graph\":[{\"@type\":\"WebPage\",\"@id\":\"https:\\\/\\\/forotf.com\\\/curso\\\/introduccion-al-acompanamiento-a-la-persona-mayor-en-el-duelo\\\/\",\"url\":\"https:\\\/\\\/forotf.com\\\/curso\\\/introduccion-al-acompanamiento-a-la-persona-mayor-en-el-duelo\\\/\",\"name\":\"Curso de Introducci\u00f3n al acompa\u00f1amiento a la persona mayor en el duelo | Foro T\u00e9cnico de Formaci\u00f3n\",\"isPartOf\":{\"@id\":\"http:\\\/\\\/forotf.com\\\/pt\\\/#website\"},\"primaryImageOfPage\":{\"@id\":\"https:\\\/\\\/forotf.com\\\/curso\\\/introduccion-al-acompanamiento-a-la-persona-mayor-en-el-duelo\\\/#primaryimage\"},\"image\":{\"@id\":\"https:\\\/\\\/forotf.com\\\/curso\\\/introduccion-al-acompanamiento-a-la-persona-mayor-en-el-duelo\\\/#primaryimage\"},\"thumbnailUrl\":\"https:\\\/\\\/forotf.com\\\/wp-content\\\/uploads\\\/2024\\\/09\\\/shutterstock_1762346681-scaled.jpg\",\"datePublished\":\"2024-09-18T14:06:17+00:00\",\"dateModified\":\"2025-07-08T12:10:50+00:00\",\"description\":\"Potencia tu conocimiento con nuestro curso Introducci\u00f3n al acompa\u00f1amiento a la persona mayor en el duelo. Descubre, aprende y crece con Foro T\u00e9cnico de Formaci\u00f3n.\",\"breadcrumb\":{\"@id\":\"https:\\\/\\\/forotf.com\\\/curso\\\/introduccion-al-acompanamiento-a-la-persona-mayor-en-el-duelo\\\/#breadcrumb\"},\"inLanguage\":\"pt-BR\",\"potentialAction\":[{\"@type\":\"ReadAction\",\"target\":[\"https:\\\/\\\/forotf.com\\\/curso\\\/introduccion-al-acompanamiento-a-la-persona-mayor-en-el-duelo\\\/\"]}]},{\"@type\":\"ImageObject\",\"inLanguage\":\"pt-BR\",\"@id\":\"https:\\\/\\\/forotf.com\\\/curso\\\/introduccion-al-acompanamiento-a-la-persona-mayor-en-el-duelo\\\/#primaryimage\",\"url\":\"https:\\\/\\\/forotf.com\\\/wp-content\\\/uploads\\\/2024\\\/09\\\/shutterstock_1762346681-scaled.jpg\",\"contentUrl\":\"https:\\\/\\\/forotf.com\\\/wp-content\\\/uploads\\\/2024\\\/09\\\/shutterstock_1762346681-scaled.jpg\",\"width\":2560,\"height\":1802},{\"@type\":\"BreadcrumbList\",\"@id\":\"https:\\\/\\\/forotf.com\\\/curso\\\/introduccion-al-acompanamiento-a-la-persona-mayor-en-el-duelo\\\/#breadcrumb\",\"itemListElement\":[{\"@type\":\"ListItem\",\"position\":1,\"name\":\"Inicio\",\"item\":\"https:\\\/\\\/forotf.com\\\/\"},{\"@type\":\"ListItem\",\"position\":2,\"name\":\"Cursos\",\"item\":\"https:\\\/\\\/forotf.com\\\/cursos\\\/\"},{\"@type\":\"ListItem\",\"position\":3,\"name\":\"Uncategorized\",\"item\":\"http:\\\/\\\/forotf.com\\\/pt\\\/product-category\\\/uncategorized\\\/\"},{\"@type\":\"ListItem\",\"position\":4,\"name\":\"Introducci\u00f3n al acompa\u00f1amiento a la persona mayor en el duelo\"}]},{\"@type\":\"WebSite\",\"@id\":\"http:\\\/\\\/forotf.com\\\/pt\\\/#website\",\"url\":\"http:\\\/\\\/forotf.com\\\/pt\\\/\",\"name\":\"Foro T\u00e9cnico de Formaci\u00f3n\",\"description\":\"Formaci\u00f3n para Empresas\",\"publisher\":{\"@id\":\"http:\\\/\\\/forotf.com\\\/pt\\\/#organization\"},\"alternateName\":\"FTF\",\"potentialAction\":[{\"@type\":\"SearchAction\",\"target\":{\"@type\":\"EntryPoint\",\"urlTemplate\":\"http:\\\/\\\/forotf.com\\\/pt\\\/?s={search_term_string}\"},\"query-input\":{\"@type\":\"PropertyValueSpecification\",\"valueRequired\":true,\"valueName\":\"search_term_string\"}}],\"inLanguage\":\"pt-BR\"},{\"@type\":\"Organization\",\"@id\":\"http:\\\/\\\/forotf.com\\\/pt\\\/#organization\",\"name\":\"Foro T\u00e9cnico de Formaci\u00f3n\",\"alternateName\":\"FTF\",\"url\":\"http:\\\/\\\/forotf.com\\\/pt\\\/\",\"logo\":{\"@type\":\"ImageObject\",\"inLanguage\":\"pt-BR\",\"@id\":\"http:\\\/\\\/forotf.com\\\/pt\\\/#\\\/schema\\\/logo\\\/image\\\/\",\"url\":\"https:\\\/\\\/forotf.com\\\/wp-content\\\/uploads\\\/2024\\\/02\\\/Oficial-Logo-FTF-Color.svg\",\"contentUrl\":\"https:\\\/\\\/forotf.com\\\/wp-content\\\/uploads\\\/2024\\\/02\\\/Oficial-Logo-FTF-Color.svg\",\"width\":794,\"height\":212,\"caption\":\"Foro T\u00e9cnico de Formaci\u00f3n\"},\"image\":{\"@id\":\"http:\\\/\\\/forotf.com\\\/pt\\\/#\\\/schema\\\/logo\\\/image\\\/\"},\"sameAs\":[\"https:\\\/\\\/es-es.facebook.com\\\/forotf\\\/\",\"https:\\\/\\\/www.instagram.com\\\/ftformacion\\\/?igshid=MWZjMTM2ODFkZg==\",\"https:\\\/\\\/www.linkedin.com\\\/company\\\/foro-tecnico-de-formacion\\\/?originalSubdomain=es\",\"https:\\\/\\\/www.youtube.com\\\/channel\\\/UCTzzsDUdLaZtfAGiP_ipLIg\"]}]}<\/script>\n<!-- \/ Yoast SEO plugin. -->","yoast_head_json":{"title":"Curso de Introducci\u00f3n al acompa\u00f1amiento a la persona mayor en el duelo | Foro T\u00e9cnico de Formaci\u00f3n","description":"Potencia tu conocimiento con nuestro curso Introducci\u00f3n al acompa\u00f1amiento a la persona mayor en el duelo. Descubre, aprende y crece con Foro T\u00e9cnico de Formaci\u00f3n.","robots":{"index":"index","follow":"follow","max-snippet":"max-snippet:-1","max-image-preview":"max-image-preview:large","max-video-preview":"max-video-preview:-1"},"canonical":"https:\/\/forotf.com\/pt\/curso\/introduccion-al-acompanamiento-a-la-persona-mayor-en-el-duelo\/","og_locale":"pt_BR","og_type":"article","og_title":"Curso de Introducci\u00f3n al acompa\u00f1amiento a la persona mayor en el duelo | Foro T\u00e9cnico de Formaci\u00f3n","og_description":"Potencia tu conocimiento con nuestro curso Introducci\u00f3n al acompa\u00f1amiento a la persona mayor en el duelo. Descubre, aprende y crece con Foro T\u00e9cnico de Formaci\u00f3n.","og_url":"https:\/\/forotf.com\/pt\/curso\/introduccion-al-acompanamiento-a-la-persona-mayor-en-el-duelo\/","og_site_name":"Foro T\u00e9cnico de Formaci\u00f3n","article_publisher":"https:\/\/es-es.facebook.com\/forotf\/","article_modified_time":"2025-07-08T12:10:50+00:00","og_image":[{"width":2560,"height":1802,"url":"https:\/\/forotf.com\/wp-content\/uploads\/2024\/09\/shutterstock_1762346681-scaled.jpg","type":"image\/jpeg"}],"twitter_card":"summary_large_image","schema":{"@context":"https:\/\/schema.org","@graph":[{"@type":"WebPage","@id":"https:\/\/forotf.com\/curso\/introduccion-al-acompanamiento-a-la-persona-mayor-en-el-duelo\/","url":"https:\/\/forotf.com\/curso\/introduccion-al-acompanamiento-a-la-persona-mayor-en-el-duelo\/","name":"Curso de Introducci\u00f3n al acompa\u00f1amiento a la persona mayor en el duelo | Foro T\u00e9cnico de Formaci\u00f3n","isPartOf":{"@id":"http:\/\/forotf.com\/pt\/#website"},"primaryImageOfPage":{"@id":"https:\/\/forotf.com\/curso\/introduccion-al-acompanamiento-a-la-persona-mayor-en-el-duelo\/#primaryimage"},"image":{"@id":"https:\/\/forotf.com\/curso\/introduccion-al-acompanamiento-a-la-persona-mayor-en-el-duelo\/#primaryimage"},"thumbnailUrl":"https:\/\/forotf.com\/wp-content\/uploads\/2024\/09\/shutterstock_1762346681-scaled.jpg","datePublished":"2024-09-18T14:06:17+00:00","dateModified":"2025-07-08T12:10:50+00:00","description":"Potencia tu conocimiento con nuestro curso Introducci\u00f3n al acompa\u00f1amiento a la persona mayor en el duelo. Descubre, aprende y crece con Foro T\u00e9cnico de Formaci\u00f3n.","breadcrumb":{"@id":"https:\/\/forotf.com\/curso\/introduccion-al-acompanamiento-a-la-persona-mayor-en-el-duelo\/#breadcrumb"},"inLanguage":"pt-BR","potentialAction":[{"@type":"ReadAction","target":["https:\/\/forotf.com\/curso\/introduccion-al-acompanamiento-a-la-persona-mayor-en-el-duelo\/"]}]},{"@type":"ImageObject","inLanguage":"pt-BR","@id":"https:\/\/forotf.com\/curso\/introduccion-al-acompanamiento-a-la-persona-mayor-en-el-duelo\/#primaryimage","url":"https:\/\/forotf.com\/wp-content\/uploads\/2024\/09\/shutterstock_1762346681-scaled.jpg","contentUrl":"https:\/\/forotf.com\/wp-content\/uploads\/2024\/09\/shutterstock_1762346681-scaled.jpg","width":2560,"height":1802},{"@type":"BreadcrumbList","@id":"https:\/\/forotf.com\/curso\/introduccion-al-acompanamiento-a-la-persona-mayor-en-el-duelo\/#breadcrumb","itemListElement":[{"@type":"ListItem","position":1,"name":"Inicio","item":"https:\/\/forotf.com\/"},{"@type":"ListItem","position":2,"name":"Cursos","item":"https:\/\/forotf.com\/cursos\/"},{"@type":"ListItem","position":3,"name":"Uncategorized","item":"http:\/\/forotf.com\/pt\/product-category\/uncategorized\/"},{"@type":"ListItem","position":4,"name":"Introducci\u00f3n al acompa\u00f1amiento a la persona mayor en el duelo"}]},{"@type":"WebSite","@id":"http:\/\/forotf.com\/pt\/#website","url":"http:\/\/forotf.com\/pt\/","name":"F\u00f3rum de Treinamento T\u00e9cnico","description":"Treinamento para Empresas","publisher":{"@id":"http:\/\/forotf.com\/pt\/#organization"},"alternateName":"FTF","potentialAction":[{"@type":"SearchAction","target":{"@type":"EntryPoint","urlTemplate":"http:\/\/forotf.com\/pt\/?s={search_term_string}"},"query-input":{"@type":"PropertyValueSpecification","valueRequired":true,"valueName":"search_term_string"}}],"inLanguage":"pt-BR"},{"@type":"Organization","@id":"http:\/\/forotf.com\/pt\/#organization","name":"F\u00f3rum de Treinamento T\u00e9cnico","alternateName":"FTF","url":"http:\/\/forotf.com\/pt\/","logo":{"@type":"ImageObject","inLanguage":"pt-BR","@id":"http:\/\/forotf.com\/pt\/#\/schema\/logo\/image\/","url":"https:\/\/forotf.com\/wp-content\/uploads\/2024\/02\/Oficial-Logo-FTF-Color.svg","contentUrl":"https:\/\/forotf.com\/wp-content\/uploads\/2024\/02\/Oficial-Logo-FTF-Color.svg","width":794,"height":212,"caption":"Foro T\u00e9cnico de Formaci\u00f3n"},"image":{"@id":"http:\/\/forotf.com\/pt\/#\/schema\/logo\/image\/"},"sameAs":["https:\/\/es-es.facebook.com\/forotf\/","https:\/\/www.instagram.com\/ftformacion\/?igshid=MWZjMTM2ODFkZg==","https:\/\/www.linkedin.com\/company\/foro-tecnico-de-formacion\/?originalSubdomain=es","https:\/\/www.youtube.com\/channel\/UCTzzsDUdLaZtfAGiP_ipLIg"]}]}},"publishpress_future_workflow_manual_trigger":{"enabledWorkflows":[]},"_links":{"self":[{"href":"https:\/\/forotf.com\/pt\/wp-json\/wp\/v2\/product\/5809","targetHints":{"allow":["GET"]}}],"collection":[{"href":"https:\/\/forotf.com\/pt\/wp-json\/wp\/v2\/product"}],"about":[{"href":"https:\/\/forotf.com\/pt\/wp-json\/wp\/v2\/types\/product"}],"replies":[{"embeddable":true,"href":"https:\/\/forotf.com\/pt\/wp-json\/wp\/v2\/comments?post=5809"}],"wp:featuredmedia":[{"embeddable":true,"href":"https:\/\/forotf.com\/pt\/wp-json\/wp\/v2\/media\/5813"}],"wp:attachment":[{"href":"https:\/\/forotf.com\/pt\/wp-json\/wp\/v2\/media?parent=5809"}],"wp:term":[{"taxonomy":"product_brand","embeddable":true,"href":"https:\/\/forotf.com\/pt\/wp-json\/wp\/v2\/product_brand?post=5809"},{"taxonomy":"product_cat","embeddable":true,"href":"https:\/\/forotf.com\/pt\/wp-json\/wp\/v2\/product_cat?post=5809"},{"taxonomy":"product_tag","embeddable":true,"href":"https:\/\/forotf.com\/pt\/wp-json\/wp\/v2\/product_tag?post=5809"}],"curies":[{"name":"wp","href":"https:\/\/api.w.org\/{rel}","templated":true}]}}