{"id":5570,"date":"2024-07-30T08:23:05","date_gmt":"2024-07-30T08:23:05","guid":{"rendered":"https:\/\/forotf.com\/?post_type=product&#038;p=5570"},"modified":"2025-07-15T10:40:18","modified_gmt":"2025-07-15T10:40:18","slug":"buen-trato","status":"publish","type":"product","link":"https:\/\/forotf.com\/pt\/curso\/buen-trato\/","title":{"rendered":"Bom trato"},"content":{"rendered":"<p>Descubra o caminho para um ambiente de cuidado enriquecedor com nosso curso \u201cBom Tratamento\u201d! Gra\u00e7as a este curso voc\u00ea mergulhar\u00e1 na conceitua\u00e7\u00e3o do bom tratamento dos idosos nas institui\u00e7\u00f5es. Desde a mudan\u00e7a do modelo de cuidado de longo prazo at\u00e9 os princ\u00edpios fundamentais do cuidado centrado na pessoa, voc\u00ea explorar\u00e1 detalhadamente como aplicar um bom tratamento em todas as dimens\u00f5es. Com tipologias espec\u00edficas, como n\u00e3o vitimiza\u00e7\u00e3o, personaliza\u00e7\u00e3o, humaniza\u00e7\u00e3o e evita\u00e7\u00e3o da infantiliza\u00e7\u00e3o, voc\u00ea aprender\u00e1 a cuidar com sensibilidade e respeito.<br \/>\nVoc\u00ea tamb\u00e9m desvendar\u00e1 os fatores que favorecem ou dificultam o bom tratamento. Ao analisar aspectos relacionados aos residentes, aos profissionais e ao contexto, voc\u00ea obter\u00e1 uma compreens\u00e3o abrangente das din\u00e2micas que influenciam a qualidade do tratamento prestado.<br \/>\nEste curso fornecer\u00e1 estrat\u00e9gias valiosas para promover um bom tratamento. Desde medidas preventivas at\u00e9 a\u00e7\u00f5es espec\u00edficas para garantir o bem-estar dos idosos, voc\u00ea poder\u00e1 munir-se de ferramentas pr\u00e1ticas e conhecimentos s\u00f3lidos.<br \/>\nJunte-se a n\u00f3s e contribua para a constru\u00e7\u00e3o de ambientes de cuidado onde o respeito e a empatia s\u00e3o essenciais. Cadastre-se agora e fa\u00e7a a diferen\u00e7a na vida de quem mais precisa!<\/p>","protected":false},"excerpt":{"rendered":"<p>Descubra como criar um ambiente de cuidado enriquecedor com nosso curso \u201cBom Tratamento\u201d. Voc\u00ea aprender\u00e1 a aplicar um bom tratamento aos idosos em institui\u00e7\u00f5es, explorando a mudan\u00e7a no modelo de atendimento e os princ\u00edpios do cuidado centrado na pessoa. Voc\u00ea aprender\u00e1 sobre tipologias como n\u00e3o vitimiza\u00e7\u00e3o, personaliza\u00e7\u00e3o e humaniza\u00e7\u00e3o, e evitar\u00e1 a infantiliza\u00e7\u00e3o. Voc\u00ea analisar\u00e1 fatores que influenciam a qualidade do tratamento e obter\u00e1 estrat\u00e9gias para promover o bem-estar dos idosos. Participe e contribua para a constru\u00e7\u00e3o de ambientes de cuidado respeitosos e emp\u00e1ticos. Cadastre-se agora e fa\u00e7a a diferen\u00e7a!<\/p>","protected":false},"featured_media":5571,"comment_status":"closed","ping_status":"closed","template":"","meta":{"codigo-servicio":"2089-A","costo-gestion":"3.63"},"product_brand":[],"product_cat":[15],"product_tag":[],"class_list":{"0":"post-5570","1":"product","2":"type-product","3":"status-publish","4":"has-post-thumbnail","6":"product_cat-uncategorized","8":"first","9":"instock","10":"shipping-taxable","11":"purchasable","12":"product-type-simple"},"pp_statuses_selecting_workflow":false,"pp_workflow_action":"current","pp_status_selection":"publish","yoast_head":"<!-- This site is optimized with the Yoast SEO plugin v27.3 - https:\/\/yoast.com\/product\/yoast-seo-wordpress\/ -->\n<title>Curso de Buen trato | Foro T\u00e9cnico de Formaci\u00f3n<\/title>\n<meta name=\"description\" content=\"Potencia tu conocimiento con nuestro curso Buen trato. Descubre, aprende y crece con Foro T\u00e9cnico de Formaci\u00f3n.\" \/>\n<meta name=\"robots\" content=\"index, follow, max-snippet:-1, max-image-preview:large, max-video-preview:-1\" \/>\n<link rel=\"canonical\" href=\"https:\/\/forotf.com\/pt\/curso\/buen-trato\/\" \/>\n<meta property=\"og:locale\" content=\"pt_BR\" \/>\n<meta property=\"og:type\" content=\"article\" \/>\n<meta property=\"og:title\" content=\"Curso de Buen trato | Foro T\u00e9cnico de Formaci\u00f3n\" \/>\n<meta property=\"og:description\" content=\"Potencia tu conocimiento con nuestro curso Buen trato. Descubre, aprende y crece con Foro T\u00e9cnico de Formaci\u00f3n.\" \/>\n<meta property=\"og:url\" content=\"https:\/\/forotf.com\/pt\/curso\/buen-trato\/\" \/>\n<meta property=\"og:site_name\" content=\"Foro T\u00e9cnico de Formaci\u00f3n\" \/>\n<meta property=\"article:publisher\" content=\"https:\/\/es-es.facebook.com\/forotf\/\" \/>\n<meta property=\"article:modified_time\" content=\"2025-07-15T10:40:18+00:00\" \/>\n<meta property=\"og:image\" content=\"https:\/\/forotf.com\/wp-content\/uploads\/2024\/07\/shutterstock_6553496981-scaled.jpg\" \/>\n\t<meta property=\"og:image:width\" content=\"2560\" \/>\n\t<meta property=\"og:image:height\" content=\"1707\" \/>\n\t<meta property=\"og:image:type\" content=\"image\/jpeg\" \/>\n<meta name=\"twitter:card\" content=\"summary_large_image\" \/>\n<script type=\"application\/ld+json\" class=\"yoast-schema-graph\">{\"@context\":\"https:\\\/\\\/schema.org\",\"@graph\":[{\"@type\":\"WebPage\",\"@id\":\"https:\\\/\\\/forotf.com\\\/curso\\\/buen-trato\\\/\",\"url\":\"https:\\\/\\\/forotf.com\\\/curso\\\/buen-trato\\\/\",\"name\":\"Curso de Buen trato | Foro T\u00e9cnico de Formaci\u00f3n\",\"isPartOf\":{\"@id\":\"http:\\\/\\\/forotf.com\\\/pt\\\/#website\"},\"primaryImageOfPage\":{\"@id\":\"https:\\\/\\\/forotf.com\\\/curso\\\/buen-trato\\\/#primaryimage\"},\"image\":{\"@id\":\"https:\\\/\\\/forotf.com\\\/curso\\\/buen-trato\\\/#primaryimage\"},\"thumbnailUrl\":\"https:\\\/\\\/forotf.com\\\/wp-content\\\/uploads\\\/2024\\\/07\\\/shutterstock_6553496981-scaled.jpg\",\"datePublished\":\"2024-07-30T08:23:05+00:00\",\"dateModified\":\"2025-07-15T10:40:18+00:00\",\"description\":\"Potencia tu conocimiento con nuestro curso Buen trato. Descubre, aprende y crece con Foro T\u00e9cnico de Formaci\u00f3n.\",\"breadcrumb\":{\"@id\":\"https:\\\/\\\/forotf.com\\\/curso\\\/buen-trato\\\/#breadcrumb\"},\"inLanguage\":\"pt-BR\",\"potentialAction\":[{\"@type\":\"ReadAction\",\"target\":[\"https:\\\/\\\/forotf.com\\\/curso\\\/buen-trato\\\/\"]}]},{\"@type\":\"ImageObject\",\"inLanguage\":\"pt-BR\",\"@id\":\"https:\\\/\\\/forotf.com\\\/curso\\\/buen-trato\\\/#primaryimage\",\"url\":\"https:\\\/\\\/forotf.com\\\/wp-content\\\/uploads\\\/2024\\\/07\\\/shutterstock_6553496981-scaled.jpg\",\"contentUrl\":\"https:\\\/\\\/forotf.com\\\/wp-content\\\/uploads\\\/2024\\\/07\\\/shutterstock_6553496981-scaled.jpg\",\"width\":2560,\"height\":1707},{\"@type\":\"BreadcrumbList\",\"@id\":\"https:\\\/\\\/forotf.com\\\/curso\\\/buen-trato\\\/#breadcrumb\",\"itemListElement\":[{\"@type\":\"ListItem\",\"position\":1,\"name\":\"Inicio\",\"item\":\"https:\\\/\\\/forotf.com\\\/\"},{\"@type\":\"ListItem\",\"position\":2,\"name\":\"Cursos\",\"item\":\"https:\\\/\\\/forotf.com\\\/cursos\\\/\"},{\"@type\":\"ListItem\",\"position\":3,\"name\":\"Uncategorized\",\"item\":\"http:\\\/\\\/forotf.com\\\/pt\\\/product-category\\\/uncategorized\\\/\"},{\"@type\":\"ListItem\",\"position\":4,\"name\":\"Buen trato\"}]},{\"@type\":\"WebSite\",\"@id\":\"http:\\\/\\\/forotf.com\\\/pt\\\/#website\",\"url\":\"http:\\\/\\\/forotf.com\\\/pt\\\/\",\"name\":\"Foro T\u00e9cnico de Formaci\u00f3n\",\"description\":\"Formaci\u00f3n para Empresas\",\"publisher\":{\"@id\":\"http:\\\/\\\/forotf.com\\\/pt\\\/#organization\"},\"alternateName\":\"FTF\",\"potentialAction\":[{\"@type\":\"SearchAction\",\"target\":{\"@type\":\"EntryPoint\",\"urlTemplate\":\"http:\\\/\\\/forotf.com\\\/pt\\\/?s={search_term_string}\"},\"query-input\":{\"@type\":\"PropertyValueSpecification\",\"valueRequired\":true,\"valueName\":\"search_term_string\"}}],\"inLanguage\":\"pt-BR\"},{\"@type\":\"Organization\",\"@id\":\"http:\\\/\\\/forotf.com\\\/pt\\\/#organization\",\"name\":\"Foro T\u00e9cnico de Formaci\u00f3n\",\"alternateName\":\"FTF\",\"url\":\"http:\\\/\\\/forotf.com\\\/pt\\\/\",\"logo\":{\"@type\":\"ImageObject\",\"inLanguage\":\"pt-BR\",\"@id\":\"http:\\\/\\\/forotf.com\\\/pt\\\/#\\\/schema\\\/logo\\\/image\\\/\",\"url\":\"https:\\\/\\\/forotf.com\\\/wp-content\\\/uploads\\\/2024\\\/02\\\/Oficial-Logo-FTF-Color.svg\",\"contentUrl\":\"https:\\\/\\\/forotf.com\\\/wp-content\\\/uploads\\\/2024\\\/02\\\/Oficial-Logo-FTF-Color.svg\",\"width\":794,\"height\":212,\"caption\":\"Foro T\u00e9cnico de Formaci\u00f3n\"},\"image\":{\"@id\":\"http:\\\/\\\/forotf.com\\\/pt\\\/#\\\/schema\\\/logo\\\/image\\\/\"},\"sameAs\":[\"https:\\\/\\\/es-es.facebook.com\\\/forotf\\\/\",\"https:\\\/\\\/www.instagram.com\\\/ftformacion\\\/?igshid=MWZjMTM2ODFkZg==\",\"https:\\\/\\\/www.linkedin.com\\\/company\\\/foro-tecnico-de-formacion\\\/?originalSubdomain=es\",\"https:\\\/\\\/www.youtube.com\\\/channel\\\/UCTzzsDUdLaZtfAGiP_ipLIg\"]}]}<\/script>\n<!-- \/ Yoast SEO plugin. -->","yoast_head_json":{"title":"Curso de Buen trato | Foro T\u00e9cnico de Formaci\u00f3n","description":"Potencia tu conocimiento con nuestro curso Buen trato. Descubre, aprende y crece con Foro T\u00e9cnico de Formaci\u00f3n.","robots":{"index":"index","follow":"follow","max-snippet":"max-snippet:-1","max-image-preview":"max-image-preview:large","max-video-preview":"max-video-preview:-1"},"canonical":"https:\/\/forotf.com\/pt\/curso\/buen-trato\/","og_locale":"pt_BR","og_type":"article","og_title":"Curso de Buen trato | Foro T\u00e9cnico de Formaci\u00f3n","og_description":"Potencia tu conocimiento con nuestro curso Buen trato. Descubre, aprende y crece con Foro T\u00e9cnico de Formaci\u00f3n.","og_url":"https:\/\/forotf.com\/pt\/curso\/buen-trato\/","og_site_name":"Foro T\u00e9cnico de Formaci\u00f3n","article_publisher":"https:\/\/es-es.facebook.com\/forotf\/","article_modified_time":"2025-07-15T10:40:18+00:00","og_image":[{"width":2560,"height":1707,"url":"https:\/\/forotf.com\/wp-content\/uploads\/2024\/07\/shutterstock_6553496981-scaled.jpg","type":"image\/jpeg"}],"twitter_card":"summary_large_image","schema":{"@context":"https:\/\/schema.org","@graph":[{"@type":"WebPage","@id":"https:\/\/forotf.com\/curso\/buen-trato\/","url":"https:\/\/forotf.com\/curso\/buen-trato\/","name":"Curso de Buen trato | Foro T\u00e9cnico de Formaci\u00f3n","isPartOf":{"@id":"http:\/\/forotf.com\/pt\/#website"},"primaryImageOfPage":{"@id":"https:\/\/forotf.com\/curso\/buen-trato\/#primaryimage"},"image":{"@id":"https:\/\/forotf.com\/curso\/buen-trato\/#primaryimage"},"thumbnailUrl":"https:\/\/forotf.com\/wp-content\/uploads\/2024\/07\/shutterstock_6553496981-scaled.jpg","datePublished":"2024-07-30T08:23:05+00:00","dateModified":"2025-07-15T10:40:18+00:00","description":"Potencia tu conocimiento con nuestro curso Buen trato. Descubre, aprende y crece con Foro T\u00e9cnico de Formaci\u00f3n.","breadcrumb":{"@id":"https:\/\/forotf.com\/curso\/buen-trato\/#breadcrumb"},"inLanguage":"pt-BR","potentialAction":[{"@type":"ReadAction","target":["https:\/\/forotf.com\/curso\/buen-trato\/"]}]},{"@type":"ImageObject","inLanguage":"pt-BR","@id":"https:\/\/forotf.com\/curso\/buen-trato\/#primaryimage","url":"https:\/\/forotf.com\/wp-content\/uploads\/2024\/07\/shutterstock_6553496981-scaled.jpg","contentUrl":"https:\/\/forotf.com\/wp-content\/uploads\/2024\/07\/shutterstock_6553496981-scaled.jpg","width":2560,"height":1707},{"@type":"BreadcrumbList","@id":"https:\/\/forotf.com\/curso\/buen-trato\/#breadcrumb","itemListElement":[{"@type":"ListItem","position":1,"name":"Inicio","item":"https:\/\/forotf.com\/"},{"@type":"ListItem","position":2,"name":"Cursos","item":"https:\/\/forotf.com\/cursos\/"},{"@type":"ListItem","position":3,"name":"Uncategorized","item":"http:\/\/forotf.com\/pt\/product-category\/uncategorized\/"},{"@type":"ListItem","position":4,"name":"Buen trato"}]},{"@type":"WebSite","@id":"http:\/\/forotf.com\/pt\/#website","url":"http:\/\/forotf.com\/pt\/","name":"F\u00f3rum de Treinamento T\u00e9cnico","description":"Treinamento para Empresas","publisher":{"@id":"http:\/\/forotf.com\/pt\/#organization"},"alternateName":"FTF","potentialAction":[{"@type":"SearchAction","target":{"@type":"EntryPoint","urlTemplate":"http:\/\/forotf.com\/pt\/?s={search_term_string}"},"query-input":{"@type":"PropertyValueSpecification","valueRequired":true,"valueName":"search_term_string"}}],"inLanguage":"pt-BR"},{"@type":"Organization","@id":"http:\/\/forotf.com\/pt\/#organization","name":"F\u00f3rum de Treinamento T\u00e9cnico","alternateName":"FTF","url":"http:\/\/forotf.com\/pt\/","logo":{"@type":"ImageObject","inLanguage":"pt-BR","@id":"http:\/\/forotf.com\/pt\/#\/schema\/logo\/image\/","url":"https:\/\/forotf.com\/wp-content\/uploads\/2024\/02\/Oficial-Logo-FTF-Color.svg","contentUrl":"https:\/\/forotf.com\/wp-content\/uploads\/2024\/02\/Oficial-Logo-FTF-Color.svg","width":794,"height":212,"caption":"Foro T\u00e9cnico de Formaci\u00f3n"},"image":{"@id":"http:\/\/forotf.com\/pt\/#\/schema\/logo\/image\/"},"sameAs":["https:\/\/es-es.facebook.com\/forotf\/","https:\/\/www.instagram.com\/ftformacion\/?igshid=MWZjMTM2ODFkZg==","https:\/\/www.linkedin.com\/company\/foro-tecnico-de-formacion\/?originalSubdomain=es","https:\/\/www.youtube.com\/channel\/UCTzzsDUdLaZtfAGiP_ipLIg"]}]}},"publishpress_future_workflow_manual_trigger":{"enabledWorkflows":[]},"_links":{"self":[{"href":"https:\/\/forotf.com\/pt\/wp-json\/wp\/v2\/product\/5570","targetHints":{"allow":["GET"]}}],"collection":[{"href":"https:\/\/forotf.com\/pt\/wp-json\/wp\/v2\/product"}],"about":[{"href":"https:\/\/forotf.com\/pt\/wp-json\/wp\/v2\/types\/product"}],"replies":[{"embeddable":true,"href":"https:\/\/forotf.com\/pt\/wp-json\/wp\/v2\/comments?post=5570"}],"wp:featuredmedia":[{"embeddable":true,"href":"https:\/\/forotf.com\/pt\/wp-json\/wp\/v2\/media\/5571"}],"wp:attachment":[{"href":"https:\/\/forotf.com\/pt\/wp-json\/wp\/v2\/media?parent=5570"}],"wp:term":[{"taxonomy":"product_brand","embeddable":true,"href":"https:\/\/forotf.com\/pt\/wp-json\/wp\/v2\/product_brand?post=5570"},{"taxonomy":"product_cat","embeddable":true,"href":"https:\/\/forotf.com\/pt\/wp-json\/wp\/v2\/product_cat?post=5570"},{"taxonomy":"product_tag","embeddable":true,"href":"https:\/\/forotf.com\/pt\/wp-json\/wp\/v2\/product_tag?post=5570"}],"curies":[{"name":"wp","href":"https:\/\/api.w.org\/{rel}","templated":true}]}}