{"id":5518,"date":"2024-07-09T11:28:28","date_gmt":"2024-07-09T11:28:28","guid":{"rendered":"https:\/\/forotf.com\/?post_type=product&#038;p=5518"},"modified":"2025-11-11T12:22:04","modified_gmt":"2025-11-11T12:22:04","slug":"direccion-y-gestion-de-centros-y-servicios-para-la-dependencia-modalidad-mixta","status":"publish","type":"product","link":"https:\/\/forotf.com\/pt\/curso\/direccion-y-gestion-de-centros-y-servicios-para-la-dependencia-modalidad-mixta\/","title":{"rendered":"Dire\u00e7\u00e3o e gest\u00e3o de centros e servi\u00e7os para depend\u00eancia | Modo misto"},"content":{"rendered":"<p>Programa de forma\u00e7\u00e3o supervisionado pela Unidade Externa de Supervis\u00e3o de Forma\u00e7\u00e3o da Universidade Francisco de Vit\u00f3ria. Possui um corpo docente de perfil multidisciplinar com forma\u00e7\u00e3o t\u00e9cnica superior nas seguintes \u00e1reas:<\/p>\n<ul>\n<li>\u00c1rea de Gest\u00e3o Empresarial: RH, Cont\u00e1bil, Financeiro, Jur\u00eddico.<\/li>\n<li>\u00c1rea de Atendimento: Medicina, Enfermagem, Psiquiatria.<\/li>\n<li>\u00c1rea Psicossocial: Psicologia, Servi\u00e7o Social, Terapia Ocupacional, Educa\u00e7\u00e3o Social, Pedagogia.<\/li>\n<\/ul>\n<p>Esta formaci\u00f3n se compone de 7 m\u00f3dulos, cada uno de ellos profundiza en un \u00e1rea relevante en la gesti\u00f3n \u00f3ptima del centro: recursos humanos, econom\u00eda, calidad, prevenci\u00f3n de riesgos\u2026 Cada uno de estos m\u00f3dulos estar\u00e1 tutorizado por un profesional experto que te acompa\u00f1ar\u00e1 en todo el proceso de aprendizaje. Consulta las fechas de inicio de cada m\u00f3dulo en el apartado de contenidos. Podr\u00e1s contactar a trav\u00e9s de la mensajer\u00eda de la plataforma para trasladar tus dudas.<\/p>\n<p>Em cada m\u00f3dulo s\u00e3o ministradas sess\u00f5es de refor\u00e7o por videoconfer\u00eancia (Sala de Aula Virtual) nas quais voc\u00ea pode aproveitar para conhecer seus colegas e compartilhar d\u00favidas e ideias.<\/p>\n<p>Durante a forma\u00e7\u00e3o dever\u00e1 preparar um projeto final com a ajuda e orienta\u00e7\u00e3o de especialistas e sess\u00f5es de mentoria para alcan\u00e7ar um projeto sustent\u00e1vel e realista.<\/p>\n<p>Pergunte-nos!<\/p>","protected":false},"excerpt":{"rendered":"<p><span class=\"yt-core-attributed-string yt-core-attributed-string--white-space-pre-wrap\"><span class=\"yt-core-attributed-string--link-inherit-color\">O curso de Dire\u00e7\u00e3o e gest\u00e3o de centros e servi\u00e7os para depend\u00eancia permite desempenhar fun\u00e7\u00f5es de gest\u00e3o em qualquer recurso no \u00e2mbito da Depend\u00eancia (centros residenciais, centros de dia, centros de atendimento a pessoas com defici\u00eancia).<\/span><\/span><\/p>\n<p><span class=\"ui-provider a b c d e f g h i j k l m n o p q r s t u v w x y z ab ac ae af ag ah ai aj ak\" dir=\"ltr\">Est\u00e1 supervisado por la Universidad Francisco de Vitoria (UFV) de Madrid y recomendado por Asociaci\u00f3n Espa\u00f1ola de Psicogerontolog\u00eda<\/span><\/p>\n<p>Consulta las fechas de inicio de cada m\u00f3dulo en el apartado de contenidos.<\/p>\n<p><img decoding=\"async\" class=\"alignnone size-medium wp-image-5353\" src=\"http:\/\/forotf.com\/wp-content\/uploads\/2024\/03\/ufv-1-300x131.gif\" alt=\"\" width=\"300\" height=\"131\" srcset=\"https:\/\/forotf.com\/wp-content\/uploads\/2024\/03\/ufv-1-300x131.gif 300w, https:\/\/forotf.com\/wp-content\/uploads\/2024\/03\/ufv-1-18x8.gif 18w, https:\/\/forotf.com\/wp-content\/uploads\/2024\/03\/ufv-1-64x28.gif 64w\" sizes=\"(max-width: 300px) 100vw, 300px\" \/><img decoding=\"async\" class=\"alignnone wp-image-7181\" src=\"https:\/\/forotf.com\/wp-content\/uploads\/2024\/07\/LogodefinitivoAEPG-solocirculosinfondoblanco-283x300.png\" alt=\"\" width=\"133\" height=\"141\" srcset=\"https:\/\/forotf.com\/wp-content\/uploads\/2024\/07\/LogodefinitivoAEPG-solocirculosinfondoblanco-283x300.png 283w, https:\/\/forotf.com\/wp-content\/uploads\/2024\/07\/LogodefinitivoAEPG-solocirculosinfondoblanco-11x12.png 11w, https:\/\/forotf.com\/wp-content\/uploads\/2024\/07\/LogodefinitivoAEPG-solocirculosinfondoblanco-600x636.png 600w, https:\/\/forotf.com\/wp-content\/uploads\/2024\/07\/LogodefinitivoAEPG-solocirculosinfondoblanco-64x68.png 64w, https:\/\/forotf.com\/wp-content\/uploads\/2024\/07\/LogodefinitivoAEPG-solocirculosinfondoblanco.png 669w\" sizes=\"(max-width: 133px) 100vw, 133px\" \/><\/p>\n<p>&nbsp;<\/p>\n<p>&nbsp;<\/p>","protected":false},"featured_media":5765,"comment_status":"closed","ping_status":"closed","template":"","meta":{"codigo-servicio":"130-D","costo-gestion":"163.35"},"product_brand":[],"product_cat":[88],"product_tag":[89,101,90,104,103,91,102],"class_list":{"0":"post-5518","1":"product","2":"type-product","3":"status-publish","4":"has-post-thumbnail","6":"product_cat-programado","7":"product_tag-100-bonificable","8":"product_tag-evaluacion-por-unidad-formativa","9":"product_tag-multidispositivo","10":"product_tag-proyecto-final","11":"product_tag-sesiones-expertise","12":"product_tag-sin-horarios","13":"product_tag-tutorias-personalizadas","15":"first","16":"instock","17":"shipping-taxable","18":"purchasable","19":"product-type-simple"},"pp_statuses_selecting_workflow":false,"pp_workflow_action":"current","pp_status_selection":"publish","yoast_head":"<!-- This site is optimized with the Yoast SEO plugin v27.3 - https:\/\/yoast.com\/product\/yoast-seo-wordpress\/ -->\n<title>Direcci\u00f3n y gesti\u00f3n de centros y servicios para la Dependencia<\/title>\n<meta name=\"description\" content=\"Curso supervisado por la Universidad Francisco de Vitoria que habilita para la direcci\u00f3n y gesti\u00f3n de centros y servicios para la dependencia\" \/>\n<meta name=\"robots\" content=\"index, follow, max-snippet:-1, max-image-preview:large, max-video-preview:-1\" \/>\n<link rel=\"canonical\" href=\"https:\/\/forotf.com\/pt\/curso\/direccion-y-gestion-de-centros-y-servicios-para-la-dependencia-modalidad-mixta\/\" \/>\n<meta property=\"og:locale\" content=\"pt_BR\" \/>\n<meta property=\"og:type\" content=\"article\" \/>\n<meta property=\"og:title\" content=\"Direcci\u00f3n y gesti\u00f3n de centros y servicios para la Dependencia\" \/>\n<meta property=\"og:description\" content=\"Curso supervisado por la Universidad Francisco de Vitoria que habilita para la direcci\u00f3n y gesti\u00f3n de centros y servicios para la dependencia\" \/>\n<meta property=\"og:url\" content=\"https:\/\/forotf.com\/pt\/curso\/direccion-y-gestion-de-centros-y-servicios-para-la-dependencia-modalidad-mixta\/\" \/>\n<meta property=\"og:site_name\" content=\"Foro T\u00e9cnico de Formaci\u00f3n\" \/>\n<meta property=\"article:publisher\" content=\"https:\/\/es-es.facebook.com\/forotf\/\" \/>\n<meta property=\"article:modified_time\" content=\"2025-11-11T12:22:04+00:00\" \/>\n<meta property=\"og:image\" content=\"https:\/\/forotf.com\/wp-content\/uploads\/2024\/03\/pexels-edmond-dantes-43473661-scaled.jpg\" \/>\n\t<meta property=\"og:image:width\" content=\"2560\" \/>\n\t<meta property=\"og:image:height\" content=\"1707\" \/>\n\t<meta property=\"og:image:type\" content=\"image\/jpeg\" \/>\n<meta name=\"twitter:card\" content=\"summary_large_image\" \/>\n<script type=\"application\/ld+json\" class=\"yoast-schema-graph\">{\"@context\":\"https:\\\/\\\/schema.org\",\"@graph\":[{\"@type\":\"WebPage\",\"@id\":\"https:\\\/\\\/forotf.com\\\/curso\\\/direccion-y-gestion-de-centros-y-servicios-para-la-dependencia-modalidad-mixta\\\/\",\"url\":\"https:\\\/\\\/forotf.com\\\/curso\\\/direccion-y-gestion-de-centros-y-servicios-para-la-dependencia-modalidad-mixta\\\/\",\"name\":\"Direcci\u00f3n y gesti\u00f3n de centros y servicios para la Dependencia\",\"isPartOf\":{\"@id\":\"http:\\\/\\\/forotf.com\\\/pt\\\/#website\"},\"primaryImageOfPage\":{\"@id\":\"https:\\\/\\\/forotf.com\\\/curso\\\/direccion-y-gestion-de-centros-y-servicios-para-la-dependencia-modalidad-mixta\\\/#primaryimage\"},\"image\":{\"@id\":\"https:\\\/\\\/forotf.com\\\/curso\\\/direccion-y-gestion-de-centros-y-servicios-para-la-dependencia-modalidad-mixta\\\/#primaryimage\"},\"thumbnailUrl\":\"https:\\\/\\\/forotf.com\\\/wp-content\\\/uploads\\\/2024\\\/03\\\/pexels-edmond-dantes-43473661-scaled.jpg\",\"datePublished\":\"2024-07-09T11:28:28+00:00\",\"dateModified\":\"2025-11-11T12:22:04+00:00\",\"description\":\"Curso supervisado por la Universidad Francisco de Vitoria que habilita para la direcci\u00f3n y gesti\u00f3n de centros y servicios para la dependencia\",\"breadcrumb\":{\"@id\":\"https:\\\/\\\/forotf.com\\\/curso\\\/direccion-y-gestion-de-centros-y-servicios-para-la-dependencia-modalidad-mixta\\\/#breadcrumb\"},\"inLanguage\":\"pt-BR\",\"potentialAction\":[{\"@type\":\"ReadAction\",\"target\":[\"https:\\\/\\\/forotf.com\\\/curso\\\/direccion-y-gestion-de-centros-y-servicios-para-la-dependencia-modalidad-mixta\\\/\"]}]},{\"@type\":\"ImageObject\",\"inLanguage\":\"pt-BR\",\"@id\":\"https:\\\/\\\/forotf.com\\\/curso\\\/direccion-y-gestion-de-centros-y-servicios-para-la-dependencia-modalidad-mixta\\\/#primaryimage\",\"url\":\"https:\\\/\\\/forotf.com\\\/wp-content\\\/uploads\\\/2024\\\/03\\\/pexels-edmond-dantes-43473661-scaled.jpg\",\"contentUrl\":\"https:\\\/\\\/forotf.com\\\/wp-content\\\/uploads\\\/2024\\\/03\\\/pexels-edmond-dantes-43473661-scaled.jpg\",\"width\":2560,\"height\":1707},{\"@type\":\"BreadcrumbList\",\"@id\":\"https:\\\/\\\/forotf.com\\\/curso\\\/direccion-y-gestion-de-centros-y-servicios-para-la-dependencia-modalidad-mixta\\\/#breadcrumb\",\"itemListElement\":[{\"@type\":\"ListItem\",\"position\":1,\"name\":\"Inicio\",\"item\":\"https:\\\/\\\/forotf.com\\\/\"},{\"@type\":\"ListItem\",\"position\":2,\"name\":\"Cursos\",\"item\":\"https:\\\/\\\/forotf.com\\\/cursos\\\/\"},{\"@type\":\"ListItem\",\"position\":3,\"name\":\"Programado\",\"item\":\"http:\\\/\\\/forotf.com\\\/pt\\\/product-category\\\/programado\\\/\"},{\"@type\":\"ListItem\",\"position\":4,\"name\":\"Direcci\u00f3n y gesti\u00f3n de centros y servicios para la dependencia | Modalidad mixta\"}]},{\"@type\":\"WebSite\",\"@id\":\"http:\\\/\\\/forotf.com\\\/pt\\\/#website\",\"url\":\"http:\\\/\\\/forotf.com\\\/pt\\\/\",\"name\":\"Foro T\u00e9cnico de Formaci\u00f3n\",\"description\":\"Formaci\u00f3n para Empresas\",\"publisher\":{\"@id\":\"http:\\\/\\\/forotf.com\\\/pt\\\/#organization\"},\"alternateName\":\"FTF\",\"potentialAction\":[{\"@type\":\"SearchAction\",\"target\":{\"@type\":\"EntryPoint\",\"urlTemplate\":\"http:\\\/\\\/forotf.com\\\/pt\\\/?s={search_term_string}\"},\"query-input\":{\"@type\":\"PropertyValueSpecification\",\"valueRequired\":true,\"valueName\":\"search_term_string\"}}],\"inLanguage\":\"pt-BR\"},{\"@type\":\"Organization\",\"@id\":\"http:\\\/\\\/forotf.com\\\/pt\\\/#organization\",\"name\":\"Foro T\u00e9cnico de Formaci\u00f3n\",\"alternateName\":\"FTF\",\"url\":\"http:\\\/\\\/forotf.com\\\/pt\\\/\",\"logo\":{\"@type\":\"ImageObject\",\"inLanguage\":\"pt-BR\",\"@id\":\"http:\\\/\\\/forotf.com\\\/pt\\\/#\\\/schema\\\/logo\\\/image\\\/\",\"url\":\"https:\\\/\\\/forotf.com\\\/wp-content\\\/uploads\\\/2024\\\/02\\\/Oficial-Logo-FTF-Color.svg\",\"contentUrl\":\"https:\\\/\\\/forotf.com\\\/wp-content\\\/uploads\\\/2024\\\/02\\\/Oficial-Logo-FTF-Color.svg\",\"width\":794,\"height\":212,\"caption\":\"Foro T\u00e9cnico de Formaci\u00f3n\"},\"image\":{\"@id\":\"http:\\\/\\\/forotf.com\\\/pt\\\/#\\\/schema\\\/logo\\\/image\\\/\"},\"sameAs\":[\"https:\\\/\\\/es-es.facebook.com\\\/forotf\\\/\",\"https:\\\/\\\/www.instagram.com\\\/ftformacion\\\/?igshid=MWZjMTM2ODFkZg==\",\"https:\\\/\\\/www.linkedin.com\\\/company\\\/foro-tecnico-de-formacion\\\/?originalSubdomain=es\",\"https:\\\/\\\/www.youtube.com\\\/channel\\\/UCTzzsDUdLaZtfAGiP_ipLIg\"]}]}<\/script>\n<!-- \/ Yoast SEO plugin. -->","yoast_head_json":{"title":"Direcci\u00f3n y gesti\u00f3n de centros y servicios para la Dependencia","description":"Curso supervisado por la Universidad Francisco de Vitoria que habilita para la direcci\u00f3n y gesti\u00f3n de centros y servicios para la dependencia","robots":{"index":"index","follow":"follow","max-snippet":"max-snippet:-1","max-image-preview":"max-image-preview:large","max-video-preview":"max-video-preview:-1"},"canonical":"https:\/\/forotf.com\/pt\/curso\/direccion-y-gestion-de-centros-y-servicios-para-la-dependencia-modalidad-mixta\/","og_locale":"pt_BR","og_type":"article","og_title":"Direcci\u00f3n y gesti\u00f3n de centros y servicios para la Dependencia","og_description":"Curso supervisado por la Universidad Francisco de Vitoria que habilita para la direcci\u00f3n y gesti\u00f3n de centros y servicios para la dependencia","og_url":"https:\/\/forotf.com\/pt\/curso\/direccion-y-gestion-de-centros-y-servicios-para-la-dependencia-modalidad-mixta\/","og_site_name":"Foro T\u00e9cnico de Formaci\u00f3n","article_publisher":"https:\/\/es-es.facebook.com\/forotf\/","article_modified_time":"2025-11-11T12:22:04+00:00","og_image":[{"width":2560,"height":1707,"url":"https:\/\/forotf.com\/wp-content\/uploads\/2024\/03\/pexels-edmond-dantes-43473661-scaled.jpg","type":"image\/jpeg"}],"twitter_card":"summary_large_image","schema":{"@context":"https:\/\/schema.org","@graph":[{"@type":"WebPage","@id":"https:\/\/forotf.com\/curso\/direccion-y-gestion-de-centros-y-servicios-para-la-dependencia-modalidad-mixta\/","url":"https:\/\/forotf.com\/curso\/direccion-y-gestion-de-centros-y-servicios-para-la-dependencia-modalidad-mixta\/","name":"Direcci\u00f3n y gesti\u00f3n de centros y servicios para la Dependencia","isPartOf":{"@id":"http:\/\/forotf.com\/pt\/#website"},"primaryImageOfPage":{"@id":"https:\/\/forotf.com\/curso\/direccion-y-gestion-de-centros-y-servicios-para-la-dependencia-modalidad-mixta\/#primaryimage"},"image":{"@id":"https:\/\/forotf.com\/curso\/direccion-y-gestion-de-centros-y-servicios-para-la-dependencia-modalidad-mixta\/#primaryimage"},"thumbnailUrl":"https:\/\/forotf.com\/wp-content\/uploads\/2024\/03\/pexels-edmond-dantes-43473661-scaled.jpg","datePublished":"2024-07-09T11:28:28+00:00","dateModified":"2025-11-11T12:22:04+00:00","description":"Curso supervisado por la Universidad Francisco de Vitoria que habilita para la direcci\u00f3n y gesti\u00f3n de centros y servicios para la dependencia","breadcrumb":{"@id":"https:\/\/forotf.com\/curso\/direccion-y-gestion-de-centros-y-servicios-para-la-dependencia-modalidad-mixta\/#breadcrumb"},"inLanguage":"pt-BR","potentialAction":[{"@type":"ReadAction","target":["https:\/\/forotf.com\/curso\/direccion-y-gestion-de-centros-y-servicios-para-la-dependencia-modalidad-mixta\/"]}]},{"@type":"ImageObject","inLanguage":"pt-BR","@id":"https:\/\/forotf.com\/curso\/direccion-y-gestion-de-centros-y-servicios-para-la-dependencia-modalidad-mixta\/#primaryimage","url":"https:\/\/forotf.com\/wp-content\/uploads\/2024\/03\/pexels-edmond-dantes-43473661-scaled.jpg","contentUrl":"https:\/\/forotf.com\/wp-content\/uploads\/2024\/03\/pexels-edmond-dantes-43473661-scaled.jpg","width":2560,"height":1707},{"@type":"BreadcrumbList","@id":"https:\/\/forotf.com\/curso\/direccion-y-gestion-de-centros-y-servicios-para-la-dependencia-modalidad-mixta\/#breadcrumb","itemListElement":[{"@type":"ListItem","position":1,"name":"Inicio","item":"https:\/\/forotf.com\/"},{"@type":"ListItem","position":2,"name":"Cursos","item":"https:\/\/forotf.com\/cursos\/"},{"@type":"ListItem","position":3,"name":"Programado","item":"http:\/\/forotf.com\/pt\/product-category\/programado\/"},{"@type":"ListItem","position":4,"name":"Direcci\u00f3n y gesti\u00f3n de centros y servicios para la dependencia | Modalidad mixta"}]},{"@type":"WebSite","@id":"http:\/\/forotf.com\/pt\/#website","url":"http:\/\/forotf.com\/pt\/","name":"F\u00f3rum de Treinamento T\u00e9cnico","description":"Treinamento para Empresas","publisher":{"@id":"http:\/\/forotf.com\/pt\/#organization"},"alternateName":"FTF","potentialAction":[{"@type":"SearchAction","target":{"@type":"EntryPoint","urlTemplate":"http:\/\/forotf.com\/pt\/?s={search_term_string}"},"query-input":{"@type":"PropertyValueSpecification","valueRequired":true,"valueName":"search_term_string"}}],"inLanguage":"pt-BR"},{"@type":"Organization","@id":"http:\/\/forotf.com\/pt\/#organization","name":"F\u00f3rum de Treinamento T\u00e9cnico","alternateName":"FTF","url":"http:\/\/forotf.com\/pt\/","logo":{"@type":"ImageObject","inLanguage":"pt-BR","@id":"http:\/\/forotf.com\/pt\/#\/schema\/logo\/image\/","url":"https:\/\/forotf.com\/wp-content\/uploads\/2024\/02\/Oficial-Logo-FTF-Color.svg","contentUrl":"https:\/\/forotf.com\/wp-content\/uploads\/2024\/02\/Oficial-Logo-FTF-Color.svg","width":794,"height":212,"caption":"Foro T\u00e9cnico de Formaci\u00f3n"},"image":{"@id":"http:\/\/forotf.com\/pt\/#\/schema\/logo\/image\/"},"sameAs":["https:\/\/es-es.facebook.com\/forotf\/","https:\/\/www.instagram.com\/ftformacion\/?igshid=MWZjMTM2ODFkZg==","https:\/\/www.linkedin.com\/company\/foro-tecnico-de-formacion\/?originalSubdomain=es","https:\/\/www.youtube.com\/channel\/UCTzzsDUdLaZtfAGiP_ipLIg"]}]}},"publishpress_future_workflow_manual_trigger":{"enabledWorkflows":[]},"_links":{"self":[{"href":"https:\/\/forotf.com\/pt\/wp-json\/wp\/v2\/product\/5518","targetHints":{"allow":["GET"]}}],"collection":[{"href":"https:\/\/forotf.com\/pt\/wp-json\/wp\/v2\/product"}],"about":[{"href":"https:\/\/forotf.com\/pt\/wp-json\/wp\/v2\/types\/product"}],"replies":[{"embeddable":true,"href":"https:\/\/forotf.com\/pt\/wp-json\/wp\/v2\/comments?post=5518"}],"wp:featuredmedia":[{"embeddable":true,"href":"https:\/\/forotf.com\/pt\/wp-json\/wp\/v2\/media\/5765"}],"wp:attachment":[{"href":"https:\/\/forotf.com\/pt\/wp-json\/wp\/v2\/media?parent=5518"}],"wp:term":[{"taxonomy":"product_brand","embeddable":true,"href":"https:\/\/forotf.com\/pt\/wp-json\/wp\/v2\/product_brand?post=5518"},{"taxonomy":"product_cat","embeddable":true,"href":"https:\/\/forotf.com\/pt\/wp-json\/wp\/v2\/product_cat?post=5518"},{"taxonomy":"product_tag","embeddable":true,"href":"https:\/\/forotf.com\/pt\/wp-json\/wp\/v2\/product_tag?post=5518"}],"curies":[{"name":"wp","href":"https:\/\/api.w.org\/{rel}","templated":true}]}}