{"id":3312,"date":"2024-03-14T13:25:54","date_gmt":"2024-03-14T13:25:54","guid":{"rendered":"https:\/\/forotf.com\/?post_type=product&#038;p=3312"},"modified":"2026-02-10T11:47:32","modified_gmt":"2026-02-10T11:47:32","slug":"disfagia-y-nutricion-en-centros-residenciales","status":"publish","type":"product","link":"https:\/\/forotf.com\/pt\/curso\/disfagia-y-nutricion-en-centros-residenciales\/","title":{"rendered":"Disfagia e nutri\u00e7\u00e3o em centros residenciais"},"content":{"rendered":"<p>\u00a1Descubre nuestro curso \u00abDisfagia y Nutrici\u00f3n en Atenci\u00f3n Domiciliaria\u00bb dise\u00f1ado para empoderar a los profesionales de centros residenciales con las herramientas esenciales para abordar la disfagia y optimizar el tratamiento nutricional! Este programa integral tiene como objetivo proporcionar a los participantes conocimientos fundamentales y pr\u00e1cticos que les permitan detectar, diagnosticar y tomar decisiones informadas en relaci\u00f3n con la disfagia.<\/p>\n<p>Explorar\u00e1s en profundidad la degluci\u00f3n, comprendiendo las fases del acto deglutorio y diferenciando entre la degluci\u00f3n sana y patol\u00f3gica en personas mayores. Clasificar\u00e1s la disfagia seg\u00fan la etiopatogenia y el grado de severidad, aprendiendo a identificar signos y s\u00edntomas, y adquirir\u00e1n habilidades clave para el manejo seguro de la disfagia, incluida la higiene bucodental.<\/p>\n<p>Este curso se centra en nutrici\u00f3n y cuidados, ense\u00f1ando a los profesionales a comprender el concepto de nutrici\u00f3n y nutrientes, as\u00ed como a planificar y elaborar dietas adaptadas a las necesidades individuales de las personas con disfagia en los centros. A trav\u00e9s de la exploraci\u00f3n de par\u00e1metros de eficacia y seguridad, los participantes aprender\u00e1n a confeccionar dietas con textura modificada y a manejar situaciones espec\u00edficas como alergias e intolerancias.<\/p>\n<p>\u00a1\u00danete a nuestro curso y adquiere las habilidades necesarias para brindar una atenci\u00f3n de calidad, mejorando la calidad de vida de las personas con disfagia y promoviendo su bienestar nutricional!<\/p>","protected":false},"excerpt":{"rendered":"<p>Aprenda a identificar sintomas, sinais e otimizar o tratamento nutricional para melhorar a qualidade de vida dos pacientes com nosso curso de Disfagia e Nutri\u00e7\u00e3o em Centros Residenciais<\/p>\n<p>Cadastre-se e adquira as ferramentas para detectar, diagnosticar e tratar a disfagia!<\/p>","protected":false},"featured_media":3313,"comment_status":"closed","ping_status":"closed","template":"","meta":{"codigo-servicio":"2159-B","costo-gestion":"5.45"},"product_brand":[],"product_cat":[88],"product_tag":[89,93,90,129,92,94],"class_list":{"0":"post-3312","1":"product","2":"type-product","3":"status-publish","4":"has-post-thumbnail","6":"product_cat-programado","7":"product_tag-100-bonificable","8":"product_tag-certificado-de-finalizacion","9":"product_tag-multidispositivo","10":"product_tag-presencial-y-online","11":"product_tag-test-de-evaluacion","12":"product_tag-tutor-acreditado","14":"first","15":"instock","16":"virtual","17":"purchasable","18":"product-type-simple"},"pp_statuses_selecting_workflow":false,"pp_workflow_action":"current","pp_status_selection":"publish","yoast_head":"<!-- This site is optimized with the Yoast SEO plugin v27.3 - https:\/\/yoast.com\/product\/yoast-seo-wordpress\/ -->\n<title>Curso de Disfagia y nutrici\u00f3n en centros residenciales | Foro T\u00e9cnico de Formaci\u00f3n<\/title>\n<meta name=\"description\" content=\"Aprende a identificar s\u00edntomas, signos y a optimizar el tratamiento nutricional en centros residenciales con nuestro curso de Disfagia y Nutrici\u00f3n.\" \/>\n<meta name=\"robots\" content=\"index, follow, max-snippet:-1, max-image-preview:large, max-video-preview:-1\" \/>\n<link rel=\"canonical\" href=\"https:\/\/forotf.com\/pt\/curso\/disfagia-y-nutricion-en-centros-residenciales\/\" \/>\n<meta property=\"og:locale\" content=\"pt_BR\" \/>\n<meta property=\"og:type\" content=\"article\" \/>\n<meta property=\"og:title\" content=\"Curso de Disfagia y nutrici\u00f3n en centros residenciales | Foro T\u00e9cnico de Formaci\u00f3n\" \/>\n<meta property=\"og:description\" content=\"Aprende a identificar s\u00edntomas, signos y a optimizar el tratamiento nutricional en centros residenciales con nuestro curso de Disfagia y Nutrici\u00f3n.\" \/>\n<meta property=\"og:url\" content=\"https:\/\/forotf.com\/pt\/curso\/disfagia-y-nutricion-en-centros-residenciales\/\" \/>\n<meta property=\"og:site_name\" content=\"Foro T\u00e9cnico de Formaci\u00f3n\" \/>\n<meta property=\"article:publisher\" content=\"https:\/\/es-es.facebook.com\/forotf\/\" \/>\n<meta property=\"article:modified_time\" content=\"2026-02-10T11:47:32+00:00\" \/>\n<meta property=\"og:image\" content=\"https:\/\/forotf.com\/wp-content\/uploads\/2024\/03\/Disfagia-y-nutricion-en-centros-residenciales.jpg\" \/>\n\t<meta property=\"og:image:width\" content=\"1000\" \/>\n\t<meta property=\"og:image:height\" content=\"698\" \/>\n\t<meta property=\"og:image:type\" content=\"image\/jpeg\" \/>\n<meta name=\"twitter:card\" content=\"summary_large_image\" \/>\n<script type=\"application\/ld+json\" class=\"yoast-schema-graph\">{\"@context\":\"https:\\\/\\\/schema.org\",\"@graph\":[{\"@type\":\"WebPage\",\"@id\":\"https:\\\/\\\/forotf.com\\\/curso\\\/disfagia-y-nutricion-en-centros-residenciales\\\/\",\"url\":\"https:\\\/\\\/forotf.com\\\/curso\\\/disfagia-y-nutricion-en-centros-residenciales\\\/\",\"name\":\"Curso de Disfagia y nutrici\u00f3n en centros residenciales | Foro T\u00e9cnico de Formaci\u00f3n\",\"isPartOf\":{\"@id\":\"http:\\\/\\\/forotf.com\\\/pt\\\/#website\"},\"primaryImageOfPage\":{\"@id\":\"https:\\\/\\\/forotf.com\\\/curso\\\/disfagia-y-nutricion-en-centros-residenciales\\\/#primaryimage\"},\"image\":{\"@id\":\"https:\\\/\\\/forotf.com\\\/curso\\\/disfagia-y-nutricion-en-centros-residenciales\\\/#primaryimage\"},\"thumbnailUrl\":\"https:\\\/\\\/forotf.com\\\/wp-content\\\/uploads\\\/2024\\\/03\\\/Disfagia-y-nutricion-en-centros-residenciales.jpg\",\"datePublished\":\"2024-03-14T13:25:54+00:00\",\"dateModified\":\"2026-02-10T11:47:32+00:00\",\"description\":\"Aprende a identificar s\u00edntomas, signos y a optimizar el tratamiento nutricional en centros residenciales con nuestro curso de Disfagia y Nutrici\u00f3n.\",\"breadcrumb\":{\"@id\":\"https:\\\/\\\/forotf.com\\\/curso\\\/disfagia-y-nutricion-en-centros-residenciales\\\/#breadcrumb\"},\"inLanguage\":\"pt-BR\",\"potentialAction\":[{\"@type\":\"ReadAction\",\"target\":[\"https:\\\/\\\/forotf.com\\\/curso\\\/disfagia-y-nutricion-en-centros-residenciales\\\/\"]}]},{\"@type\":\"ImageObject\",\"inLanguage\":\"pt-BR\",\"@id\":\"https:\\\/\\\/forotf.com\\\/curso\\\/disfagia-y-nutricion-en-centros-residenciales\\\/#primaryimage\",\"url\":\"https:\\\/\\\/forotf.com\\\/wp-content\\\/uploads\\\/2024\\\/03\\\/Disfagia-y-nutricion-en-centros-residenciales.jpg\",\"contentUrl\":\"https:\\\/\\\/forotf.com\\\/wp-content\\\/uploads\\\/2024\\\/03\\\/Disfagia-y-nutricion-en-centros-residenciales.jpg\",\"width\":1000,\"height\":698},{\"@type\":\"BreadcrumbList\",\"@id\":\"https:\\\/\\\/forotf.com\\\/curso\\\/disfagia-y-nutricion-en-centros-residenciales\\\/#breadcrumb\",\"itemListElement\":[{\"@type\":\"ListItem\",\"position\":1,\"name\":\"Inicio\",\"item\":\"https:\\\/\\\/forotf.com\\\/\"},{\"@type\":\"ListItem\",\"position\":2,\"name\":\"Cursos\",\"item\":\"https:\\\/\\\/forotf.com\\\/cursos\\\/\"},{\"@type\":\"ListItem\",\"position\":3,\"name\":\"Programado\",\"item\":\"http:\\\/\\\/forotf.com\\\/pt\\\/product-category\\\/programado\\\/\"},{\"@type\":\"ListItem\",\"position\":4,\"name\":\"Disfagia y nutrici\u00f3n en centros residenciales\"}]},{\"@type\":\"WebSite\",\"@id\":\"http:\\\/\\\/forotf.com\\\/pt\\\/#website\",\"url\":\"http:\\\/\\\/forotf.com\\\/pt\\\/\",\"name\":\"Foro T\u00e9cnico de Formaci\u00f3n\",\"description\":\"Formaci\u00f3n para Empresas\",\"publisher\":{\"@id\":\"http:\\\/\\\/forotf.com\\\/pt\\\/#organization\"},\"alternateName\":\"FTF\",\"potentialAction\":[{\"@type\":\"SearchAction\",\"target\":{\"@type\":\"EntryPoint\",\"urlTemplate\":\"http:\\\/\\\/forotf.com\\\/pt\\\/?s={search_term_string}\"},\"query-input\":{\"@type\":\"PropertyValueSpecification\",\"valueRequired\":true,\"valueName\":\"search_term_string\"}}],\"inLanguage\":\"pt-BR\"},{\"@type\":\"Organization\",\"@id\":\"http:\\\/\\\/forotf.com\\\/pt\\\/#organization\",\"name\":\"Foro T\u00e9cnico de Formaci\u00f3n\",\"alternateName\":\"FTF\",\"url\":\"http:\\\/\\\/forotf.com\\\/pt\\\/\",\"logo\":{\"@type\":\"ImageObject\",\"inLanguage\":\"pt-BR\",\"@id\":\"http:\\\/\\\/forotf.com\\\/pt\\\/#\\\/schema\\\/logo\\\/image\\\/\",\"url\":\"https:\\\/\\\/forotf.com\\\/wp-content\\\/uploads\\\/2024\\\/02\\\/Oficial-Logo-FTF-Color.svg\",\"contentUrl\":\"https:\\\/\\\/forotf.com\\\/wp-content\\\/uploads\\\/2024\\\/02\\\/Oficial-Logo-FTF-Color.svg\",\"width\":794,\"height\":212,\"caption\":\"Foro T\u00e9cnico de Formaci\u00f3n\"},\"image\":{\"@id\":\"http:\\\/\\\/forotf.com\\\/pt\\\/#\\\/schema\\\/logo\\\/image\\\/\"},\"sameAs\":[\"https:\\\/\\\/es-es.facebook.com\\\/forotf\\\/\",\"https:\\\/\\\/www.instagram.com\\\/ftformacion\\\/?igshid=MWZjMTM2ODFkZg==\",\"https:\\\/\\\/www.linkedin.com\\\/company\\\/foro-tecnico-de-formacion\\\/?originalSubdomain=es\",\"https:\\\/\\\/www.youtube.com\\\/channel\\\/UCTzzsDUdLaZtfAGiP_ipLIg\"]}]}<\/script>\n<!-- \/ Yoast SEO plugin. -->","yoast_head_json":{"title":"Curso de Disfagia y nutrici\u00f3n en centros residenciales | Foro T\u00e9cnico de Formaci\u00f3n","description":"Aprende a identificar s\u00edntomas, signos y a optimizar el tratamiento nutricional en centros residenciales con nuestro curso de Disfagia y Nutrici\u00f3n.","robots":{"index":"index","follow":"follow","max-snippet":"max-snippet:-1","max-image-preview":"max-image-preview:large","max-video-preview":"max-video-preview:-1"},"canonical":"https:\/\/forotf.com\/pt\/curso\/disfagia-y-nutricion-en-centros-residenciales\/","og_locale":"pt_BR","og_type":"article","og_title":"Curso de Disfagia y nutrici\u00f3n en centros residenciales | Foro T\u00e9cnico de Formaci\u00f3n","og_description":"Aprende a identificar s\u00edntomas, signos y a optimizar el tratamiento nutricional en centros residenciales con nuestro curso de Disfagia y Nutrici\u00f3n.","og_url":"https:\/\/forotf.com\/pt\/curso\/disfagia-y-nutricion-en-centros-residenciales\/","og_site_name":"Foro T\u00e9cnico de Formaci\u00f3n","article_publisher":"https:\/\/es-es.facebook.com\/forotf\/","article_modified_time":"2026-02-10T11:47:32+00:00","og_image":[{"width":1000,"height":698,"url":"https:\/\/forotf.com\/wp-content\/uploads\/2024\/03\/Disfagia-y-nutricion-en-centros-residenciales.jpg","type":"image\/jpeg"}],"twitter_card":"summary_large_image","schema":{"@context":"https:\/\/schema.org","@graph":[{"@type":"WebPage","@id":"https:\/\/forotf.com\/curso\/disfagia-y-nutricion-en-centros-residenciales\/","url":"https:\/\/forotf.com\/curso\/disfagia-y-nutricion-en-centros-residenciales\/","name":"Curso de Disfagia y nutrici\u00f3n en centros residenciales | Foro T\u00e9cnico de Formaci\u00f3n","isPartOf":{"@id":"http:\/\/forotf.com\/pt\/#website"},"primaryImageOfPage":{"@id":"https:\/\/forotf.com\/curso\/disfagia-y-nutricion-en-centros-residenciales\/#primaryimage"},"image":{"@id":"https:\/\/forotf.com\/curso\/disfagia-y-nutricion-en-centros-residenciales\/#primaryimage"},"thumbnailUrl":"https:\/\/forotf.com\/wp-content\/uploads\/2024\/03\/Disfagia-y-nutricion-en-centros-residenciales.jpg","datePublished":"2024-03-14T13:25:54+00:00","dateModified":"2026-02-10T11:47:32+00:00","description":"Aprende a identificar s\u00edntomas, signos y a optimizar el tratamiento nutricional en centros residenciales con nuestro curso de Disfagia y Nutrici\u00f3n.","breadcrumb":{"@id":"https:\/\/forotf.com\/curso\/disfagia-y-nutricion-en-centros-residenciales\/#breadcrumb"},"inLanguage":"pt-BR","potentialAction":[{"@type":"ReadAction","target":["https:\/\/forotf.com\/curso\/disfagia-y-nutricion-en-centros-residenciales\/"]}]},{"@type":"ImageObject","inLanguage":"pt-BR","@id":"https:\/\/forotf.com\/curso\/disfagia-y-nutricion-en-centros-residenciales\/#primaryimage","url":"https:\/\/forotf.com\/wp-content\/uploads\/2024\/03\/Disfagia-y-nutricion-en-centros-residenciales.jpg","contentUrl":"https:\/\/forotf.com\/wp-content\/uploads\/2024\/03\/Disfagia-y-nutricion-en-centros-residenciales.jpg","width":1000,"height":698},{"@type":"BreadcrumbList","@id":"https:\/\/forotf.com\/curso\/disfagia-y-nutricion-en-centros-residenciales\/#breadcrumb","itemListElement":[{"@type":"ListItem","position":1,"name":"Inicio","item":"https:\/\/forotf.com\/"},{"@type":"ListItem","position":2,"name":"Cursos","item":"https:\/\/forotf.com\/cursos\/"},{"@type":"ListItem","position":3,"name":"Programado","item":"http:\/\/forotf.com\/pt\/product-category\/programado\/"},{"@type":"ListItem","position":4,"name":"Disfagia y nutrici\u00f3n en centros residenciales"}]},{"@type":"WebSite","@id":"http:\/\/forotf.com\/pt\/#website","url":"http:\/\/forotf.com\/pt\/","name":"F\u00f3rum de Treinamento T\u00e9cnico","description":"Treinamento para Empresas","publisher":{"@id":"http:\/\/forotf.com\/pt\/#organization"},"alternateName":"FTF","potentialAction":[{"@type":"SearchAction","target":{"@type":"EntryPoint","urlTemplate":"http:\/\/forotf.com\/pt\/?s={search_term_string}"},"query-input":{"@type":"PropertyValueSpecification","valueRequired":true,"valueName":"search_term_string"}}],"inLanguage":"pt-BR"},{"@type":"Organization","@id":"http:\/\/forotf.com\/pt\/#organization","name":"F\u00f3rum de Treinamento T\u00e9cnico","alternateName":"FTF","url":"http:\/\/forotf.com\/pt\/","logo":{"@type":"ImageObject","inLanguage":"pt-BR","@id":"http:\/\/forotf.com\/pt\/#\/schema\/logo\/image\/","url":"https:\/\/forotf.com\/wp-content\/uploads\/2024\/02\/Oficial-Logo-FTF-Color.svg","contentUrl":"https:\/\/forotf.com\/wp-content\/uploads\/2024\/02\/Oficial-Logo-FTF-Color.svg","width":794,"height":212,"caption":"Foro T\u00e9cnico de Formaci\u00f3n"},"image":{"@id":"http:\/\/forotf.com\/pt\/#\/schema\/logo\/image\/"},"sameAs":["https:\/\/es-es.facebook.com\/forotf\/","https:\/\/www.instagram.com\/ftformacion\/?igshid=MWZjMTM2ODFkZg==","https:\/\/www.linkedin.com\/company\/foro-tecnico-de-formacion\/?originalSubdomain=es","https:\/\/www.youtube.com\/channel\/UCTzzsDUdLaZtfAGiP_ipLIg"]}]}},"publishpress_future_workflow_manual_trigger":{"enabledWorkflows":[]},"_links":{"self":[{"href":"https:\/\/forotf.com\/pt\/wp-json\/wp\/v2\/product\/3312","targetHints":{"allow":["GET"]}}],"collection":[{"href":"https:\/\/forotf.com\/pt\/wp-json\/wp\/v2\/product"}],"about":[{"href":"https:\/\/forotf.com\/pt\/wp-json\/wp\/v2\/types\/product"}],"replies":[{"embeddable":true,"href":"https:\/\/forotf.com\/pt\/wp-json\/wp\/v2\/comments?post=3312"}],"wp:featuredmedia":[{"embeddable":true,"href":"https:\/\/forotf.com\/pt\/wp-json\/wp\/v2\/media\/3313"}],"wp:attachment":[{"href":"https:\/\/forotf.com\/pt\/wp-json\/wp\/v2\/media?parent=3312"}],"wp:term":[{"taxonomy":"product_brand","embeddable":true,"href":"https:\/\/forotf.com\/pt\/wp-json\/wp\/v2\/product_brand?post=3312"},{"taxonomy":"product_cat","embeddable":true,"href":"https:\/\/forotf.com\/pt\/wp-json\/wp\/v2\/product_cat?post=3312"},{"taxonomy":"product_tag","embeddable":true,"href":"https:\/\/forotf.com\/pt\/wp-json\/wp\/v2\/product_tag?post=3312"}],"curies":[{"name":"wp","href":"https:\/\/api.w.org\/{rel}","templated":true}]}}