{"id":2651,"date":"2024-03-01T02:26:32","date_gmt":"2024-03-01T02:26:32","guid":{"rendered":"https:\/\/forotf.com\/curso\/terapia-con-munecas-en-demencias\/"},"modified":"2026-01-16T08:51:33","modified_gmt":"2026-01-16T08:51:33","slug":"terapia-con-munecas-en-demencias","status":"publish","type":"product","link":"https:\/\/forotf.com\/pt\/curso\/terapia-con-munecas-en-demencias\/","title":{"rendered":"Terapia com boneca na dem\u00eancia"},"content":{"rendered":"<p>Com esta forma\u00e7\u00e3o ir\u00e1 explorar as origens e fundamentos da Doll Therapy, contextualizando-a no quadro da dem\u00eancia e das terapias n\u00e3o farmacol\u00f3gicas. Mergulhar na base te\u00f3rica, desde a teoria do apego at\u00e9 o cuidado abrangente centrado na pessoa, fornecer\u00e1 uma base s\u00f3lida para compreender e aplicar esta terapia \u00fanica. Al\u00e9m disso, voc\u00ea abordar\u00e1 conflitos \u00e9ticos, como infantiliza\u00e7\u00e3o e engano, sempre mantendo a dignidade da pessoa como foco central.<\/p>\n<p>Atrav\u00e9s deste curso voc\u00ea aprender\u00e1 sobre a abordagem e interven\u00e7\u00e3o na Doll Therapy. Voc\u00ea descobrir\u00e1 o que \u00e9 esta terapia, seus benef\u00edcios apoiados em evid\u00eancias emp\u00edricas e os objetivos que persegue. Explorar\u00e1 detalhadamente o material utilizado, desde as caracter\u00edsticas dos bonecos aos elementos de suporte e ao contexto f\u00edsico e humano necess\u00e1rio. A avalia\u00e7\u00e3o e outros aspectos cruciais ser\u00e3o abordados em profundidade, proporcionando-lhe as ferramentas necess\u00e1rias para realizar uma interven\u00e7\u00e3o eficaz.<\/p>\n<p>Voc\u00ea aprender\u00e1 a din\u00e2mica das sess\u00f5es e as diversas formas de aplica\u00e7\u00e3o da terapia com bonecas, bem como os temas espec\u00edficos que voc\u00ea pode abordar para melhorar a qualidade de vida das pessoas com dem\u00eancia.<\/p>\n<p>Embarque agora mesmo nesta jornada transformadora e enriquecedora!<\/p>","protected":false},"excerpt":{"rendered":"<p>Descubra o fascinante mundo da \u201cTerapia com Bonecas na Dem\u00eancia\u201d com nosso curso desenvolvido para fornecer uma compreens\u00e3o profunda e pr\u00e1tica desta terapia inovadora.<\/p>","protected":false},"featured_media":1856,"comment_status":"closed","ping_status":"closed","template":"","meta":{"codigo-servicio":"2037-B","costo-gestion":"9.08"},"product_brand":[],"product_cat":[88],"product_tag":[89,107,90,91,92],"class_list":{"0":"post-2651","1":"product","2":"type-product","3":"status-publish","4":"has-post-thumbnail","6":"product_cat-programado","7":"product_tag-100-bonificable","8":"product_tag-certificado-de-finalizaciontutor-acreditado","9":"product_tag-multidispositivo","10":"product_tag-sin-horarios","11":"product_tag-test-de-evaluacion","13":"first","14":"instock","15":"virtual","16":"purchasable","17":"product-type-simple"},"pp_statuses_selecting_workflow":false,"pp_workflow_action":"current","pp_status_selection":"publish","yoast_head":"<!-- This site is optimized with the Yoast SEO plugin v27.4 - https:\/\/yoast.com\/product\/yoast-seo-wordpress\/ -->\n<title>Terapia con mu\u00f1ecas en demencias<\/title>\n<meta name=\"description\" content=\"Curso para personal de atenci\u00f3n directa que permite comprender e implantar la terapia con mu\u00f1ecas en Personas con Demencia\" \/>\n<meta name=\"robots\" content=\"index, follow, max-snippet:-1, max-image-preview:large, max-video-preview:-1\" \/>\n<link rel=\"canonical\" href=\"https:\/\/forotf.com\/pt\/curso\/terapia-con-munecas-en-demencias\/\" \/>\n<meta property=\"og:locale\" content=\"pt_BR\" \/>\n<meta property=\"og:type\" content=\"article\" \/>\n<meta property=\"og:title\" content=\"Terapia con mu\u00f1ecas en demencias\" \/>\n<meta property=\"og:description\" content=\"Curso para personal de atenci\u00f3n directa que permite comprender e implantar la terapia con mu\u00f1ecas en Personas con Demencia\" \/>\n<meta property=\"og:url\" content=\"https:\/\/forotf.com\/pt\/curso\/terapia-con-munecas-en-demencias\/\" \/>\n<meta property=\"og:site_name\" content=\"Foro T\u00e9cnico de Formaci\u00f3n\" \/>\n<meta property=\"article:publisher\" content=\"https:\/\/es-es.facebook.com\/forotf\/\" \/>\n<meta property=\"article:modified_time\" content=\"2026-01-16T08:51:33+00:00\" \/>\n<meta property=\"og:image\" content=\"https:\/\/forotf.com\/wp-content\/uploads\/2024\/02\/Terapia-con-munecas.jpg\" \/>\n\t<meta property=\"og:image:width\" content=\"1200\" \/>\n\t<meta property=\"og:image:height\" content=\"628\" \/>\n\t<meta property=\"og:image:type\" content=\"image\/jpeg\" \/>\n<meta name=\"twitter:card\" content=\"summary_large_image\" \/>\n<script type=\"application\/ld+json\" class=\"yoast-schema-graph\">{\"@context\":\"https:\\\/\\\/schema.org\",\"@graph\":[{\"@type\":\"WebPage\",\"@id\":\"https:\\\/\\\/forotf.com\\\/curso\\\/terapia-con-munecas-en-demencias\\\/\",\"url\":\"https:\\\/\\\/forotf.com\\\/curso\\\/terapia-con-munecas-en-demencias\\\/\",\"name\":\"Terapia con mu\u00f1ecas en demencias\",\"isPartOf\":{\"@id\":\"http:\\\/\\\/forotf.com\\\/pt\\\/#website\"},\"primaryImageOfPage\":{\"@id\":\"https:\\\/\\\/forotf.com\\\/curso\\\/terapia-con-munecas-en-demencias\\\/#primaryimage\"},\"image\":{\"@id\":\"https:\\\/\\\/forotf.com\\\/curso\\\/terapia-con-munecas-en-demencias\\\/#primaryimage\"},\"thumbnailUrl\":\"https:\\\/\\\/forotf.com\\\/wp-content\\\/uploads\\\/2024\\\/02\\\/Terapia-con-munecas.jpg\",\"datePublished\":\"2024-03-01T02:26:32+00:00\",\"dateModified\":\"2026-01-16T08:51:33+00:00\",\"description\":\"Curso para personal de atenci\u00f3n directa que permite comprender e implantar la terapia con mu\u00f1ecas en Personas con Demencia\",\"breadcrumb\":{\"@id\":\"https:\\\/\\\/forotf.com\\\/curso\\\/terapia-con-munecas-en-demencias\\\/#breadcrumb\"},\"inLanguage\":\"pt-BR\",\"potentialAction\":[{\"@type\":\"ReadAction\",\"target\":[\"https:\\\/\\\/forotf.com\\\/curso\\\/terapia-con-munecas-en-demencias\\\/\"]}]},{\"@type\":\"ImageObject\",\"inLanguage\":\"pt-BR\",\"@id\":\"https:\\\/\\\/forotf.com\\\/curso\\\/terapia-con-munecas-en-demencias\\\/#primaryimage\",\"url\":\"https:\\\/\\\/forotf.com\\\/wp-content\\\/uploads\\\/2024\\\/02\\\/Terapia-con-munecas.jpg\",\"contentUrl\":\"https:\\\/\\\/forotf.com\\\/wp-content\\\/uploads\\\/2024\\\/02\\\/Terapia-con-munecas.jpg\",\"width\":1200,\"height\":628},{\"@type\":\"BreadcrumbList\",\"@id\":\"https:\\\/\\\/forotf.com\\\/curso\\\/terapia-con-munecas-en-demencias\\\/#breadcrumb\",\"itemListElement\":[{\"@type\":\"ListItem\",\"position\":1,\"name\":\"Inicio\",\"item\":\"https:\\\/\\\/forotf.com\\\/\"},{\"@type\":\"ListItem\",\"position\":2,\"name\":\"Cursos\",\"item\":\"https:\\\/\\\/forotf.com\\\/cursos\\\/\"},{\"@type\":\"ListItem\",\"position\":3,\"name\":\"Programado\",\"item\":\"http:\\\/\\\/forotf.com\\\/pt\\\/product-category\\\/programado\\\/\"},{\"@type\":\"ListItem\",\"position\":4,\"name\":\"Terapia con mu\u00f1ecas en demencias\"}]},{\"@type\":\"WebSite\",\"@id\":\"http:\\\/\\\/forotf.com\\\/pt\\\/#website\",\"url\":\"http:\\\/\\\/forotf.com\\\/pt\\\/\",\"name\":\"Foro T\u00e9cnico de Formaci\u00f3n\",\"description\":\"Formaci\u00f3n para Empresas\",\"publisher\":{\"@id\":\"http:\\\/\\\/forotf.com\\\/pt\\\/#organization\"},\"alternateName\":\"FTF\",\"potentialAction\":[{\"@type\":\"SearchAction\",\"target\":{\"@type\":\"EntryPoint\",\"urlTemplate\":\"http:\\\/\\\/forotf.com\\\/pt\\\/?s={search_term_string}\"},\"query-input\":{\"@type\":\"PropertyValueSpecification\",\"valueRequired\":true,\"valueName\":\"search_term_string\"}}],\"inLanguage\":\"pt-BR\"},{\"@type\":\"Organization\",\"@id\":\"http:\\\/\\\/forotf.com\\\/pt\\\/#organization\",\"name\":\"Foro T\u00e9cnico de Formaci\u00f3n\",\"alternateName\":\"FTF\",\"url\":\"http:\\\/\\\/forotf.com\\\/pt\\\/\",\"logo\":{\"@type\":\"ImageObject\",\"inLanguage\":\"pt-BR\",\"@id\":\"http:\\\/\\\/forotf.com\\\/pt\\\/#\\\/schema\\\/logo\\\/image\\\/\",\"url\":\"https:\\\/\\\/forotf.com\\\/wp-content\\\/uploads\\\/2024\\\/02\\\/Oficial-Logo-FTF-Color.svg\",\"contentUrl\":\"https:\\\/\\\/forotf.com\\\/wp-content\\\/uploads\\\/2024\\\/02\\\/Oficial-Logo-FTF-Color.svg\",\"width\":794,\"height\":212,\"caption\":\"Foro T\u00e9cnico de Formaci\u00f3n\"},\"image\":{\"@id\":\"http:\\\/\\\/forotf.com\\\/pt\\\/#\\\/schema\\\/logo\\\/image\\\/\"},\"sameAs\":[\"https:\\\/\\\/es-es.facebook.com\\\/forotf\\\/\",\"https:\\\/\\\/www.instagram.com\\\/ftformacion\\\/?igshid=MWZjMTM2ODFkZg==\",\"https:\\\/\\\/www.linkedin.com\\\/company\\\/foro-tecnico-de-formacion\\\/?originalSubdomain=es\",\"https:\\\/\\\/www.youtube.com\\\/channel\\\/UCTzzsDUdLaZtfAGiP_ipLIg\"]}]}<\/script>\n<!-- \/ Yoast SEO plugin. -->","yoast_head_json":{"title":"Terapia com boneca na dem\u00eancia","description":"Curso para personal de atenci\u00f3n directa que permite comprender e implantar la terapia con mu\u00f1ecas en Personas con Demencia","robots":{"index":"index","follow":"follow","max-snippet":"max-snippet:-1","max-image-preview":"max-image-preview:large","max-video-preview":"max-video-preview:-1"},"canonical":"https:\/\/forotf.com\/pt\/curso\/terapia-con-munecas-en-demencias\/","og_locale":"pt_BR","og_type":"article","og_title":"Terapia con mu\u00f1ecas en demencias","og_description":"Curso para personal de atenci\u00f3n directa que permite comprender e implantar la terapia con mu\u00f1ecas en Personas con Demencia","og_url":"https:\/\/forotf.com\/pt\/curso\/terapia-con-munecas-en-demencias\/","og_site_name":"Foro T\u00e9cnico de Formaci\u00f3n","article_publisher":"https:\/\/es-es.facebook.com\/forotf\/","article_modified_time":"2026-01-16T08:51:33+00:00","og_image":[{"width":1200,"height":628,"url":"https:\/\/forotf.com\/wp-content\/uploads\/2024\/02\/Terapia-con-munecas.jpg","type":"image\/jpeg"}],"twitter_card":"summary_large_image","schema":{"@context":"https:\/\/schema.org","@graph":[{"@type":"WebPage","@id":"https:\/\/forotf.com\/curso\/terapia-con-munecas-en-demencias\/","url":"https:\/\/forotf.com\/curso\/terapia-con-munecas-en-demencias\/","name":"Terapia com boneca na dem\u00eancia","isPartOf":{"@id":"http:\/\/forotf.com\/pt\/#website"},"primaryImageOfPage":{"@id":"https:\/\/forotf.com\/curso\/terapia-con-munecas-en-demencias\/#primaryimage"},"image":{"@id":"https:\/\/forotf.com\/curso\/terapia-con-munecas-en-demencias\/#primaryimage"},"thumbnailUrl":"https:\/\/forotf.com\/wp-content\/uploads\/2024\/02\/Terapia-con-munecas.jpg","datePublished":"2024-03-01T02:26:32+00:00","dateModified":"2026-01-16T08:51:33+00:00","description":"Curso para personal de atenci\u00f3n directa que permite comprender e implantar la terapia con mu\u00f1ecas en Personas con Demencia","breadcrumb":{"@id":"https:\/\/forotf.com\/curso\/terapia-con-munecas-en-demencias\/#breadcrumb"},"inLanguage":"pt-BR","potentialAction":[{"@type":"ReadAction","target":["https:\/\/forotf.com\/curso\/terapia-con-munecas-en-demencias\/"]}]},{"@type":"ImageObject","inLanguage":"pt-BR","@id":"https:\/\/forotf.com\/curso\/terapia-con-munecas-en-demencias\/#primaryimage","url":"https:\/\/forotf.com\/wp-content\/uploads\/2024\/02\/Terapia-con-munecas.jpg","contentUrl":"https:\/\/forotf.com\/wp-content\/uploads\/2024\/02\/Terapia-con-munecas.jpg","width":1200,"height":628},{"@type":"BreadcrumbList","@id":"https:\/\/forotf.com\/curso\/terapia-con-munecas-en-demencias\/#breadcrumb","itemListElement":[{"@type":"ListItem","position":1,"name":"Inicio","item":"https:\/\/forotf.com\/"},{"@type":"ListItem","position":2,"name":"Cursos","item":"https:\/\/forotf.com\/cursos\/"},{"@type":"ListItem","position":3,"name":"Programado","item":"http:\/\/forotf.com\/pt\/product-category\/programado\/"},{"@type":"ListItem","position":4,"name":"Terapia con mu\u00f1ecas en demencias"}]},{"@type":"WebSite","@id":"http:\/\/forotf.com\/pt\/#website","url":"http:\/\/forotf.com\/pt\/","name":"F\u00f3rum de Treinamento T\u00e9cnico","description":"Treinamento para Empresas","publisher":{"@id":"http:\/\/forotf.com\/pt\/#organization"},"alternateName":"FTF","potentialAction":[{"@type":"SearchAction","target":{"@type":"EntryPoint","urlTemplate":"http:\/\/forotf.com\/pt\/?s={search_term_string}"},"query-input":{"@type":"PropertyValueSpecification","valueRequired":true,"valueName":"search_term_string"}}],"inLanguage":"pt-BR"},{"@type":"Organization","@id":"http:\/\/forotf.com\/pt\/#organization","name":"F\u00f3rum de Treinamento T\u00e9cnico","alternateName":"FTF","url":"http:\/\/forotf.com\/pt\/","logo":{"@type":"ImageObject","inLanguage":"pt-BR","@id":"http:\/\/forotf.com\/pt\/#\/schema\/logo\/image\/","url":"https:\/\/forotf.com\/wp-content\/uploads\/2024\/02\/Oficial-Logo-FTF-Color.svg","contentUrl":"https:\/\/forotf.com\/wp-content\/uploads\/2024\/02\/Oficial-Logo-FTF-Color.svg","width":794,"height":212,"caption":"Foro T\u00e9cnico de Formaci\u00f3n"},"image":{"@id":"http:\/\/forotf.com\/pt\/#\/schema\/logo\/image\/"},"sameAs":["https:\/\/es-es.facebook.com\/forotf\/","https:\/\/www.instagram.com\/ftformacion\/?igshid=MWZjMTM2ODFkZg==","https:\/\/www.linkedin.com\/company\/foro-tecnico-de-formacion\/?originalSubdomain=es","https:\/\/www.youtube.com\/channel\/UCTzzsDUdLaZtfAGiP_ipLIg"]}]}},"publishpress_future_workflow_manual_trigger":{"enabledWorkflows":[]},"_links":{"self":[{"href":"https:\/\/forotf.com\/pt\/wp-json\/wp\/v2\/product\/2651","targetHints":{"allow":["GET"]}}],"collection":[{"href":"https:\/\/forotf.com\/pt\/wp-json\/wp\/v2\/product"}],"about":[{"href":"https:\/\/forotf.com\/pt\/wp-json\/wp\/v2\/types\/product"}],"replies":[{"embeddable":true,"href":"https:\/\/forotf.com\/pt\/wp-json\/wp\/v2\/comments?post=2651"}],"wp:featuredmedia":[{"embeddable":true,"href":"https:\/\/forotf.com\/pt\/wp-json\/wp\/v2\/media\/1856"}],"wp:attachment":[{"href":"https:\/\/forotf.com\/pt\/wp-json\/wp\/v2\/media?parent=2651"}],"wp:term":[{"taxonomy":"product_brand","embeddable":true,"href":"https:\/\/forotf.com\/pt\/wp-json\/wp\/v2\/product_brand?post=2651"},{"taxonomy":"product_cat","embeddable":true,"href":"https:\/\/forotf.com\/pt\/wp-json\/wp\/v2\/product_cat?post=2651"},{"taxonomy":"product_tag","embeddable":true,"href":"https:\/\/forotf.com\/pt\/wp-json\/wp\/v2\/product_tag?post=2651"}],"curies":[{"name":"wp","href":"https:\/\/api.w.org\/{rel}","templated":true}]}}