{"id":2646,"date":"2024-03-01T02:26:26","date_gmt":"2024-03-01T02:26:26","guid":{"rendered":"https:\/\/forotf.com\/curso\/limpieza-y-desinfeccion-en-centros-residenciales\/"},"modified":"2026-03-10T10:22:02","modified_gmt":"2026-03-10T10:22:02","slug":"limpieza-y-desinfeccion-en-centros-residenciales","status":"publish","type":"product","link":"https:\/\/forotf.com\/pt\/curso\/limpieza-y-desinfeccion-en-centros-residenciales\/","title":{"rendered":"Limpeza e desinfec\u00e7\u00e3o em centros residenciais"},"content":{"rendered":"<p>\u00a1Convi\u00e9rtete en un experto en limpieza y desinfecci\u00f3n con nuestro curso \u00abLimpieza y Desinfecci\u00f3n en Centros Residenciales\u00bb! Aprende los fundamentos te\u00f3ricos esenciales, desde conceptos b\u00e1sicos hasta m\u00e9todos qu\u00edmicos de desinfecci\u00f3n. Domina los procesos pr\u00e1cticos, desde el desarrollo de t\u00e9cnicas de limpieza hasta el manejo de \u00fatiles y herramientas. Adem\u00e1s, garantiza la salud y seguridad en el proceso de limpieza con la gesti\u00f3n adecuada de residuos y la identificaci\u00f3n de riesgos laborales. \u00a1Inscr\u00edbete ahora y asegura un entorno limpio y seguro para todos!<\/p>","protected":false},"excerpt":{"rendered":"<p>Aprende t\u00e9cnicas clave de limpieza, manejo de herramientas y gesti\u00f3n de residuos para garantizar entornos seguros en centros residenciales. Formaci\u00f3n pr\u00e1ctica y enfoque en prevenci\u00f3n de riesgos.<\/p>","protected":false},"featured_media":1846,"comment_status":"closed","ping_status":"closed","template":"","meta":{"codigo-servicio":"2064-C","costo-gestion":"7.26"},"product_brand":[],"product_cat":[88],"product_tag":[89,93,90,91,92,94],"class_list":{"0":"post-2646","1":"product","2":"type-product","3":"status-publish","4":"has-post-thumbnail","6":"product_cat-programado","7":"product_tag-100-bonificable","8":"product_tag-certificado-de-finalizacion","9":"product_tag-multidispositivo","10":"product_tag-sin-horarios","11":"product_tag-test-de-evaluacion","12":"product_tag-tutor-acreditado","14":"first","15":"instock","16":"shipping-taxable","17":"purchasable","18":"product-type-simple"},"pp_statuses_selecting_workflow":false,"pp_workflow_action":"current","pp_status_selection":"publish","yoast_head":"<!-- This site is optimized with the Yoast SEO plugin v27.3 - https:\/\/yoast.com\/product\/yoast-seo-wordpress\/ -->\n<title>Limpieza y desinfecci\u00f3n en centros residenciales<\/title>\n<meta name=\"description\" content=\"Con este curso conocer\u00e1s los aspectos m\u00e1s importantes relacionados con la limpieza y desinfecci\u00f3n en centros sociosanitarios\" \/>\n<meta name=\"robots\" content=\"index, follow, max-snippet:-1, max-image-preview:large, max-video-preview:-1\" \/>\n<link rel=\"canonical\" href=\"https:\/\/forotf.com\/pt\/curso\/limpieza-y-desinfeccion-en-centros-residenciales\/\" \/>\n<meta property=\"og:locale\" content=\"pt_BR\" \/>\n<meta property=\"og:type\" content=\"article\" \/>\n<meta property=\"og:title\" content=\"Limpieza y desinfecci\u00f3n en centros residenciales\" \/>\n<meta property=\"og:description\" content=\"Con este curso conocer\u00e1s los aspectos m\u00e1s importantes relacionados con la limpieza y desinfecci\u00f3n en centros sociosanitarios\" \/>\n<meta property=\"og:url\" content=\"https:\/\/forotf.com\/pt\/curso\/limpieza-y-desinfeccion-en-centros-residenciales\/\" \/>\n<meta property=\"og:site_name\" content=\"Foro T\u00e9cnico de Formaci\u00f3n\" \/>\n<meta property=\"article:publisher\" content=\"https:\/\/es-es.facebook.com\/forotf\/\" \/>\n<meta property=\"article:modified_time\" content=\"2026-03-10T10:22:02+00:00\" \/>\n<meta property=\"og:image\" content=\"https:\/\/forotf.com\/wp-content\/uploads\/2024\/02\/Limpieza-centros-residenciales.jpg\" \/>\n\t<meta property=\"og:image:width\" content=\"1000\" \/>\n\t<meta property=\"og:image:height\" content=\"752\" \/>\n\t<meta property=\"og:image:type\" content=\"image\/jpeg\" \/>\n<meta name=\"twitter:card\" content=\"summary_large_image\" \/>\n<script type=\"application\/ld+json\" class=\"yoast-schema-graph\">{\"@context\":\"https:\\\/\\\/schema.org\",\"@graph\":[{\"@type\":\"WebPage\",\"@id\":\"https:\\\/\\\/forotf.com\\\/curso\\\/limpieza-y-desinfeccion-en-centros-residenciales\\\/\",\"url\":\"https:\\\/\\\/forotf.com\\\/curso\\\/limpieza-y-desinfeccion-en-centros-residenciales\\\/\",\"name\":\"Limpieza y desinfecci\u00f3n en centros residenciales\",\"isPartOf\":{\"@id\":\"http:\\\/\\\/forotf.com\\\/pt\\\/#website\"},\"primaryImageOfPage\":{\"@id\":\"https:\\\/\\\/forotf.com\\\/curso\\\/limpieza-y-desinfeccion-en-centros-residenciales\\\/#primaryimage\"},\"image\":{\"@id\":\"https:\\\/\\\/forotf.com\\\/curso\\\/limpieza-y-desinfeccion-en-centros-residenciales\\\/#primaryimage\"},\"thumbnailUrl\":\"https:\\\/\\\/forotf.com\\\/wp-content\\\/uploads\\\/2024\\\/02\\\/Limpieza-centros-residenciales.jpg\",\"datePublished\":\"2024-03-01T02:26:26+00:00\",\"dateModified\":\"2026-03-10T10:22:02+00:00\",\"description\":\"Con este curso conocer\u00e1s los aspectos m\u00e1s importantes relacionados con la limpieza y desinfecci\u00f3n en centros sociosanitarios\",\"breadcrumb\":{\"@id\":\"https:\\\/\\\/forotf.com\\\/curso\\\/limpieza-y-desinfeccion-en-centros-residenciales\\\/#breadcrumb\"},\"inLanguage\":\"pt-BR\",\"potentialAction\":[{\"@type\":\"ReadAction\",\"target\":[\"https:\\\/\\\/forotf.com\\\/curso\\\/limpieza-y-desinfeccion-en-centros-residenciales\\\/\"]}]},{\"@type\":\"ImageObject\",\"inLanguage\":\"pt-BR\",\"@id\":\"https:\\\/\\\/forotf.com\\\/curso\\\/limpieza-y-desinfeccion-en-centros-residenciales\\\/#primaryimage\",\"url\":\"https:\\\/\\\/forotf.com\\\/wp-content\\\/uploads\\\/2024\\\/02\\\/Limpieza-centros-residenciales.jpg\",\"contentUrl\":\"https:\\\/\\\/forotf.com\\\/wp-content\\\/uploads\\\/2024\\\/02\\\/Limpieza-centros-residenciales.jpg\",\"width\":1000,\"height\":752},{\"@type\":\"BreadcrumbList\",\"@id\":\"https:\\\/\\\/forotf.com\\\/curso\\\/limpieza-y-desinfeccion-en-centros-residenciales\\\/#breadcrumb\",\"itemListElement\":[{\"@type\":\"ListItem\",\"position\":1,\"name\":\"Inicio\",\"item\":\"https:\\\/\\\/forotf.com\\\/\"},{\"@type\":\"ListItem\",\"position\":2,\"name\":\"Cursos\",\"item\":\"https:\\\/\\\/forotf.com\\\/cursos\\\/\"},{\"@type\":\"ListItem\",\"position\":3,\"name\":\"Programado\",\"item\":\"http:\\\/\\\/forotf.com\\\/pt\\\/product-category\\\/programado\\\/\"},{\"@type\":\"ListItem\",\"position\":4,\"name\":\"Limpieza y desinfecci\u00f3n en centros residenciales\"}]},{\"@type\":\"WebSite\",\"@id\":\"http:\\\/\\\/forotf.com\\\/pt\\\/#website\",\"url\":\"http:\\\/\\\/forotf.com\\\/pt\\\/\",\"name\":\"Foro T\u00e9cnico de Formaci\u00f3n\",\"description\":\"Formaci\u00f3n para Empresas\",\"publisher\":{\"@id\":\"http:\\\/\\\/forotf.com\\\/pt\\\/#organization\"},\"alternateName\":\"FTF\",\"potentialAction\":[{\"@type\":\"SearchAction\",\"target\":{\"@type\":\"EntryPoint\",\"urlTemplate\":\"http:\\\/\\\/forotf.com\\\/pt\\\/?s={search_term_string}\"},\"query-input\":{\"@type\":\"PropertyValueSpecification\",\"valueRequired\":true,\"valueName\":\"search_term_string\"}}],\"inLanguage\":\"pt-BR\"},{\"@type\":\"Organization\",\"@id\":\"http:\\\/\\\/forotf.com\\\/pt\\\/#organization\",\"name\":\"Foro T\u00e9cnico de Formaci\u00f3n\",\"alternateName\":\"FTF\",\"url\":\"http:\\\/\\\/forotf.com\\\/pt\\\/\",\"logo\":{\"@type\":\"ImageObject\",\"inLanguage\":\"pt-BR\",\"@id\":\"http:\\\/\\\/forotf.com\\\/pt\\\/#\\\/schema\\\/logo\\\/image\\\/\",\"url\":\"https:\\\/\\\/forotf.com\\\/wp-content\\\/uploads\\\/2024\\\/02\\\/Oficial-Logo-FTF-Color.svg\",\"contentUrl\":\"https:\\\/\\\/forotf.com\\\/wp-content\\\/uploads\\\/2024\\\/02\\\/Oficial-Logo-FTF-Color.svg\",\"width\":794,\"height\":212,\"caption\":\"Foro T\u00e9cnico de Formaci\u00f3n\"},\"image\":{\"@id\":\"http:\\\/\\\/forotf.com\\\/pt\\\/#\\\/schema\\\/logo\\\/image\\\/\"},\"sameAs\":[\"https:\\\/\\\/es-es.facebook.com\\\/forotf\\\/\",\"https:\\\/\\\/www.instagram.com\\\/ftformacion\\\/?igshid=MWZjMTM2ODFkZg==\",\"https:\\\/\\\/www.linkedin.com\\\/company\\\/foro-tecnico-de-formacion\\\/?originalSubdomain=es\",\"https:\\\/\\\/www.youtube.com\\\/channel\\\/UCTzzsDUdLaZtfAGiP_ipLIg\"]}]}<\/script>\n<!-- \/ Yoast SEO plugin. -->","yoast_head_json":{"title":"Limpeza e desinfec\u00e7\u00e3o em centros residenciais","description":"Con este curso conocer\u00e1s los aspectos m\u00e1s importantes relacionados con la limpieza y desinfecci\u00f3n en centros sociosanitarios","robots":{"index":"index","follow":"follow","max-snippet":"max-snippet:-1","max-image-preview":"max-image-preview:large","max-video-preview":"max-video-preview:-1"},"canonical":"https:\/\/forotf.com\/pt\/curso\/limpieza-y-desinfeccion-en-centros-residenciales\/","og_locale":"pt_BR","og_type":"article","og_title":"Limpieza y desinfecci\u00f3n en centros residenciales","og_description":"Con este curso conocer\u00e1s los aspectos m\u00e1s importantes relacionados con la limpieza y desinfecci\u00f3n en centros sociosanitarios","og_url":"https:\/\/forotf.com\/pt\/curso\/limpieza-y-desinfeccion-en-centros-residenciales\/","og_site_name":"Foro T\u00e9cnico de Formaci\u00f3n","article_publisher":"https:\/\/es-es.facebook.com\/forotf\/","article_modified_time":"2026-03-10T10:22:02+00:00","og_image":[{"width":1000,"height":752,"url":"https:\/\/forotf.com\/wp-content\/uploads\/2024\/02\/Limpieza-centros-residenciales.jpg","type":"image\/jpeg"}],"twitter_card":"summary_large_image","schema":{"@context":"https:\/\/schema.org","@graph":[{"@type":"WebPage","@id":"https:\/\/forotf.com\/curso\/limpieza-y-desinfeccion-en-centros-residenciales\/","url":"https:\/\/forotf.com\/curso\/limpieza-y-desinfeccion-en-centros-residenciales\/","name":"Limpeza e desinfec\u00e7\u00e3o em centros residenciais","isPartOf":{"@id":"http:\/\/forotf.com\/pt\/#website"},"primaryImageOfPage":{"@id":"https:\/\/forotf.com\/curso\/limpieza-y-desinfeccion-en-centros-residenciales\/#primaryimage"},"image":{"@id":"https:\/\/forotf.com\/curso\/limpieza-y-desinfeccion-en-centros-residenciales\/#primaryimage"},"thumbnailUrl":"https:\/\/forotf.com\/wp-content\/uploads\/2024\/02\/Limpieza-centros-residenciales.jpg","datePublished":"2024-03-01T02:26:26+00:00","dateModified":"2026-03-10T10:22:02+00:00","description":"Con este curso conocer\u00e1s los aspectos m\u00e1s importantes relacionados con la limpieza y desinfecci\u00f3n en centros sociosanitarios","breadcrumb":{"@id":"https:\/\/forotf.com\/curso\/limpieza-y-desinfeccion-en-centros-residenciales\/#breadcrumb"},"inLanguage":"pt-BR","potentialAction":[{"@type":"ReadAction","target":["https:\/\/forotf.com\/curso\/limpieza-y-desinfeccion-en-centros-residenciales\/"]}]},{"@type":"ImageObject","inLanguage":"pt-BR","@id":"https:\/\/forotf.com\/curso\/limpieza-y-desinfeccion-en-centros-residenciales\/#primaryimage","url":"https:\/\/forotf.com\/wp-content\/uploads\/2024\/02\/Limpieza-centros-residenciales.jpg","contentUrl":"https:\/\/forotf.com\/wp-content\/uploads\/2024\/02\/Limpieza-centros-residenciales.jpg","width":1000,"height":752},{"@type":"BreadcrumbList","@id":"https:\/\/forotf.com\/curso\/limpieza-y-desinfeccion-en-centros-residenciales\/#breadcrumb","itemListElement":[{"@type":"ListItem","position":1,"name":"Inicio","item":"https:\/\/forotf.com\/"},{"@type":"ListItem","position":2,"name":"Cursos","item":"https:\/\/forotf.com\/cursos\/"},{"@type":"ListItem","position":3,"name":"Programado","item":"http:\/\/forotf.com\/pt\/product-category\/programado\/"},{"@type":"ListItem","position":4,"name":"Limpieza y desinfecci\u00f3n en centros residenciales"}]},{"@type":"WebSite","@id":"http:\/\/forotf.com\/pt\/#website","url":"http:\/\/forotf.com\/pt\/","name":"F\u00f3rum de Treinamento T\u00e9cnico","description":"Treinamento para Empresas","publisher":{"@id":"http:\/\/forotf.com\/pt\/#organization"},"alternateName":"FTF","potentialAction":[{"@type":"SearchAction","target":{"@type":"EntryPoint","urlTemplate":"http:\/\/forotf.com\/pt\/?s={search_term_string}"},"query-input":{"@type":"PropertyValueSpecification","valueRequired":true,"valueName":"search_term_string"}}],"inLanguage":"pt-BR"},{"@type":"Organization","@id":"http:\/\/forotf.com\/pt\/#organization","name":"F\u00f3rum de Treinamento T\u00e9cnico","alternateName":"FTF","url":"http:\/\/forotf.com\/pt\/","logo":{"@type":"ImageObject","inLanguage":"pt-BR","@id":"http:\/\/forotf.com\/pt\/#\/schema\/logo\/image\/","url":"https:\/\/forotf.com\/wp-content\/uploads\/2024\/02\/Oficial-Logo-FTF-Color.svg","contentUrl":"https:\/\/forotf.com\/wp-content\/uploads\/2024\/02\/Oficial-Logo-FTF-Color.svg","width":794,"height":212,"caption":"Foro T\u00e9cnico de Formaci\u00f3n"},"image":{"@id":"http:\/\/forotf.com\/pt\/#\/schema\/logo\/image\/"},"sameAs":["https:\/\/es-es.facebook.com\/forotf\/","https:\/\/www.instagram.com\/ftformacion\/?igshid=MWZjMTM2ODFkZg==","https:\/\/www.linkedin.com\/company\/foro-tecnico-de-formacion\/?originalSubdomain=es","https:\/\/www.youtube.com\/channel\/UCTzzsDUdLaZtfAGiP_ipLIg"]}]}},"publishpress_future_workflow_manual_trigger":{"enabledWorkflows":[]},"_links":{"self":[{"href":"https:\/\/forotf.com\/pt\/wp-json\/wp\/v2\/product\/2646","targetHints":{"allow":["GET"]}}],"collection":[{"href":"https:\/\/forotf.com\/pt\/wp-json\/wp\/v2\/product"}],"about":[{"href":"https:\/\/forotf.com\/pt\/wp-json\/wp\/v2\/types\/product"}],"replies":[{"embeddable":true,"href":"https:\/\/forotf.com\/pt\/wp-json\/wp\/v2\/comments?post=2646"}],"wp:featuredmedia":[{"embeddable":true,"href":"https:\/\/forotf.com\/pt\/wp-json\/wp\/v2\/media\/1846"}],"wp:attachment":[{"href":"https:\/\/forotf.com\/pt\/wp-json\/wp\/v2\/media?parent=2646"}],"wp:term":[{"taxonomy":"product_brand","embeddable":true,"href":"https:\/\/forotf.com\/pt\/wp-json\/wp\/v2\/product_brand?post=2646"},{"taxonomy":"product_cat","embeddable":true,"href":"https:\/\/forotf.com\/pt\/wp-json\/wp\/v2\/product_cat?post=2646"},{"taxonomy":"product_tag","embeddable":true,"href":"https:\/\/forotf.com\/pt\/wp-json\/wp\/v2\/product_tag?post=2646"}],"curies":[{"name":"wp","href":"https:\/\/api.w.org\/{rel}","templated":true}]}}