{"id":2639,"date":"2024-03-01T02:26:15","date_gmt":"2024-03-01T02:26:15","guid":{"rendered":"https:\/\/forotf.com\/curso\/capacitacion-snoezelen-modulo-1\/"},"modified":"2026-03-03T08:24:05","modified_gmt":"2026-03-03T08:24:05","slug":"capacitacion-snoezelen-modulo-1","status":"publish","type":"product","link":"https:\/\/forotf.com\/pt\/curso\/capacitacion-snoezelen-modulo-1\/","title":{"rendered":"Capacitaci\u00f3n Snoezelen. M\u00f3dulo I (2\u00ba Edici\u00f3n 2026)"},"content":{"rendered":"<p>FORO T\u00c9CNICO DE FORMACI\u00d3N en colaboraci\u00f3n con MAR\u00cdA JOS\u00c9 CID, Formadora acreditada por ISNA (International Snoezelen Association), lanzan esta formaci\u00f3n de Capacitaci\u00f3n en Snoezelen compuesta por 3 m\u00f3dulos que, una vez superados, llevar\u00e1 al participante a obtener el Certificado de la Asociaci\u00f3n que le acredite como experto.<\/p>\n<div class=\"ewa-rteLine\">Depois de concluir o curso voc\u00ea obter\u00e1 o<strong> Certificado de conhecimento com o selo ISNA<\/strong>.<\/div>\n<div class=\"ewa-rteLine\"><\/div>\n<div class=\"ewa-rteLine\">Esta forma\u00e7\u00e3o enquadra-se no reconhecimento e aprova\u00e7\u00e3o de <strong>Treinamento Internacional em Estimula\u00e7\u00e3o Multissensorial e Snoezelen<\/strong>, ISNA (Associa\u00e7\u00e3o Internacional de Snoezelen). Uma vez conclu\u00eddos os 3 m\u00f3dulos de forma\u00e7\u00e3o, \u00e9 oferecida uma qualifica\u00e7\u00e3o internacional com reconhecimento ISNA.<\/div>\n<div class=\"ewa-rteLine\"><\/div>\n<div class=\"ewa-rteLine\">A forma\u00e7\u00e3o completa \u00e9 composta por 3 m\u00f3dulos, totalizando 75 horas (25 horas modalidade online do m\u00f3dulo 1 + 50 horas presenciais dos m\u00f3dulos 2 e 3).<\/div>\n<div class=\"ewa-rteLine\"><\/div>\n<div class=\"ewa-rteLine\">A forma\u00e7\u00e3o globalmente conta com um 50% de conte\u00fado te\u00f3rico e um 50% de conte\u00fado pr\u00e1tico. Recomenda-se a realiza\u00e7\u00e3o dos 3 m\u00f3dulos com um curto intervalo de tempo entre cada um deles para implementar os conhecimentos e pr\u00e1ticas de interven\u00e7\u00e3o aprendidos em cada m\u00f3dulo antes de realizar o seguinte.<\/div>\n<p>&nbsp;<\/p>","protected":false},"excerpt":{"rendered":"<p>FTF, en colaboraci\u00f3n con Mar\u00eda Jos\u00e9 Cid, formadora acreditada por ISNA (International Snoezelen Association), lanza la formaci\u00f3n de Capacitaci\u00f3n en Snoezelen, compuesta por 3 m\u00f3dulos que, una vez superados, permitir\u00e1n al participante obtener el Certificado ISNA Espa\u00f1a, con el reconocimiento internacional de \u201cSnoezelen Sin Fronteras\u201d.<\/p>\n<p data-start=\"431\" data-end=\"471\">Importe m\u00e1ximo bonificable: 187 \u20ac.<\/p>","protected":false},"featured_media":5278,"comment_status":"closed","ping_status":"closed","template":"","meta":{"codigo-servicio":"2044-A","costo-gestion":"36.3"},"product_brand":[],"product_cat":[88],"product_tag":[98,138,90,91,92,94],"class_list":{"0":"post-2639","1":"product","2":"type-product","3":"status-publish","4":"has-post-thumbnail","6":"product_cat-programado","7":"product_tag-certificado-isna-tras-superar-los-3-modulos","8":"product_tag-importe-maximo-bonificable-de-187e","9":"product_tag-multidispositivo","10":"product_tag-sin-horarios","11":"product_tag-test-de-evaluacion","12":"product_tag-tutor-acreditado","14":"first","15":"instock","16":"virtual","17":"purchasable","18":"product-type-simple"},"pp_statuses_selecting_workflow":false,"pp_workflow_action":"current","pp_status_selection":"publish","yoast_head":"<!-- This site is optimized with the Yoast SEO plugin v27.3 - https:\/\/yoast.com\/product\/yoast-seo-wordpress\/ -->\n<title>Capacitaci\u00f3n Snoezelen | M\u00f3dulo 1<\/title>\n<meta name=\"description\" content=\"Primera parte del curso para la capacitaci\u00f3n Snoezelen y la obtenci\u00f3n del Certificado de la Asociaci\u00f3n para acreditarse como experto\" \/>\n<meta name=\"robots\" content=\"index, follow, max-snippet:-1, max-image-preview:large, max-video-preview:-1\" \/>\n<link rel=\"canonical\" href=\"https:\/\/forotf.com\/pt\/curso\/capacitacion-snoezelen-modulo-1\/\" \/>\n<meta property=\"og:locale\" content=\"pt_BR\" \/>\n<meta property=\"og:type\" content=\"article\" \/>\n<meta property=\"og:title\" content=\"Capacitaci\u00f3n Snoezelen | M\u00f3dulo 1\" \/>\n<meta property=\"og:description\" content=\"Primera parte del curso para la capacitaci\u00f3n Snoezelen y la obtenci\u00f3n del Certificado de la Asociaci\u00f3n para acreditarse como experto\" \/>\n<meta property=\"og:url\" content=\"https:\/\/forotf.com\/pt\/curso\/capacitacion-snoezelen-modulo-1\/\" \/>\n<meta property=\"og:site_name\" content=\"Foro T\u00e9cnico de Formaci\u00f3n\" \/>\n<meta property=\"article:publisher\" content=\"https:\/\/es-es.facebook.com\/forotf\/\" \/>\n<meta property=\"article:modified_time\" content=\"2026-03-03T08:24:05+00:00\" \/>\n<meta property=\"og:image\" content=\"https:\/\/forotf.com\/wp-content\/uploads\/2024\/03\/gTFPKld4R55Qtydo-768x5761-1.jpg\" \/>\n\t<meta property=\"og:image:width\" content=\"768\" \/>\n\t<meta property=\"og:image:height\" content=\"576\" \/>\n\t<meta property=\"og:image:type\" content=\"image\/jpeg\" \/>\n<meta name=\"twitter:card\" content=\"summary_large_image\" \/>\n<script type=\"application\/ld+json\" class=\"yoast-schema-graph\">{\"@context\":\"https:\\\/\\\/schema.org\",\"@graph\":[{\"@type\":\"WebPage\",\"@id\":\"https:\\\/\\\/forotf.com\\\/curso\\\/capacitacion-snoezelen-modulo-1\\\/\",\"url\":\"https:\\\/\\\/forotf.com\\\/curso\\\/capacitacion-snoezelen-modulo-1\\\/\",\"name\":\"Capacitaci\u00f3n Snoezelen | M\u00f3dulo 1\",\"isPartOf\":{\"@id\":\"http:\\\/\\\/forotf.com\\\/pt\\\/#website\"},\"primaryImageOfPage\":{\"@id\":\"https:\\\/\\\/forotf.com\\\/curso\\\/capacitacion-snoezelen-modulo-1\\\/#primaryimage\"},\"image\":{\"@id\":\"https:\\\/\\\/forotf.com\\\/curso\\\/capacitacion-snoezelen-modulo-1\\\/#primaryimage\"},\"thumbnailUrl\":\"https:\\\/\\\/forotf.com\\\/wp-content\\\/uploads\\\/2024\\\/03\\\/gTFPKld4R55Qtydo-768x5761-1.jpg\",\"datePublished\":\"2024-03-01T02:26:15+00:00\",\"dateModified\":\"2026-03-03T08:24:05+00:00\",\"description\":\"Primera parte del curso para la capacitaci\u00f3n Snoezelen y la obtenci\u00f3n del Certificado de la Asociaci\u00f3n para acreditarse como experto\",\"breadcrumb\":{\"@id\":\"https:\\\/\\\/forotf.com\\\/curso\\\/capacitacion-snoezelen-modulo-1\\\/#breadcrumb\"},\"inLanguage\":\"pt-BR\",\"potentialAction\":[{\"@type\":\"ReadAction\",\"target\":[\"https:\\\/\\\/forotf.com\\\/curso\\\/capacitacion-snoezelen-modulo-1\\\/\"]}]},{\"@type\":\"ImageObject\",\"inLanguage\":\"pt-BR\",\"@id\":\"https:\\\/\\\/forotf.com\\\/curso\\\/capacitacion-snoezelen-modulo-1\\\/#primaryimage\",\"url\":\"https:\\\/\\\/forotf.com\\\/wp-content\\\/uploads\\\/2024\\\/03\\\/gTFPKld4R55Qtydo-768x5761-1.jpg\",\"contentUrl\":\"https:\\\/\\\/forotf.com\\\/wp-content\\\/uploads\\\/2024\\\/03\\\/gTFPKld4R55Qtydo-768x5761-1.jpg\",\"width\":768,\"height\":576},{\"@type\":\"BreadcrumbList\",\"@id\":\"https:\\\/\\\/forotf.com\\\/curso\\\/capacitacion-snoezelen-modulo-1\\\/#breadcrumb\",\"itemListElement\":[{\"@type\":\"ListItem\",\"position\":1,\"name\":\"Inicio\",\"item\":\"https:\\\/\\\/forotf.com\\\/\"},{\"@type\":\"ListItem\",\"position\":2,\"name\":\"Cursos\",\"item\":\"https:\\\/\\\/forotf.com\\\/cursos\\\/\"},{\"@type\":\"ListItem\",\"position\":3,\"name\":\"Programado\",\"item\":\"http:\\\/\\\/forotf.com\\\/pt\\\/product-category\\\/programado\\\/\"},{\"@type\":\"ListItem\",\"position\":4,\"name\":\"Capacitaci\u00f3n Snoezelen. M\u00f3dulo I (2\u00ba Edici\u00f3n 2026)\"}]},{\"@type\":\"WebSite\",\"@id\":\"http:\\\/\\\/forotf.com\\\/pt\\\/#website\",\"url\":\"http:\\\/\\\/forotf.com\\\/pt\\\/\",\"name\":\"Foro T\u00e9cnico de Formaci\u00f3n\",\"description\":\"Formaci\u00f3n para Empresas\",\"publisher\":{\"@id\":\"http:\\\/\\\/forotf.com\\\/pt\\\/#organization\"},\"alternateName\":\"FTF\",\"potentialAction\":[{\"@type\":\"SearchAction\",\"target\":{\"@type\":\"EntryPoint\",\"urlTemplate\":\"http:\\\/\\\/forotf.com\\\/pt\\\/?s={search_term_string}\"},\"query-input\":{\"@type\":\"PropertyValueSpecification\",\"valueRequired\":true,\"valueName\":\"search_term_string\"}}],\"inLanguage\":\"pt-BR\"},{\"@type\":\"Organization\",\"@id\":\"http:\\\/\\\/forotf.com\\\/pt\\\/#organization\",\"name\":\"Foro T\u00e9cnico de Formaci\u00f3n\",\"alternateName\":\"FTF\",\"url\":\"http:\\\/\\\/forotf.com\\\/pt\\\/\",\"logo\":{\"@type\":\"ImageObject\",\"inLanguage\":\"pt-BR\",\"@id\":\"http:\\\/\\\/forotf.com\\\/pt\\\/#\\\/schema\\\/logo\\\/image\\\/\",\"url\":\"https:\\\/\\\/forotf.com\\\/wp-content\\\/uploads\\\/2024\\\/02\\\/Oficial-Logo-FTF-Color.svg\",\"contentUrl\":\"https:\\\/\\\/forotf.com\\\/wp-content\\\/uploads\\\/2024\\\/02\\\/Oficial-Logo-FTF-Color.svg\",\"width\":794,\"height\":212,\"caption\":\"Foro T\u00e9cnico de Formaci\u00f3n\"},\"image\":{\"@id\":\"http:\\\/\\\/forotf.com\\\/pt\\\/#\\\/schema\\\/logo\\\/image\\\/\"},\"sameAs\":[\"https:\\\/\\\/es-es.facebook.com\\\/forotf\\\/\",\"https:\\\/\\\/www.instagram.com\\\/ftformacion\\\/?igshid=MWZjMTM2ODFkZg==\",\"https:\\\/\\\/www.linkedin.com\\\/company\\\/foro-tecnico-de-formacion\\\/?originalSubdomain=es\",\"https:\\\/\\\/www.youtube.com\\\/channel\\\/UCTzzsDUdLaZtfAGiP_ipLIg\"]}]}<\/script>\n<!-- \/ Yoast SEO plugin. -->","yoast_head_json":{"title":"Capacitaci\u00f3n Snoezelen | M\u00f3dulo 1","description":"Primera parte del curso para la capacitaci\u00f3n Snoezelen y la obtenci\u00f3n del Certificado de la Asociaci\u00f3n para acreditarse como experto","robots":{"index":"index","follow":"follow","max-snippet":"max-snippet:-1","max-image-preview":"max-image-preview:large","max-video-preview":"max-video-preview:-1"},"canonical":"https:\/\/forotf.com\/pt\/curso\/capacitacion-snoezelen-modulo-1\/","og_locale":"pt_BR","og_type":"article","og_title":"Capacitaci\u00f3n Snoezelen | M\u00f3dulo 1","og_description":"Primera parte del curso para la capacitaci\u00f3n Snoezelen y la obtenci\u00f3n del Certificado de la Asociaci\u00f3n para acreditarse como experto","og_url":"https:\/\/forotf.com\/pt\/curso\/capacitacion-snoezelen-modulo-1\/","og_site_name":"Foro T\u00e9cnico de Formaci\u00f3n","article_publisher":"https:\/\/es-es.facebook.com\/forotf\/","article_modified_time":"2026-03-03T08:24:05+00:00","og_image":[{"width":768,"height":576,"url":"https:\/\/forotf.com\/wp-content\/uploads\/2024\/03\/gTFPKld4R55Qtydo-768x5761-1.jpg","type":"image\/jpeg"}],"twitter_card":"summary_large_image","schema":{"@context":"https:\/\/schema.org","@graph":[{"@type":"WebPage","@id":"https:\/\/forotf.com\/curso\/capacitacion-snoezelen-modulo-1\/","url":"https:\/\/forotf.com\/curso\/capacitacion-snoezelen-modulo-1\/","name":"Capacitaci\u00f3n Snoezelen | M\u00f3dulo 1","isPartOf":{"@id":"http:\/\/forotf.com\/pt\/#website"},"primaryImageOfPage":{"@id":"https:\/\/forotf.com\/curso\/capacitacion-snoezelen-modulo-1\/#primaryimage"},"image":{"@id":"https:\/\/forotf.com\/curso\/capacitacion-snoezelen-modulo-1\/#primaryimage"},"thumbnailUrl":"https:\/\/forotf.com\/wp-content\/uploads\/2024\/03\/gTFPKld4R55Qtydo-768x5761-1.jpg","datePublished":"2024-03-01T02:26:15+00:00","dateModified":"2026-03-03T08:24:05+00:00","description":"Primera parte del curso para la capacitaci\u00f3n Snoezelen y la obtenci\u00f3n del Certificado de la Asociaci\u00f3n para acreditarse como experto","breadcrumb":{"@id":"https:\/\/forotf.com\/curso\/capacitacion-snoezelen-modulo-1\/#breadcrumb"},"inLanguage":"pt-BR","potentialAction":[{"@type":"ReadAction","target":["https:\/\/forotf.com\/curso\/capacitacion-snoezelen-modulo-1\/"]}]},{"@type":"ImageObject","inLanguage":"pt-BR","@id":"https:\/\/forotf.com\/curso\/capacitacion-snoezelen-modulo-1\/#primaryimage","url":"https:\/\/forotf.com\/wp-content\/uploads\/2024\/03\/gTFPKld4R55Qtydo-768x5761-1.jpg","contentUrl":"https:\/\/forotf.com\/wp-content\/uploads\/2024\/03\/gTFPKld4R55Qtydo-768x5761-1.jpg","width":768,"height":576},{"@type":"BreadcrumbList","@id":"https:\/\/forotf.com\/curso\/capacitacion-snoezelen-modulo-1\/#breadcrumb","itemListElement":[{"@type":"ListItem","position":1,"name":"Inicio","item":"https:\/\/forotf.com\/"},{"@type":"ListItem","position":2,"name":"Cursos","item":"https:\/\/forotf.com\/cursos\/"},{"@type":"ListItem","position":3,"name":"Programado","item":"http:\/\/forotf.com\/pt\/product-category\/programado\/"},{"@type":"ListItem","position":4,"name":"Capacitaci\u00f3n Snoezelen. M\u00f3dulo I (2\u00ba Edici\u00f3n 2026)"}]},{"@type":"WebSite","@id":"http:\/\/forotf.com\/pt\/#website","url":"http:\/\/forotf.com\/pt\/","name":"F\u00f3rum de Treinamento T\u00e9cnico","description":"Treinamento para Empresas","publisher":{"@id":"http:\/\/forotf.com\/pt\/#organization"},"alternateName":"FTF","potentialAction":[{"@type":"SearchAction","target":{"@type":"EntryPoint","urlTemplate":"http:\/\/forotf.com\/pt\/?s={search_term_string}"},"query-input":{"@type":"PropertyValueSpecification","valueRequired":true,"valueName":"search_term_string"}}],"inLanguage":"pt-BR"},{"@type":"Organization","@id":"http:\/\/forotf.com\/pt\/#organization","name":"F\u00f3rum de Treinamento T\u00e9cnico","alternateName":"FTF","url":"http:\/\/forotf.com\/pt\/","logo":{"@type":"ImageObject","inLanguage":"pt-BR","@id":"http:\/\/forotf.com\/pt\/#\/schema\/logo\/image\/","url":"https:\/\/forotf.com\/wp-content\/uploads\/2024\/02\/Oficial-Logo-FTF-Color.svg","contentUrl":"https:\/\/forotf.com\/wp-content\/uploads\/2024\/02\/Oficial-Logo-FTF-Color.svg","width":794,"height":212,"caption":"Foro T\u00e9cnico de Formaci\u00f3n"},"image":{"@id":"http:\/\/forotf.com\/pt\/#\/schema\/logo\/image\/"},"sameAs":["https:\/\/es-es.facebook.com\/forotf\/","https:\/\/www.instagram.com\/ftformacion\/?igshid=MWZjMTM2ODFkZg==","https:\/\/www.linkedin.com\/company\/foro-tecnico-de-formacion\/?originalSubdomain=es","https:\/\/www.youtube.com\/channel\/UCTzzsDUdLaZtfAGiP_ipLIg"]}]}},"publishpress_future_workflow_manual_trigger":{"enabledWorkflows":[]},"_links":{"self":[{"href":"https:\/\/forotf.com\/pt\/wp-json\/wp\/v2\/product\/2639","targetHints":{"allow":["GET"]}}],"collection":[{"href":"https:\/\/forotf.com\/pt\/wp-json\/wp\/v2\/product"}],"about":[{"href":"https:\/\/forotf.com\/pt\/wp-json\/wp\/v2\/types\/product"}],"replies":[{"embeddable":true,"href":"https:\/\/forotf.com\/pt\/wp-json\/wp\/v2\/comments?post=2639"}],"wp:featuredmedia":[{"embeddable":true,"href":"https:\/\/forotf.com\/pt\/wp-json\/wp\/v2\/media\/5278"}],"wp:attachment":[{"href":"https:\/\/forotf.com\/pt\/wp-json\/wp\/v2\/media?parent=2639"}],"wp:term":[{"taxonomy":"product_brand","embeddable":true,"href":"https:\/\/forotf.com\/pt\/wp-json\/wp\/v2\/product_brand?post=2639"},{"taxonomy":"product_cat","embeddable":true,"href":"https:\/\/forotf.com\/pt\/wp-json\/wp\/v2\/product_cat?post=2639"},{"taxonomy":"product_tag","embeddable":true,"href":"https:\/\/forotf.com\/pt\/wp-json\/wp\/v2\/product_tag?post=2639"}],"curies":[{"name":"wp","href":"https:\/\/api.w.org\/{rel}","templated":true}]}}