{"id":953,"date":"2024-02-16T17:48:11","date_gmt":"2024-02-16T17:48:11","guid":{"rendered":"https:\/\/forotf.com\/?page_id=953"},"modified":"2024-03-05T02:28:41","modified_gmt":"2024-03-05T02:28:41","slug":"condiciones-de-uso","status":"publish","type":"page","link":"https:\/\/forotf.com\/pt\/condiciones-de-uso\/","title":{"rendered":"Condi\u00e7\u00f5es de utiliza\u00e7\u00e3o do site"},"content":{"rendered":"<div data-elementor-type=\"wp-page\" data-elementor-id=\"953\" class=\"elementor elementor-953\" data-elementor-post-type=\"page\">\n\t\t\t\t<div class=\"elementor-element elementor-element-3188304d e-flex e-con-boxed e-con e-parent\" data-id=\"3188304d\" data-element_type=\"container\" data-e-type=\"container\">\n\t\t\t\t\t<div class=\"e-con-inner\">\n\t\t\t\t<div class=\"elementor-element elementor-element-2c1a80f elementor-widget-divider--view-line elementor-widget elementor-widget-divider\" data-id=\"2c1a80f\" data-element_type=\"widget\" data-e-type=\"widget\" data-widget_type=\"divider.default\">\n\t\t\t\t<div class=\"elementor-widget-container\">\n\t\t\t\t\t\t\t<div class=\"elementor-divider\">\n\t\t\t<span class=\"elementor-divider-separator\">\n\t\t\t\t\t\t<\/span>\n\t\t<\/div>\n\t\t\t\t\t\t<\/div>\n\t\t\t\t<\/div>\n\t\t\t\t<div class=\"elementor-element elementor-element-1bb7d25c elementor-widget elementor-widget-text-editor\" data-id=\"1bb7d25c\" data-element_type=\"widget\" data-e-type=\"widget\" data-widget_type=\"text-editor.default\">\n\t\t\t\t<div class=\"elementor-widget-container\">\n\t\t\t\t\t\t\t\t\t\n<p><b>1 ALCANCE:<\/b><\/p>\n<p><span style=\"font-weight: 400;\">As presentes Condi\u00e7\u00f5es de Utiliza\u00e7\u00e3o do Site estabelecem as condi\u00e7\u00f5es gerais que regulam tanto o acesso e a navega\u00e7\u00e3o, como a utiliza\u00e7\u00e3o dos conte\u00fados deste site.<\/span><\/p>\n<p><span style=\"font-weight: 400;\">A informa\u00e7\u00e3o contida neste site refere-se aos servi\u00e7os prestados e cursos comercializados por FORO TECNICO DE FORMACI\u00d3N, SL (doravante denominado FORO) atrav\u00e9s do seu site e das suas plataformas de forma\u00e7\u00e3o, bem como ao seu conte\u00fado.<\/span><b>.<\/b><span style=\"font-weight: 400;\"> As informa\u00e7\u00f5es publicadas t\u00eam car\u00e1ter meramente ilustrativo e n\u00e3o constituem de forma alguma uma oferta vinculativa que obrigue o usu\u00e1rio a contratar nossos cursos ou servi\u00e7os. <\/span><span style=\"font-weight: 400;\">F\u00d3RUM <\/span><span style=\"font-weight: 400;\">reserva-se o direito de modificar as informa\u00e7\u00f5es aqui contidas quando considerar apropriado e sem aviso pr\u00e9vio, n\u00e3o sendo respons\u00e1vel pela exatid\u00e3o, insufici\u00eancia ou autenticidade das informa\u00e7\u00f5es fornecidas.\u00a0<\/span><\/p>\n<p><span style=\"font-weight: 400;\">FORO reserva-se o direito de modificar o conte\u00fado deste documento de Condi\u00e7\u00f5es de uso do site a qualquer momento. Portanto, o Usu\u00e1rio dever\u00e1 ler atentamente este documento cada vez que pretenda utilizar o Site, uma vez que o mesmo e suas condi\u00e7\u00f5es de uso inclu\u00eddas nestas Condi\u00e7\u00f5es de Uso do Site poder\u00e3o ser modificadas.<\/span><\/p>\n<p><span style=\"font-weight: 400;\">A presta\u00e7\u00e3o do servi\u00e7o deste Site tem uma dura\u00e7\u00e3o limitada ao momento em que o Utilizador se liga ao Site ou a qualquer um dos servi\u00e7os prestados atrav\u00e9s do mesmo.\u00a0<\/span><\/p>\n<p><b>2. CONDI\u00c7\u00d5ES DE USO DO SITE:<\/b><\/p>\n<p><span style=\"font-weight: 400;\">Em geral, a presta\u00e7\u00e3o dos servi\u00e7os FORUM e a utiliza\u00e7\u00e3o do site n\u00e3o carecem de inscri\u00e7\u00e3o ou registo pr\u00e9vio dos utilizadores. Ao simplesmente acessar, navegar ou utilizar o site, voc\u00ea se torna um usu\u00e1rio. O usu\u00e1rio aceita integralmente e sem qualquer reserva as condi\u00e7\u00f5es contidas nestas Condi\u00e7\u00f5es.<\/span><\/p>\n<p><span style=\"font-weight: 400;\">O usu\u00e1rio concorda em utilizar o site juntamente com seus servi\u00e7os e conte\u00fados, de forma l\u00edcita, de acordo com a legisla\u00e7\u00e3o vigente, os usos geralmente aceitos, a boa f\u00e9 e a ordem p\u00fablica.<\/span><\/p>\n<p><span style=\"font-weight: 400;\">O usu\u00e1rio concorda em n\u00e3o realizar a\u00e7\u00f5es que possam causar danos ao site, inutiliz\u00e1-lo, sobrecarreg\u00e1-lo ou deterior\u00e1-lo de qualquer forma, ou impedir que outros usu\u00e1rios acessem, utilizem ou desfrutem livremente do site.<\/span><\/p>\n<p><span style=\"font-weight: 400;\">Todas as informa\u00e7\u00f5es fornecidas pelo Usu\u00e1rio dever\u00e3o ser verdadeiras. Para estes efeitos, o Utilizador garante a autenticidade dos dados comunicados atrav\u00e9s dos formul\u00e1rios de ades\u00e3o aos Servi\u00e7os. Ser\u00e1 da responsabilidade do Utilizador manter toda a informa\u00e7\u00e3o fornecida ao FORO permanentemente atualizada para que esta responda, em cada momento, \u00e0 sua real situa\u00e7\u00e3o. Em qualquer caso, o Utilizador ser\u00e1 o \u00fanico respons\u00e1vel por quaisquer declara\u00e7\u00f5es falsas ou inexatas que realize e por quaisquer danos causados ao fornecedor ou a terceiros.<\/span><\/p>\n<p><strong>Menores<\/strong><\/p>\n<p><span style=\"font-weight: 400;\">A contrata\u00e7\u00e3o dos servi\u00e7os oferecidos pelo FORO destina-se a maiores de 18 anos. Ao utilizar este website e efetuar uma reserva, o utilizador declara e garante que \u00e9 maior de idade no seu pa\u00eds de resid\u00eancia para celebrar um contrato vinculativo connosco e cumprir todos os requisitos estabelecidos. Caso n\u00e3o cumpra todos estes requisitos, n\u00e3o dever\u00e1 efetuar quaisquer reservas dos nossos servi\u00e7os.<\/span><\/p>\n<p><span style=\"font-weight: 400;\">Para utilizar os servi\u00e7os web, os menores devem sempre obter o consentimento pr\u00e9vio dos pais, tutores ou representantes legais, que s\u00e3o os respons\u00e1veis finais por todos os atos praticados pelos menores ao seu cuidado. A eles cabe a responsabilidade de determinar os conte\u00fados espec\u00edficos a que os menores acedem, pelo que, caso acedam a conte\u00fados impr\u00f3prios na Internet, devem ser estabelecidos mecanismos nos seus computadores, nomeadamente programas inform\u00e1ticos, filtros e bloqueios, que lhe permitam limitar os conte\u00fados dispon\u00edveis e, embora n\u00e3o sejam infal\u00edveis, s\u00e3o especialmente \u00fateis para controlar e restringir os materiais a que os menores podem aceder.<\/span><\/p>\n<p><b>3. PROPRIEDADE INTELECTUAL E USO DE CONTE\u00daDO:<\/b><\/p>\n<p><span style=\"font-weight: 400;\">F\u00d3RUM<\/span> <span style=\"font-weight: 400;\">\u00e9 titular dos direitos de propriedade intelectual e industrial deste site e de todo o seu conte\u00fado (a t\u00edtulo de exemplo: qualquer marca ou log\u00f3tipo do FORO, textos, fotografias e outros conte\u00fados audiovisuais, software, design gr\u00e1fico, etc.) ou conta junto do licen\u00e7a ou autoriza\u00e7\u00e3o correspondente para seu uso. O acesso \u00e0 navega\u00e7\u00e3o e utiliza\u00e7\u00e3o deste site por parte do utilizador n\u00e3o implica em nenhum caso ren\u00fancia, transmiss\u00e3o, licen\u00e7a ou transfer\u00eancia total ou parcial dos mesmos.<\/span><\/p>\n<p><span style=\"font-weight: 400;\">\u00c9 proibido reproduzir, modificar, reutilizar, explorar, comunicar publicamente, fazer upload de arquivos, enviar por correio, transmitir, usar, processar ou distribuir de qualquer forma a totalidade ou parte dos conte\u00fados inclu\u00eddos neste site para fins p\u00fablicos ou comerciais, se n\u00e3o Voc\u00ea tem a autoriza\u00e7\u00e3o expressa por escrito de <\/span><span style=\"font-weight: 400;\">F\u00d3RUM.<\/span><span style=\"font-weight: 400;\">\u00a0<\/span><\/p>\n<p><b>4. LIGA\u00c7\u00d5ES<\/b><\/p>\n<p><b>4.1. LINKS PARA OUTRAS P\u00c1GINAS EXTERNAS:<\/b><\/p>\n<p><span style=\"font-weight: 400;\">F\u00d3RUM <\/span><span style=\"font-weight: 400;\">rejeita qualquer responsabilidade por qualquer informa\u00e7\u00e3o presente na World Wide Web n\u00e3o preparada por <\/span><span style=\"font-weight: 400;\">F\u00d3RUM <\/span><span style=\"font-weight: 400;\">ou n\u00e3o publicado em seu nome. O site pode conter links de hipertexto para outras p\u00e1ginas da World Wide Web que s\u00e3o completamente independentes deste site. <\/span><span style=\"font-weight: 400;\">F\u00d3RUM <\/span><span style=\"font-weight: 400;\">n\u00e3o responder\u00e1 nem garantir\u00e1, de forma alguma, a exatid\u00e3o, insufici\u00eancia ou autenticidade da informa\u00e7\u00e3o fornecida por qualquer pessoa ou entidade, singular ou coletiva, com ou sem personalidade jur\u00eddica pr\u00f3pria, atrav\u00e9s dos referidos links de hipertexto.<\/span><\/p>\n<p><b>4.2. LINKS EXTERNOS PARA O SITE DA<\/b><span style=\"font-weight: 400;\"> F\u00d3RUM:<\/span><\/p>\n<p><span style=\"font-weight: 400;\">Se algum outro site, usu\u00e1rio ou entidade desejar estabelecer um link para <\/span><span style=\"font-weight: 400;\">https:\/\/forotf.com <\/span><span style=\"font-weight: 400;\">O referido link dever\u00e1 estar sujeito \u00e0s condi\u00e7\u00f5es detalhadas a seguir:<\/span><\/p>\n<ol>\n<li style=\"font-weight: 400;\" aria-level=\"1\"><span style=\"font-weight: 400;\">O link ser\u00e1 direcionado para a p\u00e1gina principal ou qualquer uma de suas se\u00e7\u00f5es. O link, em qualquer caso, deve ser absoluto e completo, levando o usu\u00e1rio com um \u00fanico clique \u00e0 URL da p\u00e1gina principal ou \u00e0 URL de qualquer uma de suas se\u00e7\u00f5es. O link dever\u00e1 cobrir toda a extens\u00e3o da tela do portal.<\/span> <span style=\"font-weight: 400;\">https:\/\/forotf.com\u00a0<\/span><\/li>\n<li style=\"font-weight: 400;\" aria-level=\"1\"><span style=\"font-weight: 400;\">Em nenhum caso, a menos que expressamente autorizado por escrito pela <\/span><span style=\"font-weight: 400;\">F\u00d3RUM<\/span><span style=\"font-weight: 400;\">, o site que estabelece o link poder\u00e1 reproduzir de qualquer forma<\/span> <span style=\"font-weight: 400;\">https:\/\/forotf.com<\/span><span style=\"font-weight: 400;\">, incluindo-o como parte integrante do seu site, utilizando frames, redirecionamentos ou qualquer outra medida que implique ocultar a origem da informa\u00e7\u00e3o.<\/span><\/li>\n<li style=\"font-weight: 400;\" aria-level=\"1\"><span style=\"font-weight: 400;\">O estabelecimento de um v\u00ednculo<\/span> <span style=\"font-weight: 400;\">https:\/\/forotf.com<\/span><span style=\"font-weight: 400;\">, de sites que contenham conte\u00fados il\u00edcitos, ilegais, degradantes ou obscenos, contr\u00e1rios \u00e0 moral ou \u00e0 ordem p\u00fablica.<\/span><\/li>\n<\/ol>\n<p><span style=\"font-weight: 400;\">O servi\u00e7o de acesso ao site inclui dispositivos t\u00e9cnicos de liga\u00e7\u00e3o, diret\u00f3rios e ainda ferramentas de pesquisa que permitem ao Utilizador aceder a outras p\u00e1ginas e portais da Internet (doravante, &#039;Sites Ligados&#039;). Nestes casos, <\/span><span style=\"font-weight: 400;\">F\u00d3RUM<\/span><span style=\"font-weight: 400;\"> atua como prestador de servi\u00e7os de intermedia\u00e7\u00e3o de acordo com a Lei de Servi\u00e7os de Informa\u00e7\u00e3o e Com\u00e9rcio Eletr\u00f4nico e s\u00f3 ser\u00e1 respons\u00e1vel pelos conte\u00fados e servi\u00e7os disponibilizados nos Sites Linkados na medida em que tenha conhecimento efetivo da ilegalidade e n\u00e3o tenha desativado o link \u00e0 devida dilig\u00eancia. Caso o Usu\u00e1rio considere que existe um Site Linkado com conte\u00fado ilegal ou impr\u00f3prio, poder\u00e1 notificar <\/span><span style=\"font-weight: 400;\">F\u00d3RUM <\/span><span style=\"font-weight: 400;\">enviando uma mensagem para<\/span> <span style=\"font-weight: 400;\">privacidade@forotf.com<\/span> <span style=\"font-weight: 400;\">sem em caso algum esta comunica\u00e7\u00e3o implicar a obriga\u00e7\u00e3o de remo\u00e7\u00e3o do link correspondente.<\/span><\/p>\n<p><span style=\"font-weight: 400;\">Em nenhum caso a exist\u00eancia de Sites Linkados dever\u00e1 pressupor a exist\u00eancia de acordos com os respons\u00e1veis ou propriet\u00e1rios dos mesmos, nem a recomenda\u00e7\u00e3o, promo\u00e7\u00e3o ou identifica\u00e7\u00e3o de <\/span><span style=\"font-weight: 400;\">F\u00d3RUM <\/span><span style=\"font-weight: 400;\">com as declara\u00e7\u00f5es, conte\u00fados ou servi\u00e7os prestados.<\/span><\/p>\n<p><span style=\"font-weight: 400;\">F\u00d3RUM <\/span><span style=\"font-weight: 400;\">n\u00e3o conhece os conte\u00fados e servi\u00e7os dos Sites Ligados e, portanto, n\u00e3o se responsabiliza pelos danos causados pela ilegalidade, qualidade, desatualiza\u00e7\u00e3o, indisponibilidade, erro e inutilidade dos conte\u00fados e\/ou servi\u00e7os dos Sites Ligados ou por qualquer outro dano que isso possa causar. n\u00e3o \u00e9 diretamente atribu\u00edvel <\/span><span style=\"font-weight: 400;\">F\u00d3RUM.<\/span><\/p>\n<p><b>5. EXCLUS\u00c3O DE RESPONSABILIDADE:\u00a0<\/b><\/p>\n<p><span style=\"font-weight: 400;\">A responsabilidade pela utiliza\u00e7\u00e3o deste Site cabe \u00fanica e exclusivamente ao Utilizador.<\/span><\/p>\n<p><span style=\"font-weight: 400;\">F\u00d3RUM <\/span><span style=\"font-weight: 400;\">n\u00e3o se responsabiliza, em nenhum caso, pelos danos de qualquer natureza que possam ser causados por:<\/span><\/p>\n<ol>\n<li><span style=\"font-weight: 400;\"> A indisponibilidade, manuten\u00e7\u00e3o e funcionamento do site ou dos seus servi\u00e7os ou conte\u00fados, uma vez que necessita de fornecimentos e servi\u00e7os de terceiros.<\/span><\/li>\n<li><span style=\"font-weight: 400;\"> Erros e omiss\u00f5es na informa\u00e7\u00e3o publicada, bem como a falta de utilidade, adequa\u00e7\u00e3o ou validade do site ou dos seus servi\u00e7os ou conte\u00fados para satisfazer necessidades, atividades ou resultados ou expectativas espec\u00edficas dos Utilizadores.<\/span><\/li>\n<\/ol>\n<p><span style=\"font-weight: 400;\">O acesso ao site n\u00e3o implica qualquer obriga\u00e7\u00e3o por parte do <\/span><span style=\"font-weight: 400;\">F\u00d3RUM <\/span><span style=\"font-weight: 400;\">para controlar a aus\u00eancia de v\u00edrus ou qualquer outro elemento inform\u00e1tico prejudicial. O Utilizador \u00e9 respons\u00e1vel, em qualquer caso, pela disponibiliza\u00e7\u00e3o de ferramentas adequadas \u00e0 detec\u00e7\u00e3o e desinfec\u00e7\u00e3o de programas inform\u00e1ticos nocivos. <\/span><span style=\"font-weight: 400;\">F\u00d3RUM <\/span><span style=\"font-weight: 400;\">n\u00e3o se responsabiliza por quaisquer danos causados aos equipamentos inform\u00e1ticos dos Utilizadores ou de terceiros durante a utiliza\u00e7\u00e3o do site.<\/span><\/p>\n<p><b>6. LEGISLA\u00c7\u00c3O E JURISDI\u00c7\u00c3O<\/b><\/p>\n<p><span style=\"font-weight: 400;\">As Condi\u00e7\u00f5es de utiliza\u00e7\u00e3o do site s\u00e3o regidas em todos e cada um dos seus extremos pela legisla\u00e7\u00e3o espanhola e pelo Regulamento Geral de Prote\u00e7\u00e3o de Dados da Uni\u00e3o Europeia.<\/span> <span style=\"font-weight: 400;\">Qualquer lit\u00edgio decorrente de assuntos relacionados com este Site estar\u00e1 sujeito exclusivamente \u00e0 jurisdi\u00e7\u00e3o dos tribunais da cidade de Barcelona.<\/span><\/p>\n<p><b>7. ATUALIZA\u00c7\u00c3O<\/b><\/p>\n<p><span style=\"font-weight: 400;\">O documento foi revisado pela \u00faltima vez em <\/span><b>Fevereiro de 2024<\/b><\/p>\n\t\t\t\t\t\t\t\t<\/div>\n\t\t\t\t<\/div>\n\t\t\t\t\t<\/div>\n\t\t\t\t<\/div>\n\t\t\t\t<\/div>","protected":false},"excerpt":{"rendered":"<p>1. \u00c2MBITO: Estas Condi\u00e7\u00f5es de Utiliza\u00e7\u00e3o do Site estabelecem as condi\u00e7\u00f5es gerais que regulam tanto o acesso e a navega\u00e7\u00e3o, como a utiliza\u00e7\u00e3o dos conte\u00fados deste site. A informa\u00e7\u00e3o contida neste site refere-se aos servi\u00e7os prestados e cursos comercializados por FORO TECNICO DE FORMACI\u00d3N, SL (em [\u2026]<\/p>","protected":false},"author":2,"featured_media":0,"parent":0,"menu_order":0,"comment_status":"closed","ping_status":"closed","template":"","meta":{"footnotes":""},"class_list":["post-953","page","type-page","status-publish","hentry"],"pp_statuses_selecting_workflow":false,"pp_workflow_action":"current","pp_status_selection":"publish","yoast_head":"<!-- This site is optimized with the Yoast SEO plugin v27.3 - https:\/\/yoast.com\/product\/yoast-seo-wordpress\/ -->\n<title>Condiciones de Uso de la web | Foro T\u00e9cnico de Formaci\u00f3n<\/title>\n<meta name=\"robots\" content=\"index, follow, max-snippet:-1, max-image-preview:large, max-video-preview:-1\" \/>\n<link rel=\"canonical\" href=\"https:\/\/forotf.com\/pt\/condiciones-de-uso\/\" \/>\n<meta property=\"og:locale\" content=\"pt_BR\" \/>\n<meta property=\"og:type\" content=\"article\" \/>\n<meta property=\"og:title\" content=\"Condiciones de Uso de la web | Foro T\u00e9cnico de Formaci\u00f3n\" \/>\n<meta property=\"og:description\" content=\"1. ALCANCE: Estas Condiciones de Uso de la Web establecen las condiciones generales que regulan tanto el acceso, como la navegaci\u00f3n, as\u00ed como el uso de los contenidos de la presente web. La informaci\u00f3n contenida en esta p\u00e1gina web hace referencia a los servicios prestados y cursos comercializados por FORO TECNICO DE FORMACI\u00d3N, SL (en [&hellip;]\" \/>\n<meta property=\"og:url\" content=\"https:\/\/forotf.com\/pt\/condiciones-de-uso\/\" \/>\n<meta property=\"og:site_name\" content=\"Foro T\u00e9cnico de Formaci\u00f3n\" \/>\n<meta property=\"article:publisher\" content=\"https:\/\/es-es.facebook.com\/forotf\/\" \/>\n<meta property=\"article:modified_time\" content=\"2024-03-05T02:28:41+00:00\" \/>\n<meta property=\"og:image\" content=\"https:\/\/forotf.com\/wp-content\/uploads\/2024\/02\/Site-Image.webp\" \/>\n\t<meta property=\"og:image:width\" content=\"1200\" \/>\n\t<meta property=\"og:image:height\" content=\"675\" \/>\n\t<meta property=\"og:image:type\" content=\"image\/webp\" \/>\n<meta name=\"twitter:card\" content=\"summary_large_image\" \/>\n<script type=\"application\/ld+json\" class=\"yoast-schema-graph\">{\"@context\":\"https:\\\/\\\/schema.org\",\"@graph\":[{\"@type\":\"WebPage\",\"@id\":\"https:\\\/\\\/forotf.com\\\/pt_pt\\\/condiciones-de-uso\\\/\",\"url\":\"https:\\\/\\\/forotf.com\\\/pt_pt\\\/condiciones-de-uso\\\/\",\"name\":\"Condiciones de Uso de la web | Foro T\u00e9cnico de Formaci\u00f3n\",\"isPartOf\":{\"@id\":\"http:\\\/\\\/forotf.com\\\/pt\\\/#website\"},\"datePublished\":\"2024-02-16T17:48:11+00:00\",\"dateModified\":\"2024-03-05T02:28:41+00:00\",\"breadcrumb\":{\"@id\":\"https:\\\/\\\/forotf.com\\\/pt_pt\\\/condiciones-de-uso\\\/#breadcrumb\"},\"inLanguage\":\"pt-BR\",\"potentialAction\":[{\"@type\":\"ReadAction\",\"target\":[\"https:\\\/\\\/forotf.com\\\/pt_pt\\\/condiciones-de-uso\\\/\"]}]},{\"@type\":\"BreadcrumbList\",\"@id\":\"https:\\\/\\\/forotf.com\\\/pt_pt\\\/condiciones-de-uso\\\/#breadcrumb\",\"itemListElement\":[{\"@type\":\"ListItem\",\"position\":1,\"name\":\"Inicio\",\"item\":\"https:\\\/\\\/forotf.com\\\/\"},{\"@type\":\"ListItem\",\"position\":2,\"name\":\"Condiciones de Uso de la web\"}]},{\"@type\":\"WebSite\",\"@id\":\"http:\\\/\\\/forotf.com\\\/pt\\\/#website\",\"url\":\"http:\\\/\\\/forotf.com\\\/pt\\\/\",\"name\":\"Foro T\u00e9cnico de Formaci\u00f3n\",\"description\":\"Formaci\u00f3n para Empresas\",\"publisher\":{\"@id\":\"http:\\\/\\\/forotf.com\\\/pt\\\/#organization\"},\"alternateName\":\"FTF\",\"potentialAction\":[{\"@type\":\"SearchAction\",\"target\":{\"@type\":\"EntryPoint\",\"urlTemplate\":\"http:\\\/\\\/forotf.com\\\/pt\\\/?s={search_term_string}\"},\"query-input\":{\"@type\":\"PropertyValueSpecification\",\"valueRequired\":true,\"valueName\":\"search_term_string\"}}],\"inLanguage\":\"pt-BR\"},{\"@type\":\"Organization\",\"@id\":\"http:\\\/\\\/forotf.com\\\/pt\\\/#organization\",\"name\":\"Foro T\u00e9cnico de Formaci\u00f3n\",\"alternateName\":\"FTF\",\"url\":\"http:\\\/\\\/forotf.com\\\/pt\\\/\",\"logo\":{\"@type\":\"ImageObject\",\"inLanguage\":\"pt-BR\",\"@id\":\"http:\\\/\\\/forotf.com\\\/pt\\\/#\\\/schema\\\/logo\\\/image\\\/\",\"url\":\"https:\\\/\\\/forotf.com\\\/wp-content\\\/uploads\\\/2024\\\/02\\\/Oficial-Logo-FTF-Color.svg\",\"contentUrl\":\"https:\\\/\\\/forotf.com\\\/wp-content\\\/uploads\\\/2024\\\/02\\\/Oficial-Logo-FTF-Color.svg\",\"width\":794,\"height\":212,\"caption\":\"Foro T\u00e9cnico de Formaci\u00f3n\"},\"image\":{\"@id\":\"http:\\\/\\\/forotf.com\\\/pt\\\/#\\\/schema\\\/logo\\\/image\\\/\"},\"sameAs\":[\"https:\\\/\\\/es-es.facebook.com\\\/forotf\\\/\",\"https:\\\/\\\/www.instagram.com\\\/ftformacion\\\/?igshid=MWZjMTM2ODFkZg==\",\"https:\\\/\\\/www.linkedin.com\\\/company\\\/foro-tecnico-de-formacion\\\/?originalSubdomain=es\",\"https:\\\/\\\/www.youtube.com\\\/channel\\\/UCTzzsDUdLaZtfAGiP_ipLIg\"]}]}<\/script>\n<!-- \/ Yoast SEO plugin. -->","yoast_head_json":{"title":"Condiciones de Uso de la web | Foro T\u00e9cnico de Formaci\u00f3n","robots":{"index":"index","follow":"follow","max-snippet":"max-snippet:-1","max-image-preview":"max-image-preview:large","max-video-preview":"max-video-preview:-1"},"canonical":"https:\/\/forotf.com\/pt\/condiciones-de-uso\/","og_locale":"pt_BR","og_type":"article","og_title":"Condiciones de Uso de la web | Foro T\u00e9cnico de Formaci\u00f3n","og_description":"1. ALCANCE: Estas Condiciones de Uso de la Web establecen las condiciones generales que regulan tanto el acceso, como la navegaci\u00f3n, as\u00ed como el uso de los contenidos de la presente web. La informaci\u00f3n contenida en esta p\u00e1gina web hace referencia a los servicios prestados y cursos comercializados por FORO TECNICO DE FORMACI\u00d3N, SL (en [&hellip;]","og_url":"https:\/\/forotf.com\/pt\/condiciones-de-uso\/","og_site_name":"Foro T\u00e9cnico de Formaci\u00f3n","article_publisher":"https:\/\/es-es.facebook.com\/forotf\/","article_modified_time":"2024-03-05T02:28:41+00:00","og_image":[{"width":1200,"height":675,"url":"https:\/\/forotf.com\/wp-content\/uploads\/2024\/02\/Site-Image.webp","type":"image\/webp"}],"twitter_card":"summary_large_image","schema":{"@context":"https:\/\/schema.org","@graph":[{"@type":"WebPage","@id":"https:\/\/forotf.com\/pt_pt\/condiciones-de-uso\/","url":"https:\/\/forotf.com\/pt_pt\/condiciones-de-uso\/","name":"Condiciones de Uso de la web | Foro T\u00e9cnico de Formaci\u00f3n","isPartOf":{"@id":"http:\/\/forotf.com\/pt\/#website"},"datePublished":"2024-02-16T17:48:11+00:00","dateModified":"2024-03-05T02:28:41+00:00","breadcrumb":{"@id":"https:\/\/forotf.com\/pt_pt\/condiciones-de-uso\/#breadcrumb"},"inLanguage":"pt-BR","potentialAction":[{"@type":"ReadAction","target":["https:\/\/forotf.com\/pt_pt\/condiciones-de-uso\/"]}]},{"@type":"BreadcrumbList","@id":"https:\/\/forotf.com\/pt_pt\/condiciones-de-uso\/#breadcrumb","itemListElement":[{"@type":"ListItem","position":1,"name":"Inicio","item":"https:\/\/forotf.com\/"},{"@type":"ListItem","position":2,"name":"Condiciones de Uso de la web"}]},{"@type":"WebSite","@id":"http:\/\/forotf.com\/pt\/#website","url":"http:\/\/forotf.com\/pt\/","name":"F\u00f3rum de Treinamento T\u00e9cnico","description":"Treinamento para Empresas","publisher":{"@id":"http:\/\/forotf.com\/pt\/#organization"},"alternateName":"FTF","potentialAction":[{"@type":"SearchAction","target":{"@type":"EntryPoint","urlTemplate":"http:\/\/forotf.com\/pt\/?s={search_term_string}"},"query-input":{"@type":"PropertyValueSpecification","valueRequired":true,"valueName":"search_term_string"}}],"inLanguage":"pt-BR"},{"@type":"Organization","@id":"http:\/\/forotf.com\/pt\/#organization","name":"F\u00f3rum de Treinamento T\u00e9cnico","alternateName":"FTF","url":"http:\/\/forotf.com\/pt\/","logo":{"@type":"ImageObject","inLanguage":"pt-BR","@id":"http:\/\/forotf.com\/pt\/#\/schema\/logo\/image\/","url":"https:\/\/forotf.com\/wp-content\/uploads\/2024\/02\/Oficial-Logo-FTF-Color.svg","contentUrl":"https:\/\/forotf.com\/wp-content\/uploads\/2024\/02\/Oficial-Logo-FTF-Color.svg","width":794,"height":212,"caption":"Foro T\u00e9cnico de Formaci\u00f3n"},"image":{"@id":"http:\/\/forotf.com\/pt\/#\/schema\/logo\/image\/"},"sameAs":["https:\/\/es-es.facebook.com\/forotf\/","https:\/\/www.instagram.com\/ftformacion\/?igshid=MWZjMTM2ODFkZg==","https:\/\/www.linkedin.com\/company\/foro-tecnico-de-formacion\/?originalSubdomain=es","https:\/\/www.youtube.com\/channel\/UCTzzsDUdLaZtfAGiP_ipLIg"]}]}},"publishpress_future_action":{"enabled":false,"date":"2026-04-12 03:16:06","action":"change-status","newStatus":"draft","terms":[],"taxonomy":"","extraData":[]},"publishpress_future_workflow_manual_trigger":{"enabledWorkflows":[]},"_links":{"self":[{"href":"https:\/\/forotf.com\/pt\/wp-json\/wp\/v2\/pages\/953","targetHints":{"allow":["GET"]}}],"collection":[{"href":"https:\/\/forotf.com\/pt\/wp-json\/wp\/v2\/pages"}],"about":[{"href":"https:\/\/forotf.com\/pt\/wp-json\/wp\/v2\/types\/page"}],"author":[{"embeddable":true,"href":"https:\/\/forotf.com\/pt\/wp-json\/wp\/v2\/users\/2"}],"replies":[{"embeddable":true,"href":"https:\/\/forotf.com\/pt\/wp-json\/wp\/v2\/comments?post=953"}],"version-history":[{"count":11,"href":"https:\/\/forotf.com\/pt\/wp-json\/wp\/v2\/pages\/953\/revisions"}],"predecessor-version":[{"id":2816,"href":"https:\/\/forotf.com\/pt\/wp-json\/wp\/v2\/pages\/953\/revisions\/2816"}],"wp:attachment":[{"href":"https:\/\/forotf.com\/pt\/wp-json\/wp\/v2\/media?parent=953"}],"curies":[{"name":"wp","href":"https:\/\/api.w.org\/{rel}","templated":true}]}}