{"id":7679,"date":"2026-04-01T10:39:45","date_gmt":"2026-04-01T10:39:45","guid":{"rendered":"https:\/\/forotf.com\/?post_type=product&#038;p=7679"},"modified":"2026-04-06T12:04:11","modified_gmt":"2026-04-06T12:04:11","slug":"conciliacion-ciudades-amigables-y-soledad-no-deseada","status":"publish","type":"product","link":"http:\/\/forotf.com\/pt_pt\/curso\/conciliacion-ciudades-amigables-y-soledad-no-deseada\/","title":{"rendered":"Conciliaci\u00f3n, ciudades amigables y soledad no deseada"},"content":{"rendered":"<p data-start=\"26\" data-end=\"539\">El curso de <strong data-start=\"38\" data-end=\"115\">Conciliaci\u00f3n, Ciudades Amigables y Soledad No Deseada en Personas Mayores<\/strong> ofrece una formaci\u00f3n actual y necesaria para comprender los retos sociales que afectan al bienestar de las personas, especialmente en el \u00e1mbito del envejecimiento. A trav\u00e9s de este programa, el alumnado analizar\u00e1 el concepto real de conciliaci\u00f3n, como el papel de las organizaciones en la promoci\u00f3n de entornos m\u00e1s equitativos.<\/p>\n<p data-start=\"541\" data-end=\"1001\">La formaci\u00f3n tambi\u00e9n aborda el modelo de ciudades amigables, profundizando en \u00e1reas clave como la participaci\u00f3n social, la comunicaci\u00f3n y el acceso a servicios, fundamentales para mejorar la calidad de vida de las personas mayores. Adem\u00e1s, se pone el foco en la soledad no deseada, un fen\u00f3meno en crecimiento, proporcionando herramientas para comprender sus causas, detectar situaciones de aislamiento y fomentar la integraci\u00f3n y participaci\u00f3n en la comunidad.<\/p>\n<p data-start=\"1003\" data-end=\"1176\">Una formaci\u00f3n clave para profesionales y entidades que quieren generar impacto social positivo, promoviendo entornos m\u00e1s inclusivos, sostenibles y centrados en las personas.<\/p>","protected":false},"excerpt":{"rendered":"<p>El curso de <strong data-start=\"38\" data-end=\"115\">Conciliaci\u00f3n, Ciudades Amigables y Soledad No Deseada en Personas Mayores<\/strong> ofrece una formaci\u00f3n actual y necesaria para comprender los retos sociales que afectan al bienestar de las personas, especialmente en el \u00e1mbito del envejecimiento. A trav\u00e9s de este programa, el alumnado analizar\u00e1 el concepto real de conciliaci\u00f3n, as\u00ed como el papel de las organizaciones en la promoci\u00f3n de entornos m\u00e1s equitativos.<\/p>","protected":false},"featured_media":7680,"comment_status":"closed","ping_status":"closed","template":"","meta":{"codigo-servicio":"2065-DS","costo-gestion":"5.45"},"product_brand":[],"product_cat":[15],"product_tag":[],"class_list":{"0":"post-7679","1":"product","2":"type-product","3":"status-publish","4":"has-post-thumbnail","6":"product_cat-uncategorized","8":"first","9":"instock","10":"shipping-taxable","11":"purchasable","12":"product-type-simple"},"pp_statuses_selecting_workflow":false,"pp_workflow_action":"current","pp_status_selection":"publish","yoast_head":"<!-- This site is optimized with the Yoast SEO plugin v27.3 - https:\/\/yoast.com\/product\/yoast-seo-wordpress\/ -->\n<title>Curso de Conciliaci\u00f3n, ciudades amigables y soledad no deseada | Foro T\u00e9cnico de Formaci\u00f3n<\/title>\n<meta name=\"description\" content=\"Potencia tu conocimiento con nuestro curso Conciliaci\u00f3n, ciudades amigables y soledad no deseada. Descubre, aprende y crece con Foro T\u00e9cnico de Formaci\u00f3n.\" \/>\n<meta name=\"robots\" content=\"index, follow, max-snippet:-1, max-image-preview:large, max-video-preview:-1\" \/>\n<link rel=\"canonical\" href=\"https:\/\/forotf.com\/pt_pt\/curso\/conciliacion-ciudades-amigables-y-soledad-no-deseada\/\" \/>\n<meta property=\"og:locale\" content=\"pt_PT\" \/>\n<meta property=\"og:type\" content=\"article\" \/>\n<meta property=\"og:title\" content=\"Curso de Conciliaci\u00f3n, ciudades amigables y soledad no deseada | Foro T\u00e9cnico de Formaci\u00f3n\" \/>\n<meta property=\"og:description\" content=\"Potencia tu conocimiento con nuestro curso Conciliaci\u00f3n, ciudades amigables y soledad no deseada. Descubre, aprende y crece con Foro T\u00e9cnico de Formaci\u00f3n.\" \/>\n<meta property=\"og:url\" content=\"https:\/\/forotf.com\/pt_pt\/curso\/conciliacion-ciudades-amigables-y-soledad-no-deseada\/\" \/>\n<meta property=\"og:site_name\" content=\"Foro T\u00e9cnico de Formaci\u00f3n\" \/>\n<meta property=\"article:publisher\" content=\"https:\/\/es-es.facebook.com\/forotf\/\" \/>\n<meta property=\"article:modified_time\" content=\"2026-04-06T12:04:11+00:00\" \/>\n<meta property=\"og:image\" content=\"https:\/\/forotf.com\/wp-content\/uploads\/2026\/04\/soledad-no-deseada-en-personas-mayores.jpg\" \/>\n\t<meta property=\"og:image:width\" content=\"1200\" \/>\n\t<meta property=\"og:image:height\" content=\"675\" \/>\n\t<meta property=\"og:image:type\" content=\"image\/jpeg\" \/>\n<meta name=\"twitter:card\" content=\"summary_large_image\" \/>\n<script type=\"application\/ld+json\" class=\"yoast-schema-graph\">{\"@context\":\"https:\\\/\\\/schema.org\",\"@graph\":[{\"@type\":\"WebPage\",\"@id\":\"https:\\\/\\\/forotf.com\\\/curso\\\/conciliacion-ciudades-amigables-y-soledad-no-deseada\\\/\",\"url\":\"https:\\\/\\\/forotf.com\\\/curso\\\/conciliacion-ciudades-amigables-y-soledad-no-deseada\\\/\",\"name\":\"Curso de Conciliaci\u00f3n, ciudades amigables y soledad no deseada | Foro T\u00e9cnico de Formaci\u00f3n\",\"isPartOf\":{\"@id\":\"http:\\\/\\\/forotf.com\\\/pt\\\/#website\"},\"primaryImageOfPage\":{\"@id\":\"https:\\\/\\\/forotf.com\\\/curso\\\/conciliacion-ciudades-amigables-y-soledad-no-deseada\\\/#primaryimage\"},\"image\":{\"@id\":\"https:\\\/\\\/forotf.com\\\/curso\\\/conciliacion-ciudades-amigables-y-soledad-no-deseada\\\/#primaryimage\"},\"thumbnailUrl\":\"https:\\\/\\\/forotf.com\\\/wp-content\\\/uploads\\\/2026\\\/04\\\/soledad-no-deseada-en-personas-mayores.jpg\",\"datePublished\":\"2026-04-01T10:39:45+00:00\",\"dateModified\":\"2026-04-06T12:04:11+00:00\",\"description\":\"Potencia tu conocimiento con nuestro curso Conciliaci\u00f3n, ciudades amigables y soledad no deseada. Descubre, aprende y crece con Foro T\u00e9cnico de Formaci\u00f3n.\",\"breadcrumb\":{\"@id\":\"https:\\\/\\\/forotf.com\\\/curso\\\/conciliacion-ciudades-amigables-y-soledad-no-deseada\\\/#breadcrumb\"},\"inLanguage\":\"pt-PT\",\"potentialAction\":[{\"@type\":\"ReadAction\",\"target\":[\"https:\\\/\\\/forotf.com\\\/curso\\\/conciliacion-ciudades-amigables-y-soledad-no-deseada\\\/\"]}]},{\"@type\":\"ImageObject\",\"inLanguage\":\"pt-PT\",\"@id\":\"https:\\\/\\\/forotf.com\\\/curso\\\/conciliacion-ciudades-amigables-y-soledad-no-deseada\\\/#primaryimage\",\"url\":\"https:\\\/\\\/forotf.com\\\/wp-content\\\/uploads\\\/2026\\\/04\\\/soledad-no-deseada-en-personas-mayores.jpg\",\"contentUrl\":\"https:\\\/\\\/forotf.com\\\/wp-content\\\/uploads\\\/2026\\\/04\\\/soledad-no-deseada-en-personas-mayores.jpg\",\"width\":1200,\"height\":675},{\"@type\":\"BreadcrumbList\",\"@id\":\"https:\\\/\\\/forotf.com\\\/curso\\\/conciliacion-ciudades-amigables-y-soledad-no-deseada\\\/#breadcrumb\",\"itemListElement\":[{\"@type\":\"ListItem\",\"position\":1,\"name\":\"Inicio\",\"item\":\"https:\\\/\\\/forotf.com\\\/\"},{\"@type\":\"ListItem\",\"position\":2,\"name\":\"Cursos\",\"item\":\"https:\\\/\\\/forotf.com\\\/cursos\\\/\"},{\"@type\":\"ListItem\",\"position\":3,\"name\":\"Uncategorized\",\"item\":\"http:\\\/\\\/forotf.com\\\/pt\\\/product-category\\\/uncategorized\\\/\"},{\"@type\":\"ListItem\",\"position\":4,\"name\":\"Conciliaci\u00f3n, ciudades amigables y soledad no deseada\"}]},{\"@type\":\"WebSite\",\"@id\":\"http:\\\/\\\/forotf.com\\\/pt\\\/#website\",\"url\":\"http:\\\/\\\/forotf.com\\\/pt\\\/\",\"name\":\"Foro T\u00e9cnico de Formaci\u00f3n\",\"description\":\"Formaci\u00f3n para Empresas\",\"publisher\":{\"@id\":\"http:\\\/\\\/forotf.com\\\/pt\\\/#organization\"},\"alternateName\":\"FTF\",\"potentialAction\":[{\"@type\":\"SearchAction\",\"target\":{\"@type\":\"EntryPoint\",\"urlTemplate\":\"http:\\\/\\\/forotf.com\\\/pt\\\/?s={search_term_string}\"},\"query-input\":{\"@type\":\"PropertyValueSpecification\",\"valueRequired\":true,\"valueName\":\"search_term_string\"}}],\"inLanguage\":\"pt-PT\"},{\"@type\":\"Organization\",\"@id\":\"http:\\\/\\\/forotf.com\\\/pt\\\/#organization\",\"name\":\"Foro T\u00e9cnico de Formaci\u00f3n\",\"alternateName\":\"FTF\",\"url\":\"http:\\\/\\\/forotf.com\\\/pt\\\/\",\"logo\":{\"@type\":\"ImageObject\",\"inLanguage\":\"pt-PT\",\"@id\":\"http:\\\/\\\/forotf.com\\\/pt\\\/#\\\/schema\\\/logo\\\/image\\\/\",\"url\":\"https:\\\/\\\/forotf.com\\\/wp-content\\\/uploads\\\/2024\\\/02\\\/Oficial-Logo-FTF-Color.svg\",\"contentUrl\":\"https:\\\/\\\/forotf.com\\\/wp-content\\\/uploads\\\/2024\\\/02\\\/Oficial-Logo-FTF-Color.svg\",\"width\":794,\"height\":212,\"caption\":\"Foro T\u00e9cnico de Formaci\u00f3n\"},\"image\":{\"@id\":\"http:\\\/\\\/forotf.com\\\/pt\\\/#\\\/schema\\\/logo\\\/image\\\/\"},\"sameAs\":[\"https:\\\/\\\/es-es.facebook.com\\\/forotf\\\/\",\"https:\\\/\\\/www.instagram.com\\\/ftformacion\\\/?igshid=MWZjMTM2ODFkZg==\",\"https:\\\/\\\/www.linkedin.com\\\/company\\\/foro-tecnico-de-formacion\\\/?originalSubdomain=es\",\"https:\\\/\\\/www.youtube.com\\\/channel\\\/UCTzzsDUdLaZtfAGiP_ipLIg\"]}]}<\/script>\n<!-- \/ Yoast SEO plugin. -->","yoast_head_json":{"title":"Curso de Conciliaci\u00f3n, ciudades amigables y soledad no deseada | Foro T\u00e9cnico de Formaci\u00f3n","description":"Potencia tu conocimiento con nuestro curso Conciliaci\u00f3n, ciudades amigables y soledad no deseada. Descubre, aprende y crece con Foro T\u00e9cnico de Formaci\u00f3n.","robots":{"index":"index","follow":"follow","max-snippet":"max-snippet:-1","max-image-preview":"max-image-preview:large","max-video-preview":"max-video-preview:-1"},"canonical":"https:\/\/forotf.com\/pt_pt\/curso\/conciliacion-ciudades-amigables-y-soledad-no-deseada\/","og_locale":"pt_PT","og_type":"article","og_title":"Curso de Conciliaci\u00f3n, ciudades amigables y soledad no deseada | Foro T\u00e9cnico de Formaci\u00f3n","og_description":"Potencia tu conocimiento con nuestro curso Conciliaci\u00f3n, ciudades amigables y soledad no deseada. Descubre, aprende y crece con Foro T\u00e9cnico de Formaci\u00f3n.","og_url":"https:\/\/forotf.com\/pt_pt\/curso\/conciliacion-ciudades-amigables-y-soledad-no-deseada\/","og_site_name":"Foro T\u00e9cnico de Formaci\u00f3n","article_publisher":"https:\/\/es-es.facebook.com\/forotf\/","article_modified_time":"2026-04-06T12:04:11+00:00","og_image":[{"width":1200,"height":675,"url":"https:\/\/forotf.com\/wp-content\/uploads\/2026\/04\/soledad-no-deseada-en-personas-mayores.jpg","type":"image\/jpeg"}],"twitter_card":"summary_large_image","schema":{"@context":"https:\/\/schema.org","@graph":[{"@type":"WebPage","@id":"https:\/\/forotf.com\/curso\/conciliacion-ciudades-amigables-y-soledad-no-deseada\/","url":"https:\/\/forotf.com\/curso\/conciliacion-ciudades-amigables-y-soledad-no-deseada\/","name":"Curso de Conciliaci\u00f3n, ciudades amigables y soledad no deseada | Foro T\u00e9cnico de Formaci\u00f3n","isPartOf":{"@id":"http:\/\/forotf.com\/pt\/#website"},"primaryImageOfPage":{"@id":"https:\/\/forotf.com\/curso\/conciliacion-ciudades-amigables-y-soledad-no-deseada\/#primaryimage"},"image":{"@id":"https:\/\/forotf.com\/curso\/conciliacion-ciudades-amigables-y-soledad-no-deseada\/#primaryimage"},"thumbnailUrl":"https:\/\/forotf.com\/wp-content\/uploads\/2026\/04\/soledad-no-deseada-en-personas-mayores.jpg","datePublished":"2026-04-01T10:39:45+00:00","dateModified":"2026-04-06T12:04:11+00:00","description":"Potencia tu conocimiento con nuestro curso Conciliaci\u00f3n, ciudades amigables y soledad no deseada. Descubre, aprende y crece con Foro T\u00e9cnico de Formaci\u00f3n.","breadcrumb":{"@id":"https:\/\/forotf.com\/curso\/conciliacion-ciudades-amigables-y-soledad-no-deseada\/#breadcrumb"},"inLanguage":"pt-PT","potentialAction":[{"@type":"ReadAction","target":["https:\/\/forotf.com\/curso\/conciliacion-ciudades-amigables-y-soledad-no-deseada\/"]}]},{"@type":"ImageObject","inLanguage":"pt-PT","@id":"https:\/\/forotf.com\/curso\/conciliacion-ciudades-amigables-y-soledad-no-deseada\/#primaryimage","url":"https:\/\/forotf.com\/wp-content\/uploads\/2026\/04\/soledad-no-deseada-en-personas-mayores.jpg","contentUrl":"https:\/\/forotf.com\/wp-content\/uploads\/2026\/04\/soledad-no-deseada-en-personas-mayores.jpg","width":1200,"height":675},{"@type":"BreadcrumbList","@id":"https:\/\/forotf.com\/curso\/conciliacion-ciudades-amigables-y-soledad-no-deseada\/#breadcrumb","itemListElement":[{"@type":"ListItem","position":1,"name":"Inicio","item":"https:\/\/forotf.com\/"},{"@type":"ListItem","position":2,"name":"Cursos","item":"https:\/\/forotf.com\/cursos\/"},{"@type":"ListItem","position":3,"name":"Uncategorized","item":"http:\/\/forotf.com\/pt\/product-category\/uncategorized\/"},{"@type":"ListItem","position":4,"name":"Conciliaci\u00f3n, ciudades amigables y soledad no deseada"}]},{"@type":"WebSite","@id":"http:\/\/forotf.com\/pt\/#website","url":"http:\/\/forotf.com\/pt\/","name":"F\u00f3rum de Treinamento T\u00e9cnico","description":"Treinamento para Empresas","publisher":{"@id":"http:\/\/forotf.com\/pt\/#organization"},"alternateName":"FTF","potentialAction":[{"@type":"SearchAction","target":{"@type":"EntryPoint","urlTemplate":"http:\/\/forotf.com\/pt\/?s={search_term_string}"},"query-input":{"@type":"PropertyValueSpecification","valueRequired":true,"valueName":"search_term_string"}}],"inLanguage":"pt-PT"},{"@type":"Organization","@id":"http:\/\/forotf.com\/pt\/#organization","name":"F\u00f3rum de Treinamento T\u00e9cnico","alternateName":"FTF","url":"http:\/\/forotf.com\/pt\/","logo":{"@type":"ImageObject","inLanguage":"pt-PT","@id":"http:\/\/forotf.com\/pt\/#\/schema\/logo\/image\/","url":"https:\/\/forotf.com\/wp-content\/uploads\/2024\/02\/Oficial-Logo-FTF-Color.svg","contentUrl":"https:\/\/forotf.com\/wp-content\/uploads\/2024\/02\/Oficial-Logo-FTF-Color.svg","width":794,"height":212,"caption":"Foro T\u00e9cnico de Formaci\u00f3n"},"image":{"@id":"http:\/\/forotf.com\/pt\/#\/schema\/logo\/image\/"},"sameAs":["https:\/\/es-es.facebook.com\/forotf\/","https:\/\/www.instagram.com\/ftformacion\/?igshid=MWZjMTM2ODFkZg==","https:\/\/www.linkedin.com\/company\/foro-tecnico-de-formacion\/?originalSubdomain=es","https:\/\/www.youtube.com\/channel\/UCTzzsDUdLaZtfAGiP_ipLIg"]}]}},"publishpress_future_workflow_manual_trigger":{"enabledWorkflows":[]},"_links":{"self":[{"href":"http:\/\/forotf.com\/pt_pt\/wp-json\/wp\/v2\/product\/7679","targetHints":{"allow":["GET"]}}],"collection":[{"href":"http:\/\/forotf.com\/pt_pt\/wp-json\/wp\/v2\/product"}],"about":[{"href":"http:\/\/forotf.com\/pt_pt\/wp-json\/wp\/v2\/types\/product"}],"replies":[{"embeddable":true,"href":"http:\/\/forotf.com\/pt_pt\/wp-json\/wp\/v2\/comments?post=7679"}],"wp:featuredmedia":[{"embeddable":true,"href":"http:\/\/forotf.com\/pt_pt\/wp-json\/wp\/v2\/media\/7680"}],"wp:attachment":[{"href":"http:\/\/forotf.com\/pt_pt\/wp-json\/wp\/v2\/media?parent=7679"}],"wp:term":[{"taxonomy":"product_brand","embeddable":true,"href":"http:\/\/forotf.com\/pt_pt\/wp-json\/wp\/v2\/product_brand?post=7679"},{"taxonomy":"product_cat","embeddable":true,"href":"http:\/\/forotf.com\/pt_pt\/wp-json\/wp\/v2\/product_cat?post=7679"},{"taxonomy":"product_tag","embeddable":true,"href":"http:\/\/forotf.com\/pt_pt\/wp-json\/wp\/v2\/product_tag?post=7679"}],"curies":[{"name":"wp","href":"https:\/\/api.w.org\/{rel}","templated":true}]}}