{"id":7673,"date":"2026-03-20T12:44:23","date_gmt":"2026-03-20T12:44:23","guid":{"rendered":"https:\/\/forotf.com\/?post_type=product&#038;p=7673"},"modified":"2026-03-27T11:08:33","modified_gmt":"2026-03-27T11:08:33","slug":"demencias-y-manejo-de-conducta-en-acp","status":"publish","type":"product","link":"http:\/\/forotf.com\/pt_pt\/curso\/demencias-y-manejo-de-conducta-en-acp\/","title":{"rendered":"Demencias y manejo en conducta en ACP"},"content":{"rendered":"<p data-start=\"26\" data-end=\"472\">El curso de <strong data-start=\"38\" data-end=\"90\">Atenci\u00f3n e Intervenci\u00f3n en Personas con Demencia<\/strong> ofrece una formaci\u00f3n completa para comprender, identificar y actuar ante las diferentes demencias desde un enfoque pr\u00e1ctico y centrado en la persona. A lo largo del programa, el alumnado conocer\u00e1 los distintos tipos de demencia, su evoluci\u00f3n y los principales signos y s\u00edntomas asociados, permitiendo una mejor comprensi\u00f3n de las necesidades de las personas afectadas en cada fase.<\/p>\n<p data-start=\"474\" data-end=\"940\">La formaci\u00f3n profundiza en estrategias de intervenci\u00f3n basadas en el modelo de Atenci\u00f3n Centrada en la Persona (ACP), abordando tanto tratamientos farmacol\u00f3gicos como no farmacol\u00f3gicos, as\u00ed como t\u00e9cnicas de comunicaci\u00f3n y manejo de conductas complejas como la agitaci\u00f3n, la desorientaci\u00f3n o los delirios. Adem\u00e1s, se proporcionan herramientas para analizar situaciones reales, prevenir riesgos y mejorar el bienestar y la calidad de vida de las personas con demencia.<\/p>\n<p data-start=\"942\" data-end=\"1140\">Una formaci\u00f3n esencial para adquirir competencias pr\u00e1cticas que permitan ofrecer una atenci\u00f3n m\u00e1s profesional, humana y adaptada a las necesidades cambiantes de las personas con deterioro cognitivo.<\/p>","protected":false},"excerpt":{"rendered":"<p>El curso de <strong data-start=\"38\" data-end=\"90\">Atenci\u00f3n e Intervenci\u00f3n en Personas con Demencia<\/strong> ofrece una formaci\u00f3n completa para comprender, identificar y actuar ante las diferentes demencias desde un enfoque pr\u00e1ctico y centrado en la persona. A lo largo del programa, el alumnado conocer\u00e1 los distintos tipos de demencia, su evoluci\u00f3n y los principales signos y s\u00edntomas asociados, permitiendo una mejor comprensi\u00f3n de las necesidades de las personas afectadas en cada fase.<\/p>","protected":false},"featured_media":7674,"comment_status":"closed","ping_status":"closed","template":"","meta":{"codigo-servicio":"2116-A","costo-gestion":"5.45"},"product_brand":[],"product_cat":[15],"product_tag":[],"class_list":{"0":"post-7673","1":"product","2":"type-product","3":"status-publish","4":"has-post-thumbnail","6":"product_cat-uncategorized","8":"first","9":"instock","10":"shipping-taxable","11":"purchasable","12":"product-type-simple"},"pp_statuses_selecting_workflow":false,"pp_workflow_action":"current","pp_status_selection":"publish","yoast_head":"<!-- This site is optimized with the Yoast SEO plugin v27.3 - https:\/\/yoast.com\/product\/yoast-seo-wordpress\/ -->\n<title>Curso de Demencias y manejo en conducta en ACP | Foro T\u00e9cnico de Formaci\u00f3n<\/title>\n<meta name=\"description\" content=\"Potencia tu conocimiento con nuestro curso Demencias y manejo en conducta en ACP. Descubre, aprende y crece con Foro T\u00e9cnico de Formaci\u00f3n.\" \/>\n<meta name=\"robots\" content=\"index, follow, max-snippet:-1, max-image-preview:large, max-video-preview:-1\" \/>\n<link rel=\"canonical\" href=\"https:\/\/forotf.com\/pt_pt\/curso\/demencias-y-manejo-de-conducta-en-acp\/\" \/>\n<meta property=\"og:locale\" content=\"pt_PT\" \/>\n<meta property=\"og:type\" content=\"article\" \/>\n<meta property=\"og:title\" content=\"Curso de Demencias y manejo en conducta en ACP | Foro T\u00e9cnico de Formaci\u00f3n\" \/>\n<meta property=\"og:description\" content=\"Potencia tu conocimiento con nuestro curso Demencias y manejo en conducta en ACP. Descubre, aprende y crece con Foro T\u00e9cnico de Formaci\u00f3n.\" \/>\n<meta property=\"og:url\" content=\"https:\/\/forotf.com\/pt_pt\/curso\/demencias-y-manejo-de-conducta-en-acp\/\" \/>\n<meta property=\"og:site_name\" content=\"Foro T\u00e9cnico de Formaci\u00f3n\" \/>\n<meta property=\"article:publisher\" content=\"https:\/\/es-es.facebook.com\/forotf\/\" \/>\n<meta property=\"article:modified_time\" content=\"2026-03-27T11:08:33+00:00\" \/>\n<meta property=\"og:image\" content=\"https:\/\/forotf.com\/wp-content\/uploads\/2026\/03\/alzheimer.jpg\" \/>\n\t<meta property=\"og:image:width\" content=\"800\" \/>\n\t<meta property=\"og:image:height\" content=\"387\" \/>\n\t<meta property=\"og:image:type\" content=\"image\/jpeg\" \/>\n<meta name=\"twitter:card\" content=\"summary_large_image\" \/>\n<script type=\"application\/ld+json\" class=\"yoast-schema-graph\">{\"@context\":\"https:\\\/\\\/schema.org\",\"@graph\":[{\"@type\":\"WebPage\",\"@id\":\"https:\\\/\\\/forotf.com\\\/curso\\\/demencias-y-manejo-de-conducta-en-acp\\\/\",\"url\":\"https:\\\/\\\/forotf.com\\\/curso\\\/demencias-y-manejo-de-conducta-en-acp\\\/\",\"name\":\"Curso de Demencias y manejo en conducta en ACP | Foro T\u00e9cnico de Formaci\u00f3n\",\"isPartOf\":{\"@id\":\"http:\\\/\\\/forotf.com\\\/pt\\\/#website\"},\"primaryImageOfPage\":{\"@id\":\"https:\\\/\\\/forotf.com\\\/curso\\\/demencias-y-manejo-de-conducta-en-acp\\\/#primaryimage\"},\"image\":{\"@id\":\"https:\\\/\\\/forotf.com\\\/curso\\\/demencias-y-manejo-de-conducta-en-acp\\\/#primaryimage\"},\"thumbnailUrl\":\"https:\\\/\\\/forotf.com\\\/wp-content\\\/uploads\\\/2026\\\/03\\\/alzheimer.jpg\",\"datePublished\":\"2026-03-20T12:44:23+00:00\",\"dateModified\":\"2026-03-27T11:08:33+00:00\",\"description\":\"Potencia tu conocimiento con nuestro curso Demencias y manejo en conducta en ACP. Descubre, aprende y crece con Foro T\u00e9cnico de Formaci\u00f3n.\",\"breadcrumb\":{\"@id\":\"https:\\\/\\\/forotf.com\\\/curso\\\/demencias-y-manejo-de-conducta-en-acp\\\/#breadcrumb\"},\"inLanguage\":\"pt-PT\",\"potentialAction\":[{\"@type\":\"ReadAction\",\"target\":[\"https:\\\/\\\/forotf.com\\\/curso\\\/demencias-y-manejo-de-conducta-en-acp\\\/\"]}]},{\"@type\":\"ImageObject\",\"inLanguage\":\"pt-PT\",\"@id\":\"https:\\\/\\\/forotf.com\\\/curso\\\/demencias-y-manejo-de-conducta-en-acp\\\/#primaryimage\",\"url\":\"https:\\\/\\\/forotf.com\\\/wp-content\\\/uploads\\\/2026\\\/03\\\/alzheimer.jpg\",\"contentUrl\":\"https:\\\/\\\/forotf.com\\\/wp-content\\\/uploads\\\/2026\\\/03\\\/alzheimer.jpg\",\"width\":800,\"height\":387},{\"@type\":\"BreadcrumbList\",\"@id\":\"https:\\\/\\\/forotf.com\\\/curso\\\/demencias-y-manejo-de-conducta-en-acp\\\/#breadcrumb\",\"itemListElement\":[{\"@type\":\"ListItem\",\"position\":1,\"name\":\"Inicio\",\"item\":\"https:\\\/\\\/forotf.com\\\/\"},{\"@type\":\"ListItem\",\"position\":2,\"name\":\"Cursos\",\"item\":\"https:\\\/\\\/forotf.com\\\/cursos\\\/\"},{\"@type\":\"ListItem\",\"position\":3,\"name\":\"Uncategorized\",\"item\":\"http:\\\/\\\/forotf.com\\\/pt\\\/product-category\\\/uncategorized\\\/\"},{\"@type\":\"ListItem\",\"position\":4,\"name\":\"Demencias y manejo en conducta en ACP\"}]},{\"@type\":\"WebSite\",\"@id\":\"http:\\\/\\\/forotf.com\\\/pt\\\/#website\",\"url\":\"http:\\\/\\\/forotf.com\\\/pt\\\/\",\"name\":\"Foro T\u00e9cnico de Formaci\u00f3n\",\"description\":\"Formaci\u00f3n para Empresas\",\"publisher\":{\"@id\":\"http:\\\/\\\/forotf.com\\\/pt\\\/#organization\"},\"alternateName\":\"FTF\",\"potentialAction\":[{\"@type\":\"SearchAction\",\"target\":{\"@type\":\"EntryPoint\",\"urlTemplate\":\"http:\\\/\\\/forotf.com\\\/pt\\\/?s={search_term_string}\"},\"query-input\":{\"@type\":\"PropertyValueSpecification\",\"valueRequired\":true,\"valueName\":\"search_term_string\"}}],\"inLanguage\":\"pt-PT\"},{\"@type\":\"Organization\",\"@id\":\"http:\\\/\\\/forotf.com\\\/pt\\\/#organization\",\"name\":\"Foro T\u00e9cnico de Formaci\u00f3n\",\"alternateName\":\"FTF\",\"url\":\"http:\\\/\\\/forotf.com\\\/pt\\\/\",\"logo\":{\"@type\":\"ImageObject\",\"inLanguage\":\"pt-PT\",\"@id\":\"http:\\\/\\\/forotf.com\\\/pt\\\/#\\\/schema\\\/logo\\\/image\\\/\",\"url\":\"https:\\\/\\\/forotf.com\\\/wp-content\\\/uploads\\\/2024\\\/02\\\/Oficial-Logo-FTF-Color.svg\",\"contentUrl\":\"https:\\\/\\\/forotf.com\\\/wp-content\\\/uploads\\\/2024\\\/02\\\/Oficial-Logo-FTF-Color.svg\",\"width\":794,\"height\":212,\"caption\":\"Foro T\u00e9cnico de Formaci\u00f3n\"},\"image\":{\"@id\":\"http:\\\/\\\/forotf.com\\\/pt\\\/#\\\/schema\\\/logo\\\/image\\\/\"},\"sameAs\":[\"https:\\\/\\\/es-es.facebook.com\\\/forotf\\\/\",\"https:\\\/\\\/www.instagram.com\\\/ftformacion\\\/?igshid=MWZjMTM2ODFkZg==\",\"https:\\\/\\\/www.linkedin.com\\\/company\\\/foro-tecnico-de-formacion\\\/?originalSubdomain=es\",\"https:\\\/\\\/www.youtube.com\\\/channel\\\/UCTzzsDUdLaZtfAGiP_ipLIg\"]}]}<\/script>\n<!-- \/ Yoast SEO plugin. -->","yoast_head_json":{"title":"Curso de Demencias y manejo en conducta en ACP | Foro T\u00e9cnico de Formaci\u00f3n","description":"Potencia tu conocimiento con nuestro curso Demencias y manejo en conducta en ACP. Descubre, aprende y crece con Foro T\u00e9cnico de Formaci\u00f3n.","robots":{"index":"index","follow":"follow","max-snippet":"max-snippet:-1","max-image-preview":"max-image-preview:large","max-video-preview":"max-video-preview:-1"},"canonical":"https:\/\/forotf.com\/pt_pt\/curso\/demencias-y-manejo-de-conducta-en-acp\/","og_locale":"pt_PT","og_type":"article","og_title":"Curso de Demencias y manejo en conducta en ACP | Foro T\u00e9cnico de Formaci\u00f3n","og_description":"Potencia tu conocimiento con nuestro curso Demencias y manejo en conducta en ACP. Descubre, aprende y crece con Foro T\u00e9cnico de Formaci\u00f3n.","og_url":"https:\/\/forotf.com\/pt_pt\/curso\/demencias-y-manejo-de-conducta-en-acp\/","og_site_name":"Foro T\u00e9cnico de Formaci\u00f3n","article_publisher":"https:\/\/es-es.facebook.com\/forotf\/","article_modified_time":"2026-03-27T11:08:33+00:00","og_image":[{"width":800,"height":387,"url":"https:\/\/forotf.com\/wp-content\/uploads\/2026\/03\/alzheimer.jpg","type":"image\/jpeg"}],"twitter_card":"summary_large_image","schema":{"@context":"https:\/\/schema.org","@graph":[{"@type":"WebPage","@id":"https:\/\/forotf.com\/curso\/demencias-y-manejo-de-conducta-en-acp\/","url":"https:\/\/forotf.com\/curso\/demencias-y-manejo-de-conducta-en-acp\/","name":"Curso de Demencias y manejo en conducta en ACP | Foro T\u00e9cnico de Formaci\u00f3n","isPartOf":{"@id":"http:\/\/forotf.com\/pt\/#website"},"primaryImageOfPage":{"@id":"https:\/\/forotf.com\/curso\/demencias-y-manejo-de-conducta-en-acp\/#primaryimage"},"image":{"@id":"https:\/\/forotf.com\/curso\/demencias-y-manejo-de-conducta-en-acp\/#primaryimage"},"thumbnailUrl":"https:\/\/forotf.com\/wp-content\/uploads\/2026\/03\/alzheimer.jpg","datePublished":"2026-03-20T12:44:23+00:00","dateModified":"2026-03-27T11:08:33+00:00","description":"Potencia tu conocimiento con nuestro curso Demencias y manejo en conducta en ACP. Descubre, aprende y crece con Foro T\u00e9cnico de Formaci\u00f3n.","breadcrumb":{"@id":"https:\/\/forotf.com\/curso\/demencias-y-manejo-de-conducta-en-acp\/#breadcrumb"},"inLanguage":"pt-PT","potentialAction":[{"@type":"ReadAction","target":["https:\/\/forotf.com\/curso\/demencias-y-manejo-de-conducta-en-acp\/"]}]},{"@type":"ImageObject","inLanguage":"pt-PT","@id":"https:\/\/forotf.com\/curso\/demencias-y-manejo-de-conducta-en-acp\/#primaryimage","url":"https:\/\/forotf.com\/wp-content\/uploads\/2026\/03\/alzheimer.jpg","contentUrl":"https:\/\/forotf.com\/wp-content\/uploads\/2026\/03\/alzheimer.jpg","width":800,"height":387},{"@type":"BreadcrumbList","@id":"https:\/\/forotf.com\/curso\/demencias-y-manejo-de-conducta-en-acp\/#breadcrumb","itemListElement":[{"@type":"ListItem","position":1,"name":"Inicio","item":"https:\/\/forotf.com\/"},{"@type":"ListItem","position":2,"name":"Cursos","item":"https:\/\/forotf.com\/cursos\/"},{"@type":"ListItem","position":3,"name":"Uncategorized","item":"http:\/\/forotf.com\/pt\/product-category\/uncategorized\/"},{"@type":"ListItem","position":4,"name":"Demencias y manejo en conducta en ACP"}]},{"@type":"WebSite","@id":"http:\/\/forotf.com\/pt\/#website","url":"http:\/\/forotf.com\/pt\/","name":"F\u00f3rum de Treinamento T\u00e9cnico","description":"Treinamento para Empresas","publisher":{"@id":"http:\/\/forotf.com\/pt\/#organization"},"alternateName":"FTF","potentialAction":[{"@type":"SearchAction","target":{"@type":"EntryPoint","urlTemplate":"http:\/\/forotf.com\/pt\/?s={search_term_string}"},"query-input":{"@type":"PropertyValueSpecification","valueRequired":true,"valueName":"search_term_string"}}],"inLanguage":"pt-PT"},{"@type":"Organization","@id":"http:\/\/forotf.com\/pt\/#organization","name":"F\u00f3rum de Treinamento T\u00e9cnico","alternateName":"FTF","url":"http:\/\/forotf.com\/pt\/","logo":{"@type":"ImageObject","inLanguage":"pt-PT","@id":"http:\/\/forotf.com\/pt\/#\/schema\/logo\/image\/","url":"https:\/\/forotf.com\/wp-content\/uploads\/2024\/02\/Oficial-Logo-FTF-Color.svg","contentUrl":"https:\/\/forotf.com\/wp-content\/uploads\/2024\/02\/Oficial-Logo-FTF-Color.svg","width":794,"height":212,"caption":"Foro T\u00e9cnico de Formaci\u00f3n"},"image":{"@id":"http:\/\/forotf.com\/pt\/#\/schema\/logo\/image\/"},"sameAs":["https:\/\/es-es.facebook.com\/forotf\/","https:\/\/www.instagram.com\/ftformacion\/?igshid=MWZjMTM2ODFkZg==","https:\/\/www.linkedin.com\/company\/foro-tecnico-de-formacion\/?originalSubdomain=es","https:\/\/www.youtube.com\/channel\/UCTzzsDUdLaZtfAGiP_ipLIg"]}]}},"publishpress_future_workflow_manual_trigger":{"enabledWorkflows":[]},"_links":{"self":[{"href":"http:\/\/forotf.com\/pt_pt\/wp-json\/wp\/v2\/product\/7673","targetHints":{"allow":["GET"]}}],"collection":[{"href":"http:\/\/forotf.com\/pt_pt\/wp-json\/wp\/v2\/product"}],"about":[{"href":"http:\/\/forotf.com\/pt_pt\/wp-json\/wp\/v2\/types\/product"}],"replies":[{"embeddable":true,"href":"http:\/\/forotf.com\/pt_pt\/wp-json\/wp\/v2\/comments?post=7673"}],"wp:featuredmedia":[{"embeddable":true,"href":"http:\/\/forotf.com\/pt_pt\/wp-json\/wp\/v2\/media\/7674"}],"wp:attachment":[{"href":"http:\/\/forotf.com\/pt_pt\/wp-json\/wp\/v2\/media?parent=7673"}],"wp:term":[{"taxonomy":"product_brand","embeddable":true,"href":"http:\/\/forotf.com\/pt_pt\/wp-json\/wp\/v2\/product_brand?post=7673"},{"taxonomy":"product_cat","embeddable":true,"href":"http:\/\/forotf.com\/pt_pt\/wp-json\/wp\/v2\/product_cat?post=7673"},{"taxonomy":"product_tag","embeddable":true,"href":"http:\/\/forotf.com\/pt_pt\/wp-json\/wp\/v2\/product_tag?post=7673"}],"curies":[{"name":"wp","href":"https:\/\/api.w.org\/{rel}","templated":true}]}}