{"id":7655,"date":"2026-03-11T14:08:46","date_gmt":"2026-03-11T14:08:46","guid":{"rendered":"https:\/\/forotf.com\/?post_type=product&#038;p=7655"},"modified":"2026-03-11T14:22:47","modified_gmt":"2026-03-11T14:22:47","slug":"estimulacion-sensorial-con-materiales-no-estandarizados","status":"publish","type":"product","link":"http:\/\/forotf.com\/pt_pt\/curso\/estimulacion-sensorial-con-materiales-no-estandarizados\/","title":{"rendered":"Estimulaci\u00f3n sensorial con materiales no estandarizados"},"content":{"rendered":"<p data-start=\"26\" data-end=\"573\">El curso de <strong data-start=\"38\" data-end=\"84\">Estimulaci\u00f3n Sensorial y Entorno Snoezelen<\/strong> proporciona los conocimientos necesarios para comprender c\u00f3mo funcionan los est\u00edmulos sensoriales y c\u00f3mo pueden utilizarse de forma terap\u00e9utica para mejorar el bienestar de personas con discapacidad o en situaci\u00f3n de dependencia. A trav\u00e9s de esta formaci\u00f3n, el alumnado conocer\u00e1 las bases del sistema nervioso, los procesos de percepci\u00f3n sensorial y la importancia de la estimulaci\u00f3n multisensorial en el desarrollo, la regulaci\u00f3n emocional y la calidad de vida de las personas atendidas.<\/p>\n<p data-start=\"575\" data-end=\"978\">Durante el programa se abordar\u00e1 el uso de salas multisensoriales o entornos Snoezelen, aprendiendo a dise\u00f1ar y desarrollar sesiones de estimulaci\u00f3n adaptadas a las necesidades individuales. Adem\u00e1s, se estudiar\u00e1n los diferentes materiales utilizados, tanto estandarizados como alternativos, y su aplicaci\u00f3n pr\u00e1ctica para estimular los sentidos y favorecer la relajaci\u00f3n, la comunicaci\u00f3n y la interacci\u00f3n.<\/p>","protected":false},"excerpt":{"rendered":"<p>El curso de <strong data-start=\"38\" data-end=\"84\">Estimulaci\u00f3n Sensorial y Entorno Snoezelen<\/strong> proporciona los conocimientos necesarios para comprender c\u00f3mo funcionan los est\u00edmulos sensoriales y c\u00f3mo pueden utilizarse de forma terap\u00e9utica para mejorar el bienestar de personas con discapacidad o en situaci\u00f3n de dependencia. A trav\u00e9s de esta formaci\u00f3n, el alumnado conocer\u00e1 las bases del sistema nervioso, los procesos de percepci\u00f3n sensorial y la importancia de la estimulaci\u00f3n multisensorial en el desarrollo, la regulaci\u00f3n emocional y la calidad de vida de las personas atendidas.<\/p>","protected":false},"featured_media":7656,"comment_status":"closed","ping_status":"closed","template":"","meta":{"codigo-servicio":" 2036-C","costo-gestion":"5.45"},"product_brand":[],"product_cat":[15],"product_tag":[],"class_list":{"0":"post-7655","1":"product","2":"type-product","3":"status-publish","4":"has-post-thumbnail","6":"product_cat-uncategorized","8":"first","9":"instock","10":"shipping-taxable","11":"purchasable","12":"product-type-simple"},"pp_statuses_selecting_workflow":false,"pp_workflow_action":"current","pp_status_selection":"publish","yoast_head":"<!-- This site is optimized with the Yoast SEO plugin v27.4 - https:\/\/yoast.com\/product\/yoast-seo-wordpress\/ -->\n<title>Curso de Estimulaci\u00f3n sensorial con materiales no estandarizados | Foro T\u00e9cnico de Formaci\u00f3n<\/title>\n<meta name=\"description\" content=\"Potencia tu conocimiento con nuestro curso Estimulaci\u00f3n sensorial con materiales no estandarizados. Descubre, aprende y crece con Foro T\u00e9cnico de Formaci\u00f3n.\" \/>\n<meta name=\"robots\" content=\"index, follow, max-snippet:-1, max-image-preview:large, max-video-preview:-1\" \/>\n<link rel=\"canonical\" href=\"https:\/\/forotf.com\/pt_pt\/curso\/estimulacion-sensorial-con-materiales-no-estandarizados\/\" \/>\n<meta property=\"og:locale\" content=\"pt_PT\" \/>\n<meta property=\"og:type\" content=\"article\" \/>\n<meta property=\"og:title\" content=\"Curso de Estimulaci\u00f3n sensorial con materiales no estandarizados | Foro T\u00e9cnico de Formaci\u00f3n\" \/>\n<meta property=\"og:description\" content=\"Potencia tu conocimiento con nuestro curso Estimulaci\u00f3n sensorial con materiales no estandarizados. Descubre, aprende y crece con Foro T\u00e9cnico de Formaci\u00f3n.\" \/>\n<meta property=\"og:url\" content=\"https:\/\/forotf.com\/pt_pt\/curso\/estimulacion-sensorial-con-materiales-no-estandarizados\/\" \/>\n<meta property=\"og:site_name\" content=\"Foro T\u00e9cnico de Formaci\u00f3n\" \/>\n<meta property=\"article:publisher\" content=\"https:\/\/es-es.facebook.com\/forotf\/\" \/>\n<meta property=\"article:modified_time\" content=\"2026-03-11T14:22:47+00:00\" \/>\n<meta property=\"og:image\" content=\"https:\/\/forotf.com\/wp-content\/uploads\/2026\/03\/Bqc2rNB0SERbIuF88YtLbZ6Ua0YjQ1.jpg\" \/>\n\t<meta property=\"og:image:width\" content=\"1180\" \/>\n\t<meta property=\"og:image:height\" content=\"618\" \/>\n\t<meta property=\"og:image:type\" content=\"image\/jpeg\" \/>\n<meta name=\"twitter:card\" content=\"summary_large_image\" \/>\n<script type=\"application\/ld+json\" class=\"yoast-schema-graph\">{\"@context\":\"https:\\\/\\\/schema.org\",\"@graph\":[{\"@type\":\"WebPage\",\"@id\":\"https:\\\/\\\/forotf.com\\\/curso\\\/estimulacion-sensorial-con-materiales-no-estandarizados\\\/\",\"url\":\"https:\\\/\\\/forotf.com\\\/curso\\\/estimulacion-sensorial-con-materiales-no-estandarizados\\\/\",\"name\":\"Curso de Estimulaci\u00f3n sensorial con materiales no estandarizados | Foro T\u00e9cnico de Formaci\u00f3n\",\"isPartOf\":{\"@id\":\"http:\\\/\\\/forotf.com\\\/pt\\\/#website\"},\"primaryImageOfPage\":{\"@id\":\"https:\\\/\\\/forotf.com\\\/curso\\\/estimulacion-sensorial-con-materiales-no-estandarizados\\\/#primaryimage\"},\"image\":{\"@id\":\"https:\\\/\\\/forotf.com\\\/curso\\\/estimulacion-sensorial-con-materiales-no-estandarizados\\\/#primaryimage\"},\"thumbnailUrl\":\"https:\\\/\\\/forotf.com\\\/wp-content\\\/uploads\\\/2026\\\/03\\\/Bqc2rNB0SERbIuF88YtLbZ6Ua0YjQ1.jpg\",\"datePublished\":\"2026-03-11T14:08:46+00:00\",\"dateModified\":\"2026-03-11T14:22:47+00:00\",\"description\":\"Potencia tu conocimiento con nuestro curso Estimulaci\u00f3n sensorial con materiales no estandarizados. Descubre, aprende y crece con Foro T\u00e9cnico de Formaci\u00f3n.\",\"breadcrumb\":{\"@id\":\"https:\\\/\\\/forotf.com\\\/curso\\\/estimulacion-sensorial-con-materiales-no-estandarizados\\\/#breadcrumb\"},\"inLanguage\":\"pt-PT\",\"potentialAction\":[{\"@type\":\"ReadAction\",\"target\":[\"https:\\\/\\\/forotf.com\\\/curso\\\/estimulacion-sensorial-con-materiales-no-estandarizados\\\/\"]}]},{\"@type\":\"ImageObject\",\"inLanguage\":\"pt-PT\",\"@id\":\"https:\\\/\\\/forotf.com\\\/curso\\\/estimulacion-sensorial-con-materiales-no-estandarizados\\\/#primaryimage\",\"url\":\"https:\\\/\\\/forotf.com\\\/wp-content\\\/uploads\\\/2026\\\/03\\\/Bqc2rNB0SERbIuF88YtLbZ6Ua0YjQ1.jpg\",\"contentUrl\":\"https:\\\/\\\/forotf.com\\\/wp-content\\\/uploads\\\/2026\\\/03\\\/Bqc2rNB0SERbIuF88YtLbZ6Ua0YjQ1.jpg\",\"width\":1180,\"height\":618},{\"@type\":\"BreadcrumbList\",\"@id\":\"https:\\\/\\\/forotf.com\\\/curso\\\/estimulacion-sensorial-con-materiales-no-estandarizados\\\/#breadcrumb\",\"itemListElement\":[{\"@type\":\"ListItem\",\"position\":1,\"name\":\"Inicio\",\"item\":\"https:\\\/\\\/forotf.com\\\/\"},{\"@type\":\"ListItem\",\"position\":2,\"name\":\"Cursos\",\"item\":\"https:\\\/\\\/forotf.com\\\/cursos\\\/\"},{\"@type\":\"ListItem\",\"position\":3,\"name\":\"Uncategorized\",\"item\":\"http:\\\/\\\/forotf.com\\\/pt\\\/product-category\\\/uncategorized\\\/\"},{\"@type\":\"ListItem\",\"position\":4,\"name\":\"Estimulaci\u00f3n sensorial con materiales no estandarizados\"}]},{\"@type\":\"WebSite\",\"@id\":\"http:\\\/\\\/forotf.com\\\/pt\\\/#website\",\"url\":\"http:\\\/\\\/forotf.com\\\/pt\\\/\",\"name\":\"Foro T\u00e9cnico de Formaci\u00f3n\",\"description\":\"Formaci\u00f3n para Empresas\",\"publisher\":{\"@id\":\"http:\\\/\\\/forotf.com\\\/pt\\\/#organization\"},\"alternateName\":\"FTF\",\"potentialAction\":[{\"@type\":\"SearchAction\",\"target\":{\"@type\":\"EntryPoint\",\"urlTemplate\":\"http:\\\/\\\/forotf.com\\\/pt\\\/?s={search_term_string}\"},\"query-input\":{\"@type\":\"PropertyValueSpecification\",\"valueRequired\":true,\"valueName\":\"search_term_string\"}}],\"inLanguage\":\"pt-PT\"},{\"@type\":\"Organization\",\"@id\":\"http:\\\/\\\/forotf.com\\\/pt\\\/#organization\",\"name\":\"Foro T\u00e9cnico de Formaci\u00f3n\",\"alternateName\":\"FTF\",\"url\":\"http:\\\/\\\/forotf.com\\\/pt\\\/\",\"logo\":{\"@type\":\"ImageObject\",\"inLanguage\":\"pt-PT\",\"@id\":\"http:\\\/\\\/forotf.com\\\/pt\\\/#\\\/schema\\\/logo\\\/image\\\/\",\"url\":\"https:\\\/\\\/forotf.com\\\/wp-content\\\/uploads\\\/2024\\\/02\\\/Oficial-Logo-FTF-Color.svg\",\"contentUrl\":\"https:\\\/\\\/forotf.com\\\/wp-content\\\/uploads\\\/2024\\\/02\\\/Oficial-Logo-FTF-Color.svg\",\"width\":794,\"height\":212,\"caption\":\"Foro T\u00e9cnico de Formaci\u00f3n\"},\"image\":{\"@id\":\"http:\\\/\\\/forotf.com\\\/pt\\\/#\\\/schema\\\/logo\\\/image\\\/\"},\"sameAs\":[\"https:\\\/\\\/es-es.facebook.com\\\/forotf\\\/\",\"https:\\\/\\\/www.instagram.com\\\/ftformacion\\\/?igshid=MWZjMTM2ODFkZg==\",\"https:\\\/\\\/www.linkedin.com\\\/company\\\/foro-tecnico-de-formacion\\\/?originalSubdomain=es\",\"https:\\\/\\\/www.youtube.com\\\/channel\\\/UCTzzsDUdLaZtfAGiP_ipLIg\"]}]}<\/script>\n<!-- \/ Yoast SEO plugin. -->","yoast_head_json":{"title":"Curso de Estimulaci\u00f3n sensorial con materiales no estandarizados | Foro T\u00e9cnico de Formaci\u00f3n","description":"Potencia tu conocimiento con nuestro curso Estimulaci\u00f3n sensorial con materiales no estandarizados. Descubre, aprende y crece con Foro T\u00e9cnico de Formaci\u00f3n.","robots":{"index":"index","follow":"follow","max-snippet":"max-snippet:-1","max-image-preview":"max-image-preview:large","max-video-preview":"max-video-preview:-1"},"canonical":"https:\/\/forotf.com\/pt_pt\/curso\/estimulacion-sensorial-con-materiales-no-estandarizados\/","og_locale":"pt_PT","og_type":"article","og_title":"Curso de Estimulaci\u00f3n sensorial con materiales no estandarizados | Foro T\u00e9cnico de Formaci\u00f3n","og_description":"Potencia tu conocimiento con nuestro curso Estimulaci\u00f3n sensorial con materiales no estandarizados. Descubre, aprende y crece con Foro T\u00e9cnico de Formaci\u00f3n.","og_url":"https:\/\/forotf.com\/pt_pt\/curso\/estimulacion-sensorial-con-materiales-no-estandarizados\/","og_site_name":"Foro T\u00e9cnico de Formaci\u00f3n","article_publisher":"https:\/\/es-es.facebook.com\/forotf\/","article_modified_time":"2026-03-11T14:22:47+00:00","og_image":[{"width":1180,"height":618,"url":"https:\/\/forotf.com\/wp-content\/uploads\/2026\/03\/Bqc2rNB0SERbIuF88YtLbZ6Ua0YjQ1.jpg","type":"image\/jpeg"}],"twitter_card":"summary_large_image","schema":{"@context":"https:\/\/schema.org","@graph":[{"@type":"WebPage","@id":"https:\/\/forotf.com\/curso\/estimulacion-sensorial-con-materiales-no-estandarizados\/","url":"https:\/\/forotf.com\/curso\/estimulacion-sensorial-con-materiales-no-estandarizados\/","name":"Curso de Estimulaci\u00f3n sensorial con materiales no estandarizados | Foro T\u00e9cnico de Formaci\u00f3n","isPartOf":{"@id":"http:\/\/forotf.com\/pt\/#website"},"primaryImageOfPage":{"@id":"https:\/\/forotf.com\/curso\/estimulacion-sensorial-con-materiales-no-estandarizados\/#primaryimage"},"image":{"@id":"https:\/\/forotf.com\/curso\/estimulacion-sensorial-con-materiales-no-estandarizados\/#primaryimage"},"thumbnailUrl":"https:\/\/forotf.com\/wp-content\/uploads\/2026\/03\/Bqc2rNB0SERbIuF88YtLbZ6Ua0YjQ1.jpg","datePublished":"2026-03-11T14:08:46+00:00","dateModified":"2026-03-11T14:22:47+00:00","description":"Potencia tu conocimiento con nuestro curso Estimulaci\u00f3n sensorial con materiales no estandarizados. Descubre, aprende y crece con Foro T\u00e9cnico de Formaci\u00f3n.","breadcrumb":{"@id":"https:\/\/forotf.com\/curso\/estimulacion-sensorial-con-materiales-no-estandarizados\/#breadcrumb"},"inLanguage":"pt-PT","potentialAction":[{"@type":"ReadAction","target":["https:\/\/forotf.com\/curso\/estimulacion-sensorial-con-materiales-no-estandarizados\/"]}]},{"@type":"ImageObject","inLanguage":"pt-PT","@id":"https:\/\/forotf.com\/curso\/estimulacion-sensorial-con-materiales-no-estandarizados\/#primaryimage","url":"https:\/\/forotf.com\/wp-content\/uploads\/2026\/03\/Bqc2rNB0SERbIuF88YtLbZ6Ua0YjQ1.jpg","contentUrl":"https:\/\/forotf.com\/wp-content\/uploads\/2026\/03\/Bqc2rNB0SERbIuF88YtLbZ6Ua0YjQ1.jpg","width":1180,"height":618},{"@type":"BreadcrumbList","@id":"https:\/\/forotf.com\/curso\/estimulacion-sensorial-con-materiales-no-estandarizados\/#breadcrumb","itemListElement":[{"@type":"ListItem","position":1,"name":"Inicio","item":"https:\/\/forotf.com\/"},{"@type":"ListItem","position":2,"name":"Cursos","item":"https:\/\/forotf.com\/cursos\/"},{"@type":"ListItem","position":3,"name":"Uncategorized","item":"http:\/\/forotf.com\/pt\/product-category\/uncategorized\/"},{"@type":"ListItem","position":4,"name":"Estimulaci\u00f3n sensorial con materiales no estandarizados"}]},{"@type":"WebSite","@id":"http:\/\/forotf.com\/pt\/#website","url":"http:\/\/forotf.com\/pt\/","name":"F\u00f3rum de Treinamento T\u00e9cnico","description":"Treinamento para Empresas","publisher":{"@id":"http:\/\/forotf.com\/pt\/#organization"},"alternateName":"FTF","potentialAction":[{"@type":"SearchAction","target":{"@type":"EntryPoint","urlTemplate":"http:\/\/forotf.com\/pt\/?s={search_term_string}"},"query-input":{"@type":"PropertyValueSpecification","valueRequired":true,"valueName":"search_term_string"}}],"inLanguage":"pt-PT"},{"@type":"Organization","@id":"http:\/\/forotf.com\/pt\/#organization","name":"F\u00f3rum de Treinamento T\u00e9cnico","alternateName":"FTF","url":"http:\/\/forotf.com\/pt\/","logo":{"@type":"ImageObject","inLanguage":"pt-PT","@id":"http:\/\/forotf.com\/pt\/#\/schema\/logo\/image\/","url":"https:\/\/forotf.com\/wp-content\/uploads\/2024\/02\/Oficial-Logo-FTF-Color.svg","contentUrl":"https:\/\/forotf.com\/wp-content\/uploads\/2024\/02\/Oficial-Logo-FTF-Color.svg","width":794,"height":212,"caption":"Foro T\u00e9cnico de Formaci\u00f3n"},"image":{"@id":"http:\/\/forotf.com\/pt\/#\/schema\/logo\/image\/"},"sameAs":["https:\/\/es-es.facebook.com\/forotf\/","https:\/\/www.instagram.com\/ftformacion\/?igshid=MWZjMTM2ODFkZg==","https:\/\/www.linkedin.com\/company\/foro-tecnico-de-formacion\/?originalSubdomain=es","https:\/\/www.youtube.com\/channel\/UCTzzsDUdLaZtfAGiP_ipLIg"]}]}},"publishpress_future_workflow_manual_trigger":{"enabledWorkflows":[]},"_links":{"self":[{"href":"http:\/\/forotf.com\/pt_pt\/wp-json\/wp\/v2\/product\/7655","targetHints":{"allow":["GET"]}}],"collection":[{"href":"http:\/\/forotf.com\/pt_pt\/wp-json\/wp\/v2\/product"}],"about":[{"href":"http:\/\/forotf.com\/pt_pt\/wp-json\/wp\/v2\/types\/product"}],"replies":[{"embeddable":true,"href":"http:\/\/forotf.com\/pt_pt\/wp-json\/wp\/v2\/comments?post=7655"}],"wp:featuredmedia":[{"embeddable":true,"href":"http:\/\/forotf.com\/pt_pt\/wp-json\/wp\/v2\/media\/7656"}],"wp:attachment":[{"href":"http:\/\/forotf.com\/pt_pt\/wp-json\/wp\/v2\/media?parent=7655"}],"wp:term":[{"taxonomy":"product_brand","embeddable":true,"href":"http:\/\/forotf.com\/pt_pt\/wp-json\/wp\/v2\/product_brand?post=7655"},{"taxonomy":"product_cat","embeddable":true,"href":"http:\/\/forotf.com\/pt_pt\/wp-json\/wp\/v2\/product_cat?post=7655"},{"taxonomy":"product_tag","embeddable":true,"href":"http:\/\/forotf.com\/pt_pt\/wp-json\/wp\/v2\/product_tag?post=7655"}],"curies":[{"name":"wp","href":"https:\/\/api.w.org\/{rel}","templated":true}]}}