{"id":7625,"date":"2026-03-02T15:58:48","date_gmt":"2026-03-02T15:58:48","guid":{"rendered":"https:\/\/forotf.com\/?post_type=product&#038;p=7625"},"modified":"2026-03-05T14:29:45","modified_gmt":"2026-03-05T14:29:45","slug":"capacitacion-snoezelen-modulo-iii-1o-edicion-2026","status":"publish","type":"product","link":"http:\/\/forotf.com\/pt_pt\/curso\/capacitacion-snoezelen-modulo-iii-1o-edicion-2026\/","title":{"rendered":"Capacitaci\u00f3n Snoezelen. M\u00f3dulo III (1\u00ba Edici\u00f3n 2026)"},"content":{"rendered":"<p>&nbsp;<\/p>\n<p><strong>Calendario: 25, 26 y 28 de Mayo y 1 y 3 de Junio 2026<\/strong><\/p>\n<p><strong>Horario de 15:30 h. a 19:30 h. <\/strong><\/p>\n<p>Depois de concluir o curso voc\u00ea obter\u00e1 o Certificado de Conhecimento com o selo ISNA.<\/p>\n<p>Esta forma\u00e7\u00e3o faz parte do reconhecimento e aprova\u00e7\u00e3o da Forma\u00e7\u00e3o Internacional em Estimula\u00e7\u00e3o Multissensorial e Snoezelen, ISNA (International Snoezelen Association). Uma vez conclu\u00eddos os 3 m\u00f3dulos de forma\u00e7\u00e3o, \u00e9 oferecida uma qualifica\u00e7\u00e3o internacional com reconhecimento ISNA.<\/p>\n<p>A forma\u00e7\u00e3o consiste em 3 m\u00f3dulos (Total de 75 horas de forma\u00e7\u00e3o). A forma\u00e7\u00e3o globalmente conta com um 50% de conte\u00fado te\u00f3rico e um 50% de conte\u00fado pr\u00e1tico. Recomenda-se a realiza\u00e7\u00e3o dos 3 m\u00f3dulos com um per\u00edodo entre cada um deles para implementar os conhecimentos e pr\u00e1ticas de interven\u00e7\u00e3o aprendidos em cada m\u00f3dulo antes de realizar o seguinte.<\/p>","protected":false},"excerpt":{"rendered":"<p>&nbsp;<\/p>\n<p><strong>Calendario: 25, 26 y 28 de Mayo y 1 y 3 de Junio 2026<\/strong><\/p>\n<p><strong>Horario de 15:30 h. a 19:30 h.<\/strong><\/p>\n<p>FORO T\u00c9CNICO DE FORMACI\u00d3N en colaboraci\u00f3n con MAR\u00cdA JOS\u00c9 CID, formadora acreditada por ISNA (International Snoezelen Association), lanzan esta formaci\u00f3n de Capacitaci\u00f3n en Snoezelen compuesta por 3 m\u00f3dulos que, una vez superados, llevar\u00e1 al participante a obtener el Certificado de la Asociaci\u00f3n que le acredite como experto.<\/p>\n<p><span class=\"elementor-icon-list-text elementor-post-info__item elementor-post-info__item--type-terms\"><span class=\"elementor-post-info__terms-list\"><span class=\"elementor-post-info__terms-list-item\">Valor m\u00e1ximo do b\u00f4nus de \u20ac 260<\/span><\/span><\/span>.<\/p>","protected":false},"featured_media":5164,"comment_status":"closed","ping_status":"closed","template":"","meta":{"codigo-servicio":"14-C","costo-gestion":"42.35"},"product_brand":[],"product_cat":[88],"product_tag":[108,98,109,137,94],"class_list":{"0":"post-7625","1":"product","2":"type-product","3":"status-publish","4":"has-post-thumbnail","6":"product_cat-programado","7":"product_tag-asistencia-por-videoconferencia","8":"product_tag-certificado-isna-tras-superar-los-3-modulos","9":"product_tag-con-horario","10":"product_tag-importe-maximo-bonificable-de-260e","11":"product_tag-tutor-acreditado","13":"first","14":"instock","15":"virtual","16":"purchasable","17":"product-type-simple"},"pp_statuses_selecting_workflow":false,"pp_workflow_action":"current","pp_status_selection":"publish","yoast_head":"<!-- This site is optimized with the Yoast SEO plugin v27.3 - https:\/\/yoast.com\/product\/yoast-seo-wordpress\/ -->\n<title>Curso de Capacitaci\u00f3n Snoezelen. M\u00f3dulo III (1\u00ba Edici\u00f3n 2026) | Foro T\u00e9cnico de Formaci\u00f3n<\/title>\n<meta name=\"description\" content=\"Tercera parte del curso para la capacitaci\u00f3n Snoezelen para la obtenci\u00f3n del Certificado de la Asociaci\u00f3n que acredita como experto\" \/>\n<meta name=\"robots\" content=\"index, follow, max-snippet:-1, max-image-preview:large, max-video-preview:-1\" \/>\n<link rel=\"canonical\" href=\"https:\/\/forotf.com\/pt_pt\/curso\/capacitacion-snoezelen-modulo-iii-1o-edicion-2026\/\" \/>\n<meta property=\"og:locale\" content=\"pt_PT\" \/>\n<meta property=\"og:type\" content=\"article\" \/>\n<meta property=\"og:title\" content=\"Curso de Capacitaci\u00f3n Snoezelen. M\u00f3dulo III (1\u00ba Edici\u00f3n 2026) | Foro T\u00e9cnico de Formaci\u00f3n\" \/>\n<meta property=\"og:description\" content=\"Tercera parte del curso para la capacitaci\u00f3n Snoezelen para la obtenci\u00f3n del Certificado de la Asociaci\u00f3n que acredita como experto\" \/>\n<meta property=\"og:url\" content=\"https:\/\/forotf.com\/pt_pt\/curso\/capacitacion-snoezelen-modulo-iii-1o-edicion-2026\/\" \/>\n<meta property=\"og:site_name\" content=\"Foro T\u00e9cnico de Formaci\u00f3n\" \/>\n<meta property=\"article:publisher\" content=\"https:\/\/es-es.facebook.com\/forotf\/\" \/>\n<meta property=\"article:modified_time\" content=\"2026-03-05T14:29:45+00:00\" \/>\n<meta property=\"og:image\" content=\"https:\/\/forotf.com\/wp-content\/uploads\/2024\/05\/gTFPKld4R55Qtydo-768x576-1.jpg\" \/>\n\t<meta property=\"og:image:width\" content=\"768\" \/>\n\t<meta property=\"og:image:height\" content=\"576\" \/>\n\t<meta property=\"og:image:type\" content=\"image\/jpeg\" \/>\n<meta name=\"twitter:card\" content=\"summary_large_image\" \/>\n<script type=\"application\/ld+json\" class=\"yoast-schema-graph\">{\"@context\":\"https:\\\/\\\/schema.org\",\"@graph\":[{\"@type\":\"WebPage\",\"@id\":\"https:\\\/\\\/forotf.com\\\/curso\\\/capacitacion-snoezelen-modulo-iii-1o-edicion-2026\\\/\",\"url\":\"https:\\\/\\\/forotf.com\\\/curso\\\/capacitacion-snoezelen-modulo-iii-1o-edicion-2026\\\/\",\"name\":\"Curso de Capacitaci\u00f3n Snoezelen. M\u00f3dulo III (1\u00ba Edici\u00f3n 2026) | Foro T\u00e9cnico de Formaci\u00f3n\",\"isPartOf\":{\"@id\":\"http:\\\/\\\/forotf.com\\\/pt\\\/#website\"},\"primaryImageOfPage\":{\"@id\":\"https:\\\/\\\/forotf.com\\\/curso\\\/capacitacion-snoezelen-modulo-iii-1o-edicion-2026\\\/#primaryimage\"},\"image\":{\"@id\":\"https:\\\/\\\/forotf.com\\\/curso\\\/capacitacion-snoezelen-modulo-iii-1o-edicion-2026\\\/#primaryimage\"},\"thumbnailUrl\":\"https:\\\/\\\/forotf.com\\\/wp-content\\\/uploads\\\/2024\\\/05\\\/gTFPKld4R55Qtydo-768x576-1.jpg\",\"datePublished\":\"2026-03-02T15:58:48+00:00\",\"dateModified\":\"2026-03-05T14:29:45+00:00\",\"description\":\"Tercera parte del curso para la capacitaci\u00f3n Snoezelen para la obtenci\u00f3n del Certificado de la Asociaci\u00f3n que acredita como experto\",\"breadcrumb\":{\"@id\":\"https:\\\/\\\/forotf.com\\\/curso\\\/capacitacion-snoezelen-modulo-iii-1o-edicion-2026\\\/#breadcrumb\"},\"inLanguage\":\"pt-PT\",\"potentialAction\":[{\"@type\":\"ReadAction\",\"target\":[\"https:\\\/\\\/forotf.com\\\/curso\\\/capacitacion-snoezelen-modulo-iii-1o-edicion-2026\\\/\"]}]},{\"@type\":\"ImageObject\",\"inLanguage\":\"pt-PT\",\"@id\":\"https:\\\/\\\/forotf.com\\\/curso\\\/capacitacion-snoezelen-modulo-iii-1o-edicion-2026\\\/#primaryimage\",\"url\":\"https:\\\/\\\/forotf.com\\\/wp-content\\\/uploads\\\/2024\\\/05\\\/gTFPKld4R55Qtydo-768x576-1.jpg\",\"contentUrl\":\"https:\\\/\\\/forotf.com\\\/wp-content\\\/uploads\\\/2024\\\/05\\\/gTFPKld4R55Qtydo-768x576-1.jpg\",\"width\":768,\"height\":576},{\"@type\":\"BreadcrumbList\",\"@id\":\"https:\\\/\\\/forotf.com\\\/curso\\\/capacitacion-snoezelen-modulo-iii-1o-edicion-2026\\\/#breadcrumb\",\"itemListElement\":[{\"@type\":\"ListItem\",\"position\":1,\"name\":\"Inicio\",\"item\":\"https:\\\/\\\/forotf.com\\\/\"},{\"@type\":\"ListItem\",\"position\":2,\"name\":\"Cursos\",\"item\":\"https:\\\/\\\/forotf.com\\\/cursos\\\/\"},{\"@type\":\"ListItem\",\"position\":3,\"name\":\"Programado\",\"item\":\"http:\\\/\\\/forotf.com\\\/pt\\\/product-category\\\/programado\\\/\"},{\"@type\":\"ListItem\",\"position\":4,\"name\":\"Capacitaci\u00f3n Snoezelen. M\u00f3dulo III (1\u00ba Edici\u00f3n 2026)\"}]},{\"@type\":\"WebSite\",\"@id\":\"http:\\\/\\\/forotf.com\\\/pt\\\/#website\",\"url\":\"http:\\\/\\\/forotf.com\\\/pt\\\/\",\"name\":\"Foro T\u00e9cnico de Formaci\u00f3n\",\"description\":\"Formaci\u00f3n para Empresas\",\"publisher\":{\"@id\":\"http:\\\/\\\/forotf.com\\\/pt\\\/#organization\"},\"alternateName\":\"FTF\",\"potentialAction\":[{\"@type\":\"SearchAction\",\"target\":{\"@type\":\"EntryPoint\",\"urlTemplate\":\"http:\\\/\\\/forotf.com\\\/pt\\\/?s={search_term_string}\"},\"query-input\":{\"@type\":\"PropertyValueSpecification\",\"valueRequired\":true,\"valueName\":\"search_term_string\"}}],\"inLanguage\":\"pt-PT\"},{\"@type\":\"Organization\",\"@id\":\"http:\\\/\\\/forotf.com\\\/pt\\\/#organization\",\"name\":\"Foro T\u00e9cnico de Formaci\u00f3n\",\"alternateName\":\"FTF\",\"url\":\"http:\\\/\\\/forotf.com\\\/pt\\\/\",\"logo\":{\"@type\":\"ImageObject\",\"inLanguage\":\"pt-PT\",\"@id\":\"http:\\\/\\\/forotf.com\\\/pt\\\/#\\\/schema\\\/logo\\\/image\\\/\",\"url\":\"https:\\\/\\\/forotf.com\\\/wp-content\\\/uploads\\\/2024\\\/02\\\/Oficial-Logo-FTF-Color.svg\",\"contentUrl\":\"https:\\\/\\\/forotf.com\\\/wp-content\\\/uploads\\\/2024\\\/02\\\/Oficial-Logo-FTF-Color.svg\",\"width\":794,\"height\":212,\"caption\":\"Foro T\u00e9cnico de Formaci\u00f3n\"},\"image\":{\"@id\":\"http:\\\/\\\/forotf.com\\\/pt\\\/#\\\/schema\\\/logo\\\/image\\\/\"},\"sameAs\":[\"https:\\\/\\\/es-es.facebook.com\\\/forotf\\\/\",\"https:\\\/\\\/www.instagram.com\\\/ftformacion\\\/?igshid=MWZjMTM2ODFkZg==\",\"https:\\\/\\\/www.linkedin.com\\\/company\\\/foro-tecnico-de-formacion\\\/?originalSubdomain=es\",\"https:\\\/\\\/www.youtube.com\\\/channel\\\/UCTzzsDUdLaZtfAGiP_ipLIg\"]}]}<\/script>\n<!-- \/ Yoast SEO plugin. -->","yoast_head_json":{"title":"Curso de Capacitaci\u00f3n Snoezelen. M\u00f3dulo III (1\u00ba Edici\u00f3n 2026) | Foro T\u00e9cnico de Formaci\u00f3n","description":"Tercera parte del curso para la capacitaci\u00f3n Snoezelen para la obtenci\u00f3n del Certificado de la Asociaci\u00f3n que acredita como experto","robots":{"index":"index","follow":"follow","max-snippet":"max-snippet:-1","max-image-preview":"max-image-preview:large","max-video-preview":"max-video-preview:-1"},"canonical":"https:\/\/forotf.com\/pt_pt\/curso\/capacitacion-snoezelen-modulo-iii-1o-edicion-2026\/","og_locale":"pt_PT","og_type":"article","og_title":"Curso de Capacitaci\u00f3n Snoezelen. M\u00f3dulo III (1\u00ba Edici\u00f3n 2026) | Foro T\u00e9cnico de Formaci\u00f3n","og_description":"Tercera parte del curso para la capacitaci\u00f3n Snoezelen para la obtenci\u00f3n del Certificado de la Asociaci\u00f3n que acredita como experto","og_url":"https:\/\/forotf.com\/pt_pt\/curso\/capacitacion-snoezelen-modulo-iii-1o-edicion-2026\/","og_site_name":"Foro T\u00e9cnico de Formaci\u00f3n","article_publisher":"https:\/\/es-es.facebook.com\/forotf\/","article_modified_time":"2026-03-05T14:29:45+00:00","og_image":[{"width":768,"height":576,"url":"https:\/\/forotf.com\/wp-content\/uploads\/2024\/05\/gTFPKld4R55Qtydo-768x576-1.jpg","type":"image\/jpeg"}],"twitter_card":"summary_large_image","schema":{"@context":"https:\/\/schema.org","@graph":[{"@type":"WebPage","@id":"https:\/\/forotf.com\/curso\/capacitacion-snoezelen-modulo-iii-1o-edicion-2026\/","url":"https:\/\/forotf.com\/curso\/capacitacion-snoezelen-modulo-iii-1o-edicion-2026\/","name":"Curso de Capacitaci\u00f3n Snoezelen. M\u00f3dulo III (1\u00ba Edici\u00f3n 2026) | Foro T\u00e9cnico de Formaci\u00f3n","isPartOf":{"@id":"http:\/\/forotf.com\/pt\/#website"},"primaryImageOfPage":{"@id":"https:\/\/forotf.com\/curso\/capacitacion-snoezelen-modulo-iii-1o-edicion-2026\/#primaryimage"},"image":{"@id":"https:\/\/forotf.com\/curso\/capacitacion-snoezelen-modulo-iii-1o-edicion-2026\/#primaryimage"},"thumbnailUrl":"https:\/\/forotf.com\/wp-content\/uploads\/2024\/05\/gTFPKld4R55Qtydo-768x576-1.jpg","datePublished":"2026-03-02T15:58:48+00:00","dateModified":"2026-03-05T14:29:45+00:00","description":"Tercera parte del curso para la capacitaci\u00f3n Snoezelen para la obtenci\u00f3n del Certificado de la Asociaci\u00f3n que acredita como experto","breadcrumb":{"@id":"https:\/\/forotf.com\/curso\/capacitacion-snoezelen-modulo-iii-1o-edicion-2026\/#breadcrumb"},"inLanguage":"pt-PT","potentialAction":[{"@type":"ReadAction","target":["https:\/\/forotf.com\/curso\/capacitacion-snoezelen-modulo-iii-1o-edicion-2026\/"]}]},{"@type":"ImageObject","inLanguage":"pt-PT","@id":"https:\/\/forotf.com\/curso\/capacitacion-snoezelen-modulo-iii-1o-edicion-2026\/#primaryimage","url":"https:\/\/forotf.com\/wp-content\/uploads\/2024\/05\/gTFPKld4R55Qtydo-768x576-1.jpg","contentUrl":"https:\/\/forotf.com\/wp-content\/uploads\/2024\/05\/gTFPKld4R55Qtydo-768x576-1.jpg","width":768,"height":576},{"@type":"BreadcrumbList","@id":"https:\/\/forotf.com\/curso\/capacitacion-snoezelen-modulo-iii-1o-edicion-2026\/#breadcrumb","itemListElement":[{"@type":"ListItem","position":1,"name":"Inicio","item":"https:\/\/forotf.com\/"},{"@type":"ListItem","position":2,"name":"Cursos","item":"https:\/\/forotf.com\/cursos\/"},{"@type":"ListItem","position":3,"name":"Programado","item":"http:\/\/forotf.com\/pt\/product-category\/programado\/"},{"@type":"ListItem","position":4,"name":"Capacitaci\u00f3n Snoezelen. M\u00f3dulo III (1\u00ba Edici\u00f3n 2026)"}]},{"@type":"WebSite","@id":"http:\/\/forotf.com\/pt\/#website","url":"http:\/\/forotf.com\/pt\/","name":"F\u00f3rum de Treinamento T\u00e9cnico","description":"Treinamento para Empresas","publisher":{"@id":"http:\/\/forotf.com\/pt\/#organization"},"alternateName":"FTF","potentialAction":[{"@type":"SearchAction","target":{"@type":"EntryPoint","urlTemplate":"http:\/\/forotf.com\/pt\/?s={search_term_string}"},"query-input":{"@type":"PropertyValueSpecification","valueRequired":true,"valueName":"search_term_string"}}],"inLanguage":"pt-PT"},{"@type":"Organization","@id":"http:\/\/forotf.com\/pt\/#organization","name":"F\u00f3rum de Treinamento T\u00e9cnico","alternateName":"FTF","url":"http:\/\/forotf.com\/pt\/","logo":{"@type":"ImageObject","inLanguage":"pt-PT","@id":"http:\/\/forotf.com\/pt\/#\/schema\/logo\/image\/","url":"https:\/\/forotf.com\/wp-content\/uploads\/2024\/02\/Oficial-Logo-FTF-Color.svg","contentUrl":"https:\/\/forotf.com\/wp-content\/uploads\/2024\/02\/Oficial-Logo-FTF-Color.svg","width":794,"height":212,"caption":"Foro T\u00e9cnico de Formaci\u00f3n"},"image":{"@id":"http:\/\/forotf.com\/pt\/#\/schema\/logo\/image\/"},"sameAs":["https:\/\/es-es.facebook.com\/forotf\/","https:\/\/www.instagram.com\/ftformacion\/?igshid=MWZjMTM2ODFkZg==","https:\/\/www.linkedin.com\/company\/foro-tecnico-de-formacion\/?originalSubdomain=es","https:\/\/www.youtube.com\/channel\/UCTzzsDUdLaZtfAGiP_ipLIg"]}]}},"publishpress_future_workflow_manual_trigger":{"enabledWorkflows":[]},"_links":{"self":[{"href":"http:\/\/forotf.com\/pt_pt\/wp-json\/wp\/v2\/product\/7625","targetHints":{"allow":["GET"]}}],"collection":[{"href":"http:\/\/forotf.com\/pt_pt\/wp-json\/wp\/v2\/product"}],"about":[{"href":"http:\/\/forotf.com\/pt_pt\/wp-json\/wp\/v2\/types\/product"}],"replies":[{"embeddable":true,"href":"http:\/\/forotf.com\/pt_pt\/wp-json\/wp\/v2\/comments?post=7625"}],"wp:featuredmedia":[{"embeddable":true,"href":"http:\/\/forotf.com\/pt_pt\/wp-json\/wp\/v2\/media\/5164"}],"wp:attachment":[{"href":"http:\/\/forotf.com\/pt_pt\/wp-json\/wp\/v2\/media?parent=7625"}],"wp:term":[{"taxonomy":"product_brand","embeddable":true,"href":"http:\/\/forotf.com\/pt_pt\/wp-json\/wp\/v2\/product_brand?post=7625"},{"taxonomy":"product_cat","embeddable":true,"href":"http:\/\/forotf.com\/pt_pt\/wp-json\/wp\/v2\/product_cat?post=7625"},{"taxonomy":"product_tag","embeddable":true,"href":"http:\/\/forotf.com\/pt_pt\/wp-json\/wp\/v2\/product_tag?post=7625"}],"curies":[{"name":"wp","href":"https:\/\/api.w.org\/{rel}","templated":true}]}}