{"id":7367,"date":"2025-10-06T13:11:14","date_gmt":"2025-10-06T13:11:14","guid":{"rendered":"https:\/\/forotf.com\/?post_type=product&#038;p=7367"},"modified":"2025-10-14T10:15:39","modified_gmt":"2025-10-14T10:15:39","slug":"igualdad-y-prevencion-del-acoso-en-el-ambito-laboral-2","status":"publish","type":"product","link":"http:\/\/forotf.com\/pt_pt\/curso\/igualdad-y-prevencion-del-acoso-en-el-ambito-laboral-2\/","title":{"rendered":"Igualdad y prevenci\u00f3n del acoso en el \u00e1mbito laboral"},"content":{"rendered":"<p><span class=\"ui-provider a b c d e f g h i j k l m n o p q r s t u v w x y z ab ac ae af ag ah ai aj ak\" dir=\"ltr\">Promova a igualdade e previna o ass\u00e9dio no seu ambiente de trabalho com o nosso curso especializado \u201cIgualdade e Preven\u00e7\u00e3o do Ass\u00e9dio no Trabalho\u201d! Iremos trein\u00e1-lo para promover a igualdade de g\u00eanero e prevenir o ass\u00e9dio, mantendo-o informado sobre as regulamenta\u00e7\u00f5es, entendendo os conceitos-chave para poder aplicar pr\u00e1ticas inclusivas no ambiente de trabalho.<\/span><\/p>\n<p><span class=\"ui-provider a b c d e f g h i j k l m n o p q r s t u v w x y z ab ac ae af ag ah ai aj ak\" dir=\"ltr\"><br \/>\nVoc\u00ea explorar\u00e1 os fundamentos da igualdade de g\u00eanero, analisando a divis\u00e3o sexual do trabalho e os pap\u00e9is de g\u00eanero incorporados na sociedade. Voc\u00ea se aprofundar\u00e1 na concilia\u00e7\u00e3o e na corresponsabilidade, abordando suas implica\u00e7\u00f5es no local de trabalho.<\/span><\/p>\n<p><span class=\"ui-provider a b c d e f g h i j k l m n o p q r s t u v w x y z ab ac ae af ag ah ai aj ak\" dir=\"ltr\"><br \/>\nEste curso centra-se na compreens\u00e3o da regulamenta\u00e7\u00e3o laboral, refletindo sobre as mudan\u00e7as que a nova regulamenta\u00e7\u00e3o oferece para o desenvolvimento de um Plano de Igualdade. Exploraremos tamb\u00e9m as partes envolvidas na negocia\u00e7\u00e3o de um Plano de Igualdade e as fases e obriga\u00e7\u00f5es associadas.<\/span><\/p>\n<p><span class=\"ui-provider a b c d e f g h i j k l m n o p q r s t u v w x y z ab ac ae af ag ah ai aj ak\" dir=\"ltr\"><br \/>\nVoc\u00ea abordar\u00e1 os conceitos de ass\u00e9dio sexual e de g\u00eanero, aprendendo a identificar e detectar casos de ass\u00e9dio. Al\u00e9m disso, voc\u00ea explorar\u00e1 os diferentes conceitos associados \u00e0 discrimina\u00e7\u00e3o sexual e analisar\u00e1 boas pr\u00e1ticas comerciais nesse sentido.<\/span><\/p>\n<p><span class=\"ui-provider a b c d e f g h i j k l m n o p q r s t u v w x y z ab ac ae af ag ah ai aj ak\" dir=\"ltr\"><br \/>\nParticipe do nosso curso e contribua para a cria\u00e7\u00e3o de ambientes de trabalho mais equitativos e respeitosos. Inscreva-se agora para ser um agente de mudan\u00e7a na igualdade e na preven\u00e7\u00e3o do ass\u00e9dio no local de trabalho!<\/span><\/p>","protected":false},"excerpt":{"rendered":"<p>Promova a igualdade e evite o ass\u00e9dio no seu ambiente de trabalho! Iremos trein\u00e1-lo para promover a igualdade de g\u00eanero e prevenir o ass\u00e9dio, mantendo-o informado sobre as regulamenta\u00e7\u00f5es, entendendo os conceitos-chave para poder aplicar pr\u00e1ticas inclusivas no ambiente de trabalho.<\/p>","protected":false},"featured_media":7358,"comment_status":"closed","ping_status":"closed","template":"","meta":{"codigo-servicio":"2092-F","costo-gestion":"3.63"},"product_brand":[],"product_cat":[88],"product_tag":[89,93,90,91,92,94],"class_list":{"0":"post-7367","1":"product","2":"type-product","3":"status-publish","4":"has-post-thumbnail","6":"product_cat-programado","7":"product_tag-100-bonificable","8":"product_tag-certificado-de-finalizacion","9":"product_tag-multidispositivo","10":"product_tag-sin-horarios","11":"product_tag-test-de-evaluacion","12":"product_tag-tutor-acreditado","14":"first","15":"instock","16":"shipping-taxable","17":"purchasable","18":"product-type-simple"},"pp_statuses_selecting_workflow":false,"pp_workflow_action":"current","pp_status_selection":"publish","yoast_head":"<!-- This site is optimized with the Yoast SEO plugin v27.3 - https:\/\/yoast.com\/product\/yoast-seo-wordpress\/ -->\n<title>Igualdad y Prevenci\u00f3n del Acoso en el \u00c1mbito Laboral<\/title>\n<meta name=\"description\" content=\"Curso de prevenci\u00f3n del acoso en el \u00e1mbito laboral para conocer la normativa vigente y aplicar adecuadamente los protocolos de igualdad\" \/>\n<meta name=\"robots\" content=\"index, follow, max-snippet:-1, max-image-preview:large, max-video-preview:-1\" \/>\n<link rel=\"canonical\" href=\"https:\/\/forotf.com\/pt_pt\/curso\/igualdad-y-prevencion-del-acoso-en-el-ambito-laboral-2\/\" \/>\n<meta property=\"og:locale\" content=\"pt_PT\" \/>\n<meta property=\"og:type\" content=\"article\" \/>\n<meta property=\"og:title\" content=\"Igualdad y Prevenci\u00f3n del Acoso en el \u00c1mbito Laboral\" \/>\n<meta property=\"og:description\" content=\"Curso de prevenci\u00f3n del acoso en el \u00e1mbito laboral para conocer la normativa vigente y aplicar adecuadamente los protocolos de igualdad\" \/>\n<meta property=\"og:url\" content=\"https:\/\/forotf.com\/pt_pt\/curso\/igualdad-y-prevencion-del-acoso-en-el-ambito-laboral-2\/\" \/>\n<meta property=\"og:site_name\" content=\"Foro T\u00e9cnico de Formaci\u00f3n\" \/>\n<meta property=\"article:publisher\" content=\"https:\/\/es-es.facebook.com\/forotf\/\" \/>\n<meta property=\"article:modified_time\" content=\"2025-10-14T10:15:39+00:00\" \/>\n<meta property=\"og:image\" content=\"https:\/\/forotf.com\/wp-content\/uploads\/2025\/05\/violencia-en-el-lugar-de-trabajo-entre-colegas1-scaled.jpg\" \/>\n\t<meta property=\"og:image:width\" content=\"2560\" \/>\n\t<meta property=\"og:image:height\" content=\"1707\" \/>\n\t<meta property=\"og:image:type\" content=\"image\/jpeg\" \/>\n<meta name=\"twitter:card\" content=\"summary_large_image\" \/>\n<script type=\"application\/ld+json\" class=\"yoast-schema-graph\">{\"@context\":\"https:\\\/\\\/schema.org\",\"@graph\":[{\"@type\":\"WebPage\",\"@id\":\"https:\\\/\\\/forotf.com\\\/curso\\\/igualdad-y-prevencion-del-acoso-en-el-ambito-laboral-2\\\/\",\"url\":\"https:\\\/\\\/forotf.com\\\/curso\\\/igualdad-y-prevencion-del-acoso-en-el-ambito-laboral-2\\\/\",\"name\":\"Igualdad y Prevenci\u00f3n del Acoso en el \u00c1mbito Laboral\",\"isPartOf\":{\"@id\":\"http:\\\/\\\/forotf.com\\\/pt\\\/#website\"},\"primaryImageOfPage\":{\"@id\":\"https:\\\/\\\/forotf.com\\\/curso\\\/igualdad-y-prevencion-del-acoso-en-el-ambito-laboral-2\\\/#primaryimage\"},\"image\":{\"@id\":\"https:\\\/\\\/forotf.com\\\/curso\\\/igualdad-y-prevencion-del-acoso-en-el-ambito-laboral-2\\\/#primaryimage\"},\"thumbnailUrl\":\"https:\\\/\\\/forotf.com\\\/wp-content\\\/uploads\\\/2025\\\/05\\\/violencia-en-el-lugar-de-trabajo-entre-colegas1-scaled.jpg\",\"datePublished\":\"2025-10-06T13:11:14+00:00\",\"dateModified\":\"2025-10-14T10:15:39+00:00\",\"description\":\"Curso de prevenci\u00f3n del acoso en el \u00e1mbito laboral para conocer la normativa vigente y aplicar adecuadamente los protocolos de igualdad\",\"breadcrumb\":{\"@id\":\"https:\\\/\\\/forotf.com\\\/curso\\\/igualdad-y-prevencion-del-acoso-en-el-ambito-laboral-2\\\/#breadcrumb\"},\"inLanguage\":\"pt-PT\",\"potentialAction\":[{\"@type\":\"ReadAction\",\"target\":[\"https:\\\/\\\/forotf.com\\\/curso\\\/igualdad-y-prevencion-del-acoso-en-el-ambito-laboral-2\\\/\"]}]},{\"@type\":\"ImageObject\",\"inLanguage\":\"pt-PT\",\"@id\":\"https:\\\/\\\/forotf.com\\\/curso\\\/igualdad-y-prevencion-del-acoso-en-el-ambito-laboral-2\\\/#primaryimage\",\"url\":\"https:\\\/\\\/forotf.com\\\/wp-content\\\/uploads\\\/2025\\\/05\\\/violencia-en-el-lugar-de-trabajo-entre-colegas1-scaled.jpg\",\"contentUrl\":\"https:\\\/\\\/forotf.com\\\/wp-content\\\/uploads\\\/2025\\\/05\\\/violencia-en-el-lugar-de-trabajo-entre-colegas1-scaled.jpg\",\"width\":2560,\"height\":1707},{\"@type\":\"BreadcrumbList\",\"@id\":\"https:\\\/\\\/forotf.com\\\/curso\\\/igualdad-y-prevencion-del-acoso-en-el-ambito-laboral-2\\\/#breadcrumb\",\"itemListElement\":[{\"@type\":\"ListItem\",\"position\":1,\"name\":\"Inicio\",\"item\":\"https:\\\/\\\/forotf.com\\\/\"},{\"@type\":\"ListItem\",\"position\":2,\"name\":\"Cursos\",\"item\":\"https:\\\/\\\/forotf.com\\\/cursos\\\/\"},{\"@type\":\"ListItem\",\"position\":3,\"name\":\"Programado\",\"item\":\"http:\\\/\\\/forotf.com\\\/pt\\\/product-category\\\/programado\\\/\"},{\"@type\":\"ListItem\",\"position\":4,\"name\":\"Igualdad y prevenci\u00f3n del acoso en el \u00e1mbito laboral\"}]},{\"@type\":\"WebSite\",\"@id\":\"http:\\\/\\\/forotf.com\\\/pt\\\/#website\",\"url\":\"http:\\\/\\\/forotf.com\\\/pt\\\/\",\"name\":\"Foro T\u00e9cnico de Formaci\u00f3n\",\"description\":\"Formaci\u00f3n para Empresas\",\"publisher\":{\"@id\":\"http:\\\/\\\/forotf.com\\\/pt\\\/#organization\"},\"alternateName\":\"FTF\",\"potentialAction\":[{\"@type\":\"SearchAction\",\"target\":{\"@type\":\"EntryPoint\",\"urlTemplate\":\"http:\\\/\\\/forotf.com\\\/pt\\\/?s={search_term_string}\"},\"query-input\":{\"@type\":\"PropertyValueSpecification\",\"valueRequired\":true,\"valueName\":\"search_term_string\"}}],\"inLanguage\":\"pt-PT\"},{\"@type\":\"Organization\",\"@id\":\"http:\\\/\\\/forotf.com\\\/pt\\\/#organization\",\"name\":\"Foro T\u00e9cnico de Formaci\u00f3n\",\"alternateName\":\"FTF\",\"url\":\"http:\\\/\\\/forotf.com\\\/pt\\\/\",\"logo\":{\"@type\":\"ImageObject\",\"inLanguage\":\"pt-PT\",\"@id\":\"http:\\\/\\\/forotf.com\\\/pt\\\/#\\\/schema\\\/logo\\\/image\\\/\",\"url\":\"https:\\\/\\\/forotf.com\\\/wp-content\\\/uploads\\\/2024\\\/02\\\/Oficial-Logo-FTF-Color.svg\",\"contentUrl\":\"https:\\\/\\\/forotf.com\\\/wp-content\\\/uploads\\\/2024\\\/02\\\/Oficial-Logo-FTF-Color.svg\",\"width\":794,\"height\":212,\"caption\":\"Foro T\u00e9cnico de Formaci\u00f3n\"},\"image\":{\"@id\":\"http:\\\/\\\/forotf.com\\\/pt\\\/#\\\/schema\\\/logo\\\/image\\\/\"},\"sameAs\":[\"https:\\\/\\\/es-es.facebook.com\\\/forotf\\\/\",\"https:\\\/\\\/www.instagram.com\\\/ftformacion\\\/?igshid=MWZjMTM2ODFkZg==\",\"https:\\\/\\\/www.linkedin.com\\\/company\\\/foro-tecnico-de-formacion\\\/?originalSubdomain=es\",\"https:\\\/\\\/www.youtube.com\\\/channel\\\/UCTzzsDUdLaZtfAGiP_ipLIg\"]}]}<\/script>\n<!-- \/ Yoast SEO plugin. -->","yoast_head_json":{"title":"Igualdade e preven\u00e7\u00e3o do ass\u00e9dio no local de trabalho","description":"Curso de prevenci\u00f3n del acoso en el \u00e1mbito laboral para conocer la normativa vigente y aplicar adecuadamente los protocolos de igualdad","robots":{"index":"index","follow":"follow","max-snippet":"max-snippet:-1","max-image-preview":"max-image-preview:large","max-video-preview":"max-video-preview:-1"},"canonical":"https:\/\/forotf.com\/pt_pt\/curso\/igualdad-y-prevencion-del-acoso-en-el-ambito-laboral-2\/","og_locale":"pt_PT","og_type":"article","og_title":"Igualdad y Prevenci\u00f3n del Acoso en el \u00c1mbito Laboral","og_description":"Curso de prevenci\u00f3n del acoso en el \u00e1mbito laboral para conocer la normativa vigente y aplicar adecuadamente los protocolos de igualdad","og_url":"https:\/\/forotf.com\/pt_pt\/curso\/igualdad-y-prevencion-del-acoso-en-el-ambito-laboral-2\/","og_site_name":"Foro T\u00e9cnico de Formaci\u00f3n","article_publisher":"https:\/\/es-es.facebook.com\/forotf\/","article_modified_time":"2025-10-14T10:15:39+00:00","og_image":[{"width":2560,"height":1707,"url":"https:\/\/forotf.com\/wp-content\/uploads\/2025\/05\/violencia-en-el-lugar-de-trabajo-entre-colegas1-scaled.jpg","type":"image\/jpeg"}],"twitter_card":"summary_large_image","schema":{"@context":"https:\/\/schema.org","@graph":[{"@type":"WebPage","@id":"https:\/\/forotf.com\/curso\/igualdad-y-prevencion-del-acoso-en-el-ambito-laboral-2\/","url":"https:\/\/forotf.com\/curso\/igualdad-y-prevencion-del-acoso-en-el-ambito-laboral-2\/","name":"Igualdade e preven\u00e7\u00e3o do ass\u00e9dio no local de trabalho","isPartOf":{"@id":"http:\/\/forotf.com\/pt\/#website"},"primaryImageOfPage":{"@id":"https:\/\/forotf.com\/curso\/igualdad-y-prevencion-del-acoso-en-el-ambito-laboral-2\/#primaryimage"},"image":{"@id":"https:\/\/forotf.com\/curso\/igualdad-y-prevencion-del-acoso-en-el-ambito-laboral-2\/#primaryimage"},"thumbnailUrl":"https:\/\/forotf.com\/wp-content\/uploads\/2025\/05\/violencia-en-el-lugar-de-trabajo-entre-colegas1-scaled.jpg","datePublished":"2025-10-06T13:11:14+00:00","dateModified":"2025-10-14T10:15:39+00:00","description":"Curso de prevenci\u00f3n del acoso en el \u00e1mbito laboral para conocer la normativa vigente y aplicar adecuadamente los protocolos de igualdad","breadcrumb":{"@id":"https:\/\/forotf.com\/curso\/igualdad-y-prevencion-del-acoso-en-el-ambito-laboral-2\/#breadcrumb"},"inLanguage":"pt-PT","potentialAction":[{"@type":"ReadAction","target":["https:\/\/forotf.com\/curso\/igualdad-y-prevencion-del-acoso-en-el-ambito-laboral-2\/"]}]},{"@type":"ImageObject","inLanguage":"pt-PT","@id":"https:\/\/forotf.com\/curso\/igualdad-y-prevencion-del-acoso-en-el-ambito-laboral-2\/#primaryimage","url":"https:\/\/forotf.com\/wp-content\/uploads\/2025\/05\/violencia-en-el-lugar-de-trabajo-entre-colegas1-scaled.jpg","contentUrl":"https:\/\/forotf.com\/wp-content\/uploads\/2025\/05\/violencia-en-el-lugar-de-trabajo-entre-colegas1-scaled.jpg","width":2560,"height":1707},{"@type":"BreadcrumbList","@id":"https:\/\/forotf.com\/curso\/igualdad-y-prevencion-del-acoso-en-el-ambito-laboral-2\/#breadcrumb","itemListElement":[{"@type":"ListItem","position":1,"name":"Inicio","item":"https:\/\/forotf.com\/"},{"@type":"ListItem","position":2,"name":"Cursos","item":"https:\/\/forotf.com\/cursos\/"},{"@type":"ListItem","position":3,"name":"Programado","item":"http:\/\/forotf.com\/pt\/product-category\/programado\/"},{"@type":"ListItem","position":4,"name":"Igualdad y prevenci\u00f3n del acoso en el \u00e1mbito laboral"}]},{"@type":"WebSite","@id":"http:\/\/forotf.com\/pt\/#website","url":"http:\/\/forotf.com\/pt\/","name":"F\u00f3rum de Treinamento T\u00e9cnico","description":"Treinamento para Empresas","publisher":{"@id":"http:\/\/forotf.com\/pt\/#organization"},"alternateName":"FTF","potentialAction":[{"@type":"SearchAction","target":{"@type":"EntryPoint","urlTemplate":"http:\/\/forotf.com\/pt\/?s={search_term_string}"},"query-input":{"@type":"PropertyValueSpecification","valueRequired":true,"valueName":"search_term_string"}}],"inLanguage":"pt-PT"},{"@type":"Organization","@id":"http:\/\/forotf.com\/pt\/#organization","name":"F\u00f3rum de Treinamento T\u00e9cnico","alternateName":"FTF","url":"http:\/\/forotf.com\/pt\/","logo":{"@type":"ImageObject","inLanguage":"pt-PT","@id":"http:\/\/forotf.com\/pt\/#\/schema\/logo\/image\/","url":"https:\/\/forotf.com\/wp-content\/uploads\/2024\/02\/Oficial-Logo-FTF-Color.svg","contentUrl":"https:\/\/forotf.com\/wp-content\/uploads\/2024\/02\/Oficial-Logo-FTF-Color.svg","width":794,"height":212,"caption":"Foro T\u00e9cnico de Formaci\u00f3n"},"image":{"@id":"http:\/\/forotf.com\/pt\/#\/schema\/logo\/image\/"},"sameAs":["https:\/\/es-es.facebook.com\/forotf\/","https:\/\/www.instagram.com\/ftformacion\/?igshid=MWZjMTM2ODFkZg==","https:\/\/www.linkedin.com\/company\/foro-tecnico-de-formacion\/?originalSubdomain=es","https:\/\/www.youtube.com\/channel\/UCTzzsDUdLaZtfAGiP_ipLIg"]}]}},"publishpress_future_workflow_manual_trigger":{"enabledWorkflows":[]},"_links":{"self":[{"href":"http:\/\/forotf.com\/pt_pt\/wp-json\/wp\/v2\/product\/7367","targetHints":{"allow":["GET"]}}],"collection":[{"href":"http:\/\/forotf.com\/pt_pt\/wp-json\/wp\/v2\/product"}],"about":[{"href":"http:\/\/forotf.com\/pt_pt\/wp-json\/wp\/v2\/types\/product"}],"replies":[{"embeddable":true,"href":"http:\/\/forotf.com\/pt_pt\/wp-json\/wp\/v2\/comments?post=7367"}],"wp:featuredmedia":[{"embeddable":true,"href":"http:\/\/forotf.com\/pt_pt\/wp-json\/wp\/v2\/media\/7358"}],"wp:attachment":[{"href":"http:\/\/forotf.com\/pt_pt\/wp-json\/wp\/v2\/media?parent=7367"}],"wp:term":[{"taxonomy":"product_brand","embeddable":true,"href":"http:\/\/forotf.com\/pt_pt\/wp-json\/wp\/v2\/product_brand?post=7367"},{"taxonomy":"product_cat","embeddable":true,"href":"http:\/\/forotf.com\/pt_pt\/wp-json\/wp\/v2\/product_cat?post=7367"},{"taxonomy":"product_tag","embeddable":true,"href":"http:\/\/forotf.com\/pt_pt\/wp-json\/wp\/v2\/product_tag?post=7367"}],"curies":[{"name":"wp","href":"https:\/\/api.w.org\/{rel}","templated":true}]}}