{"id":7156,"date":"2025-06-09T13:13:55","date_gmt":"2025-06-09T13:13:55","guid":{"rendered":"https:\/\/forotf.com\/?post_type=product&#038;p=7156"},"modified":"2026-03-11T10:58:02","modified_gmt":"2026-03-11T10:58:02","slug":"buenas-practicas-del-equipo-gerocultor-en-centros-residenciales-2","status":"publish","type":"product","link":"http:\/\/forotf.com\/pt_pt\/curso\/buenas-practicas-del-equipo-gerocultor-en-centros-residenciales-2\/","title":{"rendered":"Buenas pr\u00e1cticas del equipo gerocultor en centros residenciales"},"content":{"rendered":"<p>El curso \u00abBuenas pr\u00e1cticas del equipo gerocultor en centros residenciales<strong>\u00bb est\u00e1 dise\u00f1ado para capacitar a los profesionales en el cuidado de personas mayores<\/strong>, promoviendo un enfoque basado en el respeto, la empat\u00eda y la dignidad. A trav\u00e9s de esta formaci\u00f3n, los participantes adquirir\u00e1n herramientas esenciales para mejorar la atenci\u00f3n centrada en la persona, aplicar t\u00e9cnicas seguras en la asistencia diaria y fortalecer su bienestar emocional, asegurando as\u00ed un cuidado sostenible y de calidad en entornos residenciales.<\/p>","protected":false},"excerpt":{"rendered":"<p>Curso especializado en buenas pr\u00e1cticas gerocultoras en centros residenciales. Aprende a mejorar la atenci\u00f3n a personas mayores con un enfoque centrado en la persona, aplicando t\u00e9cnicas seguras y promoviendo el bienestar del equipo de cuidado.<\/p>","protected":false},"featured_media":6903,"comment_status":"closed","ping_status":"closed","template":"","meta":{"codigo-servicio":"2284-A","costo-gestion":"10.89"},"product_brand":[],"product_cat":[15],"product_tag":[],"class_list":{"0":"post-7156","1":"product","2":"type-product","3":"status-publish","4":"has-post-thumbnail","6":"product_cat-uncategorized","8":"first","9":"instock","10":"shipping-taxable","11":"purchasable","12":"product-type-simple"},"pp_statuses_selecting_workflow":false,"pp_workflow_action":"current","pp_status_selection":"publish","yoast_head":"<!-- This site is optimized with the Yoast SEO plugin v27.3 - https:\/\/yoast.com\/product\/yoast-seo-wordpress\/ -->\n<title>Curso de Buenas pr\u00e1cticas del equipo gerocultor en centros residenciales | Foro T\u00e9cnico de Formaci\u00f3n<\/title>\n<meta name=\"description\" content=\"Potencia tu conocimiento con nuestro curso Buenas pr\u00e1cticas del equipo gerocultor en centros residenciales. Descubre, aprende y crece con Foro T\u00e9cnico de Formaci\u00f3n.\" \/>\n<meta name=\"robots\" content=\"index, follow, max-snippet:-1, max-image-preview:large, max-video-preview:-1\" \/>\n<link rel=\"canonical\" href=\"https:\/\/forotf.com\/pt_pt\/curso\/buenas-practicas-del-equipo-gerocultor-en-centros-residenciales-2\/\" \/>\n<meta property=\"og:locale\" content=\"pt_PT\" \/>\n<meta property=\"og:type\" content=\"article\" \/>\n<meta property=\"og:title\" content=\"Curso de Buenas pr\u00e1cticas del equipo gerocultor en centros residenciales | Foro T\u00e9cnico de Formaci\u00f3n\" \/>\n<meta property=\"og:description\" content=\"Potencia tu conocimiento con nuestro curso Buenas pr\u00e1cticas del equipo gerocultor en centros residenciales. Descubre, aprende y crece con Foro T\u00e9cnico de Formaci\u00f3n.\" \/>\n<meta property=\"og:url\" content=\"https:\/\/forotf.com\/pt_pt\/curso\/buenas-practicas-del-equipo-gerocultor-en-centros-residenciales-2\/\" \/>\n<meta property=\"og:site_name\" content=\"Foro T\u00e9cnico de Formaci\u00f3n\" \/>\n<meta property=\"article:publisher\" content=\"https:\/\/es-es.facebook.com\/forotf\/\" \/>\n<meta property=\"article:modified_time\" content=\"2026-03-11T10:58:02+00:00\" \/>\n<meta property=\"og:image\" content=\"https:\/\/forotf.com\/wp-content\/uploads\/2025\/03\/woman-with-wheelchair-old-age-home1-1-scaled.jpg\" \/>\n\t<meta property=\"og:image:width\" content=\"2560\" \/>\n\t<meta property=\"og:image:height\" content=\"1440\" \/>\n\t<meta property=\"og:image:type\" content=\"image\/jpeg\" \/>\n<meta name=\"twitter:card\" content=\"summary_large_image\" \/>\n<script type=\"application\/ld+json\" class=\"yoast-schema-graph\">{\"@context\":\"https:\\\/\\\/schema.org\",\"@graph\":[{\"@type\":\"WebPage\",\"@id\":\"https:\\\/\\\/forotf.com\\\/curso\\\/buenas-practicas-del-equipo-gerocultor-en-centros-residenciales-2\\\/\",\"url\":\"https:\\\/\\\/forotf.com\\\/curso\\\/buenas-practicas-del-equipo-gerocultor-en-centros-residenciales-2\\\/\",\"name\":\"Curso de Buenas pr\u00e1cticas del equipo gerocultor en centros residenciales | Foro T\u00e9cnico de Formaci\u00f3n\",\"isPartOf\":{\"@id\":\"http:\\\/\\\/forotf.com\\\/pt\\\/#website\"},\"primaryImageOfPage\":{\"@id\":\"https:\\\/\\\/forotf.com\\\/curso\\\/buenas-practicas-del-equipo-gerocultor-en-centros-residenciales-2\\\/#primaryimage\"},\"image\":{\"@id\":\"https:\\\/\\\/forotf.com\\\/curso\\\/buenas-practicas-del-equipo-gerocultor-en-centros-residenciales-2\\\/#primaryimage\"},\"thumbnailUrl\":\"https:\\\/\\\/forotf.com\\\/wp-content\\\/uploads\\\/2025\\\/03\\\/woman-with-wheelchair-old-age-home1-1-scaled.jpg\",\"datePublished\":\"2025-06-09T13:13:55+00:00\",\"dateModified\":\"2026-03-11T10:58:02+00:00\",\"description\":\"Potencia tu conocimiento con nuestro curso Buenas pr\u00e1cticas del equipo gerocultor en centros residenciales. Descubre, aprende y crece con Foro T\u00e9cnico de Formaci\u00f3n.\",\"breadcrumb\":{\"@id\":\"https:\\\/\\\/forotf.com\\\/curso\\\/buenas-practicas-del-equipo-gerocultor-en-centros-residenciales-2\\\/#breadcrumb\"},\"inLanguage\":\"pt-PT\",\"potentialAction\":[{\"@type\":\"ReadAction\",\"target\":[\"https:\\\/\\\/forotf.com\\\/curso\\\/buenas-practicas-del-equipo-gerocultor-en-centros-residenciales-2\\\/\"]}]},{\"@type\":\"ImageObject\",\"inLanguage\":\"pt-PT\",\"@id\":\"https:\\\/\\\/forotf.com\\\/curso\\\/buenas-practicas-del-equipo-gerocultor-en-centros-residenciales-2\\\/#primaryimage\",\"url\":\"https:\\\/\\\/forotf.com\\\/wp-content\\\/uploads\\\/2025\\\/03\\\/woman-with-wheelchair-old-age-home1-1-scaled.jpg\",\"contentUrl\":\"https:\\\/\\\/forotf.com\\\/wp-content\\\/uploads\\\/2025\\\/03\\\/woman-with-wheelchair-old-age-home1-1-scaled.jpg\",\"width\":2560,\"height\":1440},{\"@type\":\"BreadcrumbList\",\"@id\":\"https:\\\/\\\/forotf.com\\\/curso\\\/buenas-practicas-del-equipo-gerocultor-en-centros-residenciales-2\\\/#breadcrumb\",\"itemListElement\":[{\"@type\":\"ListItem\",\"position\":1,\"name\":\"Inicio\",\"item\":\"https:\\\/\\\/forotf.com\\\/\"},{\"@type\":\"ListItem\",\"position\":2,\"name\":\"Cursos\",\"item\":\"https:\\\/\\\/forotf.com\\\/cursos\\\/\"},{\"@type\":\"ListItem\",\"position\":3,\"name\":\"Uncategorized\",\"item\":\"http:\\\/\\\/forotf.com\\\/pt\\\/product-category\\\/uncategorized\\\/\"},{\"@type\":\"ListItem\",\"position\":4,\"name\":\"Buenas pr\u00e1cticas del equipo gerocultor en centros residenciales\"}]},{\"@type\":\"WebSite\",\"@id\":\"http:\\\/\\\/forotf.com\\\/pt\\\/#website\",\"url\":\"http:\\\/\\\/forotf.com\\\/pt\\\/\",\"name\":\"Foro T\u00e9cnico de Formaci\u00f3n\",\"description\":\"Formaci\u00f3n para Empresas\",\"publisher\":{\"@id\":\"http:\\\/\\\/forotf.com\\\/pt\\\/#organization\"},\"alternateName\":\"FTF\",\"potentialAction\":[{\"@type\":\"SearchAction\",\"target\":{\"@type\":\"EntryPoint\",\"urlTemplate\":\"http:\\\/\\\/forotf.com\\\/pt\\\/?s={search_term_string}\"},\"query-input\":{\"@type\":\"PropertyValueSpecification\",\"valueRequired\":true,\"valueName\":\"search_term_string\"}}],\"inLanguage\":\"pt-PT\"},{\"@type\":\"Organization\",\"@id\":\"http:\\\/\\\/forotf.com\\\/pt\\\/#organization\",\"name\":\"Foro T\u00e9cnico de Formaci\u00f3n\",\"alternateName\":\"FTF\",\"url\":\"http:\\\/\\\/forotf.com\\\/pt\\\/\",\"logo\":{\"@type\":\"ImageObject\",\"inLanguage\":\"pt-PT\",\"@id\":\"http:\\\/\\\/forotf.com\\\/pt\\\/#\\\/schema\\\/logo\\\/image\\\/\",\"url\":\"https:\\\/\\\/forotf.com\\\/wp-content\\\/uploads\\\/2024\\\/02\\\/Oficial-Logo-FTF-Color.svg\",\"contentUrl\":\"https:\\\/\\\/forotf.com\\\/wp-content\\\/uploads\\\/2024\\\/02\\\/Oficial-Logo-FTF-Color.svg\",\"width\":794,\"height\":212,\"caption\":\"Foro T\u00e9cnico de Formaci\u00f3n\"},\"image\":{\"@id\":\"http:\\\/\\\/forotf.com\\\/pt\\\/#\\\/schema\\\/logo\\\/image\\\/\"},\"sameAs\":[\"https:\\\/\\\/es-es.facebook.com\\\/forotf\\\/\",\"https:\\\/\\\/www.instagram.com\\\/ftformacion\\\/?igshid=MWZjMTM2ODFkZg==\",\"https:\\\/\\\/www.linkedin.com\\\/company\\\/foro-tecnico-de-formacion\\\/?originalSubdomain=es\",\"https:\\\/\\\/www.youtube.com\\\/channel\\\/UCTzzsDUdLaZtfAGiP_ipLIg\"]}]}<\/script>\n<!-- \/ Yoast SEO plugin. -->","yoast_head_json":{"title":"Curso de Buenas pr\u00e1cticas del equipo gerocultor en centros residenciales | Foro T\u00e9cnico de Formaci\u00f3n","description":"Potencia tu conocimiento con nuestro curso Buenas pr\u00e1cticas del equipo gerocultor en centros residenciales. Descubre, aprende y crece con Foro T\u00e9cnico de Formaci\u00f3n.","robots":{"index":"index","follow":"follow","max-snippet":"max-snippet:-1","max-image-preview":"max-image-preview:large","max-video-preview":"max-video-preview:-1"},"canonical":"https:\/\/forotf.com\/pt_pt\/curso\/buenas-practicas-del-equipo-gerocultor-en-centros-residenciales-2\/","og_locale":"pt_PT","og_type":"article","og_title":"Curso de Buenas pr\u00e1cticas del equipo gerocultor en centros residenciales | Foro T\u00e9cnico de Formaci\u00f3n","og_description":"Potencia tu conocimiento con nuestro curso Buenas pr\u00e1cticas del equipo gerocultor en centros residenciales. Descubre, aprende y crece con Foro T\u00e9cnico de Formaci\u00f3n.","og_url":"https:\/\/forotf.com\/pt_pt\/curso\/buenas-practicas-del-equipo-gerocultor-en-centros-residenciales-2\/","og_site_name":"Foro T\u00e9cnico de Formaci\u00f3n","article_publisher":"https:\/\/es-es.facebook.com\/forotf\/","article_modified_time":"2026-03-11T10:58:02+00:00","og_image":[{"width":2560,"height":1440,"url":"https:\/\/forotf.com\/wp-content\/uploads\/2025\/03\/woman-with-wheelchair-old-age-home1-1-scaled.jpg","type":"image\/jpeg"}],"twitter_card":"summary_large_image","schema":{"@context":"https:\/\/schema.org","@graph":[{"@type":"WebPage","@id":"https:\/\/forotf.com\/curso\/buenas-practicas-del-equipo-gerocultor-en-centros-residenciales-2\/","url":"https:\/\/forotf.com\/curso\/buenas-practicas-del-equipo-gerocultor-en-centros-residenciales-2\/","name":"Curso de Buenas pr\u00e1cticas del equipo gerocultor en centros residenciales | Foro T\u00e9cnico de Formaci\u00f3n","isPartOf":{"@id":"http:\/\/forotf.com\/pt\/#website"},"primaryImageOfPage":{"@id":"https:\/\/forotf.com\/curso\/buenas-practicas-del-equipo-gerocultor-en-centros-residenciales-2\/#primaryimage"},"image":{"@id":"https:\/\/forotf.com\/curso\/buenas-practicas-del-equipo-gerocultor-en-centros-residenciales-2\/#primaryimage"},"thumbnailUrl":"https:\/\/forotf.com\/wp-content\/uploads\/2025\/03\/woman-with-wheelchair-old-age-home1-1-scaled.jpg","datePublished":"2025-06-09T13:13:55+00:00","dateModified":"2026-03-11T10:58:02+00:00","description":"Potencia tu conocimiento con nuestro curso Buenas pr\u00e1cticas del equipo gerocultor en centros residenciales. Descubre, aprende y crece con Foro T\u00e9cnico de Formaci\u00f3n.","breadcrumb":{"@id":"https:\/\/forotf.com\/curso\/buenas-practicas-del-equipo-gerocultor-en-centros-residenciales-2\/#breadcrumb"},"inLanguage":"pt-PT","potentialAction":[{"@type":"ReadAction","target":["https:\/\/forotf.com\/curso\/buenas-practicas-del-equipo-gerocultor-en-centros-residenciales-2\/"]}]},{"@type":"ImageObject","inLanguage":"pt-PT","@id":"https:\/\/forotf.com\/curso\/buenas-practicas-del-equipo-gerocultor-en-centros-residenciales-2\/#primaryimage","url":"https:\/\/forotf.com\/wp-content\/uploads\/2025\/03\/woman-with-wheelchair-old-age-home1-1-scaled.jpg","contentUrl":"https:\/\/forotf.com\/wp-content\/uploads\/2025\/03\/woman-with-wheelchair-old-age-home1-1-scaled.jpg","width":2560,"height":1440},{"@type":"BreadcrumbList","@id":"https:\/\/forotf.com\/curso\/buenas-practicas-del-equipo-gerocultor-en-centros-residenciales-2\/#breadcrumb","itemListElement":[{"@type":"ListItem","position":1,"name":"Inicio","item":"https:\/\/forotf.com\/"},{"@type":"ListItem","position":2,"name":"Cursos","item":"https:\/\/forotf.com\/cursos\/"},{"@type":"ListItem","position":3,"name":"Uncategorized","item":"http:\/\/forotf.com\/pt\/product-category\/uncategorized\/"},{"@type":"ListItem","position":4,"name":"Buenas pr\u00e1cticas del equipo gerocultor en centros residenciales"}]},{"@type":"WebSite","@id":"http:\/\/forotf.com\/pt\/#website","url":"http:\/\/forotf.com\/pt\/","name":"F\u00f3rum de Treinamento T\u00e9cnico","description":"Treinamento para Empresas","publisher":{"@id":"http:\/\/forotf.com\/pt\/#organization"},"alternateName":"FTF","potentialAction":[{"@type":"SearchAction","target":{"@type":"EntryPoint","urlTemplate":"http:\/\/forotf.com\/pt\/?s={search_term_string}"},"query-input":{"@type":"PropertyValueSpecification","valueRequired":true,"valueName":"search_term_string"}}],"inLanguage":"pt-PT"},{"@type":"Organization","@id":"http:\/\/forotf.com\/pt\/#organization","name":"F\u00f3rum de Treinamento T\u00e9cnico","alternateName":"FTF","url":"http:\/\/forotf.com\/pt\/","logo":{"@type":"ImageObject","inLanguage":"pt-PT","@id":"http:\/\/forotf.com\/pt\/#\/schema\/logo\/image\/","url":"https:\/\/forotf.com\/wp-content\/uploads\/2024\/02\/Oficial-Logo-FTF-Color.svg","contentUrl":"https:\/\/forotf.com\/wp-content\/uploads\/2024\/02\/Oficial-Logo-FTF-Color.svg","width":794,"height":212,"caption":"Foro T\u00e9cnico de Formaci\u00f3n"},"image":{"@id":"http:\/\/forotf.com\/pt\/#\/schema\/logo\/image\/"},"sameAs":["https:\/\/es-es.facebook.com\/forotf\/","https:\/\/www.instagram.com\/ftformacion\/?igshid=MWZjMTM2ODFkZg==","https:\/\/www.linkedin.com\/company\/foro-tecnico-de-formacion\/?originalSubdomain=es","https:\/\/www.youtube.com\/channel\/UCTzzsDUdLaZtfAGiP_ipLIg"]}]}},"publishpress_future_workflow_manual_trigger":{"enabledWorkflows":[]},"_links":{"self":[{"href":"http:\/\/forotf.com\/pt_pt\/wp-json\/wp\/v2\/product\/7156","targetHints":{"allow":["GET"]}}],"collection":[{"href":"http:\/\/forotf.com\/pt_pt\/wp-json\/wp\/v2\/product"}],"about":[{"href":"http:\/\/forotf.com\/pt_pt\/wp-json\/wp\/v2\/types\/product"}],"replies":[{"embeddable":true,"href":"http:\/\/forotf.com\/pt_pt\/wp-json\/wp\/v2\/comments?post=7156"}],"wp:featuredmedia":[{"embeddable":true,"href":"http:\/\/forotf.com\/pt_pt\/wp-json\/wp\/v2\/media\/6903"}],"wp:attachment":[{"href":"http:\/\/forotf.com\/pt_pt\/wp-json\/wp\/v2\/media?parent=7156"}],"wp:term":[{"taxonomy":"product_brand","embeddable":true,"href":"http:\/\/forotf.com\/pt_pt\/wp-json\/wp\/v2\/product_brand?post=7156"},{"taxonomy":"product_cat","embeddable":true,"href":"http:\/\/forotf.com\/pt_pt\/wp-json\/wp\/v2\/product_cat?post=7156"},{"taxonomy":"product_tag","embeddable":true,"href":"http:\/\/forotf.com\/pt_pt\/wp-json\/wp\/v2\/product_tag?post=7156"}],"curies":[{"name":"wp","href":"https:\/\/api.w.org\/{rel}","templated":true}]}}