{"id":5565,"date":"2024-07-29T12:36:55","date_gmt":"2024-07-29T12:36:55","guid":{"rendered":"https:\/\/forotf.com\/?post_type=product&#038;p=5565"},"modified":"2024-07-29T12:37:57","modified_gmt":"2024-07-29T12:37:57","slug":"el-diseno-ambiental-para-la-instauracion-del-modelo-de-acp-en-el-ambito-residencial","status":"publish","type":"product","link":"http:\/\/forotf.com\/pt_pt\/curso\/el-diseno-ambiental-para-la-instauracion-del-modelo-de-acp-en-el-ambito-residencial\/","title":{"rendered":"O projeto ambiental para o estabelecimento do modelo ACP na \u00e1rea residencial"},"content":{"rendered":"<p>Explore nosso emocionante curso sobre \u201cDesenho Ambiental para a Implementa\u00e7\u00e3o do Modelo ACP no Ambiente Residencial\u201d, projetado para inspirar e treinar profissionais na cria\u00e7\u00e3o de ambientes que promovam o cuidado integral e centrado na pessoa (PCA)!<br \/>\nCom este curso procuramos promover a identifica\u00e7\u00e3o de potenciais altera\u00e7\u00f5es ambientais que impulsionem a aplica\u00e7\u00e3o eficaz do modelo ACP. Atrav\u00e9s da an\u00e1lise detalhada do ambiente f\u00edsico e psicossocial, os participantes ir\u00e3o adquirir as ferramentas necess\u00e1rias para avaliar e melhorar estes aspectos.<br \/>\nEste curso abrange desde a cria\u00e7\u00e3o e desenvolvimento de unidades de conviv\u00eancia em centros residenciais at\u00e9 a avalia\u00e7\u00e3o minuciosa do ambiente f\u00edsico e psicossocial. Utilizando uma abordagem organizacional, ser\u00e3o analisadas e desenvolvidas diretrizes para a implementa\u00e7\u00e3o do modelo ACP, garantindo que o ambiente e as pr\u00e1ticas organizacionais se alinhem com as necessidades e prefer\u00eancias dos residentes.<br \/>\nJunte-se a n\u00f3s para explorar novas perspectivas em design ambiental e aprender como aplicar pr\u00e1ticas que transformar\u00e3o a experi\u00eancia residencial, melhorando a qualidade de vida dos residentes e promovendo um modelo de cuidado centrado na pessoa. Tornar o ambiente residencial num local mais acolhedor e adaptado \u00e0s necessidades individuais de quem o chama de lar!<\/p>","protected":false},"excerpt":{"rendered":"<p>Explore nosso curso \u201cProjeto Ambiental para o Estabelecimento do Modelo ACP no Ambiente Residencial\u201d! Este curso capacita profissionais para criar ambientes que promovam o cuidado centrado na pessoa (PCC), identificando e implementando mudan\u00e7as ambientais que promovam este modelo. Por meio da an\u00e1lise do ambiente f\u00edsico e psicossocial, voc\u00ea aprender\u00e1 a desenvolver unidades de conviv\u00eancia e avaliar o ambiente, garantindo que as pr\u00e1ticas organizacionais estejam alinhadas \u00e0s necessidades dos moradores. Junte-se a n\u00f3s para melhorar a qualidade de vida dos residentes e criar ambientes mais acolhedores e adaptados \u00e0s suas necessidades.<\/p>","protected":false},"featured_media":5567,"comment_status":"closed","ping_status":"closed","template":"","meta":{"codigo-servicio":"2091-A","costo-gestion":"3.63"},"product_brand":[],"product_cat":[15],"product_tag":[],"class_list":{"0":"post-5565","1":"product","2":"type-product","3":"status-publish","4":"has-post-thumbnail","6":"product_cat-uncategorized","8":"first","9":"instock","10":"shipping-taxable","11":"purchasable","12":"product-type-simple"},"pp_statuses_selecting_workflow":false,"pp_workflow_action":"current","pp_status_selection":"publish","yoast_head":"<!-- This site is optimized with the Yoast SEO plugin v27.4 - https:\/\/yoast.com\/product\/yoast-seo-wordpress\/ -->\n<title>Curso de El dise\u00f1o ambiental para la instauraci\u00f3n del modelo de ACP en el \u00e1mbito residencial | Foro T\u00e9cnico de Formaci\u00f3n<\/title>\n<meta name=\"description\" content=\"Potencia tu conocimiento con nuestro curso El dise\u00f1o ambiental para la instauraci\u00f3n del modelo de ACP en el \u00e1mbito residencial. Descubre, aprende y crece con Foro T\u00e9cnico de Formaci\u00f3n.\" \/>\n<meta name=\"robots\" content=\"index, follow, max-snippet:-1, max-image-preview:large, max-video-preview:-1\" \/>\n<link rel=\"canonical\" href=\"http:\/\/forotf.com\/pt_pt\/curso\/el-diseno-ambiental-para-la-instauracion-del-modelo-de-acp-en-el-ambito-residencial\/\" \/>\n<meta property=\"og:locale\" content=\"pt_PT\" \/>\n<meta property=\"og:type\" content=\"article\" \/>\n<meta property=\"og:title\" content=\"Curso de El dise\u00f1o ambiental para la instauraci\u00f3n del modelo de ACP en el \u00e1mbito residencial | Foro T\u00e9cnico de Formaci\u00f3n\" \/>\n<meta property=\"og:description\" content=\"Potencia tu conocimiento con nuestro curso El dise\u00f1o ambiental para la instauraci\u00f3n del modelo de ACP en el \u00e1mbito residencial. Descubre, aprende y crece con Foro T\u00e9cnico de Formaci\u00f3n.\" \/>\n<meta property=\"og:url\" content=\"http:\/\/forotf.com\/pt_pt\/curso\/el-diseno-ambiental-para-la-instauracion-del-modelo-de-acp-en-el-ambito-residencial\/\" \/>\n<meta property=\"og:site_name\" content=\"Foro T\u00e9cnico de Formaci\u00f3n\" \/>\n<meta property=\"article:publisher\" content=\"https:\/\/es-es.facebook.com\/forotf\/\" \/>\n<meta property=\"article:modified_time\" content=\"2024-07-29T12:37:57+00:00\" \/>\n<meta property=\"og:image\" content=\"http:\/\/forotf.com\/wp-content\/uploads\/2024\/07\/shutterstock_18152354662-scaled.jpg\" \/>\n\t<meta property=\"og:image:width\" content=\"2560\" \/>\n\t<meta property=\"og:image:height\" content=\"1707\" \/>\n\t<meta property=\"og:image:type\" content=\"image\/jpeg\" \/>\n<meta name=\"twitter:card\" content=\"summary_large_image\" \/>\n<script type=\"application\/ld+json\" class=\"yoast-schema-graph\">{\"@context\":\"https:\\\/\\\/schema.org\",\"@graph\":[{\"@type\":\"WebPage\",\"@id\":\"http:\\\/\\\/forotf.com\\\/pt\\\/curso\\\/el-diseno-ambiental-para-la-instauracion-del-modelo-de-acp-en-el-ambito-residencial\\\/\",\"url\":\"http:\\\/\\\/forotf.com\\\/pt\\\/curso\\\/el-diseno-ambiental-para-la-instauracion-del-modelo-de-acp-en-el-ambito-residencial\\\/\",\"name\":\"Curso de El dise\u00f1o ambiental para la instauraci\u00f3n del modelo de ACP en el \u00e1mbito residencial | Foro T\u00e9cnico de Formaci\u00f3n\",\"isPartOf\":{\"@id\":\"http:\\\/\\\/forotf.com\\\/pt\\\/#website\"},\"primaryImageOfPage\":{\"@id\":\"http:\\\/\\\/forotf.com\\\/pt\\\/curso\\\/el-diseno-ambiental-para-la-instauracion-del-modelo-de-acp-en-el-ambito-residencial\\\/#primaryimage\"},\"image\":{\"@id\":\"http:\\\/\\\/forotf.com\\\/pt\\\/curso\\\/el-diseno-ambiental-para-la-instauracion-del-modelo-de-acp-en-el-ambito-residencial\\\/#primaryimage\"},\"thumbnailUrl\":\"https:\\\/\\\/forotf.com\\\/wp-content\\\/uploads\\\/2024\\\/07\\\/shutterstock_18152354662-scaled.jpg\",\"datePublished\":\"2024-07-29T12:36:55+00:00\",\"dateModified\":\"2024-07-29T12:37:57+00:00\",\"description\":\"Potencia tu conocimiento con nuestro curso El dise\u00f1o ambiental para la instauraci\u00f3n del modelo de ACP en el \u00e1mbito residencial. Descubre, aprende y crece con Foro T\u00e9cnico de Formaci\u00f3n.\",\"breadcrumb\":{\"@id\":\"http:\\\/\\\/forotf.com\\\/pt\\\/curso\\\/el-diseno-ambiental-para-la-instauracion-del-modelo-de-acp-en-el-ambito-residencial\\\/#breadcrumb\"},\"inLanguage\":\"pt-PT\",\"potentialAction\":[{\"@type\":\"ReadAction\",\"target\":[\"http:\\\/\\\/forotf.com\\\/pt\\\/curso\\\/el-diseno-ambiental-para-la-instauracion-del-modelo-de-acp-en-el-ambito-residencial\\\/\"]}]},{\"@type\":\"ImageObject\",\"inLanguage\":\"pt-PT\",\"@id\":\"http:\\\/\\\/forotf.com\\\/pt\\\/curso\\\/el-diseno-ambiental-para-la-instauracion-del-modelo-de-acp-en-el-ambito-residencial\\\/#primaryimage\",\"url\":\"https:\\\/\\\/forotf.com\\\/wp-content\\\/uploads\\\/2024\\\/07\\\/shutterstock_18152354662-scaled.jpg\",\"contentUrl\":\"https:\\\/\\\/forotf.com\\\/wp-content\\\/uploads\\\/2024\\\/07\\\/shutterstock_18152354662-scaled.jpg\",\"width\":2560,\"height\":1707},{\"@type\":\"BreadcrumbList\",\"@id\":\"http:\\\/\\\/forotf.com\\\/pt\\\/curso\\\/el-diseno-ambiental-para-la-instauracion-del-modelo-de-acp-en-el-ambito-residencial\\\/#breadcrumb\",\"itemListElement\":[{\"@type\":\"ListItem\",\"position\":1,\"name\":\"Inicio\",\"item\":\"https:\\\/\\\/forotf.com\\\/\"},{\"@type\":\"ListItem\",\"position\":2,\"name\":\"Cursos\",\"item\":\"https:\\\/\\\/forotf.com\\\/cursos\\\/\"},{\"@type\":\"ListItem\",\"position\":3,\"name\":\"Uncategorized\",\"item\":\"http:\\\/\\\/forotf.com\\\/pt\\\/product-category\\\/uncategorized\\\/\"},{\"@type\":\"ListItem\",\"position\":4,\"name\":\"El dise\u00f1o ambiental para la instauraci\u00f3n del modelo de ACP en el \u00e1mbito residencial\"}]},{\"@type\":\"WebSite\",\"@id\":\"http:\\\/\\\/forotf.com\\\/pt\\\/#website\",\"url\":\"http:\\\/\\\/forotf.com\\\/pt\\\/\",\"name\":\"Foro T\u00e9cnico de Formaci\u00f3n\",\"description\":\"Formaci\u00f3n para Empresas\",\"publisher\":{\"@id\":\"http:\\\/\\\/forotf.com\\\/pt\\\/#organization\"},\"alternateName\":\"FTF\",\"potentialAction\":[{\"@type\":\"SearchAction\",\"target\":{\"@type\":\"EntryPoint\",\"urlTemplate\":\"http:\\\/\\\/forotf.com\\\/pt\\\/?s={search_term_string}\"},\"query-input\":{\"@type\":\"PropertyValueSpecification\",\"valueRequired\":true,\"valueName\":\"search_term_string\"}}],\"inLanguage\":\"pt-PT\"},{\"@type\":\"Organization\",\"@id\":\"http:\\\/\\\/forotf.com\\\/pt\\\/#organization\",\"name\":\"Foro T\u00e9cnico de Formaci\u00f3n\",\"alternateName\":\"FTF\",\"url\":\"http:\\\/\\\/forotf.com\\\/pt\\\/\",\"logo\":{\"@type\":\"ImageObject\",\"inLanguage\":\"pt-PT\",\"@id\":\"http:\\\/\\\/forotf.com\\\/pt\\\/#\\\/schema\\\/logo\\\/image\\\/\",\"url\":\"https:\\\/\\\/forotf.com\\\/wp-content\\\/uploads\\\/2024\\\/02\\\/Oficial-Logo-FTF-Color.svg\",\"contentUrl\":\"https:\\\/\\\/forotf.com\\\/wp-content\\\/uploads\\\/2024\\\/02\\\/Oficial-Logo-FTF-Color.svg\",\"width\":794,\"height\":212,\"caption\":\"Foro T\u00e9cnico de Formaci\u00f3n\"},\"image\":{\"@id\":\"http:\\\/\\\/forotf.com\\\/pt\\\/#\\\/schema\\\/logo\\\/image\\\/\"},\"sameAs\":[\"https:\\\/\\\/es-es.facebook.com\\\/forotf\\\/\",\"https:\\\/\\\/www.instagram.com\\\/ftformacion\\\/?igshid=MWZjMTM2ODFkZg==\",\"https:\\\/\\\/www.linkedin.com\\\/company\\\/foro-tecnico-de-formacion\\\/?originalSubdomain=es\",\"https:\\\/\\\/www.youtube.com\\\/channel\\\/UCTzzsDUdLaZtfAGiP_ipLIg\"]}]}<\/script>\n<!-- \/ Yoast SEO plugin. -->","yoast_head_json":{"title":"Curso de El dise\u00f1o ambiental para la instauraci\u00f3n del modelo de ACP en el \u00e1mbito residencial | Foro T\u00e9cnico de Formaci\u00f3n","description":"Potencia tu conocimiento con nuestro curso El dise\u00f1o ambiental para la instauraci\u00f3n del modelo de ACP en el \u00e1mbito residencial. Descubre, aprende y crece con Foro T\u00e9cnico de Formaci\u00f3n.","robots":{"index":"index","follow":"follow","max-snippet":"max-snippet:-1","max-image-preview":"max-image-preview:large","max-video-preview":"max-video-preview:-1"},"canonical":"http:\/\/forotf.com\/pt_pt\/curso\/el-diseno-ambiental-para-la-instauracion-del-modelo-de-acp-en-el-ambito-residencial\/","og_locale":"pt_PT","og_type":"article","og_title":"Curso de El dise\u00f1o ambiental para la instauraci\u00f3n del modelo de ACP en el \u00e1mbito residencial | Foro T\u00e9cnico de Formaci\u00f3n","og_description":"Potencia tu conocimiento con nuestro curso El dise\u00f1o ambiental para la instauraci\u00f3n del modelo de ACP en el \u00e1mbito residencial. Descubre, aprende y crece con Foro T\u00e9cnico de Formaci\u00f3n.","og_url":"http:\/\/forotf.com\/pt_pt\/curso\/el-diseno-ambiental-para-la-instauracion-del-modelo-de-acp-en-el-ambito-residencial\/","og_site_name":"Foro T\u00e9cnico de Formaci\u00f3n","article_publisher":"https:\/\/es-es.facebook.com\/forotf\/","article_modified_time":"2024-07-29T12:37:57+00:00","og_image":[{"width":2560,"height":1707,"url":"http:\/\/forotf.com\/wp-content\/uploads\/2024\/07\/shutterstock_18152354662-scaled.jpg","type":"image\/jpeg"}],"twitter_card":"summary_large_image","schema":{"@context":"https:\/\/schema.org","@graph":[{"@type":"WebPage","@id":"http:\/\/forotf.com\/pt\/curso\/el-diseno-ambiental-para-la-instauracion-del-modelo-de-acp-en-el-ambito-residencial\/","url":"http:\/\/forotf.com\/pt\/curso\/el-diseno-ambiental-para-la-instauracion-del-modelo-de-acp-en-el-ambito-residencial\/","name":"Curso de El dise\u00f1o ambiental para la instauraci\u00f3n del modelo de ACP en el \u00e1mbito residencial | Foro T\u00e9cnico de Formaci\u00f3n","isPartOf":{"@id":"http:\/\/forotf.com\/pt\/#website"},"primaryImageOfPage":{"@id":"http:\/\/forotf.com\/pt\/curso\/el-diseno-ambiental-para-la-instauracion-del-modelo-de-acp-en-el-ambito-residencial\/#primaryimage"},"image":{"@id":"http:\/\/forotf.com\/pt\/curso\/el-diseno-ambiental-para-la-instauracion-del-modelo-de-acp-en-el-ambito-residencial\/#primaryimage"},"thumbnailUrl":"https:\/\/forotf.com\/wp-content\/uploads\/2024\/07\/shutterstock_18152354662-scaled.jpg","datePublished":"2024-07-29T12:36:55+00:00","dateModified":"2024-07-29T12:37:57+00:00","description":"Potencia tu conocimiento con nuestro curso El dise\u00f1o ambiental para la instauraci\u00f3n del modelo de ACP en el \u00e1mbito residencial. Descubre, aprende y crece con Foro T\u00e9cnico de Formaci\u00f3n.","breadcrumb":{"@id":"http:\/\/forotf.com\/pt\/curso\/el-diseno-ambiental-para-la-instauracion-del-modelo-de-acp-en-el-ambito-residencial\/#breadcrumb"},"inLanguage":"pt-PT","potentialAction":[{"@type":"ReadAction","target":["http:\/\/forotf.com\/pt\/curso\/el-diseno-ambiental-para-la-instauracion-del-modelo-de-acp-en-el-ambito-residencial\/"]}]},{"@type":"ImageObject","inLanguage":"pt-PT","@id":"http:\/\/forotf.com\/pt\/curso\/el-diseno-ambiental-para-la-instauracion-del-modelo-de-acp-en-el-ambito-residencial\/#primaryimage","url":"https:\/\/forotf.com\/wp-content\/uploads\/2024\/07\/shutterstock_18152354662-scaled.jpg","contentUrl":"https:\/\/forotf.com\/wp-content\/uploads\/2024\/07\/shutterstock_18152354662-scaled.jpg","width":2560,"height":1707},{"@type":"BreadcrumbList","@id":"http:\/\/forotf.com\/pt\/curso\/el-diseno-ambiental-para-la-instauracion-del-modelo-de-acp-en-el-ambito-residencial\/#breadcrumb","itemListElement":[{"@type":"ListItem","position":1,"name":"Inicio","item":"https:\/\/forotf.com\/"},{"@type":"ListItem","position":2,"name":"Cursos","item":"https:\/\/forotf.com\/cursos\/"},{"@type":"ListItem","position":3,"name":"Uncategorized","item":"http:\/\/forotf.com\/pt\/product-category\/uncategorized\/"},{"@type":"ListItem","position":4,"name":"El dise\u00f1o ambiental para la instauraci\u00f3n del modelo de ACP en el \u00e1mbito residencial"}]},{"@type":"WebSite","@id":"http:\/\/forotf.com\/pt\/#website","url":"http:\/\/forotf.com\/pt\/","name":"F\u00f3rum de Treinamento T\u00e9cnico","description":"Treinamento para Empresas","publisher":{"@id":"http:\/\/forotf.com\/pt\/#organization"},"alternateName":"FTF","potentialAction":[{"@type":"SearchAction","target":{"@type":"EntryPoint","urlTemplate":"http:\/\/forotf.com\/pt\/?s={search_term_string}"},"query-input":{"@type":"PropertyValueSpecification","valueRequired":true,"valueName":"search_term_string"}}],"inLanguage":"pt-PT"},{"@type":"Organization","@id":"http:\/\/forotf.com\/pt\/#organization","name":"F\u00f3rum de Treinamento T\u00e9cnico","alternateName":"FTF","url":"http:\/\/forotf.com\/pt\/","logo":{"@type":"ImageObject","inLanguage":"pt-PT","@id":"http:\/\/forotf.com\/pt\/#\/schema\/logo\/image\/","url":"https:\/\/forotf.com\/wp-content\/uploads\/2024\/02\/Oficial-Logo-FTF-Color.svg","contentUrl":"https:\/\/forotf.com\/wp-content\/uploads\/2024\/02\/Oficial-Logo-FTF-Color.svg","width":794,"height":212,"caption":"Foro T\u00e9cnico de Formaci\u00f3n"},"image":{"@id":"http:\/\/forotf.com\/pt\/#\/schema\/logo\/image\/"},"sameAs":["https:\/\/es-es.facebook.com\/forotf\/","https:\/\/www.instagram.com\/ftformacion\/?igshid=MWZjMTM2ODFkZg==","https:\/\/www.linkedin.com\/company\/foro-tecnico-de-formacion\/?originalSubdomain=es","https:\/\/www.youtube.com\/channel\/UCTzzsDUdLaZtfAGiP_ipLIg"]}]}},"publishpress_future_workflow_manual_trigger":{"enabledWorkflows":[]},"_links":{"self":[{"href":"http:\/\/forotf.com\/pt_pt\/wp-json\/wp\/v2\/product\/5565","targetHints":{"allow":["GET"]}}],"collection":[{"href":"http:\/\/forotf.com\/pt_pt\/wp-json\/wp\/v2\/product"}],"about":[{"href":"http:\/\/forotf.com\/pt_pt\/wp-json\/wp\/v2\/types\/product"}],"replies":[{"embeddable":true,"href":"http:\/\/forotf.com\/pt_pt\/wp-json\/wp\/v2\/comments?post=5565"}],"wp:featuredmedia":[{"embeddable":true,"href":"http:\/\/forotf.com\/pt_pt\/wp-json\/wp\/v2\/media\/5567"}],"wp:attachment":[{"href":"http:\/\/forotf.com\/pt_pt\/wp-json\/wp\/v2\/media?parent=5565"}],"wp:term":[{"taxonomy":"product_brand","embeddable":true,"href":"http:\/\/forotf.com\/pt_pt\/wp-json\/wp\/v2\/product_brand?post=5565"},{"taxonomy":"product_cat","embeddable":true,"href":"http:\/\/forotf.com\/pt_pt\/wp-json\/wp\/v2\/product_cat?post=5565"},{"taxonomy":"product_tag","embeddable":true,"href":"http:\/\/forotf.com\/pt_pt\/wp-json\/wp\/v2\/product_tag?post=5565"}],"curies":[{"name":"wp","href":"https:\/\/api.w.org\/{rel}","templated":true}]}}