{"id":5280,"date":"2024-05-31T11:21:28","date_gmt":"2024-05-31T11:21:28","guid":{"rendered":"https:\/\/forotf.com\/?post_type=product&#038;p=5280"},"modified":"2025-06-16T08:02:30","modified_gmt":"2025-06-16T08:02:30","slug":"reduccion-de-sujeciones-en-centros-residenciales-solo-espana","status":"publish","type":"product","link":"http:\/\/forotf.com\/pt_pt\/curso\/reduccion-de-sujeciones-en-centros-residenciales-solo-espana\/","title":{"rendered":"Redu\u00e7\u00e3o de restri\u00e7\u00f5es em centros residenciais"},"content":{"rendered":"<p>Exploraremos exaustivamente os conceitos em torno do uso de restri\u00e7\u00f5es, abordando os fatores de risco e promovendo uma necess\u00e1ria mudan\u00e7a de paradigma. Faremos uma abordagem epidemiol\u00f3gica, destacando os efeitos negativos e benef\u00edcios da mobilidade, ao mesmo tempo que desmistificaremos os aspectos culturais e as atitudes em torno do uso de restri\u00e7\u00f5es. Indo para os aspectos legais, entendemos a import\u00e2ncia do alinhamento com a legisla\u00e7\u00e3o vigente sobre o uso de restri\u00e7\u00f5es. Al\u00e9m disso, exploraremos aspectos organizacionais e situa\u00e7\u00f5es excepcionais que requerem considera\u00e7\u00e3o especial.<\/p>\n<p>Desde a fase inicial de diagn\u00f3stico preliminar at\u00e9 \u00e0 fase de forma\u00e7\u00e3o e avalia\u00e7\u00e3o, iremos fornecer-lhe as ferramentas e estrat\u00e9gias necess\u00e1rias para implementar pr\u00e1ticas de cuidados centradas na pessoa. Defendemos uma abordagem progressiva que garanta um ambiente seguro e respeitoso, minimizando a necessidade de restri\u00e7\u00f5es.<br \/>\nEste curso n\u00e3o visa apenas reduzir as restri\u00e7\u00f5es f\u00edsicas, mas tamb\u00e9m promover uma mudan\u00e7a cultural que coloque a pessoa no centro dos cuidados. Junte-se a n\u00f3s para aprender, inspirar-se e liderar o caminho para um atendimento mais humano e digno em instala\u00e7\u00f5es residenciais. Vamos juntos transformar o cuidado aos idosos!<\/p>","protected":false},"excerpt":{"rendered":"<p>Bem-vindo ao nosso curso revolucion\u00e1rio sobre \u201cRedu\u00e7\u00e3o de restri\u00e7\u00f5es em instala\u00e7\u00f5es residenciais\u201d, onde nos aprofundaremos na transforma\u00e7\u00e3o de pr\u00e1ticas e abordagens para garantir um ambiente mais respeitoso e centrado nas pessoas.<\/p>","protected":false},"featured_media":5281,"comment_status":"closed","ping_status":"closed","template":"","meta":{"codigo-servicio":"2109 -A","costo-gestion":"5.4"},"product_brand":[],"product_cat":[15],"product_tag":[89,93,90,91,92,94],"class_list":{"0":"post-5280","1":"product","2":"type-product","3":"status-publish","4":"has-post-thumbnail","6":"product_cat-uncategorized","7":"product_tag-100-bonificable","8":"product_tag-certificado-de-finalizacion","9":"product_tag-multidispositivo","10":"product_tag-sin-horarios","11":"product_tag-test-de-evaluacion","12":"product_tag-tutor-acreditado","14":"first","15":"instock","16":"shipping-taxable","17":"purchasable","18":"product-type-simple"},"pp_statuses_selecting_workflow":false,"pp_workflow_action":"current","pp_status_selection":"publish","yoast_head":"<!-- This site is optimized with the Yoast SEO plugin v27.3 - https:\/\/yoast.com\/product\/yoast-seo-wordpress\/ -->\n<title>Curso de Reducci\u00f3n de sujeciones en centros residenciales | Foro T\u00e9cnico de Formaci\u00f3n<\/title>\n<meta name=\"description\" content=\"Potencia tu conocimiento con nuestro curso Reducci\u00f3n de sujeciones en centros residenciales. Descubre, aprende y crece con Foro T\u00e9cnico de Formaci\u00f3n.\" \/>\n<meta name=\"robots\" content=\"index, follow, max-snippet:-1, max-image-preview:large, max-video-preview:-1\" \/>\n<link rel=\"canonical\" href=\"https:\/\/forotf.com\/pt_pt\/curso\/reduccion-de-sujeciones-en-centros-residenciales-solo-espana\/\" \/>\n<meta property=\"og:locale\" content=\"pt_PT\" \/>\n<meta property=\"og:type\" content=\"article\" \/>\n<meta property=\"og:title\" content=\"Curso de Reducci\u00f3n de sujeciones en centros residenciales | Foro T\u00e9cnico de Formaci\u00f3n\" \/>\n<meta property=\"og:description\" content=\"Potencia tu conocimiento con nuestro curso Reducci\u00f3n de sujeciones en centros residenciales. Descubre, aprende y crece con Foro T\u00e9cnico de Formaci\u00f3n.\" \/>\n<meta property=\"og:url\" content=\"https:\/\/forotf.com\/pt_pt\/curso\/reduccion-de-sujeciones-en-centros-residenciales-solo-espana\/\" \/>\n<meta property=\"og:site_name\" content=\"Foro T\u00e9cnico de Formaci\u00f3n\" \/>\n<meta property=\"article:publisher\" content=\"https:\/\/es-es.facebook.com\/forotf\/\" \/>\n<meta property=\"article:modified_time\" content=\"2025-06-16T08:02:30+00:00\" \/>\n<meta property=\"og:image\" content=\"https:\/\/forotf.com\/wp-content\/uploads\/2024\/05\/shutterstock_11851792481-scaled.jpg\" \/>\n\t<meta property=\"og:image:width\" content=\"2560\" \/>\n\t<meta property=\"og:image:height\" content=\"1707\" \/>\n\t<meta property=\"og:image:type\" content=\"image\/jpeg\" \/>\n<meta name=\"twitter:card\" content=\"summary_large_image\" \/>\n<script type=\"application\/ld+json\" class=\"yoast-schema-graph\">{\"@context\":\"https:\\\/\\\/schema.org\",\"@graph\":[{\"@type\":\"WebPage\",\"@id\":\"https:\\\/\\\/forotf.com\\\/curso\\\/reduccion-de-sujeciones-en-centros-residenciales-solo-espana\\\/\",\"url\":\"https:\\\/\\\/forotf.com\\\/curso\\\/reduccion-de-sujeciones-en-centros-residenciales-solo-espana\\\/\",\"name\":\"Curso de Reducci\u00f3n de sujeciones en centros residenciales | Foro T\u00e9cnico de Formaci\u00f3n\",\"isPartOf\":{\"@id\":\"http:\\\/\\\/forotf.com\\\/pt\\\/#website\"},\"primaryImageOfPage\":{\"@id\":\"https:\\\/\\\/forotf.com\\\/curso\\\/reduccion-de-sujeciones-en-centros-residenciales-solo-espana\\\/#primaryimage\"},\"image\":{\"@id\":\"https:\\\/\\\/forotf.com\\\/curso\\\/reduccion-de-sujeciones-en-centros-residenciales-solo-espana\\\/#primaryimage\"},\"thumbnailUrl\":\"https:\\\/\\\/forotf.com\\\/wp-content\\\/uploads\\\/2024\\\/05\\\/shutterstock_11851792481-scaled.jpg\",\"datePublished\":\"2024-05-31T11:21:28+00:00\",\"dateModified\":\"2025-06-16T08:02:30+00:00\",\"description\":\"Potencia tu conocimiento con nuestro curso Reducci\u00f3n de sujeciones en centros residenciales. Descubre, aprende y crece con Foro T\u00e9cnico de Formaci\u00f3n.\",\"breadcrumb\":{\"@id\":\"https:\\\/\\\/forotf.com\\\/curso\\\/reduccion-de-sujeciones-en-centros-residenciales-solo-espana\\\/#breadcrumb\"},\"inLanguage\":\"pt-PT\",\"potentialAction\":[{\"@type\":\"ReadAction\",\"target\":[\"https:\\\/\\\/forotf.com\\\/curso\\\/reduccion-de-sujeciones-en-centros-residenciales-solo-espana\\\/\"]}]},{\"@type\":\"ImageObject\",\"inLanguage\":\"pt-PT\",\"@id\":\"https:\\\/\\\/forotf.com\\\/curso\\\/reduccion-de-sujeciones-en-centros-residenciales-solo-espana\\\/#primaryimage\",\"url\":\"https:\\\/\\\/forotf.com\\\/wp-content\\\/uploads\\\/2024\\\/05\\\/shutterstock_11851792481-scaled.jpg\",\"contentUrl\":\"https:\\\/\\\/forotf.com\\\/wp-content\\\/uploads\\\/2024\\\/05\\\/shutterstock_11851792481-scaled.jpg\",\"width\":2560,\"height\":1707},{\"@type\":\"BreadcrumbList\",\"@id\":\"https:\\\/\\\/forotf.com\\\/curso\\\/reduccion-de-sujeciones-en-centros-residenciales-solo-espana\\\/#breadcrumb\",\"itemListElement\":[{\"@type\":\"ListItem\",\"position\":1,\"name\":\"Inicio\",\"item\":\"https:\\\/\\\/forotf.com\\\/\"},{\"@type\":\"ListItem\",\"position\":2,\"name\":\"Cursos\",\"item\":\"https:\\\/\\\/forotf.com\\\/cursos\\\/\"},{\"@type\":\"ListItem\",\"position\":3,\"name\":\"Uncategorized\",\"item\":\"http:\\\/\\\/forotf.com\\\/pt\\\/product-category\\\/uncategorized\\\/\"},{\"@type\":\"ListItem\",\"position\":4,\"name\":\"Reducci\u00f3n de sujeciones en centros residenciales\"}]},{\"@type\":\"WebSite\",\"@id\":\"http:\\\/\\\/forotf.com\\\/pt\\\/#website\",\"url\":\"http:\\\/\\\/forotf.com\\\/pt\\\/\",\"name\":\"Foro T\u00e9cnico de Formaci\u00f3n\",\"description\":\"Formaci\u00f3n para Empresas\",\"publisher\":{\"@id\":\"http:\\\/\\\/forotf.com\\\/pt\\\/#organization\"},\"alternateName\":\"FTF\",\"potentialAction\":[{\"@type\":\"SearchAction\",\"target\":{\"@type\":\"EntryPoint\",\"urlTemplate\":\"http:\\\/\\\/forotf.com\\\/pt\\\/?s={search_term_string}\"},\"query-input\":{\"@type\":\"PropertyValueSpecification\",\"valueRequired\":true,\"valueName\":\"search_term_string\"}}],\"inLanguage\":\"pt-PT\"},{\"@type\":\"Organization\",\"@id\":\"http:\\\/\\\/forotf.com\\\/pt\\\/#organization\",\"name\":\"Foro T\u00e9cnico de Formaci\u00f3n\",\"alternateName\":\"FTF\",\"url\":\"http:\\\/\\\/forotf.com\\\/pt\\\/\",\"logo\":{\"@type\":\"ImageObject\",\"inLanguage\":\"pt-PT\",\"@id\":\"http:\\\/\\\/forotf.com\\\/pt\\\/#\\\/schema\\\/logo\\\/image\\\/\",\"url\":\"https:\\\/\\\/forotf.com\\\/wp-content\\\/uploads\\\/2024\\\/02\\\/Oficial-Logo-FTF-Color.svg\",\"contentUrl\":\"https:\\\/\\\/forotf.com\\\/wp-content\\\/uploads\\\/2024\\\/02\\\/Oficial-Logo-FTF-Color.svg\",\"width\":794,\"height\":212,\"caption\":\"Foro T\u00e9cnico de Formaci\u00f3n\"},\"image\":{\"@id\":\"http:\\\/\\\/forotf.com\\\/pt\\\/#\\\/schema\\\/logo\\\/image\\\/\"},\"sameAs\":[\"https:\\\/\\\/es-es.facebook.com\\\/forotf\\\/\",\"https:\\\/\\\/www.instagram.com\\\/ftformacion\\\/?igshid=MWZjMTM2ODFkZg==\",\"https:\\\/\\\/www.linkedin.com\\\/company\\\/foro-tecnico-de-formacion\\\/?originalSubdomain=es\",\"https:\\\/\\\/www.youtube.com\\\/channel\\\/UCTzzsDUdLaZtfAGiP_ipLIg\"]}]}<\/script>\n<!-- \/ Yoast SEO plugin. -->","yoast_head_json":{"title":"Curso de Reducci\u00f3n de sujeciones en centros residenciales | Foro T\u00e9cnico de Formaci\u00f3n","description":"Potencia tu conocimiento con nuestro curso Reducci\u00f3n de sujeciones en centros residenciales. Descubre, aprende y crece con Foro T\u00e9cnico de Formaci\u00f3n.","robots":{"index":"index","follow":"follow","max-snippet":"max-snippet:-1","max-image-preview":"max-image-preview:large","max-video-preview":"max-video-preview:-1"},"canonical":"https:\/\/forotf.com\/pt_pt\/curso\/reduccion-de-sujeciones-en-centros-residenciales-solo-espana\/","og_locale":"pt_PT","og_type":"article","og_title":"Curso de Reducci\u00f3n de sujeciones en centros residenciales | Foro T\u00e9cnico de Formaci\u00f3n","og_description":"Potencia tu conocimiento con nuestro curso Reducci\u00f3n de sujeciones en centros residenciales. Descubre, aprende y crece con Foro T\u00e9cnico de Formaci\u00f3n.","og_url":"https:\/\/forotf.com\/pt_pt\/curso\/reduccion-de-sujeciones-en-centros-residenciales-solo-espana\/","og_site_name":"Foro T\u00e9cnico de Formaci\u00f3n","article_publisher":"https:\/\/es-es.facebook.com\/forotf\/","article_modified_time":"2025-06-16T08:02:30+00:00","og_image":[{"width":2560,"height":1707,"url":"https:\/\/forotf.com\/wp-content\/uploads\/2024\/05\/shutterstock_11851792481-scaled.jpg","type":"image\/jpeg"}],"twitter_card":"summary_large_image","schema":{"@context":"https:\/\/schema.org","@graph":[{"@type":"WebPage","@id":"https:\/\/forotf.com\/curso\/reduccion-de-sujeciones-en-centros-residenciales-solo-espana\/","url":"https:\/\/forotf.com\/curso\/reduccion-de-sujeciones-en-centros-residenciales-solo-espana\/","name":"Curso de Reducci\u00f3n de sujeciones en centros residenciales | Foro T\u00e9cnico de Formaci\u00f3n","isPartOf":{"@id":"http:\/\/forotf.com\/pt\/#website"},"primaryImageOfPage":{"@id":"https:\/\/forotf.com\/curso\/reduccion-de-sujeciones-en-centros-residenciales-solo-espana\/#primaryimage"},"image":{"@id":"https:\/\/forotf.com\/curso\/reduccion-de-sujeciones-en-centros-residenciales-solo-espana\/#primaryimage"},"thumbnailUrl":"https:\/\/forotf.com\/wp-content\/uploads\/2024\/05\/shutterstock_11851792481-scaled.jpg","datePublished":"2024-05-31T11:21:28+00:00","dateModified":"2025-06-16T08:02:30+00:00","description":"Potencia tu conocimiento con nuestro curso Reducci\u00f3n de sujeciones en centros residenciales. Descubre, aprende y crece con Foro T\u00e9cnico de Formaci\u00f3n.","breadcrumb":{"@id":"https:\/\/forotf.com\/curso\/reduccion-de-sujeciones-en-centros-residenciales-solo-espana\/#breadcrumb"},"inLanguage":"pt-PT","potentialAction":[{"@type":"ReadAction","target":["https:\/\/forotf.com\/curso\/reduccion-de-sujeciones-en-centros-residenciales-solo-espana\/"]}]},{"@type":"ImageObject","inLanguage":"pt-PT","@id":"https:\/\/forotf.com\/curso\/reduccion-de-sujeciones-en-centros-residenciales-solo-espana\/#primaryimage","url":"https:\/\/forotf.com\/wp-content\/uploads\/2024\/05\/shutterstock_11851792481-scaled.jpg","contentUrl":"https:\/\/forotf.com\/wp-content\/uploads\/2024\/05\/shutterstock_11851792481-scaled.jpg","width":2560,"height":1707},{"@type":"BreadcrumbList","@id":"https:\/\/forotf.com\/curso\/reduccion-de-sujeciones-en-centros-residenciales-solo-espana\/#breadcrumb","itemListElement":[{"@type":"ListItem","position":1,"name":"Inicio","item":"https:\/\/forotf.com\/"},{"@type":"ListItem","position":2,"name":"Cursos","item":"https:\/\/forotf.com\/cursos\/"},{"@type":"ListItem","position":3,"name":"Uncategorized","item":"http:\/\/forotf.com\/pt\/product-category\/uncategorized\/"},{"@type":"ListItem","position":4,"name":"Reducci\u00f3n de sujeciones en centros residenciales"}]},{"@type":"WebSite","@id":"http:\/\/forotf.com\/pt\/#website","url":"http:\/\/forotf.com\/pt\/","name":"F\u00f3rum de Treinamento T\u00e9cnico","description":"Treinamento para Empresas","publisher":{"@id":"http:\/\/forotf.com\/pt\/#organization"},"alternateName":"FTF","potentialAction":[{"@type":"SearchAction","target":{"@type":"EntryPoint","urlTemplate":"http:\/\/forotf.com\/pt\/?s={search_term_string}"},"query-input":{"@type":"PropertyValueSpecification","valueRequired":true,"valueName":"search_term_string"}}],"inLanguage":"pt-PT"},{"@type":"Organization","@id":"http:\/\/forotf.com\/pt\/#organization","name":"F\u00f3rum de Treinamento T\u00e9cnico","alternateName":"FTF","url":"http:\/\/forotf.com\/pt\/","logo":{"@type":"ImageObject","inLanguage":"pt-PT","@id":"http:\/\/forotf.com\/pt\/#\/schema\/logo\/image\/","url":"https:\/\/forotf.com\/wp-content\/uploads\/2024\/02\/Oficial-Logo-FTF-Color.svg","contentUrl":"https:\/\/forotf.com\/wp-content\/uploads\/2024\/02\/Oficial-Logo-FTF-Color.svg","width":794,"height":212,"caption":"Foro T\u00e9cnico de Formaci\u00f3n"},"image":{"@id":"http:\/\/forotf.com\/pt\/#\/schema\/logo\/image\/"},"sameAs":["https:\/\/es-es.facebook.com\/forotf\/","https:\/\/www.instagram.com\/ftformacion\/?igshid=MWZjMTM2ODFkZg==","https:\/\/www.linkedin.com\/company\/foro-tecnico-de-formacion\/?originalSubdomain=es","https:\/\/www.youtube.com\/channel\/UCTzzsDUdLaZtfAGiP_ipLIg"]}]}},"publishpress_future_workflow_manual_trigger":{"enabledWorkflows":[]},"_links":{"self":[{"href":"http:\/\/forotf.com\/pt_pt\/wp-json\/wp\/v2\/product\/5280","targetHints":{"allow":["GET"]}}],"collection":[{"href":"http:\/\/forotf.com\/pt_pt\/wp-json\/wp\/v2\/product"}],"about":[{"href":"http:\/\/forotf.com\/pt_pt\/wp-json\/wp\/v2\/types\/product"}],"replies":[{"embeddable":true,"href":"http:\/\/forotf.com\/pt_pt\/wp-json\/wp\/v2\/comments?post=5280"}],"wp:featuredmedia":[{"embeddable":true,"href":"http:\/\/forotf.com\/pt_pt\/wp-json\/wp\/v2\/media\/5281"}],"wp:attachment":[{"href":"http:\/\/forotf.com\/pt_pt\/wp-json\/wp\/v2\/media?parent=5280"}],"wp:term":[{"taxonomy":"product_brand","embeddable":true,"href":"http:\/\/forotf.com\/pt_pt\/wp-json\/wp\/v2\/product_brand?post=5280"},{"taxonomy":"product_cat","embeddable":true,"href":"http:\/\/forotf.com\/pt_pt\/wp-json\/wp\/v2\/product_cat?post=5280"},{"taxonomy":"product_tag","embeddable":true,"href":"http:\/\/forotf.com\/pt_pt\/wp-json\/wp\/v2\/product_tag?post=5280"}],"curies":[{"name":"wp","href":"https:\/\/api.w.org\/{rel}","templated":true}]}}