{"id":2652,"date":"2024-03-01T02:26:33","date_gmt":"2024-03-01T02:26:33","guid":{"rendered":"https:\/\/forotf.com\/curso\/diseno-ambiental-residencias-con-sentido-de-vida\/"},"modified":"2024-07-26T08:47:11","modified_gmt":"2024-07-26T08:47:11","slug":"diseno-ambiental-residencias-con-sentido-de-vida","status":"publish","type":"product","link":"http:\/\/forotf.com\/pt_pt\/curso\/diseno-ambiental-residencias-con-sentido-de-vida\/","title":{"rendered":"Design ambiental: Resid\u00eancias com sentido de vida"},"content":{"rendered":"<p>Agendar:<\/p>\n<p><span class=\"ui-provider a b c d e f g h i j k l m n o p q r s t u v w x y z ab ac ae af ag ah ai aj ak\" dir=\"ltr\">22\/03\/2024 das 9h00 \u00e0s 10h00 (1 hora)<br \/>\n26\/03\/2024 das 9h00 \u00e0s 12h00 (3 horas)<br \/>\n01\/04\/2024 das 9h00 \u00e0s 12h00 (3 horas)<br \/>\n16\/04\/2024 das 9h00 \u00e0s 12h00 (3 horas)<\/span><\/p>","protected":false},"excerpt":{"rendered":"<p>Com este curso poder\u00e1 criar ambientes residenciais adaptados \u00e0s necessidades e caracter\u00edsticas espec\u00edficas dos utilizadores para promover o seu bem-estar e qualidade de vida.<\/p>\n<p>Aprenda a desenvolver um plano de desenho Ambiental para preparar espa\u00e7os acolhedores que favore\u00e7am a redu\u00e7\u00e3o do stress e a estimula\u00e7\u00e3o dos sentidos dos residentes, entre outros benef\u00edcios.<\/p>","protected":false},"featured_media":3062,"comment_status":"closed","ping_status":"closed","template":"","meta":{"codigo-servicio":"550-B","costo-gestion":"15.73"},"product_brand":[],"product_cat":[88],"product_tag":[89,108,93,109,94],"class_list":{"0":"post-2652","1":"product","2":"type-product","3":"status-publish","4":"has-post-thumbnail","6":"product_cat-programado","7":"product_tag-100-bonificable","8":"product_tag-asistencia-por-videoconferencia","9":"product_tag-certificado-de-finalizacion","10":"product_tag-con-horario","11":"product_tag-tutor-acreditado","13":"first","14":"instock","15":"shipping-taxable","16":"purchasable","17":"product-type-simple"},"pp_statuses_selecting_workflow":false,"pp_workflow_action":"current","pp_status_selection":"publish","yoast_head":"<!-- This site is optimized with the Yoast SEO plugin v27.3 - https:\/\/yoast.com\/product\/yoast-seo-wordpress\/ -->\n<title>Dise\u00f1o ambiental: Residencias con sentido de vida<\/title>\n<meta name=\"description\" content=\"Con este curso crear\u00e1s entornos residenciales que promuevan el bienestar y la calidad de vida de personas con demencia\" \/>\n<meta name=\"robots\" content=\"index, follow, max-snippet:-1, max-image-preview:large, max-video-preview:-1\" \/>\n<link rel=\"canonical\" href=\"http:\/\/forotf.com\/pt_pt\/curso\/diseno-ambiental-residencias-con-sentido-de-vida\/\" \/>\n<meta property=\"og:locale\" content=\"pt_PT\" \/>\n<meta property=\"og:type\" content=\"article\" \/>\n<meta property=\"og:title\" content=\"Dise\u00f1o ambiental: Residencias con sentido de vida\" \/>\n<meta property=\"og:description\" content=\"Con este curso crear\u00e1s entornos residenciales que promuevan el bienestar y la calidad de vida de personas con demencia\" \/>\n<meta property=\"og:url\" content=\"http:\/\/forotf.com\/pt_pt\/curso\/diseno-ambiental-residencias-con-sentido-de-vida\/\" \/>\n<meta property=\"og:site_name\" content=\"Foro T\u00e9cnico de Formaci\u00f3n\" \/>\n<meta property=\"article:publisher\" content=\"https:\/\/es-es.facebook.com\/forotf\/\" \/>\n<meta property=\"article:modified_time\" content=\"2024-07-26T08:47:11+00:00\" \/>\n<meta property=\"og:image\" content=\"http:\/\/forotf.com\/wp-content\/uploads\/2024\/03\/Diseno-ambiental-residencias.jpg\" \/>\n\t<meta property=\"og:image:width\" content=\"1000\" \/>\n\t<meta property=\"og:image:height\" content=\"667\" \/>\n\t<meta property=\"og:image:type\" content=\"image\/jpeg\" \/>\n<meta name=\"twitter:card\" content=\"summary_large_image\" \/>\n<script type=\"application\/ld+json\" class=\"yoast-schema-graph\">{\"@context\":\"https:\\\/\\\/schema.org\",\"@graph\":[{\"@type\":\"WebPage\",\"@id\":\"http:\\\/\\\/forotf.com\\\/pt\\\/curso\\\/diseno-ambiental-residencias-con-sentido-de-vida\\\/\",\"url\":\"http:\\\/\\\/forotf.com\\\/pt\\\/curso\\\/diseno-ambiental-residencias-con-sentido-de-vida\\\/\",\"name\":\"Dise\u00f1o ambiental: Residencias con sentido de vida\",\"isPartOf\":{\"@id\":\"http:\\\/\\\/forotf.com\\\/pt\\\/#website\"},\"primaryImageOfPage\":{\"@id\":\"http:\\\/\\\/forotf.com\\\/pt\\\/curso\\\/diseno-ambiental-residencias-con-sentido-de-vida\\\/#primaryimage\"},\"image\":{\"@id\":\"http:\\\/\\\/forotf.com\\\/pt\\\/curso\\\/diseno-ambiental-residencias-con-sentido-de-vida\\\/#primaryimage\"},\"thumbnailUrl\":\"https:\\\/\\\/forotf.com\\\/wp-content\\\/uploads\\\/2024\\\/03\\\/Diseno-ambiental-residencias.jpg\",\"datePublished\":\"2024-03-01T02:26:33+00:00\",\"dateModified\":\"2024-07-26T08:47:11+00:00\",\"description\":\"Con este curso crear\u00e1s entornos residenciales que promuevan el bienestar y la calidad de vida de personas con demencia\",\"breadcrumb\":{\"@id\":\"http:\\\/\\\/forotf.com\\\/pt\\\/curso\\\/diseno-ambiental-residencias-con-sentido-de-vida\\\/#breadcrumb\"},\"inLanguage\":\"pt-PT\",\"potentialAction\":[{\"@type\":\"ReadAction\",\"target\":[\"http:\\\/\\\/forotf.com\\\/pt\\\/curso\\\/diseno-ambiental-residencias-con-sentido-de-vida\\\/\"]}]},{\"@type\":\"ImageObject\",\"inLanguage\":\"pt-PT\",\"@id\":\"http:\\\/\\\/forotf.com\\\/pt\\\/curso\\\/diseno-ambiental-residencias-con-sentido-de-vida\\\/#primaryimage\",\"url\":\"https:\\\/\\\/forotf.com\\\/wp-content\\\/uploads\\\/2024\\\/03\\\/Diseno-ambiental-residencias.jpg\",\"contentUrl\":\"https:\\\/\\\/forotf.com\\\/wp-content\\\/uploads\\\/2024\\\/03\\\/Diseno-ambiental-residencias.jpg\",\"width\":1000,\"height\":667},{\"@type\":\"BreadcrumbList\",\"@id\":\"http:\\\/\\\/forotf.com\\\/pt\\\/curso\\\/diseno-ambiental-residencias-con-sentido-de-vida\\\/#breadcrumb\",\"itemListElement\":[{\"@type\":\"ListItem\",\"position\":1,\"name\":\"Inicio\",\"item\":\"https:\\\/\\\/forotf.com\\\/\"},{\"@type\":\"ListItem\",\"position\":2,\"name\":\"Cursos\",\"item\":\"https:\\\/\\\/forotf.com\\\/cursos\\\/\"},{\"@type\":\"ListItem\",\"position\":3,\"name\":\"Programado\",\"item\":\"http:\\\/\\\/forotf.com\\\/pt\\\/product-category\\\/programado\\\/\"},{\"@type\":\"ListItem\",\"position\":4,\"name\":\"Dise\u00f1o ambiental: Residencias con sentido de vida\"}]},{\"@type\":\"WebSite\",\"@id\":\"http:\\\/\\\/forotf.com\\\/pt\\\/#website\",\"url\":\"http:\\\/\\\/forotf.com\\\/pt\\\/\",\"name\":\"Foro T\u00e9cnico de Formaci\u00f3n\",\"description\":\"Formaci\u00f3n para Empresas\",\"publisher\":{\"@id\":\"http:\\\/\\\/forotf.com\\\/pt\\\/#organization\"},\"alternateName\":\"FTF\",\"potentialAction\":[{\"@type\":\"SearchAction\",\"target\":{\"@type\":\"EntryPoint\",\"urlTemplate\":\"http:\\\/\\\/forotf.com\\\/pt\\\/?s={search_term_string}\"},\"query-input\":{\"@type\":\"PropertyValueSpecification\",\"valueRequired\":true,\"valueName\":\"search_term_string\"}}],\"inLanguage\":\"pt-PT\"},{\"@type\":\"Organization\",\"@id\":\"http:\\\/\\\/forotf.com\\\/pt\\\/#organization\",\"name\":\"Foro T\u00e9cnico de Formaci\u00f3n\",\"alternateName\":\"FTF\",\"url\":\"http:\\\/\\\/forotf.com\\\/pt\\\/\",\"logo\":{\"@type\":\"ImageObject\",\"inLanguage\":\"pt-PT\",\"@id\":\"http:\\\/\\\/forotf.com\\\/pt\\\/#\\\/schema\\\/logo\\\/image\\\/\",\"url\":\"https:\\\/\\\/forotf.com\\\/wp-content\\\/uploads\\\/2024\\\/02\\\/Oficial-Logo-FTF-Color.svg\",\"contentUrl\":\"https:\\\/\\\/forotf.com\\\/wp-content\\\/uploads\\\/2024\\\/02\\\/Oficial-Logo-FTF-Color.svg\",\"width\":794,\"height\":212,\"caption\":\"Foro T\u00e9cnico de Formaci\u00f3n\"},\"image\":{\"@id\":\"http:\\\/\\\/forotf.com\\\/pt\\\/#\\\/schema\\\/logo\\\/image\\\/\"},\"sameAs\":[\"https:\\\/\\\/es-es.facebook.com\\\/forotf\\\/\",\"https:\\\/\\\/www.instagram.com\\\/ftformacion\\\/?igshid=MWZjMTM2ODFkZg==\",\"https:\\\/\\\/www.linkedin.com\\\/company\\\/foro-tecnico-de-formacion\\\/?originalSubdomain=es\",\"https:\\\/\\\/www.youtube.com\\\/channel\\\/UCTzzsDUdLaZtfAGiP_ipLIg\"]}]}<\/script>\n<!-- \/ Yoast SEO plugin. -->","yoast_head_json":{"title":"Design ambiental: Resid\u00eancias com sentido de vida","description":"Con este curso crear\u00e1s entornos residenciales que promuevan el bienestar y la calidad de vida de personas con demencia","robots":{"index":"index","follow":"follow","max-snippet":"max-snippet:-1","max-image-preview":"max-image-preview:large","max-video-preview":"max-video-preview:-1"},"canonical":"http:\/\/forotf.com\/pt_pt\/curso\/diseno-ambiental-residencias-con-sentido-de-vida\/","og_locale":"pt_PT","og_type":"article","og_title":"Dise\u00f1o ambiental: Residencias con sentido de vida","og_description":"Con este curso crear\u00e1s entornos residenciales que promuevan el bienestar y la calidad de vida de personas con demencia","og_url":"http:\/\/forotf.com\/pt_pt\/curso\/diseno-ambiental-residencias-con-sentido-de-vida\/","og_site_name":"Foro T\u00e9cnico de Formaci\u00f3n","article_publisher":"https:\/\/es-es.facebook.com\/forotf\/","article_modified_time":"2024-07-26T08:47:11+00:00","og_image":[{"width":1000,"height":667,"url":"http:\/\/forotf.com\/wp-content\/uploads\/2024\/03\/Diseno-ambiental-residencias.jpg","type":"image\/jpeg"}],"twitter_card":"summary_large_image","schema":{"@context":"https:\/\/schema.org","@graph":[{"@type":"WebPage","@id":"http:\/\/forotf.com\/pt\/curso\/diseno-ambiental-residencias-con-sentido-de-vida\/","url":"http:\/\/forotf.com\/pt\/curso\/diseno-ambiental-residencias-con-sentido-de-vida\/","name":"Design ambiental: Resid\u00eancias com sentido de vida","isPartOf":{"@id":"http:\/\/forotf.com\/pt\/#website"},"primaryImageOfPage":{"@id":"http:\/\/forotf.com\/pt\/curso\/diseno-ambiental-residencias-con-sentido-de-vida\/#primaryimage"},"image":{"@id":"http:\/\/forotf.com\/pt\/curso\/diseno-ambiental-residencias-con-sentido-de-vida\/#primaryimage"},"thumbnailUrl":"https:\/\/forotf.com\/wp-content\/uploads\/2024\/03\/Diseno-ambiental-residencias.jpg","datePublished":"2024-03-01T02:26:33+00:00","dateModified":"2024-07-26T08:47:11+00:00","description":"Con este curso crear\u00e1s entornos residenciales que promuevan el bienestar y la calidad de vida de personas con demencia","breadcrumb":{"@id":"http:\/\/forotf.com\/pt\/curso\/diseno-ambiental-residencias-con-sentido-de-vida\/#breadcrumb"},"inLanguage":"pt-PT","potentialAction":[{"@type":"ReadAction","target":["http:\/\/forotf.com\/pt\/curso\/diseno-ambiental-residencias-con-sentido-de-vida\/"]}]},{"@type":"ImageObject","inLanguage":"pt-PT","@id":"http:\/\/forotf.com\/pt\/curso\/diseno-ambiental-residencias-con-sentido-de-vida\/#primaryimage","url":"https:\/\/forotf.com\/wp-content\/uploads\/2024\/03\/Diseno-ambiental-residencias.jpg","contentUrl":"https:\/\/forotf.com\/wp-content\/uploads\/2024\/03\/Diseno-ambiental-residencias.jpg","width":1000,"height":667},{"@type":"BreadcrumbList","@id":"http:\/\/forotf.com\/pt\/curso\/diseno-ambiental-residencias-con-sentido-de-vida\/#breadcrumb","itemListElement":[{"@type":"ListItem","position":1,"name":"Inicio","item":"https:\/\/forotf.com\/"},{"@type":"ListItem","position":2,"name":"Cursos","item":"https:\/\/forotf.com\/cursos\/"},{"@type":"ListItem","position":3,"name":"Programado","item":"http:\/\/forotf.com\/pt\/product-category\/programado\/"},{"@type":"ListItem","position":4,"name":"Dise\u00f1o ambiental: Residencias con sentido de vida"}]},{"@type":"WebSite","@id":"http:\/\/forotf.com\/pt\/#website","url":"http:\/\/forotf.com\/pt\/","name":"F\u00f3rum de Treinamento T\u00e9cnico","description":"Treinamento para Empresas","publisher":{"@id":"http:\/\/forotf.com\/pt\/#organization"},"alternateName":"FTF","potentialAction":[{"@type":"SearchAction","target":{"@type":"EntryPoint","urlTemplate":"http:\/\/forotf.com\/pt\/?s={search_term_string}"},"query-input":{"@type":"PropertyValueSpecification","valueRequired":true,"valueName":"search_term_string"}}],"inLanguage":"pt-PT"},{"@type":"Organization","@id":"http:\/\/forotf.com\/pt\/#organization","name":"F\u00f3rum de Treinamento T\u00e9cnico","alternateName":"FTF","url":"http:\/\/forotf.com\/pt\/","logo":{"@type":"ImageObject","inLanguage":"pt-PT","@id":"http:\/\/forotf.com\/pt\/#\/schema\/logo\/image\/","url":"https:\/\/forotf.com\/wp-content\/uploads\/2024\/02\/Oficial-Logo-FTF-Color.svg","contentUrl":"https:\/\/forotf.com\/wp-content\/uploads\/2024\/02\/Oficial-Logo-FTF-Color.svg","width":794,"height":212,"caption":"Foro T\u00e9cnico de Formaci\u00f3n"},"image":{"@id":"http:\/\/forotf.com\/pt\/#\/schema\/logo\/image\/"},"sameAs":["https:\/\/es-es.facebook.com\/forotf\/","https:\/\/www.instagram.com\/ftformacion\/?igshid=MWZjMTM2ODFkZg==","https:\/\/www.linkedin.com\/company\/foro-tecnico-de-formacion\/?originalSubdomain=es","https:\/\/www.youtube.com\/channel\/UCTzzsDUdLaZtfAGiP_ipLIg"]}]}},"publishpress_future_workflow_manual_trigger":{"enabledWorkflows":[]},"_links":{"self":[{"href":"http:\/\/forotf.com\/pt_pt\/wp-json\/wp\/v2\/product\/2652","targetHints":{"allow":["GET"]}}],"collection":[{"href":"http:\/\/forotf.com\/pt_pt\/wp-json\/wp\/v2\/product"}],"about":[{"href":"http:\/\/forotf.com\/pt_pt\/wp-json\/wp\/v2\/types\/product"}],"replies":[{"embeddable":true,"href":"http:\/\/forotf.com\/pt_pt\/wp-json\/wp\/v2\/comments?post=2652"}],"wp:featuredmedia":[{"embeddable":true,"href":"http:\/\/forotf.com\/pt_pt\/wp-json\/wp\/v2\/media\/3062"}],"wp:attachment":[{"href":"http:\/\/forotf.com\/pt_pt\/wp-json\/wp\/v2\/media?parent=2652"}],"wp:term":[{"taxonomy":"product_brand","embeddable":true,"href":"http:\/\/forotf.com\/pt_pt\/wp-json\/wp\/v2\/product_brand?post=2652"},{"taxonomy":"product_cat","embeddable":true,"href":"http:\/\/forotf.com\/pt_pt\/wp-json\/wp\/v2\/product_cat?post=2652"},{"taxonomy":"product_tag","embeddable":true,"href":"http:\/\/forotf.com\/pt_pt\/wp-json\/wp\/v2\/product_tag?post=2652"}],"curies":[{"name":"wp","href":"https:\/\/api.w.org\/{rel}","templated":true}]}}