{"id":7632,"date":"2026-03-03T16:45:10","date_gmt":"2026-03-03T16:45:10","guid":{"rendered":"https:\/\/forotf.com\/?post_type=product&#038;p=7632"},"modified":"2026-03-03T16:45:10","modified_gmt":"2026-03-03T16:45:10","slug":"medidas-para-la-igualdad-real-y-efectiva-y-no-discriminacion-de-las-personas-trans-y-lgtbi-2","status":"publish","type":"product","link":"http:\/\/forotf.com\/pt\/curso\/medidas-para-la-igualdad-real-y-efectiva-y-no-discriminacion-de-las-personas-trans-y-lgtbi-2\/","title":{"rendered":"Medidas para la igualdad real y efectiva y no discriminaci\u00f3n de las personas Trans y LGTBI"},"content":{"rendered":"<p data-start=\"168\" data-end=\"465\">El curso de <strong data-start=\"180\" data-end=\"263\">Igualdad y No Discriminaci\u00f3n de las Personas Trans y LGTBI en el \u00c1mbito Laboral<\/strong> proporciona una formaci\u00f3n integral y actualizada sobre el marco normativo vigente, con especial atenci\u00f3n a la Ley 4\/2023 y el Real Decreto 1026\/2024, y su aplicaci\u00f3n pr\u00e1ctica en el entorno empresarial.<\/p>\n<p data-start=\"467\" data-end=\"887\">A lo largo del programa, se abordan los conceptos clave en materia de diversidad sexual y de g\u00e9nero, el an\u00e1lisis de convenios colectivos y acuerdos de empresa, as\u00ed como el dise\u00f1o e implementaci\u00f3n de medidas concretas de inclusi\u00f3n. La formaci\u00f3n capacita para desarrollar protocolos de acompa\u00f1amiento en el empleo y planes de prevenci\u00f3n de la discriminaci\u00f3n y el acoso, garantizando su correcta implantaci\u00f3n y seguimiento.<\/p>\n<p data-start=\"889\" data-end=\"1116\" data-is-last-node=\"\" data-is-only-node=\"\">Una acci\u00f3n formativa estrat\u00e9gica para organizaciones que desean cumplir con la normativa, minimizar riesgos legales y consolidar una cultura corporativa inclusiva, respetuosa y alineada con los valores de igualdad y diversidad.<\/p>","protected":false},"excerpt":{"rendered":"<p>El curso de <strong data-start=\"180\" data-end=\"263\">Igualdad y No Discriminaci\u00f3n de las Personas Trans y LGTBI en el \u00c1mbito Laboral<\/strong> proporciona una formaci\u00f3n integral y actualizada sobre el marco normativo vigente, con especial atenci\u00f3n a la Ley 4\/2023 y el Real Decreto 1026\/2024, y su aplicaci\u00f3n pr\u00e1ctica en el entorno empresarial.<\/p>","protected":false},"featured_media":7633,"comment_status":"closed","ping_status":"closed","template":"","meta":{"codigo-servicio":"2092-I","costo-gestion":"3.15"},"product_brand":[],"product_cat":[15],"product_tag":[],"class_list":{"0":"post-7632","1":"product","2":"type-product","3":"status-publish","4":"has-post-thumbnail","6":"product_cat-uncategorized","8":"first","9":"instock","10":"shipping-taxable","11":"purchasable","12":"product-type-simple"},"pp_statuses_selecting_workflow":false,"pp_workflow_action":"current","pp_status_selection":"publish","yoast_head":"<!-- This site is optimized with the Yoast SEO plugin v27.4 - https:\/\/yoast.com\/product\/yoast-seo-wordpress\/ -->\n<title>Curso de Medidas para la igualdad real y efectiva y no discriminaci\u00f3n de las personas Trans y LGTBI | Foro T\u00e9cnico de Formaci\u00f3n<\/title>\n<meta name=\"description\" content=\"Potencia tu conocimiento con nuestro curso Medidas para la igualdad real y efectiva y no discriminaci\u00f3n de las personas Trans y LGTBI. Descubre, aprende y crece con Foro T\u00e9cnico de Formaci\u00f3n.\" \/>\n<meta name=\"robots\" content=\"index, follow, max-snippet:-1, max-image-preview:large, max-video-preview:-1\" \/>\n<link rel=\"canonical\" href=\"https:\/\/forotf.com\/pt\/curso\/medidas-para-la-igualdad-real-y-efectiva-y-no-discriminacion-de-las-personas-trans-y-lgtbi-2\/\" \/>\n<meta property=\"og:locale\" content=\"pt_BR\" \/>\n<meta property=\"og:type\" content=\"article\" \/>\n<meta property=\"og:title\" content=\"Curso de Medidas para la igualdad real y efectiva y no discriminaci\u00f3n de las personas Trans y LGTBI | Foro T\u00e9cnico de Formaci\u00f3n\" \/>\n<meta property=\"og:description\" content=\"Potencia tu conocimiento con nuestro curso Medidas para la igualdad real y efectiva y no discriminaci\u00f3n de las personas Trans y LGTBI. Descubre, aprende y crece con Foro T\u00e9cnico de Formaci\u00f3n.\" \/>\n<meta property=\"og:url\" content=\"https:\/\/forotf.com\/pt\/curso\/medidas-para-la-igualdad-real-y-efectiva-y-no-discriminacion-de-las-personas-trans-y-lgtbi-2\/\" \/>\n<meta property=\"og:site_name\" content=\"Foro T\u00e9cnico de Formaci\u00f3n\" \/>\n<meta property=\"article:publisher\" content=\"https:\/\/es-es.facebook.com\/forotf\/\" \/>\n<meta property=\"og:image\" content=\"https:\/\/forotf.com\/wp-content\/uploads\/2026\/03\/LGTBI-1024x576-1.jpg\" \/>\n\t<meta property=\"og:image:width\" content=\"1024\" \/>\n\t<meta property=\"og:image:height\" content=\"576\" \/>\n\t<meta property=\"og:image:type\" content=\"image\/jpeg\" \/>\n<meta name=\"twitter:card\" content=\"summary_large_image\" \/>\n<script type=\"application\/ld+json\" class=\"yoast-schema-graph\">{\"@context\":\"https:\\\/\\\/schema.org\",\"@graph\":[{\"@type\":\"WebPage\",\"@id\":\"https:\\\/\\\/forotf.com\\\/curso\\\/medidas-para-la-igualdad-real-y-efectiva-y-no-discriminacion-de-las-personas-trans-y-lgtbi-2\\\/\",\"url\":\"https:\\\/\\\/forotf.com\\\/curso\\\/medidas-para-la-igualdad-real-y-efectiva-y-no-discriminacion-de-las-personas-trans-y-lgtbi-2\\\/\",\"name\":\"Curso de Medidas para la igualdad real y efectiva y no discriminaci\u00f3n de las personas Trans y LGTBI | Foro T\u00e9cnico de Formaci\u00f3n\",\"isPartOf\":{\"@id\":\"http:\\\/\\\/forotf.com\\\/pt\\\/#website\"},\"primaryImageOfPage\":{\"@id\":\"https:\\\/\\\/forotf.com\\\/curso\\\/medidas-para-la-igualdad-real-y-efectiva-y-no-discriminacion-de-las-personas-trans-y-lgtbi-2\\\/#primaryimage\"},\"image\":{\"@id\":\"https:\\\/\\\/forotf.com\\\/curso\\\/medidas-para-la-igualdad-real-y-efectiva-y-no-discriminacion-de-las-personas-trans-y-lgtbi-2\\\/#primaryimage\"},\"thumbnailUrl\":\"https:\\\/\\\/forotf.com\\\/wp-content\\\/uploads\\\/2026\\\/03\\\/LGTBI-1024x576-1.jpg\",\"datePublished\":\"2026-03-03T16:45:10+00:00\",\"description\":\"Potencia tu conocimiento con nuestro curso Medidas para la igualdad real y efectiva y no discriminaci\u00f3n de las personas Trans y LGTBI. Descubre, aprende y crece con Foro T\u00e9cnico de Formaci\u00f3n.\",\"breadcrumb\":{\"@id\":\"https:\\\/\\\/forotf.com\\\/curso\\\/medidas-para-la-igualdad-real-y-efectiva-y-no-discriminacion-de-las-personas-trans-y-lgtbi-2\\\/#breadcrumb\"},\"inLanguage\":\"pt-BR\",\"potentialAction\":[{\"@type\":\"ReadAction\",\"target\":[\"https:\\\/\\\/forotf.com\\\/curso\\\/medidas-para-la-igualdad-real-y-efectiva-y-no-discriminacion-de-las-personas-trans-y-lgtbi-2\\\/\"]}]},{\"@type\":\"ImageObject\",\"inLanguage\":\"pt-BR\",\"@id\":\"https:\\\/\\\/forotf.com\\\/curso\\\/medidas-para-la-igualdad-real-y-efectiva-y-no-discriminacion-de-las-personas-trans-y-lgtbi-2\\\/#primaryimage\",\"url\":\"https:\\\/\\\/forotf.com\\\/wp-content\\\/uploads\\\/2026\\\/03\\\/LGTBI-1024x576-1.jpg\",\"contentUrl\":\"https:\\\/\\\/forotf.com\\\/wp-content\\\/uploads\\\/2026\\\/03\\\/LGTBI-1024x576-1.jpg\",\"width\":1024,\"height\":576,\"caption\":\"Man withdrawing a wooden card painted as the gay pride flag from his suit pocket, close up of his hand.\"},{\"@type\":\"BreadcrumbList\",\"@id\":\"https:\\\/\\\/forotf.com\\\/curso\\\/medidas-para-la-igualdad-real-y-efectiva-y-no-discriminacion-de-las-personas-trans-y-lgtbi-2\\\/#breadcrumb\",\"itemListElement\":[{\"@type\":\"ListItem\",\"position\":1,\"name\":\"Inicio\",\"item\":\"https:\\\/\\\/forotf.com\\\/\"},{\"@type\":\"ListItem\",\"position\":2,\"name\":\"Cursos\",\"item\":\"https:\\\/\\\/forotf.com\\\/cursos\\\/\"},{\"@type\":\"ListItem\",\"position\":3,\"name\":\"Uncategorized\",\"item\":\"http:\\\/\\\/forotf.com\\\/pt\\\/product-category\\\/uncategorized\\\/\"},{\"@type\":\"ListItem\",\"position\":4,\"name\":\"Medidas para la igualdad real y efectiva y no discriminaci\u00f3n de las personas Trans y LGTBI\"}]},{\"@type\":\"WebSite\",\"@id\":\"http:\\\/\\\/forotf.com\\\/pt\\\/#website\",\"url\":\"http:\\\/\\\/forotf.com\\\/pt\\\/\",\"name\":\"Foro T\u00e9cnico de Formaci\u00f3n\",\"description\":\"Formaci\u00f3n para Empresas\",\"publisher\":{\"@id\":\"http:\\\/\\\/forotf.com\\\/pt\\\/#organization\"},\"alternateName\":\"FTF\",\"potentialAction\":[{\"@type\":\"SearchAction\",\"target\":{\"@type\":\"EntryPoint\",\"urlTemplate\":\"http:\\\/\\\/forotf.com\\\/pt\\\/?s={search_term_string}\"},\"query-input\":{\"@type\":\"PropertyValueSpecification\",\"valueRequired\":true,\"valueName\":\"search_term_string\"}}],\"inLanguage\":\"pt-BR\"},{\"@type\":\"Organization\",\"@id\":\"http:\\\/\\\/forotf.com\\\/pt\\\/#organization\",\"name\":\"Foro T\u00e9cnico de Formaci\u00f3n\",\"alternateName\":\"FTF\",\"url\":\"http:\\\/\\\/forotf.com\\\/pt\\\/\",\"logo\":{\"@type\":\"ImageObject\",\"inLanguage\":\"pt-BR\",\"@id\":\"http:\\\/\\\/forotf.com\\\/pt\\\/#\\\/schema\\\/logo\\\/image\\\/\",\"url\":\"https:\\\/\\\/forotf.com\\\/wp-content\\\/uploads\\\/2024\\\/02\\\/Oficial-Logo-FTF-Color.svg\",\"contentUrl\":\"https:\\\/\\\/forotf.com\\\/wp-content\\\/uploads\\\/2024\\\/02\\\/Oficial-Logo-FTF-Color.svg\",\"width\":794,\"height\":212,\"caption\":\"Foro T\u00e9cnico de Formaci\u00f3n\"},\"image\":{\"@id\":\"http:\\\/\\\/forotf.com\\\/pt\\\/#\\\/schema\\\/logo\\\/image\\\/\"},\"sameAs\":[\"https:\\\/\\\/es-es.facebook.com\\\/forotf\\\/\",\"https:\\\/\\\/www.instagram.com\\\/ftformacion\\\/?igshid=MWZjMTM2ODFkZg==\",\"https:\\\/\\\/www.linkedin.com\\\/company\\\/foro-tecnico-de-formacion\\\/?originalSubdomain=es\",\"https:\\\/\\\/www.youtube.com\\\/channel\\\/UCTzzsDUdLaZtfAGiP_ipLIg\"]}]}<\/script>\n<!-- \/ Yoast SEO plugin. -->","yoast_head_json":{"title":"Curso de Medidas para la igualdad real y efectiva y no discriminaci\u00f3n de las personas Trans y LGTBI | Foro T\u00e9cnico de Formaci\u00f3n","description":"Potencia tu conocimiento con nuestro curso Medidas para la igualdad real y efectiva y no discriminaci\u00f3n de las personas Trans y LGTBI. Descubre, aprende y crece con Foro T\u00e9cnico de Formaci\u00f3n.","robots":{"index":"index","follow":"follow","max-snippet":"max-snippet:-1","max-image-preview":"max-image-preview:large","max-video-preview":"max-video-preview:-1"},"canonical":"https:\/\/forotf.com\/pt\/curso\/medidas-para-la-igualdad-real-y-efectiva-y-no-discriminacion-de-las-personas-trans-y-lgtbi-2\/","og_locale":"pt_BR","og_type":"article","og_title":"Curso de Medidas para la igualdad real y efectiva y no discriminaci\u00f3n de las personas Trans y LGTBI | Foro T\u00e9cnico de Formaci\u00f3n","og_description":"Potencia tu conocimiento con nuestro curso Medidas para la igualdad real y efectiva y no discriminaci\u00f3n de las personas Trans y LGTBI. Descubre, aprende y crece con Foro T\u00e9cnico de Formaci\u00f3n.","og_url":"https:\/\/forotf.com\/pt\/curso\/medidas-para-la-igualdad-real-y-efectiva-y-no-discriminacion-de-las-personas-trans-y-lgtbi-2\/","og_site_name":"Foro T\u00e9cnico de Formaci\u00f3n","article_publisher":"https:\/\/es-es.facebook.com\/forotf\/","og_image":[{"width":1024,"height":576,"url":"https:\/\/forotf.com\/wp-content\/uploads\/2026\/03\/LGTBI-1024x576-1.jpg","type":"image\/jpeg"}],"twitter_card":"summary_large_image","schema":{"@context":"https:\/\/schema.org","@graph":[{"@type":"WebPage","@id":"https:\/\/forotf.com\/curso\/medidas-para-la-igualdad-real-y-efectiva-y-no-discriminacion-de-las-personas-trans-y-lgtbi-2\/","url":"https:\/\/forotf.com\/curso\/medidas-para-la-igualdad-real-y-efectiva-y-no-discriminacion-de-las-personas-trans-y-lgtbi-2\/","name":"Curso de Medidas para la igualdad real y efectiva y no discriminaci\u00f3n de las personas Trans y LGTBI | Foro T\u00e9cnico de Formaci\u00f3n","isPartOf":{"@id":"http:\/\/forotf.com\/pt\/#website"},"primaryImageOfPage":{"@id":"https:\/\/forotf.com\/curso\/medidas-para-la-igualdad-real-y-efectiva-y-no-discriminacion-de-las-personas-trans-y-lgtbi-2\/#primaryimage"},"image":{"@id":"https:\/\/forotf.com\/curso\/medidas-para-la-igualdad-real-y-efectiva-y-no-discriminacion-de-las-personas-trans-y-lgtbi-2\/#primaryimage"},"thumbnailUrl":"https:\/\/forotf.com\/wp-content\/uploads\/2026\/03\/LGTBI-1024x576-1.jpg","datePublished":"2026-03-03T16:45:10+00:00","description":"Potencia tu conocimiento con nuestro curso Medidas para la igualdad real y efectiva y no discriminaci\u00f3n de las personas Trans y LGTBI. Descubre, aprende y crece con Foro T\u00e9cnico de Formaci\u00f3n.","breadcrumb":{"@id":"https:\/\/forotf.com\/curso\/medidas-para-la-igualdad-real-y-efectiva-y-no-discriminacion-de-las-personas-trans-y-lgtbi-2\/#breadcrumb"},"inLanguage":"pt-BR","potentialAction":[{"@type":"ReadAction","target":["https:\/\/forotf.com\/curso\/medidas-para-la-igualdad-real-y-efectiva-y-no-discriminacion-de-las-personas-trans-y-lgtbi-2\/"]}]},{"@type":"ImageObject","inLanguage":"pt-BR","@id":"https:\/\/forotf.com\/curso\/medidas-para-la-igualdad-real-y-efectiva-y-no-discriminacion-de-las-personas-trans-y-lgtbi-2\/#primaryimage","url":"https:\/\/forotf.com\/wp-content\/uploads\/2026\/03\/LGTBI-1024x576-1.jpg","contentUrl":"https:\/\/forotf.com\/wp-content\/uploads\/2026\/03\/LGTBI-1024x576-1.jpg","width":1024,"height":576,"caption":"Man withdrawing a wooden card painted as the gay pride flag from his suit pocket, close up of his hand."},{"@type":"BreadcrumbList","@id":"https:\/\/forotf.com\/curso\/medidas-para-la-igualdad-real-y-efectiva-y-no-discriminacion-de-las-personas-trans-y-lgtbi-2\/#breadcrumb","itemListElement":[{"@type":"ListItem","position":1,"name":"Inicio","item":"https:\/\/forotf.com\/"},{"@type":"ListItem","position":2,"name":"Cursos","item":"https:\/\/forotf.com\/cursos\/"},{"@type":"ListItem","position":3,"name":"Uncategorized","item":"http:\/\/forotf.com\/pt\/product-category\/uncategorized\/"},{"@type":"ListItem","position":4,"name":"Medidas para la igualdad real y efectiva y no discriminaci\u00f3n de las personas Trans y LGTBI"}]},{"@type":"WebSite","@id":"http:\/\/forotf.com\/pt\/#website","url":"http:\/\/forotf.com\/pt\/","name":"F\u00f3rum de Treinamento T\u00e9cnico","description":"Treinamento para Empresas","publisher":{"@id":"http:\/\/forotf.com\/pt\/#organization"},"alternateName":"FTF","potentialAction":[{"@type":"SearchAction","target":{"@type":"EntryPoint","urlTemplate":"http:\/\/forotf.com\/pt\/?s={search_term_string}"},"query-input":{"@type":"PropertyValueSpecification","valueRequired":true,"valueName":"search_term_string"}}],"inLanguage":"pt-BR"},{"@type":"Organization","@id":"http:\/\/forotf.com\/pt\/#organization","name":"F\u00f3rum de Treinamento T\u00e9cnico","alternateName":"FTF","url":"http:\/\/forotf.com\/pt\/","logo":{"@type":"ImageObject","inLanguage":"pt-BR","@id":"http:\/\/forotf.com\/pt\/#\/schema\/logo\/image\/","url":"https:\/\/forotf.com\/wp-content\/uploads\/2024\/02\/Oficial-Logo-FTF-Color.svg","contentUrl":"https:\/\/forotf.com\/wp-content\/uploads\/2024\/02\/Oficial-Logo-FTF-Color.svg","width":794,"height":212,"caption":"Foro T\u00e9cnico de Formaci\u00f3n"},"image":{"@id":"http:\/\/forotf.com\/pt\/#\/schema\/logo\/image\/"},"sameAs":["https:\/\/es-es.facebook.com\/forotf\/","https:\/\/www.instagram.com\/ftformacion\/?igshid=MWZjMTM2ODFkZg==","https:\/\/www.linkedin.com\/company\/foro-tecnico-de-formacion\/?originalSubdomain=es","https:\/\/www.youtube.com\/channel\/UCTzzsDUdLaZtfAGiP_ipLIg"]}]}},"publishpress_future_workflow_manual_trigger":{"enabledWorkflows":[]},"_links":{"self":[{"href":"http:\/\/forotf.com\/pt\/wp-json\/wp\/v2\/product\/7632","targetHints":{"allow":["GET"]}}],"collection":[{"href":"http:\/\/forotf.com\/pt\/wp-json\/wp\/v2\/product"}],"about":[{"href":"http:\/\/forotf.com\/pt\/wp-json\/wp\/v2\/types\/product"}],"replies":[{"embeddable":true,"href":"http:\/\/forotf.com\/pt\/wp-json\/wp\/v2\/comments?post=7632"}],"wp:featuredmedia":[{"embeddable":true,"href":"http:\/\/forotf.com\/pt\/wp-json\/wp\/v2\/media\/7633"}],"wp:attachment":[{"href":"http:\/\/forotf.com\/pt\/wp-json\/wp\/v2\/media?parent=7632"}],"wp:term":[{"taxonomy":"product_brand","embeddable":true,"href":"http:\/\/forotf.com\/pt\/wp-json\/wp\/v2\/product_brand?post=7632"},{"taxonomy":"product_cat","embeddable":true,"href":"http:\/\/forotf.com\/pt\/wp-json\/wp\/v2\/product_cat?post=7632"},{"taxonomy":"product_tag","embeddable":true,"href":"http:\/\/forotf.com\/pt\/wp-json\/wp\/v2\/product_tag?post=7632"}],"curies":[{"name":"wp","href":"https:\/\/api.w.org\/{rel}","templated":true}]}}