{"id":7510,"date":"2026-01-12T12:00:06","date_gmt":"2026-01-12T12:00:06","guid":{"rendered":"https:\/\/forotf.com\/?post_type=product&#038;p=7510"},"modified":"2026-01-14T15:56:22","modified_gmt":"2026-01-14T15:56:22","slug":"estrategias-practicas-para-un-abordaje-eficiente-de-la-disfagia-orofaringea-6-horas","status":"publish","type":"product","link":"http:\/\/forotf.com\/pt\/curso\/estrategias-practicas-para-un-abordaje-eficiente-de-la-disfagia-orofaringea-6-horas\/","title":{"rendered":"ESTRATEGIAS PR\u00c1CTICAS PARA UN ABORDAJE EFICIENTE DE LA DISFAGIA OROFAR\u00cdNGEA"},"content":{"rendered":"<p>La disfagia orofar\u00edngea es una de las situaciones de mayor riesgo en la atenci\u00f3n diaria a personas en situaci\u00f3n de dependencia. Una detecci\u00f3n tard\u00eda o una intervenci\u00f3n inadecuada puede derivar en atragantamientos, desnutrici\u00f3n, deshidrataci\u00f3n o infecciones respiratorias. Este curso est\u00e1 dise\u00f1ado para dotarte de <strong>herramientas pr\u00e1cticas y aplicables desde el primer d\u00eda<\/strong>, reforzando tu seguridad y eficacia en el apoyo directo.<\/p>\n<p>&nbsp;<\/p>\n<p>A lo largo de 6 horas eminentemente pr\u00e1cticas aprender\u00e1s a:<\/p>\n<ul>\n<li>Reconocer <strong>signos de alarma<\/strong> y actuar a tiempo durante la alimentaci\u00f3n e hidrataci\u00f3n.<\/li>\n<li>Identificar <strong>cu\u00e1ndo no es seguro<\/strong> administrar l\u00edquidos o alimentos.<\/li>\n<li>Adaptar correctamente <strong>texturas y vol\u00famenes<\/strong>, garantizando una nutrici\u00f3n e hidrataci\u00f3n seguras.<\/li>\n<li>Aplicar <strong>estrategias posturales compensatorias<\/strong> y medidas de apoyo en situaciones complejas.<\/li>\n<li>Prevenir complicaciones y <strong>mejorar la calidad de vida<\/strong> de las personas en situaci\u00f3n de fragilidad y dependencia.<\/li>\n<\/ul>\n<p>&nbsp;<\/p>\n<p>El curso se imparte en <strong>modalidad de videoconferencia<\/strong>, facilitando el aprendizaje interactivo sin desplazamientos y compatible con tu jornada laboral.<\/p>\n<p><strong>D\u00edas 25 de Febrero y 4 y 11 de Marzo\u00a0<\/strong><br \/>\n<strong>Horario: 15:00 a 17:00 horas<\/strong><\/p>","protected":false},"excerpt":{"rendered":"<p>Una formaci\u00f3n esencial para profesionales que quieren cuidar mejor, reducir riesgos y ofrecer una atenci\u00f3n m\u00e1s segura, humana y de calidad.<\/p>\n<p>&nbsp;<\/p>\n<p><strong>Inscr\u00edbete ahora y refuerza tus competencias clave en la atenci\u00f3n a personas con disfagia.<\/strong><\/p>","protected":false},"featured_media":7511,"comment_status":"closed","ping_status":"closed","template":"","meta":{"codigo-servicio":"2303-A","costo-gestion":"9.44"},"product_brand":[],"product_cat":[15],"product_tag":[],"class_list":{"0":"post-7510","1":"product","2":"type-product","3":"status-publish","4":"has-post-thumbnail","6":"product_cat-uncategorized","8":"first","9":"instock","10":"shipping-taxable","11":"purchasable","12":"product-type-simple"},"pp_statuses_selecting_workflow":false,"pp_workflow_action":"current","pp_status_selection":"publish","yoast_head":"<!-- This site is optimized with the Yoast SEO plugin v27.4 - https:\/\/yoast.com\/product\/yoast-seo-wordpress\/ -->\n<title>Curso de ESTRATEGIAS PR\u00c1CTICAS PARA UN ABORDAJE EFICIENTE DE LA DISFAGIA OROFAR\u00cdNGEA | Foro T\u00e9cnico de Formaci\u00f3n<\/title>\n<meta name=\"description\" content=\"Potencia tu conocimiento con nuestro curso ESTRATEGIAS PR\u00c1CTICAS PARA UN ABORDAJE EFICIENTE DE LA DISFAGIA OROFAR\u00cdNGEA. Descubre, aprende y crece con Foro T\u00e9cnico de Formaci\u00f3n.\" \/>\n<meta name=\"robots\" content=\"index, follow, max-snippet:-1, max-image-preview:large, max-video-preview:-1\" \/>\n<link rel=\"canonical\" href=\"https:\/\/forotf.com\/pt\/curso\/estrategias-practicas-para-un-abordaje-eficiente-de-la-disfagia-orofaringea-6-horas\/\" \/>\n<meta property=\"og:locale\" content=\"pt_BR\" \/>\n<meta property=\"og:type\" content=\"article\" \/>\n<meta property=\"og:title\" content=\"Curso de ESTRATEGIAS PR\u00c1CTICAS PARA UN ABORDAJE EFICIENTE DE LA DISFAGIA OROFAR\u00cdNGEA | Foro T\u00e9cnico de Formaci\u00f3n\" \/>\n<meta property=\"og:description\" content=\"Potencia tu conocimiento con nuestro curso ESTRATEGIAS PR\u00c1CTICAS PARA UN ABORDAJE EFICIENTE DE LA DISFAGIA OROFAR\u00cdNGEA. Descubre, aprende y crece con Foro T\u00e9cnico de Formaci\u00f3n.\" \/>\n<meta property=\"og:url\" content=\"https:\/\/forotf.com\/pt\/curso\/estrategias-practicas-para-un-abordaje-eficiente-de-la-disfagia-orofaringea-6-horas\/\" \/>\n<meta property=\"og:site_name\" content=\"Foro T\u00e9cnico de Formaci\u00f3n\" \/>\n<meta property=\"article:publisher\" content=\"https:\/\/es-es.facebook.com\/forotf\/\" \/>\n<meta property=\"article:modified_time\" content=\"2026-01-14T15:56:22+00:00\" \/>\n<meta property=\"og:image\" content=\"https:\/\/forotf.com\/wp-content\/uploads\/2026\/01\/alimentacion-disfagia-dificultad-tragar.jpg\" \/>\n\t<meta property=\"og:image:width\" content=\"2560\" \/>\n\t<meta property=\"og:image:height\" content=\"1707\" \/>\n\t<meta property=\"og:image:type\" content=\"image\/jpeg\" \/>\n<meta name=\"twitter:card\" content=\"summary_large_image\" \/>\n<script type=\"application\/ld+json\" class=\"yoast-schema-graph\">{\"@context\":\"https:\\\/\\\/schema.org\",\"@graph\":[{\"@type\":\"WebPage\",\"@id\":\"https:\\\/\\\/forotf.com\\\/curso\\\/estrategias-practicas-para-un-abordaje-eficiente-de-la-disfagia-orofaringea-6-horas\\\/\",\"url\":\"https:\\\/\\\/forotf.com\\\/curso\\\/estrategias-practicas-para-un-abordaje-eficiente-de-la-disfagia-orofaringea-6-horas\\\/\",\"name\":\"Curso de ESTRATEGIAS PR\u00c1CTICAS PARA UN ABORDAJE EFICIENTE DE LA DISFAGIA OROFAR\u00cdNGEA | Foro T\u00e9cnico de Formaci\u00f3n\",\"isPartOf\":{\"@id\":\"http:\\\/\\\/forotf.com\\\/pt\\\/#website\"},\"primaryImageOfPage\":{\"@id\":\"https:\\\/\\\/forotf.com\\\/curso\\\/estrategias-practicas-para-un-abordaje-eficiente-de-la-disfagia-orofaringea-6-horas\\\/#primaryimage\"},\"image\":{\"@id\":\"https:\\\/\\\/forotf.com\\\/curso\\\/estrategias-practicas-para-un-abordaje-eficiente-de-la-disfagia-orofaringea-6-horas\\\/#primaryimage\"},\"thumbnailUrl\":\"https:\\\/\\\/forotf.com\\\/wp-content\\\/uploads\\\/2026\\\/01\\\/alimentacion-disfagia-dificultad-tragar.jpg\",\"datePublished\":\"2026-01-12T12:00:06+00:00\",\"dateModified\":\"2026-01-14T15:56:22+00:00\",\"description\":\"Potencia tu conocimiento con nuestro curso ESTRATEGIAS PR\u00c1CTICAS PARA UN ABORDAJE EFICIENTE DE LA DISFAGIA OROFAR\u00cdNGEA. Descubre, aprende y crece con Foro T\u00e9cnico de Formaci\u00f3n.\",\"breadcrumb\":{\"@id\":\"https:\\\/\\\/forotf.com\\\/curso\\\/estrategias-practicas-para-un-abordaje-eficiente-de-la-disfagia-orofaringea-6-horas\\\/#breadcrumb\"},\"inLanguage\":\"pt-BR\",\"potentialAction\":[{\"@type\":\"ReadAction\",\"target\":[\"https:\\\/\\\/forotf.com\\\/curso\\\/estrategias-practicas-para-un-abordaje-eficiente-de-la-disfagia-orofaringea-6-horas\\\/\"]}]},{\"@type\":\"ImageObject\",\"inLanguage\":\"pt-BR\",\"@id\":\"https:\\\/\\\/forotf.com\\\/curso\\\/estrategias-practicas-para-un-abordaje-eficiente-de-la-disfagia-orofaringea-6-horas\\\/#primaryimage\",\"url\":\"https:\\\/\\\/forotf.com\\\/wp-content\\\/uploads\\\/2026\\\/01\\\/alimentacion-disfagia-dificultad-tragar.jpg\",\"contentUrl\":\"https:\\\/\\\/forotf.com\\\/wp-content\\\/uploads\\\/2026\\\/01\\\/alimentacion-disfagia-dificultad-tragar.jpg\",\"width\":2560,\"height\":1707},{\"@type\":\"BreadcrumbList\",\"@id\":\"https:\\\/\\\/forotf.com\\\/curso\\\/estrategias-practicas-para-un-abordaje-eficiente-de-la-disfagia-orofaringea-6-horas\\\/#breadcrumb\",\"itemListElement\":[{\"@type\":\"ListItem\",\"position\":1,\"name\":\"Inicio\",\"item\":\"https:\\\/\\\/forotf.com\\\/\"},{\"@type\":\"ListItem\",\"position\":2,\"name\":\"Cursos\",\"item\":\"https:\\\/\\\/forotf.com\\\/cursos\\\/\"},{\"@type\":\"ListItem\",\"position\":3,\"name\":\"Uncategorized\",\"item\":\"http:\\\/\\\/forotf.com\\\/pt\\\/product-category\\\/uncategorized\\\/\"},{\"@type\":\"ListItem\",\"position\":4,\"name\":\"ESTRATEGIAS PR\u00c1CTICAS PARA UN ABORDAJE EFICIENTE DE LA DISFAGIA OROFAR\u00cdNGEA\"}]},{\"@type\":\"WebSite\",\"@id\":\"http:\\\/\\\/forotf.com\\\/pt\\\/#website\",\"url\":\"http:\\\/\\\/forotf.com\\\/pt\\\/\",\"name\":\"Foro T\u00e9cnico de Formaci\u00f3n\",\"description\":\"Formaci\u00f3n para Empresas\",\"publisher\":{\"@id\":\"http:\\\/\\\/forotf.com\\\/pt\\\/#organization\"},\"alternateName\":\"FTF\",\"potentialAction\":[{\"@type\":\"SearchAction\",\"target\":{\"@type\":\"EntryPoint\",\"urlTemplate\":\"http:\\\/\\\/forotf.com\\\/pt\\\/?s={search_term_string}\"},\"query-input\":{\"@type\":\"PropertyValueSpecification\",\"valueRequired\":true,\"valueName\":\"search_term_string\"}}],\"inLanguage\":\"pt-BR\"},{\"@type\":\"Organization\",\"@id\":\"http:\\\/\\\/forotf.com\\\/pt\\\/#organization\",\"name\":\"Foro T\u00e9cnico de Formaci\u00f3n\",\"alternateName\":\"FTF\",\"url\":\"http:\\\/\\\/forotf.com\\\/pt\\\/\",\"logo\":{\"@type\":\"ImageObject\",\"inLanguage\":\"pt-BR\",\"@id\":\"http:\\\/\\\/forotf.com\\\/pt\\\/#\\\/schema\\\/logo\\\/image\\\/\",\"url\":\"https:\\\/\\\/forotf.com\\\/wp-content\\\/uploads\\\/2024\\\/02\\\/Oficial-Logo-FTF-Color.svg\",\"contentUrl\":\"https:\\\/\\\/forotf.com\\\/wp-content\\\/uploads\\\/2024\\\/02\\\/Oficial-Logo-FTF-Color.svg\",\"width\":794,\"height\":212,\"caption\":\"Foro T\u00e9cnico de Formaci\u00f3n\"},\"image\":{\"@id\":\"http:\\\/\\\/forotf.com\\\/pt\\\/#\\\/schema\\\/logo\\\/image\\\/\"},\"sameAs\":[\"https:\\\/\\\/es-es.facebook.com\\\/forotf\\\/\",\"https:\\\/\\\/www.instagram.com\\\/ftformacion\\\/?igshid=MWZjMTM2ODFkZg==\",\"https:\\\/\\\/www.linkedin.com\\\/company\\\/foro-tecnico-de-formacion\\\/?originalSubdomain=es\",\"https:\\\/\\\/www.youtube.com\\\/channel\\\/UCTzzsDUdLaZtfAGiP_ipLIg\"]}]}<\/script>\n<!-- \/ Yoast SEO plugin. -->","yoast_head_json":{"title":"Curso de ESTRATEGIAS PR\u00c1CTICAS PARA UN ABORDAJE EFICIENTE DE LA DISFAGIA OROFAR\u00cdNGEA | Foro T\u00e9cnico de Formaci\u00f3n","description":"Potencia tu conocimiento con nuestro curso ESTRATEGIAS PR\u00c1CTICAS PARA UN ABORDAJE EFICIENTE DE LA DISFAGIA OROFAR\u00cdNGEA. Descubre, aprende y crece con Foro T\u00e9cnico de Formaci\u00f3n.","robots":{"index":"index","follow":"follow","max-snippet":"max-snippet:-1","max-image-preview":"max-image-preview:large","max-video-preview":"max-video-preview:-1"},"canonical":"https:\/\/forotf.com\/pt\/curso\/estrategias-practicas-para-un-abordaje-eficiente-de-la-disfagia-orofaringea-6-horas\/","og_locale":"pt_BR","og_type":"article","og_title":"Curso de ESTRATEGIAS PR\u00c1CTICAS PARA UN ABORDAJE EFICIENTE DE LA DISFAGIA OROFAR\u00cdNGEA | Foro T\u00e9cnico de Formaci\u00f3n","og_description":"Potencia tu conocimiento con nuestro curso ESTRATEGIAS PR\u00c1CTICAS PARA UN ABORDAJE EFICIENTE DE LA DISFAGIA OROFAR\u00cdNGEA. Descubre, aprende y crece con Foro T\u00e9cnico de Formaci\u00f3n.","og_url":"https:\/\/forotf.com\/pt\/curso\/estrategias-practicas-para-un-abordaje-eficiente-de-la-disfagia-orofaringea-6-horas\/","og_site_name":"Foro T\u00e9cnico de Formaci\u00f3n","article_publisher":"https:\/\/es-es.facebook.com\/forotf\/","article_modified_time":"2026-01-14T15:56:22+00:00","og_image":[{"width":2560,"height":1707,"url":"https:\/\/forotf.com\/wp-content\/uploads\/2026\/01\/alimentacion-disfagia-dificultad-tragar.jpg","type":"image\/jpeg"}],"twitter_card":"summary_large_image","schema":{"@context":"https:\/\/schema.org","@graph":[{"@type":"WebPage","@id":"https:\/\/forotf.com\/curso\/estrategias-practicas-para-un-abordaje-eficiente-de-la-disfagia-orofaringea-6-horas\/","url":"https:\/\/forotf.com\/curso\/estrategias-practicas-para-un-abordaje-eficiente-de-la-disfagia-orofaringea-6-horas\/","name":"Curso de ESTRATEGIAS PR\u00c1CTICAS PARA UN ABORDAJE EFICIENTE DE LA DISFAGIA OROFAR\u00cdNGEA | Foro T\u00e9cnico de Formaci\u00f3n","isPartOf":{"@id":"http:\/\/forotf.com\/pt\/#website"},"primaryImageOfPage":{"@id":"https:\/\/forotf.com\/curso\/estrategias-practicas-para-un-abordaje-eficiente-de-la-disfagia-orofaringea-6-horas\/#primaryimage"},"image":{"@id":"https:\/\/forotf.com\/curso\/estrategias-practicas-para-un-abordaje-eficiente-de-la-disfagia-orofaringea-6-horas\/#primaryimage"},"thumbnailUrl":"https:\/\/forotf.com\/wp-content\/uploads\/2026\/01\/alimentacion-disfagia-dificultad-tragar.jpg","datePublished":"2026-01-12T12:00:06+00:00","dateModified":"2026-01-14T15:56:22+00:00","description":"Potencia tu conocimiento con nuestro curso ESTRATEGIAS PR\u00c1CTICAS PARA UN ABORDAJE EFICIENTE DE LA DISFAGIA OROFAR\u00cdNGEA. Descubre, aprende y crece con Foro T\u00e9cnico de Formaci\u00f3n.","breadcrumb":{"@id":"https:\/\/forotf.com\/curso\/estrategias-practicas-para-un-abordaje-eficiente-de-la-disfagia-orofaringea-6-horas\/#breadcrumb"},"inLanguage":"pt-BR","potentialAction":[{"@type":"ReadAction","target":["https:\/\/forotf.com\/curso\/estrategias-practicas-para-un-abordaje-eficiente-de-la-disfagia-orofaringea-6-horas\/"]}]},{"@type":"ImageObject","inLanguage":"pt-BR","@id":"https:\/\/forotf.com\/curso\/estrategias-practicas-para-un-abordaje-eficiente-de-la-disfagia-orofaringea-6-horas\/#primaryimage","url":"https:\/\/forotf.com\/wp-content\/uploads\/2026\/01\/alimentacion-disfagia-dificultad-tragar.jpg","contentUrl":"https:\/\/forotf.com\/wp-content\/uploads\/2026\/01\/alimentacion-disfagia-dificultad-tragar.jpg","width":2560,"height":1707},{"@type":"BreadcrumbList","@id":"https:\/\/forotf.com\/curso\/estrategias-practicas-para-un-abordaje-eficiente-de-la-disfagia-orofaringea-6-horas\/#breadcrumb","itemListElement":[{"@type":"ListItem","position":1,"name":"Inicio","item":"https:\/\/forotf.com\/"},{"@type":"ListItem","position":2,"name":"Cursos","item":"https:\/\/forotf.com\/cursos\/"},{"@type":"ListItem","position":3,"name":"Uncategorized","item":"http:\/\/forotf.com\/pt\/product-category\/uncategorized\/"},{"@type":"ListItem","position":4,"name":"ESTRATEGIAS PR\u00c1CTICAS PARA UN ABORDAJE EFICIENTE DE LA DISFAGIA OROFAR\u00cdNGEA"}]},{"@type":"WebSite","@id":"http:\/\/forotf.com\/pt\/#website","url":"http:\/\/forotf.com\/pt\/","name":"F\u00f3rum de Treinamento T\u00e9cnico","description":"Treinamento para Empresas","publisher":{"@id":"http:\/\/forotf.com\/pt\/#organization"},"alternateName":"FTF","potentialAction":[{"@type":"SearchAction","target":{"@type":"EntryPoint","urlTemplate":"http:\/\/forotf.com\/pt\/?s={search_term_string}"},"query-input":{"@type":"PropertyValueSpecification","valueRequired":true,"valueName":"search_term_string"}}],"inLanguage":"pt-BR"},{"@type":"Organization","@id":"http:\/\/forotf.com\/pt\/#organization","name":"F\u00f3rum de Treinamento T\u00e9cnico","alternateName":"FTF","url":"http:\/\/forotf.com\/pt\/","logo":{"@type":"ImageObject","inLanguage":"pt-BR","@id":"http:\/\/forotf.com\/pt\/#\/schema\/logo\/image\/","url":"https:\/\/forotf.com\/wp-content\/uploads\/2024\/02\/Oficial-Logo-FTF-Color.svg","contentUrl":"https:\/\/forotf.com\/wp-content\/uploads\/2024\/02\/Oficial-Logo-FTF-Color.svg","width":794,"height":212,"caption":"Foro T\u00e9cnico de Formaci\u00f3n"},"image":{"@id":"http:\/\/forotf.com\/pt\/#\/schema\/logo\/image\/"},"sameAs":["https:\/\/es-es.facebook.com\/forotf\/","https:\/\/www.instagram.com\/ftformacion\/?igshid=MWZjMTM2ODFkZg==","https:\/\/www.linkedin.com\/company\/foro-tecnico-de-formacion\/?originalSubdomain=es","https:\/\/www.youtube.com\/channel\/UCTzzsDUdLaZtfAGiP_ipLIg"]}]}},"publishpress_future_workflow_manual_trigger":{"enabledWorkflows":[]},"_links":{"self":[{"href":"http:\/\/forotf.com\/pt\/wp-json\/wp\/v2\/product\/7510","targetHints":{"allow":["GET"]}}],"collection":[{"href":"http:\/\/forotf.com\/pt\/wp-json\/wp\/v2\/product"}],"about":[{"href":"http:\/\/forotf.com\/pt\/wp-json\/wp\/v2\/types\/product"}],"replies":[{"embeddable":true,"href":"http:\/\/forotf.com\/pt\/wp-json\/wp\/v2\/comments?post=7510"}],"wp:featuredmedia":[{"embeddable":true,"href":"http:\/\/forotf.com\/pt\/wp-json\/wp\/v2\/media\/7511"}],"wp:attachment":[{"href":"http:\/\/forotf.com\/pt\/wp-json\/wp\/v2\/media?parent=7510"}],"wp:term":[{"taxonomy":"product_brand","embeddable":true,"href":"http:\/\/forotf.com\/pt\/wp-json\/wp\/v2\/product_brand?post=7510"},{"taxonomy":"product_cat","embeddable":true,"href":"http:\/\/forotf.com\/pt\/wp-json\/wp\/v2\/product_cat?post=7510"},{"taxonomy":"product_tag","embeddable":true,"href":"http:\/\/forotf.com\/pt\/wp-json\/wp\/v2\/product_tag?post=7510"}],"curies":[{"name":"wp","href":"https:\/\/api.w.org\/{rel}","templated":true}]}}