{"id":3417,"date":"2024-03-15T08:46:48","date_gmt":"2024-03-15T08:46:48","guid":{"rendered":"https:\/\/forotf.com\/?post_type=product&#038;p=3417"},"modified":"2024-07-26T09:07:39","modified_gmt":"2024-07-26T09:07:39","slug":"medidas-alternativas-a-las-sujeciones-introduccion-a-la-relacion-de-ayuda-con-la-persona-mayor","status":"publish","type":"product","link":"http:\/\/forotf.com\/pt\/curso\/medidas-alternativas-a-las-sujeciones-introduccion-a-la-relacion-de-ayuda-con-la-persona-mayor\/","title":{"rendered":"Medidas alternativas \u00e0 conten\u00e7\u00e3o: Introdu\u00e7\u00e3o \u00e0 rela\u00e7\u00e3o de ajuda com a pessoa idosa"},"content":{"rendered":"<p>Neste curso, voc\u00ea aprender\u00e1 a buscar significado em meio ao envelhecimento, proporcionando uma base s\u00f3lida para a compreens\u00e3o das experi\u00eancias \u00fanicas dos idosos.<\/p>\n<p>Voc\u00ea mergulhar\u00e1 na compreens\u00e3o emp\u00e1tica dos idosos, explorando a ess\u00eancia da rela\u00e7\u00e3o de ajuda. Voc\u00ea descobrir\u00e1 a import\u00e2ncia da aceita\u00e7\u00e3o e autenticidade incondicional, construindo habilidades essenciais para acolher e se relacionar genuinamente com quem est\u00e1 passando por processos de envelhecimento.<\/p>\n<p>Al\u00e9m disso, voc\u00ea melhorar\u00e1 a escuta ativa com os idosos, destacando o significado de uma escuta verdadeiramente atenta. Voc\u00ea aprender\u00e1 como abordar e compreender ativamente as dificuldades que podem surgir durante a intera\u00e7\u00e3o, promovendo uma comunica\u00e7\u00e3o eficaz e respeitosa.<\/p>\n<p>Voc\u00ea se aprofundar\u00e1 na empatia, explorando conceitos e efeitos, bem como poss\u00edveis dificuldades em sua aplica\u00e7\u00e3o. Voc\u00ea desenvolver\u00e1 uma compreens\u00e3o completa desse elemento crucial no relacionamento de ajuda aos idosos.<\/p>\n<p>Este curso ir\u00e1 equip\u00e1-lo com habilidades para fornecer respostas significativas no relacionamento de ajuda. Ir\u00e1 identificar tipos de respostas espont\u00e2neas, explorar o seu pr\u00f3prio estilo relacional e aprender a responder com empatia, fortalecendo assim a sua capacidade de ser um apoio valioso na vida das pessoas mais velhas.<\/p>","protected":false},"excerpt":{"rendered":"<p>Explore o emocionante curso \u201cIntrodu\u00e7\u00e3o a um relacionamento de ajuda com os idosos\u201d e descubra os segredos para estabelecer conex\u00f5es significativas e compassivas.<\/p>\n<p>Voc\u00ea abordar\u00e1 a din\u00e2mica do envelhecimento, reconhecendo-o como uma fase da vida que acarreta desafios e crises.<\/p>\n<p>Inscreva-se agora e comece sua jornada rumo a conex\u00f5es enriquecedoras com idosos!<\/p>","protected":false},"featured_media":3418,"comment_status":"closed","ping_status":"closed","template":"","meta":{"codigo-servicio":"2067-A","costo-gestion":"9.08"},"product_brand":[],"product_cat":[88],"product_tag":[89,93,90,91,92,94],"class_list":{"0":"post-3417","1":"product","2":"type-product","3":"status-publish","4":"has-post-thumbnail","6":"product_cat-programado","7":"product_tag-100-bonificable","8":"product_tag-certificado-de-finalizacion","9":"product_tag-multidispositivo","10":"product_tag-sin-horarios","11":"product_tag-test-de-evaluacion","12":"product_tag-tutor-acreditado","14":"first","15":"instock","16":"virtual","17":"purchasable","18":"product-type-simple"},"pp_statuses_selecting_workflow":false,"pp_workflow_action":"current","pp_status_selection":"publish","yoast_head":"<!-- This site is optimized with the Yoast SEO plugin v27.3 - https:\/\/yoast.com\/product\/yoast-seo-wordpress\/ -->\n<title>Curso de Medidas alternativas a las sujeciones: Introducci\u00f3n a la relaci\u00f3n de ayuda con la persona mayor | Foro T\u00e9cnico de Formaci\u00f3n<\/title>\n<meta name=\"description\" content=\"Explora el apasionante curso de &quot;Introducci\u00f3n a la Relaci\u00f3n de Ayuda con la Persona Mayor&quot; y descubre c\u00f3mo establecer conexiones significativas y compasivas\" \/>\n<meta name=\"robots\" content=\"index, follow, max-snippet:-1, max-image-preview:large, max-video-preview:-1\" \/>\n<link rel=\"canonical\" href=\"https:\/\/forotf.com\/pt\/curso\/medidas-alternativas-a-las-sujeciones-introduccion-a-la-relacion-de-ayuda-con-la-persona-mayor\/\" \/>\n<meta property=\"og:locale\" content=\"pt_BR\" \/>\n<meta property=\"og:type\" content=\"article\" \/>\n<meta property=\"og:title\" content=\"Curso de Medidas alternativas a las sujeciones: Introducci\u00f3n a la relaci\u00f3n de ayuda con la persona mayor | Foro T\u00e9cnico de Formaci\u00f3n\" \/>\n<meta property=\"og:description\" content=\"Explora el apasionante curso de &quot;Introducci\u00f3n a la Relaci\u00f3n de Ayuda con la Persona Mayor&quot; y descubre c\u00f3mo establecer conexiones significativas y compasivas\" \/>\n<meta property=\"og:url\" content=\"https:\/\/forotf.com\/pt\/curso\/medidas-alternativas-a-las-sujeciones-introduccion-a-la-relacion-de-ayuda-con-la-persona-mayor\/\" \/>\n<meta property=\"og:site_name\" content=\"Foro T\u00e9cnico de Formaci\u00f3n\" \/>\n<meta property=\"article:publisher\" content=\"https:\/\/es-es.facebook.com\/forotf\/\" \/>\n<meta property=\"article:modified_time\" content=\"2024-07-26T09:07:39+00:00\" \/>\n<meta property=\"og:image\" content=\"https:\/\/forotf.com\/wp-content\/uploads\/2024\/03\/Relacion-de-ayuda-con-la-persona-mayor.jpg\" \/>\n\t<meta property=\"og:image:width\" content=\"1000\" \/>\n\t<meta property=\"og:image:height\" content=\"667\" \/>\n\t<meta property=\"og:image:type\" content=\"image\/jpeg\" \/>\n<meta name=\"twitter:card\" content=\"summary_large_image\" \/>\n<script type=\"application\/ld+json\" class=\"yoast-schema-graph\">{\"@context\":\"https:\\\/\\\/schema.org\",\"@graph\":[{\"@type\":\"WebPage\",\"@id\":\"https:\\\/\\\/forotf.com\\\/curso\\\/medidas-alternativas-a-las-sujeciones-introduccion-a-la-relacion-de-ayuda-con-la-persona-mayor\\\/\",\"url\":\"https:\\\/\\\/forotf.com\\\/curso\\\/medidas-alternativas-a-las-sujeciones-introduccion-a-la-relacion-de-ayuda-con-la-persona-mayor\\\/\",\"name\":\"Curso de Medidas alternativas a las sujeciones: Introducci\u00f3n a la relaci\u00f3n de ayuda con la persona mayor | Foro T\u00e9cnico de Formaci\u00f3n\",\"isPartOf\":{\"@id\":\"http:\\\/\\\/forotf.com\\\/pt\\\/#website\"},\"primaryImageOfPage\":{\"@id\":\"https:\\\/\\\/forotf.com\\\/curso\\\/medidas-alternativas-a-las-sujeciones-introduccion-a-la-relacion-de-ayuda-con-la-persona-mayor\\\/#primaryimage\"},\"image\":{\"@id\":\"https:\\\/\\\/forotf.com\\\/curso\\\/medidas-alternativas-a-las-sujeciones-introduccion-a-la-relacion-de-ayuda-con-la-persona-mayor\\\/#primaryimage\"},\"thumbnailUrl\":\"https:\\\/\\\/forotf.com\\\/wp-content\\\/uploads\\\/2024\\\/03\\\/Relacion-de-ayuda-con-la-persona-mayor.jpg\",\"datePublished\":\"2024-03-15T08:46:48+00:00\",\"dateModified\":\"2024-07-26T09:07:39+00:00\",\"description\":\"Explora el apasionante curso de \\\"Introducci\u00f3n a la Relaci\u00f3n de Ayuda con la Persona Mayor\\\" y descubre c\u00f3mo establecer conexiones significativas y compasivas\",\"breadcrumb\":{\"@id\":\"https:\\\/\\\/forotf.com\\\/curso\\\/medidas-alternativas-a-las-sujeciones-introduccion-a-la-relacion-de-ayuda-con-la-persona-mayor\\\/#breadcrumb\"},\"inLanguage\":\"pt-BR\",\"potentialAction\":[{\"@type\":\"ReadAction\",\"target\":[\"https:\\\/\\\/forotf.com\\\/curso\\\/medidas-alternativas-a-las-sujeciones-introduccion-a-la-relacion-de-ayuda-con-la-persona-mayor\\\/\"]}]},{\"@type\":\"ImageObject\",\"inLanguage\":\"pt-BR\",\"@id\":\"https:\\\/\\\/forotf.com\\\/curso\\\/medidas-alternativas-a-las-sujeciones-introduccion-a-la-relacion-de-ayuda-con-la-persona-mayor\\\/#primaryimage\",\"url\":\"https:\\\/\\\/forotf.com\\\/wp-content\\\/uploads\\\/2024\\\/03\\\/Relacion-de-ayuda-con-la-persona-mayor.jpg\",\"contentUrl\":\"https:\\\/\\\/forotf.com\\\/wp-content\\\/uploads\\\/2024\\\/03\\\/Relacion-de-ayuda-con-la-persona-mayor.jpg\",\"width\":1000,\"height\":667},{\"@type\":\"BreadcrumbList\",\"@id\":\"https:\\\/\\\/forotf.com\\\/curso\\\/medidas-alternativas-a-las-sujeciones-introduccion-a-la-relacion-de-ayuda-con-la-persona-mayor\\\/#breadcrumb\",\"itemListElement\":[{\"@type\":\"ListItem\",\"position\":1,\"name\":\"Inicio\",\"item\":\"https:\\\/\\\/forotf.com\\\/\"},{\"@type\":\"ListItem\",\"position\":2,\"name\":\"Cursos\",\"item\":\"https:\\\/\\\/forotf.com\\\/cursos\\\/\"},{\"@type\":\"ListItem\",\"position\":3,\"name\":\"Programado\",\"item\":\"http:\\\/\\\/forotf.com\\\/pt\\\/product-category\\\/programado\\\/\"},{\"@type\":\"ListItem\",\"position\":4,\"name\":\"Medidas alternativas a las sujeciones: Introducci\u00f3n a la relaci\u00f3n de ayuda con la persona mayor\"}]},{\"@type\":\"WebSite\",\"@id\":\"http:\\\/\\\/forotf.com\\\/pt\\\/#website\",\"url\":\"http:\\\/\\\/forotf.com\\\/pt\\\/\",\"name\":\"Foro T\u00e9cnico de Formaci\u00f3n\",\"description\":\"Formaci\u00f3n para Empresas\",\"publisher\":{\"@id\":\"http:\\\/\\\/forotf.com\\\/pt\\\/#organization\"},\"alternateName\":\"FTF\",\"potentialAction\":[{\"@type\":\"SearchAction\",\"target\":{\"@type\":\"EntryPoint\",\"urlTemplate\":\"http:\\\/\\\/forotf.com\\\/pt\\\/?s={search_term_string}\"},\"query-input\":{\"@type\":\"PropertyValueSpecification\",\"valueRequired\":true,\"valueName\":\"search_term_string\"}}],\"inLanguage\":\"pt-BR\"},{\"@type\":\"Organization\",\"@id\":\"http:\\\/\\\/forotf.com\\\/pt\\\/#organization\",\"name\":\"Foro T\u00e9cnico de Formaci\u00f3n\",\"alternateName\":\"FTF\",\"url\":\"http:\\\/\\\/forotf.com\\\/pt\\\/\",\"logo\":{\"@type\":\"ImageObject\",\"inLanguage\":\"pt-BR\",\"@id\":\"http:\\\/\\\/forotf.com\\\/pt\\\/#\\\/schema\\\/logo\\\/image\\\/\",\"url\":\"https:\\\/\\\/forotf.com\\\/wp-content\\\/uploads\\\/2024\\\/02\\\/Oficial-Logo-FTF-Color.svg\",\"contentUrl\":\"https:\\\/\\\/forotf.com\\\/wp-content\\\/uploads\\\/2024\\\/02\\\/Oficial-Logo-FTF-Color.svg\",\"width\":794,\"height\":212,\"caption\":\"Foro T\u00e9cnico de Formaci\u00f3n\"},\"image\":{\"@id\":\"http:\\\/\\\/forotf.com\\\/pt\\\/#\\\/schema\\\/logo\\\/image\\\/\"},\"sameAs\":[\"https:\\\/\\\/es-es.facebook.com\\\/forotf\\\/\",\"https:\\\/\\\/www.instagram.com\\\/ftformacion\\\/?igshid=MWZjMTM2ODFkZg==\",\"https:\\\/\\\/www.linkedin.com\\\/company\\\/foro-tecnico-de-formacion\\\/?originalSubdomain=es\",\"https:\\\/\\\/www.youtube.com\\\/channel\\\/UCTzzsDUdLaZtfAGiP_ipLIg\"]}]}<\/script>\n<!-- \/ Yoast SEO plugin. -->","yoast_head_json":{"title":"Curso de Medidas alternativas a las sujeciones: Introducci\u00f3n a la relaci\u00f3n de ayuda con la persona mayor | Foro T\u00e9cnico de Formaci\u00f3n","description":"Explora el apasionante curso de \"Introducci\u00f3n a la Relaci\u00f3n de Ayuda con la Persona Mayor\" y descubre c\u00f3mo establecer conexiones significativas y compasivas","robots":{"index":"index","follow":"follow","max-snippet":"max-snippet:-1","max-image-preview":"max-image-preview:large","max-video-preview":"max-video-preview:-1"},"canonical":"https:\/\/forotf.com\/pt\/curso\/medidas-alternativas-a-las-sujeciones-introduccion-a-la-relacion-de-ayuda-con-la-persona-mayor\/","og_locale":"pt_BR","og_type":"article","og_title":"Curso de Medidas alternativas a las sujeciones: Introducci\u00f3n a la relaci\u00f3n de ayuda con la persona mayor | Foro T\u00e9cnico de Formaci\u00f3n","og_description":"Explora el apasionante curso de \"Introducci\u00f3n a la Relaci\u00f3n de Ayuda con la Persona Mayor\" y descubre c\u00f3mo establecer conexiones significativas y compasivas","og_url":"https:\/\/forotf.com\/pt\/curso\/medidas-alternativas-a-las-sujeciones-introduccion-a-la-relacion-de-ayuda-con-la-persona-mayor\/","og_site_name":"Foro T\u00e9cnico de Formaci\u00f3n","article_publisher":"https:\/\/es-es.facebook.com\/forotf\/","article_modified_time":"2024-07-26T09:07:39+00:00","og_image":[{"width":1000,"height":667,"url":"https:\/\/forotf.com\/wp-content\/uploads\/2024\/03\/Relacion-de-ayuda-con-la-persona-mayor.jpg","type":"image\/jpeg"}],"twitter_card":"summary_large_image","schema":{"@context":"https:\/\/schema.org","@graph":[{"@type":"WebPage","@id":"https:\/\/forotf.com\/curso\/medidas-alternativas-a-las-sujeciones-introduccion-a-la-relacion-de-ayuda-con-la-persona-mayor\/","url":"https:\/\/forotf.com\/curso\/medidas-alternativas-a-las-sujeciones-introduccion-a-la-relacion-de-ayuda-con-la-persona-mayor\/","name":"Curso de Medidas alternativas a las sujeciones: Introducci\u00f3n a la relaci\u00f3n de ayuda con la persona mayor | Foro T\u00e9cnico de Formaci\u00f3n","isPartOf":{"@id":"http:\/\/forotf.com\/pt\/#website"},"primaryImageOfPage":{"@id":"https:\/\/forotf.com\/curso\/medidas-alternativas-a-las-sujeciones-introduccion-a-la-relacion-de-ayuda-con-la-persona-mayor\/#primaryimage"},"image":{"@id":"https:\/\/forotf.com\/curso\/medidas-alternativas-a-las-sujeciones-introduccion-a-la-relacion-de-ayuda-con-la-persona-mayor\/#primaryimage"},"thumbnailUrl":"https:\/\/forotf.com\/wp-content\/uploads\/2024\/03\/Relacion-de-ayuda-con-la-persona-mayor.jpg","datePublished":"2024-03-15T08:46:48+00:00","dateModified":"2024-07-26T09:07:39+00:00","description":"Explora el apasionante curso de \"Introducci\u00f3n a la Relaci\u00f3n de Ayuda con la Persona Mayor\" y descubre c\u00f3mo establecer conexiones significativas y compasivas","breadcrumb":{"@id":"https:\/\/forotf.com\/curso\/medidas-alternativas-a-las-sujeciones-introduccion-a-la-relacion-de-ayuda-con-la-persona-mayor\/#breadcrumb"},"inLanguage":"pt-BR","potentialAction":[{"@type":"ReadAction","target":["https:\/\/forotf.com\/curso\/medidas-alternativas-a-las-sujeciones-introduccion-a-la-relacion-de-ayuda-con-la-persona-mayor\/"]}]},{"@type":"ImageObject","inLanguage":"pt-BR","@id":"https:\/\/forotf.com\/curso\/medidas-alternativas-a-las-sujeciones-introduccion-a-la-relacion-de-ayuda-con-la-persona-mayor\/#primaryimage","url":"https:\/\/forotf.com\/wp-content\/uploads\/2024\/03\/Relacion-de-ayuda-con-la-persona-mayor.jpg","contentUrl":"https:\/\/forotf.com\/wp-content\/uploads\/2024\/03\/Relacion-de-ayuda-con-la-persona-mayor.jpg","width":1000,"height":667},{"@type":"BreadcrumbList","@id":"https:\/\/forotf.com\/curso\/medidas-alternativas-a-las-sujeciones-introduccion-a-la-relacion-de-ayuda-con-la-persona-mayor\/#breadcrumb","itemListElement":[{"@type":"ListItem","position":1,"name":"Inicio","item":"https:\/\/forotf.com\/"},{"@type":"ListItem","position":2,"name":"Cursos","item":"https:\/\/forotf.com\/cursos\/"},{"@type":"ListItem","position":3,"name":"Programado","item":"http:\/\/forotf.com\/pt\/product-category\/programado\/"},{"@type":"ListItem","position":4,"name":"Medidas alternativas a las sujeciones: Introducci\u00f3n a la relaci\u00f3n de ayuda con la persona mayor"}]},{"@type":"WebSite","@id":"http:\/\/forotf.com\/pt\/#website","url":"http:\/\/forotf.com\/pt\/","name":"F\u00f3rum de Treinamento T\u00e9cnico","description":"Treinamento para Empresas","publisher":{"@id":"http:\/\/forotf.com\/pt\/#organization"},"alternateName":"FTF","potentialAction":[{"@type":"SearchAction","target":{"@type":"EntryPoint","urlTemplate":"http:\/\/forotf.com\/pt\/?s={search_term_string}"},"query-input":{"@type":"PropertyValueSpecification","valueRequired":true,"valueName":"search_term_string"}}],"inLanguage":"pt-BR"},{"@type":"Organization","@id":"http:\/\/forotf.com\/pt\/#organization","name":"F\u00f3rum de Treinamento T\u00e9cnico","alternateName":"FTF","url":"http:\/\/forotf.com\/pt\/","logo":{"@type":"ImageObject","inLanguage":"pt-BR","@id":"http:\/\/forotf.com\/pt\/#\/schema\/logo\/image\/","url":"https:\/\/forotf.com\/wp-content\/uploads\/2024\/02\/Oficial-Logo-FTF-Color.svg","contentUrl":"https:\/\/forotf.com\/wp-content\/uploads\/2024\/02\/Oficial-Logo-FTF-Color.svg","width":794,"height":212,"caption":"Foro T\u00e9cnico de Formaci\u00f3n"},"image":{"@id":"http:\/\/forotf.com\/pt\/#\/schema\/logo\/image\/"},"sameAs":["https:\/\/es-es.facebook.com\/forotf\/","https:\/\/www.instagram.com\/ftformacion\/?igshid=MWZjMTM2ODFkZg==","https:\/\/www.linkedin.com\/company\/foro-tecnico-de-formacion\/?originalSubdomain=es","https:\/\/www.youtube.com\/channel\/UCTzzsDUdLaZtfAGiP_ipLIg"]}]}},"publishpress_future_workflow_manual_trigger":{"enabledWorkflows":[]},"_links":{"self":[{"href":"http:\/\/forotf.com\/pt\/wp-json\/wp\/v2\/product\/3417","targetHints":{"allow":["GET"]}}],"collection":[{"href":"http:\/\/forotf.com\/pt\/wp-json\/wp\/v2\/product"}],"about":[{"href":"http:\/\/forotf.com\/pt\/wp-json\/wp\/v2\/types\/product"}],"replies":[{"embeddable":true,"href":"http:\/\/forotf.com\/pt\/wp-json\/wp\/v2\/comments?post=3417"}],"wp:featuredmedia":[{"embeddable":true,"href":"http:\/\/forotf.com\/pt\/wp-json\/wp\/v2\/media\/3418"}],"wp:attachment":[{"href":"http:\/\/forotf.com\/pt\/wp-json\/wp\/v2\/media?parent=3417"}],"wp:term":[{"taxonomy":"product_brand","embeddable":true,"href":"http:\/\/forotf.com\/pt\/wp-json\/wp\/v2\/product_brand?post=3417"},{"taxonomy":"product_cat","embeddable":true,"href":"http:\/\/forotf.com\/pt\/wp-json\/wp\/v2\/product_cat?post=3417"},{"taxonomy":"product_tag","embeddable":true,"href":"http:\/\/forotf.com\/pt\/wp-json\/wp\/v2\/product_tag?post=3417"}],"curies":[{"name":"wp","href":"https:\/\/api.w.org\/{rel}","templated":true}]}}